{"id":12968,"date":"2025-01-15T10:23:24","date_gmt":"2025-01-15T10:23:24","guid":{"rendered":"https:\/\/www.electroluxprofessional.com\/cz\/?page_id=12968"},"modified":"2025-01-15T10:29:26","modified_gmt":"2025-01-15T10:29:26","slug":"skyline-menu-images-generator","status":"publish","type":"page","link":"https:\/\/www.electroluxprofessional.com\/cz\/commercial-kitchen-equipment\/cook-and-chill-2\/skyline-menu-images-generator\/","title":{"rendered":"SkyLine menu images generator"},"content":{"rendered":"<p>[vc_row full_width=&#8221;electroluxpro-full-width-no-padding&#8221;][vc_column][vc_single_image image=&#8221;12963&#8243; img_size=&#8221;2000x350px&#8221;][vc_empty_space][\/vc_column][\/vc_row][vc_row][vc_column][elx_heading font_container=&#8221;h1&#8243; text_color=&#8221;inherit&#8221;]P\u0159izp\u016fsobte si displej na SkyLine[\/elx_heading][\/vc_column][\/vc_row][vc_row][vc_column][vc_column_text]Vytvo\u0159te si vlastn\u00ed ikony, kter\u00e9 budete pou\u017e\u00edvat ve sv\u00fdch za\u0159\u00edzen\u00edch SkyLine, a upravte si vlastn\u00ed obr\u00e1zky nab\u00eddky SkyLine.[\/vc_column_text][\/vc_column][\/vc_row][vc_row][vc_column][elx_o2000_skyline_recipe_images][\/vc_column][\/vc_row][vc_row][vc_column][elx_heading text_color=&#8221;inherit&#8221;]Objevte celou \u0159adu SkyLine[\/elx_heading][\/vc_column][\/vc_row][vc_row][vc_column width=&#8221;1\/3&#8243;][elx_maylike_box id_box=&#8221;1380&#8243;][\/vc_column][vc_column width=&#8221;1\/3&#8243;][elx_maylike_box id_box=&#8221;12965&#8243;][\/vc_column][vc_column width=&#8221;1\/3&#8243;][elx_maylike_box id_box=&#8221;12967&#8243;][\/vc_column][\/vc_row]<\/p>\n","protected":false},"excerpt":{"rendered":"<p>[vc_row full_width=&#8221;electroluxpro-full-width-no-padding&#8221;][vc_column][vc_single_image image=&#8221;12963&#8243; img_size=&#8221;2000x350px&#8221;][vc_empty_space][\/vc_column][\/vc_row][vc_row][vc_column][elx_heading font_container=&#8221;h1&#8243; text_color=&#8221;inherit&#8221;]P\u0159izp\u016fsobte si displej na SkyLine[\/elx_heading][\/vc_column][\/vc_row][vc_row][vc_column][vc_column_text]Vytvo\u0159te si vlastn\u00ed ikony, kter\u00e9 budete pou\u017e\u00edvat ve sv\u00fdch za\u0159\u00edzen\u00edch SkyLine, a upravte si vlastn\u00ed obr\u00e1zky nab\u00eddky SkyLine.[\/vc_column_text][\/vc_column][\/vc_row][vc_row][vc_column][elx_o2000_skyline_recipe_images][\/vc_column][\/vc_row][vc_row][vc_column][elx_heading text_color=&#8221;inherit&#8221;]Objevte celou \u0159adu SkyLine[\/elx_heading][\/vc_column][\/vc_row][vc_row][vc_column width=&#8221;1\/3&#8243;][elx_maylike_box id_box=&#8221;1380&#8243;][\/vc_column][vc_column width=&#8221;1\/3&#8243;][elx_maylike_box id_box=&#8221;12965&#8243;][\/vc_column][vc_column width=&#8221;1\/3&#8243;][elx_maylike_box id_box=&#8221;12967&#8243;][\/vc_column][\/vc_row]<\/p>\n","protected":false},"author":39,"featured_media":0,"parent":4460,"menu_order":0,"comment_status":"closed","ping_status":"closed","template":"","meta":{"footnotes":""},"class_list":["post-12968","page","type-page","status-publish","hentry"],"acf":[],"yoast_head":"<!-- This site is optimized with the Yoast SEO plugin v23.3 - https:\/\/yoast.com\/wordpress\/plugins\/seo\/ -->\n<title>SkyLine menu images generator - Electrolux Professional \u010cesk\u00e1 republika<\/title>\n<meta name=\"description\" content=\"Vytv\u00e1\u0159ejte si vlastn\u00ed obr\u00e1zky nab\u00eddky SkyLine a p\u0159izp\u016fsobte si sv\u00e9 nab\u00eddky. Pomoc\u00ed tohoto n\u00e1stroje od Electrolux Professional budete moci vytv\u00e1\u0159et sv\u00e9 vlastn\u00ed ikony, kter\u00e9 budete pou\u017e\u00edvat ve sv\u00fdch spot\u0159ebi\u010d\u00edch SkyLine.\" \/>\n<meta name=\"robots\" content=\"index, follow, max-snippet:-1, max-image-preview:large, max-video-preview:-1\" \/>\n<link rel=\"canonical\" href=\"https:\/\/www.electroluxprofessional.com\/cz\/commercial-kitchen-equipment\/cook-and-chill-2\/skyline-menu-images-generator\/\" \/>\n<meta property=\"og:locale\" content=\"cs_CZ\" \/>\n<meta property=\"og:type\" content=\"article\" \/>\n<meta property=\"og:title\" content=\"SkyLine menu images generator - Electrolux Professional \u010cesk\u00e1 republika\" \/>\n<meta property=\"og:description\" content=\"Vytv\u00e1\u0159ejte si vlastn\u00ed obr\u00e1zky nab\u00eddky SkyLine a p\u0159izp\u016fsobte si sv\u00e9 nab\u00eddky. Pomoc\u00ed tohoto n\u00e1stroje od Electrolux Professional budete moci vytv\u00e1\u0159et sv\u00e9 vlastn\u00ed ikony, kter\u00e9 budete pou\u017e\u00edvat ve sv\u00fdch spot\u0159ebi\u010d\u00edch SkyLine.\" \/>\n<meta property=\"og:url\" content=\"https:\/\/www.electroluxprofessional.com\/cz\/commercial-kitchen-equipment\/cook-and-chill-2\/skyline-menu-images-generator\/\" \/>\n<meta property=\"og:site_name\" content=\"Electrolux Professional \u010cesk\u00e1 republika\" \/>\n<meta property=\"article:publisher\" content=\"https:\/\/www.facebook.com\/electroluxprofessional\" \/>\n<meta property=\"article:modified_time\" content=\"2025-01-15T10:29:26+00:00\" \/>\n<meta name=\"twitter:card\" content=\"summary_large_image\" \/>\n<meta name=\"twitter:site\" content=\"@ElectroluxPro\" \/>\n<meta name=\"twitter:label1\" content=\"Odhadovan\u00e1 doba \u010dten\u00ed\" \/>\n\t<meta name=\"twitter:data1\" content=\"1 minuta\" \/>\n<script type=\"application\/ld+json\" class=\"yoast-schema-graph\">{\"@context\":\"https:\/\/schema.org\",\"@graph\":[{\"@type\":\"WebPage\",\"@id\":\"https:\/\/www.electroluxprofessional.com\/cz\/commercial-kitchen-equipment\/cook-and-chill-2\/skyline-menu-images-generator\/\",\"url\":\"https:\/\/www.electroluxprofessional.com\/cz\/commercial-kitchen-equipment\/cook-and-chill-2\/skyline-menu-images-generator\/\",\"name\":\"SkyLine menu images generator - Electrolux Professional \u010cesk\u00e1 republika\",\"isPartOf\":{\"@id\":\"https:\/\/www.electroluxprofessional.com\/cz\/#website\"},\"datePublished\":\"2025-01-15T10:23:24+00:00\",\"dateModified\":\"2025-01-15T10:29:26+00:00\",\"description\":\"Vytv\u00e1\u0159ejte si vlastn\u00ed obr\u00e1zky nab\u00eddky SkyLine a p\u0159izp\u016fsobte si sv\u00e9 nab\u00eddky. Pomoc\u00ed tohoto n\u00e1stroje od Electrolux Professional budete moci vytv\u00e1\u0159et sv\u00e9 vlastn\u00ed ikony, kter\u00e9 budete pou\u017e\u00edvat ve sv\u00fdch spot\u0159ebi\u010d\u00edch SkyLine.\",\"breadcrumb\":{\"@id\":\"https:\/\/www.electroluxprofessional.com\/cz\/commercial-kitchen-equipment\/cook-and-chill-2\/skyline-menu-images-generator\/#breadcrumb\"},\"inLanguage\":\"cs\",\"potentialAction\":[{\"@type\":\"ReadAction\",\"target\":[\"https:\/\/www.electroluxprofessional.com\/cz\/commercial-kitchen-equipment\/cook-and-chill-2\/skyline-menu-images-generator\/\"]}]},{\"@type\":\"BreadcrumbList\",\"@id\":\"https:\/\/www.electroluxprofessional.com\/cz\/commercial-kitchen-equipment\/cook-and-chill-2\/skyline-menu-images-generator\/#breadcrumb\",\"itemListElement\":[{\"@type\":\"ListItem\",\"position\":1,\"name\":\"Home\",\"item\":\"https:\/\/www.electroluxprofessional.com\/cz\/\"},{\"@type\":\"ListItem\",\"position\":2,\"name\":\"FoodService &#8211; Gastro\",\"item\":\"https:\/\/www.electroluxprofessional.com\/cz\/commercial-kitchen-equipment\/\"},{\"@type\":\"ListItem\",\"position\":3,\"name\":\"SkyLine Cook and Chill &#8211; Konvektomaty, zchlazova\u010de, zmrazova\u010de\",\"item\":\"https:\/\/www.electroluxprofessional.com\/cz\/commercial-kitchen-equipment\/cook-and-chill-2\/\"},{\"@type\":\"ListItem\",\"position\":4,\"name\":\"SkyLine menu images generator\"}]},{\"@type\":\"WebSite\",\"@id\":\"https:\/\/www.electroluxprofessional.com\/cz\/#website\",\"url\":\"https:\/\/www.electroluxprofessional.com\/cz\/\",\"name\":\"Electrolux Professional \u010cesk\u00e1 republika\",\"description\":\"\",\"potentialAction\":[{\"@type\":\"SearchAction\",\"target\":{\"@type\":\"EntryPoint\",\"urlTemplate\":\"https:\/\/www.electroluxprofessional.com\/cz\/?src={search_term_string}\"},\"query-input\":\"required name=search_term_string\"}],\"inLanguage\":\"cs\"}]}<\/script>\n<!-- \/ Yoast SEO plugin. -->","yoast_head_json":{"title":"SkyLine menu images generator - Electrolux Professional \u010cesk\u00e1 republika","description":"Vytv\u00e1\u0159ejte si vlastn\u00ed obr\u00e1zky nab\u00eddky SkyLine a p\u0159izp\u016fsobte si sv\u00e9 nab\u00eddky. Pomoc\u00ed tohoto n\u00e1stroje od Electrolux Professional budete moci vytv\u00e1\u0159et sv\u00e9 vlastn\u00ed ikony, kter\u00e9 budete pou\u017e\u00edvat ve sv\u00fdch spot\u0159ebi\u010d\u00edch SkyLine.","robots":{"index":"index","follow":"follow","max-snippet":"max-snippet:-1","max-image-preview":"max-image-preview:large","max-video-preview":"max-video-preview:-1"},"canonical":"https:\/\/www.electroluxprofessional.com\/cz\/commercial-kitchen-equipment\/cook-and-chill-2\/skyline-menu-images-generator\/","og_locale":"cs_CZ","og_type":"article","og_title":"SkyLine menu images generator - Electrolux Professional \u010cesk\u00e1 republika","og_description":"Vytv\u00e1\u0159ejte si vlastn\u00ed obr\u00e1zky nab\u00eddky SkyLine a p\u0159izp\u016fsobte si sv\u00e9 nab\u00eddky. Pomoc\u00ed tohoto n\u00e1stroje od Electrolux Professional budete moci vytv\u00e1\u0159et sv\u00e9 vlastn\u00ed ikony, kter\u00e9 budete pou\u017e\u00edvat ve sv\u00fdch spot\u0159ebi\u010d\u00edch SkyLine.","og_url":"https:\/\/www.electroluxprofessional.com\/cz\/commercial-kitchen-equipment\/cook-and-chill-2\/skyline-menu-images-generator\/","og_site_name":"Electrolux Professional \u010cesk\u00e1 republika","article_publisher":"https:\/\/www.facebook.com\/electroluxprofessional","article_modified_time":"2025-01-15T10:29:26+00:00","twitter_card":"summary_large_image","twitter_site":"@ElectroluxPro","twitter_misc":{"Odhadovan\u00e1 doba \u010dten\u00ed":"1 minuta"},"schema":{"@context":"https:\/\/schema.org","@graph":[{"@type":"WebPage","@id":"https:\/\/www.electroluxprofessional.com\/cz\/commercial-kitchen-equipment\/cook-and-chill-2\/skyline-menu-images-generator\/","url":"https:\/\/www.electroluxprofessional.com\/cz\/commercial-kitchen-equipment\/cook-and-chill-2\/skyline-menu-images-generator\/","name":"SkyLine menu images generator - Electrolux Professional \u010cesk\u00e1 republika","isPartOf":{"@id":"https:\/\/www.electroluxprofessional.com\/cz\/#website"},"datePublished":"2025-01-15T10:23:24+00:00","dateModified":"2025-01-15T10:29:26+00:00","description":"Vytv\u00e1\u0159ejte si vlastn\u00ed obr\u00e1zky nab\u00eddky SkyLine a p\u0159izp\u016fsobte si sv\u00e9 nab\u00eddky. Pomoc\u00ed tohoto n\u00e1stroje od Electrolux Professional budete moci vytv\u00e1\u0159et sv\u00e9 vlastn\u00ed ikony, kter\u00e9 budete pou\u017e\u00edvat ve sv\u00fdch spot\u0159ebi\u010d\u00edch SkyLine.","breadcrumb":{"@id":"https:\/\/www.electroluxprofessional.com\/cz\/commercial-kitchen-equipment\/cook-and-chill-2\/skyline-menu-images-generator\/#breadcrumb"},"inLanguage":"cs","potentialAction":[{"@type":"ReadAction","target":["https:\/\/www.electroluxprofessional.com\/cz\/commercial-kitchen-equipment\/cook-and-chill-2\/skyline-menu-images-generator\/"]}]},{"@type":"BreadcrumbList","@id":"https:\/\/www.electroluxprofessional.com\/cz\/commercial-kitchen-equipment\/cook-and-chill-2\/skyline-menu-images-generator\/#breadcrumb","itemListElement":[{"@type":"ListItem","position":1,"name":"Home","item":"https:\/\/www.electroluxprofessional.com\/cz\/"},{"@type":"ListItem","position":2,"name":"FoodService &#8211; Gastro","item":"https:\/\/www.electroluxprofessional.com\/cz\/commercial-kitchen-equipment\/"},{"@type":"ListItem","position":3,"name":"SkyLine Cook and Chill &#8211; Konvektomaty, zchlazova\u010de, zmrazova\u010de","item":"https:\/\/www.electroluxprofessional.com\/cz\/commercial-kitchen-equipment\/cook-and-chill-2\/"},{"@type":"ListItem","position":4,"name":"SkyLine menu images generator"}]},{"@type":"WebSite","@id":"https:\/\/www.electroluxprofessional.com\/cz\/#website","url":"https:\/\/www.electroluxprofessional.com\/cz\/","name":"Electrolux Professional \u010cesk\u00e1 republika","description":"","potentialAction":[{"@type":"SearchAction","target":{"@type":"EntryPoint","urlTemplate":"https:\/\/www.electroluxprofessional.com\/cz\/?src={search_term_string}"},"query-input":"required name=search_term_string"}],"inLanguage":"cs"}]}},"_links":{"self":[{"href":"https:\/\/www.electroluxprofessional.com\/cz\/wp-json\/wp\/v2\/pages\/12968"}],"collection":[{"href":"https:\/\/www.electroluxprofessional.com\/cz\/wp-json\/wp\/v2\/pages"}],"about":[{"href":"https:\/\/www.electroluxprofessional.com\/cz\/wp-json\/wp\/v2\/types\/page"}],"author":[{"embeddable":true,"href":"https:\/\/www.electroluxprofessional.com\/cz\/wp-json\/wp\/v2\/users\/39"}],"replies":[{"embeddable":true,"href":"https:\/\/www.electroluxprofessional.com\/cz\/wp-json\/wp\/v2\/comments?post=12968"}],"version-history":[{"count":3,"href":"https:\/\/www.electroluxprofessional.com\/cz\/wp-json\/wp\/v2\/pages\/12968\/revisions"}],"predecessor-version":[{"id":12971,"href":"https:\/\/www.electroluxprofessional.com\/cz\/wp-json\/wp\/v2\/pages\/12968\/revisions\/12971"}],"up":[{"embeddable":true,"href":"https:\/\/www.electroluxprofessional.com\/cz\/wp-json\/wp\/v2\/pages\/4460"}],"wp:attachment":[{"href":"https:\/\/www.electroluxprofessional.com\/cz\/wp-json\/wp\/v2\/media?parent=12968"}],"curies":[{"name":"wp","href":"https:\/\/api.w.org\/{rel}","templated":true}]}}