{"id":12706,"date":"2024-12-20T17:59:33","date_gmt":"2024-12-20T17:59:33","guid":{"rendered":"https:\/\/www.electroluxprofessional.com\/cz\/?page_id=12706"},"modified":"2025-11-06T09:48:53","modified_gmt":"2025-11-06T09:48:53","slug":"vysokorychlostni-vareni","status":"publish","type":"page","link":"https:\/\/www.electroluxprofessional.com\/cz\/vysokorychlostni-vareni\/","title":{"rendered":"Vysokorychlostn\u00ed va\u0159en\u00ed"},"content":{"rendered":"<p>[vc_row full_width=&#8221;electroluxpro-full-width-no-padding&#8221;][vc_column][elx_image_block background_image=&#8221;12700&#8243; minimum_height=&#8221;400px&#8221;][vc_empty_space][\/vc_column][\/vc_row][vc_row][vc_column][vc_column_text]<\/p>\n<h1><strong>Vysokorychlostn\u00ed va\u0159en\u00ed<\/strong><\/h1>\n<p>[\/vc_column_text][vc_empty_space][\/vc_column][\/vc_row][vc_row][vc_column][vc_column_text]<\/p>\n<h2>Zvy\u0161te produktivitu sv\u00e9 kuchyn\u011b s \u0159e\u0161en\u00edm pro vysokorychlostn\u00ed va\u0159en\u00ed<\/h2>\n<p>V dne\u0161n\u00edm rychle se rozv\u00edjej\u00edc\u00edm potravin\u00e1\u0159sk\u00e9m pr\u016fmyslu je rychlost a kvalita nesmlouvav\u00e1. S <strong>\u0159e\u0161en\u00edmi pro vysokorychlostn\u00ed va\u0159en\u00ed<\/strong> Electrolux Professional od spole\u010dnosti <strong>GourmeXpress<\/strong> a <strong>SpeeDelight<\/strong> m\u016f\u017eete pod\u00e1vat rozmanit\u00e1, vysoce kvalitn\u00ed j\u00eddla rychleji ne\u017e kdy p\u0159edt\u00edm.[\/vc_column_text][vc_empty_space height=&#8221;15px&#8221;][elx_o2000_contact_us form_alignment=&#8221;left&#8221; s=&#8221;Po\u017eadavek z webov\u00fdch str\u00e1nek&#8221; country=&#8221;Czech Republic&#8221; b=&#8221;food&#8221; text_color=&#8221;#14133B&#8221; button_mode=&#8221;true&#8221; button_style=&#8221;secondary-bordered&#8221; postion_button=&#8221;text-left&#8221; postion_button_mobile=&#8221;text-left-mobile&#8221; text_btn_contact=&#8221;Kontaktujte n\u00e1s&#8221;][vc_empty_space height=&#8221;50px&#8221;][\/vc_column][\/vc_row][vc_row][vc_column width=&#8221;1\/6&#8243;][vc_empty_space][\/vc_column][vc_column width=&#8221;2\/6&#8243;][vc_single_image image=&#8221;10635&#8243; img_size=&#8221;medium&#8221; alignment=&#8221;center&#8221;][vc_column_text]<\/p>\n<h3>Vysokorychlostn\u00ed trouba GourmeXpress<\/h3>\n<p>Objevte s\u00edlu GourmeXpress, profesion\u00e1ln\u00ed vysokorychlostn\u00ed trouby, kter\u00e1 zkracuje dobu va\u0159en\u00ed p\u0159i zachov\u00e1n\u00ed perfektn\u00edch v\u00fdsledk\u016f. A\u0165 u\u017e se jedn\u00e1 o ryby, maso, zeleninu, lasagne a dal\u0161\u00ed, GourmeXpress v\u00e1m pom\u016f\u017ee snadno roz\u0161\u00ed\u0159it v\u00e1\u0161 j\u00eddeln\u00ed\u010dek.[\/vc_column_text][vc_empty_space height=&#8221;15px&#8221;][elx_button button_text=&#8221;P\u0159ej\u00edt na produkty&#8221; button_style=&#8221;secondary-bordered&#8221; button_link=&#8221;url:https%3A%2F%2Fwww.electroluxprofessional.com%2Fcz%2Fcommercial-kitchen-equipment%2Fgourmexpress-high-speed-oven%2F%23products|target:_blank&#8221;][vc_empty_space height=&#8221;50px&#8221;][\/vc_column][vc_column width=&#8221;2\/6&#8243;][vc_single_image image=&#8221;12701&#8243; img_size=&#8221;medium&#8221; alignment=&#8221;center&#8221;][vc_column_text]<\/p>\n<h3>Vysokorychlostn\u00ed va\u0159en\u00ed SpeedDelight<\/h3>\n<p>Seznamte se s SpeeDelight, v\u0161estrann\u00fdm vysokorychlostn\u00edm \u0159e\u0161en\u00edm, kter\u00e9 kombinuje p\u0159\u00edm\u00e9 a nep\u0159\u00edm\u00e9 technologie va\u0159en\u00ed pro dokonale k\u0159upav\u00e9 a lahodn\u00e9 ob\u010derstven\u00ed v rekordn\u00edm \u010dase. Jeho energeticky \u00fa\u010dinn\u00fd design a plug-and-play nastaven\u00ed z n\u011bj \u010din\u00ed ide\u00e1ln\u00ed za\u0159\u00edzen\u00ed pro podniky v\u0161ech velikost\u00ed.[\/vc_column_text][vc_empty_space height=&#8221;15px&#8221;][elx_button button_text=&#8221;P\u0159ej\u00edt na produkty&#8221; button_style=&#8221;secondary-bordered&#8221; button_link=&#8221;url:https%3A%2F%2Fwww.electroluxprofessional.com%2Fcz%2Fcommercial-kitchen-equipment%2Fvysokorychlostni-profesionalni-gril-speedelight%2F%23products|target:_blank&#8221;][vc_empty_space height=&#8221;50px&#8221;][\/vc_column][vc_column width=&#8221;1\/6&#8243;][vc_empty_space][\/vc_column][\/vc_row][vc_row custom_color_row=&#8221;bg-row-light-blue&#8221; css=&#8221;.vc_custom_1729151351892{background-color: #e9eff5 !important;}&#8221;][vc_column][elx_features_download title=&#8221;&#8221; tag_title=&#8221;h2&#8243; title_download=&#8221;St\u00e1hnout&#8221; title_position=&#8221;top&#8221; bg_row=&#8221;bg-row-light-blue&#8221; values=&#8221;%5B%7B%22select_type%22%3A%22pride%22%2C%22label_pride_document%22%3A%22GourmeXpress%20bro%C5%BEura%22%2C%22document_type%22%3A%22brochures%22%2C%22br_document_number%22%3A%22BR-9JE00217%22%7D%2C%7B%22select_type%22%3A%22pride%22%2C%22label_pride_document%22%3A%22SpeeDelight%20bro%C5%BEura%22%2C%22document_type%22%3A%22brochures%22%2C%22br_document_number%22%3A%22BR-9JE00128%22%7D%5D&#8221; discover=&#8221;%5B%7B%7D%5D&#8221; features=&#8221;%5B%7B%22icon_electroluxpro%22%3A%22elx-icon%20icon-circle-easy-blue%22%2C%22title_icon%22%3A%22Snadn%C3%A9%20pou%C5%BEit%C3%AD%22%2C%22text_icon%22%3A%22%C5%98e%C5%A1en%C3%AD%20pro%20vysokorychlostn%C3%AD%20va%C5%99en%C3%AD%20od%20Electrolux%20Professional%20zaji%C5%A1%C5%A5uj%C3%AD%20konzistenci%2C%20snadn%C3%A9%20pou%C5%BEit%C3%AD%20a%20v%C5%A1estrannost%20%E2%80%93%20bez%20pot%C5%99eby%20centr%C3%A1ln%C3%AD%20kuchyn%C4%9B.%22%7D%2C%7B%22icon_electroluxpro%22%3A%22elx-icon%20icon-tray%22%2C%22title_icon%22%3A%22%C5%A0irok%C3%A1%20variace%20nab%C3%ADdky%22%2C%22text_icon%22%3A%22Spole%C4%8Dn%C4%9B%20jsou%20%C5%99e%C5%A1en%C3%AD%20pro%20vysokorychlostn%C3%AD%20va%C5%99en%C3%AD%20GourmeXpress%20a%20SpeeDelight%20ide%C3%A1ln%C3%AD%20pro%20mal%C3%A9%20podniky%2C%20kter%C3%A9%20cht%C4%9Bj%C3%AD%20nab%C3%ADdnout%20rozmanitou%20nab%C3%ADdku.%22%7D%2C%7B%22icon_electroluxpro%22%3A%22elx-icon%20icon-watch%22%2C%22title_icon%22%3A%22Pod%C3%A1vejte%20j%C3%ADdlo%20v%20kr%C3%A1tk%C3%A9m%20%C4%8Dase%22%2C%22text_icon%22%3A%22Pro%20vysoce%20produktivn%C3%AD%20kuchyn%C4%9B%20v%C3%A1m%20tato%20%C5%99e%C5%A1en%C3%AD%20vysokorychlostn%C3%ADho%20va%C5%99en%C3%AD%20pomohou%20optimalizovat%20slu%C5%BEby%20a%20snadno%20dodr%C5%BEet%20kr%C3%A1tk%C3%A9%20dodac%C3%AD%20lh%C5%AFty.%22%7D%2C%7B%22icon_electroluxpro%22%3A%22elx-icon%20icon-circle-star-perfomance-blue%22%2C%22title_icon%22%3A%22Konzistence%20v%C3%BDsledk%C5%AF%20va%C5%99en%C3%AD%22%2C%22text_icon%22%3A%22I%20podniky%20s%20%C4%8Dast%C3%BDmi%20zm%C4%9Bnami%20zam%C4%9Bstnanc%C5%AF%20mohou%20snadno%20udr%C5%BEovat%20vysok%C3%A9%20standardy%20a%20konzistentn%C3%AD%20kvalitu%20potravin.%22%7D%5D&#8221;]<\/p>\n<h2>Maximalizujte efektivitu a v\u0161estrannost ovl\u00e1d\u00e1n\u00ed<\/h2>\n<p>[\/elx_features_download][vc_empty_space][\/vc_column][\/vc_row][vc_row][vc_column][vc_empty_space][elx_video_text link_video=&#8221;https:\/\/youtu.be\/U-W5WuWFvyc&#8221; title=&#8221;Sledujte vysokorychlostn\u00ed va\u0159en\u00ed v akci&#8221; bg_row=&#8221;bg-download-blue&#8221; color_text_row=&#8221;text-white&#8221; image_preview=&#8221;12702&#8243;]Vyzkou\u0161ejte na vlastn\u00ed k\u016f\u017ei v\u00fdkon GourmeXpress a SpeeDelight. Pod\u00edvejte se na na\u0161e video, abyste vid\u011bli, jak tato vysokorychlostn\u00ed \u0159e\u0161en\u00ed va\u0159en\u00ed mohou zm\u011bnit efektivitu va\u0161\u00ed kuchyn\u011b a snadno p\u0159ipravovat rychl\u00e9 a vysoce kvalitn\u00ed pokrmy.[\/elx_video_text][vc_empty_space][\/vc_column][\/vc_row][vc_row][vc_column][elx_multiple_columns number_columns=&#8221;4&#8243; tag_title_clm=&#8221;h2&#8243; bg_row=&#8221;bg-download-white&#8221; title=&#8221;Najd\u011bte sv\u00e9 kompletn\u00ed \u0159e\u0161en\u00ed&#8221; values=&#8221;%5B%7B%22image_section%22%3A%2212703%22%2C%22title_section%22%3A%22%3CH3%3EBary%20a%20kav%C3%A1rny%3C%2FH3%3E%22%2C%22text_section%22%3A%22Prozkoumejte%20%C5%99adu%20na%20m%C3%ADru%20%C5%A1it%C3%BDch%20%C5%99e%C5%A1en%C3%AD%20navr%C5%BEen%C3%BDch%20tak%2C%20aby%20vyhovovaly%20jedine%C4%8Dn%C3%BDm%20pot%C5%99eb%C3%A1m%20va%C5%A1eho%20podnik%C3%A1n%C3%AD%20a%20zlep%C5%A1ily%20efektivitu%20a%20spokojenost%20z%C3%A1kazn%C3%ADk%C5%AF.%22%2C%22link_section%22%3A%22url%3Ahttps%253A%252F%252Fwww.electroluxprofessional.com%252Fyour-business%252Fbars-and-cafes%252F%7Ctitle%3A%25C5%2598E%25C5%25A0EN%25C3%258D%2520PRO%2520BARY%2520A%2520KAV%25C3%2581RNY%7Ctarget%3A_blank%22%2C%22button_style%22%3A%22secondary-bordered%22%7D%2C%7B%22image_section%22%3A%2212704%22%2C%22title_section%22%3A%22%3CH3%3ERestaura%C4%8Dn%C3%AD%20%C5%99et%C4%9Bzce%3C%2FH3%3E%22%2C%22text_section%22%3A%22V%C3%BDb%C4%9Brem%20na%C5%A1ich%20%C5%99e%C5%A1en%C3%AD%20z%C3%ADsk%C3%A1te%20flexibilitu%2C%20snadnost%20pou%C5%BEit%C3%AD%20a%20vysok%C3%BD%20v%C3%BDkon%2C%20kter%C3%BD%20spln%C3%AD%20va%C5%A1e%20obchodn%C3%AD%20pot%C5%99eby%20a%20poskytne%20v%C3%BDsledky%20nejvy%C5%A1%C5%A1%C3%AD%20kvality.%22%2C%22link_section%22%3A%22url%3Ahttps%253A%252F%252Fwww.electroluxprofessional.com%252Fyour-business%252Frestaurant-chains%252F%7Ctitle%3A%25C5%2598E%25C5%25A0EN%25C3%258D%2520PRO%2520RESTAURACE%2520%25C5%2598ET%25C4%259AZCE%7Ctarget%3A_blank%22%2C%22button_style%22%3A%22secondary-bordered%22%7D%2C%7B%22image_section%22%3A%2212705%22%2C%22title_section%22%3A%22%3CH3%3EObchod%2C%20doprava%2C%20pr%C5%AFmysl%3C%2FH3%3E%22%2C%22text_section%22%3A%22%C5%98e%C5%A1en%C3%AD%20pro%20z%C3%A1vodn%C3%AD%20j%C3%ADdelny%2C%20kongresov%C3%A1%20centra%2C%20spr%C3%A1vu%20za%C5%99%C3%ADzen%C3%AD%2C%20n%C3%A1mo%C5%99n%C3%AD%20a%20speci%C3%A1ln%C3%AD%20pr%C5%AFmysl.%22%2C%22link_section%22%3A%22url%3Ahttps%253A%252F%252Fwww.electroluxprofessional.com%252Fyour-business%252Fbusiness-transport-industry%252F%7Ctitle%3AZLEP%25C5%25A0ETE%2520SV%25C3%2589%2520PODNIK%25C3%2581N%25C3%258D%7Ctarget%3A_blank%22%2C%22button_style%22%3A%22secondary-bordered%22%7D%5D&#8221;][\/elx_multiple_columns][\/vc_column][\/vc_row][vc_row][vc_column][vc_empty_space][elx_heading font_size=&#8221;h2&#8243; text_color=&#8221;electrolux-blue&#8221; text_align=&#8221;text-center&#8221;]Objevte, jak\u00e1 \u0159e\u0161en\u00ed vysokorychlostn\u00edho va\u0159en\u00ed<br \/>\nm\u016f\u017eete pou\u017e\u00edt pro va\u0161e podnik\u00e1n\u00ed[\/elx_heading][vc_empty_space][elx_o2000_contact_us s=&#8221;Po\u017eadavek z webov\u00fdch str\u00e1nek&#8221; country=&#8221;Czech Republic&#8221; b=&#8221;food&#8221;][\/vc_column][\/vc_row]<\/p>\n","protected":false},"excerpt":{"rendered":"<p>[vc_row full_width=&#8221;electroluxpro-full-width-no-padding&#8221;][vc_column][elx_image_block background_image=&#8221;12700&#8243; minimum_height=&#8221;400px&#8221;][vc_empty_space][\/vc_column][\/vc_row][vc_row][vc_column][vc_column_text] Vysokorychlostn\u00ed va\u0159en\u00ed [\/vc_column_text][vc_empty_space][\/vc_column][\/vc_row][vc_row][vc_column][vc_column_text] Zvy\u0161te produktivitu sv\u00e9 kuchyn\u011b s \u0159e\u0161en\u00edm pro vysokorychlostn\u00ed va\u0159en\u00ed V dne\u0161n\u00edm rychle se rozv\u00edjej\u00edc\u00edm potravin\u00e1\u0159sk\u00e9m pr\u016fmyslu je rychlost a kvalita nesmlouvav\u00e1. S \u0159e\u0161en\u00edmi pro vysokorychlostn\u00ed va\u0159en\u00ed Electrolux Professional od spole\u010dnosti GourmeXpress a SpeeDelight m\u016f\u017eete pod\u00e1vat rozmanit\u00e1, vysoce kvalitn\u00ed j\u00eddla rychleji ne\u017e kdy p\u0159edt\u00edm.[\/vc_column_text][vc_empty_space height=&#8221;15px&#8221;][elx_o2000_contact_us form_alignment=&#8221;left&#8221; s=&#8221;Po\u017eadavek z webov\u00fdch [&hellip;]<\/p>\n","protected":false},"author":39,"featured_media":12699,"parent":0,"menu_order":0,"comment_status":"closed","ping_status":"closed","template":"","meta":{"footnotes":""},"class_list":["post-12706","page","type-page","status-publish","has-post-thumbnail","hentry"],"acf":[],"yoast_head":"<!-- This site is optimized with the Yoast SEO plugin v23.3 - https:\/\/yoast.com\/wordpress\/plugins\/seo\/ -->\n<title>Vysokorychlostn\u00ed va\u0159en\u00ed - Electrolux Professional \u010cesk\u00e1 republika<\/title>\n<meta name=\"description\" content=\"Vysokorychlostn\u00ed va\u0159en\u00ed s \u0159e\u0161en\u00edmi Electrolux Professional pro rychlej\u0161\u00ed a vysoce kvalitn\u00ed j\u00eddla v jak\u00e9koli stravovac\u00ed slu\u017eb\u011b\" \/>\n<meta name=\"robots\" content=\"index, follow, max-snippet:-1, max-image-preview:large, max-video-preview:-1\" \/>\n<link rel=\"canonical\" href=\"https:\/\/www.electroluxprofessional.com\/cz\/vysokorychlostni-vareni\/\" \/>\n<meta property=\"og:locale\" content=\"cs_CZ\" \/>\n<meta property=\"og:type\" content=\"article\" \/>\n<meta property=\"og:title\" content=\"Vysokorychlostn\u00ed va\u0159en\u00ed - Electrolux Professional \u010cesk\u00e1 republika\" \/>\n<meta property=\"og:description\" content=\"Vysokorychlostn\u00ed va\u0159en\u00ed s \u0159e\u0161en\u00edmi Electrolux Professional pro rychlej\u0161\u00ed a vysoce kvalitn\u00ed j\u00eddla v jak\u00e9koli stravovac\u00ed slu\u017eb\u011b\" \/>\n<meta property=\"og:url\" content=\"https:\/\/www.electroluxprofessional.com\/cz\/vysokorychlostni-vareni\/\" \/>\n<meta property=\"og:site_name\" content=\"Electrolux Professional \u010cesk\u00e1 republika\" \/>\n<meta property=\"article:publisher\" content=\"https:\/\/www.facebook.com\/electroluxprofessional\" \/>\n<meta property=\"article:modified_time\" content=\"2025-11-06T09:48:53+00:00\" \/>\n<meta property=\"og:image\" content=\"https:\/\/www.electroluxprofessional.com\/cz\/wp-content\/uploads\/2024\/12\/High-Speed-Cooking-600x600-1.jpg\" \/>\n\t<meta property=\"og:image:width\" content=\"600\" \/>\n\t<meta property=\"og:image:height\" content=\"600\" \/>\n\t<meta property=\"og:image:type\" content=\"image\/jpeg\" \/>\n<meta name=\"twitter:card\" content=\"summary_large_image\" \/>\n<meta name=\"twitter:site\" content=\"@ElectroluxPro\" \/>\n<meta name=\"twitter:label1\" content=\"Odhadovan\u00e1 doba \u010dten\u00ed\" \/>\n\t<meta name=\"twitter:data1\" content=\"3 minuty\" \/>\n<script type=\"application\/ld+json\" class=\"yoast-schema-graph\">{\"@context\":\"https:\/\/schema.org\",\"@graph\":[{\"@type\":\"WebPage\",\"@id\":\"https:\/\/www.electroluxprofessional.com\/cz\/vysokorychlostni-vareni\/\",\"url\":\"https:\/\/www.electroluxprofessional.com\/cz\/vysokorychlostni-vareni\/\",\"name\":\"Vysokorychlostn\u00ed va\u0159en\u00ed - Electrolux Professional \u010cesk\u00e1 republika\",\"isPartOf\":{\"@id\":\"https:\/\/www.electroluxprofessional.com\/cz\/#website\"},\"primaryImageOfPage\":{\"@id\":\"https:\/\/www.electroluxprofessional.com\/cz\/vysokorychlostni-vareni\/#primaryimage\"},\"image\":{\"@id\":\"https:\/\/www.electroluxprofessional.com\/cz\/vysokorychlostni-vareni\/#primaryimage\"},\"thumbnailUrl\":\"https:\/\/www.electroluxprofessional.com\/cz\/wp-content\/uploads\/2024\/12\/High-Speed-Cooking-600x600-1.jpg\",\"datePublished\":\"2024-12-20T17:59:33+00:00\",\"dateModified\":\"2025-11-06T09:48:53+00:00\",\"description\":\"Vysokorychlostn\u00ed va\u0159en\u00ed s \u0159e\u0161en\u00edmi Electrolux Professional pro rychlej\u0161\u00ed a vysoce kvalitn\u00ed j\u00eddla v jak\u00e9koli stravovac\u00ed slu\u017eb\u011b\",\"breadcrumb\":{\"@id\":\"https:\/\/www.electroluxprofessional.com\/cz\/vysokorychlostni-vareni\/#breadcrumb\"},\"inLanguage\":\"cs\",\"potentialAction\":[{\"@type\":\"ReadAction\",\"target\":[\"https:\/\/www.electroluxprofessional.com\/cz\/vysokorychlostni-vareni\/\"]}]},{\"@type\":\"ImageObject\",\"inLanguage\":\"cs\",\"@id\":\"https:\/\/www.electroluxprofessional.com\/cz\/vysokorychlostni-vareni\/#primaryimage\",\"url\":\"https:\/\/www.electroluxprofessional.com\/cz\/wp-content\/uploads\/2024\/12\/High-Speed-Cooking-600x600-1.jpg\",\"contentUrl\":\"https:\/\/www.electroluxprofessional.com\/cz\/wp-content\/uploads\/2024\/12\/High-Speed-Cooking-600x600-1.jpg\",\"width\":600,\"height\":600},{\"@type\":\"BreadcrumbList\",\"@id\":\"https:\/\/www.electroluxprofessional.com\/cz\/vysokorychlostni-vareni\/#breadcrumb\",\"itemListElement\":[{\"@type\":\"ListItem\",\"position\":1,\"name\":\"Home\",\"item\":\"https:\/\/www.electroluxprofessional.com\/cz\/\"},{\"@type\":\"ListItem\",\"position\":2,\"name\":\"Vysokorychlostn\u00ed va\u0159en\u00ed\"}]},{\"@type\":\"WebSite\",\"@id\":\"https:\/\/www.electroluxprofessional.com\/cz\/#website\",\"url\":\"https:\/\/www.electroluxprofessional.com\/cz\/\",\"name\":\"Electrolux Professional \u010cesk\u00e1 republika\",\"description\":\"\",\"potentialAction\":[{\"@type\":\"SearchAction\",\"target\":{\"@type\":\"EntryPoint\",\"urlTemplate\":\"https:\/\/www.electroluxprofessional.com\/cz\/?src={search_term_string}\"},\"query-input\":\"required name=search_term_string\"}],\"inLanguage\":\"cs\"}]}<\/script>\n<!-- \/ Yoast SEO plugin. -->","yoast_head_json":{"title":"Vysokorychlostn\u00ed va\u0159en\u00ed - Electrolux Professional \u010cesk\u00e1 republika","description":"Vysokorychlostn\u00ed va\u0159en\u00ed s \u0159e\u0161en\u00edmi Electrolux Professional pro rychlej\u0161\u00ed a vysoce kvalitn\u00ed j\u00eddla v jak\u00e9koli stravovac\u00ed slu\u017eb\u011b","robots":{"index":"index","follow":"follow","max-snippet":"max-snippet:-1","max-image-preview":"max-image-preview:large","max-video-preview":"max-video-preview:-1"},"canonical":"https:\/\/www.electroluxprofessional.com\/cz\/vysokorychlostni-vareni\/","og_locale":"cs_CZ","og_type":"article","og_title":"Vysokorychlostn\u00ed va\u0159en\u00ed - Electrolux Professional \u010cesk\u00e1 republika","og_description":"Vysokorychlostn\u00ed va\u0159en\u00ed s \u0159e\u0161en\u00edmi Electrolux Professional pro rychlej\u0161\u00ed a vysoce kvalitn\u00ed j\u00eddla v jak\u00e9koli stravovac\u00ed slu\u017eb\u011b","og_url":"https:\/\/www.electroluxprofessional.com\/cz\/vysokorychlostni-vareni\/","og_site_name":"Electrolux Professional \u010cesk\u00e1 republika","article_publisher":"https:\/\/www.facebook.com\/electroluxprofessional","article_modified_time":"2025-11-06T09:48:53+00:00","og_image":[{"width":600,"height":600,"url":"https:\/\/www.electroluxprofessional.com\/cz\/wp-content\/uploads\/2024\/12\/High-Speed-Cooking-600x600-1.jpg","type":"image\/jpeg"}],"twitter_card":"summary_large_image","twitter_site":"@ElectroluxPro","twitter_misc":{"Odhadovan\u00e1 doba \u010dten\u00ed":"3 minuty"},"schema":{"@context":"https:\/\/schema.org","@graph":[{"@type":"WebPage","@id":"https:\/\/www.electroluxprofessional.com\/cz\/vysokorychlostni-vareni\/","url":"https:\/\/www.electroluxprofessional.com\/cz\/vysokorychlostni-vareni\/","name":"Vysokorychlostn\u00ed va\u0159en\u00ed - Electrolux Professional \u010cesk\u00e1 republika","isPartOf":{"@id":"https:\/\/www.electroluxprofessional.com\/cz\/#website"},"primaryImageOfPage":{"@id":"https:\/\/www.electroluxprofessional.com\/cz\/vysokorychlostni-vareni\/#primaryimage"},"image":{"@id":"https:\/\/www.electroluxprofessional.com\/cz\/vysokorychlostni-vareni\/#primaryimage"},"thumbnailUrl":"https:\/\/www.electroluxprofessional.com\/cz\/wp-content\/uploads\/2024\/12\/High-Speed-Cooking-600x600-1.jpg","datePublished":"2024-12-20T17:59:33+00:00","dateModified":"2025-11-06T09:48:53+00:00","description":"Vysokorychlostn\u00ed va\u0159en\u00ed s \u0159e\u0161en\u00edmi Electrolux Professional pro rychlej\u0161\u00ed a vysoce kvalitn\u00ed j\u00eddla v jak\u00e9koli stravovac\u00ed slu\u017eb\u011b","breadcrumb":{"@id":"https:\/\/www.electroluxprofessional.com\/cz\/vysokorychlostni-vareni\/#breadcrumb"},"inLanguage":"cs","potentialAction":[{"@type":"ReadAction","target":["https:\/\/www.electroluxprofessional.com\/cz\/vysokorychlostni-vareni\/"]}]},{"@type":"ImageObject","inLanguage":"cs","@id":"https:\/\/www.electroluxprofessional.com\/cz\/vysokorychlostni-vareni\/#primaryimage","url":"https:\/\/www.electroluxprofessional.com\/cz\/wp-content\/uploads\/2024\/12\/High-Speed-Cooking-600x600-1.jpg","contentUrl":"https:\/\/www.electroluxprofessional.com\/cz\/wp-content\/uploads\/2024\/12\/High-Speed-Cooking-600x600-1.jpg","width":600,"height":600},{"@type":"BreadcrumbList","@id":"https:\/\/www.electroluxprofessional.com\/cz\/vysokorychlostni-vareni\/#breadcrumb","itemListElement":[{"@type":"ListItem","position":1,"name":"Home","item":"https:\/\/www.electroluxprofessional.com\/cz\/"},{"@type":"ListItem","position":2,"name":"Vysokorychlostn\u00ed va\u0159en\u00ed"}]},{"@type":"WebSite","@id":"https:\/\/www.electroluxprofessional.com\/cz\/#website","url":"https:\/\/www.electroluxprofessional.com\/cz\/","name":"Electrolux Professional \u010cesk\u00e1 republika","description":"","potentialAction":[{"@type":"SearchAction","target":{"@type":"EntryPoint","urlTemplate":"https:\/\/www.electroluxprofessional.com\/cz\/?src={search_term_string}"},"query-input":"required name=search_term_string"}],"inLanguage":"cs"}]}},"_links":{"self":[{"href":"https:\/\/www.electroluxprofessional.com\/cz\/wp-json\/wp\/v2\/pages\/12706"}],"collection":[{"href":"https:\/\/www.electroluxprofessional.com\/cz\/wp-json\/wp\/v2\/pages"}],"about":[{"href":"https:\/\/www.electroluxprofessional.com\/cz\/wp-json\/wp\/v2\/types\/page"}],"author":[{"embeddable":true,"href":"https:\/\/www.electroluxprofessional.com\/cz\/wp-json\/wp\/v2\/users\/39"}],"replies":[{"embeddable":true,"href":"https:\/\/www.electroluxprofessional.com\/cz\/wp-json\/wp\/v2\/comments?post=12706"}],"version-history":[{"count":14,"href":"https:\/\/www.electroluxprofessional.com\/cz\/wp-json\/wp\/v2\/pages\/12706\/revisions"}],"predecessor-version":[{"id":13957,"href":"https:\/\/www.electroluxprofessional.com\/cz\/wp-json\/wp\/v2\/pages\/12706\/revisions\/13957"}],"wp:featuredmedia":[{"embeddable":true,"href":"https:\/\/www.electroluxprofessional.com\/cz\/wp-json\/wp\/v2\/media\/12699"}],"wp:attachment":[{"href":"https:\/\/www.electroluxprofessional.com\/cz\/wp-json\/wp\/v2\/media?parent=12706"}],"curies":[{"name":"wp","href":"https:\/\/api.w.org\/{rel}","templated":true}]}}