{"id":1250,"date":"2016-05-02T12:24:37","date_gmt":"2016-05-02T11:24:37","guid":{"rendered":"https:\/\/www.electroluxprofessional.com\/cz\/?page_id=1250"},"modified":"2025-02-13T13:20:29","modified_gmt":"2025-02-13T13:20:29","slug":"sales-and-service-locator","status":"publish","type":"page","link":"https:\/\/www.electroluxprofessional.com\/cz\/sales-and-service-locator\/","title":{"rendered":"Hledat Autorizovan\u00e9 partnery"},"content":{"rendered":"<p>[vc_row full_width=&#8221;electroluxpro-full-width-no-padding&#8221;][vc_column][elx_hero_title label=&#8221;&#8221; background_image=&#8221;637&#8243;][elx_heading font_container=&#8221;h1&#8243; font_size=&#8221;h3&#8243; text_color=&#8221;white&#8221;]Vyhled\u00e1v\u00e1n\u00ed Electrolux Professional Partner\u016f[\/elx_heading][\/elx_hero_title][\/vc_column][\/vc_row][vc_row][vc_column][vc_empty_space][elx_o2000_locator cf=&#8221;Czech Republic&#8221; l=&#8221;cz&#8221; request=&#8221;Cht\u011bl\/a bych se dozv\u011bd\u011bt v\u00edce {{acs}}. Kontaktujte n\u00e1s pros\u00edm.&#8221;][vc_empty_space][\/vc_column][\/vc_row][vc_row custom_color_row=&#8221;bg-row-light-blue&#8221; css=&#8221;.vc_custom_1739176875824{background-color: #e9eff5 !important;}&#8221;][vc_column][vc_empty_space][elx_heading font_size=&#8221;h4&#8243; text_color=&#8221;electrolux-blue&#8221; text_align=&#8221;text-left&#8221;]Sta\u0148te se certifikovan\u00fdm servisn\u00edm partnerem!  [\/elx_heading][vc_empty_space height=&#8221;10px&#8221;][vc_column_text]<span class=\"TextRun SCXW201025460 BCX0\" data-contrast=\"none\"><span class=\"NormalTextRun SCXW201025460 BCX0\">P\u0159ipojte se k na\u0161\u00ed certifikovan\u00e9 servisn\u00ed s\u00edti! Roz\u0161i\u0159te sv\u00e9 podnik\u00e1n\u00ed t\u00edm, \u017ee se stanete autorizovan\u00fdm servisn\u00edm partnerem. Z\u00edskejte p\u0159\u00edstup k exkluzivn\u00edmu \u0161kolen\u00ed, podpo\u0159e a p\u0159\u00edle\u017eitostem k r\u016fstu.\u00a0<\/span><\/span><span class=\"EOP SCXW201025460 BCX0\" data-ccp-props=\"{&quot;134233117&quot;:true,&quot;201341983&quot;:0,&quot;335557856&quot;:16777215,&quot;335559739&quot;:0,&quot;335559740&quot;:240}\">\u00a0<\/span>[\/vc_column_text][vc_empty_space height=&#8221;25px&#8221;][elx_o2000_contact_us request_type=&#8221;Customer support&#8221; button_mode=&#8221;true&#8221; button_style=&#8221;secondary&#8221; postion_button=&#8221;text-left&#8221; postion_button_mobile=&#8221;text-left-mobile&#8221; text_btn_contact=&#8221;P\u0159ihlaste se je\u0161t\u011b dnes! &#8221; r=&#8221;R\u00e1d bych byl kontaktov\u00e1n, abych se stal va\u0161\u00edm servisn\u00edm partnerem. D\u011bkuji.&#8221;][vc_empty_space height=&#8221;40px&#8221;][\/vc_column][\/vc_row]<\/p>\n","protected":false},"excerpt":{"rendered":"<p>[vc_row full_width=&#8221;electroluxpro-full-width-no-padding&#8221;][vc_column][elx_hero_title label=&#8221;&#8221; background_image=&#8221;637&#8243;][elx_heading font_container=&#8221;h1&#8243; font_size=&#8221;h3&#8243; text_color=&#8221;white&#8221;]Vyhled\u00e1v\u00e1n\u00ed Electrolux Professional Partner\u016f[\/elx_heading][\/elx_hero_title][\/vc_column][\/vc_row][vc_row][vc_column][vc_empty_space][elx_o2000_locator cf=&#8221;Czech Republic&#8221; l=&#8221;cz&#8221; request=&#8221;Cht\u011bl\/a bych se dozv\u011bd\u011bt v\u00edce {{acs}}. Kontaktujte n\u00e1s pros\u00edm.&#8221;][vc_empty_space][\/vc_column][\/vc_row][vc_row custom_color_row=&#8221;bg-row-light-blue&#8221; css=&#8221;.vc_custom_1739176875824{background-color: #e9eff5 !important;}&#8221;][vc_column][vc_empty_space][elx_heading font_size=&#8221;h4&#8243; text_color=&#8221;electrolux-blue&#8221; text_align=&#8221;text-left&#8221;]Sta\u0148te se certifikovan\u00fdm servisn\u00edm partnerem! [\/elx_heading][vc_empty_space height=&#8221;10px&#8221;][vc_column_text]P\u0159ipojte se k na\u0161\u00ed certifikovan\u00e9 servisn\u00ed s\u00edti! Roz\u0161i\u0159te sv\u00e9 podnik\u00e1n\u00ed t\u00edm, \u017ee se stanete autorizovan\u00fdm servisn\u00edm partnerem. Z\u00edskejte p\u0159\u00edstup k exkluzivn\u00edmu [&hellip;]<\/p>\n","protected":false},"author":3,"featured_media":0,"parent":0,"menu_order":0,"comment_status":"closed","ping_status":"closed","template":"","meta":{"footnotes":""},"class_list":["post-1250","page","type-page","status-publish","hentry"],"acf":[],"yoast_head":"<!-- This site is optimized with the Yoast SEO plugin v23.3 - https:\/\/yoast.com\/wordpress\/plugins\/seo\/ -->\n<title>Hledat Autorizovan\u00e9 partnery - Electrolux Professional \u010cesk\u00e1 republika<\/title>\n<meta name=\"robots\" content=\"index, follow, max-snippet:-1, max-image-preview:large, max-video-preview:-1\" \/>\n<link rel=\"canonical\" href=\"https:\/\/www.electroluxprofessional.com\/cz\/sales-and-service-locator\/\" \/>\n<meta property=\"og:locale\" content=\"cs_CZ\" \/>\n<meta property=\"og:type\" content=\"article\" \/>\n<meta property=\"og:title\" content=\"Hledat Autorizovan\u00e9 partnery - Electrolux Professional \u010cesk\u00e1 republika\" \/>\n<meta property=\"og:description\" content=\"[vc_row full_width=&#8221;electroluxpro-full-width-no-padding&#8221;][vc_column][elx_hero_title label=&#8221;&#8221; background_image=&#8221;637&#8243;][elx_heading font_container=&#8221;h1&#8243; font_size=&#8221;h3&#8243; text_color=&#8221;white&#8221;]Vyhled\u00e1v\u00e1n\u00ed Electrolux Professional Partner\u016f[\/elx_heading][\/elx_hero_title][\/vc_column][\/vc_row][vc_row][vc_column][vc_empty_space][elx_o2000_locator cf=&#8221;Czech Republic&#8221; l=&#8221;cz&#8221; request=&#8221;Cht\u011bl\/a bych se dozv\u011bd\u011bt v\u00edce {{acs}}. Kontaktujte n\u00e1s pros\u00edm.&#8221;][vc_empty_space][\/vc_column][\/vc_row][vc_row custom_color_row=&#8221;bg-row-light-blue&#8221; css=&#8221;.vc_custom_1739176875824{background-color: #e9eff5 !important;}&#8221;][vc_column][vc_empty_space][elx_heading font_size=&#8221;h4&#8243; text_color=&#8221;electrolux-blue&#8221; text_align=&#8221;text-left&#8221;]Sta\u0148te se certifikovan\u00fdm servisn\u00edm partnerem! [\/elx_heading][vc_empty_space height=&#8221;10px&#8221;][vc_column_text]P\u0159ipojte se k na\u0161\u00ed certifikovan\u00e9 servisn\u00ed s\u00edti! Roz\u0161i\u0159te sv\u00e9 podnik\u00e1n\u00ed t\u00edm, \u017ee se stanete autorizovan\u00fdm servisn\u00edm partnerem. Z\u00edskejte p\u0159\u00edstup k exkluzivn\u00edmu [&hellip;]\" \/>\n<meta property=\"og:url\" content=\"https:\/\/www.electroluxprofessional.com\/cz\/sales-and-service-locator\/\" \/>\n<meta property=\"og:site_name\" content=\"Electrolux Professional \u010cesk\u00e1 republika\" \/>\n<meta property=\"article:publisher\" content=\"https:\/\/www.facebook.com\/electroluxprofessional\" \/>\n<meta property=\"article:modified_time\" content=\"2025-02-13T13:20:29+00:00\" \/>\n<meta name=\"twitter:card\" content=\"summary_large_image\" \/>\n<meta name=\"twitter:site\" content=\"@ElectroluxPro\" \/>\n<meta name=\"twitter:label1\" content=\"Odhadovan\u00e1 doba \u010dten\u00ed\" \/>\n\t<meta name=\"twitter:data1\" content=\"1 minuta\" \/>\n<script type=\"application\/ld+json\" class=\"yoast-schema-graph\">{\"@context\":\"https:\/\/schema.org\",\"@graph\":[{\"@type\":\"WebPage\",\"@id\":\"https:\/\/www.electroluxprofessional.com\/cz\/sales-and-service-locator\/\",\"url\":\"https:\/\/www.electroluxprofessional.com\/cz\/sales-and-service-locator\/\",\"name\":\"Hledat Autorizovan\u00e9 partnery - Electrolux Professional \u010cesk\u00e1 republika\",\"isPartOf\":{\"@id\":\"https:\/\/www.electroluxprofessional.com\/cz\/#website\"},\"datePublished\":\"2016-05-02T11:24:37+00:00\",\"dateModified\":\"2025-02-13T13:20:29+00:00\",\"breadcrumb\":{\"@id\":\"https:\/\/www.electroluxprofessional.com\/cz\/sales-and-service-locator\/#breadcrumb\"},\"inLanguage\":\"cs\",\"potentialAction\":[{\"@type\":\"ReadAction\",\"target\":[\"https:\/\/www.electroluxprofessional.com\/cz\/sales-and-service-locator\/\"]}]},{\"@type\":\"BreadcrumbList\",\"@id\":\"https:\/\/www.electroluxprofessional.com\/cz\/sales-and-service-locator\/#breadcrumb\",\"itemListElement\":[{\"@type\":\"ListItem\",\"position\":1,\"name\":\"Home\",\"item\":\"https:\/\/www.electroluxprofessional.com\/cz\/\"},{\"@type\":\"ListItem\",\"position\":2,\"name\":\"Hledat Autorizovan\u00e9 partnery\"}]},{\"@type\":\"WebSite\",\"@id\":\"https:\/\/www.electroluxprofessional.com\/cz\/#website\",\"url\":\"https:\/\/www.electroluxprofessional.com\/cz\/\",\"name\":\"Electrolux Professional \u010cesk\u00e1 republika\",\"description\":\"\",\"potentialAction\":[{\"@type\":\"SearchAction\",\"target\":{\"@type\":\"EntryPoint\",\"urlTemplate\":\"https:\/\/www.electroluxprofessional.com\/cz\/?src={search_term_string}\"},\"query-input\":\"required name=search_term_string\"}],\"inLanguage\":\"cs\"}]}<\/script>\n<!-- \/ Yoast SEO plugin. -->","yoast_head_json":{"title":"Hledat Autorizovan\u00e9 partnery - Electrolux Professional \u010cesk\u00e1 republika","robots":{"index":"index","follow":"follow","max-snippet":"max-snippet:-1","max-image-preview":"max-image-preview:large","max-video-preview":"max-video-preview:-1"},"canonical":"https:\/\/www.electroluxprofessional.com\/cz\/sales-and-service-locator\/","og_locale":"cs_CZ","og_type":"article","og_title":"Hledat Autorizovan\u00e9 partnery - Electrolux Professional \u010cesk\u00e1 republika","og_description":"[vc_row full_width=&#8221;electroluxpro-full-width-no-padding&#8221;][vc_column][elx_hero_title label=&#8221;&#8221; background_image=&#8221;637&#8243;][elx_heading font_container=&#8221;h1&#8243; font_size=&#8221;h3&#8243; text_color=&#8221;white&#8221;]Vyhled\u00e1v\u00e1n\u00ed Electrolux Professional Partner\u016f[\/elx_heading][\/elx_hero_title][\/vc_column][\/vc_row][vc_row][vc_column][vc_empty_space][elx_o2000_locator cf=&#8221;Czech Republic&#8221; l=&#8221;cz&#8221; request=&#8221;Cht\u011bl\/a bych se dozv\u011bd\u011bt v\u00edce {{acs}}. Kontaktujte n\u00e1s pros\u00edm.&#8221;][vc_empty_space][\/vc_column][\/vc_row][vc_row custom_color_row=&#8221;bg-row-light-blue&#8221; css=&#8221;.vc_custom_1739176875824{background-color: #e9eff5 !important;}&#8221;][vc_column][vc_empty_space][elx_heading font_size=&#8221;h4&#8243; text_color=&#8221;electrolux-blue&#8221; text_align=&#8221;text-left&#8221;]Sta\u0148te se certifikovan\u00fdm servisn\u00edm partnerem! [\/elx_heading][vc_empty_space height=&#8221;10px&#8221;][vc_column_text]P\u0159ipojte se k na\u0161\u00ed certifikovan\u00e9 servisn\u00ed s\u00edti! Roz\u0161i\u0159te sv\u00e9 podnik\u00e1n\u00ed t\u00edm, \u017ee se stanete autorizovan\u00fdm servisn\u00edm partnerem. Z\u00edskejte p\u0159\u00edstup k exkluzivn\u00edmu [&hellip;]","og_url":"https:\/\/www.electroluxprofessional.com\/cz\/sales-and-service-locator\/","og_site_name":"Electrolux Professional \u010cesk\u00e1 republika","article_publisher":"https:\/\/www.facebook.com\/electroluxprofessional","article_modified_time":"2025-02-13T13:20:29+00:00","twitter_card":"summary_large_image","twitter_site":"@ElectroluxPro","twitter_misc":{"Odhadovan\u00e1 doba \u010dten\u00ed":"1 minuta"},"schema":{"@context":"https:\/\/schema.org","@graph":[{"@type":"WebPage","@id":"https:\/\/www.electroluxprofessional.com\/cz\/sales-and-service-locator\/","url":"https:\/\/www.electroluxprofessional.com\/cz\/sales-and-service-locator\/","name":"Hledat Autorizovan\u00e9 partnery - Electrolux Professional \u010cesk\u00e1 republika","isPartOf":{"@id":"https:\/\/www.electroluxprofessional.com\/cz\/#website"},"datePublished":"2016-05-02T11:24:37+00:00","dateModified":"2025-02-13T13:20:29+00:00","breadcrumb":{"@id":"https:\/\/www.electroluxprofessional.com\/cz\/sales-and-service-locator\/#breadcrumb"},"inLanguage":"cs","potentialAction":[{"@type":"ReadAction","target":["https:\/\/www.electroluxprofessional.com\/cz\/sales-and-service-locator\/"]}]},{"@type":"BreadcrumbList","@id":"https:\/\/www.electroluxprofessional.com\/cz\/sales-and-service-locator\/#breadcrumb","itemListElement":[{"@type":"ListItem","position":1,"name":"Home","item":"https:\/\/www.electroluxprofessional.com\/cz\/"},{"@type":"ListItem","position":2,"name":"Hledat Autorizovan\u00e9 partnery"}]},{"@type":"WebSite","@id":"https:\/\/www.electroluxprofessional.com\/cz\/#website","url":"https:\/\/www.electroluxprofessional.com\/cz\/","name":"Electrolux Professional \u010cesk\u00e1 republika","description":"","potentialAction":[{"@type":"SearchAction","target":{"@type":"EntryPoint","urlTemplate":"https:\/\/www.electroluxprofessional.com\/cz\/?src={search_term_string}"},"query-input":"required name=search_term_string"}],"inLanguage":"cs"}]}},"_links":{"self":[{"href":"https:\/\/www.electroluxprofessional.com\/cz\/wp-json\/wp\/v2\/pages\/1250"}],"collection":[{"href":"https:\/\/www.electroluxprofessional.com\/cz\/wp-json\/wp\/v2\/pages"}],"about":[{"href":"https:\/\/www.electroluxprofessional.com\/cz\/wp-json\/wp\/v2\/types\/page"}],"author":[{"embeddable":true,"href":"https:\/\/www.electroluxprofessional.com\/cz\/wp-json\/wp\/v2\/users\/3"}],"replies":[{"embeddable":true,"href":"https:\/\/www.electroluxprofessional.com\/cz\/wp-json\/wp\/v2\/comments?post=1250"}],"version-history":[{"count":21,"href":"https:\/\/www.electroluxprofessional.com\/cz\/wp-json\/wp\/v2\/pages\/1250\/revisions"}],"predecessor-version":[{"id":13205,"href":"https:\/\/www.electroluxprofessional.com\/cz\/wp-json\/wp\/v2\/pages\/1250\/revisions\/13205"}],"wp:attachment":[{"href":"https:\/\/www.electroluxprofessional.com\/cz\/wp-json\/wp\/v2\/media?parent=1250"}],"curies":[{"name":"wp","href":"https:\/\/api.w.org\/{rel}","templated":true}]}}