{"id":12452,"date":"2024-11-06T09:25:19","date_gmt":"2024-11-06T09:25:19","guid":{"rendered":"https:\/\/www.electroluxprofessional.com\/cz\/?page_id=12452"},"modified":"2026-02-19T10:29:56","modified_gmt":"2026-02-19T10:29:56","slug":"neoblue-mycka-skla","status":"publish","type":"page","link":"https:\/\/www.electroluxprofessional.com\/cz\/neoblue-mycka-skla\/","title":{"rendered":"NeoBlue my\u010dka skla"},"content":{"rendered":"<p>[vc_row full_width=&#8221;electroluxpro-full-width-no-padding&#8221; el_id=&#8221;banner&#8221;][vc_column][elx_image_block is_full_height=&#8221;full-height&#8221; background_image=&#8221;12447&#8243; minimum_height=&#8221;350px&#8221;][\/vc_column][\/vc_row][vc_row][vc_column][vc_empty_space][elx_text_image tag_title=&#8221;h1&#8243; number_images=&#8221;2&#8243; style_image=&#8221;image_square&#8221; bg_row=&#8221;bg-download-white&#8221; title=&#8221;NeoBlue my\u010dka skla:<br \/>\nmaxim\u00e1ln\u00ed v\u00fdsledky v minim\u00e1ln\u00edm prostoru&#8221; lists=&#8221;%5B%7B%7D%5D&#8221; values=&#8221;%5B%5D&#8221; double_image_1=&#8221;12446&#8243;]P\u0159edstavujeme<strong> profesion\u00e1ln\u00ed my\u010dku skla Electrolux Professional NeoBlue, navr\u017eenou speci\u00e1ln\u011b pro men\u0161\u00ed provozy<\/strong>. Tento<strong> jednopl\u00e1\u0161\u0165ov\u00fd model<\/strong> zaji\u0161\u0165uje \u00fasp\u011bch va\u0161eho podnik\u00e1n\u00ed bez ohledu na prostorov\u00e9 limity, se z\u00e1suvnou v\u00fd\u0161kou 290 mm, kter\u00e1 snadno pojme vysok\u00e9 sklenice.<\/p>\n<p>S my\u010dkou NeoBlue je provoz jednodu\u0161\u0161\u00ed ne\u017e kdy jindy. Je pot\u0159eba <strong>minim\u00e1ln\u00ed \u0161kolen\u00ed d\u00edky u\u017eivatelsky p\u0159\u00edv\u011btiv\u00e9mu a ergonomick\u00e9mu designu<\/strong>. Vyberte si ze <strong>\u010dty\u0159 program\u016f<\/strong>, kter\u00e9 vyhovuj\u00ed va\u0161im po\u017eadavk\u016fm, a z\u00edskejte v\u011bt\u0161\u00ed flexibilitu. Snadno sledujte stav pomoc\u00ed <strong>hlavn\u00edho barevn\u00e9ho tla\u010d\u00edtka<\/strong>, zat\u00edmco dal\u0161\u00ed tla\u010d\u00edtka na displeji poskytuj\u00ed komplexn\u00ed kontrolu.[\/elx_text_image][elx_o2000_contact_us s=&#8221;Po\u017eadavek z webov\u00fdch str\u00e1nek&#8221; country=&#8221;Czech Republic&#8221; b=&#8221;food&#8221; button_mode=&#8221;true&#8221; button_style=&#8221;secondary-bordered&#8221; postion_button=&#8221;text-left&#8221; postion_button_mobile=&#8221;text-left-mobile&#8221; text_btn_contact=&#8221;Kontaktujte n\u00e1s&#8221;][vc_empty_space][\/vc_column][\/vc_row][vc_row css=&#8221;.vc_custom_1721651804739{background-color: #e9eff5 !important;}&#8221;][vc_column][elx_features_download title=&#8221;Flexibiln\u00ed a vysoce v\u00fdkonn\u00e1&#8221; title_download=&#8221;St\u00e1hnout&#8221; title_discover=&#8221;Objevte&#8221; bg_discover_color=&#8221;bg-download-white&#8221; link_discover_color=&#8221;download-text-blue&#8221; title_position=&#8221;top&#8221; bg_row=&#8221;bg-row-light-blue&#8221; values=&#8221;%5B%7B%22select_type%22%3A%22pride%22%2C%22link_download%22%3A%22title%3ABro%25C5%25BEura%2520NeoBlue%2520Touch%2520podpultov%25C3%25A9%2520my%25C4%258Dky%2520n%25C3%25A1dob%25C3%25AD%2520a%2520my%25C4%258Dky%2520skla%7Ctarget%3A_blank%22%2C%22label_pride_document%22%3A%22Bro%C5%BEura%20NeoBlue%20Touch%20podpultov%C3%A9%20my%C4%8Dky%20n%C3%A1dob%C3%AD%20a%20my%C4%8Dky%20skla%20NeoBlue%22%2C%22document_type%22%3A%22brochures%22%2C%22br_document_number%22%3A%22BR-9JE00236%22%7D%5D&#8221; discover=&#8221;%5B%7B%22link_discover%22%3A%22url%3Ahttps%253A%252F%252Fwww.electroluxprofessional.com%252Fcz%252Faccessories-consumables%252Fgastro-mycky-nadobi%252F%7Ctitle%3AP%25C5%2599%25C3%25ADslu%25C5%25A1enstv%25C3%25AD%2520pro%2520my%25C4%258Dky%22%7D%5D&#8221; features=&#8221;%5B%7B%22icon_electroluxpro%22%3A%22elx-icon%20icon-circle-star-perfomance-blue%22%2C%22title_icon%22%3A%22Dokonal%C3%BD%20v%C3%BDsledek%20myt%C3%AD%20a%20oplachov%C3%A1n%C3%AD%22%2C%22tag_icon_title%22%3A%22h4%22%2C%22text_icon%22%3A%22Zajist%C4%9Bte%20dokonalou%20%C4%8Distotu%20d%C3%ADky%20konstrukci%20v%C3%BDkonn%C3%BDch%20horn%C3%ADch%20oplachov%C3%BDch%20a%20spodn%C3%ADch%20integrovan%C3%BDch%20myc%C3%ADch%20a%20oplachov%C3%BDch%20ramen.%22%7D%2C%7B%22icon_electroluxpro%22%3A%22elx-icon%20icon-circle-easy-blue%22%2C%22title_icon%22%3A%22Tich%C3%BD%20cyklus%22%2C%22tag_icon_title%22%3A%22h4%22%2C%22text_icon%22%3A%22U%C5%BEijte%20si%20klidn%C3%A9%20prost%C5%99ed%C3%AD%20za%20barem%20nebo%20v%20kuchyni%20d%C3%ADky%20dvoupl%C3%A1%C5%A1%C5%A5ov%C3%BDm%20dve%C5%99%C3%ADm%20a%20hladk%C3%A9mu%20chodu%20zaji%C5%A1t%C4%9Bn%C3%A9mu%20mechanismem%20pomal%C3%A9ho%20otev%C3%ADr%C3%A1n%C3%AD.%22%7D%2C%7B%22icon_electroluxpro%22%3A%22elx-icon%20icon-circle-clean-blue%22%2C%22title_icon%22%3A%22Spolehliv%C3%A1%20a%20odoln%C3%A1%22%2C%22tag_icon_title%22%3A%22h4%22%2C%22text_icon%22%3A%22P%C5%99idejte%20do%20sv%C3%A9ho%20podnik%C3%A1n%C3%AD%20%20spolehliv%C3%A9%20%C5%99e%C5%A1en%C3%AD%20s%20my%C4%8Dkou%20NeoBlue.%20Jej%C3%AD%20nerezov%C3%A1%20konstrukce%20zaji%C5%A1%C5%A5uje%20odolnost.%20Verze%20Plug%26Play%20zahrnuje%20d%C3%A1vkova%C4%8D%20detergentu%2C%20odpadn%C3%AD%20%C4%8Derpadlo%20%20a%20filtry.%20Oce%C5%88te%20%20jednoduch%C3%A9%20ovl%C3%A1d%C3%A1n%C3%AD%20a%20snadnou%20%C3%BAdr%C5%BEbu%20d%C3%ADky%20p%C5%99%C3%ADstupn%C3%BDm%20komponent%C5%AFm.%22%7D%5D&#8221;][\/elx_features_download][vc_empty_space][\/vc_column][\/vc_row][vc_row el_id=&#8221;Accessories&#8221;][vc_column][vc_empty_space]<div class=\"com21-product-filter-container 141\"><div class=\"\"><h4 class=\"text-center\">2 V\u00fdrobky<\/h4><hr><\/div>\n                    <!-- PROD LIST -->\n                    <div class=\"product-list container\">\n                        <!--Hidden parameters-->\n                        <input type=\"hidden\" name=\"navigation_level_1\" id=\"navigation_level_1\" value=\"I\">\n                        <input type=\"hidden\" name=\"navigation_level_2\" id=\"navigation_level_2\" value=\"A\">\n                        <input type=\"hidden\" name=\"navigation_level_3\" id=\"navigation_level_3\" value=\"J\">\n                        <input type=\"hidden\" name=\"navigation_level_4\" id=\"navigation_level_4\" value=\"\">\n                        <input type=\"hidden\" name=\"filter_id\" id=\"filter_id\" value=\"141\">\n                        <input type=\"hidden\" name=\"navigation_language\" id=\"navigation_language\" value=\"5021\">\n                        <input type=\"hidden\" name=\"navigation_language_code\" id=\"navigation_language\" value=\"5021\">\n                        <input type=\"hidden\" name=\"page_id\" id=\"page_id\" value=\"12452\">\n                        <!--END Hidden parameters--><ul class=\"row\" ><li data-product-paged=\"\" class=\"anchor_tags_prod col-sm-6 col-md-3 wow fadeIn single-product-list 402187\"><div class=\"product-list-item\"><div class=\"product-content\"><a href=\"https:\/\/www.electroluxprofessional.com\/cz\/pd\/my\u010dky-n\u00e1dob\u00ed\/my\u010dky-skla\/neoblue-s-400x400mm-ko\u0161\/my\u010dky-skla-neoblue-s-podpultov\u00e1-jednopl\u00e1\u0161\u0165ov\u00e1-my\u010dka-skla-d\u00e1vkova\u010d-oplachu-40-ko\u0161\u016f-hod-402187\/\" target=\"_blank\" ><figure><img decoding=\"async\" src=\"https:\/\/tools.electroluxprofessional.com\/Mirror\/Doc\/PH_255x255%2FPH_402187_1_1_402187.jpg\" alt=\"My\u010dky sklaNeoBlue \"S\" Podpultov\u00e1, jednopl\u00e1\u0161\u0165ov\u00e1 my\u010dka skla, d\u00e1vkova\u010d oplachu, 40 ko\u0161\u016f\/hod\"\/><\/figure><div class=\"product-internal\"><div class=\"product-liv\">NeoBlue S (400x400mm ko\u0161)<\/div><h3 class=\"product-title\">My\u010dky skla<br>NeoBlue \"S\" Podpultov\u00e1, jednopl\u00e1\u0161\u0165ov\u00e1 my\u010dka skla, d\u00e1vkova\u010d oplachu, 40 ko\u0161\u016f\/hod<\/h3><div class=\"product-icons\"><div class=\"product-green\"><\/div><div class=\"product-cod\"><div class=\"hidden type_code\">0<\/div>K\u00d3D <span class=\"product-code\" >402187<\/span><\/div><div class=\"product-fast\"><\/div>\n<\/div><div class=\"product-description-fast-green\"><\/div>\n<\/div><div class=\"product-actions\"><a href=\"https:\/\/www.electroluxprofessional.com\/cz\/pd\/my\u010dky-n\u00e1dob\u00ed\/my\u010dky-skla\/neoblue-s-400x400mm-ko\u0161\/my\u010dky-skla-neoblue-s-podpultov\u00e1-jednopl\u00e1\u0161\u0165ov\u00e1-my\u010dka-skla-d\u00e1vkova\u010d-oplachu-40-ko\u0161\u016f-hod-402187\/\" class=\"btn btn-primary-blue\">Zjistit v\u00edce<\/a><span class=\"compare-product\"><span class=\"compare-checkbox\"><span class=\"compare-checkbox-shape\"><input type=\"checkbox\" class=\"product-comparer\" id=\"prod_402187\"\/><label class=\"btn\" for=\"prod_402187\"><span class=\"label-bg\"><\/span>Porovnat<\/label><\/span><\/span><\/span><\/div><\/a><\/div><\/div><\/li><li data-product-paged=\"\" class=\"anchor_tags_prod col-sm-6 col-md-3 wow fadeIn single-product-list 402188\"><div class=\"product-list-item\"><div class=\"product-content\"><a href=\"https:\/\/www.electroluxprofessional.com\/cz\/pd\/my\u010dky-n\u00e1dob\u00ed\/my\u010dky-skla\/neoblue-s-400x400mm-ko\u0161\/my\u010dky-skla-neoblue-s-podpultov\u00e1-jednopl\u00e1\u0161\u0165ov\u00e1-my\u010dka-skla-d\u00e1vkova\u010de-odpadn\u00ed-\u010derpadlo-filtr-n\u00e1dr\u017ee-40-ko\u0161\u016f-hod-402188\/\" target=\"_blank\" ><figure><img decoding=\"async\" src=\"https:\/\/tools.electroluxprofessional.com\/Mirror\/Doc\/PH_255x255%2FPH_402187_1_1_402187.jpg\" alt=\"My\u010dky sklaNeoBlue \"S\" Podpultov\u00e1 jednopl\u00e1\u0161\u0165ov\u00e1 my\u010dka skla, d\u00e1vkova\u010de, odpadn\u00ed \u010derpadlo, filtr n\u00e1dr\u017ee, 40 ko\u0161\u016f\/hod\"\/><\/figure><div class=\"product-internal\"><div class=\"product-liv\">NeoBlue S (400x400mm ko\u0161)<\/div><h3 class=\"product-title\">My\u010dky skla<br>NeoBlue \"S\" Podpultov\u00e1 jednopl\u00e1\u0161\u0165ov\u00e1 my\u010dka skla, d\u00e1vkova\u010de, odpadn\u00ed \u010derpadlo, filtr n\u00e1dr\u017ee, 40 ko\u0161\u016f\/hod<\/h3><div class=\"product-icons\"><div class=\"product-green\"><\/div><div class=\"product-cod\"><div class=\"hidden type_code\">0<\/div>K\u00d3D <span class=\"product-code\" >402188<\/span><\/div><div class=\"product-fast\"><\/div>\n<\/div><div class=\"product-description-fast-green\"><\/div>\n<\/div><div class=\"product-actions\"><a href=\"https:\/\/www.electroluxprofessional.com\/cz\/pd\/my\u010dky-n\u00e1dob\u00ed\/my\u010dky-skla\/neoblue-s-400x400mm-ko\u0161\/my\u010dky-skla-neoblue-s-podpultov\u00e1-jednopl\u00e1\u0161\u0165ov\u00e1-my\u010dka-skla-d\u00e1vkova\u010de-odpadn\u00ed-\u010derpadlo-filtr-n\u00e1dr\u017ee-40-ko\u0161\u016f-hod-402188\/\" class=\"btn btn-primary-blue\">Zjistit v\u00edce<\/a><span class=\"compare-product\"><span class=\"compare-checkbox\"><span class=\"compare-checkbox-shape\"><input type=\"checkbox\" class=\"product-comparer\" id=\"prod_402188\"\/><label class=\"btn\" for=\"prod_402188\"><span class=\"label-bg\"><\/span>Porovnat<\/label><\/span><\/span><\/span><\/div><\/a><\/div><\/div><\/li>\n                        <\/ul>\n                        <div class=\"text-center more-products\">\n                        <\/div>\n                    <\/div>\n                    <!-- END PRODUCT LIST -->\n                    <\/div>\n                    <!-- END PRODUCT LIST -->[vc_empty_space]<div class=\"elx-accordion \">    <div class=\"elx-accordion-heading\">        <a class=\"elx-accordion-link elx-accordion-open\">            <h4 class=\" elx-accordion-title\">                P\u0159\u00edslu\u0161enstv\u00ed a \u010distic\u00ed prost\u0159edky                <img decoding=\"async\" src=\"https:\/\/www.electroluxprofessional.com\/cz\/wp-content\/themes\/electroluxpro\/assets\/epr-icon-minus-blue.svg\" class=\"elx-minus\" \/>                <img decoding=\"async\" src=\"https:\/\/www.electroluxprofessional.com\/cz\/wp-content\/themes\/electroluxpro\/assets\/epr-icon-plus-blue.svg\" class=\"elx-plus elx-hidden\" \/>            <\/h4>        <\/a>    <\/div>    <div class=\"elx-accordion-body elx-accordion-open\"><p>[vc_row_inner][vc_column_inner width=&#8221;1\/2&#8243;][elx_heading font_size=&#8221;h5&#8243; text_color=&#8221;inherit&#8221;]Ko\u0161e pro ka\u017edou pot\u0159ebu[\/elx_heading][vc_column_text]Modely my\u010dek skla \u0159ady S jsou vhodn\u00e9 pro ko\u0161e o rozm\u011brech 400 x 400 mm. Vyberte si ty nejvhodn\u011bj\u0161\u00ed pro sv\u00e9 podnik\u00e1n\u00ed z na\u0161\u00ed nab\u00eddky p\u0159\u00edslu\u0161enstv\u00ed.[\/vc_column_text][vc_empty_space][elx_button button_text=&#8221;Prodejn\u00ed m\u00edsta na\u0161ich partner\u016f&#8221; button_link=&#8221;url:https%3A%2F%2Fwww.electroluxprofessional.com%2Fcz%2Fsales-and-service-locator%2F|title:My%C4%8Dky%20%E2%80%93%20pr%C5%AFvodce%20sortimentem&#8221;][vc_empty_space height=&#8221;80px&#8221;][\/vc_column_inner][vc_column_inner width=&#8221;1\/2&#8243;][vc_single_image image=&#8221;12448&#8243; img_size=&#8221;300*250&#8243; alignment=&#8221;center&#8221; css_animation=&#8221;none&#8221;][\/vc_column_inner][\/vc_row_inner][vc_row_inner][vc_column_inner width=&#8221;1\/2&#8243;][vc_single_image image=&#8221;6123&#8243; img_size=&#8221;530*285&#8243; alignment=&#8221;center&#8221; css_animation=&#8221;none&#8221;][\/vc_column_inner][vc_column_inner width=&#8221;1\/2&#8243;][elx_heading font_size=&#8221;h5&#8243; text_color=&#8221;inherit&#8221;]Pr\u016fmyslov\u00e9 tekut\u00e9 \u010distic\u00ed prost\u0159edky do my\u010dek skla[\/elx_heading][vc_column_text]Tyto myc\u00ed prost\u0159edky eliminuj\u00ed kapky a skvrny, tak\u017ee sklenice z\u016fstanou leskl\u00e9, dokonale such\u00e9 a \u010dist\u00e9. D\u00edky speci\u00e1ln\u00edmu slo\u017een\u00ed zabra\u0148uj\u00ed tvorb\u011b vodn\u00edho kamene.[\/vc_column_text][vc_empty_space][elx_button button_text=&#8221;Prodejn\u00ed m\u00edsta na\u0161ich partner\u016f&#8221; button_link=&#8221;url:https%3A%2F%2Fwww.electroluxprofessional.com%2Fcz%2Fsales-and-service-locator%2F|title:My%C4%8Dky%20%E2%80%93%20pr%C5%AFvodce%20sortimentem&#8221;][vc_empty_space][\/vc_column_inner][\/vc_row_inner]<\/p>\n    <\/div><\/div>[\/vc_column][\/vc_row][vc_row][vc_column][vc_empty_space height=&#8221;50px&#8221;][elx_heading text_color=&#8221;inherit&#8221; text_align=&#8221;text-center&#8221;]Kontaktujte n\u00e1s pro v\u00edce informac\u00ed o<br \/>\nmy\u010dk\u00e1ch skla NeoBlue[\/elx_heading][vc_empty_space][elx_o2000_contact_us country=&#8221;Czech Republic&#8221; b=&#8221;food&#8221; r=&#8221;Pros\u00edm, za\u0161lete mi v\u00edce informac\u00ed o my\u010dk\u00e1ch skla NeoBlue &#8230;&#8221;][vc_empty_space height=&#8221;50px&#8221;][elx_multiple_columns number_columns=&#8221;4&#8243; bg_row=&#8221;bg-download-white&#8221; title=&#8221;Najd\u011bte sv\u00e9 kompletn\u00ed \u0159e\u0161en\u00ed&#8221; values=&#8221;%5B%7B%22image_section%22%3A%2212449%22%2C%22title_section%22%3A%22K%C3%A1va%20a%20pek%C3%A1rna%22%2C%22text_section%22%3A%22Pro%20%C4%8Dinnosti%2C%20p%C5%99i%20kter%C3%BDch%20se%20pod%C3%A1v%C3%A1%20j%C3%ADdlo%20po%20cel%C3%BD%20den.%22%2C%22link_section%22%3A%22title%3ANAJDETE%2520%25C5%2598E%25C5%25A0EN%25C3%258D%252C%2520KTER%25C3%2581%2520POT%25C5%2598EBUJETE%22%2C%22button_style%22%3A%22secondary-bordered%22%7D%2C%7B%22image_section%22%3A%2212450%22%2C%22title_section%22%3A%22Bary%20a%20hospody%22%2C%22text_section%22%3A%22Bu%C4%8Fte%20rychlej%C5%A1%C3%AD.%20Zp%C5%99%C3%ADjemn%C4%9Bte%20z%C3%A1kazn%C3%ADkovi%20kr%C3%A1tkou%20p%C5%99est%C3%A1vku.%22%2C%22link_section%22%3A%22title%3AZRYCHLETE%2520SVOU%2520KUCHY%25C5%2587%22%2C%22button_style%22%3A%22secondary-bordered%22%7D%2C%7B%22image_section%22%3A%2212451%22%2C%22title_section%22%3A%22Neform%C3%A1ln%C3%AD%20stolov%C3%A1n%C3%AD%22%2C%22text_section%22%3A%22Zvl%C3%A1dnout%20%C5%A1pi%C4%8Dky%20a%20zv%C3%BD%C5%A1it%20po%C4%8Det%20objedn%C3%A1vek.%22%2C%22link_section%22%3A%22title%3AOBJEVTE%2520N%25C3%2581%25C5%25A0%2520SORTIMENT%22%2C%22button_style%22%3A%22secondary-bordered%22%7D%5D&#8221;][\/elx_multiple_columns][\/vc_column][\/vc_row]<\/p>\n","protected":false},"excerpt":{"rendered":"<p>[vc_row full_width=&#8221;electroluxpro-full-width-no-padding&#8221; el_id=&#8221;banner&#8221;][vc_column][elx_image_block is_full_height=&#8221;full-height&#8221; background_image=&#8221;12447&#8243; minimum_height=&#8221;350px&#8221;][\/vc_column][\/vc_row][vc_row][vc_column][vc_empty_space][elx_text_image tag_title=&#8221;h1&#8243; number_images=&#8221;2&#8243; style_image=&#8221;image_square&#8221; bg_row=&#8221;bg-download-white&#8221; title=&#8221;NeoBlue my\u010dka skla: maxim\u00e1ln\u00ed v\u00fdsledky v minim\u00e1ln\u00edm prostoru&#8221; lists=&#8221;%5B%7B%7D%5D&#8221; values=&#8221;%5B%5D&#8221; double_image_1=&#8221;12446&#8243;]P\u0159edstavujeme profesion\u00e1ln\u00ed my\u010dku skla Electrolux Professional NeoBlue, navr\u017eenou speci\u00e1ln\u011b pro men\u0161\u00ed provozy. Tento jednopl\u00e1\u0161\u0165ov\u00fd model zaji\u0161\u0165uje \u00fasp\u011bch va\u0161eho podnik\u00e1n\u00ed bez ohledu na prostorov\u00e9 limity, se z\u00e1suvnou v\u00fd\u0161kou 290 mm, kter\u00e1 snadno pojme vysok\u00e9 sklenice. S [&hellip;]<\/p>\n","protected":false},"author":39,"featured_media":12446,"parent":0,"menu_order":0,"comment_status":"closed","ping_status":"closed","template":"","meta":{"footnotes":""},"class_list":["post-12452","page","type-page","status-publish","has-post-thumbnail","hentry"],"acf":[],"yoast_head":"<!-- This site is optimized with the Yoast SEO plugin v23.3 - https:\/\/yoast.com\/wordpress\/plugins\/seo\/ -->\n<title>NeoBlue my\u010dka skla - Electrolux Professional \u010cesk\u00e1 republika<\/title>\n<meta name=\"description\" content=\"Objevte my\u010dku skla Electrolux NeoBlue: ide\u00e1ln\u00ed pro mal\u00e9 podniky, u\u017eivatelsky p\u0159\u00edv\u011btiv\u00e1 se 4 programy a intuitivn\u00edm ovl\u00e1d\u00e1n\u00edm.\" \/>\n<meta name=\"robots\" content=\"index, follow, max-snippet:-1, max-image-preview:large, max-video-preview:-1\" \/>\n<link rel=\"canonical\" href=\"https:\/\/www.electroluxprofessional.com\/cz\/neoblue-mycka-skla\/\" \/>\n<meta property=\"og:locale\" content=\"cs_CZ\" \/>\n<meta property=\"og:type\" content=\"article\" \/>\n<meta property=\"og:title\" content=\"NeoBlue my\u010dka skla - Electrolux Professional \u010cesk\u00e1 republika\" \/>\n<meta property=\"og:description\" content=\"Objevte my\u010dku skla Electrolux NeoBlue: ide\u00e1ln\u00ed pro mal\u00e9 podniky, u\u017eivatelsky p\u0159\u00edv\u011btiv\u00e1 se 4 programy a intuitivn\u00edm ovl\u00e1d\u00e1n\u00edm.\" \/>\n<meta property=\"og:url\" content=\"https:\/\/www.electroluxprofessional.com\/cz\/neoblue-mycka-skla\/\" \/>\n<meta property=\"og:site_name\" content=\"Electrolux Professional \u010cesk\u00e1 republika\" \/>\n<meta property=\"article:publisher\" content=\"https:\/\/www.facebook.com\/electroluxprofessional\" \/>\n<meta property=\"article:modified_time\" content=\"2026-02-19T10:29:56+00:00\" \/>\n<meta property=\"og:image\" content=\"https:\/\/www.electroluxprofessional.com\/cz\/wp-content\/uploads\/2024\/09\/glasswasher-600x600-1.jpg\" \/>\n\t<meta property=\"og:image:width\" content=\"600\" \/>\n\t<meta property=\"og:image:height\" content=\"600\" \/>\n\t<meta property=\"og:image:type\" content=\"image\/jpeg\" \/>\n<meta name=\"twitter:card\" content=\"summary_large_image\" \/>\n<meta name=\"twitter:site\" content=\"@ElectroluxPro\" \/>\n<meta name=\"twitter:label1\" content=\"Odhadovan\u00e1 doba \u010dten\u00ed\" \/>\n\t<meta name=\"twitter:data1\" content=\"2 minuty\" \/>\n<script type=\"application\/ld+json\" class=\"yoast-schema-graph\">{\"@context\":\"https:\/\/schema.org\",\"@graph\":[{\"@type\":\"WebPage\",\"@id\":\"https:\/\/www.electroluxprofessional.com\/cz\/neoblue-mycka-skla\/\",\"url\":\"https:\/\/www.electroluxprofessional.com\/cz\/neoblue-mycka-skla\/\",\"name\":\"NeoBlue my\u010dka skla - Electrolux Professional \u010cesk\u00e1 republika\",\"isPartOf\":{\"@id\":\"https:\/\/www.electroluxprofessional.com\/cz\/#website\"},\"primaryImageOfPage\":{\"@id\":\"https:\/\/www.electroluxprofessional.com\/cz\/neoblue-mycka-skla\/#primaryimage\"},\"image\":{\"@id\":\"https:\/\/www.electroluxprofessional.com\/cz\/neoblue-mycka-skla\/#primaryimage\"},\"thumbnailUrl\":\"https:\/\/www.electroluxprofessional.com\/cz\/wp-content\/uploads\/2024\/09\/glasswasher-600x600-1.jpg\",\"datePublished\":\"2024-11-06T09:25:19+00:00\",\"dateModified\":\"2026-02-19T10:29:56+00:00\",\"description\":\"Objevte my\u010dku skla Electrolux NeoBlue: ide\u00e1ln\u00ed pro mal\u00e9 podniky, u\u017eivatelsky p\u0159\u00edv\u011btiv\u00e1 se 4 programy a intuitivn\u00edm ovl\u00e1d\u00e1n\u00edm.\",\"breadcrumb\":{\"@id\":\"https:\/\/www.electroluxprofessional.com\/cz\/neoblue-mycka-skla\/#breadcrumb\"},\"inLanguage\":\"cs\",\"potentialAction\":[{\"@type\":\"ReadAction\",\"target\":[\"https:\/\/www.electroluxprofessional.com\/cz\/neoblue-mycka-skla\/\"]}]},{\"@type\":\"ImageObject\",\"inLanguage\":\"cs\",\"@id\":\"https:\/\/www.electroluxprofessional.com\/cz\/neoblue-mycka-skla\/#primaryimage\",\"url\":\"https:\/\/www.electroluxprofessional.com\/cz\/wp-content\/uploads\/2024\/09\/glasswasher-600x600-1.jpg\",\"contentUrl\":\"https:\/\/www.electroluxprofessional.com\/cz\/wp-content\/uploads\/2024\/09\/glasswasher-600x600-1.jpg\",\"width\":600,\"height\":600},{\"@type\":\"BreadcrumbList\",\"@id\":\"https:\/\/www.electroluxprofessional.com\/cz\/neoblue-mycka-skla\/#breadcrumb\",\"itemListElement\":[{\"@type\":\"ListItem\",\"position\":1,\"name\":\"Home\",\"item\":\"https:\/\/www.electroluxprofessional.com\/cz\/\"},{\"@type\":\"ListItem\",\"position\":2,\"name\":\"NeoBlue my\u010dka skla\"}]},{\"@type\":\"WebSite\",\"@id\":\"https:\/\/www.electroluxprofessional.com\/cz\/#website\",\"url\":\"https:\/\/www.electroluxprofessional.com\/cz\/\",\"name\":\"Electrolux Professional \u010cesk\u00e1 republika\",\"description\":\"\",\"potentialAction\":[{\"@type\":\"SearchAction\",\"target\":{\"@type\":\"EntryPoint\",\"urlTemplate\":\"https:\/\/www.electroluxprofessional.com\/cz\/?src={search_term_string}\"},\"query-input\":\"required name=search_term_string\"}],\"inLanguage\":\"cs\"}]}<\/script>\n<!-- \/ Yoast SEO plugin. -->","yoast_head_json":{"title":"NeoBlue my\u010dka skla - Electrolux Professional \u010cesk\u00e1 republika","description":"Objevte my\u010dku skla Electrolux NeoBlue: ide\u00e1ln\u00ed pro mal\u00e9 podniky, u\u017eivatelsky p\u0159\u00edv\u011btiv\u00e1 se 4 programy a intuitivn\u00edm ovl\u00e1d\u00e1n\u00edm.","robots":{"index":"index","follow":"follow","max-snippet":"max-snippet:-1","max-image-preview":"max-image-preview:large","max-video-preview":"max-video-preview:-1"},"canonical":"https:\/\/www.electroluxprofessional.com\/cz\/neoblue-mycka-skla\/","og_locale":"cs_CZ","og_type":"article","og_title":"NeoBlue my\u010dka skla - Electrolux Professional \u010cesk\u00e1 republika","og_description":"Objevte my\u010dku skla Electrolux NeoBlue: ide\u00e1ln\u00ed pro mal\u00e9 podniky, u\u017eivatelsky p\u0159\u00edv\u011btiv\u00e1 se 4 programy a intuitivn\u00edm ovl\u00e1d\u00e1n\u00edm.","og_url":"https:\/\/www.electroluxprofessional.com\/cz\/neoblue-mycka-skla\/","og_site_name":"Electrolux Professional \u010cesk\u00e1 republika","article_publisher":"https:\/\/www.facebook.com\/electroluxprofessional","article_modified_time":"2026-02-19T10:29:56+00:00","og_image":[{"width":600,"height":600,"url":"https:\/\/www.electroluxprofessional.com\/cz\/wp-content\/uploads\/2024\/09\/glasswasher-600x600-1.jpg","type":"image\/jpeg"}],"twitter_card":"summary_large_image","twitter_site":"@ElectroluxPro","twitter_misc":{"Odhadovan\u00e1 doba \u010dten\u00ed":"2 minuty"},"schema":{"@context":"https:\/\/schema.org","@graph":[{"@type":"WebPage","@id":"https:\/\/www.electroluxprofessional.com\/cz\/neoblue-mycka-skla\/","url":"https:\/\/www.electroluxprofessional.com\/cz\/neoblue-mycka-skla\/","name":"NeoBlue my\u010dka skla - Electrolux Professional \u010cesk\u00e1 republika","isPartOf":{"@id":"https:\/\/www.electroluxprofessional.com\/cz\/#website"},"primaryImageOfPage":{"@id":"https:\/\/www.electroluxprofessional.com\/cz\/neoblue-mycka-skla\/#primaryimage"},"image":{"@id":"https:\/\/www.electroluxprofessional.com\/cz\/neoblue-mycka-skla\/#primaryimage"},"thumbnailUrl":"https:\/\/www.electroluxprofessional.com\/cz\/wp-content\/uploads\/2024\/09\/glasswasher-600x600-1.jpg","datePublished":"2024-11-06T09:25:19+00:00","dateModified":"2026-02-19T10:29:56+00:00","description":"Objevte my\u010dku skla Electrolux NeoBlue: ide\u00e1ln\u00ed pro mal\u00e9 podniky, u\u017eivatelsky p\u0159\u00edv\u011btiv\u00e1 se 4 programy a intuitivn\u00edm ovl\u00e1d\u00e1n\u00edm.","breadcrumb":{"@id":"https:\/\/www.electroluxprofessional.com\/cz\/neoblue-mycka-skla\/#breadcrumb"},"inLanguage":"cs","potentialAction":[{"@type":"ReadAction","target":["https:\/\/www.electroluxprofessional.com\/cz\/neoblue-mycka-skla\/"]}]},{"@type":"ImageObject","inLanguage":"cs","@id":"https:\/\/www.electroluxprofessional.com\/cz\/neoblue-mycka-skla\/#primaryimage","url":"https:\/\/www.electroluxprofessional.com\/cz\/wp-content\/uploads\/2024\/09\/glasswasher-600x600-1.jpg","contentUrl":"https:\/\/www.electroluxprofessional.com\/cz\/wp-content\/uploads\/2024\/09\/glasswasher-600x600-1.jpg","width":600,"height":600},{"@type":"BreadcrumbList","@id":"https:\/\/www.electroluxprofessional.com\/cz\/neoblue-mycka-skla\/#breadcrumb","itemListElement":[{"@type":"ListItem","position":1,"name":"Home","item":"https:\/\/www.electroluxprofessional.com\/cz\/"},{"@type":"ListItem","position":2,"name":"NeoBlue my\u010dka skla"}]},{"@type":"WebSite","@id":"https:\/\/www.electroluxprofessional.com\/cz\/#website","url":"https:\/\/www.electroluxprofessional.com\/cz\/","name":"Electrolux Professional \u010cesk\u00e1 republika","description":"","potentialAction":[{"@type":"SearchAction","target":{"@type":"EntryPoint","urlTemplate":"https:\/\/www.electroluxprofessional.com\/cz\/?src={search_term_string}"},"query-input":"required name=search_term_string"}],"inLanguage":"cs"}]}},"_links":{"self":[{"href":"https:\/\/www.electroluxprofessional.com\/cz\/wp-json\/wp\/v2\/pages\/12452"}],"collection":[{"href":"https:\/\/www.electroluxprofessional.com\/cz\/wp-json\/wp\/v2\/pages"}],"about":[{"href":"https:\/\/www.electroluxprofessional.com\/cz\/wp-json\/wp\/v2\/types\/page"}],"author":[{"embeddable":true,"href":"https:\/\/www.electroluxprofessional.com\/cz\/wp-json\/wp\/v2\/users\/39"}],"replies":[{"embeddable":true,"href":"https:\/\/www.electroluxprofessional.com\/cz\/wp-json\/wp\/v2\/comments?post=12452"}],"version-history":[{"count":30,"href":"https:\/\/www.electroluxprofessional.com\/cz\/wp-json\/wp\/v2\/pages\/12452\/revisions"}],"predecessor-version":[{"id":14567,"href":"https:\/\/www.electroluxprofessional.com\/cz\/wp-json\/wp\/v2\/pages\/12452\/revisions\/14567"}],"wp:featuredmedia":[{"embeddable":true,"href":"https:\/\/www.electroluxprofessional.com\/cz\/wp-json\/wp\/v2\/media\/12446"}],"wp:attachment":[{"href":"https:\/\/www.electroluxprofessional.com\/cz\/wp-json\/wp\/v2\/media?parent=12452"}],"curies":[{"name":"wp","href":"https:\/\/api.w.org\/{rel}","templated":true}]}}