{"id":12199,"date":"2024-06-10T09:03:06","date_gmt":"2024-06-10T09:03:06","guid":{"rendered":"https:\/\/www.electroluxprofessional.com\/cz\/?page_id=12199"},"modified":"2024-09-10T07:13:31","modified_gmt":"2024-09-10T07:13:31","slug":"product-registration","status":"publish","type":"page","link":"https:\/\/www.electroluxprofessional.com\/cz\/product-registration\/","title":{"rendered":"Registrace produktu"},"content":{"rendered":"<p>[vc_row][vc_column][vc_empty_space height=&#8221;20px&#8221;][elx_menu menu_name=&#8221;myProfessional&#8221;][\/vc_column][\/vc_row][vc_row][vc_column width=&#8221;1\/6&#8243;][vc_single_image image=&#8221;2237&#8243; img_size=&#8221;full&#8221;][\/vc_column][vc_column width=&#8221;5\/6&#8243;][elx_heading font_container=&#8221;h1&#8243; font_size=&#8221;h3&#8243; text_color=&#8221;inherit&#8221;]Pro\u010d registrovat produkty?[\/elx_heading][vc_column_text]<strong>D\u011bkujeme, \u017ee jste si zakoupili produkty Electrolux Professional.<\/strong><\/p>\n<p>Registrac\u00ed zakoupen\u00fdch produkt\u016f n\u00e1m pom\u016f\u017eete pomoci abychom v\u00e1m mohli poskytnut nejlep\u0161\u00ed mo\u017enou z\u00e1kaznickou p\u00e9\u010di. Na\u0161i specialist\u00e9 v\u00e1m budou v\u017edy k dispozici, aby v\u00e1s podpo\u0159ili ve va\u0161em ka\u017edodenn\u00edm podnik\u00e1n\u00ed a zajistili, \u017ee z\u00edsk\u00e1te profesion\u00e1ln\u00ed dokonalost, kterou pot\u0159ebujete.[\/vc_column_text][\/vc_column][\/vc_row][vc_row][vc_column][elx_o2000_product_registration l=&#8221;cz&#8221; c=&#8221;Czech Republic&#8221;][vc_empty_space][\/vc_column][\/vc_row]<\/p>\n","protected":false},"excerpt":{"rendered":"<p>[vc_row][vc_column][vc_empty_space height=&#8221;20px&#8221;][elx_menu menu_name=&#8221;myProfessional&#8221;][\/vc_column][\/vc_row][vc_row][vc_column width=&#8221;1\/6&#8243;][vc_single_image image=&#8221;2237&#8243; img_size=&#8221;full&#8221;][\/vc_column][vc_column width=&#8221;5\/6&#8243;][elx_heading font_container=&#8221;h1&#8243; font_size=&#8221;h3&#8243; text_color=&#8221;inherit&#8221;]Pro\u010d registrovat produkty?[\/elx_heading][vc_column_text]D\u011bkujeme, \u017ee jste si zakoupili produkty Electrolux Professional. Registrac\u00ed zakoupen\u00fdch produkt\u016f n\u00e1m pom\u016f\u017eete pomoci abychom v\u00e1m mohli poskytnut nejlep\u0161\u00ed mo\u017enou z\u00e1kaznickou p\u00e9\u010di. Na\u0161i specialist\u00e9 v\u00e1m budou v\u017edy k dispozici, aby v\u00e1s podpo\u0159ili ve va\u0161em ka\u017edodenn\u00edm podnik\u00e1n\u00ed a zajistili, \u017ee z\u00edsk\u00e1te profesion\u00e1ln\u00ed dokonalost, kterou pot\u0159ebujete.[\/vc_column_text][\/vc_column][\/vc_row][vc_row][vc_column][elx_o2000_product_registration [&hellip;]<\/p>\n","protected":false},"author":1,"featured_media":0,"parent":0,"menu_order":0,"comment_status":"closed","ping_status":"closed","template":"","meta":{"footnotes":""},"class_list":["post-12199","page","type-page","status-publish","hentry"],"acf":[],"yoast_head":"<!-- This site is optimized with the Yoast SEO plugin v23.3 - https:\/\/yoast.com\/wordpress\/plugins\/seo\/ -->\n<title>Registrace produktu - Electrolux Professional \u010cesk\u00e1 republika<\/title>\n<meta name=\"description\" content=\"Registrac\u00ed zakoupen\u00fdch produkt\u016f n\u00e1m pom\u016f\u017eete pomoci abychom v\u00e1m mohli poskytnut nejlep\u0161\u00ed mo\u017enou z\u00e1kaznickou p\u00e9\u010di.\" \/>\n<meta name=\"robots\" content=\"index, follow, max-snippet:-1, max-image-preview:large, max-video-preview:-1\" \/>\n<link rel=\"canonical\" href=\"https:\/\/www.electroluxprofessional.com\/cz\/product-registration\/\" \/>\n<meta property=\"og:locale\" content=\"cs_CZ\" \/>\n<meta property=\"og:type\" content=\"article\" \/>\n<meta property=\"og:title\" content=\"Registrace produktu - Electrolux Professional \u010cesk\u00e1 republika\" \/>\n<meta property=\"og:description\" content=\"Registrac\u00ed zakoupen\u00fdch produkt\u016f n\u00e1m pom\u016f\u017eete pomoci abychom v\u00e1m mohli poskytnut nejlep\u0161\u00ed mo\u017enou z\u00e1kaznickou p\u00e9\u010di.\" \/>\n<meta property=\"og:url\" content=\"https:\/\/www.electroluxprofessional.com\/cz\/product-registration\/\" \/>\n<meta property=\"og:site_name\" content=\"Electrolux Professional \u010cesk\u00e1 republika\" \/>\n<meta property=\"article:publisher\" content=\"https:\/\/www.facebook.com\/electroluxprofessional\" \/>\n<meta property=\"article:modified_time\" content=\"2024-09-10T07:13:31+00:00\" \/>\n<meta name=\"twitter:card\" content=\"summary_large_image\" \/>\n<meta name=\"twitter:site\" content=\"@ElectroluxPro\" \/>\n<meta name=\"twitter:label1\" content=\"Odhadovan\u00e1 doba \u010dten\u00ed\" \/>\n\t<meta name=\"twitter:data1\" content=\"1 minuta\" \/>\n<script type=\"application\/ld+json\" class=\"yoast-schema-graph\">{\"@context\":\"https:\/\/schema.org\",\"@graph\":[{\"@type\":\"WebPage\",\"@id\":\"https:\/\/www.electroluxprofessional.com\/cz\/product-registration\/\",\"url\":\"https:\/\/www.electroluxprofessional.com\/cz\/product-registration\/\",\"name\":\"Registrace produktu - Electrolux Professional \u010cesk\u00e1 republika\",\"isPartOf\":{\"@id\":\"https:\/\/www.electroluxprofessional.com\/cz\/#website\"},\"datePublished\":\"2024-06-10T09:03:06+00:00\",\"dateModified\":\"2024-09-10T07:13:31+00:00\",\"description\":\"Registrac\u00ed zakoupen\u00fdch produkt\u016f n\u00e1m pom\u016f\u017eete pomoci abychom v\u00e1m mohli poskytnut nejlep\u0161\u00ed mo\u017enou z\u00e1kaznickou p\u00e9\u010di.\",\"breadcrumb\":{\"@id\":\"https:\/\/www.electroluxprofessional.com\/cz\/product-registration\/#breadcrumb\"},\"inLanguage\":\"cs\",\"potentialAction\":[{\"@type\":\"ReadAction\",\"target\":[\"https:\/\/www.electroluxprofessional.com\/cz\/product-registration\/\"]}]},{\"@type\":\"BreadcrumbList\",\"@id\":\"https:\/\/www.electroluxprofessional.com\/cz\/product-registration\/#breadcrumb\",\"itemListElement\":[{\"@type\":\"ListItem\",\"position\":1,\"name\":\"Home\",\"item\":\"https:\/\/www.electroluxprofessional.com\/cz\/\"},{\"@type\":\"ListItem\",\"position\":2,\"name\":\"Registrace produktu\"}]},{\"@type\":\"WebSite\",\"@id\":\"https:\/\/www.electroluxprofessional.com\/cz\/#website\",\"url\":\"https:\/\/www.electroluxprofessional.com\/cz\/\",\"name\":\"Electrolux Professional \u010cesk\u00e1 republika\",\"description\":\"\",\"potentialAction\":[{\"@type\":\"SearchAction\",\"target\":{\"@type\":\"EntryPoint\",\"urlTemplate\":\"https:\/\/www.electroluxprofessional.com\/cz\/?src={search_term_string}\"},\"query-input\":\"required name=search_term_string\"}],\"inLanguage\":\"cs\"}]}<\/script>\n<!-- \/ Yoast SEO plugin. -->","yoast_head_json":{"title":"Registrace produktu - Electrolux Professional \u010cesk\u00e1 republika","description":"Registrac\u00ed zakoupen\u00fdch produkt\u016f n\u00e1m pom\u016f\u017eete pomoci abychom v\u00e1m mohli poskytnut nejlep\u0161\u00ed mo\u017enou z\u00e1kaznickou p\u00e9\u010di.","robots":{"index":"index","follow":"follow","max-snippet":"max-snippet:-1","max-image-preview":"max-image-preview:large","max-video-preview":"max-video-preview:-1"},"canonical":"https:\/\/www.electroluxprofessional.com\/cz\/product-registration\/","og_locale":"cs_CZ","og_type":"article","og_title":"Registrace produktu - Electrolux Professional \u010cesk\u00e1 republika","og_description":"Registrac\u00ed zakoupen\u00fdch produkt\u016f n\u00e1m pom\u016f\u017eete pomoci abychom v\u00e1m mohli poskytnut nejlep\u0161\u00ed mo\u017enou z\u00e1kaznickou p\u00e9\u010di.","og_url":"https:\/\/www.electroluxprofessional.com\/cz\/product-registration\/","og_site_name":"Electrolux Professional \u010cesk\u00e1 republika","article_publisher":"https:\/\/www.facebook.com\/electroluxprofessional","article_modified_time":"2024-09-10T07:13:31+00:00","twitter_card":"summary_large_image","twitter_site":"@ElectroluxPro","twitter_misc":{"Odhadovan\u00e1 doba \u010dten\u00ed":"1 minuta"},"schema":{"@context":"https:\/\/schema.org","@graph":[{"@type":"WebPage","@id":"https:\/\/www.electroluxprofessional.com\/cz\/product-registration\/","url":"https:\/\/www.electroluxprofessional.com\/cz\/product-registration\/","name":"Registrace produktu - Electrolux Professional \u010cesk\u00e1 republika","isPartOf":{"@id":"https:\/\/www.electroluxprofessional.com\/cz\/#website"},"datePublished":"2024-06-10T09:03:06+00:00","dateModified":"2024-09-10T07:13:31+00:00","description":"Registrac\u00ed zakoupen\u00fdch produkt\u016f n\u00e1m pom\u016f\u017eete pomoci abychom v\u00e1m mohli poskytnut nejlep\u0161\u00ed mo\u017enou z\u00e1kaznickou p\u00e9\u010di.","breadcrumb":{"@id":"https:\/\/www.electroluxprofessional.com\/cz\/product-registration\/#breadcrumb"},"inLanguage":"cs","potentialAction":[{"@type":"ReadAction","target":["https:\/\/www.electroluxprofessional.com\/cz\/product-registration\/"]}]},{"@type":"BreadcrumbList","@id":"https:\/\/www.electroluxprofessional.com\/cz\/product-registration\/#breadcrumb","itemListElement":[{"@type":"ListItem","position":1,"name":"Home","item":"https:\/\/www.electroluxprofessional.com\/cz\/"},{"@type":"ListItem","position":2,"name":"Registrace produktu"}]},{"@type":"WebSite","@id":"https:\/\/www.electroluxprofessional.com\/cz\/#website","url":"https:\/\/www.electroluxprofessional.com\/cz\/","name":"Electrolux Professional \u010cesk\u00e1 republika","description":"","potentialAction":[{"@type":"SearchAction","target":{"@type":"EntryPoint","urlTemplate":"https:\/\/www.electroluxprofessional.com\/cz\/?src={search_term_string}"},"query-input":"required name=search_term_string"}],"inLanguage":"cs"}]}},"_links":{"self":[{"href":"https:\/\/www.electroluxprofessional.com\/cz\/wp-json\/wp\/v2\/pages\/12199"}],"collection":[{"href":"https:\/\/www.electroluxprofessional.com\/cz\/wp-json\/wp\/v2\/pages"}],"about":[{"href":"https:\/\/www.electroluxprofessional.com\/cz\/wp-json\/wp\/v2\/types\/page"}],"author":[{"embeddable":true,"href":"https:\/\/www.electroluxprofessional.com\/cz\/wp-json\/wp\/v2\/users\/1"}],"replies":[{"embeddable":true,"href":"https:\/\/www.electroluxprofessional.com\/cz\/wp-json\/wp\/v2\/comments?post=12199"}],"version-history":[{"count":8,"href":"https:\/\/www.electroluxprofessional.com\/cz\/wp-json\/wp\/v2\/pages\/12199\/revisions"}],"predecessor-version":[{"id":12434,"href":"https:\/\/www.electroluxprofessional.com\/cz\/wp-json\/wp\/v2\/pages\/12199\/revisions\/12434"}],"wp:attachment":[{"href":"https:\/\/www.electroluxprofessional.com\/cz\/wp-json\/wp\/v2\/media?parent=12199"}],"curies":[{"name":"wp","href":"https:\/\/api.w.org\/{rel}","templated":true}]}}