{"id":11955,"date":"2024-05-02T08:03:54","date_gmt":"2024-05-02T08:03:54","guid":{"rendered":"https:\/\/www.electroluxprofessional.com\/cz\/?page_id=11955"},"modified":"2024-05-02T08:12:13","modified_gmt":"2024-05-02T08:12:13","slug":"claurusvibe-menu-images-generator","status":"publish","type":"page","link":"https:\/\/www.electroluxprofessional.com\/cz\/commercial-laundry-equipment\/commercial-washers-3\/claurusvibe-menu-images-generator\/","title":{"rendered":"ClarusVibe menu images generator"},"content":{"rendered":"<p>[vc_row full_width=&#8221;electroluxpro-full-width-no-padding&#8221;][vc_column][vc_single_image image=&#8221;11953&#8243; img_size=&#8221;2000x350px&#8221; alignment=&#8221;center&#8221;][vc_empty_space][\/vc_column][\/vc_row][vc_row][vc_column][elx_heading font_container=&#8221;h1&#8243; text_color=&#8221;inherit&#8221; text_align=&#8221;text-center&#8221;]P\u0159izp\u016fsobte si displej ClarusVibe[\/elx_heading][\/vc_column][\/vc_row][vc_row][vc_column][vc_column_text]<\/p>\n<p style=\"text-align: center;\">Vytvo\u0159te si vlastn\u00ed ikony pro pou\u017eit\u00ed ve va\u0161em ClarusVibe a p\u0159izp\u016fsobte si vlastn\u00ed obr\u00e1zky nab\u00eddky spot\u0159ebi\u010d\u016f Line 6000.<\/p>\n<p>[\/vc_column_text][elx_o2000_clarusvibe_resize_tool language=&#8221;cz&#8221;][\/vc_column][\/vc_row][vc_row][vc_column][elx_heading text_color=&#8221;inherit&#8221;]Discover the Line 6000 family[\/elx_heading][\/vc_column][\/vc_row][vc_row][vc_column width=&#8221;1\/3&#8243;][elx_maylike_box id_box=&#8221;5653&#8243;][\/vc_column][vc_column width=&#8221;1\/3&#8243;][elx_maylike_box id_box=&#8221;5691&#8243;][\/vc_column][vc_column width=&#8221;1\/3&#8243;][elx_maylike_box id_box=&#8221;5690&#8243;][\/vc_column][\/vc_row]<\/p>\n","protected":false},"excerpt":{"rendered":"<p>[vc_row full_width=&#8221;electroluxpro-full-width-no-padding&#8221;][vc_column][vc_single_image image=&#8221;11953&#8243; img_size=&#8221;2000x350px&#8221; alignment=&#8221;center&#8221;][vc_empty_space][\/vc_column][\/vc_row][vc_row][vc_column][elx_heading font_container=&#8221;h1&#8243; text_color=&#8221;inherit&#8221; text_align=&#8221;text-center&#8221;]P\u0159izp\u016fsobte si displej ClarusVibe[\/elx_heading][\/vc_column][\/vc_row][vc_row][vc_column][vc_column_text] Vytvo\u0159te si vlastn\u00ed ikony pro pou\u017eit\u00ed ve va\u0161em ClarusVibe a p\u0159izp\u016fsobte si vlastn\u00ed obr\u00e1zky nab\u00eddky spot\u0159ebi\u010d\u016f Line 6000. [\/vc_column_text][elx_o2000_clarusvibe_resize_tool language=&#8221;cz&#8221;][\/vc_column][\/vc_row][vc_row][vc_column][elx_heading text_color=&#8221;inherit&#8221;]Discover the Line 6000 family[\/elx_heading][\/vc_column][\/vc_row][vc_row][vc_column width=&#8221;1\/3&#8243;][elx_maylike_box id_box=&#8221;5653&#8243;][\/vc_column][vc_column width=&#8221;1\/3&#8243;][elx_maylike_box id_box=&#8221;5691&#8243;][\/vc_column][vc_column width=&#8221;1\/3&#8243;][elx_maylike_box id_box=&#8221;5690&#8243;][\/vc_column][\/vc_row]<\/p>\n","protected":false},"author":39,"featured_media":0,"parent":9150,"menu_order":0,"comment_status":"closed","ping_status":"closed","template":"","meta":{"footnotes":""},"class_list":["post-11955","page","type-page","status-publish","hentry"],"acf":[],"yoast_head":"<!-- This site is optimized with the Yoast SEO plugin v23.3 - https:\/\/yoast.com\/wordpress\/plugins\/seo\/ -->\n<title>ClarusVibe menu images generator - Electrolux Professional \u010cesk\u00e1 republika<\/title>\n<meta name=\"description\" content=\"Generate your own SkyLine menu images and customize your menus. By using this tool by Electrolux Professional you will be able to create your own icons to be used in your SkyLine appliances.\" \/>\n<meta name=\"robots\" content=\"index, follow, max-snippet:-1, max-image-preview:large, max-video-preview:-1\" \/>\n<link rel=\"canonical\" href=\"https:\/\/www.electroluxprofessional.com\/cz\/commercial-laundry-equipment\/commercial-washers-3\/claurusvibe-menu-images-generator\/\" \/>\n<meta property=\"og:locale\" content=\"cs_CZ\" \/>\n<meta property=\"og:type\" content=\"article\" \/>\n<meta property=\"og:title\" content=\"ClarusVibe menu images generator - Electrolux Professional \u010cesk\u00e1 republika\" \/>\n<meta property=\"og:description\" content=\"Generate your own SkyLine menu images and customize your menus. By using this tool by Electrolux Professional you will be able to create your own icons to be used in your SkyLine appliances.\" \/>\n<meta property=\"og:url\" content=\"https:\/\/www.electroluxprofessional.com\/cz\/commercial-laundry-equipment\/commercial-washers-3\/claurusvibe-menu-images-generator\/\" \/>\n<meta property=\"og:site_name\" content=\"Electrolux Professional \u010cesk\u00e1 republika\" \/>\n<meta property=\"article:publisher\" content=\"https:\/\/www.facebook.com\/electroluxprofessional\" \/>\n<meta property=\"article:modified_time\" content=\"2024-05-02T08:12:13+00:00\" \/>\n<meta name=\"twitter:card\" content=\"summary_large_image\" \/>\n<meta name=\"twitter:site\" content=\"@ElectroluxPro\" \/>\n<meta name=\"twitter:label1\" content=\"Odhadovan\u00e1 doba \u010dten\u00ed\" \/>\n\t<meta name=\"twitter:data1\" content=\"1 minuta\" \/>\n<script type=\"application\/ld+json\" class=\"yoast-schema-graph\">{\"@context\":\"https:\/\/schema.org\",\"@graph\":[{\"@type\":\"WebPage\",\"@id\":\"https:\/\/www.electroluxprofessional.com\/cz\/commercial-laundry-equipment\/commercial-washers-3\/claurusvibe-menu-images-generator\/\",\"url\":\"https:\/\/www.electroluxprofessional.com\/cz\/commercial-laundry-equipment\/commercial-washers-3\/claurusvibe-menu-images-generator\/\",\"name\":\"ClarusVibe menu images generator - Electrolux Professional \u010cesk\u00e1 republika\",\"isPartOf\":{\"@id\":\"https:\/\/www.electroluxprofessional.com\/cz\/#website\"},\"datePublished\":\"2024-05-02T08:03:54+00:00\",\"dateModified\":\"2024-05-02T08:12:13+00:00\",\"description\":\"Generate your own SkyLine menu images and customize your menus. By using this tool by Electrolux Professional you will be able to create your own icons to be used in your SkyLine appliances.\",\"breadcrumb\":{\"@id\":\"https:\/\/www.electroluxprofessional.com\/cz\/commercial-laundry-equipment\/commercial-washers-3\/claurusvibe-menu-images-generator\/#breadcrumb\"},\"inLanguage\":\"cs\",\"potentialAction\":[{\"@type\":\"ReadAction\",\"target\":[\"https:\/\/www.electroluxprofessional.com\/cz\/commercial-laundry-equipment\/commercial-washers-3\/claurusvibe-menu-images-generator\/\"]}]},{\"@type\":\"BreadcrumbList\",\"@id\":\"https:\/\/www.electroluxprofessional.com\/cz\/commercial-laundry-equipment\/commercial-washers-3\/claurusvibe-menu-images-generator\/#breadcrumb\",\"itemListElement\":[{\"@type\":\"ListItem\",\"position\":1,\"name\":\"Home\",\"item\":\"https:\/\/www.electroluxprofessional.com\/cz\/\"},{\"@type\":\"ListItem\",\"position\":2,\"name\":\"Profesion\u00e1ln\u00ed pr\u00e1delny\",\"item\":\"https:\/\/www.electroluxprofessional.com\/cz\/commercial-laundry-equipment\/\"},{\"@type\":\"ListItem\",\"position\":3,\"name\":\"Pr\u016fmyslov\u00e9 pra\u010dky\",\"item\":\"https:\/\/www.electroluxprofessional.com\/cz\/commercial-laundry-equipment\/commercial-washers-3\/\"},{\"@type\":\"ListItem\",\"position\":4,\"name\":\"ClarusVibe menu images generator\"}]},{\"@type\":\"WebSite\",\"@id\":\"https:\/\/www.electroluxprofessional.com\/cz\/#website\",\"url\":\"https:\/\/www.electroluxprofessional.com\/cz\/\",\"name\":\"Electrolux Professional \u010cesk\u00e1 republika\",\"description\":\"\",\"potentialAction\":[{\"@type\":\"SearchAction\",\"target\":{\"@type\":\"EntryPoint\",\"urlTemplate\":\"https:\/\/www.electroluxprofessional.com\/cz\/?src={search_term_string}\"},\"query-input\":\"required name=search_term_string\"}],\"inLanguage\":\"cs\"}]}<\/script>\n<!-- \/ Yoast SEO plugin. -->","yoast_head_json":{"title":"ClarusVibe menu images generator - Electrolux Professional \u010cesk\u00e1 republika","description":"Generate your own SkyLine menu images and customize your menus. By using this tool by Electrolux Professional you will be able to create your own icons to be used in your SkyLine appliances.","robots":{"index":"index","follow":"follow","max-snippet":"max-snippet:-1","max-image-preview":"max-image-preview:large","max-video-preview":"max-video-preview:-1"},"canonical":"https:\/\/www.electroluxprofessional.com\/cz\/commercial-laundry-equipment\/commercial-washers-3\/claurusvibe-menu-images-generator\/","og_locale":"cs_CZ","og_type":"article","og_title":"ClarusVibe menu images generator - Electrolux Professional \u010cesk\u00e1 republika","og_description":"Generate your own SkyLine menu images and customize your menus. By using this tool by Electrolux Professional you will be able to create your own icons to be used in your SkyLine appliances.","og_url":"https:\/\/www.electroluxprofessional.com\/cz\/commercial-laundry-equipment\/commercial-washers-3\/claurusvibe-menu-images-generator\/","og_site_name":"Electrolux Professional \u010cesk\u00e1 republika","article_publisher":"https:\/\/www.facebook.com\/electroluxprofessional","article_modified_time":"2024-05-02T08:12:13+00:00","twitter_card":"summary_large_image","twitter_site":"@ElectroluxPro","twitter_misc":{"Odhadovan\u00e1 doba \u010dten\u00ed":"1 minuta"},"schema":{"@context":"https:\/\/schema.org","@graph":[{"@type":"WebPage","@id":"https:\/\/www.electroluxprofessional.com\/cz\/commercial-laundry-equipment\/commercial-washers-3\/claurusvibe-menu-images-generator\/","url":"https:\/\/www.electroluxprofessional.com\/cz\/commercial-laundry-equipment\/commercial-washers-3\/claurusvibe-menu-images-generator\/","name":"ClarusVibe menu images generator - Electrolux Professional \u010cesk\u00e1 republika","isPartOf":{"@id":"https:\/\/www.electroluxprofessional.com\/cz\/#website"},"datePublished":"2024-05-02T08:03:54+00:00","dateModified":"2024-05-02T08:12:13+00:00","description":"Generate your own SkyLine menu images and customize your menus. By using this tool by Electrolux Professional you will be able to create your own icons to be used in your SkyLine appliances.","breadcrumb":{"@id":"https:\/\/www.electroluxprofessional.com\/cz\/commercial-laundry-equipment\/commercial-washers-3\/claurusvibe-menu-images-generator\/#breadcrumb"},"inLanguage":"cs","potentialAction":[{"@type":"ReadAction","target":["https:\/\/www.electroluxprofessional.com\/cz\/commercial-laundry-equipment\/commercial-washers-3\/claurusvibe-menu-images-generator\/"]}]},{"@type":"BreadcrumbList","@id":"https:\/\/www.electroluxprofessional.com\/cz\/commercial-laundry-equipment\/commercial-washers-3\/claurusvibe-menu-images-generator\/#breadcrumb","itemListElement":[{"@type":"ListItem","position":1,"name":"Home","item":"https:\/\/www.electroluxprofessional.com\/cz\/"},{"@type":"ListItem","position":2,"name":"Profesion\u00e1ln\u00ed pr\u00e1delny","item":"https:\/\/www.electroluxprofessional.com\/cz\/commercial-laundry-equipment\/"},{"@type":"ListItem","position":3,"name":"Pr\u016fmyslov\u00e9 pra\u010dky","item":"https:\/\/www.electroluxprofessional.com\/cz\/commercial-laundry-equipment\/commercial-washers-3\/"},{"@type":"ListItem","position":4,"name":"ClarusVibe menu images generator"}]},{"@type":"WebSite","@id":"https:\/\/www.electroluxprofessional.com\/cz\/#website","url":"https:\/\/www.electroluxprofessional.com\/cz\/","name":"Electrolux Professional \u010cesk\u00e1 republika","description":"","potentialAction":[{"@type":"SearchAction","target":{"@type":"EntryPoint","urlTemplate":"https:\/\/www.electroluxprofessional.com\/cz\/?src={search_term_string}"},"query-input":"required name=search_term_string"}],"inLanguage":"cs"}]}},"_links":{"self":[{"href":"https:\/\/www.electroluxprofessional.com\/cz\/wp-json\/wp\/v2\/pages\/11955"}],"collection":[{"href":"https:\/\/www.electroluxprofessional.com\/cz\/wp-json\/wp\/v2\/pages"}],"about":[{"href":"https:\/\/www.electroluxprofessional.com\/cz\/wp-json\/wp\/v2\/types\/page"}],"author":[{"embeddable":true,"href":"https:\/\/www.electroluxprofessional.com\/cz\/wp-json\/wp\/v2\/users\/39"}],"replies":[{"embeddable":true,"href":"https:\/\/www.electroluxprofessional.com\/cz\/wp-json\/wp\/v2\/comments?post=11955"}],"version-history":[{"count":2,"href":"https:\/\/www.electroluxprofessional.com\/cz\/wp-json\/wp\/v2\/pages\/11955\/revisions"}],"predecessor-version":[{"id":11959,"href":"https:\/\/www.electroluxprofessional.com\/cz\/wp-json\/wp\/v2\/pages\/11955\/revisions\/11959"}],"up":[{"embeddable":true,"href":"https:\/\/www.electroluxprofessional.com\/cz\/wp-json\/wp\/v2\/pages\/9150"}],"wp:attachment":[{"href":"https:\/\/www.electroluxprofessional.com\/cz\/wp-json\/wp\/v2\/media?parent=11955"}],"curies":[{"name":"wp","href":"https:\/\/api.w.org\/{rel}","templated":true}]}}