{"id":1193,"date":"2017-01-29T19:00:53","date_gmt":"2017-01-29T18:00:53","guid":{"rendered":"https:\/\/www.electroluxprofessional.com\/cz\/?page_id=1193"},"modified":"2024-07-01T12:52:48","modified_gmt":"2024-07-01T12:52:48","slug":"cookies-guideline","status":"publish","type":"page","link":"https:\/\/www.electroluxprofessional.com\/cz\/cookies-guideline\/","title":{"rendered":"Z\u00e1sady pou\u017e\u00edv\u00e1n\u00ed soubor\u016f cookie"},"content":{"rendered":"<p>[vc_row][vc_column][vc_column_text]<\/p>\n<h1><strong>Z\u00e1sady pou\u017e\u00edv\u00e1n\u00ed soubor\u016f cookie spole\u010dnosti Electrolux<\/strong><\/h1>\n<p>&nbsp;<\/p>\n<p>V t\u011bchto z\u00e1sad\u00e1ch pou\u017e\u00edv\u00e1me term\u00edn \u201esoubory cookie\u201c, kter\u00fdm se odkazujeme na soubory cookie nebo jin\u00e9 obdobn\u00e9 technologie, kter\u00e9 jsou uvedeny v evropsk\u00e9 sm\u011brnici o soukrom\u00ed a elektronick\u00fdch komunikac\u00edch.<\/p>\n<p><strong>Co je soubor cookie?<\/strong><\/p>\n<p>Soubory cookie p\u0159edstavuj\u00ed mal\u00e9 textov\u00e9 soubory vytvo\u0159en\u00e9 nav\u0161t\u00edvenou webovou str\u00e1nkou, kter\u00e9 obsahuj\u00ed ur\u010dit\u00e9 \u00fadaje. Jsou ukl\u00e1d\u00e1ny na po\u010d\u00edta\u010di n\u00e1v\u0161t\u011bvn\u00edka, aby u\u017eivateli umo\u017enili p\u0159\u00edstup k r\u016fzn\u00fdm funkc\u00edm. Na na\u0161ich str\u00e1nk\u00e1ch vyu\u017e\u00edv\u00e1me jak rela\u010dn\u00ed tak permanentn\u00ed soubory cookie. Rela\u010dn\u00ed soubor cookie je do\u010dasn\u011b ulo\u017een v pam\u011bti po\u010d\u00edta\u010de, zat\u00edmco si n\u00e1v\u0161t\u011bvn\u00edk prohl\u00ed\u017e\u00ed danou webovou str\u00e1nku. Tento soubor cookie se vyma\u017ee, jakmile u\u017eivatel zav\u0159e internetov\u00fd prohl\u00ed\u017ee\u010d nebo kdy\u017e uplyne vymezen\u00fd \u010das (vypr\u0161\u00ed platnost dan\u00e9 relace). Permanentn\u00ed soubor cookie z\u016fst\u00e1v\u00e1 ulo\u017een\u00fd na po\u010d\u00edta\u010di n\u00e1v\u0161t\u011bvn\u00edka, dokud nen\u00ed vymaz\u00e1n.<\/p>\n<p><strong>Pro\u010d pou\u017e\u00edv\u00e1me soubory cookie?<\/strong><\/p>\n<p>Soubory cookie pou\u017e\u00edv\u00e1me k tomu, abychom se v\u00edce dozv\u011bd\u011bli o zp\u016fsobu, jak\u00fdm n\u00e1v\u0161t\u011bvn\u00edci pracuj\u00ed s obsahem na\u0161ich webov\u00fdch str\u00e1nek, co\u017e n\u00e1m pom\u00e1h\u00e1 zlep\u0161ovat z\u00e1\u017eitky z n\u00e1v\u0161t\u011bvy t\u011bchto str\u00e1nek.<\/p>\n<p><strong>Funk\u010dnost a obsah str\u00e1nek<\/strong><\/p>\n<p>N\u00e1v\u0161t\u011bvn\u00edci vyu\u017e\u00edvaj\u00ed funkce sd\u00edlen\u00ed, pomoc\u00ed kter\u00e9 doporu\u010duj\u00ed na\u0161e str\u00e1nky a jejich obsah na soci\u00e1ln\u00edch s\u00edt\u00edch jako Facebook nebo Twitter. Soubory cookie uchov\u00e1vaj\u00ed informace o tom, jak n\u00e1v\u0161t\u011bvn\u00edci pou\u017e\u00edvaj\u00ed funkci sd\u00edlen\u00ed \u2013 ne v\u0161ak na individu\u00e1ln\u00ed \u00farovni \u2013 aby mohly b\u00fdt str\u00e1nky pozd\u011bji vylep\u0161eny. Pokud nepovol\u00edte pou\u017e\u00edv\u00e1n\u00ed soubor\u016f cookie, nejsou uchov\u00e1v\u00e1ny \u017e\u00e1dn\u00e9 informace. U n\u011bkter\u00fdch funkc\u00ed v r\u00e1mci na\u0161ich webov\u00fdch str\u00e1nek vyu\u017e\u00edv\u00e1me slu\u017eeb t\u0159et\u00edch stran, nap\u0159. kdy\u017e nav\u0161t\u00edv\u00edte str\u00e1nku s vlo\u017een\u00fdm videem nebo s odkazy na YouTube. Tato videa nebo odkazy (a jak\u00fdkoliv jin\u00fd obsah t\u0159et\u00edch stran) m\u016f\u017ee obsahovat soubory cookie t\u0159et\u00edch stran, jejich\u017e z\u00e1sady pou\u017e\u00edv\u00e1n\u00ed si m\u016f\u017eete p\u0159\u00e1t vyhledat a prostudovat na p\u0159\u00edslu\u0161n\u00fdch webov\u00fdch str\u00e1nk\u00e1ch t\u011bchto t\u0159et\u00edch stran.<\/p>\n<p><strong>Webov\u00e1 analytika<\/strong><\/p>\n<p>Tyto webov\u00e9 str\u00e1nky vyu\u017e\u00edvaj\u00ed slu\u017eby Google Analytics, kter\u00e1 vyu\u017e\u00edv\u00e1 soubor\u016f cookie. Z celkov\u00e9ho hlediska soubory cookie uchov\u00e1vaj\u00ed informace o tom, jak n\u00e1v\u0161t\u011bvn\u00edci vyu\u017e\u00edvaj\u00ed webov\u00e9 str\u00e1nky, v\u010detn\u011b po\u010dtu zobrazen\u00fdch str\u00e1nek, odkud n\u00e1v\u0161t\u011bvn\u00edci poch\u00e1z\u00ed a kolikr\u00e1t str\u00e1nky nav\u0161t\u00edvili. Tyto informace pak slou\u017e\u00ed ke zlep\u0161ov\u00e1n\u00ed t\u011bchto webov\u00fdch str\u00e1nek a k zaji\u0161\u0165ov\u00e1n\u00ed dobr\u00e9ho u\u017eivatelsk\u00e9ho z\u00e1\u017eitku. Pokud nepovol\u00edte pou\u017e\u00edv\u00e1n\u00ed soubor\u016f cookie, nejsou uchov\u00e1v\u00e1ny \u017e\u00e1dn\u00e9 informace.<\/p>\n<p><strong>Jak mohu odm\u00edtnout a vymazat soubory cookie?<\/strong><\/p>\n<p>Soubory cookie nepou\u017e\u00edv\u00e1me ke sb\u011bru osobn\u00edch \u00fadaj\u016f, kter\u00e9 lze pou\u017e\u00edt k identifikaci n\u00e1v\u0161t\u011bvn\u00edka. Nicm\u00e9n\u011b, pokud si tak p\u0159ejete u\u010dinit, m\u016f\u017eete zvolit mo\u017enost odm\u00edtnout \u010di blokovat soubory cookie pou\u017e\u00edvan\u00e9 v r\u00e1mci webov\u00fdch str\u00e1nek spole\u010dnosti Electrolux nebo t\u0159et\u00edch stran zm\u011bnou nastaven\u00ed va\u0161eho internetov\u00e9ho prohl\u00ed\u017ee\u010de \u2013 pro v\u00edce informac\u00ed viz \u201efunkce n\u00e1pov\u011bdy\u201c v r\u00e1mci va\u0161eho internetov\u00e9ho prohl\u00ed\u017ee\u010de. Berte pros\u00edm na v\u011bdom\u00ed, \u017ee v\u011bt\u0161ina internetov\u00fdch prohl\u00ed\u017ee\u010d\u016f povoluje pou\u017e\u00edv\u00e1n\u00ed soubor\u016f cookie, a pokud si tedy nep\u0159ejete soubory cookie pou\u017e\u00edvat, m\u016f\u017ee b\u00fdt zapot\u0159eb\u00ed soubory cookie aktivn\u011b blokovat \u010di mazat. Ohledn\u011b informac\u00ed o pou\u017e\u00edv\u00e1n\u00ed soubor\u016f cookie v internetov\u00fdch prohl\u00ed\u017ee\u010d\u00edch na mobiln\u00edch telefonech a podrobnost\u00ed o tom, jak takov\u00e9 soubory cookie zak\u00e1zat \u010di vymazat, viz n\u00e1vod k pou\u017eit\u00ed va\u0161eho mobiln\u00edho telefonu. Pokud odm\u00edtnete pou\u017e\u00edv\u00e1n\u00ed soubor\u016f cookie, budete st\u00e1le schopni nav\u0161t\u00edvit na\u0161e webov\u00e9 str\u00e1nky, ale n\u011bkter\u00e9 funkce nemus\u00ed spr\u00e1vn\u011b fungovat.[\/vc_column_text][\/vc_column][\/vc_row]<\/p>\n","protected":false},"excerpt":{"rendered":"<p>[vc_row][vc_column][vc_column_text] Z\u00e1sady pou\u017e\u00edv\u00e1n\u00ed soubor\u016f cookie spole\u010dnosti Electrolux &nbsp; V t\u011bchto z\u00e1sad\u00e1ch pou\u017e\u00edv\u00e1me term\u00edn \u201esoubory cookie\u201c, kter\u00fdm se odkazujeme na soubory cookie nebo jin\u00e9 obdobn\u00e9 technologie, kter\u00e9 jsou uvedeny v evropsk\u00e9 sm\u011brnici o soukrom\u00ed a elektronick\u00fdch komunikac\u00edch. Co je soubor cookie? Soubory cookie p\u0159edstavuj\u00ed mal\u00e9 textov\u00e9 soubory vytvo\u0159en\u00e9 nav\u0161t\u00edvenou webovou str\u00e1nkou, kter\u00e9 obsahuj\u00ed ur\u010dit\u00e9 \u00fadaje. Jsou [&hellip;]<\/p>\n","protected":false},"author":3,"featured_media":0,"parent":0,"menu_order":0,"comment_status":"closed","ping_status":"closed","template":"","meta":{"footnotes":""},"class_list":["post-1193","page","type-page","status-publish","hentry"],"acf":[],"yoast_head":"<!-- This site is optimized with the Yoast SEO plugin v23.3 - https:\/\/yoast.com\/wordpress\/plugins\/seo\/ -->\n<title>Z\u00e1sady pou\u017e\u00edv\u00e1n\u00ed soubor\u016f cookie - Electrolux Professional \u010cesk\u00e1 republika<\/title>\n<meta name=\"robots\" content=\"index, follow, max-snippet:-1, max-image-preview:large, max-video-preview:-1\" \/>\n<link rel=\"canonical\" href=\"https:\/\/www.electroluxprofessional.com\/cz\/cookies-guideline\/\" \/>\n<meta property=\"og:locale\" content=\"cs_CZ\" \/>\n<meta property=\"og:type\" content=\"article\" \/>\n<meta property=\"og:title\" content=\"Z\u00e1sady pou\u017e\u00edv\u00e1n\u00ed soubor\u016f cookie - Electrolux Professional \u010cesk\u00e1 republika\" \/>\n<meta property=\"og:description\" content=\"[vc_row][vc_column][vc_column_text] Z\u00e1sady pou\u017e\u00edv\u00e1n\u00ed soubor\u016f cookie spole\u010dnosti Electrolux &nbsp; V t\u011bchto z\u00e1sad\u00e1ch pou\u017e\u00edv\u00e1me term\u00edn \u201esoubory cookie\u201c, kter\u00fdm se odkazujeme na soubory cookie nebo jin\u00e9 obdobn\u00e9 technologie, kter\u00e9 jsou uvedeny v evropsk\u00e9 sm\u011brnici o soukrom\u00ed a elektronick\u00fdch komunikac\u00edch. Co je soubor cookie? Soubory cookie p\u0159edstavuj\u00ed mal\u00e9 textov\u00e9 soubory vytvo\u0159en\u00e9 nav\u0161t\u00edvenou webovou str\u00e1nkou, kter\u00e9 obsahuj\u00ed ur\u010dit\u00e9 \u00fadaje. Jsou [&hellip;]\" \/>\n<meta property=\"og:url\" content=\"https:\/\/www.electroluxprofessional.com\/cz\/cookies-guideline\/\" \/>\n<meta property=\"og:site_name\" content=\"Electrolux Professional \u010cesk\u00e1 republika\" \/>\n<meta property=\"article:publisher\" content=\"https:\/\/www.facebook.com\/electroluxprofessional\" \/>\n<meta property=\"article:modified_time\" content=\"2024-07-01T12:52:48+00:00\" \/>\n<meta name=\"twitter:card\" content=\"summary_large_image\" \/>\n<meta name=\"twitter:site\" content=\"@ElectroluxPro\" \/>\n<meta name=\"twitter:label1\" content=\"Odhadovan\u00e1 doba \u010dten\u00ed\" \/>\n\t<meta name=\"twitter:data1\" content=\"4 minuty\" \/>\n<script type=\"application\/ld+json\" class=\"yoast-schema-graph\">{\"@context\":\"https:\/\/schema.org\",\"@graph\":[{\"@type\":\"WebPage\",\"@id\":\"https:\/\/www.electroluxprofessional.com\/cz\/cookies-guideline\/\",\"url\":\"https:\/\/www.electroluxprofessional.com\/cz\/cookies-guideline\/\",\"name\":\"Z\u00e1sady pou\u017e\u00edv\u00e1n\u00ed soubor\u016f cookie - Electrolux Professional \u010cesk\u00e1 republika\",\"isPartOf\":{\"@id\":\"https:\/\/www.electroluxprofessional.com\/cz\/#website\"},\"datePublished\":\"2017-01-29T18:00:53+00:00\",\"dateModified\":\"2024-07-01T12:52:48+00:00\",\"breadcrumb\":{\"@id\":\"https:\/\/www.electroluxprofessional.com\/cz\/cookies-guideline\/#breadcrumb\"},\"inLanguage\":\"cs\",\"potentialAction\":[{\"@type\":\"ReadAction\",\"target\":[\"https:\/\/www.electroluxprofessional.com\/cz\/cookies-guideline\/\"]}]},{\"@type\":\"BreadcrumbList\",\"@id\":\"https:\/\/www.electroluxprofessional.com\/cz\/cookies-guideline\/#breadcrumb\",\"itemListElement\":[{\"@type\":\"ListItem\",\"position\":1,\"name\":\"Home\",\"item\":\"https:\/\/www.electroluxprofessional.com\/cz\/\"},{\"@type\":\"ListItem\",\"position\":2,\"name\":\"Z\u00e1sady pou\u017e\u00edv\u00e1n\u00ed soubor\u016f cookie\"}]},{\"@type\":\"WebSite\",\"@id\":\"https:\/\/www.electroluxprofessional.com\/cz\/#website\",\"url\":\"https:\/\/www.electroluxprofessional.com\/cz\/\",\"name\":\"Electrolux Professional \u010cesk\u00e1 republika\",\"description\":\"\",\"potentialAction\":[{\"@type\":\"SearchAction\",\"target\":{\"@type\":\"EntryPoint\",\"urlTemplate\":\"https:\/\/www.electroluxprofessional.com\/cz\/?src={search_term_string}\"},\"query-input\":\"required name=search_term_string\"}],\"inLanguage\":\"cs\"}]}<\/script>\n<!-- \/ Yoast SEO plugin. -->","yoast_head_json":{"title":"Z\u00e1sady pou\u017e\u00edv\u00e1n\u00ed soubor\u016f cookie - Electrolux Professional \u010cesk\u00e1 republika","robots":{"index":"index","follow":"follow","max-snippet":"max-snippet:-1","max-image-preview":"max-image-preview:large","max-video-preview":"max-video-preview:-1"},"canonical":"https:\/\/www.electroluxprofessional.com\/cz\/cookies-guideline\/","og_locale":"cs_CZ","og_type":"article","og_title":"Z\u00e1sady pou\u017e\u00edv\u00e1n\u00ed soubor\u016f cookie - Electrolux Professional \u010cesk\u00e1 republika","og_description":"[vc_row][vc_column][vc_column_text] Z\u00e1sady pou\u017e\u00edv\u00e1n\u00ed soubor\u016f cookie spole\u010dnosti Electrolux &nbsp; V t\u011bchto z\u00e1sad\u00e1ch pou\u017e\u00edv\u00e1me term\u00edn \u201esoubory cookie\u201c, kter\u00fdm se odkazujeme na soubory cookie nebo jin\u00e9 obdobn\u00e9 technologie, kter\u00e9 jsou uvedeny v evropsk\u00e9 sm\u011brnici o soukrom\u00ed a elektronick\u00fdch komunikac\u00edch. Co je soubor cookie? Soubory cookie p\u0159edstavuj\u00ed mal\u00e9 textov\u00e9 soubory vytvo\u0159en\u00e9 nav\u0161t\u00edvenou webovou str\u00e1nkou, kter\u00e9 obsahuj\u00ed ur\u010dit\u00e9 \u00fadaje. Jsou [&hellip;]","og_url":"https:\/\/www.electroluxprofessional.com\/cz\/cookies-guideline\/","og_site_name":"Electrolux Professional \u010cesk\u00e1 republika","article_publisher":"https:\/\/www.facebook.com\/electroluxprofessional","article_modified_time":"2024-07-01T12:52:48+00:00","twitter_card":"summary_large_image","twitter_site":"@ElectroluxPro","twitter_misc":{"Odhadovan\u00e1 doba \u010dten\u00ed":"4 minuty"},"schema":{"@context":"https:\/\/schema.org","@graph":[{"@type":"WebPage","@id":"https:\/\/www.electroluxprofessional.com\/cz\/cookies-guideline\/","url":"https:\/\/www.electroluxprofessional.com\/cz\/cookies-guideline\/","name":"Z\u00e1sady pou\u017e\u00edv\u00e1n\u00ed soubor\u016f cookie - Electrolux Professional \u010cesk\u00e1 republika","isPartOf":{"@id":"https:\/\/www.electroluxprofessional.com\/cz\/#website"},"datePublished":"2017-01-29T18:00:53+00:00","dateModified":"2024-07-01T12:52:48+00:00","breadcrumb":{"@id":"https:\/\/www.electroluxprofessional.com\/cz\/cookies-guideline\/#breadcrumb"},"inLanguage":"cs","potentialAction":[{"@type":"ReadAction","target":["https:\/\/www.electroluxprofessional.com\/cz\/cookies-guideline\/"]}]},{"@type":"BreadcrumbList","@id":"https:\/\/www.electroluxprofessional.com\/cz\/cookies-guideline\/#breadcrumb","itemListElement":[{"@type":"ListItem","position":1,"name":"Home","item":"https:\/\/www.electroluxprofessional.com\/cz\/"},{"@type":"ListItem","position":2,"name":"Z\u00e1sady pou\u017e\u00edv\u00e1n\u00ed soubor\u016f cookie"}]},{"@type":"WebSite","@id":"https:\/\/www.electroluxprofessional.com\/cz\/#website","url":"https:\/\/www.electroluxprofessional.com\/cz\/","name":"Electrolux Professional \u010cesk\u00e1 republika","description":"","potentialAction":[{"@type":"SearchAction","target":{"@type":"EntryPoint","urlTemplate":"https:\/\/www.electroluxprofessional.com\/cz\/?src={search_term_string}"},"query-input":"required name=search_term_string"}],"inLanguage":"cs"}]}},"_links":{"self":[{"href":"https:\/\/www.electroluxprofessional.com\/cz\/wp-json\/wp\/v2\/pages\/1193"}],"collection":[{"href":"https:\/\/www.electroluxprofessional.com\/cz\/wp-json\/wp\/v2\/pages"}],"about":[{"href":"https:\/\/www.electroluxprofessional.com\/cz\/wp-json\/wp\/v2\/types\/page"}],"author":[{"embeddable":true,"href":"https:\/\/www.electroluxprofessional.com\/cz\/wp-json\/wp\/v2\/users\/3"}],"replies":[{"embeddable":true,"href":"https:\/\/www.electroluxprofessional.com\/cz\/wp-json\/wp\/v2\/comments?post=1193"}],"version-history":[{"count":5,"href":"https:\/\/www.electroluxprofessional.com\/cz\/wp-json\/wp\/v2\/pages\/1193\/revisions"}],"predecessor-version":[{"id":12319,"href":"https:\/\/www.electroluxprofessional.com\/cz\/wp-json\/wp\/v2\/pages\/1193\/revisions\/12319"}],"wp:attachment":[{"href":"https:\/\/www.electroluxprofessional.com\/cz\/wp-json\/wp\/v2\/media?parent=1193"}],"curies":[{"name":"wp","href":"https:\/\/api.w.org\/{rel}","templated":true}]}}