{"id":11654,"date":"2024-03-26T08:16:49","date_gmt":"2024-03-26T08:16:49","guid":{"rendered":"https:\/\/www.electroluxprofessional.com\/cz\/?page_id=11654"},"modified":"2025-11-14T08:19:21","modified_gmt":"2025-11-14T08:19:21","slug":"promoakce-mycky-2025-akcni-ceny-sleva","status":"publish","type":"page","link":"https:\/\/www.electroluxprofessional.com\/cz\/promoakce-mycky-2025-akcni-ceny-sleva\/","title":{"rendered":"Promoakce my\u010dky 2025"},"content":{"rendered":"<p>[vc_row full_width=&#8221;electroluxpro-full-width-no-padding&#8221;][vc_column content_position=&#8221;center&#8221; el_class=&#8221;text-center&#8221;][elx_promo_top_banner title=&#8221;V\u017edy s n\u011b\u010d\u00edm nav\u00edc: Myt\u00ed n\u00e1dob\u00ed&#8221; carousel=&#8221;%5B%7B%22text_carousel%22%3A%22Vyberte%20si%20z%20nab%C3%ADdky%20Electrolux%20Professional%20za%20speci%C3%A1ln%C3%AD%20ceny.%5Cn%3Cbr%3E%3Cb%3EAk%C4%8Dn%C3%AD%20nab%C3%ADdka%20je%20platn%C3%A1%20od%2020.%20ledna%20do%2030.%20listopadu%202025%5Cn%3Cbr%3E%3Cb%3Epro%20po%C5%BEadovan%C3%A9%20dod%C3%A1vky%20max.%20do%2019.12.%202025%5Cn%3Cbr%3E%5Cn%3Cbr%3E*prohl%C3%A9dnout%20%3Ca%20href%3D%5C%22https%3A%2F%2Fwww.electroluxprofessional.com%2Fcz%2Fwp-content%2Fuploads%2F2025%2F05%2FElectrolux-Professional-Terms-and-conditions_CZ_2025-rev2.pdf%5C%22%3E%3Cb%3EV%C5%A0EOBECN%C3%89%20OBCHODN%C3%8D%20PODM%C3%8DNKY%3C%2Fb%3E%3C%2Fa%3E%22%2C%22image_carousel%22%3A%2213213%22%2C%22link_carousel%22%3A%22url%3A%2523promo-contactus%7Ctitle%3AKONTAKTUJTE%2520N%25C3%2581S%2520PRO%2520OBJEDN%25C3%2581VKU%22%2C%22select_type%22%3A%22link%22%7D%2C%7B%22text_carousel%22%3A%22Vyberte%20si%20z%20nab%C3%ADdky%20Electrolux%20Professional%20za%20speci%C3%A1ln%C3%AD%20ceny.%5Cn%3Cbr%3E%3Cb%3EAk%C4%8Dn%C3%AD%20nab%C3%ADdka%20je%20platn%C3%A1%20od%2020.%20ledna%20do%2030.%20listopadu%202025%5Cn%3Cbr%3E%3Cb%3Epro%20po%C5%BEadovan%C3%A9%20dod%C3%A1vky%20max.%20do%2019.12.2025%5Cn%3Cbr%3E%5Cn%3Cbr%3E*prohl%C3%A9dnout%20%3Ca%20href%3D%5C%22https%3A%2F%2Fwww.electroluxprofessional.com%2Fcz%2Fwp-content%2Fuploads%2F2025%2F05%2FElectrolux-Professional-Terms-and-conditions_CZ_2025-rev2.pdf%5C%22%3E%3Cb%3EV%C5%A0EOBECN%C3%89%20OBCHODN%C3%8D%20PODM%C3%8DNKY%3C%2Fb%3E%3C%2Fa%3E%22%2C%22image_carousel%22%3A%2211826%22%2C%22select_type%22%3A%22link%22%2C%22link_download%22%3A%22url%3A%2523promo-contactus%7Ctitle%3AKONTAKTUJTE%2520N%25C3%2581S%2520PRO%2520OBJEDN%25C3%2581VKU%22%7D%5D&#8221;][vc_empty_space height=&#8221;40px&#8221;][\/vc_column][\/vc_row][vc_row full_width=&#8221;electroluxpro-full-width-no-padding&#8221;][vc_column][elx_promo_2_3_columns_and_icons bgcolor=&#8221;bg-row-light-blue&#8221; colnumber=&#8221;3&#8243; title=&#8221;Vynikaj\u00edc\u00ed v\u00fdkon a hygiena&#8221; col1_icon=&#8221;elx-icon icon-circle-clean-blue&#8221; col1_title=&#8221;Vynikaj\u00edc\u00ed v\u00fdsledky myt\u00ed&#8221; col1_text=&#8221;Ide\u00e1ln\u00ed my\u010dka na tal\u00ed\u0159e, \u0161\u00e1lky, n\u00e1\u010din\u00ed, podnosy, GN n\u00e1doby a p\u0159\u00edbory s v\u00fdjime\u010dn\u00fdm odstra\u0148ov\u00e1n\u00edm myc\u00edho prost\u0159edku.&#8221; col2_icon=&#8221;elx-icon icon-circle-bacteria-blue&#8221; col2_title=&#8221;Optim\u00e1ln\u00ed v\u00fdkon&#8221; col2_text=&#8221;V\u00fdkonn\u00fd myc\u00ed tlak a perfektn\u00ed v\u00fdsledky d\u00edky dvojit\u00fdm horn\u00edm a spodn\u00edm myc\u00edm a oplachov\u00fdm ramen\u016fm u vybran\u00fdch model\u016f.&#8221; col3_icon=&#8221;elx-icon icon-circle-easy-blue&#8221; col3_title=&#8221;Snadn\u00e9 pou\u017eit\u00ed a \u00fadr\u017eba&#8221; col3_text=&#8221;Neust\u00e1l\u00e9 sledov\u00e1n\u00ed d\u00edky dob\u0159e viditeln\u00e9mu zobrazen\u00ed teploty. U\u017eivatelsky p\u0159\u00edjemn\u00e9 elektronick\u00e9 ovl\u00e1d\u00e1n\u00ed s autodiagnostikou.&#8221;][elx_promo_2_3_columns_and_icons bgcolor=&#8221;bg-row-sustainability-green&#8221; title=&#8221;S ohledem na \u017eivotn\u00ed prost\u0159ed\u00ed&#8221; col1_icon=&#8221;elx-icon icon-circle-savings-green-blue&#8221; col1_title=&#8221;\u00daspora n\u00e1klad\u016f na provoz&#8221; col1_text=&#8221;Men\u0161\u00ed spot\u0159eba vody, energie, myc\u00edho a le\u0161tic\u00edho prost\u0159edku znamen\u00e1 ni\u017e\u0161\u00ed provozn\u00ed n\u00e1klady a men\u0161\u00ed dopad na \u017eivotn\u00ed prost\u0159ed\u00ed.&#8221; col2_title=&#8221;Optim\u00e1ln\u00ed pracovn\u00ed prost\u0159ed\u00ed&#8221; col2_text=&#8221;Dvoupl\u00e1\u0161\u0165ov\u00e1 izolovan\u00e1 dv\u00ed\u0159ka a sk\u0159\u00ed\u0148 zaji\u0161\u0165uj\u00ed ti\u0161\u0161\u00ed provoz a men\u0161\u00ed rozptyl tepla u vybran\u00fdch model\u016f.&#8221; col2_icon=&#8221;elx-icon icon-circle-star-perfomance-blue&#8221;][\/vc_column][\/vc_row][vc_row full_width=&#8221;electroluxpro-full-width-no-padding&#8221;][vc_column][elx_promo_download_leaflet bg_row=&#8221;bg-light-grey&#8221; style_image=&#8221;image_square&#8221; title=&#8221;Pro v\u00edce informac\u00ed si st\u00e1hn\u011bte let\u00e1k&#8221; single_image=&#8221;12994&#8243; link_download=&#8221;url:https%3A%2F%2Fwww.electroluxprofessional.com%2Fcz%2Fwp-content%2Fuploads%2F2025%2F05%2FDishwashing-promotion-leaflet-2025-CZ-20250120-final_REV1.pdf|title:ST%C3%81HNOUT%20PDF|target:_blank&#8221;]Let\u00e1k poskytuje komplexn\u00ed podrobnosti a n\u00e1hledy na akci, abyste l\u00e9pe porozum\u011bli nab\u00eddce a jej\u00edm v\u00fdhod\u00e1m.[\/elx_promo_download_leaflet][\/vc_column][\/vc_row][vc_row el_id=&#8221;product&#8221;][vc_column][elx_promo_products_showcase order_col1=&#8221;1&#8243; image_col1=&#8221;11646&#8243; order_col2=&#8221;3&#8243; image_col2=&#8221;13004&#8243; order_col3=&#8221;2&#8243; image_col3=&#8221;11650&#8243; bg_color=&#8221;bg-light-grey&#8221; title=&#8221;Vyberte si spr\u00e1vn\u00e1 \u0159e\u0161en\u00ed pro va\u0161e podnik\u00e1n\u00ed&#8221; title_col1=&#8221;Pr\u016fchoz\u00ed my\u010dka n\u00e1dob\u00ed&#8221; prodcode_col1=&#8221;505089&#8243; title_col2=&#8221;My\u010dka skla NeoBlue S&#8221; link_col1=&#8221;url:https%3A%2F%2Ftools.electroluxprofessional.com%2FMirror%2FDoc%2FMAD2%2FElectrolux%2520Professional%2FCzech%2FCZ_505089_NHT8P%2520Promo.pdf%3Fversion%3D1712853530|title:Technick%C3%BD%20list|target:_blank&#8221; prodcode_col2=&#8221;402187&#8243; link_col2=&#8221;url:https%3A%2F%2Ftools.electroluxprofessional.com%2FMirror%2FDoc%2FMAD2%2FElectrolux%2520Professional%2FCzech%2FCZ_402187_SingleSkin%2520GW.pdf%3Fversion%3D1737631793|title:Technick%C3%BD%20list|target:_blank&#8221; link_col3=&#8221;url:https%3A%2F%2Ftools.electroluxprofessional.com%2FMirror%2FDoc%2FMAD2%2FElectrolux%2520Professional%2FCzech%2FCZ_402202_S%2520doubleskin%2520elektromech%2520GW.pdf%3Fversion%3D1712853770|title:Technick%C3%BD%20list&#8221; price_col1=&#8221;K\u010d 77.400.-&#8221; price_col2=&#8221;K\u010d 30.000,-&#8221; title_col3=&#8221;My\u010dka skla \u2013 dvoupl\u00e1\u0161\u0165ov\u00e1&#8221; prodcode_col3=&#8221;402202&#8243; price_col3=&#8221;K\u010d 40.700,-&#8220;][elx_promo_products_showcase order_col1=&#8221;1&#8243; image_col1=&#8221;14072&#8243; order_col2=&#8221;2&#8243; image_col2=&#8221;14073&#8243; order_col3=&#8221;3&#8243; bg_color=&#8221;bg-light-grey&#8221; title_col1=&#8221;NeoBlue Touch L&#8221; prodcode_col1=&#8221;400320&#8243; link_col1=&#8221;url:https%3A%2F%2Ftools.electroluxprofessional.com%2FMirror%2FDoc%2FMAD2%2FElectrolux%2520Professional%2FCzech%2FCZ_400320_NeoBlue%2520Touch%2520UC%2520DW%2520(L)%2520promo.pdf%3Fversion%3D1747063835|title:Technick%C3%BD%20list|target:_blank&#8221; price_col1=&#8221;K\u010d 45.700,-&#8221; title_col2=&#8221;NeoBlue Touch+ L&#8221; prodcode_col2=&#8221;400313&#8243; price_col2=&#8221;K\u010d 58.700,-&#8221; link_col2=&#8221;url:https%3A%2F%2Ftools.electroluxprofessional.com%2FMirror%2FDoc%2FMAD2%2FElectrolux%2520Professional%2FCzech%2FCZ_400313_UC%2520DW%2520(L)%2520400V.pdf%3Fversion%3D1737633101|title:Technick%C3%BD%20list|target:_blank&#8221; title=&#8221;Pro je\u0161t\u011b v\u00fdhodn\u011bj\u0161\u00ed ceny se obra\u0165te na nejbli\u017e\u0161\u00edho autorizovan\u00e9ho partnera!&#8221;][\/vc_column][\/vc_row][vc_row full_width=&#8221;electroluxpro-full-width-no-padding&#8221;][vc_column][vc_empty_space height=&#8221;40px&#8221;][elx_promo_why_2_3_columns_texts_icons bgcolor=&#8221;bg-row-light-blue&#8221; colnumber=&#8221;3&#8243; title=&#8221;Pro\u010d si pro sv\u00e9 podnik\u00e1n\u00ed vybrat Electrolux Professional&#8221; col1_icon=&#8221;elx-icon icon-circle-arrow-down-blue&#8221; col1_title=&#8221;P\u00e9\u010de o z\u00e1kazn\u00edky Essentia&#8221; col1_text=&#8221;Specializovan\u00e1 slu\u017eba, kter\u00e1 se stane prvo\u0159adou pro va\u0161i konkuren\u010dn\u00ed v\u00fdhodu.&#8221; col2_icon=&#8221;elx-icon icon-circle-arrow-down-blue&#8221; col2_title=&#8221;P\u0159\u00edslu\u0161enstv\u00ed a spot\u0159ebn\u00ed materi\u00e1l&#8221; col2_text=&#8221;Spolehn\u011bte se na rychl\u00e9 dod\u00e1n\u00ed spr\u00e1vn\u00e9ho p\u0159\u00edslu\u0161enstv\u00ed a spot\u0159ebn\u00edho materi\u00e1lu pro odolnost, v\u00fdkon a bezpe\u010dnost u\u017eivatele.&#8221; col3_icon=&#8221;elx-icon icon-circle-arrow-down-blue&#8221; col3_title=&#8221;N\u00e1hradn\u00ed d\u00edly&#8221; col3_text=&#8221;55 000 dostupn\u00fdch n\u00e1hradn\u00edch d\u00edl\u016f skladem, k dispozici minim\u00e1ln\u011b 10 let od ukon\u010den\u00ed v\u00fdroby. Celosv\u011btov\u00e1 expedice n\u00e1hradn\u00edch d\u00edl\u016f 24\/48 hodin.&#8221;][vc_empty_space height=&#8221;40px&#8221;][\/vc_column][\/vc_row][vc_row el_id=&#8221;promo-contactus&#8221;][vc_column][elx_o2000_contact_us s=&#8221;\u017d\u00e1dost o kontakt z webu&#8221; request_type=&#8221;&#8221; country=&#8221;Czech Republic&#8221; b=&#8221;food&#8221; promo_mode=&#8221;true&#8221; bgcolorcontact=&#8221;bg-light-grey&#8221; r=&#8221;R\u00e1d bych se dozv\u011bd\u011bl v\u00edce o akci na myt\u00ed n\u00e1dob\u00ed. Pros\u00edm, kontaktujte m\u011b.&#8221; title_promo=&#8221;Kontaktujte n\u00e1s a vyu\u017eijte tuto speci\u00e1ln\u00ed nab\u00eddku na maximum&#8221;][\/vc_column][\/vc_row][vc_row full_width=&#8221;electroluxpro-full-width-no-padding&#8221;][vc_column][vc_empty_space height=&#8221;40px&#8221;][elx_promo_other_promotions order_col1=&#8221;4&#8243; order_col2=&#8221;1&#8243; image_col2=&#8221;11651&#8243; order_col3=&#8221;2&#8243; image_col3=&#8221;11652&#8243; order_col4=&#8221;3&#8243; image_col4=&#8221;11648&#8243; bg_row=&#8221;bg-row-light-blue&#8221; title=&#8221;Dal\u0161\u00ed ak\u010dn\u00ed nab\u00eddky&#8221; link_col1=&#8221;title:Objevte%20v%C3%ADce|target:_blank&#8221; title_col2=&#8221;Cook&amp;Chill&#8221; link_col2=&#8221;url:https%3A%2F%2Fwww.electroluxprofessional.com%2Fcz%2Fpromoakce-cook-chill-2025-akcni-ceny-sleva%2F|title:Objevte%20v%C3%ADce|target:_blank&#8221; title_col3=&#8221;Chlazen\u00ed&#8221; link_col3=&#8221;url:https%3A%2F%2Fwww.electroluxprofessional.com%2Fcz%2Fpromoakce-chlazeni-2025-akcni-ceny-sleva%2F|title:Objevte%20v%C3%ADce|target:_blank&#8221; link_col4=&#8221;url:https%3A%2F%2Fwww.electroluxprofessional.com%2Fcz%2Fpromoakce-profesionalni-varna-zarizeni-2025-akcni-ceny-sleva%2F|title:OBJEVTE%20V%C3%8DCE|target:_blank&#8221; title_col4=&#8221;Profesion\u00e1ln\u00ed varn\u00e1 za\u0159\u00edzen\u00ed&#8221;][vc_empty_space height=&#8221;40px&#8221;][\/vc_column][\/vc_row]<\/p>\n","protected":false},"excerpt":{"rendered":"<p>[vc_row full_width=&#8221;electroluxpro-full-width-no-padding&#8221;][vc_column content_position=&#8221;center&#8221; el_class=&#8221;text-center&#8221;][elx_promo_top_banner title=&#8221;V\u017edy s n\u011b\u010d\u00edm nav\u00edc: Myt\u00ed n\u00e1dob\u00ed&#8221; carousel=&#8221;%5B%7B%22text_carousel%22%3A%22Vyberte%20si%20z%20nab%C3%ADdky%20Electrolux%20Professional%20za%20speci%C3%A1ln%C3%AD%20ceny.%5Cn%3Cbr%3E%3Cb%3EAk%C4%8Dn%C3%AD%20nab%C3%ADdka%20je%20platn%C3%A1%20od%2020.%20ledna%20do%2030.%20listopadu%202025%5Cn%3Cbr%3E%3Cb%3Epro%20po%C5%BEadovan%C3%A9%20dod%C3%A1vky%20max.%20do%2019.12.%202025%5Cn%3Cbr%3E%5Cn%3Cbr%3E*prohl%C3%A9dnout%20%3Ca%20href%3D%5C%22https%3A%2F%2Fwww.electroluxprofessional.com%2Fcz%2Fwp-content%2Fuploads%2F2025%2F05%2FElectrolux-Professional-Terms-and-conditions_CZ_2025-rev2.pdf%5C%22%3E%3Cb%3EV%C5%A0EOBECN%C3%89%20OBCHODN%C3%8D%20PODM%C3%8DNKY%3C%2Fb%3E%3C%2Fa%3E%22%2C%22image_carousel%22%3A%2213213%22%2C%22link_carousel%22%3A%22url%3A%2523promo-contactus%7Ctitle%3AKONTAKTUJTE%2520N%25C3%2581S%2520PRO%2520OBJEDN%25C3%2581VKU%22%2C%22select_type%22%3A%22link%22%7D%2C%7B%22text_carousel%22%3A%22Vyberte%20si%20z%20nab%C3%ADdky%20Electrolux%20Professional%20za%20speci%C3%A1ln%C3%AD%20ceny.%5Cn%3Cbr%3E%3Cb%3EAk%C4%8Dn%C3%AD%20nab%C3%ADdka%20je%20platn%C3%A1%20od%2020.%20ledna%20do%2030.%20listopadu%202025%5Cn%3Cbr%3E%3Cb%3Epro%20po%C5%BEadovan%C3%A9%20dod%C3%A1vky%20max.%20do%2019.12.2025%5Cn%3Cbr%3E%5Cn%3Cbr%3E*prohl%C3%A9dnout%20%3Ca%20href%3D%5C%22https%3A%2F%2Fwww.electroluxprofessional.com%2Fcz%2Fwp-content%2Fuploads%2F2025%2F05%2FElectrolux-Professional-Terms-and-conditions_CZ_2025-rev2.pdf%5C%22%3E%3Cb%3EV%C5%A0EOBECN%C3%89%20OBCHODN%C3%8D%20PODM%C3%8DNKY%3C%2Fb%3E%3C%2Fa%3E%22%2C%22image_carousel%22%3A%2211826%22%2C%22select_type%22%3A%22link%22%2C%22link_download%22%3A%22url%3A%2523promo-contactus%7Ctitle%3AKONTAKTUJTE%2520N%25C3%2581S%2520PRO%2520OBJEDN%25C3%2581VKU%22%7D%5D&#8221;][vc_empty_space height=&#8221;40px&#8221;][\/vc_column][\/vc_row][vc_row full_width=&#8221;electroluxpro-full-width-no-padding&#8221;][vc_column][elx_promo_2_3_columns_and_icons bgcolor=&#8221;bg-row-light-blue&#8221; colnumber=&#8221;3&#8243; title=&#8221;Vynikaj\u00edc\u00ed v\u00fdkon a hygiena&#8221; col1_icon=&#8221;elx-icon icon-circle-clean-blue&#8221; col1_title=&#8221;Vynikaj\u00edc\u00ed v\u00fdsledky myt\u00ed&#8221; col1_text=&#8221;Ide\u00e1ln\u00ed my\u010dka na tal\u00ed\u0159e, \u0161\u00e1lky, n\u00e1\u010din\u00ed, podnosy, GN n\u00e1doby a p\u0159\u00edbory s v\u00fdjime\u010dn\u00fdm odstra\u0148ov\u00e1n\u00edm myc\u00edho prost\u0159edku.&#8221; col2_icon=&#8221;elx-icon icon-circle-bacteria-blue&#8221; col2_title=&#8221;Optim\u00e1ln\u00ed v\u00fdkon&#8221; col2_text=&#8221;V\u00fdkonn\u00fd myc\u00ed tlak a perfektn\u00ed v\u00fdsledky d\u00edky dvojit\u00fdm horn\u00edm a spodn\u00edm [&hellip;]<\/p>\n","protected":false},"author":39,"featured_media":0,"parent":0,"menu_order":0,"comment_status":"closed","ping_status":"closed","template":"template-promo.php","meta":{"footnotes":""},"class_list":["post-11654","page","type-page","status-publish","hentry"],"acf":[],"yoast_head":"<!-- This site is optimized with the Yoast SEO plugin v23.3 - https:\/\/yoast.com\/wordpress\/plugins\/seo\/ -->\n<title>Promoakce my\u010dky 2025 - Electrolux Professional \u010cesk\u00e1 republika<\/title>\n<meta name=\"description\" content=\"Promo akce Electrolux Professional - myt\u00ed n\u00e1dob\u00ed - 2024. Ak\u010dn\u00ed slevy. %\" \/>\n<meta name=\"robots\" content=\"index, follow, max-snippet:-1, max-image-preview:large, max-video-preview:-1\" \/>\n<link rel=\"canonical\" href=\"https:\/\/www.electroluxprofessional.com\/cz\/promoakce-mycky-2025-akcni-ceny-sleva\/\" \/>\n<meta property=\"og:locale\" content=\"cs_CZ\" \/>\n<meta property=\"og:type\" content=\"article\" \/>\n<meta property=\"og:title\" content=\"Promoakce my\u010dky 2025 - Electrolux Professional \u010cesk\u00e1 republika\" \/>\n<meta property=\"og:description\" content=\"Promo akce Electrolux Professional - myt\u00ed n\u00e1dob\u00ed - 2024. Ak\u010dn\u00ed slevy. %\" \/>\n<meta property=\"og:url\" content=\"https:\/\/www.electroluxprofessional.com\/cz\/promoakce-mycky-2025-akcni-ceny-sleva\/\" \/>\n<meta property=\"og:site_name\" content=\"Electrolux Professional \u010cesk\u00e1 republika\" \/>\n<meta property=\"article:publisher\" content=\"https:\/\/www.facebook.com\/electroluxprofessional\" \/>\n<meta property=\"article:modified_time\" content=\"2025-11-14T08:19:21+00:00\" \/>\n<meta name=\"twitter:card\" content=\"summary_large_image\" \/>\n<meta name=\"twitter:site\" content=\"@ElectroluxPro\" \/>\n<meta name=\"twitter:label1\" content=\"Odhadovan\u00e1 doba \u010dten\u00ed\" \/>\n\t<meta name=\"twitter:data1\" content=\"2 minuty\" \/>\n<script type=\"application\/ld+json\" class=\"yoast-schema-graph\">{\"@context\":\"https:\/\/schema.org\",\"@graph\":[{\"@type\":\"WebPage\",\"@id\":\"https:\/\/www.electroluxprofessional.com\/cz\/promoakce-mycky-2025-akcni-ceny-sleva\/\",\"url\":\"https:\/\/www.electroluxprofessional.com\/cz\/promoakce-mycky-2025-akcni-ceny-sleva\/\",\"name\":\"Promoakce my\u010dky 2025 - Electrolux Professional \u010cesk\u00e1 republika\",\"isPartOf\":{\"@id\":\"https:\/\/www.electroluxprofessional.com\/cz\/#website\"},\"datePublished\":\"2024-03-26T08:16:49+00:00\",\"dateModified\":\"2025-11-14T08:19:21+00:00\",\"description\":\"Promo akce Electrolux Professional - myt\u00ed n\u00e1dob\u00ed - 2024. Ak\u010dn\u00ed slevy. %\",\"breadcrumb\":{\"@id\":\"https:\/\/www.electroluxprofessional.com\/cz\/promoakce-mycky-2025-akcni-ceny-sleva\/#breadcrumb\"},\"inLanguage\":\"cs\",\"potentialAction\":[{\"@type\":\"ReadAction\",\"target\":[\"https:\/\/www.electroluxprofessional.com\/cz\/promoakce-mycky-2025-akcni-ceny-sleva\/\"]}]},{\"@type\":\"BreadcrumbList\",\"@id\":\"https:\/\/www.electroluxprofessional.com\/cz\/promoakce-mycky-2025-akcni-ceny-sleva\/#breadcrumb\",\"itemListElement\":[{\"@type\":\"ListItem\",\"position\":1,\"name\":\"Home\",\"item\":\"https:\/\/www.electroluxprofessional.com\/cz\/\"},{\"@type\":\"ListItem\",\"position\":2,\"name\":\"Promoakce my\u010dky 2025\"}]},{\"@type\":\"WebSite\",\"@id\":\"https:\/\/www.electroluxprofessional.com\/cz\/#website\",\"url\":\"https:\/\/www.electroluxprofessional.com\/cz\/\",\"name\":\"Electrolux Professional \u010cesk\u00e1 republika\",\"description\":\"\",\"potentialAction\":[{\"@type\":\"SearchAction\",\"target\":{\"@type\":\"EntryPoint\",\"urlTemplate\":\"https:\/\/www.electroluxprofessional.com\/cz\/?src={search_term_string}\"},\"query-input\":\"required name=search_term_string\"}],\"inLanguage\":\"cs\"}]}<\/script>\n<!-- \/ Yoast SEO plugin. -->","yoast_head_json":{"title":"Promoakce my\u010dky 2025 - Electrolux Professional \u010cesk\u00e1 republika","description":"Promo akce Electrolux Professional - myt\u00ed n\u00e1dob\u00ed - 2024. Ak\u010dn\u00ed slevy. %","robots":{"index":"index","follow":"follow","max-snippet":"max-snippet:-1","max-image-preview":"max-image-preview:large","max-video-preview":"max-video-preview:-1"},"canonical":"https:\/\/www.electroluxprofessional.com\/cz\/promoakce-mycky-2025-akcni-ceny-sleva\/","og_locale":"cs_CZ","og_type":"article","og_title":"Promoakce my\u010dky 2025 - Electrolux Professional \u010cesk\u00e1 republika","og_description":"Promo akce Electrolux Professional - myt\u00ed n\u00e1dob\u00ed - 2024. Ak\u010dn\u00ed slevy. %","og_url":"https:\/\/www.electroluxprofessional.com\/cz\/promoakce-mycky-2025-akcni-ceny-sleva\/","og_site_name":"Electrolux Professional \u010cesk\u00e1 republika","article_publisher":"https:\/\/www.facebook.com\/electroluxprofessional","article_modified_time":"2025-11-14T08:19:21+00:00","twitter_card":"summary_large_image","twitter_site":"@ElectroluxPro","twitter_misc":{"Odhadovan\u00e1 doba \u010dten\u00ed":"2 minuty"},"schema":{"@context":"https:\/\/schema.org","@graph":[{"@type":"WebPage","@id":"https:\/\/www.electroluxprofessional.com\/cz\/promoakce-mycky-2025-akcni-ceny-sleva\/","url":"https:\/\/www.electroluxprofessional.com\/cz\/promoakce-mycky-2025-akcni-ceny-sleva\/","name":"Promoakce my\u010dky 2025 - Electrolux Professional \u010cesk\u00e1 republika","isPartOf":{"@id":"https:\/\/www.electroluxprofessional.com\/cz\/#website"},"datePublished":"2024-03-26T08:16:49+00:00","dateModified":"2025-11-14T08:19:21+00:00","description":"Promo akce Electrolux Professional - myt\u00ed n\u00e1dob\u00ed - 2024. Ak\u010dn\u00ed slevy. %","breadcrumb":{"@id":"https:\/\/www.electroluxprofessional.com\/cz\/promoakce-mycky-2025-akcni-ceny-sleva\/#breadcrumb"},"inLanguage":"cs","potentialAction":[{"@type":"ReadAction","target":["https:\/\/www.electroluxprofessional.com\/cz\/promoakce-mycky-2025-akcni-ceny-sleva\/"]}]},{"@type":"BreadcrumbList","@id":"https:\/\/www.electroluxprofessional.com\/cz\/promoakce-mycky-2025-akcni-ceny-sleva\/#breadcrumb","itemListElement":[{"@type":"ListItem","position":1,"name":"Home","item":"https:\/\/www.electroluxprofessional.com\/cz\/"},{"@type":"ListItem","position":2,"name":"Promoakce my\u010dky 2025"}]},{"@type":"WebSite","@id":"https:\/\/www.electroluxprofessional.com\/cz\/#website","url":"https:\/\/www.electroluxprofessional.com\/cz\/","name":"Electrolux Professional \u010cesk\u00e1 republika","description":"","potentialAction":[{"@type":"SearchAction","target":{"@type":"EntryPoint","urlTemplate":"https:\/\/www.electroluxprofessional.com\/cz\/?src={search_term_string}"},"query-input":"required name=search_term_string"}],"inLanguage":"cs"}]}},"_links":{"self":[{"href":"https:\/\/www.electroluxprofessional.com\/cz\/wp-json\/wp\/v2\/pages\/11654"}],"collection":[{"href":"https:\/\/www.electroluxprofessional.com\/cz\/wp-json\/wp\/v2\/pages"}],"about":[{"href":"https:\/\/www.electroluxprofessional.com\/cz\/wp-json\/wp\/v2\/types\/page"}],"author":[{"embeddable":true,"href":"https:\/\/www.electroluxprofessional.com\/cz\/wp-json\/wp\/v2\/users\/39"}],"replies":[{"embeddable":true,"href":"https:\/\/www.electroluxprofessional.com\/cz\/wp-json\/wp\/v2\/comments?post=11654"}],"version-history":[{"count":70,"href":"https:\/\/www.electroluxprofessional.com\/cz\/wp-json\/wp\/v2\/pages\/11654\/revisions"}],"predecessor-version":[{"id":14074,"href":"https:\/\/www.electroluxprofessional.com\/cz\/wp-json\/wp\/v2\/pages\/11654\/revisions\/14074"}],"wp:attachment":[{"href":"https:\/\/www.electroluxprofessional.com\/cz\/wp-json\/wp\/v2\/media?parent=11654"}],"curies":[{"name":"wp","href":"https:\/\/api.w.org\/{rel}","templated":true}]}}