{"id":1155,"date":"2017-02-03T14:52:04","date_gmt":"2017-02-03T13:52:04","guid":{"rendered":"https:\/\/www.electroluxprofessional.com\/cz\/?page_id=1155"},"modified":"2023-10-20T13:36:29","modified_gmt":"2023-10-20T13:36:29","slug":"commercial-kitchen-equipment","status":"publish","type":"page","link":"https:\/\/www.electroluxprofessional.com\/cz\/commercial-kitchen-equipment\/","title":{"rendered":"FoodService &#8211; Gastro"},"content":{"rendered":"<p>[vc_row full_width=&#8221;electroluxpro-full-width-no-padding&#8221;][vc_column][elx_hero_title label=&#8221;&#8221; label_background_color=&#8221;inherit&#8221; background_image=&#8221;719&#8243;][\/elx_hero_title][\/vc_column][\/vc_row][vc_row][vc_column][elx_heading font_container=&#8221;h1&#8243; font_size=&#8221;h2&#8243; text_color=&#8221;inherit&#8221;]<\/p>\n<p style=\"text-align: center;\"><span style=\"color: #000000;\">V\u00edtejte u spole\u010dnosti, jej\u00ed\u017e v\u00fdrobky ji\u017e v\u00edce jak 90 let ovliv\u0148uj\u00ed sv\u011bt profesion\u00e1ln\u00ed gastronomie.<\/span><\/p>\n<p>[\/elx_heading][\/vc_column][\/vc_row][vc_row disable_element=&#8221;yes&#8221; matched_labels=&#8221;&#8221;][vc_column][elx_maylike_box id_box=&#8221;4504&#8243;][\/vc_column][\/vc_row][vc_row][vc_column][vc_empty_space height=&#8221;50px&#8221;][\/vc_column][\/vc_row][vc_row][vc_column width=&#8221;1\/4&#8243;][elx_navigation_branch image=&#8221;5009&#8243; menu_list=&#8221;6326&#8243;][\/vc_column][vc_column width=&#8221;1\/4&#8243;][elx_navigation_branch image=&#8221;3552&#8243; menu_list=&#8221;4523&#8243;][\/vc_column][vc_column width=&#8221;1\/4&#8243;][elx_navigation_branch image=&#8221;687&#8243; menu_list=&#8221;4539&#8243;][\/vc_column][vc_column width=&#8221;1\/4&#8243;][elx_navigation_branch menu_list=&#8221;4541&#8243; image=&#8221;796&#8243;][\/vc_column][\/vc_row][vc_row][vc_column][vc_empty_space height=&#8221;80px&#8221;][\/vc_column][\/vc_row][vc_row][vc_column width=&#8221;1\/4&#8243;][elx_navigation_branch menu_list=&#8221;4540&#8243; image=&#8221;1785&#8243;][\/vc_column][vc_column width=&#8221;1\/4&#8243;][elx_navigation_branch title_link=&#8221;title-linkable&#8221; menu_list=&#8221;9203&#8243; image=&#8221;10802&#8243;][\/vc_column][vc_column width=&#8221;1\/4&#8243;][elx_navigation_branch image=&#8221;789&#8243; menu_list=&#8221;6315&#8243;][\/vc_column][vc_column width=&#8221;1\/4&#8243;][elx_navigation_branch menu_list=&#8221;8438&#8243; image=&#8221;8434&#8243;][\/vc_column][\/vc_row][vc_row][vc_column][vc_empty_space height=&#8221;70px&#8221;][\/vc_column][\/vc_row][vc_row][vc_column][elx_heading font_size=&#8221;h3&#8243; text_color=&#8221;inherit&#8221;]Zjist\u011bte v\u00edce o vybaven\u00ed komer\u010dn\u00ed kuchyn\u011b a \u0159e\u0161en\u00ed stravovac\u00edch slu\u017eeb[\/elx_heading][elx_o2000_contact_us s=&#8221;\u017d\u00e1dost o informace o vybaven\u00ed komer\u010dn\u00ed kuchyn\u011b a \u0159e\u0161en\u00ed stravovac\u00edch slu\u017eeb&#8221; country=&#8221;Czech Republic&#8221; b=&#8221;food&#8221; postion_button=&#8221;text-left&#8221; postion_button_mobile=&#8221;text-left-mobile&#8221; r=&#8221;R\u00e1d bych se dozv\u011bd\u011bl v\u00edce o va\u0161em komer\u010dn\u00edm kuchy\u0148sk\u00e9m vybaven\u00ed a \u0159e\u0161en\u00ed stravovac\u00edch slu\u017eeb. Pros\u00edm, kontaktujte m\u011b. D\u00edk.&#8221;][vc_empty_space height=&#8221;100px&#8221;][\/vc_column][\/vc_row][vc_row disable_element=&#8221;yes&#8221;][vc_column width=&#8221;1\/3&#8243;][elx_maylike_box id_box=&#8221;1225&#8243;][\/vc_column][vc_column width=&#8221;1\/3&#8243;][elx_maylike_box id_box=&#8221;2126&#8243;][\/vc_column][vc_column width=&#8221;1\/3&#8243;][elx_maylike_box id_box=&#8221;1690&#8243;][\/vc_column][\/vc_row][vc_row disable_element=&#8221;yes&#8221;][vc_column width=&#8221;1\/3&#8243;][elx_maylike_box id_box=&#8221;1394&#8243;][\/vc_column][vc_column width=&#8221;1\/3&#8243;][elx_maylike_box id_box=&#8221;1380&#8243;][\/vc_column][vc_column width=&#8221;1\/3&#8243;][elx_maylike_box id_box=&#8221;1599&#8243;][\/vc_column][\/vc_row][vc_row equal_height=&#8221;yes&#8221; disable_element=&#8221;yes&#8221;][vc_column width=&#8221;1\/3&#8243;][elx_maylike_box id_box=&#8221;1503&#8243;][\/vc_column][vc_column width=&#8221;1\/3&#8243;][elx_maylike_box id_box=&#8221;2549&#8243;][\/vc_column][vc_column width=&#8221;1\/3&#8243;][elx_maylike_box id_box=&#8221;2387&#8243;][\/vc_column][\/vc_row][vc_row][vc_column][elx_heading font_size=&#8221;h3&#8243; text_color=&#8221;inherit&#8221; text_align=&#8221;text-center&#8221;]Mohlo by V\u00e1s zaj\u00edmat &#8230;[\/elx_heading][\/vc_column][\/vc_row][vc_row equal_height=&#8221;yes&#8221;][vc_column width=&#8221;1\/3&#8243;][elx_maylike_box id_box=&#8221;3754&#8243;][\/vc_column][vc_column width=&#8221;1\/3&#8243;][elx_maylike_box id_box=&#8221;3758&#8243;][\/vc_column][vc_column width=&#8221;1\/3&#8243;][elx_maylike_box id_box=&#8221;1591&#8243;][\/vc_column][\/vc_row]<\/p>\n","protected":false},"excerpt":{"rendered":"<p>[vc_row full_width=&#8221;electroluxpro-full-width-no-padding&#8221;][vc_column][elx_hero_title label=&#8221;&#8221; label_background_color=&#8221;inherit&#8221; background_image=&#8221;719&#8243;][\/elx_hero_title][\/vc_column][\/vc_row][vc_row][vc_column][elx_heading font_container=&#8221;h1&#8243; font_size=&#8221;h2&#8243; text_color=&#8221;inherit&#8221;] V\u00edtejte u spole\u010dnosti, jej\u00ed\u017e v\u00fdrobky ji\u017e v\u00edce jak 90 let ovliv\u0148uj\u00ed sv\u011bt profesion\u00e1ln\u00ed gastronomie. [\/elx_heading][\/vc_column][\/vc_row][vc_row disable_element=&#8221;yes&#8221; matched_labels=&#8221;&#8221;][vc_column][elx_maylike_box id_box=&#8221;4504&#8243;][\/vc_column][\/vc_row][vc_row][vc_column][vc_empty_space height=&#8221;50px&#8221;][\/vc_column][\/vc_row][vc_row][vc_column width=&#8221;1\/4&#8243;][elx_navigation_branch image=&#8221;5009&#8243; menu_list=&#8221;6326&#8243;][\/vc_column][vc_column width=&#8221;1\/4&#8243;][elx_navigation_branch image=&#8221;3552&#8243; menu_list=&#8221;4523&#8243;][\/vc_column][vc_column width=&#8221;1\/4&#8243;][elx_navigation_branch image=&#8221;687&#8243; menu_list=&#8221;4539&#8243;][\/vc_column][vc_column width=&#8221;1\/4&#8243;][elx_navigation_branch menu_list=&#8221;4541&#8243; image=&#8221;796&#8243;][\/vc_column][\/vc_row][vc_row][vc_column][vc_empty_space height=&#8221;80px&#8221;][\/vc_column][\/vc_row][vc_row][vc_column width=&#8221;1\/4&#8243;][elx_navigation_branch menu_list=&#8221;4540&#8243; image=&#8221;1785&#8243;][\/vc_column][vc_column width=&#8221;1\/4&#8243;][elx_navigation_branch title_link=&#8221;title-linkable&#8221; menu_list=&#8221;9203&#8243; image=&#8221;10802&#8243;][\/vc_column][vc_column width=&#8221;1\/4&#8243;][elx_navigation_branch image=&#8221;789&#8243; menu_list=&#8221;6315&#8243;][\/vc_column][vc_column width=&#8221;1\/4&#8243;][elx_navigation_branch menu_list=&#8221;8438&#8243; image=&#8221;8434&#8243;][\/vc_column][\/vc_row][vc_row][vc_column][vc_empty_space height=&#8221;70px&#8221;][\/vc_column][\/vc_row][vc_row][vc_column][elx_heading font_size=&#8221;h3&#8243; [&hellip;]<\/p>\n","protected":false},"author":3,"featured_media":0,"parent":0,"menu_order":0,"comment_status":"closed","ping_status":"closed","template":"","meta":{"footnotes":""},"class_list":["post-1155","page","type-page","status-publish","hentry"],"acf":[],"yoast_head":"<!-- This site is optimized with the Yoast SEO plugin v23.3 - https:\/\/yoast.com\/wordpress\/plugins\/seo\/ -->\n<title>FoodService - Gastro - Electrolux Professional \u010cesk\u00e1 republika<\/title>\n<meta name=\"robots\" content=\"index, follow, max-snippet:-1, max-image-preview:large, max-video-preview:-1\" \/>\n<link rel=\"canonical\" href=\"https:\/\/www.electroluxprofessional.com\/cz\/commercial-kitchen-equipment\/\" \/>\n<meta property=\"og:locale\" content=\"cs_CZ\" \/>\n<meta property=\"og:type\" content=\"article\" \/>\n<meta property=\"og:title\" content=\"FoodService - Gastro - Electrolux Professional \u010cesk\u00e1 republika\" \/>\n<meta property=\"og:description\" content=\"[vc_row full_width=&#8221;electroluxpro-full-width-no-padding&#8221;][vc_column][elx_hero_title label=&#8221;&#8221; label_background_color=&#8221;inherit&#8221; background_image=&#8221;719&#8243;][\/elx_hero_title][\/vc_column][\/vc_row][vc_row][vc_column][elx_heading font_container=&#8221;h1&#8243; font_size=&#8221;h2&#8243; text_color=&#8221;inherit&#8221;] V\u00edtejte u spole\u010dnosti, jej\u00ed\u017e v\u00fdrobky ji\u017e v\u00edce jak 90 let ovliv\u0148uj\u00ed sv\u011bt profesion\u00e1ln\u00ed gastronomie. [\/elx_heading][\/vc_column][\/vc_row][vc_row disable_element=&#8221;yes&#8221; matched_labels=&#8221;&#8221;][vc_column][elx_maylike_box id_box=&#8221;4504&#8243;][\/vc_column][\/vc_row][vc_row][vc_column][vc_empty_space height=&#8221;50px&#8221;][\/vc_column][\/vc_row][vc_row][vc_column width=&#8221;1\/4&#8243;][elx_navigation_branch image=&#8221;5009&#8243; menu_list=&#8221;6326&#8243;][\/vc_column][vc_column width=&#8221;1\/4&#8243;][elx_navigation_branch image=&#8221;3552&#8243; menu_list=&#8221;4523&#8243;][\/vc_column][vc_column width=&#8221;1\/4&#8243;][elx_navigation_branch image=&#8221;687&#8243; menu_list=&#8221;4539&#8243;][\/vc_column][vc_column width=&#8221;1\/4&#8243;][elx_navigation_branch menu_list=&#8221;4541&#8243; image=&#8221;796&#8243;][\/vc_column][\/vc_row][vc_row][vc_column][vc_empty_space height=&#8221;80px&#8221;][\/vc_column][\/vc_row][vc_row][vc_column width=&#8221;1\/4&#8243;][elx_navigation_branch menu_list=&#8221;4540&#8243; image=&#8221;1785&#8243;][\/vc_column][vc_column width=&#8221;1\/4&#8243;][elx_navigation_branch title_link=&#8221;title-linkable&#8221; menu_list=&#8221;9203&#8243; image=&#8221;10802&#8243;][\/vc_column][vc_column width=&#8221;1\/4&#8243;][elx_navigation_branch image=&#8221;789&#8243; menu_list=&#8221;6315&#8243;][\/vc_column][vc_column width=&#8221;1\/4&#8243;][elx_navigation_branch menu_list=&#8221;8438&#8243; image=&#8221;8434&#8243;][\/vc_column][\/vc_row][vc_row][vc_column][vc_empty_space height=&#8221;70px&#8221;][\/vc_column][\/vc_row][vc_row][vc_column][elx_heading font_size=&#8221;h3&#8243; [&hellip;]\" \/>\n<meta property=\"og:url\" content=\"https:\/\/www.electroluxprofessional.com\/cz\/commercial-kitchen-equipment\/\" \/>\n<meta property=\"og:site_name\" content=\"Electrolux Professional \u010cesk\u00e1 republika\" \/>\n<meta property=\"article:publisher\" content=\"https:\/\/www.facebook.com\/electroluxprofessional\" \/>\n<meta property=\"article:modified_time\" content=\"2023-10-20T13:36:29+00:00\" \/>\n<meta name=\"twitter:card\" content=\"summary_large_image\" \/>\n<meta name=\"twitter:site\" content=\"@ElectroluxPro\" \/>\n<meta name=\"twitter:label1\" content=\"Odhadovan\u00e1 doba \u010dten\u00ed\" \/>\n\t<meta name=\"twitter:data1\" content=\"1 minuta\" \/>\n<script type=\"application\/ld+json\" class=\"yoast-schema-graph\">{\"@context\":\"https:\/\/schema.org\",\"@graph\":[{\"@type\":\"WebPage\",\"@id\":\"https:\/\/www.electroluxprofessional.com\/cz\/commercial-kitchen-equipment\/\",\"url\":\"https:\/\/www.electroluxprofessional.com\/cz\/commercial-kitchen-equipment\/\",\"name\":\"FoodService - Gastro - Electrolux Professional \u010cesk\u00e1 republika\",\"isPartOf\":{\"@id\":\"https:\/\/www.electroluxprofessional.com\/cz\/#website\"},\"datePublished\":\"2017-02-03T13:52:04+00:00\",\"dateModified\":\"2023-10-20T13:36:29+00:00\",\"breadcrumb\":{\"@id\":\"https:\/\/www.electroluxprofessional.com\/cz\/commercial-kitchen-equipment\/#breadcrumb\"},\"inLanguage\":\"cs\",\"potentialAction\":[{\"@type\":\"ReadAction\",\"target\":[\"https:\/\/www.electroluxprofessional.com\/cz\/commercial-kitchen-equipment\/\"]}]},{\"@type\":\"BreadcrumbList\",\"@id\":\"https:\/\/www.electroluxprofessional.com\/cz\/commercial-kitchen-equipment\/#breadcrumb\",\"itemListElement\":[{\"@type\":\"ListItem\",\"position\":1,\"name\":\"Home\",\"item\":\"https:\/\/www.electroluxprofessional.com\/cz\/\"},{\"@type\":\"ListItem\",\"position\":2,\"name\":\"FoodService &#8211; Gastro\"}]},{\"@type\":\"WebSite\",\"@id\":\"https:\/\/www.electroluxprofessional.com\/cz\/#website\",\"url\":\"https:\/\/www.electroluxprofessional.com\/cz\/\",\"name\":\"Electrolux Professional \u010cesk\u00e1 republika\",\"description\":\"\",\"potentialAction\":[{\"@type\":\"SearchAction\",\"target\":{\"@type\":\"EntryPoint\",\"urlTemplate\":\"https:\/\/www.electroluxprofessional.com\/cz\/?src={search_term_string}\"},\"query-input\":\"required name=search_term_string\"}],\"inLanguage\":\"cs\"}]}<\/script>\n<!-- \/ Yoast SEO plugin. -->","yoast_head_json":{"title":"FoodService - Gastro - Electrolux Professional \u010cesk\u00e1 republika","robots":{"index":"index","follow":"follow","max-snippet":"max-snippet:-1","max-image-preview":"max-image-preview:large","max-video-preview":"max-video-preview:-1"},"canonical":"https:\/\/www.electroluxprofessional.com\/cz\/commercial-kitchen-equipment\/","og_locale":"cs_CZ","og_type":"article","og_title":"FoodService - Gastro - Electrolux Professional \u010cesk\u00e1 republika","og_description":"[vc_row full_width=&#8221;electroluxpro-full-width-no-padding&#8221;][vc_column][elx_hero_title label=&#8221;&#8221; label_background_color=&#8221;inherit&#8221; background_image=&#8221;719&#8243;][\/elx_hero_title][\/vc_column][\/vc_row][vc_row][vc_column][elx_heading font_container=&#8221;h1&#8243; font_size=&#8221;h2&#8243; text_color=&#8221;inherit&#8221;] V\u00edtejte u spole\u010dnosti, jej\u00ed\u017e v\u00fdrobky ji\u017e v\u00edce jak 90 let ovliv\u0148uj\u00ed sv\u011bt profesion\u00e1ln\u00ed gastronomie. [\/elx_heading][\/vc_column][\/vc_row][vc_row disable_element=&#8221;yes&#8221; matched_labels=&#8221;&#8221;][vc_column][elx_maylike_box id_box=&#8221;4504&#8243;][\/vc_column][\/vc_row][vc_row][vc_column][vc_empty_space height=&#8221;50px&#8221;][\/vc_column][\/vc_row][vc_row][vc_column width=&#8221;1\/4&#8243;][elx_navigation_branch image=&#8221;5009&#8243; menu_list=&#8221;6326&#8243;][\/vc_column][vc_column width=&#8221;1\/4&#8243;][elx_navigation_branch image=&#8221;3552&#8243; menu_list=&#8221;4523&#8243;][\/vc_column][vc_column width=&#8221;1\/4&#8243;][elx_navigation_branch image=&#8221;687&#8243; menu_list=&#8221;4539&#8243;][\/vc_column][vc_column width=&#8221;1\/4&#8243;][elx_navigation_branch menu_list=&#8221;4541&#8243; image=&#8221;796&#8243;][\/vc_column][\/vc_row][vc_row][vc_column][vc_empty_space height=&#8221;80px&#8221;][\/vc_column][\/vc_row][vc_row][vc_column width=&#8221;1\/4&#8243;][elx_navigation_branch menu_list=&#8221;4540&#8243; image=&#8221;1785&#8243;][\/vc_column][vc_column width=&#8221;1\/4&#8243;][elx_navigation_branch title_link=&#8221;title-linkable&#8221; menu_list=&#8221;9203&#8243; image=&#8221;10802&#8243;][\/vc_column][vc_column width=&#8221;1\/4&#8243;][elx_navigation_branch image=&#8221;789&#8243; menu_list=&#8221;6315&#8243;][\/vc_column][vc_column width=&#8221;1\/4&#8243;][elx_navigation_branch menu_list=&#8221;8438&#8243; image=&#8221;8434&#8243;][\/vc_column][\/vc_row][vc_row][vc_column][vc_empty_space height=&#8221;70px&#8221;][\/vc_column][\/vc_row][vc_row][vc_column][elx_heading font_size=&#8221;h3&#8243; [&hellip;]","og_url":"https:\/\/www.electroluxprofessional.com\/cz\/commercial-kitchen-equipment\/","og_site_name":"Electrolux Professional \u010cesk\u00e1 republika","article_publisher":"https:\/\/www.facebook.com\/electroluxprofessional","article_modified_time":"2023-10-20T13:36:29+00:00","twitter_card":"summary_large_image","twitter_site":"@ElectroluxPro","twitter_misc":{"Odhadovan\u00e1 doba \u010dten\u00ed":"1 minuta"},"schema":{"@context":"https:\/\/schema.org","@graph":[{"@type":"WebPage","@id":"https:\/\/www.electroluxprofessional.com\/cz\/commercial-kitchen-equipment\/","url":"https:\/\/www.electroluxprofessional.com\/cz\/commercial-kitchen-equipment\/","name":"FoodService - Gastro - Electrolux Professional \u010cesk\u00e1 republika","isPartOf":{"@id":"https:\/\/www.electroluxprofessional.com\/cz\/#website"},"datePublished":"2017-02-03T13:52:04+00:00","dateModified":"2023-10-20T13:36:29+00:00","breadcrumb":{"@id":"https:\/\/www.electroluxprofessional.com\/cz\/commercial-kitchen-equipment\/#breadcrumb"},"inLanguage":"cs","potentialAction":[{"@type":"ReadAction","target":["https:\/\/www.electroluxprofessional.com\/cz\/commercial-kitchen-equipment\/"]}]},{"@type":"BreadcrumbList","@id":"https:\/\/www.electroluxprofessional.com\/cz\/commercial-kitchen-equipment\/#breadcrumb","itemListElement":[{"@type":"ListItem","position":1,"name":"Home","item":"https:\/\/www.electroluxprofessional.com\/cz\/"},{"@type":"ListItem","position":2,"name":"FoodService &#8211; Gastro"}]},{"@type":"WebSite","@id":"https:\/\/www.electroluxprofessional.com\/cz\/#website","url":"https:\/\/www.electroluxprofessional.com\/cz\/","name":"Electrolux Professional \u010cesk\u00e1 republika","description":"","potentialAction":[{"@type":"SearchAction","target":{"@type":"EntryPoint","urlTemplate":"https:\/\/www.electroluxprofessional.com\/cz\/?src={search_term_string}"},"query-input":"required name=search_term_string"}],"inLanguage":"cs"}]}},"_links":{"self":[{"href":"https:\/\/www.electroluxprofessional.com\/cz\/wp-json\/wp\/v2\/pages\/1155"}],"collection":[{"href":"https:\/\/www.electroluxprofessional.com\/cz\/wp-json\/wp\/v2\/pages"}],"about":[{"href":"https:\/\/www.electroluxprofessional.com\/cz\/wp-json\/wp\/v2\/types\/page"}],"author":[{"embeddable":true,"href":"https:\/\/www.electroluxprofessional.com\/cz\/wp-json\/wp\/v2\/users\/3"}],"replies":[{"embeddable":true,"href":"https:\/\/www.electroluxprofessional.com\/cz\/wp-json\/wp\/v2\/comments?post=1155"}],"version-history":[{"count":41,"href":"https:\/\/www.electroluxprofessional.com\/cz\/wp-json\/wp\/v2\/pages\/1155\/revisions"}],"predecessor-version":[{"id":10814,"href":"https:\/\/www.electroluxprofessional.com\/cz\/wp-json\/wp\/v2\/pages\/1155\/revisions\/10814"}],"wp:attachment":[{"href":"https:\/\/www.electroluxprofessional.com\/cz\/wp-json\/wp\/v2\/media?parent=1155"}],"curies":[{"name":"wp","href":"https:\/\/api.w.org\/{rel}","templated":true}]}}