{"id":1151,"date":"2016-06-10T14:07:31","date_gmt":"2016-06-10T13:07:31","guid":{"rendered":"https:\/\/www.electroluxprofessional.com\/cz\/?page_id=1151"},"modified":"2025-06-09T12:29:37","modified_gmt":"2025-06-09T12:29:37","slug":"contact-us","status":"publish","type":"page","link":"https:\/\/www.electroluxprofessional.com\/cz\/contact-us\/","title":{"rendered":"Kontaktujte n\u00e1s"},"content":{"rendered":"<p>[vc_row full_width=&#8221;electroluxpro-full-width-no-padding&#8221;][vc_column][elx_hero_title label=&#8221;&#8221; label_background_color=&#8221;inherit&#8221; background_image=&#8221;1796&#8243;][elx_heading font_container=&#8221;h1&#8243; font_size=&#8221;h1&#8243; text_color=&#8221;inherit&#8221; text_align=&#8221;text-justify&#8221;]Kontaktujte n\u00e1s[\/elx_heading][\/elx_hero_title][\/vc_column][\/vc_row][vc_row][vc_column][elx_heading text_color=&#8221;inherit&#8221;]Jsme V\u00e1m v\u017edy nabl\u00edzku, jsme tu v\u017edy pro V\u00e1s.[\/elx_heading][\/vc_column][\/vc_row][vc_row][vc_column width=&#8221;1\/2&#8243;][vc_empty_space height=&#8221;14px&#8221;][elx_heading font_container=&#8221;h4&#8243; text_color=&#8221;inherit&#8221;]<strong>\u00dadaje o spole\u010dnosti<\/strong>[\/elx_heading][vc_column_text]<\/p>\n<p class=\"basics_p1 basics_lp20\"><strong>Electrolux Professional Czech Republic s.r.o.<\/strong><br \/>\nBud\u011bjovick\u00e1 779\/3b,\u00a0140 00 Praha 4 (CZ)<br \/>\nI\u010c: 08340226; \u00a0DI\u010c: CZ08340226<\/p>\n<p>[\/vc_column_text][vc_column_text]<\/p>\n<hr \/>\n<p class=\"basics_p1\"><strong>Food Service &#8211; Gastro<span style=\"color: #000000;\">,\u00a0\u010cesk\u00e1 republika (CZ)<\/span><br \/>\n<\/strong><a href=\"mailto:info.professional.cz@electroluxprofessional.com\">info.professional.cz@electroluxprofessional.com<\/a><\/p>\n<p class=\"basics_p1\"><strong>Servis, n\u00e1hradn\u00ed d\u00edly, n\u00e1vody<\/strong><br \/>\n+420 602 223 443<\/p>\n<p class=\"basics_p1\"><strong>Obchodn\u00ed odd\u011blen\u00ed<\/strong><br \/>\n+420 724 019 747, 720 435 707<\/p>\n<hr \/>\n<p class=\"basics_p1\"><strong>Food Service &#8211; Gastr<span style=\"color: #000000;\">o,\u00a0Slovensk\u00e1 republika (SK)<\/span><br \/>\n<\/strong><a title=\"professional.slovakia@electroluxprofessional.com\" href=\"mailto:professional.slovakia@electroluxprofessional.com\">professional.slovakia@electroluxprofessional.com<\/a><strong><br \/>\n<\/strong>Prodej a servis: +421 232 141 353<\/p>\n<hr \/>\n<p class=\"basics_p1\"><strong>Pr\u00e1delensk\u00e9 syst\u00e9m<span style=\"color: #000000;\">y,\u00a0\u010cesk\u00e1 republika &amp; Slovensko<\/span><\/strong><br \/>\nprodej \u00a0a servis<br \/>\nMaciej M\u0105czy\u0144ski\u00a0 +48\u00a0539\u00a0061 234<br \/>\n<a href=\"mailto:maciej.maczynski@electroluxprofessional.com\">maciej.maczynski@electroluxprofessional.com<\/a><\/p>\n<hr \/>\n<p>[\/vc_column_text][elx_heading font_container=&#8221;h4&#8243; text_color=&#8221;inherit&#8221;]<strong>Spojte se p\u0159\u00edmo s na\u0161imi Autorizovan\u00fdmi Electrolux Professional Partnery.<\/strong>[\/elx_heading][vc_column_text]Jsou V\u00e1m nejbl\u00ed\u017ee a nejl\u00e9pe znaj\u00ed v\u00e1\u0161 region a Va\u0161e pot\u0159eby.[\/vc_column_text][elx_button button_text=&#8221;Vyhledat nejbli\u017e\u0161\u00edho Autorizovan\u00e9ho partnera&#8221; button_link=&#8221;url:https%3A%2F%2Fprofessional.electrolux.cz%2Fsales-and-service-locator%2F|title:Find%20a%20dealer||&#8221;][\/vc_column][vc_column width=&#8221;1\/2&#8243;][vc_empty_space height=&#8221;14px&#8221;][vc_column_text]<\/p>\n<p style=\"text-align: justify;\">V\u017edy v\u00e1m r\u00e1di pom\u016f\u017eeme s dotazy t\u00fdkaj\u00edc\u00ed se v\u00fdrobk\u016f a slu\u017eeb pro\u00a0<span style=\"color: #ff6200;\"><strong>profesion\u00e1ln\u00ed GASTRONOMII a PR\u00c1DELNY<\/strong><\/span>.<\/p>\n<p style=\"text-align: justify;\">Sta\u010d\u00ed n\u00e1m odeslat va\u0161e kontaktn\u00ed \u00fadaje a ot\u00e1zku prost\u0159ednictv\u00edm n\u00ed\u017ee uveden\u00e9ho formul\u00e1\u0159e a my se v\u00e1m brzy ozveme.<\/p>\n<p style=\"text-align: justify;\">V p\u0159\u00edpad\u011b \u017ee se V\u00e1\u0161 dotaz t\u00fdk\u00e1 v\u00fdrobk\u016f a spot\u0159ebi\u010d\u016f pro dom\u00e1cnost, nav\u0161tivte pros\u00edm str\u00e1nky divize <span style=\"color: #ff6600;\"><strong><a style=\"color: #ff6600;\" href=\"https:\/\/www.electrolux.cz\/support\/contact-us\/\">Electrolux DOM\u00c1C\u00cd SPOT\u0158EBI\u010cE<\/a><\/strong>.<\/span> V\u00e1\u0161 dotaz se tak d\u0159\u00edve dostane do spr\u00e1vn\u00fdch rukou.<\/p>\n<p>[\/vc_column_text][elx_button button_text=&#8221;Electrolux Dom\u00e1c\u00ed spot\u0159ebi\u010de&#8221; button_style=&#8221;icon&#8221; button_link=&#8221;url:http%3A%2F%2Fwww.electrolux.cz%2Fsupport%2Fcontact-us%2F|title:Electrolux%20Dom%C3%A1c%C3%AD%20Spot%C5%99ebi%C4%8De|target:%20_blank|&#8221;][vc_empty_space][elx_o2000_contact_us s=&#8221;Po\u017eadavek na informace z webov\u00fdch str\u00e1nek&#8221; country=&#8221;Czech Republic&#8221; container=&#8221;elxcontactus1493279134&#8243; r=&#8221;Pros\u00edm, kontaktujte mne z n\u00e1sleduj\u00edc\u00edho d\u016fvodu:&#8221; l=&#8221;cz&#8221;][elx_simple_block background_color=&#8221;inherit&#8221;][\/elx_simple_block][elx_button button_text=&#8221;Vysv\u011btlen\u00ed, pro\u010d se pt\u00e1me na tyto informace&#8221; button_style=&#8221;icon&#8221; button_link=&#8221;url:http%3A%2F%2Fwww.electroluxgroup.com%2Fprivacy%2Fcs%2F|title:Ochrana%20osobn%C3%ADch%20%C3%BAdaj%C5%AF|target:%20_blank|&#8221;][\/vc_column][\/vc_row][vc_row][vc_column][vc_empty_space][\/vc_column][\/vc_row]<\/p>\n","protected":false},"excerpt":{"rendered":"<p>[vc_row full_width=&#8221;electroluxpro-full-width-no-padding&#8221;][vc_column][elx_hero_title label=&#8221;&#8221; label_background_color=&#8221;inherit&#8221; background_image=&#8221;1796&#8243;][elx_heading font_container=&#8221;h1&#8243; font_size=&#8221;h1&#8243; text_color=&#8221;inherit&#8221; text_align=&#8221;text-justify&#8221;]Kontaktujte n\u00e1s[\/elx_heading][\/elx_hero_title][\/vc_column][\/vc_row][vc_row][vc_column][elx_heading text_color=&#8221;inherit&#8221;]Jsme V\u00e1m v\u017edy nabl\u00edzku, jsme tu v\u017edy pro V\u00e1s.[\/elx_heading][\/vc_column][\/vc_row][vc_row][vc_column width=&#8221;1\/2&#8243;][vc_empty_space height=&#8221;14px&#8221;][elx_heading font_container=&#8221;h4&#8243; text_color=&#8221;inherit&#8221;]\u00dadaje o spole\u010dnosti[\/elx_heading][vc_column_text] Electrolux Professional Czech Republic s.r.o. Bud\u011bjovick\u00e1 779\/3b,\u00a0140 00 Praha 4 (CZ) I\u010c: 08340226; \u00a0DI\u010c: CZ08340226 [\/vc_column_text][vc_column_text] Food Service &#8211; Gastro,\u00a0\u010cesk\u00e1 republika (CZ) info.professional.cz@electroluxprofessional.com Servis, n\u00e1hradn\u00ed d\u00edly, n\u00e1vody +420 602 223 [&hellip;]<\/p>\n","protected":false},"author":3,"featured_media":0,"parent":0,"menu_order":0,"comment_status":"closed","ping_status":"closed","template":"","meta":{"footnotes":""},"class_list":["post-1151","page","type-page","status-publish","hentry"],"acf":[],"yoast_head":"<!-- This site is optimized with the Yoast SEO plugin v23.3 - https:\/\/yoast.com\/wordpress\/plugins\/seo\/ -->\n<title>Kontaktujte n\u00e1s - Electrolux Professional \u010cesk\u00e1 republika<\/title>\n<meta name=\"description\" content=\"Kontaktujte Electrolux Professional pro v\u00edce informac\u00ed o v\u00fdrobc\u00edch a slu\u017eb\u00e1ch pro profesion\u00e1ln\u00ed gastronomii a pr\u00e1delny. Na\u0161i odborn\u00edci se s V\u00e1mi neprodlen\u011b spoj\u00ed.\" \/>\n<meta name=\"robots\" content=\"index, follow, max-snippet:-1, max-image-preview:large, max-video-preview:-1\" \/>\n<link rel=\"canonical\" href=\"https:\/\/www.electroluxprofessional.com\/cz\/contact-us\/\" \/>\n<meta property=\"og:locale\" content=\"cs_CZ\" \/>\n<meta property=\"og:type\" content=\"article\" \/>\n<meta property=\"og:title\" content=\"Kontaktujte n\u00e1s - Electrolux Professional \u010cesk\u00e1 republika\" \/>\n<meta property=\"og:description\" content=\"Kontaktujte Electrolux Professional pro v\u00edce informac\u00ed o v\u00fdrobc\u00edch a slu\u017eb\u00e1ch pro profesion\u00e1ln\u00ed gastronomii a pr\u00e1delny. Na\u0161i odborn\u00edci se s V\u00e1mi neprodlen\u011b spoj\u00ed.\" \/>\n<meta property=\"og:url\" content=\"https:\/\/www.electroluxprofessional.com\/cz\/contact-us\/\" \/>\n<meta property=\"og:site_name\" content=\"Electrolux Professional \u010cesk\u00e1 republika\" \/>\n<meta property=\"article:publisher\" content=\"https:\/\/www.facebook.com\/electroluxprofessional\" \/>\n<meta property=\"article:modified_time\" content=\"2025-06-09T12:29:37+00:00\" \/>\n<meta name=\"twitter:card\" content=\"summary_large_image\" \/>\n<meta name=\"twitter:site\" content=\"@ElectroluxPro\" \/>\n<meta name=\"twitter:label1\" content=\"Odhadovan\u00e1 doba \u010dten\u00ed\" \/>\n\t<meta name=\"twitter:data1\" content=\"2 minuty\" \/>\n<script type=\"application\/ld+json\" class=\"yoast-schema-graph\">{\"@context\":\"https:\/\/schema.org\",\"@graph\":[{\"@type\":\"WebPage\",\"@id\":\"https:\/\/www.electroluxprofessional.com\/cz\/contact-us\/\",\"url\":\"https:\/\/www.electroluxprofessional.com\/cz\/contact-us\/\",\"name\":\"Kontaktujte n\u00e1s - Electrolux Professional \u010cesk\u00e1 republika\",\"isPartOf\":{\"@id\":\"https:\/\/www.electroluxprofessional.com\/cz\/#website\"},\"datePublished\":\"2016-06-10T13:07:31+00:00\",\"dateModified\":\"2025-06-09T12:29:37+00:00\",\"description\":\"Kontaktujte Electrolux Professional pro v\u00edce informac\u00ed o v\u00fdrobc\u00edch a slu\u017eb\u00e1ch pro profesion\u00e1ln\u00ed gastronomii a pr\u00e1delny. Na\u0161i odborn\u00edci se s V\u00e1mi neprodlen\u011b spoj\u00ed.\",\"breadcrumb\":{\"@id\":\"https:\/\/www.electroluxprofessional.com\/cz\/contact-us\/#breadcrumb\"},\"inLanguage\":\"cs\",\"potentialAction\":[{\"@type\":\"ReadAction\",\"target\":[\"https:\/\/www.electroluxprofessional.com\/cz\/contact-us\/\"]}]},{\"@type\":\"BreadcrumbList\",\"@id\":\"https:\/\/www.electroluxprofessional.com\/cz\/contact-us\/#breadcrumb\",\"itemListElement\":[{\"@type\":\"ListItem\",\"position\":1,\"name\":\"Home\",\"item\":\"https:\/\/www.electroluxprofessional.com\/cz\/\"},{\"@type\":\"ListItem\",\"position\":2,\"name\":\"Kontaktujte n\u00e1s\"}]},{\"@type\":\"WebSite\",\"@id\":\"https:\/\/www.electroluxprofessional.com\/cz\/#website\",\"url\":\"https:\/\/www.electroluxprofessional.com\/cz\/\",\"name\":\"Electrolux Professional \u010cesk\u00e1 republika\",\"description\":\"\",\"potentialAction\":[{\"@type\":\"SearchAction\",\"target\":{\"@type\":\"EntryPoint\",\"urlTemplate\":\"https:\/\/www.electroluxprofessional.com\/cz\/?src={search_term_string}\"},\"query-input\":\"required name=search_term_string\"}],\"inLanguage\":\"cs\"}]}<\/script>\n<!-- \/ Yoast SEO plugin. -->","yoast_head_json":{"title":"Kontaktujte n\u00e1s - Electrolux Professional \u010cesk\u00e1 republika","description":"Kontaktujte Electrolux Professional pro v\u00edce informac\u00ed o v\u00fdrobc\u00edch a slu\u017eb\u00e1ch pro profesion\u00e1ln\u00ed gastronomii a pr\u00e1delny. Na\u0161i odborn\u00edci se s V\u00e1mi neprodlen\u011b spoj\u00ed.","robots":{"index":"index","follow":"follow","max-snippet":"max-snippet:-1","max-image-preview":"max-image-preview:large","max-video-preview":"max-video-preview:-1"},"canonical":"https:\/\/www.electroluxprofessional.com\/cz\/contact-us\/","og_locale":"cs_CZ","og_type":"article","og_title":"Kontaktujte n\u00e1s - Electrolux Professional \u010cesk\u00e1 republika","og_description":"Kontaktujte Electrolux Professional pro v\u00edce informac\u00ed o v\u00fdrobc\u00edch a slu\u017eb\u00e1ch pro profesion\u00e1ln\u00ed gastronomii a pr\u00e1delny. Na\u0161i odborn\u00edci se s V\u00e1mi neprodlen\u011b spoj\u00ed.","og_url":"https:\/\/www.electroluxprofessional.com\/cz\/contact-us\/","og_site_name":"Electrolux Professional \u010cesk\u00e1 republika","article_publisher":"https:\/\/www.facebook.com\/electroluxprofessional","article_modified_time":"2025-06-09T12:29:37+00:00","twitter_card":"summary_large_image","twitter_site":"@ElectroluxPro","twitter_misc":{"Odhadovan\u00e1 doba \u010dten\u00ed":"2 minuty"},"schema":{"@context":"https:\/\/schema.org","@graph":[{"@type":"WebPage","@id":"https:\/\/www.electroluxprofessional.com\/cz\/contact-us\/","url":"https:\/\/www.electroluxprofessional.com\/cz\/contact-us\/","name":"Kontaktujte n\u00e1s - Electrolux Professional \u010cesk\u00e1 republika","isPartOf":{"@id":"https:\/\/www.electroluxprofessional.com\/cz\/#website"},"datePublished":"2016-06-10T13:07:31+00:00","dateModified":"2025-06-09T12:29:37+00:00","description":"Kontaktujte Electrolux Professional pro v\u00edce informac\u00ed o v\u00fdrobc\u00edch a slu\u017eb\u00e1ch pro profesion\u00e1ln\u00ed gastronomii a pr\u00e1delny. Na\u0161i odborn\u00edci se s V\u00e1mi neprodlen\u011b spoj\u00ed.","breadcrumb":{"@id":"https:\/\/www.electroluxprofessional.com\/cz\/contact-us\/#breadcrumb"},"inLanguage":"cs","potentialAction":[{"@type":"ReadAction","target":["https:\/\/www.electroluxprofessional.com\/cz\/contact-us\/"]}]},{"@type":"BreadcrumbList","@id":"https:\/\/www.electroluxprofessional.com\/cz\/contact-us\/#breadcrumb","itemListElement":[{"@type":"ListItem","position":1,"name":"Home","item":"https:\/\/www.electroluxprofessional.com\/cz\/"},{"@type":"ListItem","position":2,"name":"Kontaktujte n\u00e1s"}]},{"@type":"WebSite","@id":"https:\/\/www.electroluxprofessional.com\/cz\/#website","url":"https:\/\/www.electroluxprofessional.com\/cz\/","name":"Electrolux Professional \u010cesk\u00e1 republika","description":"","potentialAction":[{"@type":"SearchAction","target":{"@type":"EntryPoint","urlTemplate":"https:\/\/www.electroluxprofessional.com\/cz\/?src={search_term_string}"},"query-input":"required name=search_term_string"}],"inLanguage":"cs"}]}},"_links":{"self":[{"href":"https:\/\/www.electroluxprofessional.com\/cz\/wp-json\/wp\/v2\/pages\/1151"}],"collection":[{"href":"https:\/\/www.electroluxprofessional.com\/cz\/wp-json\/wp\/v2\/pages"}],"about":[{"href":"https:\/\/www.electroluxprofessional.com\/cz\/wp-json\/wp\/v2\/types\/page"}],"author":[{"embeddable":true,"href":"https:\/\/www.electroluxprofessional.com\/cz\/wp-json\/wp\/v2\/users\/3"}],"replies":[{"embeddable":true,"href":"https:\/\/www.electroluxprofessional.com\/cz\/wp-json\/wp\/v2\/comments?post=1151"}],"version-history":[{"count":36,"href":"https:\/\/www.electroluxprofessional.com\/cz\/wp-json\/wp\/v2\/pages\/1151\/revisions"}],"predecessor-version":[{"id":13557,"href":"https:\/\/www.electroluxprofessional.com\/cz\/wp-json\/wp\/v2\/pages\/1151\/revisions\/13557"}],"wp:attachment":[{"href":"https:\/\/www.electroluxprofessional.com\/cz\/wp-json\/wp\/v2\/media?parent=1151"}],"curies":[{"name":"wp","href":"https:\/\/api.w.org\/{rel}","templated":true}]}}