{"id":5422,"date":"2020-03-02T16:13:22","date_gmt":"2020-03-02T16:13:22","guid":{"rendered":"https:\/\/www.electroluxprofessional.com\/br\/?page_id=5422"},"modified":"2025-06-03T12:27:52","modified_gmt":"2025-06-03T12:27:52","slug":"homepage-201912-2","status":"publish","type":"page","link":"https:\/\/www.electroluxprofessional.com\/br\/","title":{"rendered":"Homepage"},"content":{"rendered":"<p>[vc_row full_width=&#8221;electroluxpro-full-width-no-padding&#8221; disable_element=&#8221;yes&#8221; css=&#8221;.vc_custom_1746534262080{margin-bottom: 0px !important;}&#8221;][vc_column css=&#8221;.vc_custom_1575015067714{margin-bottom: 0px !important;}&#8221;][elx_master_slider slide_order_1=&#8221;1&#8243; title_1=&#8221;Big Loads? Small Business? No Problem.&#8221; text_1=&#8221;myPRO XL washers and dryers&#8221; slide_order_2=&#8221;2&#8243; title_2=&#8221;&#8221; text_2=&#8221;&#8221; slide_order_3=&#8221;3&#8243; title_3=&#8221;&#8221; text_3=&#8221;&#8221; slide_order_4=&#8221;4&#8243; title_4=&#8221;&#8221; text_4=&#8221;&#8221; link_1=&#8221;url:https%3A%2F%2Fwww.electroluxprofessional.com%2Fbr%2Fcook-and-chill%2F|title:SIGA%20O%20CAMINHO%20PARA%20FINALIZAR%20A%20CONFIABILIDADE||&#8221; background_image_media_library_1=&#8221;6405&#8243; background_image_media_library_mobile_1=&#8221;6406&#8243; background_image_media_library_2=&#8221;29275&#8243; background_image_media_library_3=&#8221;29274&#8243; background_image_media_library_4=&#8221;29276&#8243; link_2=&#8221;|||&#8221; link_3=&#8221;|||&#8221; link_4=&#8221;|||&#8221; background_image_media_library_mobile_2=&#8221;29271&#8243; background_image_media_library_mobile_3=&#8221;29270&#8243; background_image_media_library_mobile_4=&#8221;29272&#8243;][\/vc_column][\/vc_row][vc_row full_width=&#8221;electroluxpro-full-width-no-padding&#8221; css=&#8221;.vc_custom_1581601446712{margin-bottom: 0px !important;}&#8221;][vc_column css=&#8221;.vc_custom_1575015067714{margin-bottom: 0px !important;}&#8221;][elx_master_slider slide_order_1=&#8221;3&#8243; title_1=&#8221;Solu\u00e7\u00e3o Cook and Chill SkyLine&#8221; text_1=&#8221;Introduzindo uma pioneira solu\u00e7\u00e3o Cook and Chill que antecipa suas necessidades.&#8221; slide_order_2=&#8221;1&#8243; title_2=&#8221;Inteligente por design. Simples para todos.&#8221; text_2=&#8221;A myPRO XL \u00e9 ideal para resid\u00eancias, hostels e muito mais.&#8221; slide_order_3=&#8221;2&#8243; title_3=&#8221;Grande capacidade. Pegada compacta. M\u00e1xima efici\u00eancia.&#8221; text_3=&#8221;Mais desempenho em menos espa\u00e7o com a myPRO XL.&#8221; slide_order_4=&#8221;4&#8243; title_4=&#8221;&#8221; text_4=&#8221;&#8221; link_1=&#8221;url:https%3A%2F%2Fwww.electroluxprofessional.com%2Fbr%2Fcook-and-chill%2F|title:SIGA%20O%20CAMINHO%20PARA%20FINALIZAR%20A%20CONFIABILIDADE||&#8221; background_image_media_library_1=&#8221;5424&#8243; background_image_media_library_mobile_1=&#8221;5425&#8243; background_image_media_library_2=&#8221;6410&#8243; background_image_media_library_3=&#8221;6415&#8243; background_image_media_library_4=&#8221;29276&#8243; link_2=&#8221;url:https%3A%2F%2Fwww.electroluxprofessional.com%2Fbr%2Fmypro-xl-lavanderia-pequenas-empresas%2F%3F_gl%3D1*hngv5d*_up*MQ..*_ga*NzIwNDk2MDI3LjE3NDc4MTA4ODE.*_ga_MNVYVN9CET*czE3NDc4MTA4ODEkbzEkZzEkdDE3NDc4MTA4ODUkajAkbDAkaDAkZGxteF9EY1dEYjdVYkFqNHd6dUx1UnhOYU1jNG82b2d4d0E.*_ga_28J7B14W8H*czE3NDc4MTA4ODEkbzEkZzEkdDE3NDc4MTA4ODUkajAkbDAkaDAkZGhObUtrdjdMcmROc3QzS2FFMGYteWxJd2NDVXJyQ1ZsZWc.|target:_blank&#8221; link_3=&#8221;url:https%3A%2F%2Fwww.electroluxprofessional.com%2Fbr%2Fmypro-xl-lavanderia-pequenas-empresas%2F%3F_gl%3D1*1y85nqm*_up*MQ..*_ga*MTgzODY5NzU1NC4xNzQ3ODM3MzY1*_ga_MNVYVN9CET*czE3NDc4MzczNjQkbzEkZzEkdDE3NDc4MzczNzYkajAkbDAkaDAkZEJEbFNmMi1jVVFxMWJRUTY2WVlFV1RLaTM3RUlWbzNwYkE.*_ga_28J7B14W8H*czE3NDc4MzczNjQkbzEkZzEkdDE3NDc4MzczNzYkajAkbDAkaDAkZENXNDVxNE5VMm1WczBJSFhQaldjYnAtM0RLSEVGRnRfMlE.|target:_blank&#8221; link_4=&#8221;|||&#8221; background_image_media_library_mobile_2=&#8221;6411&#8243; background_image_media_library_mobile_3=&#8221;6416&#8243; background_image_media_library_mobile_4=&#8221;29272&#8243;][\/vc_column][\/vc_row][vc_row full_width=&#8221;electroluxpro-full-width-no-padding&#8221;][vc_column][elx_search title=&#8221;O QUE VOC\u00ca EST\u00c1 PROCURANDO?&#8221;][\/vc_column][\/vc_row][vc_row full_width=&#8221;electroluxpro-full-width-no-padding&#8221;][vc_column][elx_full_banner title=&#8221;Electrolux Professional OnE&#8221; text=&#8221;Electrolux Professional is the OnE trusted partner making your<br \/>\nwork-life easier, more profitable \u2013 and truly sustainable every day.&#8221; background_source=&#8221;image-media-library&#8221; link=&#8221;url:https%3A%2F%2Fwww.electroluxprofessional.com%2Fbr%2Fquem-somos%2F|title:Discover%20OnE%20now||&#8221; background_image_media_library=&#8221;5428&#8243; background_image_media_library_mobile=&#8221;5429&#8243;][\/vc_column][\/vc_row][vc_row][vc_column][elx_double_banner title_1=&#8221;SkyLine&#8221; text_1=&#8221;Revolucion\u00e1rio SkyDuo, uma solu\u00e7\u00e3o Cook and Chill \u00fanica completa.&#8221; title_2=&#8221;Suporte t\u00e9cnico&#8221; text_2=&#8221;Mais de 10.000 t\u00e9cnicos especializados em mais de 149 pa\u00edses.&#8221; background_source_1=&#8221;image-media-library&#8221; background_source_2=&#8221;image-media-library&#8221; link_1=&#8221;url:https%3A%2F%2Fwww.electroluxprofessional.com%2Fbr%2Fcook-and-chill%2F|title:Discover%20more||&#8221; background_image_media_library_1=&#8221;5431&#8243; link_2=&#8221;url:https%3A%2F%2Fwww.electroluxprofessional.com%2Fbr%2Fsuporte-tecnico%2F|title:Suporte%20t%C3%A9cnico||&#8221; background_image_media_library_2=&#8221;5435&#8243; background_image_media_library_mobile_1=&#8221;5432&#8243; background_image_media_library_mobile_2=&#8221;5436&#8243;][\/vc_column][\/vc_row][vc_row][vc_column offset=&#8221;vc_hidden-lg vc_hidden-md vc_hidden-sm vc_hidden-xs&#8221;][elx_double_banner title_1=&#8221;Espresso Coffee Machines&#8221; text_1=&#8221;Design and technology for a full-flavor experience, whether your business is large or small.&#8221; title_2=&#8221;Essentia Service agreements&#8221; text_2=&#8221;Tailor-made service packages to keep your equipment running smoothly.&#8221; background_source_1=&#8221;image-media-library&#8221; background_source_2=&#8221;image-media-library&#8221; link_1=&#8221;url:https%3A%2F%2Fwww.electroluxprofessional.com%2Fbeverage-solutions%2Fespresso-coffee-machines%2F|title:Discover%20more||&#8221; background_image_media_library_1=&#8221;29259&#8243; link_2=&#8221;url:https%3A%2F%2Fwww.electroluxprofessional.com%2Fcustomer-care%2Fservice-agreements%2F|title:Discover%20more||&#8221; background_image_media_library_2=&#8221;29261&#8243; background_image_media_library_mobile_1=&#8221;29260&#8243; background_image_media_library_mobile_2=&#8221;29262&#8243;][\/vc_column][\/vc_row][vc_row full_width=&#8221;electroluxpro-full-width-no-padding&#8221;][vc_column][elx_full_banner title=&#8221;Electrolux Professional Centers of Excellence&#8221; text=&#8221;Swiss design since 1871: over 100 years of production,<br \/>\nprecision and tradition&#8221; background_source=&#8221;image-media-library&#8221; link=&#8221;url:https%3A%2F%2Fwww.electroluxprofessional.com%2Fchef-s-hub%2Fcenters-of-excellence-electrolux-professional%2F|title:Visit%20our%20showrooms||&#8221; background_image_media_library=&#8221;5442&#8243; background_image_media_library_mobile=&#8221;5443&#8243;][\/vc_column][\/vc_row][vc_row full_width=&#8221;electroluxpro-full-width-no-padding&#8221;][vc_column][elx_last_references title=&#8221;Our customers&#8221;][\/vc_column][\/vc_row][vc_row full_width=&#8221;electroluxpro-full-width-no-padding&#8221;][vc_column offset=&#8221;vc_hidden-lg vc_hidden-md vc_hidden-sm vc_hidden-xs&#8221;][elx_last_news][\/vc_column][\/vc_row][vc_row][vc_column][elx_single_banner title=&#8221;Work with us&#8221; text=&#8221;Electrolux Professional welcomes passionate, business-minded team players to join our family. Check our career site to learn about openings and opportunities for you.&#8221; text_mobile=&#8221;Check our career site to learn about openings and opportunities for you.&#8221; background_source=&#8221;image-media-library&#8221; background_image_media_library=&#8221;5440&#8243; link=&#8221;url:https%3A%2F%2Fwww.electroluxprofessional.com%2Fcareer-opportunities%2F|title:Apply%20now||&#8221; background_image_media_library_mobile=&#8221;5441&#8243;][\/vc_column][\/vc_row][vc_row][vc_column][elx_active_banner title=&#8221;Sales and service locator&#8221; link=&#8221;url:https%3A%2F%2Fwww.electroluxprofessional.com%2Fbr%2Fpontos-de-venda-e-servico%2F|title:Search||&#8221; background_image_media_library=&#8221;5438&#8243; background_image_media_library_mobile=&#8221;5439&#8243;][\/vc_column][\/vc_row][vc_row][vc_column][vc_empty_space height=&#8221;30px&#8221;][\/vc_column][\/vc_row]<\/p>\n","protected":false},"excerpt":{"rendered":"<p>[vc_row full_width=&#8221;electroluxpro-full-width-no-padding&#8221; disable_element=&#8221;yes&#8221; css=&#8221;.vc_custom_1746534262080{margin-bottom: 0px !important;}&#8221;][vc_column css=&#8221;.vc_custom_1575015067714{margin-bottom: 0px !important;}&#8221;][elx_master_slider slide_order_1=&#8221;1&#8243; title_1=&#8221;Big Loads? Small Business? No Problem.&#8221; text_1=&#8221;myPRO XL washers and dryers&#8221; slide_order_2=&#8221;2&#8243; title_2=&#8221;&#8221; text_2=&#8221;&#8221; slide_order_3=&#8221;3&#8243; title_3=&#8221;&#8221; text_3=&#8221;&#8221; slide_order_4=&#8221;4&#8243; title_4=&#8221;&#8221; text_4=&#8221;&#8221; link_1=&#8221;url:https%3A%2F%2Fwww.electroluxprofessional.com%2Fbr%2Fcook-and-chill%2F|title:SIGA%20O%20CAMINHO%20PARA%20FINALIZAR%20A%20CONFIABILIDADE||&#8221; background_image_media_library_1=&#8221;6405&#8243; background_image_media_library_mobile_1=&#8221;6406&#8243; background_image_media_library_2=&#8221;29275&#8243; background_image_media_library_3=&#8221;29274&#8243; background_image_media_library_4=&#8221;29276&#8243; link_2=&#8221;|||&#8221; link_3=&#8221;|||&#8221; link_4=&#8221;|||&#8221; background_image_media_library_mobile_2=&#8221;29271&#8243; background_image_media_library_mobile_3=&#8221;29270&#8243; background_image_media_library_mobile_4=&#8221;29272&#8243;][\/vc_column][\/vc_row][vc_row full_width=&#8221;electroluxpro-full-width-no-padding&#8221; css=&#8221;.vc_custom_1581601446712{margin-bottom: 0px !important;}&#8221;][vc_column css=&#8221;.vc_custom_1575015067714{margin-bottom: 0px !important;}&#8221;][elx_master_slider slide_order_1=&#8221;3&#8243; title_1=&#8221;Solu\u00e7\u00e3o Cook and Chill SkyLine&#8221; [&hellip;]<\/p>\n","protected":false},"author":1,"featured_media":0,"parent":0,"menu_order":0,"comment_status":"closed","ping_status":"closed","template":"","meta":{"footnotes":""},"class_list":["post-5422","page","type-page","status-publish","hentry"],"acf":[],"yoast_head":"<!-- This site is optimized with the Yoast SEO plugin v23.3 - https:\/\/yoast.com\/wordpress\/plugins\/seo\/ -->\n<title>Electrolux Professional - Food, beverage and laundry solutions.<\/title>\n<meta name=\"description\" content=\"Electrolux Professional provides excellence in food, beverage and laundry solutions. Find out what we can do for your business.\" \/>\n<meta name=\"robots\" content=\"index, follow, max-snippet:-1, max-image-preview:large, max-video-preview:-1\" \/>\n<link rel=\"canonical\" href=\"https:\/\/www.electroluxprofessional.com\/br\/\" \/>\n<meta property=\"og:locale\" content=\"pt_BR\" \/>\n<meta property=\"og:type\" content=\"article\" \/>\n<meta property=\"og:title\" content=\"Electrolux Professional - Food, beverage and laundry solutions.\" \/>\n<meta property=\"og:description\" content=\"Electrolux Professional provides excellence in food, beverage and laundry solutions. Find out what we can do for your business.\" \/>\n<meta property=\"og:url\" content=\"https:\/\/www.electroluxprofessional.com\/br\/\" \/>\n<meta property=\"og:site_name\" content=\"Electrolux Professional Brasil\" \/>\n<meta property=\"article:modified_time\" content=\"2025-06-03T12:27:52+00:00\" \/>\n<meta name=\"twitter:card\" content=\"summary_large_image\" \/>\n<meta name=\"twitter:label1\" content=\"Est. tempo de leitura\" \/>\n\t<meta name=\"twitter:data1\" content=\"2 minutos\" \/>\n<script type=\"application\/ld+json\" class=\"yoast-schema-graph\">{\"@context\":\"https:\/\/schema.org\",\"@graph\":[{\"@type\":\"WebPage\",\"@id\":\"https:\/\/www.electroluxprofessional.com\/br\/\",\"url\":\"https:\/\/www.electroluxprofessional.com\/br\/\",\"name\":\"Electrolux Professional - Food, beverage and laundry solutions.\",\"isPartOf\":{\"@id\":\"https:\/\/www.electroluxprofessional.com\/br\/#website\"},\"datePublished\":\"2020-03-02T16:13:22+00:00\",\"dateModified\":\"2025-06-03T12:27:52+00:00\",\"description\":\"Electrolux Professional provides excellence in food, beverage and laundry solutions. Find out what we can do for your business.\",\"breadcrumb\":{\"@id\":\"https:\/\/www.electroluxprofessional.com\/br\/#breadcrumb\"},\"inLanguage\":\"pt-BR\",\"potentialAction\":[{\"@type\":\"ReadAction\",\"target\":[\"https:\/\/www.electroluxprofessional.com\/br\/\"]}]},{\"@type\":\"BreadcrumbList\",\"@id\":\"https:\/\/www.electroluxprofessional.com\/br\/#breadcrumb\",\"itemListElement\":[{\"@type\":\"ListItem\",\"position\":1,\"name\":\"Home\",\"item\":\"https:\/\/www.electroluxprofessional.com\/br\/\"},{\"@type\":\"ListItem\",\"position\":2,\"name\":\"Homepage\"}]},{\"@type\":\"WebSite\",\"@id\":\"https:\/\/www.electroluxprofessional.com\/br\/#website\",\"url\":\"https:\/\/www.electroluxprofessional.com\/br\/\",\"name\":\"Electrolux Professional Brasil\",\"description\":\"Equipamiento cocinas profesionales y lavander\u00edas comerciales. Excelencia en el suministro de soluciones profesionales.\",\"potentialAction\":[{\"@type\":\"SearchAction\",\"target\":{\"@type\":\"EntryPoint\",\"urlTemplate\":\"https:\/\/www.electroluxprofessional.com\/br\/?src={search_term_string}\"},\"query-input\":\"required name=search_term_string\"}],\"inLanguage\":\"pt-BR\"}]}<\/script>\n<!-- \/ Yoast SEO plugin. -->","yoast_head_json":{"title":"Electrolux Professional - Food, beverage and laundry solutions.","description":"Electrolux Professional provides excellence in food, beverage and laundry solutions. Find out what we can do for your business.","robots":{"index":"index","follow":"follow","max-snippet":"max-snippet:-1","max-image-preview":"max-image-preview:large","max-video-preview":"max-video-preview:-1"},"canonical":"https:\/\/www.electroluxprofessional.com\/br\/","og_locale":"pt_BR","og_type":"article","og_title":"Electrolux Professional - Food, beverage and laundry solutions.","og_description":"Electrolux Professional provides excellence in food, beverage and laundry solutions. Find out what we can do for your business.","og_url":"https:\/\/www.electroluxprofessional.com\/br\/","og_site_name":"Electrolux Professional Brasil","article_modified_time":"2025-06-03T12:27:52+00:00","twitter_card":"summary_large_image","twitter_misc":{"Est. tempo de leitura":"2 minutos"},"schema":{"@context":"https:\/\/schema.org","@graph":[{"@type":"WebPage","@id":"https:\/\/www.electroluxprofessional.com\/br\/","url":"https:\/\/www.electroluxprofessional.com\/br\/","name":"Electrolux Professional - Food, beverage and laundry solutions.","isPartOf":{"@id":"https:\/\/www.electroluxprofessional.com\/br\/#website"},"datePublished":"2020-03-02T16:13:22+00:00","dateModified":"2025-06-03T12:27:52+00:00","description":"Electrolux Professional provides excellence in food, beverage and laundry solutions. Find out what we can do for your business.","breadcrumb":{"@id":"https:\/\/www.electroluxprofessional.com\/br\/#breadcrumb"},"inLanguage":"pt-BR","potentialAction":[{"@type":"ReadAction","target":["https:\/\/www.electroluxprofessional.com\/br\/"]}]},{"@type":"BreadcrumbList","@id":"https:\/\/www.electroluxprofessional.com\/br\/#breadcrumb","itemListElement":[{"@type":"ListItem","position":1,"name":"Home","item":"https:\/\/www.electroluxprofessional.com\/br\/"},{"@type":"ListItem","position":2,"name":"Homepage"}]},{"@type":"WebSite","@id":"https:\/\/www.electroluxprofessional.com\/br\/#website","url":"https:\/\/www.electroluxprofessional.com\/br\/","name":"Electrolux Professional Brasil","description":"Equipamiento cocinas profesionales y lavander\u00edas comerciales. Excelencia en el suministro de soluciones profesionales.","potentialAction":[{"@type":"SearchAction","target":{"@type":"EntryPoint","urlTemplate":"https:\/\/www.electroluxprofessional.com\/br\/?src={search_term_string}"},"query-input":"required name=search_term_string"}],"inLanguage":"pt-BR"}]}},"_links":{"self":[{"href":"https:\/\/www.electroluxprofessional.com\/br\/wp-json\/wp\/v2\/pages\/5422"}],"collection":[{"href":"https:\/\/www.electroluxprofessional.com\/br\/wp-json\/wp\/v2\/pages"}],"about":[{"href":"https:\/\/www.electroluxprofessional.com\/br\/wp-json\/wp\/v2\/types\/page"}],"author":[{"embeddable":true,"href":"https:\/\/www.electroluxprofessional.com\/br\/wp-json\/wp\/v2\/users\/1"}],"replies":[{"embeddable":true,"href":"https:\/\/www.electroluxprofessional.com\/br\/wp-json\/wp\/v2\/comments?post=5422"}],"version-history":[{"count":17,"href":"https:\/\/www.electroluxprofessional.com\/br\/wp-json\/wp\/v2\/pages\/5422\/revisions"}],"predecessor-version":[{"id":6420,"href":"https:\/\/www.electroluxprofessional.com\/br\/wp-json\/wp\/v2\/pages\/5422\/revisions\/6420"}],"wp:attachment":[{"href":"https:\/\/www.electroluxprofessional.com\/br\/wp-json\/wp\/v2\/media?parent=5422"}],"curies":[{"name":"wp","href":"https:\/\/api.w.org\/{rel}","templated":true}]}}