{"id":5341,"date":"2019-04-04T08:58:43","date_gmt":"2019-04-04T07:58:43","guid":{"rendered":"https:\/\/www.electroluxprofessional.com\/?page_id=20232"},"modified":"2025-11-05T16:50:09","modified_gmt":"2025-11-05T16:50:09","slug":"cook-and-chill","status":"publish","type":"page","link":"https:\/\/www.electroluxprofessional.com\/br\/cook-and-chill\/","title":{"rendered":"Solu\u00e7\u00e3o Cook and Chill SkyLine"},"content":{"rendered":"<p>[vc_row full_width=&#8221;electroluxpro-full-width-no-padding&#8221; css=&#8221;.vc_custom_1542809019141{margin-bottom: 0px !important;border-bottom-width: 0px !important;padding-bottom: 0px !important;}&#8221;][vc_column][elx_image_block background_image=&#8221;5208&#8243; minimum_height=&#8221;350px&#8221;][vc_empty_space][\/vc_column][\/vc_row][vc_row][vc_column width=&#8221;2\/3&#8243;][vc_single_image image=&#8221;5215&#8243; img_size=&#8221;full&#8221; add_caption=&#8221;yes&#8221; alignment=&#8221;center&#8221;][\/vc_column][vc_column width=&#8221;1\/3&#8243;][elx_heading font_container=&#8221;h1&#8243; font_size=&#8221;h5&#8243; text_color=&#8221;inherit&#8221;]Solu\u00e7\u00e3o Cook and Chill SkyLine[\/elx_heading][vc_column_text]Introduzindo uma pioneira solu\u00e7\u00e3o\u00a0<strong>Cook and Chill<\/strong>\u00a0que antecipa suas necessidades com o\u00a0<strong>SkyDuo<\/strong>, a conex\u00e3o intuitiva cont\u00ednua entre\u00a0<strong>aparelhos SkyLine<\/strong>.<\/p>\n<p><strong><span style=\"color: #bbc699;\">O novo horizonte em cozinhar<\/span><\/strong>[\/vc_column_text][elx_heading font_container=&#8221;h3&#8243; font_size=&#8221;h5&#8243; text_color=&#8221;inherit&#8221;]Baixe para saber mais[\/elx_heading][elx_download_block text=&#8221;Folheto do Cook and Chill<br \/>\nSkyLine&#8221; document_type=&#8221;brochures&#8221; background_color=&#8221;black&#8221; background_hover_color=&#8221;lighter-hover&#8221; br_document_number=&#8221;BR-9JE00120&#8243; background_image=&#8221;5163&#8243;][elx_button button_text=&#8221;V\u00e1 para os produtos&#8221; button_style=&#8221;icon&#8221; button_link=&#8221;url:%23skyline_products|||&#8221;][\/vc_column][\/vc_row][vc_row][vc_column width=&#8221;2\/3&#8243;][elx_heading font_size=&#8221;h5&#8243; text_color=&#8221;inherit&#8221;]Comunica\u00e7\u00e3o cont\u00ednua[\/elx_heading][vc_column_text]O\u00a0<strong>Forno combinado SkyLine<\/strong>\u00a0<strong>alerta automaticamente o Resfriador\/Ultra Congelador R\u00e1pido SkyLine<\/strong>\u00a0para se preparar para o abatimento.<\/p>\n<p>Testado e aprovado pela \u00fanica Electrolux Chef Academy global.[\/vc_column_text][\/vc_column][vc_column width=&#8221;1\/3&#8243;][\/vc_column][\/vc_row][vc_row][vc_column width=&#8221;2\/3&#8243;][elx_video_block background_image=&#8221;5210&#8243; minimum_height=&#8221;300px&#8221; video_link=&#8221;https:\/\/www.youtube.com\/watch?v=RRN6Tvqfkl8&#8243;][vc_empty_space][\/vc_column][vc_column width=&#8221;1\/3&#8243;][vc_empty_space][vc_single_image image=&#8221;5216&#8243; img_size=&#8221;full&#8221; alignment=&#8221;center&#8221;][vc_column_text]<\/p>\n<p style=\"text-align: center;\"><strong>Um DNA.<\/strong><br \/>\n<strong>Dois aparelhos.<\/strong><\/p>\n<p>[\/vc_column_text][vc_empty_space][\/vc_column][\/vc_row][vc_row css=&#8221;.vc_custom_1568793660074{background-image: url(https:\/\/www.electroluxprofessional.com\/br\/wp-content\/uploads\/2019\/04\/Pattern-OnE-3dr-2.jpg?id=25284) !important;}&#8221;][vc_column width=&#8221;1\/4&#8243;][vc_empty_space][elx_heading text_color=&#8221;inherit&#8221;]Experimente o OnE 3DR[\/elx_heading][vc_column_text]Descubra nossa solu\u00e7\u00e3o Cook and Chill SkyLine gra\u00e7as \u00e0 realidade aumentada usando seu smartphone e o folheto.<\/p>\n<ul>\n<li>Baixe o folheto<\/li>\n<li>Baixe o aplicativo OnE 3DR<\/li>\n<li>Emoldure a p\u00e1gina frontal do folheto<\/li>\n<\/ul>\n<p>[\/vc_column_text][\/vc_column][vc_column width=&#8221;1\/4&#8243;][vc_empty_space][elx_download_block text=&#8221;Baixe o OnE 3DR para Android&#8221; document_type=&#8221;brochures&#8221; link=&#8221;https:\/\/play.google.com\/store\/apps\/details?id=com.electrolux.eprone3dr&amp;hl=en&#8221; background_color=&#8221;black&#8221; background_image=&#8221;5164&#8243;][elx_download_block text=&#8221;Baixe o OnE 3DR para iOS&#8221; document_type=&#8221;brochures&#8221; link=&#8221;https:\/\/apps.apple.com\/it\/app\/one-3dr\/id1458870435&#8243; background_color=&#8221;black&#8221; background_image=&#8221;5165&#8243;][\/vc_column][vc_column width=&#8221;1\/2&#8243;][vc_empty_space][elx_image_block background_image=&#8221;5166&#8243; minimum_height=&#8221;350px&#8221;][\/vc_column][\/vc_row][vc_row][vc_column][vc_empty_space][elx_heading font_size=&#8221;h5&#8243; text_color=&#8221;inherit&#8221;]Como o Cook and Chill pode revolucionar os processos da sua cozinha?[\/elx_heading][vc_empty_space][\/vc_column][\/vc_row][vc_row css=&#8221;.vc_custom_1485788665165{margin-top: 0px !important;border-top-width: 0px !important;padding-top: 0px !important;}&#8221;][vc_column width=&#8221;1\/3&#8243;][vc_single_image image=&#8221;5217&#8243; img_size=&#8221;150&#215;150&#8243;][elx_heading font_container=&#8221;h3&#8243; font_size=&#8221;h6&#8243; text_color=&#8221;inherit&#8221;]Lucratividade simples com SkyDuo[\/elx_heading][vc_column_text]Revolucion\u00e1rio\u00a0<strong>SkyDuo<\/strong>, uma solu\u00e7\u00e3o\u00a0<strong>Cook and Chill<\/strong>\u00a0\u00fanica completa. Dois aparelhos com um DNA.<br \/>\nOs Fornos e Resfriadores\/Ultra Congeladores R\u00e1pidos SkyLine se comunicam continuamente, compartilhando a mesma mentalidade e interface de toque simples e intuitiva.[\/vc_column_text][\/vc_column][vc_column width=&#8221;1\/3&#8243;][vc_single_image image=&#8221;5218&#8243; img_size=&#8221;full&#8221;][elx_heading font_container=&#8221;h3&#8243; font_size=&#8221;h6&#8243; text_color=&#8221;inherit&#8221;]Uma combina\u00e7\u00e3o vencedora<br \/>\n[\/elx_heading][vc_column_text]Economize dinheiro. Ganhe espa\u00e7o, tenha opera\u00e7\u00f5es tranquilas com uma ampla variedade de acess\u00f3rios para banquete e sistemas de manuseio, projetados para se ajustarem perfeitamente aos Fornos, Resfriadores e Ultra Congeladores R\u00e1pidos.[\/vc_column_text][\/vc_column][vc_column width=&#8221;1\/3&#8243;][vc_single_image image=&#8221;5170&#8243; img_size=&#8221;full&#8221;][elx_heading font_container=&#8221;h3&#8243; font_size=&#8221;h6&#8243; text_color=&#8221;inherit&#8221;]Usabilidade e ergonomia pioneira[\/elx_heading][vc_column_text]Um Forno e Resfriador\/Ultra Congelador R\u00e1pido ergon\u00f4micos significa <strong>75%<\/strong>* de redu\u00e7\u00e3o nas licen\u00e7as por doen\u00e7as e\u00a0<strong>25%<\/strong>\u00a0de aumento na produtividade.<br \/>\nM\u00e1xima efici\u00eancia com o \u00fanico Forno e Resfriador\/Ultra Congelador R\u00e1pido profissional no mundo a receber a\u00a0<strong>certifica\u00e7\u00e3o 4 estrelas<\/strong>\u00a0independente pelo seu design ergon\u00f4mico suave e f\u00e1cil de suar.[\/vc_column_text][vc_column_text]<em>* \u201cAs interven\u00e7\u00f5es ergon\u00f4micas podem reduzir dist\u00farbios osteomusculares (DORT) em at\u00e9 59%, com uma redu\u00e7\u00e3o m\u00e9dia de 75% nas licen\u00e7as por doen\u00e7a e um aumento de 25% na produtividade.\u201d<br \/>\nDr. Francesco Marcolin, CEO da ErgoCert (European Certified Ergonomist \u2013 EUR.ERG.)<\/em>[\/vc_column_text][\/vc_column][\/vc_row][vc_row][vc_column width=&#8221;1\/3&#8243;][elx_heading font_container=&#8221;h3&#8243; font_size=&#8221;h6&#8243; text_color=&#8221;inherit&#8221;]Reduza o desperd\u00edcio de alimentos[\/elx_heading][elx_heading font_container=&#8221;h3&#8243; font_size=&#8221;h6&#8243; text_color=&#8221;inherit&#8221;]Um fluxo de trabalho mais enxuto[\/elx_heading][vc_column_text]Uso mais eficaz e eficiente da equipe e dos aparelhos por meio da pr\u00e9-prepara\u00e7\u00e3o de grandes quantidades.[\/vc_column_text][\/vc_column][vc_column width=&#8221;1\/3&#8243;][vc_column_text]Cada grama conta. A SkyLine oferece um m\u00e1ximo retorno sobre os investimentos aumentando a vida \u00fatil e garantindo m\u00ednima perda de peso durante o cozimento e abatimento.[\/vc_column_text][\/vc_column][vc_column width=&#8221;1\/3&#8243;][elx_heading font_container=&#8221;h3&#8243; font_size=&#8221;h6&#8243; text_color=&#8221;inherit&#8221;]Qualidade sem compromisso[\/elx_heading][vc_column_text]Os pratos mant\u00eam todas as suas caracter\u00edsticas b\u00e1sicas: sabor, textura, apar\u00eancia e valor nutricional s\u00e3o classificados da mesma forma que os alimentos rec\u00e9m-cozidos. A SkyLine simplifica a conformidade com o\u00a0<strong>HACCP<\/strong>.[\/vc_column_text][\/vc_column][\/vc_row][vc_row][vc_column][elx_heading text_color=&#8221;inherit&#8221;]Menus personaliz\u00e1veis[\/elx_heading][\/vc_column][vc_column width=&#8221;1\/2&#8243;][vc_column_text]A fam\u00edlia de Forno combinado e Resfriador\/Ultra Congelador R\u00e1pido SkyLine <strong>t\u00eam<\/strong> uma interface de tela de toque <strong>super intuitiva<\/strong>\u00a0e f\u00e1cil de usar. Voc\u00ea pode\u00a0<strong>personalizar a interface completa<\/strong>\u00a0com suas configura\u00e7\u00f5es favoritas, menu e imagens.<\/p>\n<p>O Forno combinado SkyLine e o Resfriador\/Ultra Congelador R\u00e1pido compartilham a mesma filosofia com alto n\u00edvel de personaliza\u00e7\u00e3o. Mantenha um controle total de todas as opera\u00e7\u00f5es e crie a personaliza\u00e7\u00e3o mais adequada, carregando\u00a0<strong><a href=\"https:\/\/www.electroluxprofessional.com\/commercial-kitchen-equipment\/cook-and-chill\/skyline-menu-images-generator\/\">as imagens favoritas de suas receitas<\/a><\/strong>.[\/vc_column_text][elx_button button_text=&#8221;Personalize seus menus SkyLine&#8221; button_style=&#8221;icon&#8221; button_link=&#8221;url:https%3A%2F%2Fwww.electroluxprofessional.com%2Fcommercial-kitchen-equipment%2Fcook-and-chill%2Fskyline-menu-images-generator%2F|title:SkyLine%20menu%20images%20generator||&#8221;][\/vc_column][vc_column width=&#8221;1\/2&#8243;][vc_single_image image=&#8221;5204&#8243; img_size=&#8221;full&#8221;][vc_empty_space][\/vc_column][\/vc_row][vc_row full_width=&#8221;electroluxpro-full-width-no-padding&#8221;][vc_column][vc_single_image image=&#8221;5221&#8243; img_size=&#8221;full&#8221; alignment=&#8221;center&#8221; css=&#8221;.vc_custom_1552925711965{background-position: center !important;background-repeat: no-repeat !important;background-size: cover !important;}&#8221;][vc_empty_space][\/vc_column][\/vc_row][vc_row content_placement=&#8221;bottom&#8221;][vc_column width=&#8221;1\/2&#8243;][vc_single_image image=&#8221;5197&#8243; img_size=&#8221;medium&#8221; alignment=&#8221;center&#8221; onclick=&#8221;custom_link&#8221; link=&#8221;https:\/\/www.electroluxprofessional.com\/br\/commercial-kitchen-equipment\/combi-oven\/&#8221;][elx_heading font_container=&#8221;h3&#8243; font_size=&#8221;h6&#8243; text_color=&#8221;orange&#8221; text_align=&#8221;text-center&#8221;]Fornos combinados SkyLine[\/elx_heading][\/vc_column][vc_column width=&#8221;1\/2&#8243;][vc_single_image image=&#8221;5168&#8243; img_size=&#8221;medium&#8221; alignment=&#8221;center&#8221; onclick=&#8221;custom_link&#8221; link=&#8221;https:\/\/www.electroluxprofessional.com\/br\/commercial-kitchen-equipment\/blast-chillers-and-freezers\/&#8221;][elx_heading font_container=&#8221;h3&#8243; font_size=&#8221;h6&#8243; text_color=&#8221;cat-cool&#8221; text_align=&#8221;text-center&#8221;]Resfriador \/ Ultra Congelador R\u00e1pido SkyLine[\/elx_heading][\/vc_column][\/vc_row][vc_row][vc_column][vc_empty_space][\/vc_column][\/vc_row][vc_row][vc_column][elx_heading font_size=&#8221;h3&#8243; text_color=&#8221;inherit&#8221; text_align=&#8221;text-left&#8221;]Descubra o que o Cook and Chill pode fazer por seu neg\u00f3cio[\/elx_heading][elx_o2000_contact_us r=&#8221;Gostaria de saber mais sobre as Solu\u00e7\u00f5es Cook &amp; Chill, por favor entre em contato.&#8221; s=&#8221;Request for information: Cook and Chill&#8221; l=&#8221;pt-br&#8221; container=&#8221;elxcontactus1466429401&#8243;][\/vc_column][\/vc_row][vc_row el_id=&#8221;skyline_products&#8221;][vc_column][vc_empty_space height=&#8221;50px&#8221;][elx_heading font_size=&#8221;h3&#8243; text_color=&#8221;inherit&#8221; text_align=&#8221;text-left&#8221;]Fam\u00edlia Cook and Chill[\/elx_heading][vc_empty_space height=&#8221;50px&#8221;]<div class=\"com21-product-filter-container 35\">[\/vc_column][\/vc_row]<\/p>\n","protected":false},"excerpt":{"rendered":"<p>[vc_row full_width=&#8221;electroluxpro-full-width-no-padding&#8221; css=&#8221;.vc_custom_1542809019141{margin-bottom: 0px !important;border-bottom-width: 0px !important;padding-bottom: 0px !important;}&#8221;][vc_column][elx_image_block background_image=&#8221;5208&#8243; minimum_height=&#8221;350px&#8221;][vc_empty_space][\/vc_column][\/vc_row][vc_row][vc_column width=&#8221;2\/3&#8243;][vc_single_image image=&#8221;5215&#8243; img_size=&#8221;full&#8221; add_caption=&#8221;yes&#8221; alignment=&#8221;center&#8221;][\/vc_column][vc_column width=&#8221;1\/3&#8243;][elx_heading font_container=&#8221;h1&#8243; font_size=&#8221;h5&#8243; text_color=&#8221;inherit&#8221;]Solu\u00e7\u00e3o Cook and Chill SkyLine[\/elx_heading][vc_column_text]Introduzindo uma pioneira solu\u00e7\u00e3o\u00a0Cook and Chill\u00a0que antecipa suas necessidades com o\u00a0SkyDuo, a conex\u00e3o intuitiva cont\u00ednua entre\u00a0aparelhos SkyLine. O novo horizonte em cozinhar[\/vc_column_text][elx_heading font_container=&#8221;h3&#8243; font_size=&#8221;h5&#8243; text_color=&#8221;inherit&#8221;]Baixe para saber mais[\/elx_heading][elx_download_block text=&#8221;Folheto do Cook and [&hellip;]<\/p>\n","protected":false},"author":1,"featured_media":0,"parent":0,"menu_order":0,"comment_status":"closed","ping_status":"closed","template":"","meta":{"footnotes":""},"class_list":["post-5341","page","type-page","status-publish","hentry"],"acf":[],"yoast_head":"<!-- This site is optimized with the Yoast SEO plugin v23.3 - https:\/\/yoast.com\/wordpress\/plugins\/seo\/ -->\n<title>SkyLine Cook and Chill solution - Electrolux Professional<\/title>\n<meta name=\"description\" content=\"Introducing a pioneering Cook and Chill solution that anticipates your needs with SkyDuo, the seamless, self-intuitive connection between SkyLine appliances.\" \/>\n<meta name=\"robots\" content=\"index, follow, max-snippet:-1, max-image-preview:large, max-video-preview:-1\" \/>\n<link rel=\"canonical\" href=\"https:\/\/www.electroluxprofessional.com\/br\/cook-and-chill\/\" \/>\n<meta property=\"og:locale\" content=\"pt_BR\" \/>\n<meta property=\"og:type\" content=\"article\" \/>\n<meta property=\"og:title\" content=\"SkyLine Cook and Chill solution - Electrolux Professional\" \/>\n<meta property=\"og:description\" content=\"Introducing a pioneering Cook and Chill solution that anticipates your needs with SkyDuo, the seamless, self-intuitive connection between SkyLine appliances.\" \/>\n<meta property=\"og:url\" content=\"https:\/\/www.electroluxprofessional.com\/br\/cook-and-chill\/\" \/>\n<meta property=\"og:site_name\" content=\"Electrolux Professional Brasil\" \/>\n<meta property=\"article:modified_time\" content=\"2025-11-05T16:50:09+00:00\" \/>\n<meta property=\"og:image\" content=\"https:\/\/www.electroluxprofessional.com\/br\/wp-content\/uploads\/2019\/04\/Skyline-Cook_and_Chill.png\" \/>\n<meta name=\"twitter:card\" content=\"summary_large_image\" \/>\n<meta name=\"twitter:label1\" content=\"Est. tempo de leitura\" \/>\n\t<meta name=\"twitter:data1\" content=\"4 minutos\" \/>\n<script type=\"application\/ld+json\" class=\"yoast-schema-graph\">{\"@context\":\"https:\/\/schema.org\",\"@graph\":[{\"@type\":\"WebPage\",\"@id\":\"https:\/\/www.electroluxprofessional.com\/br\/cook-and-chill\/\",\"url\":\"https:\/\/www.electroluxprofessional.com\/br\/cook-and-chill\/\",\"name\":\"SkyLine Cook and Chill solution - Electrolux Professional\",\"isPartOf\":{\"@id\":\"https:\/\/www.electroluxprofessional.com\/br\/#website\"},\"datePublished\":\"2019-04-04T07:58:43+00:00\",\"dateModified\":\"2025-11-05T16:50:09+00:00\",\"description\":\"Introducing a pioneering Cook and Chill solution that anticipates your needs with SkyDuo, the seamless, self-intuitive connection between SkyLine appliances.\",\"breadcrumb\":{\"@id\":\"https:\/\/www.electroluxprofessional.com\/br\/cook-and-chill\/#breadcrumb\"},\"inLanguage\":\"pt-BR\",\"potentialAction\":[{\"@type\":\"ReadAction\",\"target\":[\"https:\/\/www.electroluxprofessional.com\/br\/cook-and-chill\/\"]}]},{\"@type\":\"BreadcrumbList\",\"@id\":\"https:\/\/www.electroluxprofessional.com\/br\/cook-and-chill\/#breadcrumb\",\"itemListElement\":[{\"@type\":\"ListItem\",\"position\":1,\"name\":\"Home\",\"item\":\"https:\/\/www.electroluxprofessional.com\/br\/\"},{\"@type\":\"ListItem\",\"position\":2,\"name\":\"Solu\u00e7\u00e3o Cook and Chill SkyLine\"}]},{\"@type\":\"WebSite\",\"@id\":\"https:\/\/www.electroluxprofessional.com\/br\/#website\",\"url\":\"https:\/\/www.electroluxprofessional.com\/br\/\",\"name\":\"Electrolux Professional Brasil\",\"description\":\"Equipamiento cocinas profesionales y lavander\u00edas comerciales. Excelencia en el suministro de soluciones profesionales.\",\"potentialAction\":[{\"@type\":\"SearchAction\",\"target\":{\"@type\":\"EntryPoint\",\"urlTemplate\":\"https:\/\/www.electroluxprofessional.com\/br\/?src={search_term_string}\"},\"query-input\":\"required name=search_term_string\"}],\"inLanguage\":\"pt-BR\"}]}<\/script>\n<!-- \/ Yoast SEO plugin. -->","yoast_head_json":{"title":"SkyLine Cook and Chill solution - Electrolux Professional","description":"Introducing a pioneering Cook and Chill solution that anticipates your needs with SkyDuo, the seamless, self-intuitive connection between SkyLine appliances.","robots":{"index":"index","follow":"follow","max-snippet":"max-snippet:-1","max-image-preview":"max-image-preview:large","max-video-preview":"max-video-preview:-1"},"canonical":"https:\/\/www.electroluxprofessional.com\/br\/cook-and-chill\/","og_locale":"pt_BR","og_type":"article","og_title":"SkyLine Cook and Chill solution - Electrolux Professional","og_description":"Introducing a pioneering Cook and Chill solution that anticipates your needs with SkyDuo, the seamless, self-intuitive connection between SkyLine appliances.","og_url":"https:\/\/www.electroluxprofessional.com\/br\/cook-and-chill\/","og_site_name":"Electrolux Professional Brasil","article_modified_time":"2025-11-05T16:50:09+00:00","og_image":[{"url":"https:\/\/www.electroluxprofessional.com\/br\/wp-content\/uploads\/2019\/04\/Skyline-Cook_and_Chill.png"}],"twitter_card":"summary_large_image","twitter_misc":{"Est. tempo de leitura":"4 minutos"},"schema":{"@context":"https:\/\/schema.org","@graph":[{"@type":"WebPage","@id":"https:\/\/www.electroluxprofessional.com\/br\/cook-and-chill\/","url":"https:\/\/www.electroluxprofessional.com\/br\/cook-and-chill\/","name":"SkyLine Cook and Chill solution - Electrolux Professional","isPartOf":{"@id":"https:\/\/www.electroluxprofessional.com\/br\/#website"},"datePublished":"2019-04-04T07:58:43+00:00","dateModified":"2025-11-05T16:50:09+00:00","description":"Introducing a pioneering Cook and Chill solution that anticipates your needs with SkyDuo, the seamless, self-intuitive connection between SkyLine appliances.","breadcrumb":{"@id":"https:\/\/www.electroluxprofessional.com\/br\/cook-and-chill\/#breadcrumb"},"inLanguage":"pt-BR","potentialAction":[{"@type":"ReadAction","target":["https:\/\/www.electroluxprofessional.com\/br\/cook-and-chill\/"]}]},{"@type":"BreadcrumbList","@id":"https:\/\/www.electroluxprofessional.com\/br\/cook-and-chill\/#breadcrumb","itemListElement":[{"@type":"ListItem","position":1,"name":"Home","item":"https:\/\/www.electroluxprofessional.com\/br\/"},{"@type":"ListItem","position":2,"name":"Solu\u00e7\u00e3o Cook and Chill SkyLine"}]},{"@type":"WebSite","@id":"https:\/\/www.electroluxprofessional.com\/br\/#website","url":"https:\/\/www.electroluxprofessional.com\/br\/","name":"Electrolux Professional Brasil","description":"Equipamiento cocinas profesionales y lavander\u00edas comerciales. Excelencia en el suministro de soluciones profesionales.","potentialAction":[{"@type":"SearchAction","target":{"@type":"EntryPoint","urlTemplate":"https:\/\/www.electroluxprofessional.com\/br\/?src={search_term_string}"},"query-input":"required name=search_term_string"}],"inLanguage":"pt-BR"}]}},"_links":{"self":[{"href":"https:\/\/www.electroluxprofessional.com\/br\/wp-json\/wp\/v2\/pages\/5341"}],"collection":[{"href":"https:\/\/www.electroluxprofessional.com\/br\/wp-json\/wp\/v2\/pages"}],"about":[{"href":"https:\/\/www.electroluxprofessional.com\/br\/wp-json\/wp\/v2\/types\/page"}],"author":[{"embeddable":true,"href":"https:\/\/www.electroluxprofessional.com\/br\/wp-json\/wp\/v2\/users\/1"}],"replies":[{"embeddable":true,"href":"https:\/\/www.electroluxprofessional.com\/br\/wp-json\/wp\/v2\/comments?post=5341"}],"version-history":[{"count":9,"href":"https:\/\/www.electroluxprofessional.com\/br\/wp-json\/wp\/v2\/pages\/5341\/revisions"}],"predecessor-version":[{"id":6664,"href":"https:\/\/www.electroluxprofessional.com\/br\/wp-json\/wp\/v2\/pages\/5341\/revisions\/6664"}],"wp:attachment":[{"href":"https:\/\/www.electroluxprofessional.com\/br\/wp-json\/wp\/v2\/media?parent=5341"}],"curies":[{"name":"wp","href":"https:\/\/api.w.org\/{rel}","templated":true}]}}