{"id":3968,"date":"2017-04-27T09:56:52","date_gmt":"2017-04-27T09:56:52","guid":{"rendered":"https:\/\/www.electroluxprofessional.com\/br\/?page_id=3968"},"modified":"2025-03-20T14:11:04","modified_gmt":"2025-03-20T14:11:04","slug":"partners-area","status":"publish","type":"page","link":"https:\/\/www.electroluxprofessional.com\/br\/perfil\/partners-area\/","title":{"rendered":"Partners Area"},"content":{"rendered":"<p>[vc_row full_width=&#8221;electroluxpro-full-width-no-padding&#8221;][vc_column][elx_hero_title label=&#8221;&#8221; background_image=&#8221;637&#8243;][elx_heading font_size=&#8221;h3&#8243; text_color=&#8221;white&#8221;]MyProfessional[\/elx_heading][elx_heading font_container=&#8221;h3&#8243; font_size=&#8221;h4&#8243; text_color=&#8221;white&#8221;]Seu espa\u00e7o privado[\/elx_heading][\/elx_hero_title][\/vc_column][\/vc_row][vc_row][vc_column][vc_empty_space][elx_button button_text=&#8221;MyProfessional&#8221; button_style=&#8221;default&#8221; css=&#8221;.vc_custom_1511757108124{margin-right: 20px !important;margin-bottom: 20px !important;}&#8221; button_link=&#8221;url:https%3A%2F%2Fwww.electroluxprofessional.com%2Fbr%2Fperfil%2F|title:MyProfessional||&#8221;][elx_button button_text=&#8221;Manuais de usu\u00e1rio&#8221; button_style=&#8221;default&#8221; css=&#8221;.vc_custom_1511757123709{margin-right: 20px !important;margin-bottom: 20px !important;}&#8221; button_link=&#8221;url:https%3A%2F%2Fwww.electroluxprofessional.com%2Fbr%2Fmy-professional%2Fuserdoc%2F|title:manuales%20de%20usuario||&#8221;][elx_button button_text=&#8221;Registro de Produto&#8221; button_style=&#8221;default&#8221; css=&#8221;.vc_custom_1511757365443{margin-right: 20px !important;margin-bottom: 20px !important;}&#8221; button_link=&#8221;url:%20https%3A%2F%2Fwww.electroluxprofessional.com%2Fbr%2Fperfil%2Fregisto-de-produto%2F|title:Registro%20de%20Producto||&#8221;][elx_button button_text=&#8221;Partners area&#8221; button_style=&#8221;default&#8221; css=&#8221;.vc_custom_1511757212207{margin-right: 20px !important;margin-bottom: 20px !important;}&#8221; button_link=&#8221;url:https%3A%2F%2Fwww.electroluxprofessional.com%2Fbr%2Fperfil%2Fpartners-area%2F|title:Partners%20area||&#8221;][vc_empty_space][\/vc_column][\/vc_row][vc_row][vc_column width=&#8221;1\/2&#8243;][vc_empty_space height=&#8221;22px&#8221;][vc_single_image image=&#8221;2817&#8243; img_size=&#8221;full&#8221; onclick=&#8221;custom_link&#8221; link=&#8221;https:\/\/toolbox.epr-apps.com\/&#8221;][\/vc_column][vc_column width=&#8221;1\/2&#8243;][elx_heading font_size=&#8221;h3&#8243; text_color=&#8221;inherit&#8221;]\u00c1rea reservada para nossos Parceiros[\/elx_heading][vc_column_text css=&#8221;.vc_custom_1511757249055{margin-bottom: 10px !important;border-bottom-width: 10px !important;padding-bottom: 10px !important;}&#8221;]ToolBox \u00e9 a \u00e1rea privada onde nossos Parceiros podem encontrar ferramentas de pr\u00e9-vendas, vendas e p\u00f3s-venda. Voc\u00ea ainda n\u00e3o se registrou? Voc\u00ea s\u00f3 precisa preencher o formul\u00e1rio de inscri\u00e7\u00e3o. N\u00f3s faremos o resto![\/vc_column_text][elx_button button_text=&#8221;Formul\u00e1rio de acesso e registro Toolbox&#8221; button_style=&#8221;icon&#8221; css=&#8221;.vc_custom_1511757276427{margin-top: 0px !important;border-top-width: 0px !important;padding-top: 0px !important;}&#8221; button_link=&#8221;url:https%3A%2F%2Ftoolbox.epr-apps.com%2F|title:Toolbox|target:%20_blank|&#8221;][\/vc_column][\/vc_row][vc_row][vc_column][vc_empty_space][\/vc_column][\/vc_row][vc_row disable_element=&#8221;yes&#8221;][vc_column width=&#8221;1\/2&#8243;][elx_image_block background_image=&#8221;2412&#8243; minimum_height=&#8221;220px&#8221;][\/vc_column][vc_column width=&#8221;1\/2&#8243;][vc_column_text css=&#8221;.vc_custom_1511757291902{margin-bottom: 10px !important;}&#8221;]<\/p>\n<h3>\u00c1rea de Consultores<\/h3>\n<p>[\/vc_column_text][vc_column_text css=&#8221;.vc_custom_1493304562455{margin-bottom: 10px !important;}&#8221;]Contruir una red importante de Consultores es una ocasi\u00f3n ideal para establecer un intercambio de ideas rentable.[\/vc_column_text][elx_button button_text=&#8221;Cocinas&#8221; button_style=&#8221;icon&#8221; css=&#8221;.vc_custom_1493304766902{margin-top: 0px !important;}&#8221; button_link=&#8221;url:%23|title:en%20construcci%C3%B3n||&#8221;][elx_button button_text=&#8221;Lavander\u00eda&#8221; button_style=&#8221;icon&#8221; css=&#8221;.vc_custom_1493304781847{margin-top: 0px !important;}&#8221; button_link=&#8221;url:%23|title:en%20construccion||&#8221;][\/vc_column][\/vc_row]<\/p>\n<p>[vc_row custom_color_row=&#8221;bg-row-light-blue&#8221; css=&#8221;.vc_custom_1739176875824{background-color: #e9eff5 !important;}&#8221;][vc_column][vc_empty_space][elx_heading font_size=&#8221;h4&#8243; text_color=&#8221;electrolux-blue&#8221; text_align=&#8221;text-left&#8221;]Torne-se um parceiro de servi\u00e7o certificado! [\/elx_heading][vc_empty_space height=&#8221;10px&#8221;][vc_column_text]<span class=\"TextRun SCXW146566869 BCX0\" data-contrast=\"none\"><span class=\"NormalTextRun SCXW146566869 BCX0\">Junte-se \u00e0 nossa rede de servi\u00e7os certificados! Expanda o seu neg\u00f3cio tornando-se um parceiro de servi\u00e7o autorizado. Tenha acesso a treinamentos exclusivos, suporte e oportunidades de crescimento.\u00a0<\/span><\/span><span class=\"EOP SCXW146566869 BCX0\" data-ccp-props=\"{&quot;134233117&quot;:true,&quot;201341983&quot;:0,&quot;335557856&quot;:16777215,&quot;335559739&quot;:0,&quot;335559740&quot;:240}\">\u00a0<\/span>[\/vc_column_text][vc_empty_space height=&#8221;25px&#8221;][elx_o2000_contact_us request_type=&#8221;Customer support&#8221; button_mode=&#8221;true&#8221; button_style=&#8221;secondary&#8221; postion_button=&#8221;text-left&#8221; postion_button_mobile=&#8221;text-left-mobile&#8221; text_btn_contact=&#8221;Candidate-se hoje mesmo!&#8221; r=&#8221;Gostaria de ser contactado para me tornar seu parceiro de servi\u00e7o. Obrigado.&#8221;][vc_empty_space height=&#8221;40px&#8221;][\/vc_column][\/vc_row]<\/p>\n","protected":false},"excerpt":{"rendered":"<p>[vc_row full_width=&#8221;electroluxpro-full-width-no-padding&#8221;][vc_column][elx_hero_title label=&#8221;&#8221; background_image=&#8221;637&#8243;][elx_heading font_size=&#8221;h3&#8243; text_color=&#8221;white&#8221;]MyProfessional[\/elx_heading][elx_heading font_container=&#8221;h3&#8243; font_size=&#8221;h4&#8243; text_color=&#8221;white&#8221;]Seu espa\u00e7o privado[\/elx_heading][\/elx_hero_title][\/vc_column][\/vc_row][vc_row][vc_column][vc_empty_space][elx_button button_text=&#8221;MyProfessional&#8221; button_style=&#8221;default&#8221; css=&#8221;.vc_custom_1511757108124{margin-right: 20px !important;margin-bottom: 20px !important;}&#8221; button_link=&#8221;url:https%3A%2F%2Fwww.electroluxprofessional.com%2Fbr%2Fperfil%2F|title:MyProfessional||&#8221;][elx_button button_text=&#8221;Manuais de usu\u00e1rio&#8221; button_style=&#8221;default&#8221; css=&#8221;.vc_custom_1511757123709{margin-right: 20px !important;margin-bottom: 20px !important;}&#8221; button_link=&#8221;url:https%3A%2F%2Fwww.electroluxprofessional.com%2Fbr%2Fmy-professional%2Fuserdoc%2F|title:manuales%20de%20usuario||&#8221;][elx_button button_text=&#8221;Registro de Produto&#8221; button_style=&#8221;default&#8221; css=&#8221;.vc_custom_1511757365443{margin-right: 20px !important;margin-bottom: 20px !important;}&#8221; button_link=&#8221;url:%20https%3A%2F%2Fwww.electroluxprofessional.com%2Fbr%2Fperfil%2Fregisto-de-produto%2F|title:Registro%20de%20Producto||&#8221;][elx_button button_text=&#8221;Partners area&#8221; button_style=&#8221;default&#8221; css=&#8221;.vc_custom_1511757212207{margin-right: 20px !important;margin-bottom: 20px !important;}&#8221; button_link=&#8221;url:https%3A%2F%2Fwww.electroluxprofessional.com%2Fbr%2Fperfil%2Fpartners-area%2F|title:Partners%20area||&#8221;][vc_empty_space][\/vc_column][\/vc_row][vc_row][vc_column width=&#8221;1\/2&#8243;][vc_empty_space height=&#8221;22px&#8221;][vc_single_image image=&#8221;2817&#8243; img_size=&#8221;full&#8221; onclick=&#8221;custom_link&#8221; link=&#8221;https:\/\/toolbox.epr-apps.com\/&#8221;][\/vc_column][vc_column width=&#8221;1\/2&#8243;][elx_heading [&hellip;]<\/p>\n","protected":false},"author":23,"featured_media":0,"parent":3966,"menu_order":0,"comment_status":"closed","ping_status":"closed","template":"","meta":{"footnotes":""},"class_list":["post-3968","page","type-page","status-publish","hentry"],"acf":[],"yoast_head":"<!-- This site is optimized with the Yoast SEO plugin v23.3 - https:\/\/yoast.com\/wordpress\/plugins\/seo\/ -->\n<title>Partners Area - Electrolux Professional Brasil<\/title>\n<meta name=\"robots\" content=\"index, follow, max-snippet:-1, max-image-preview:large, max-video-preview:-1\" \/>\n<link rel=\"canonical\" href=\"https:\/\/www.electroluxprofessional.com\/br\/perfil\/partners-area\/\" \/>\n<meta property=\"og:locale\" content=\"pt_BR\" \/>\n<meta property=\"og:type\" content=\"article\" \/>\n<meta property=\"og:title\" content=\"Partners Area - Electrolux Professional Brasil\" \/>\n<meta property=\"og:description\" content=\"[vc_row full_width=&#8221;electroluxpro-full-width-no-padding&#8221;][vc_column][elx_hero_title label=&#8221;&#8221; background_image=&#8221;637&#8243;][elx_heading font_size=&#8221;h3&#8243; text_color=&#8221;white&#8221;]MyProfessional[\/elx_heading][elx_heading font_container=&#8221;h3&#8243; font_size=&#8221;h4&#8243; text_color=&#8221;white&#8221;]Seu espa\u00e7o privado[\/elx_heading][\/elx_hero_title][\/vc_column][\/vc_row][vc_row][vc_column][vc_empty_space][elx_button button_text=&#8221;MyProfessional&#8221; button_style=&#8221;default&#8221; css=&#8221;.vc_custom_1511757108124{margin-right: 20px !important;margin-bottom: 20px !important;}&#8221; button_link=&#8221;url:https%3A%2F%2Fwww.electroluxprofessional.com%2Fbr%2Fperfil%2F|title:MyProfessional||&#8221;][elx_button button_text=&#8221;Manuais de usu\u00e1rio&#8221; button_style=&#8221;default&#8221; css=&#8221;.vc_custom_1511757123709{margin-right: 20px !important;margin-bottom: 20px !important;}&#8221; button_link=&#8221;url:https%3A%2F%2Fwww.electroluxprofessional.com%2Fbr%2Fmy-professional%2Fuserdoc%2F|title:manuales%20de%20usuario||&#8221;][elx_button button_text=&#8221;Registro de Produto&#8221; button_style=&#8221;default&#8221; css=&#8221;.vc_custom_1511757365443{margin-right: 20px !important;margin-bottom: 20px !important;}&#8221; button_link=&#8221;url:%20https%3A%2F%2Fwww.electroluxprofessional.com%2Fbr%2Fperfil%2Fregisto-de-produto%2F|title:Registro%20de%20Producto||&#8221;][elx_button button_text=&#8221;Partners area&#8221; button_style=&#8221;default&#8221; css=&#8221;.vc_custom_1511757212207{margin-right: 20px !important;margin-bottom: 20px !important;}&#8221; button_link=&#8221;url:https%3A%2F%2Fwww.electroluxprofessional.com%2Fbr%2Fperfil%2Fpartners-area%2F|title:Partners%20area||&#8221;][vc_empty_space][\/vc_column][\/vc_row][vc_row][vc_column width=&#8221;1\/2&#8243;][vc_empty_space height=&#8221;22px&#8221;][vc_single_image image=&#8221;2817&#8243; img_size=&#8221;full&#8221; onclick=&#8221;custom_link&#8221; link=&#8221;https:\/\/toolbox.epr-apps.com\/&#8221;][\/vc_column][vc_column width=&#8221;1\/2&#8243;][elx_heading [&hellip;]\" \/>\n<meta property=\"og:url\" content=\"https:\/\/www.electroluxprofessional.com\/br\/perfil\/partners-area\/\" \/>\n<meta property=\"og:site_name\" content=\"Electrolux Professional Brasil\" \/>\n<meta property=\"article:modified_time\" content=\"2025-03-20T14:11:04+00:00\" \/>\n<meta name=\"twitter:card\" content=\"summary_large_image\" \/>\n<meta name=\"twitter:label1\" content=\"Est. tempo de leitura\" \/>\n\t<meta name=\"twitter:data1\" content=\"2 minutos\" \/>\n<script type=\"application\/ld+json\" class=\"yoast-schema-graph\">{\"@context\":\"https:\/\/schema.org\",\"@graph\":[{\"@type\":\"WebPage\",\"@id\":\"https:\/\/www.electroluxprofessional.com\/br\/perfil\/partners-area\/\",\"url\":\"https:\/\/www.electroluxprofessional.com\/br\/perfil\/partners-area\/\",\"name\":\"Partners Area - Electrolux Professional Brasil\",\"isPartOf\":{\"@id\":\"https:\/\/www.electroluxprofessional.com\/br\/#website\"},\"datePublished\":\"2017-04-27T09:56:52+00:00\",\"dateModified\":\"2025-03-20T14:11:04+00:00\",\"breadcrumb\":{\"@id\":\"https:\/\/www.electroluxprofessional.com\/br\/perfil\/partners-area\/#breadcrumb\"},\"inLanguage\":\"pt-BR\",\"potentialAction\":[{\"@type\":\"ReadAction\",\"target\":[\"https:\/\/www.electroluxprofessional.com\/br\/perfil\/partners-area\/\"]}]},{\"@type\":\"BreadcrumbList\",\"@id\":\"https:\/\/www.electroluxprofessional.com\/br\/perfil\/partners-area\/#breadcrumb\",\"itemListElement\":[{\"@type\":\"ListItem\",\"position\":1,\"name\":\"Home\",\"item\":\"https:\/\/www.electroluxprofessional.com\/br\/\"},{\"@type\":\"ListItem\",\"position\":2,\"name\":\"Perfil\",\"item\":\"https:\/\/www.electroluxprofessional.com\/br\/perfil\/\"},{\"@type\":\"ListItem\",\"position\":3,\"name\":\"Partners Area\"}]},{\"@type\":\"WebSite\",\"@id\":\"https:\/\/www.electroluxprofessional.com\/br\/#website\",\"url\":\"https:\/\/www.electroluxprofessional.com\/br\/\",\"name\":\"Electrolux Professional Brasil\",\"description\":\"Equipamiento cocinas profesionales y lavander\u00edas comerciales. Excelencia en el suministro de soluciones profesionales.\",\"potentialAction\":[{\"@type\":\"SearchAction\",\"target\":{\"@type\":\"EntryPoint\",\"urlTemplate\":\"https:\/\/www.electroluxprofessional.com\/br\/?src={search_term_string}\"},\"query-input\":\"required name=search_term_string\"}],\"inLanguage\":\"pt-BR\"}]}<\/script>\n<!-- \/ Yoast SEO plugin. -->","yoast_head_json":{"title":"Partners Area - Electrolux Professional Brasil","robots":{"index":"index","follow":"follow","max-snippet":"max-snippet:-1","max-image-preview":"max-image-preview:large","max-video-preview":"max-video-preview:-1"},"canonical":"https:\/\/www.electroluxprofessional.com\/br\/perfil\/partners-area\/","og_locale":"pt_BR","og_type":"article","og_title":"Partners Area - Electrolux Professional Brasil","og_description":"[vc_row full_width=&#8221;electroluxpro-full-width-no-padding&#8221;][vc_column][elx_hero_title label=&#8221;&#8221; background_image=&#8221;637&#8243;][elx_heading font_size=&#8221;h3&#8243; text_color=&#8221;white&#8221;]MyProfessional[\/elx_heading][elx_heading font_container=&#8221;h3&#8243; font_size=&#8221;h4&#8243; text_color=&#8221;white&#8221;]Seu espa\u00e7o privado[\/elx_heading][\/elx_hero_title][\/vc_column][\/vc_row][vc_row][vc_column][vc_empty_space][elx_button button_text=&#8221;MyProfessional&#8221; button_style=&#8221;default&#8221; css=&#8221;.vc_custom_1511757108124{margin-right: 20px !important;margin-bottom: 20px !important;}&#8221; button_link=&#8221;url:https%3A%2F%2Fwww.electroluxprofessional.com%2Fbr%2Fperfil%2F|title:MyProfessional||&#8221;][elx_button button_text=&#8221;Manuais de usu\u00e1rio&#8221; button_style=&#8221;default&#8221; css=&#8221;.vc_custom_1511757123709{margin-right: 20px !important;margin-bottom: 20px !important;}&#8221; button_link=&#8221;url:https%3A%2F%2Fwww.electroluxprofessional.com%2Fbr%2Fmy-professional%2Fuserdoc%2F|title:manuales%20de%20usuario||&#8221;][elx_button button_text=&#8221;Registro de Produto&#8221; button_style=&#8221;default&#8221; css=&#8221;.vc_custom_1511757365443{margin-right: 20px !important;margin-bottom: 20px !important;}&#8221; button_link=&#8221;url:%20https%3A%2F%2Fwww.electroluxprofessional.com%2Fbr%2Fperfil%2Fregisto-de-produto%2F|title:Registro%20de%20Producto||&#8221;][elx_button button_text=&#8221;Partners area&#8221; button_style=&#8221;default&#8221; css=&#8221;.vc_custom_1511757212207{margin-right: 20px !important;margin-bottom: 20px !important;}&#8221; button_link=&#8221;url:https%3A%2F%2Fwww.electroluxprofessional.com%2Fbr%2Fperfil%2Fpartners-area%2F|title:Partners%20area||&#8221;][vc_empty_space][\/vc_column][\/vc_row][vc_row][vc_column width=&#8221;1\/2&#8243;][vc_empty_space height=&#8221;22px&#8221;][vc_single_image image=&#8221;2817&#8243; img_size=&#8221;full&#8221; onclick=&#8221;custom_link&#8221; link=&#8221;https:\/\/toolbox.epr-apps.com\/&#8221;][\/vc_column][vc_column width=&#8221;1\/2&#8243;][elx_heading [&hellip;]","og_url":"https:\/\/www.electroluxprofessional.com\/br\/perfil\/partners-area\/","og_site_name":"Electrolux Professional Brasil","article_modified_time":"2025-03-20T14:11:04+00:00","twitter_card":"summary_large_image","twitter_misc":{"Est. tempo de leitura":"2 minutos"},"schema":{"@context":"https:\/\/schema.org","@graph":[{"@type":"WebPage","@id":"https:\/\/www.electroluxprofessional.com\/br\/perfil\/partners-area\/","url":"https:\/\/www.electroluxprofessional.com\/br\/perfil\/partners-area\/","name":"Partners Area - Electrolux Professional Brasil","isPartOf":{"@id":"https:\/\/www.electroluxprofessional.com\/br\/#website"},"datePublished":"2017-04-27T09:56:52+00:00","dateModified":"2025-03-20T14:11:04+00:00","breadcrumb":{"@id":"https:\/\/www.electroluxprofessional.com\/br\/perfil\/partners-area\/#breadcrumb"},"inLanguage":"pt-BR","potentialAction":[{"@type":"ReadAction","target":["https:\/\/www.electroluxprofessional.com\/br\/perfil\/partners-area\/"]}]},{"@type":"BreadcrumbList","@id":"https:\/\/www.electroluxprofessional.com\/br\/perfil\/partners-area\/#breadcrumb","itemListElement":[{"@type":"ListItem","position":1,"name":"Home","item":"https:\/\/www.electroluxprofessional.com\/br\/"},{"@type":"ListItem","position":2,"name":"Perfil","item":"https:\/\/www.electroluxprofessional.com\/br\/perfil\/"},{"@type":"ListItem","position":3,"name":"Partners Area"}]},{"@type":"WebSite","@id":"https:\/\/www.electroluxprofessional.com\/br\/#website","url":"https:\/\/www.electroluxprofessional.com\/br\/","name":"Electrolux Professional Brasil","description":"Equipamiento cocinas profesionales y lavander\u00edas comerciales. Excelencia en el suministro de soluciones profesionales.","potentialAction":[{"@type":"SearchAction","target":{"@type":"EntryPoint","urlTemplate":"https:\/\/www.electroluxprofessional.com\/br\/?src={search_term_string}"},"query-input":"required name=search_term_string"}],"inLanguage":"pt-BR"}]}},"_links":{"self":[{"href":"https:\/\/www.electroluxprofessional.com\/br\/wp-json\/wp\/v2\/pages\/3968"}],"collection":[{"href":"https:\/\/www.electroluxprofessional.com\/br\/wp-json\/wp\/v2\/pages"}],"about":[{"href":"https:\/\/www.electroluxprofessional.com\/br\/wp-json\/wp\/v2\/types\/page"}],"author":[{"embeddable":true,"href":"https:\/\/www.electroluxprofessional.com\/br\/wp-json\/wp\/v2\/users\/23"}],"replies":[{"embeddable":true,"href":"https:\/\/www.electroluxprofessional.com\/br\/wp-json\/wp\/v2\/comments?post=3968"}],"version-history":[{"count":17,"href":"https:\/\/www.electroluxprofessional.com\/br\/wp-json\/wp\/v2\/pages\/3968\/revisions"}],"predecessor-version":[{"id":6378,"href":"https:\/\/www.electroluxprofessional.com\/br\/wp-json\/wp\/v2\/pages\/3968\/revisions\/6378"}],"up":[{"embeddable":true,"href":"https:\/\/www.electroluxprofessional.com\/br\/wp-json\/wp\/v2\/pages\/3966"}],"wp:attachment":[{"href":"https:\/\/www.electroluxprofessional.com\/br\/wp-json\/wp\/v2\/media?parent=3968"}],"curies":[{"name":"wp","href":"https:\/\/api.w.org\/{rel}","templated":true}]}}