{"id":3809,"date":"2017-04-18T09:50:01","date_gmt":"2017-04-18T09:50:01","guid":{"rendered":"https:\/\/www.electroluxprofessional.com\/br\/?page_id=3809"},"modified":"2025-11-06T09:20:47","modified_gmt":"2025-11-06T09:20:47","slug":"maquinas-de-laboratorio","status":"publish","type":"page","link":"https:\/\/www.electroluxprofessional.com\/br\/maquinas-de-laboratorio\/","title":{"rendered":"M\u00e1quinas de laborat\u00f3rio"},"content":{"rendered":"<p>[vc_row full_width=&#8221;electroluxpro-full-width-no-padding&#8221;][vc_column][elx_hero_slider label_text_color=&#8221;inherit&#8221; images=&#8221;4817&#8243;][elx_heading font_container=&#8221;h1&#8243; font_size=&#8221;h3&#8243; text_color=&#8221;inherit&#8221;]M\u00e1quinas de Laborat\u00f3rio[\/elx_heading][vc_column_text]<\/p>\n<h4>A\u00a0Electrolux Professional define o padr\u00e3o de lavagem e secagem em todo o mundo com um sistema integrado para laborat\u00f3rios de teste.<\/h4>\n<p>[\/vc_column_text][\/elx_hero_slider][\/vc_column][\/vc_row][vc_row][vc_column][vc_empty_space][vc_column_text]<\/p>\n<h4>Com o lan\u00e7amento da secadora LAB, a Electrolux Professional oferece uma solu\u00e7\u00e3o profissional completa para laborat\u00f3rios de teste.<\/h4>\n<p>A\u00a0nova secadora LAB da Electrolux Professional foi projetada e desenvolvida especificamente para cumprir o padr\u00e3o ISO 6330.<\/p>\n<p>Juntamente com a lavadora Wascator, eles fazem uma dupla imbat\u00edvel: um sistema integrado para testar tecidos e roupas.[\/vc_column_text][\/vc_column][\/vc_row][vc_row][vc_column width=&#8221;2\/3&#8243;][elx_image_block background_image=&#8221;877&#8243; minimum_height=&#8221;400px&#8221;][\/vc_column][vc_column width=&#8221;1\/3&#8243;][elx_image_block background_image=&#8221;3827&#8243; minimum_height=&#8221;400px&#8221;][\/vc_column][\/vc_row][vc_row][vc_column width=&#8221;2\/3&#8243;][vc_column_text]<\/p>\n<h3>Desde 1969<\/h3>\n<p>Desde 1969,\u00a0a conhecida Wascator FOM71 CLS \u00e9 a <strong>m\u00e1quina de refer\u00eancia para testes<\/strong> de desempenho de lavagem na ind\u00fastria de eletrodom\u00e9sticos e para testes t\u00eaxteis.<\/p>\n<p>Agora, tem o parceiro perfeito:\u00a0<strong>a nova secadora LAB<\/strong> oferece aos clientes &#8211; como produtores de t\u00eaxteis, grandes varejistas, laborat\u00f3rios de fibra e casas de teste &#8211; os mesmos benef\u00edcios em termos de durabilidade, precis\u00e3o e confiabilidade.[\/vc_column_text][\/vc_column][vc_column width=&#8221;1\/3&#8243;][vc_empty_space][vc_single_image image=&#8221;879&#8243; img_size=&#8221;full&#8221; alignment=&#8221;right&#8221; style=&#8221;vc_box_circle_2&#8243;][\/vc_column][\/vc_row][vc_row][vc_column][elx_heading font_size=&#8221;h3&#8243; text_color=&#8221;inherit&#8221; text_align=&#8221;text-center&#8221;]Cumprindo os padr\u00f5es que voc\u00ea precisa, em lavagem e secagem[\/elx_heading][vc_empty_space][vc_single_image image=&#8221;2579&#8243; img_size=&#8221;full&#8221; alignment=&#8221;center&#8221; onclick=&#8221;img_link_large&#8221;][vc_empty_space height=&#8221;50px&#8221;][\/vc_column][\/vc_row][vc_row][vc_column][elx_heading text_color=&#8221;inherit&#8221; text_align=&#8221;text-center&#8221;]Descubra o que M\u00e1quinas de Laborat\u00f3rio podem fazer para o seu neg\u00f3cio[\/elx_heading][elx_o2000_contact_us r=&#8221;&#8221; s=&#8221;Solicita\u00e7\u00e3o de informa\u00e7\u00f5es sobre m\u00e1quinas de laborat\u00f3rio&#8221; e=&#8221;patricia.trindade@electrolux.com&#8221; country=&#8221;Brazil&#8221; l=&#8221;pt&#8221; b=&#8221;laundry&#8221; container=&#8221;elxcontactus1478701232&#8243;][\/vc_column][\/vc_row][vc_row][vc_column][vc_empty_space height=&#8221;50px&#8221;][\/vc_column][\/vc_row]<\/p>\n","protected":false},"excerpt":{"rendered":"<p>[vc_row full_width=&#8221;electroluxpro-full-width-no-padding&#8221;][vc_column][elx_hero_slider label_text_color=&#8221;inherit&#8221; images=&#8221;4817&#8243;][elx_heading font_container=&#8221;h1&#8243; font_size=&#8221;h3&#8243; text_color=&#8221;inherit&#8221;]M\u00e1quinas de Laborat\u00f3rio[\/elx_heading][vc_column_text] A\u00a0Electrolux Professional define o padr\u00e3o de lavagem e secagem em todo o mundo com um sistema integrado para laborat\u00f3rios de teste. [\/vc_column_text][\/elx_hero_slider][\/vc_column][\/vc_row][vc_row][vc_column][vc_empty_space][vc_column_text] Com o lan\u00e7amento da secadora LAB, a Electrolux Professional oferece uma solu\u00e7\u00e3o profissional completa para laborat\u00f3rios de teste. A\u00a0nova secadora LAB da Electrolux Professional [&hellip;]<\/p>\n","protected":false},"author":23,"featured_media":0,"parent":0,"menu_order":0,"comment_status":"closed","ping_status":"closed","template":"","meta":{"footnotes":""},"class_list":["post-3809","page","type-page","status-publish","hentry"],"acf":[],"yoast_head":"<!-- This site is optimized with the Yoast SEO plugin v23.3 - https:\/\/yoast.com\/wordpress\/plugins\/seo\/ -->\n<title>M\u00e1quinas de laborat\u00f3rio - Electrolux Professional Brasil<\/title>\n<meta name=\"robots\" content=\"index, follow, max-snippet:-1, max-image-preview:large, max-video-preview:-1\" \/>\n<link rel=\"canonical\" href=\"https:\/\/www.electroluxprofessional.com\/br\/maquinas-de-laboratorio\/\" \/>\n<meta property=\"og:locale\" content=\"pt_BR\" \/>\n<meta property=\"og:type\" content=\"article\" \/>\n<meta property=\"og:title\" content=\"M\u00e1quinas de laborat\u00f3rio - Electrolux Professional Brasil\" \/>\n<meta property=\"og:description\" content=\"[vc_row full_width=&#8221;electroluxpro-full-width-no-padding&#8221;][vc_column][elx_hero_slider label_text_color=&#8221;inherit&#8221; images=&#8221;4817&#8243;][elx_heading font_container=&#8221;h1&#8243; font_size=&#8221;h3&#8243; text_color=&#8221;inherit&#8221;]M\u00e1quinas de Laborat\u00f3rio[\/elx_heading][vc_column_text] A\u00a0Electrolux Professional define o padr\u00e3o de lavagem e secagem em todo o mundo com um sistema integrado para laborat\u00f3rios de teste. [\/vc_column_text][\/elx_hero_slider][\/vc_column][\/vc_row][vc_row][vc_column][vc_empty_space][vc_column_text] Com o lan\u00e7amento da secadora LAB, a Electrolux Professional oferece uma solu\u00e7\u00e3o profissional completa para laborat\u00f3rios de teste. A\u00a0nova secadora LAB da Electrolux Professional [&hellip;]\" \/>\n<meta property=\"og:url\" content=\"https:\/\/www.electroluxprofessional.com\/br\/maquinas-de-laboratorio\/\" \/>\n<meta property=\"og:site_name\" content=\"Electrolux Professional Brasil\" \/>\n<meta property=\"article:modified_time\" content=\"2025-11-06T09:20:47+00:00\" \/>\n<meta name=\"twitter:card\" content=\"summary_large_image\" \/>\n<meta name=\"twitter:label1\" content=\"Est. tempo de leitura\" \/>\n\t<meta name=\"twitter:data1\" content=\"2 minutos\" \/>\n<script type=\"application\/ld+json\" class=\"yoast-schema-graph\">{\"@context\":\"https:\/\/schema.org\",\"@graph\":[{\"@type\":\"WebPage\",\"@id\":\"https:\/\/www.electroluxprofessional.com\/br\/maquinas-de-laboratorio\/\",\"url\":\"https:\/\/www.electroluxprofessional.com\/br\/maquinas-de-laboratorio\/\",\"name\":\"M\u00e1quinas de laborat\u00f3rio - Electrolux Professional Brasil\",\"isPartOf\":{\"@id\":\"https:\/\/www.electroluxprofessional.com\/br\/#website\"},\"datePublished\":\"2017-04-18T09:50:01+00:00\",\"dateModified\":\"2025-11-06T09:20:47+00:00\",\"breadcrumb\":{\"@id\":\"https:\/\/www.electroluxprofessional.com\/br\/maquinas-de-laboratorio\/#breadcrumb\"},\"inLanguage\":\"pt-BR\",\"potentialAction\":[{\"@type\":\"ReadAction\",\"target\":[\"https:\/\/www.electroluxprofessional.com\/br\/maquinas-de-laboratorio\/\"]}]},{\"@type\":\"BreadcrumbList\",\"@id\":\"https:\/\/www.electroluxprofessional.com\/br\/maquinas-de-laboratorio\/#breadcrumb\",\"itemListElement\":[{\"@type\":\"ListItem\",\"position\":1,\"name\":\"Home\",\"item\":\"https:\/\/www.electroluxprofessional.com\/br\/\"},{\"@type\":\"ListItem\",\"position\":2,\"name\":\"M\u00e1quinas de laborat\u00f3rio\"}]},{\"@type\":\"WebSite\",\"@id\":\"https:\/\/www.electroluxprofessional.com\/br\/#website\",\"url\":\"https:\/\/www.electroluxprofessional.com\/br\/\",\"name\":\"Electrolux Professional Brasil\",\"description\":\"Equipamiento cocinas profesionales y lavander\u00edas comerciales. Excelencia en el suministro de soluciones profesionales.\",\"potentialAction\":[{\"@type\":\"SearchAction\",\"target\":{\"@type\":\"EntryPoint\",\"urlTemplate\":\"https:\/\/www.electroluxprofessional.com\/br\/?src={search_term_string}\"},\"query-input\":\"required name=search_term_string\"}],\"inLanguage\":\"pt-BR\"}]}<\/script>\n<!-- \/ Yoast SEO plugin. -->","yoast_head_json":{"title":"M\u00e1quinas de laborat\u00f3rio - Electrolux Professional Brasil","robots":{"index":"index","follow":"follow","max-snippet":"max-snippet:-1","max-image-preview":"max-image-preview:large","max-video-preview":"max-video-preview:-1"},"canonical":"https:\/\/www.electroluxprofessional.com\/br\/maquinas-de-laboratorio\/","og_locale":"pt_BR","og_type":"article","og_title":"M\u00e1quinas de laborat\u00f3rio - Electrolux Professional Brasil","og_description":"[vc_row full_width=&#8221;electroluxpro-full-width-no-padding&#8221;][vc_column][elx_hero_slider label_text_color=&#8221;inherit&#8221; images=&#8221;4817&#8243;][elx_heading font_container=&#8221;h1&#8243; font_size=&#8221;h3&#8243; text_color=&#8221;inherit&#8221;]M\u00e1quinas de Laborat\u00f3rio[\/elx_heading][vc_column_text] A\u00a0Electrolux Professional define o padr\u00e3o de lavagem e secagem em todo o mundo com um sistema integrado para laborat\u00f3rios de teste. [\/vc_column_text][\/elx_hero_slider][\/vc_column][\/vc_row][vc_row][vc_column][vc_empty_space][vc_column_text] Com o lan\u00e7amento da secadora LAB, a Electrolux Professional oferece uma solu\u00e7\u00e3o profissional completa para laborat\u00f3rios de teste. A\u00a0nova secadora LAB da Electrolux Professional [&hellip;]","og_url":"https:\/\/www.electroluxprofessional.com\/br\/maquinas-de-laboratorio\/","og_site_name":"Electrolux Professional Brasil","article_modified_time":"2025-11-06T09:20:47+00:00","twitter_card":"summary_large_image","twitter_misc":{"Est. tempo de leitura":"2 minutos"},"schema":{"@context":"https:\/\/schema.org","@graph":[{"@type":"WebPage","@id":"https:\/\/www.electroluxprofessional.com\/br\/maquinas-de-laboratorio\/","url":"https:\/\/www.electroluxprofessional.com\/br\/maquinas-de-laboratorio\/","name":"M\u00e1quinas de laborat\u00f3rio - Electrolux Professional Brasil","isPartOf":{"@id":"https:\/\/www.electroluxprofessional.com\/br\/#website"},"datePublished":"2017-04-18T09:50:01+00:00","dateModified":"2025-11-06T09:20:47+00:00","breadcrumb":{"@id":"https:\/\/www.electroluxprofessional.com\/br\/maquinas-de-laboratorio\/#breadcrumb"},"inLanguage":"pt-BR","potentialAction":[{"@type":"ReadAction","target":["https:\/\/www.electroluxprofessional.com\/br\/maquinas-de-laboratorio\/"]}]},{"@type":"BreadcrumbList","@id":"https:\/\/www.electroluxprofessional.com\/br\/maquinas-de-laboratorio\/#breadcrumb","itemListElement":[{"@type":"ListItem","position":1,"name":"Home","item":"https:\/\/www.electroluxprofessional.com\/br\/"},{"@type":"ListItem","position":2,"name":"M\u00e1quinas de laborat\u00f3rio"}]},{"@type":"WebSite","@id":"https:\/\/www.electroluxprofessional.com\/br\/#website","url":"https:\/\/www.electroluxprofessional.com\/br\/","name":"Electrolux Professional Brasil","description":"Equipamiento cocinas profesionales y lavander\u00edas comerciales. Excelencia en el suministro de soluciones profesionales.","potentialAction":[{"@type":"SearchAction","target":{"@type":"EntryPoint","urlTemplate":"https:\/\/www.electroluxprofessional.com\/br\/?src={search_term_string}"},"query-input":"required name=search_term_string"}],"inLanguage":"pt-BR"}]}},"_links":{"self":[{"href":"https:\/\/www.electroluxprofessional.com\/br\/wp-json\/wp\/v2\/pages\/3809"}],"collection":[{"href":"https:\/\/www.electroluxprofessional.com\/br\/wp-json\/wp\/v2\/pages"}],"about":[{"href":"https:\/\/www.electroluxprofessional.com\/br\/wp-json\/wp\/v2\/types\/page"}],"author":[{"embeddable":true,"href":"https:\/\/www.electroluxprofessional.com\/br\/wp-json\/wp\/v2\/users\/23"}],"replies":[{"embeddable":true,"href":"https:\/\/www.electroluxprofessional.com\/br\/wp-json\/wp\/v2\/comments?post=3809"}],"version-history":[{"count":14,"href":"https:\/\/www.electroluxprofessional.com\/br\/wp-json\/wp\/v2\/pages\/3809\/revisions"}],"predecessor-version":[{"id":6690,"href":"https:\/\/www.electroluxprofessional.com\/br\/wp-json\/wp\/v2\/pages\/3809\/revisions\/6690"}],"wp:attachment":[{"href":"https:\/\/www.electroluxprofessional.com\/br\/wp-json\/wp\/v2\/media?parent=3809"}],"curies":[{"name":"wp","href":"https:\/\/api.w.org\/{rel}","templated":true}]}}