{"id":3770,"date":"2017-04-06T07:36:02","date_gmt":"2017-04-06T07:36:02","guid":{"rendered":"https:\/\/www.electroluxprofessional.com\/br\/?page_id=3770"},"modified":"2025-11-06T09:17:01","modified_gmt":"2025-11-06T09:17:01","slug":"acabamento","status":"publish","type":"page","link":"https:\/\/www.electroluxprofessional.com\/br\/acabamento\/","title":{"rendered":"Equipamentos de Acabamento"},"content":{"rendered":"<p>[vc_row full_width=&#8221;electroluxpro-full-width-no-padding&#8221;][vc_column][elx_hero_slider label_text_color=&#8221;inherit&#8221; images=&#8221;798&#8243;][elx_heading font_container=&#8221;h1&#8243; font_size=&#8221;h2&#8243; text_color=&#8221;inherit&#8221;]M\u00e1quinas de Acabamento[\/elx_heading][\/elx_hero_slider][\/vc_column][\/vc_row][vc_row][vc_column][vc_empty_space][elx_heading font_size=&#8221;h3&#8243; text_color=&#8221;inherit&#8221;]Equipamentos de acabamento que tornam o seu neg\u00f3cio excelente[\/elx_heading][vc_empty_space][\/vc_column][\/vc_row][vc_row][vc_column width=&#8221;1\/2&#8243;][vc_single_image image=&#8221;891&#8243; img_size=&#8221;large&#8221;][\/vc_column][vc_column width=&#8221;1\/2&#8243;][vc_column_text]Com os equipamentos de acabamento da Electrolux Professional voc\u00ea pode escolher entre uma <strong>gama completa f\u00e1cil de usar, com prensas de acabamento automatizadas e\u00a0mesas de passar b\u00e1sicas<\/strong> para pequenos trabalhos ou grandes produ\u00e7\u00f5es, dependendo das necessidades.<\/p>\n<p>Al\u00e9m de aumentar a produtividade, nossos equipamentos garantem um acabamento de alta qualidade.<\/p>\n<p><strong>O desafio das camisas &#8211; a solu\u00e7\u00e3o perfeita para camisas<br \/>\n<\/strong>Nossa solu\u00e7\u00e3o inclui alguns dos seguintes equipamentos: mesas de passar, sopradores, prensas para colarinho e punhos.[\/vc_column_text][vc_column_text]<strong>O desafio das cal\u00e7as: dobras e pregas<br \/>\n<\/strong>Os sistemas de acabamento de cal\u00e7as da Electrolux s\u00e3o projetados para m\u00e1xima seguran\u00e7a do operador. Equipamentos f\u00e1ceis de usar que permitem processar uma grande quantidade de pe\u00e7as de vestu\u00e1rio.<\/p>\n<p><strong>O desafio dos casacos e jaquetas<\/strong><br \/>\nEquipamentos\u00a0capazes de processar at\u00e9 40 jaquetas por hora. Um microprocessador armazena at\u00e9 nove programas e controla todas as fun\u00e7\u00f5es.[\/vc_column_text][\/vc_column][\/vc_row][vc_row][vc_column width=&#8221;1\/3&#8243;][vc_empty_space][vc_single_image image=&#8221;2589&#8243; img_size=&#8221;full&#8221;][\/vc_column][vc_column width=&#8221;1\/3&#8243;][vc_single_image image=&#8221;2590&#8243; img_size=&#8221;full&#8221;][\/vc_column][vc_column width=&#8221;1\/3&#8243;][vc_empty_space][vc_single_image image=&#8221;2591&#8243; img_size=&#8221;full&#8221;][\/vc_column][\/vc_row][vc_row][vc_column][vc_empty_space height=&#8221;50px&#8221;][elx_heading font_size=&#8221;h2&#8243; text_color=&#8221;inherit&#8221; text_align=&#8221;text-center&#8221;]Descubra o que o nossos equipamentos de acabamento podem fazer para o seu neg\u00f3cio[\/elx_heading][elx_o2000_contact_us r=&#8221;&#8221; s=&#8221;Solicita\u00e7\u00e3o de informa\u00e7\u00f5es sobre o equipamento de acabamento&#8221; e=&#8221;patricia.trindade@electrolux.com&#8221; country=&#8221;Brazil&#8221; l=&#8221;pt&#8221; b=&#8221;laundry&#8221; container=&#8221;elxcontactus1478705376&#8243;][vc_empty_space height=&#8221;50px&#8221;][\/vc_column][\/vc_row]<\/p>\n","protected":false},"excerpt":{"rendered":"<p>[vc_row full_width=&#8221;electroluxpro-full-width-no-padding&#8221;][vc_column][elx_hero_slider label_text_color=&#8221;inherit&#8221; images=&#8221;798&#8243;][elx_heading font_container=&#8221;h1&#8243; font_size=&#8221;h2&#8243; text_color=&#8221;inherit&#8221;]M\u00e1quinas de Acabamento[\/elx_heading][\/elx_hero_slider][\/vc_column][\/vc_row][vc_row][vc_column][vc_empty_space][elx_heading font_size=&#8221;h3&#8243; text_color=&#8221;inherit&#8221;]Equipamentos de acabamento que tornam o seu neg\u00f3cio excelente[\/elx_heading][vc_empty_space][\/vc_column][\/vc_row][vc_row][vc_column width=&#8221;1\/2&#8243;][vc_single_image image=&#8221;891&#8243; img_size=&#8221;large&#8221;][\/vc_column][vc_column width=&#8221;1\/2&#8243;][vc_column_text]Com os equipamentos de acabamento da Electrolux Professional voc\u00ea pode escolher entre uma gama completa f\u00e1cil de usar, com prensas de acabamento automatizadas e\u00a0mesas de passar b\u00e1sicas para pequenos trabalhos ou grandes produ\u00e7\u00f5es, [&hellip;]<\/p>\n","protected":false},"author":23,"featured_media":0,"parent":0,"menu_order":0,"comment_status":"closed","ping_status":"closed","template":"","meta":{"footnotes":""},"class_list":["post-3770","page","type-page","status-publish","hentry"],"acf":[],"yoast_head":"<!-- This site is optimized with the Yoast SEO plugin v23.3 - https:\/\/yoast.com\/wordpress\/plugins\/seo\/ -->\n<title>Equipamentos de Acabamento - Electrolux Professional Brasil<\/title>\n<meta name=\"robots\" content=\"index, follow, max-snippet:-1, max-image-preview:large, max-video-preview:-1\" \/>\n<link rel=\"canonical\" href=\"https:\/\/www.electroluxprofessional.com\/br\/acabamento\/\" \/>\n<meta property=\"og:locale\" content=\"pt_BR\" \/>\n<meta property=\"og:type\" content=\"article\" \/>\n<meta property=\"og:title\" content=\"Equipamentos de Acabamento - Electrolux Professional Brasil\" \/>\n<meta property=\"og:description\" content=\"[vc_row full_width=&#8221;electroluxpro-full-width-no-padding&#8221;][vc_column][elx_hero_slider label_text_color=&#8221;inherit&#8221; images=&#8221;798&#8243;][elx_heading font_container=&#8221;h1&#8243; font_size=&#8221;h2&#8243; text_color=&#8221;inherit&#8221;]M\u00e1quinas de Acabamento[\/elx_heading][\/elx_hero_slider][\/vc_column][\/vc_row][vc_row][vc_column][vc_empty_space][elx_heading font_size=&#8221;h3&#8243; text_color=&#8221;inherit&#8221;]Equipamentos de acabamento que tornam o seu neg\u00f3cio excelente[\/elx_heading][vc_empty_space][\/vc_column][\/vc_row][vc_row][vc_column width=&#8221;1\/2&#8243;][vc_single_image image=&#8221;891&#8243; img_size=&#8221;large&#8221;][\/vc_column][vc_column width=&#8221;1\/2&#8243;][vc_column_text]Com os equipamentos de acabamento da Electrolux Professional voc\u00ea pode escolher entre uma gama completa f\u00e1cil de usar, com prensas de acabamento automatizadas e\u00a0mesas de passar b\u00e1sicas para pequenos trabalhos ou grandes produ\u00e7\u00f5es, [&hellip;]\" \/>\n<meta property=\"og:url\" content=\"https:\/\/www.electroluxprofessional.com\/br\/acabamento\/\" \/>\n<meta property=\"og:site_name\" content=\"Electrolux Professional Brasil\" \/>\n<meta property=\"article:modified_time\" content=\"2025-11-06T09:17:01+00:00\" \/>\n<meta name=\"twitter:card\" content=\"summary_large_image\" \/>\n<meta name=\"twitter:label1\" content=\"Est. tempo de leitura\" \/>\n\t<meta name=\"twitter:data1\" content=\"2 minutos\" \/>\n<script type=\"application\/ld+json\" class=\"yoast-schema-graph\">{\"@context\":\"https:\/\/schema.org\",\"@graph\":[{\"@type\":\"WebPage\",\"@id\":\"https:\/\/www.electroluxprofessional.com\/br\/acabamento\/\",\"url\":\"https:\/\/www.electroluxprofessional.com\/br\/acabamento\/\",\"name\":\"Equipamentos de Acabamento - Electrolux Professional Brasil\",\"isPartOf\":{\"@id\":\"https:\/\/www.electroluxprofessional.com\/br\/#website\"},\"datePublished\":\"2017-04-06T07:36:02+00:00\",\"dateModified\":\"2025-11-06T09:17:01+00:00\",\"breadcrumb\":{\"@id\":\"https:\/\/www.electroluxprofessional.com\/br\/acabamento\/#breadcrumb\"},\"inLanguage\":\"pt-BR\",\"potentialAction\":[{\"@type\":\"ReadAction\",\"target\":[\"https:\/\/www.electroluxprofessional.com\/br\/acabamento\/\"]}]},{\"@type\":\"BreadcrumbList\",\"@id\":\"https:\/\/www.electroluxprofessional.com\/br\/acabamento\/#breadcrumb\",\"itemListElement\":[{\"@type\":\"ListItem\",\"position\":1,\"name\":\"Home\",\"item\":\"https:\/\/www.electroluxprofessional.com\/br\/\"},{\"@type\":\"ListItem\",\"position\":2,\"name\":\"Equipamentos de Acabamento\"}]},{\"@type\":\"WebSite\",\"@id\":\"https:\/\/www.electroluxprofessional.com\/br\/#website\",\"url\":\"https:\/\/www.electroluxprofessional.com\/br\/\",\"name\":\"Electrolux Professional Brasil\",\"description\":\"Equipamiento cocinas profesionales y lavander\u00edas comerciales. Excelencia en el suministro de soluciones profesionales.\",\"potentialAction\":[{\"@type\":\"SearchAction\",\"target\":{\"@type\":\"EntryPoint\",\"urlTemplate\":\"https:\/\/www.electroluxprofessional.com\/br\/?src={search_term_string}\"},\"query-input\":\"required name=search_term_string\"}],\"inLanguage\":\"pt-BR\"}]}<\/script>\n<!-- \/ Yoast SEO plugin. -->","yoast_head_json":{"title":"Equipamentos de Acabamento - Electrolux Professional Brasil","robots":{"index":"index","follow":"follow","max-snippet":"max-snippet:-1","max-image-preview":"max-image-preview:large","max-video-preview":"max-video-preview:-1"},"canonical":"https:\/\/www.electroluxprofessional.com\/br\/acabamento\/","og_locale":"pt_BR","og_type":"article","og_title":"Equipamentos de Acabamento - Electrolux Professional Brasil","og_description":"[vc_row full_width=&#8221;electroluxpro-full-width-no-padding&#8221;][vc_column][elx_hero_slider label_text_color=&#8221;inherit&#8221; images=&#8221;798&#8243;][elx_heading font_container=&#8221;h1&#8243; font_size=&#8221;h2&#8243; text_color=&#8221;inherit&#8221;]M\u00e1quinas de Acabamento[\/elx_heading][\/elx_hero_slider][\/vc_column][\/vc_row][vc_row][vc_column][vc_empty_space][elx_heading font_size=&#8221;h3&#8243; text_color=&#8221;inherit&#8221;]Equipamentos de acabamento que tornam o seu neg\u00f3cio excelente[\/elx_heading][vc_empty_space][\/vc_column][\/vc_row][vc_row][vc_column width=&#8221;1\/2&#8243;][vc_single_image image=&#8221;891&#8243; img_size=&#8221;large&#8221;][\/vc_column][vc_column width=&#8221;1\/2&#8243;][vc_column_text]Com os equipamentos de acabamento da Electrolux Professional voc\u00ea pode escolher entre uma gama completa f\u00e1cil de usar, com prensas de acabamento automatizadas e\u00a0mesas de passar b\u00e1sicas para pequenos trabalhos ou grandes produ\u00e7\u00f5es, [&hellip;]","og_url":"https:\/\/www.electroluxprofessional.com\/br\/acabamento\/","og_site_name":"Electrolux Professional Brasil","article_modified_time":"2025-11-06T09:17:01+00:00","twitter_card":"summary_large_image","twitter_misc":{"Est. tempo de leitura":"2 minutos"},"schema":{"@context":"https:\/\/schema.org","@graph":[{"@type":"WebPage","@id":"https:\/\/www.electroluxprofessional.com\/br\/acabamento\/","url":"https:\/\/www.electroluxprofessional.com\/br\/acabamento\/","name":"Equipamentos de Acabamento - Electrolux Professional Brasil","isPartOf":{"@id":"https:\/\/www.electroluxprofessional.com\/br\/#website"},"datePublished":"2017-04-06T07:36:02+00:00","dateModified":"2025-11-06T09:17:01+00:00","breadcrumb":{"@id":"https:\/\/www.electroluxprofessional.com\/br\/acabamento\/#breadcrumb"},"inLanguage":"pt-BR","potentialAction":[{"@type":"ReadAction","target":["https:\/\/www.electroluxprofessional.com\/br\/acabamento\/"]}]},{"@type":"BreadcrumbList","@id":"https:\/\/www.electroluxprofessional.com\/br\/acabamento\/#breadcrumb","itemListElement":[{"@type":"ListItem","position":1,"name":"Home","item":"https:\/\/www.electroluxprofessional.com\/br\/"},{"@type":"ListItem","position":2,"name":"Equipamentos de Acabamento"}]},{"@type":"WebSite","@id":"https:\/\/www.electroluxprofessional.com\/br\/#website","url":"https:\/\/www.electroluxprofessional.com\/br\/","name":"Electrolux Professional Brasil","description":"Equipamiento cocinas profesionales y lavander\u00edas comerciales. Excelencia en el suministro de soluciones profesionales.","potentialAction":[{"@type":"SearchAction","target":{"@type":"EntryPoint","urlTemplate":"https:\/\/www.electroluxprofessional.com\/br\/?src={search_term_string}"},"query-input":"required name=search_term_string"}],"inLanguage":"pt-BR"}]}},"_links":{"self":[{"href":"https:\/\/www.electroluxprofessional.com\/br\/wp-json\/wp\/v2\/pages\/3770"}],"collection":[{"href":"https:\/\/www.electroluxprofessional.com\/br\/wp-json\/wp\/v2\/pages"}],"about":[{"href":"https:\/\/www.electroluxprofessional.com\/br\/wp-json\/wp\/v2\/types\/page"}],"author":[{"embeddable":true,"href":"https:\/\/www.electroluxprofessional.com\/br\/wp-json\/wp\/v2\/users\/23"}],"replies":[{"embeddable":true,"href":"https:\/\/www.electroluxprofessional.com\/br\/wp-json\/wp\/v2\/comments?post=3770"}],"version-history":[{"count":18,"href":"https:\/\/www.electroluxprofessional.com\/br\/wp-json\/wp\/v2\/pages\/3770\/revisions"}],"predecessor-version":[{"id":6687,"href":"https:\/\/www.electroluxprofessional.com\/br\/wp-json\/wp\/v2\/pages\/3770\/revisions\/6687"}],"wp:attachment":[{"href":"https:\/\/www.electroluxprofessional.com\/br\/wp-json\/wp\/v2\/media?parent=3770"}],"curies":[{"name":"wp","href":"https:\/\/api.w.org\/{rel}","templated":true}]}}