{"id":3753,"date":"2017-04-04T15:08:43","date_gmt":"2017-04-04T15:08:43","guid":{"rendered":"https:\/\/www.electroluxprofessional.com\/br\/?page_id=3753"},"modified":"2017-11-15T23:03:53","modified_gmt":"2017-11-15T23:03:53","slug":"linha-de-passadoria","status":"publish","type":"page","link":"https:\/\/www.electroluxprofessional.com\/br\/linha-de-passadoria\/","title":{"rendered":"Linha de passadoria"},"content":{"rendered":"<p>[vc_row full_width=&#8221;electroluxpro-full-width-no-padding&#8221;][vc_column][elx_hero_slider label_text_color=&#8221;inherit&#8221; images=&#8221;887&#8243;][elx_heading font_container=&#8221;h1&#8243; font_size=&#8221;h2&#8243; text_color=&#8221;inherit&#8221;]Linha de passadoria[\/elx_heading][vc_column_text]<\/p>\n<h3>Alta produtividade e qualidade<\/h3>\n<p>[\/vc_column_text][\/elx_hero_slider][\/vc_column][\/vc_row][vc_row][vc_column width=&#8221;1\/2&#8243;][elx_image_block background_image=&#8221;2584&#8243; vert_back_position=&#8221;top&#8221; minimum_height=&#8221;620px&#8221;][\/vc_column][vc_column width=&#8221;1\/2&#8243;][vc_empty_space][elx_heading text_color=&#8221;inherit&#8221;]Vantagens da Linha de engomar Electrolux Professional[\/elx_heading][vc_empty_space height=&#8221;20px&#8221;][vc_column_text]A linha de linha de engomar C-Flex oferece o melhor equipamento para processamento de roupa de cama com alta produtividade e qualidade.<\/p>\n<p>Alimentadores\u00a0e dobradores projetados para se conectar\u00a0\u00e0 C-Flex para facilitar a opera\u00e7\u00e3o.<\/p>\n<ul>\n<li>Dobrador com empilhador vers\u00e1til.<\/li>\n<li>Mesa de alimenta\u00e7\u00e3o a v\u00e1cuo para pe\u00e7as pequenas e m\u00e9dias.<\/li>\n<li>Alimentador de at\u00e9\u00a0500 pe\u00e7as\/hora.<\/li>\n<li>Dispositivo de dobramento com tr\u00eas dobras de comprimento e uma cruzada.<\/li>\n<li>2 dobras de comprimento fazendo uma dobra francesa e 2 dobras transversais. Constru\u00e7\u00e3o padr\u00e3o de 3 empilhadores com classifica\u00e7\u00e3o autom\u00e1tica por tamanho.<\/li>\n<\/ul>\n<p>[\/vc_column_text][vc_empty_space height=&#8221;50px&#8221;][\/vc_column][\/vc_row][vc_row][vc_column width=&#8221;1\/3&#8243;][elx_video_block background_image=&#8221;886&#8243; video_link=&#8221;https:\/\/www.youtube.com\/watch?v=Mr_9WkGxes4&#8243; minimum_height=&#8221;260px&#8221;][vc_column_text]<\/p>\n<div id=\"watch7-headline\" class=\"clearfix\">\n<div id=\"watch-headline-title\">\n<p class=\"watch-title-container\"><span id=\"eow-title\" class=\"watch-title\" dir=\"ltr\" title=\"Electrolux C-Flex Ironing Lane\">Calandra central C-Flex<\/span><\/p>\n<\/div>\n<\/div>\n<p>[\/vc_column_text][\/vc_column][vc_column width=&#8221;1\/3&#8243;][elx_video_block background_image=&#8221;2585&#8243; video_link=&#8221;https:\/\/www.youtube.com\/watch?v=3ZHLtH6LTeI&#8221; minimum_height=&#8221;260px&#8221;][vc_column_text]<\/p>\n<div id=\"watch7-headline\" class=\"clearfix\">\n<div id=\"watch-headline-title\">\n<p class=\"watch-title-container\"><span id=\"eow-title\" class=\"watch-title\" dir=\"ltr\" title=\"C-Flex IL - vacuum table\">Mesa de v\u00e1cuo C-Flex IL\u00a0<\/span><\/p>\n<\/div>\n<\/div>\n<p>[\/vc_column_text][\/vc_column][vc_column width=&#8221;1\/3&#8243;][elx_video_block background_image=&#8221;2586&#8243; video_link=&#8221;https:\/\/www.youtube.com\/watch?v=RmqVtB7Tg0A&#8221; minimum_height=&#8221;260px&#8221;][vc_column_text]Dobrador\u00a0C-Flex IL[\/vc_column_text][\/vc_column][\/vc_row][vc_row][vc_column][elx_heading font_size=&#8221;h2&#8243; text_color=&#8221;inherit&#8221; text_align=&#8221;text-center&#8221;]Descubra o que nossas C-Flex podem fazer para o seu neg\u00f3cio[\/elx_heading][elx_o2000_contact_us r=&#8221;&#8221; s=&#8221;Pedido de informa\u00e7\u00e3o sobre a C-Flex&#8221; e=&#8221;patricia.trindade@electrolux.com&#8221; country=&#8221;Brazil&#8221; l=&#8221;pt&#8221; b=&#8221;laundry&#8221; container=&#8221;elxcontactus1478703628&#8243;][vc_empty_space height=&#8221;50px&#8221;][\/vc_column][\/vc_row]<\/p>\n","protected":false},"excerpt":{"rendered":"<p>[vc_row full_width=&#8221;electroluxpro-full-width-no-padding&#8221;][vc_column][elx_hero_slider label_text_color=&#8221;inherit&#8221; images=&#8221;887&#8243;][elx_heading font_container=&#8221;h1&#8243; font_size=&#8221;h2&#8243; text_color=&#8221;inherit&#8221;]Linha de passadoria[\/elx_heading][vc_column_text] Alta produtividade e qualidade [\/vc_column_text][\/elx_hero_slider][\/vc_column][\/vc_row][vc_row][vc_column width=&#8221;1\/2&#8243;][elx_image_block background_image=&#8221;2584&#8243; vert_back_position=&#8221;top&#8221; minimum_height=&#8221;620px&#8221;][\/vc_column][vc_column width=&#8221;1\/2&#8243;][vc_empty_space][elx_heading text_color=&#8221;inherit&#8221;]Vantagens da Linha de engomar Electrolux Professional[\/elx_heading][vc_empty_space height=&#8221;20px&#8221;][vc_column_text]A linha de linha de engomar C-Flex oferece o melhor equipamento para processamento de roupa de cama com alta produtividade e qualidade. Alimentadores\u00a0e dobradores projetados para se conectar\u00a0\u00e0 C-Flex [&hellip;]<\/p>\n","protected":false},"author":23,"featured_media":0,"parent":0,"menu_order":0,"comment_status":"closed","ping_status":"closed","template":"","meta":{"footnotes":""},"class_list":["post-3753","page","type-page","status-publish","hentry"],"acf":[],"yoast_head":"<!-- This site is optimized with the Yoast SEO plugin v23.3 - https:\/\/yoast.com\/wordpress\/plugins\/seo\/ -->\n<title>Linha de passadoria - Electrolux Professional Brasil<\/title>\n<meta name=\"robots\" content=\"index, follow, max-snippet:-1, max-image-preview:large, max-video-preview:-1\" \/>\n<link rel=\"canonical\" href=\"https:\/\/www.electroluxprofessional.com\/br\/linha-de-passadoria\/\" \/>\n<meta property=\"og:locale\" content=\"pt_BR\" \/>\n<meta property=\"og:type\" content=\"article\" \/>\n<meta property=\"og:title\" content=\"Linha de passadoria - Electrolux Professional Brasil\" \/>\n<meta property=\"og:description\" content=\"[vc_row full_width=&#8221;electroluxpro-full-width-no-padding&#8221;][vc_column][elx_hero_slider label_text_color=&#8221;inherit&#8221; images=&#8221;887&#8243;][elx_heading font_container=&#8221;h1&#8243; font_size=&#8221;h2&#8243; text_color=&#8221;inherit&#8221;]Linha de passadoria[\/elx_heading][vc_column_text] Alta produtividade e qualidade [\/vc_column_text][\/elx_hero_slider][\/vc_column][\/vc_row][vc_row][vc_column width=&#8221;1\/2&#8243;][elx_image_block background_image=&#8221;2584&#8243; vert_back_position=&#8221;top&#8221; minimum_height=&#8221;620px&#8221;][\/vc_column][vc_column width=&#8221;1\/2&#8243;][vc_empty_space][elx_heading text_color=&#8221;inherit&#8221;]Vantagens da Linha de engomar Electrolux Professional[\/elx_heading][vc_empty_space height=&#8221;20px&#8221;][vc_column_text]A linha de linha de engomar C-Flex oferece o melhor equipamento para processamento de roupa de cama com alta produtividade e qualidade. Alimentadores\u00a0e dobradores projetados para se conectar\u00a0\u00e0 C-Flex [&hellip;]\" \/>\n<meta property=\"og:url\" content=\"https:\/\/www.electroluxprofessional.com\/br\/linha-de-passadoria\/\" \/>\n<meta property=\"og:site_name\" content=\"Electrolux Professional Brasil\" \/>\n<meta property=\"article:modified_time\" content=\"2017-11-15T23:03:53+00:00\" \/>\n<meta name=\"twitter:card\" content=\"summary_large_image\" \/>\n<meta name=\"twitter:label1\" content=\"Est. tempo de leitura\" \/>\n\t<meta name=\"twitter:data1\" content=\"2 minutos\" \/>\n<script type=\"application\/ld+json\" class=\"yoast-schema-graph\">{\"@context\":\"https:\/\/schema.org\",\"@graph\":[{\"@type\":\"WebPage\",\"@id\":\"https:\/\/www.electroluxprofessional.com\/br\/linha-de-passadoria\/\",\"url\":\"https:\/\/www.electroluxprofessional.com\/br\/linha-de-passadoria\/\",\"name\":\"Linha de passadoria - Electrolux Professional Brasil\",\"isPartOf\":{\"@id\":\"https:\/\/www.electroluxprofessional.com\/br\/#website\"},\"datePublished\":\"2017-04-04T15:08:43+00:00\",\"dateModified\":\"2017-11-15T23:03:53+00:00\",\"breadcrumb\":{\"@id\":\"https:\/\/www.electroluxprofessional.com\/br\/linha-de-passadoria\/#breadcrumb\"},\"inLanguage\":\"pt-BR\",\"potentialAction\":[{\"@type\":\"ReadAction\",\"target\":[\"https:\/\/www.electroluxprofessional.com\/br\/linha-de-passadoria\/\"]}]},{\"@type\":\"BreadcrumbList\",\"@id\":\"https:\/\/www.electroluxprofessional.com\/br\/linha-de-passadoria\/#breadcrumb\",\"itemListElement\":[{\"@type\":\"ListItem\",\"position\":1,\"name\":\"Home\",\"item\":\"https:\/\/www.electroluxprofessional.com\/br\/\"},{\"@type\":\"ListItem\",\"position\":2,\"name\":\"Linha de passadoria\"}]},{\"@type\":\"WebSite\",\"@id\":\"https:\/\/www.electroluxprofessional.com\/br\/#website\",\"url\":\"https:\/\/www.electroluxprofessional.com\/br\/\",\"name\":\"Electrolux Professional Brasil\",\"description\":\"Equipamiento cocinas profesionales y lavander\u00edas comerciales. Excelencia en el suministro de soluciones profesionales.\",\"potentialAction\":[{\"@type\":\"SearchAction\",\"target\":{\"@type\":\"EntryPoint\",\"urlTemplate\":\"https:\/\/www.electroluxprofessional.com\/br\/?src={search_term_string}\"},\"query-input\":\"required name=search_term_string\"}],\"inLanguage\":\"pt-BR\"}]}<\/script>\n<!-- \/ Yoast SEO plugin. -->","yoast_head_json":{"title":"Linha de passadoria - Electrolux Professional Brasil","robots":{"index":"index","follow":"follow","max-snippet":"max-snippet:-1","max-image-preview":"max-image-preview:large","max-video-preview":"max-video-preview:-1"},"canonical":"https:\/\/www.electroluxprofessional.com\/br\/linha-de-passadoria\/","og_locale":"pt_BR","og_type":"article","og_title":"Linha de passadoria - Electrolux Professional Brasil","og_description":"[vc_row full_width=&#8221;electroluxpro-full-width-no-padding&#8221;][vc_column][elx_hero_slider label_text_color=&#8221;inherit&#8221; images=&#8221;887&#8243;][elx_heading font_container=&#8221;h1&#8243; font_size=&#8221;h2&#8243; text_color=&#8221;inherit&#8221;]Linha de passadoria[\/elx_heading][vc_column_text] Alta produtividade e qualidade [\/vc_column_text][\/elx_hero_slider][\/vc_column][\/vc_row][vc_row][vc_column width=&#8221;1\/2&#8243;][elx_image_block background_image=&#8221;2584&#8243; vert_back_position=&#8221;top&#8221; minimum_height=&#8221;620px&#8221;][\/vc_column][vc_column width=&#8221;1\/2&#8243;][vc_empty_space][elx_heading text_color=&#8221;inherit&#8221;]Vantagens da Linha de engomar Electrolux Professional[\/elx_heading][vc_empty_space height=&#8221;20px&#8221;][vc_column_text]A linha de linha de engomar C-Flex oferece o melhor equipamento para processamento de roupa de cama com alta produtividade e qualidade. Alimentadores\u00a0e dobradores projetados para se conectar\u00a0\u00e0 C-Flex [&hellip;]","og_url":"https:\/\/www.electroluxprofessional.com\/br\/linha-de-passadoria\/","og_site_name":"Electrolux Professional Brasil","article_modified_time":"2017-11-15T23:03:53+00:00","twitter_card":"summary_large_image","twitter_misc":{"Est. tempo de leitura":"2 minutos"},"schema":{"@context":"https:\/\/schema.org","@graph":[{"@type":"WebPage","@id":"https:\/\/www.electroluxprofessional.com\/br\/linha-de-passadoria\/","url":"https:\/\/www.electroluxprofessional.com\/br\/linha-de-passadoria\/","name":"Linha de passadoria - Electrolux Professional Brasil","isPartOf":{"@id":"https:\/\/www.electroluxprofessional.com\/br\/#website"},"datePublished":"2017-04-04T15:08:43+00:00","dateModified":"2017-11-15T23:03:53+00:00","breadcrumb":{"@id":"https:\/\/www.electroluxprofessional.com\/br\/linha-de-passadoria\/#breadcrumb"},"inLanguage":"pt-BR","potentialAction":[{"@type":"ReadAction","target":["https:\/\/www.electroluxprofessional.com\/br\/linha-de-passadoria\/"]}]},{"@type":"BreadcrumbList","@id":"https:\/\/www.electroluxprofessional.com\/br\/linha-de-passadoria\/#breadcrumb","itemListElement":[{"@type":"ListItem","position":1,"name":"Home","item":"https:\/\/www.electroluxprofessional.com\/br\/"},{"@type":"ListItem","position":2,"name":"Linha de passadoria"}]},{"@type":"WebSite","@id":"https:\/\/www.electroluxprofessional.com\/br\/#website","url":"https:\/\/www.electroluxprofessional.com\/br\/","name":"Electrolux Professional Brasil","description":"Equipamiento cocinas profesionales y lavander\u00edas comerciales. Excelencia en el suministro de soluciones profesionales.","potentialAction":[{"@type":"SearchAction","target":{"@type":"EntryPoint","urlTemplate":"https:\/\/www.electroluxprofessional.com\/br\/?src={search_term_string}"},"query-input":"required name=search_term_string"}],"inLanguage":"pt-BR"}]}},"_links":{"self":[{"href":"https:\/\/www.electroluxprofessional.com\/br\/wp-json\/wp\/v2\/pages\/3753"}],"collection":[{"href":"https:\/\/www.electroluxprofessional.com\/br\/wp-json\/wp\/v2\/pages"}],"about":[{"href":"https:\/\/www.electroluxprofessional.com\/br\/wp-json\/wp\/v2\/types\/page"}],"author":[{"embeddable":true,"href":"https:\/\/www.electroluxprofessional.com\/br\/wp-json\/wp\/v2\/users\/23"}],"replies":[{"embeddable":true,"href":"https:\/\/www.electroluxprofessional.com\/br\/wp-json\/wp\/v2\/comments?post=3753"}],"version-history":[{"count":15,"href":"https:\/\/www.electroluxprofessional.com\/br\/wp-json\/wp\/v2\/pages\/3753\/revisions"}],"predecessor-version":[{"id":4788,"href":"https:\/\/www.electroluxprofessional.com\/br\/wp-json\/wp\/v2\/pages\/3753\/revisions\/4788"}],"wp:attachment":[{"href":"https:\/\/www.electroluxprofessional.com\/br\/wp-json\/wp\/v2\/media?parent=3753"}],"curies":[{"name":"wp","href":"https:\/\/api.w.org\/{rel}","templated":true}]}}