{"id":3705,"date":"2017-03-31T07:46:40","date_gmt":"2017-03-31T07:46:40","guid":{"rendered":"https:\/\/www.electroluxprofessional.com\/br\/?page_id=3705"},"modified":"2025-11-06T08:57:09","modified_gmt":"2025-11-06T08:57:09","slug":"secadoras","status":"publish","type":"page","link":"https:\/\/www.electroluxprofessional.com\/br\/secadoras\/","title":{"rendered":"Secadoras"},"content":{"rendered":"<p>[vc_row full_width=&#8221;electroluxpro-full-width-no-padding&#8221;][vc_column][elx_hero_slider label_text_color=&#8221;inherit&#8221; images=&#8221;820&#8243;][elx_heading font_container=&#8221;h1&#8243; font_size=&#8221;h2&#8243; text_color=&#8221;inherit&#8221;]Secadoras[\/elx_heading][elx_heading font_container=&#8221;h3&#8243; text_color=&#8221;inherit&#8221;]Mais r\u00e1pidas, mais ecol\u00f3gicas, mais simples[\/elx_heading][\/elx_hero_slider][vc_empty_space][\/vc_column][\/vc_row][vc_row][vc_column][elx_heading font_size=&#8221;h3&#8243; text_color=&#8221;inherit&#8221;]Linha 5000 Electrolux<br \/>\nProjetada por especialistas. Inspirada em voc\u00ea[\/elx_heading][vc_empty_space][vc_column_text]Excel\u00eancia significa alinhamento com produtos e servi\u00e7os superiores \u00e0s necessidades do cliente. Isso significa ir al\u00e9m das m\u00e1quinas transformando-as em uma solu\u00e7\u00e3o. Isso implica evoluir continuamente para ficar um passo \u00e0 frente.[\/vc_column_text][\/vc_column][\/vc_row][vc_row][vc_column width=&#8221;1\/3&#8243;][elx_heading font_size=&#8221;h4&#8243; text_color=&#8221;inherit&#8221;]Durabilidade[\/elx_heading][vc_column_text]Devido \u00e0 constru\u00e7\u00e3o mec\u00e2nica robusta, nossas m\u00e1quinas exigem menos manuten\u00e7\u00e3o e s\u00e3o otimizadas para todos os tipos de opera\u00e7\u00f5es e ambientes.[\/vc_column_text][\/vc_column][vc_column width=&#8221;1\/3&#8243;][elx_heading font_size=&#8221;h4&#8243; text_color=&#8221;inherit&#8221;]Economia &#8220;Verde&#8221;[\/elx_heading][vc_column_text]Menores custos operacionais s\u00e3o poss\u00edveis sem comprometer a qualidade.<br \/>\nOferecemos solu\u00e7\u00f5es que utilizam menos \u00e1gua, energia e detergente para tornar os ciclos de lavagem e secagem mais eficientes.[\/vc_column_text][\/vc_column][vc_column width=&#8221;1\/3&#8243;][elx_heading font_size=&#8221;h4&#8243; text_color=&#8221;inherit&#8221;]M\u00e1xima flexibilidade[\/elx_heading][vc_column_text]O sistema de controle Compass Pro\u00ae maximiza o desempenho e oferece toda a flexibilidade que voc\u00ea deseja. Al\u00e9m de tornar a sua vida mais f\u00e1cil, s\u00e3o ergon\u00f4micos.[\/vc_column_text][\/vc_column][\/vc_row][vc_row][vc_column][vc_empty_space][\/vc_column][\/vc_row][vc_row disable_element=&#8221;yes&#8221;][vc_column width=&#8221;1\/2&#8243;][vc_empty_space][elx_heading text_color=&#8221;inherit&#8221;]Descubre los beneficios de la nueva Secadora con bomba de calor[\/elx_heading][vc_empty_space][vc_column_text]<\/p>\n<ul>\n<li>Ahorra\u00a0<strong>dinero<\/strong>\u00a0con un rendimiento excepcional<\/li>\n<li>Ahorra\u00a0<strong>tiempo<\/strong>\u00a0y evita el tiempo de inactividad<\/li>\n<li>Ahorra\u00a0<strong>espacio<\/strong>\u00a0y gana flexibilidad<\/li>\n<\/ul>\n<p>[\/vc_column_text][elx_button button_text=&#8221;Secadora de bomba de calor&#8221; button_style=&#8221;icon&#8221; button_link=&#8221;url:%23|||&#8221;][\/vc_column][vc_column width=&#8221;1\/2&#8243;][vc_single_image image=&#8221;390&#8243; img_size=&#8221;large&#8221; onclick=&#8221;custom_link&#8221; link=&#8221;https:\/\/www.electroluxprofessional.com\/commercial-laundry-equipment\/heat-pump-dryers\/&#8221;][\/vc_column][\/vc_row][vc_row][vc_column][vc_empty_space height=&#8221;50px&#8221;][\/vc_column][\/vc_row][vc_row][vc_column width=&#8221;1\/3&#8243;][elx_video_block background_image=&#8221;2537&#8243; video_link=&#8221;https:\/\/www.youtube.com\/watch?v=0hFNKTAL5YE&#8221; minimum_height=&#8221;260px&#8221;][vc_column_text]Linha\u00a05000[\/vc_column_text][\/vc_column][vc_column width=&#8221;1\/3&#8243;][elx_video_block background_image=&#8221;732&#8243; video_link=&#8221;https:\/\/www.youtube.com\/watch?v=agTB9lzil5c&#8221; minimum_height=&#8221;260px&#8221;][vc_column_text]Secadora de Bomba de Calor[\/vc_column_text][\/vc_column][\/vc_row][vc_row disable_element=&#8221;yes&#8221;][vc_column][vc_empty_space height=&#8221;50px&#8221;][elx_heading font_size=&#8221;h3&#8243; text_color=&#8221;inherit&#8221; text_align=&#8221;text-center&#8221;]Encuentra el pack ideal para tu negocio[\/elx_heading][\/vc_column][\/vc_row][vc_row disable_element=&#8221;yes&#8221;][vc_column width=&#8221;1\/3&#8243;][elx_maylike_box id_box=&#8221;1988&#8243;][\/vc_column][vc_column width=&#8221;1\/3&#8243;][elx_maylike_box id_box=&#8221;387&#8243;][\/vc_column][vc_column width=&#8221;1\/3&#8243;][elx_maylike_box id_box=&#8221;374&#8243;][\/vc_column][\/vc_row][vc_row][vc_column][vc_empty_space height=&#8221;50px&#8221;][elx_heading font_size=&#8221;h2&#8243; text_color=&#8221;inherit&#8221; text_align=&#8221;text-center&#8221;]Descubra o que nossas secadoras podem fazer para o seu neg\u00f3cio[\/elx_heading][elx_o2000_contact_us r=&#8221;&#8221; s=&#8221;Solicita\u00e7\u00e3o de informa\u00e7\u00f5es sobre secadoras&#8221; e=&#8221;patricia.trindade@electrolux.com&#8221; country=&#8221;Brazil&#8221; l=&#8221;pt&#8221; b=&#8221;laundry&#8221; container=&#8221;elxcontactus1478766512&#8243;][\/vc_column][\/vc_row][vc_row][vc_column][vc_empty_space height=&#8221;50px&#8221;][\/vc_column][\/vc_row]<\/p>\n","protected":false},"excerpt":{"rendered":"<p>[vc_row full_width=&#8221;electroluxpro-full-width-no-padding&#8221;][vc_column][elx_hero_slider label_text_color=&#8221;inherit&#8221; images=&#8221;820&#8243;][elx_heading font_container=&#8221;h1&#8243; font_size=&#8221;h2&#8243; text_color=&#8221;inherit&#8221;]Secadoras[\/elx_heading][elx_heading font_container=&#8221;h3&#8243; text_color=&#8221;inherit&#8221;]Mais r\u00e1pidas, mais ecol\u00f3gicas, mais simples[\/elx_heading][\/elx_hero_slider][vc_empty_space][\/vc_column][\/vc_row][vc_row][vc_column][elx_heading font_size=&#8221;h3&#8243; text_color=&#8221;inherit&#8221;]Linha 5000 Electrolux Projetada por especialistas. Inspirada em voc\u00ea[\/elx_heading][vc_empty_space][vc_column_text]Excel\u00eancia significa alinhamento com produtos e servi\u00e7os superiores \u00e0s necessidades do cliente. Isso significa ir al\u00e9m das m\u00e1quinas transformando-as em uma solu\u00e7\u00e3o. Isso implica evoluir continuamente para ficar um passo \u00e0 frente.[\/vc_column_text][\/vc_column][\/vc_row][vc_row][vc_column [&hellip;]<\/p>\n","protected":false},"author":23,"featured_media":5108,"parent":0,"menu_order":0,"comment_status":"closed","ping_status":"closed","template":"","meta":{"footnotes":""},"class_list":["post-3705","page","type-page","status-publish","has-post-thumbnail","hentry"],"acf":[],"yoast_head":"<!-- This site is optimized with the Yoast SEO plugin v23.3 - https:\/\/yoast.com\/wordpress\/plugins\/seo\/ -->\n<title>Secadoras - Electrolux Professional Brasil<\/title>\n<meta name=\"robots\" content=\"index, follow, max-snippet:-1, max-image-preview:large, max-video-preview:-1\" \/>\n<link rel=\"canonical\" href=\"https:\/\/www.electroluxprofessional.com\/br\/secadoras\/\" \/>\n<meta property=\"og:locale\" content=\"pt_BR\" \/>\n<meta property=\"og:type\" content=\"article\" \/>\n<meta property=\"og:title\" content=\"Secadoras - Electrolux Professional Brasil\" \/>\n<meta property=\"og:description\" content=\"[vc_row full_width=&#8221;electroluxpro-full-width-no-padding&#8221;][vc_column][elx_hero_slider label_text_color=&#8221;inherit&#8221; images=&#8221;820&#8243;][elx_heading font_container=&#8221;h1&#8243; font_size=&#8221;h2&#8243; text_color=&#8221;inherit&#8221;]Secadoras[\/elx_heading][elx_heading font_container=&#8221;h3&#8243; text_color=&#8221;inherit&#8221;]Mais r\u00e1pidas, mais ecol\u00f3gicas, mais simples[\/elx_heading][\/elx_hero_slider][vc_empty_space][\/vc_column][\/vc_row][vc_row][vc_column][elx_heading font_size=&#8221;h3&#8243; text_color=&#8221;inherit&#8221;]Linha 5000 Electrolux Projetada por especialistas. Inspirada em voc\u00ea[\/elx_heading][vc_empty_space][vc_column_text]Excel\u00eancia significa alinhamento com produtos e servi\u00e7os superiores \u00e0s necessidades do cliente. Isso significa ir al\u00e9m das m\u00e1quinas transformando-as em uma solu\u00e7\u00e3o. Isso implica evoluir continuamente para ficar um passo \u00e0 frente.[\/vc_column_text][\/vc_column][\/vc_row][vc_row][vc_column [&hellip;]\" \/>\n<meta property=\"og:url\" content=\"https:\/\/www.electroluxprofessional.com\/br\/secadoras\/\" \/>\n<meta property=\"og:site_name\" content=\"Electrolux Professional Brasil\" \/>\n<meta property=\"article:modified_time\" content=\"2025-11-06T08:57:09+00:00\" \/>\n<meta property=\"og:image\" content=\"https:\/\/www.electroluxprofessional.com\/br\/wp-content\/uploads\/2018\/11\/Dryer.jpg\" \/>\n\t<meta property=\"og:image:width\" content=\"703\" \/>\n\t<meta property=\"og:image:height\" content=\"606\" \/>\n\t<meta property=\"og:image:type\" content=\"image\/jpeg\" \/>\n<meta name=\"twitter:card\" content=\"summary_large_image\" \/>\n<meta name=\"twitter:label1\" content=\"Est. tempo de leitura\" \/>\n\t<meta name=\"twitter:data1\" content=\"3 minutos\" \/>\n<script type=\"application\/ld+json\" class=\"yoast-schema-graph\">{\"@context\":\"https:\/\/schema.org\",\"@graph\":[{\"@type\":\"WebPage\",\"@id\":\"https:\/\/www.electroluxprofessional.com\/br\/secadoras\/\",\"url\":\"https:\/\/www.electroluxprofessional.com\/br\/secadoras\/\",\"name\":\"Secadoras - Electrolux Professional Brasil\",\"isPartOf\":{\"@id\":\"https:\/\/www.electroluxprofessional.com\/br\/#website\"},\"primaryImageOfPage\":{\"@id\":\"https:\/\/www.electroluxprofessional.com\/br\/secadoras\/#primaryimage\"},\"image\":{\"@id\":\"https:\/\/www.electroluxprofessional.com\/br\/secadoras\/#primaryimage\"},\"thumbnailUrl\":\"https:\/\/www.electroluxprofessional.com\/br\/wp-content\/uploads\/2018\/11\/Dryer.jpg\",\"datePublished\":\"2017-03-31T07:46:40+00:00\",\"dateModified\":\"2025-11-06T08:57:09+00:00\",\"breadcrumb\":{\"@id\":\"https:\/\/www.electroluxprofessional.com\/br\/secadoras\/#breadcrumb\"},\"inLanguage\":\"pt-BR\",\"potentialAction\":[{\"@type\":\"ReadAction\",\"target\":[\"https:\/\/www.electroluxprofessional.com\/br\/secadoras\/\"]}]},{\"@type\":\"ImageObject\",\"inLanguage\":\"pt-BR\",\"@id\":\"https:\/\/www.electroluxprofessional.com\/br\/secadoras\/#primaryimage\",\"url\":\"https:\/\/www.electroluxprofessional.com\/br\/wp-content\/uploads\/2018\/11\/Dryer.jpg\",\"contentUrl\":\"https:\/\/www.electroluxprofessional.com\/br\/wp-content\/uploads\/2018\/11\/Dryer.jpg\",\"width\":703,\"height\":606,\"caption\":\"Secadoras\"},{\"@type\":\"BreadcrumbList\",\"@id\":\"https:\/\/www.electroluxprofessional.com\/br\/secadoras\/#breadcrumb\",\"itemListElement\":[{\"@type\":\"ListItem\",\"position\":1,\"name\":\"Home\",\"item\":\"https:\/\/www.electroluxprofessional.com\/br\/\"},{\"@type\":\"ListItem\",\"position\":2,\"name\":\"Secadoras\"}]},{\"@type\":\"WebSite\",\"@id\":\"https:\/\/www.electroluxprofessional.com\/br\/#website\",\"url\":\"https:\/\/www.electroluxprofessional.com\/br\/\",\"name\":\"Electrolux Professional Brasil\",\"description\":\"Equipamiento cocinas profesionales y lavander\u00edas comerciales. Excelencia en el suministro de soluciones profesionales.\",\"potentialAction\":[{\"@type\":\"SearchAction\",\"target\":{\"@type\":\"EntryPoint\",\"urlTemplate\":\"https:\/\/www.electroluxprofessional.com\/br\/?src={search_term_string}\"},\"query-input\":\"required name=search_term_string\"}],\"inLanguage\":\"pt-BR\"}]}<\/script>\n<!-- \/ Yoast SEO plugin. -->","yoast_head_json":{"title":"Secadoras - Electrolux Professional Brasil","robots":{"index":"index","follow":"follow","max-snippet":"max-snippet:-1","max-image-preview":"max-image-preview:large","max-video-preview":"max-video-preview:-1"},"canonical":"https:\/\/www.electroluxprofessional.com\/br\/secadoras\/","og_locale":"pt_BR","og_type":"article","og_title":"Secadoras - Electrolux Professional Brasil","og_description":"[vc_row full_width=&#8221;electroluxpro-full-width-no-padding&#8221;][vc_column][elx_hero_slider label_text_color=&#8221;inherit&#8221; images=&#8221;820&#8243;][elx_heading font_container=&#8221;h1&#8243; font_size=&#8221;h2&#8243; text_color=&#8221;inherit&#8221;]Secadoras[\/elx_heading][elx_heading font_container=&#8221;h3&#8243; text_color=&#8221;inherit&#8221;]Mais r\u00e1pidas, mais ecol\u00f3gicas, mais simples[\/elx_heading][\/elx_hero_slider][vc_empty_space][\/vc_column][\/vc_row][vc_row][vc_column][elx_heading font_size=&#8221;h3&#8243; text_color=&#8221;inherit&#8221;]Linha 5000 Electrolux Projetada por especialistas. Inspirada em voc\u00ea[\/elx_heading][vc_empty_space][vc_column_text]Excel\u00eancia significa alinhamento com produtos e servi\u00e7os superiores \u00e0s necessidades do cliente. Isso significa ir al\u00e9m das m\u00e1quinas transformando-as em uma solu\u00e7\u00e3o. Isso implica evoluir continuamente para ficar um passo \u00e0 frente.[\/vc_column_text][\/vc_column][\/vc_row][vc_row][vc_column [&hellip;]","og_url":"https:\/\/www.electroluxprofessional.com\/br\/secadoras\/","og_site_name":"Electrolux Professional Brasil","article_modified_time":"2025-11-06T08:57:09+00:00","og_image":[{"width":703,"height":606,"url":"https:\/\/www.electroluxprofessional.com\/br\/wp-content\/uploads\/2018\/11\/Dryer.jpg","type":"image\/jpeg"}],"twitter_card":"summary_large_image","twitter_misc":{"Est. tempo de leitura":"3 minutos"},"schema":{"@context":"https:\/\/schema.org","@graph":[{"@type":"WebPage","@id":"https:\/\/www.electroluxprofessional.com\/br\/secadoras\/","url":"https:\/\/www.electroluxprofessional.com\/br\/secadoras\/","name":"Secadoras - Electrolux Professional Brasil","isPartOf":{"@id":"https:\/\/www.electroluxprofessional.com\/br\/#website"},"primaryImageOfPage":{"@id":"https:\/\/www.electroluxprofessional.com\/br\/secadoras\/#primaryimage"},"image":{"@id":"https:\/\/www.electroluxprofessional.com\/br\/secadoras\/#primaryimage"},"thumbnailUrl":"https:\/\/www.electroluxprofessional.com\/br\/wp-content\/uploads\/2018\/11\/Dryer.jpg","datePublished":"2017-03-31T07:46:40+00:00","dateModified":"2025-11-06T08:57:09+00:00","breadcrumb":{"@id":"https:\/\/www.electroluxprofessional.com\/br\/secadoras\/#breadcrumb"},"inLanguage":"pt-BR","potentialAction":[{"@type":"ReadAction","target":["https:\/\/www.electroluxprofessional.com\/br\/secadoras\/"]}]},{"@type":"ImageObject","inLanguage":"pt-BR","@id":"https:\/\/www.electroluxprofessional.com\/br\/secadoras\/#primaryimage","url":"https:\/\/www.electroluxprofessional.com\/br\/wp-content\/uploads\/2018\/11\/Dryer.jpg","contentUrl":"https:\/\/www.electroluxprofessional.com\/br\/wp-content\/uploads\/2018\/11\/Dryer.jpg","width":703,"height":606,"caption":"Secadoras"},{"@type":"BreadcrumbList","@id":"https:\/\/www.electroluxprofessional.com\/br\/secadoras\/#breadcrumb","itemListElement":[{"@type":"ListItem","position":1,"name":"Home","item":"https:\/\/www.electroluxprofessional.com\/br\/"},{"@type":"ListItem","position":2,"name":"Secadoras"}]},{"@type":"WebSite","@id":"https:\/\/www.electroluxprofessional.com\/br\/#website","url":"https:\/\/www.electroluxprofessional.com\/br\/","name":"Electrolux Professional Brasil","description":"Equipamiento cocinas profesionales y lavander\u00edas comerciales. Excelencia en el suministro de soluciones profesionales.","potentialAction":[{"@type":"SearchAction","target":{"@type":"EntryPoint","urlTemplate":"https:\/\/www.electroluxprofessional.com\/br\/?src={search_term_string}"},"query-input":"required name=search_term_string"}],"inLanguage":"pt-BR"}]}},"_links":{"self":[{"href":"https:\/\/www.electroluxprofessional.com\/br\/wp-json\/wp\/v2\/pages\/3705"}],"collection":[{"href":"https:\/\/www.electroluxprofessional.com\/br\/wp-json\/wp\/v2\/pages"}],"about":[{"href":"https:\/\/www.electroluxprofessional.com\/br\/wp-json\/wp\/v2\/types\/page"}],"author":[{"embeddable":true,"href":"https:\/\/www.electroluxprofessional.com\/br\/wp-json\/wp\/v2\/users\/23"}],"replies":[{"embeddable":true,"href":"https:\/\/www.electroluxprofessional.com\/br\/wp-json\/wp\/v2\/comments?post=3705"}],"version-history":[{"count":16,"href":"https:\/\/www.electroluxprofessional.com\/br\/wp-json\/wp\/v2\/pages\/3705\/revisions"}],"predecessor-version":[{"id":6681,"href":"https:\/\/www.electroluxprofessional.com\/br\/wp-json\/wp\/v2\/pages\/3705\/revisions\/6681"}],"wp:featuredmedia":[{"embeddable":true,"href":"https:\/\/www.electroluxprofessional.com\/br\/wp-json\/wp\/v2\/media\/5108"}],"wp:attachment":[{"href":"https:\/\/www.electroluxprofessional.com\/br\/wp-json\/wp\/v2\/media?parent=3705"}],"curies":[{"name":"wp","href":"https:\/\/api.w.org\/{rel}","templated":true}]}}