{"id":3631,"date":"2017-03-29T11:25:01","date_gmt":"2017-03-29T11:25:01","guid":{"rendered":"https:\/\/www.electroluxprofessional.com\/br\/?page_id=3631"},"modified":"2025-11-06T08:52:14","modified_gmt":"2025-11-06T08:52:14","slug":"lavadoras-de-barreira","status":"publish","type":"page","link":"https:\/\/www.electroluxprofessional.com\/br\/lavadoras-de-barreira\/","title":{"rendered":"Lavadoras de barreira"},"content":{"rendered":"<p>[vc_row full_width=&#8221;electroluxpro-full-width-no-padding&#8221;][vc_column][elx_hero_slider label_text_color=&#8221;inherit&#8221; images=&#8221;823&#8243;][elx_heading font_container=&#8221;h1&#8243; font_size=&#8221;h2&#8243; text_color=&#8221;inherit&#8221;]Lavadoras de Barreira[\/elx_heading][vc_column_text]<\/p>\n<h3>Lavadoras de barreira Electrolux,<br \/>\nequipamentos sanit\u00e1rios de confian\u00e7a<\/h3>\n<p>[\/vc_column_text][\/elx_hero_slider][\/vc_column][\/vc_row][vc_row][vc_column][vc_empty_space][elx_heading text_color=&#8221;inherit&#8221;]A Excel\u00eancia que voc\u00ea precisa para a sua lavanderia de barreira[\/elx_heading][vc_empty_space][\/vc_column][\/vc_row][vc_row][vc_column width=&#8221;1\/3&#8243;][elx_image_block background_image=&#8221;2568&#8243; minimum_height=&#8221;420px&#8221;][\/vc_column][vc_column width=&#8221;2\/3&#8243;][vc_row_inner css=&#8221;.vc_custom_1484574766001{margin-left: 0px !important;border-left-width: 0px !important;padding-left: 0px !important;}&#8221;][vc_column_inner width=&#8221;1\/2&#8243; css=&#8221;.vc_custom_1484574783915{margin-left: 0px !important;border-left-width: 0px !important;padding-left: 0px !important;}&#8221;][vc_column_text]<\/p>\n<h4>Higiene garantida<\/h4>\n<p>Electrolux Hygiene Watchdog (HW) garante a melhor defesa contra a propaga\u00e7\u00e3o de microorganismos e infec\u00e7\u00f5es cruzadas.<\/p>\n<h4>Ergonomia superior<\/h4>\n<p>A abertura autom\u00e1tica da porta interna, as maiores e mais leves do mercado tornam a m\u00e1quina mais f\u00e1cil e segura para operar.<\/p>\n<p>[\/vc_column_text][\/vc_column_inner][vc_column_inner width=&#8221;1\/2&#8243;][vc_column_text]<\/p>\n<h4>Baixos custos operacionais<\/h4>\n<p>O design otimizado do cesto, juntamente com o sistema de Dosagem Eficiente Electrolux, garante economias superiores em \u00e1gua e detergente.<\/p>\n<h4>Controle e rastreabilidade<\/h4>\n<p>Certus Management\u00ae Information System (CMIS) permite o mais alto n\u00edvel de controle e rastreabilidade ao longo de todo o processo higi\u00eanico.[\/vc_column_text][\/vc_column_inner][\/vc_row_inner][\/vc_column][\/vc_row][vc_row][vc_column][vc_empty_space height=&#8221;50px&#8221;][\/vc_column][\/vc_row][vc_row][vc_column width=&#8221;1\/2&#8243;][elx_heading text_color=&#8221;inherit&#8221;]Lavadora de barreira Hyvolution[\/elx_heading][vc_empty_space height=&#8221;20px&#8221;][vc_column_text]<\/p>\n<h4><\/h4>\n<h4>Design ergon\u00f4mico<br \/>\ncl\u00e1ssico Pullman<\/h4>\n<p>Electrolux Professional\u00a0 introduz o sistema de carga e descarga eficiente para facilitar\u00a0a opera\u00e7\u00e3o, com base\u00a0no feedback dos clientes.<\/p>\n<h4>Acesso f\u00e1cil<\/h4>\n<p>Uma grande porta ERGO permite um f\u00e1cil acesso \u00e0 roupa.<\/p>\n<h4>Seguran\u00e7a e menos esfor\u00e7o<\/h4>\n<p>As op\u00e7\u00f5es de abertura autom\u00e1tica e os sistemas pneum\u00e1ticos permitem o\u00a0uma opera\u00e7\u00e3o segura e sem esfor\u00e7o.<\/p>\n<h4>Maior capacidade<\/h4>\n<p>Seu design compacto permite um aumento consider\u00e1vel de capacidade em pequenas lavanderias.[\/vc_column_text][vc_empty_space height=&#8221;50px&#8221;][\/vc_column][vc_column width=&#8221;1\/2&#8243;][vc_empty_space height=&#8221;20px&#8221;][elx_video_block background_image=&#8221;2569&#8243; video_link=&#8221;https:\/\/www.youtube.com\/watch?v=tB5mADKVF_o&#8221; minimum_height=&#8221;550px&#8221;][elx_heading font_size=&#8221;h3&#8243; text_color=&#8221;inherit&#8221;]A melhor lavadora de barreira de 50 kg no mercado[\/elx_heading][\/vc_column][\/vc_row][vc_row][vc_column width=&#8221;1\/2&#8243;][vc_empty_space height=&#8221;20px&#8221;][elx_video_block background_image=&#8221;2570&#8243; video_link=&#8221;https:\/\/www.youtube.com\/watch?v=_bxuiX-PHbw&#8221; minimum_height=&#8221;300px&#8221;][\/vc_column][vc_column width=&#8221;1\/2&#8243;][elx_heading text_color=&#8221;inherit&#8221;]Nova lavadora de barreira Evolution[\/elx_heading][vc_empty_space][vc_column_text]<\/p>\n<h4>Sob um design ergon\u00f4mico, um cora\u00e7\u00e3o higi\u00eanico<\/h4>\n<p>Primeira Lavadora de Barreira de 20 kg inspired by Pullman. Destinada a lavanderias autogestionadas que desejam ter controle total da qualidade e higiene.[\/vc_column_text][\/vc_column][\/vc_row][vc_row][vc_column][vc_empty_space height=&#8221;50px&#8221;][\/vc_column][\/vc_row][vc_row][vc_column width=&#8221;1\/3&#8243;][elx_download_block text=&#8221;Nova lavadora de Barreira Evolution&#8221; link=&#8221;files.professional.electrolux.com\/docs\/?n=CLF-9JE00064&amp;b=5&amp;l=4&#8243; reveal_effect=&#8221;&#8221; reveal_duration=&#8221;&#8221; reveal_delay=&#8221;&#8221;][\/vc_column][vc_column width=&#8221;1\/3&#8243;][elx_download_block text=&#8221;Lavadora de Barreira Hyvolution&#8221; link=&#8221;http:\/\/tools.professional.electrolux.com\/Mirror\/Doc\/ELS\/BRO\/ELS_Launch_flyer_Hyvolution_6pager_LR.pdf&#8221; reveal_effect=&#8221;&#8221; reveal_duration=&#8221;&#8221; reveal_delay=&#8221;&#8221;][\/vc_column][vc_column width=&#8221;1\/3&#8243;][elx_download_block text=&#8221;Lavadoras de Barreira Pullman&#8221; link=&#8221;http:\/\/tools.professional.electrolux.com\/Mirror\/Doc\/ELS\/PDS\/PS_438903381_WPB4700-41100_EN.pdf&#8221; reveal_effect=&#8221;&#8221; reveal_duration=&#8221;&#8221; reveal_delay=&#8221;&#8221;][\/vc_column][\/vc_row][vc_row][vc_column][elx_heading font_container=&#8221;h3&#8243; text_color=&#8221;inherit&#8221;]Descubra o que nossas Lavadoras de Barreira podem fazer pelo seu neg\u00f3cio[\/elx_heading][elx_o2000_contact_us r=&#8221;&#8221; s=&#8221;Pedido de informa\u00e7\u00f5es sobre lavadoras de barreira de carga lateral&#8221; e=&#8221;patricia.trindade@electrolux.com&#8221; country=&#8221;Brazil&#8221; l=&#8221;pt&#8221; b=&#8221;laundry&#8221; container=&#8221;elxcontactus1478690541&#8243;][vc_empty_space height=&#8221;50px&#8221;][\/vc_column][\/vc_row]<\/p>\n","protected":false},"excerpt":{"rendered":"<p>[vc_row full_width=&#8221;electroluxpro-full-width-no-padding&#8221;][vc_column][elx_hero_slider label_text_color=&#8221;inherit&#8221; images=&#8221;823&#8243;][elx_heading font_container=&#8221;h1&#8243; font_size=&#8221;h2&#8243; text_color=&#8221;inherit&#8221;]Lavadoras de Barreira[\/elx_heading][vc_column_text] Lavadoras de barreira Electrolux, equipamentos sanit\u00e1rios de confian\u00e7a [\/vc_column_text][\/elx_hero_slider][\/vc_column][\/vc_row][vc_row][vc_column][vc_empty_space][elx_heading text_color=&#8221;inherit&#8221;]A Excel\u00eancia que voc\u00ea precisa para a sua lavanderia de barreira[\/elx_heading][vc_empty_space][\/vc_column][\/vc_row][vc_row][vc_column width=&#8221;1\/3&#8243;][elx_image_block background_image=&#8221;2568&#8243; minimum_height=&#8221;420px&#8221;][\/vc_column][vc_column width=&#8221;2\/3&#8243;][vc_row_inner css=&#8221;.vc_custom_1484574766001{margin-left: 0px !important;border-left-width: 0px !important;padding-left: 0px !important;}&#8221;][vc_column_inner width=&#8221;1\/2&#8243; css=&#8221;.vc_custom_1484574783915{margin-left: 0px !important;border-left-width: 0px !important;padding-left: 0px !important;}&#8221;][vc_column_text] Higiene garantida Electrolux Hygiene Watchdog (HW) garante [&hellip;]<\/p>\n","protected":false},"author":23,"featured_media":5114,"parent":0,"menu_order":0,"comment_status":"closed","ping_status":"closed","template":"","meta":{"footnotes":""},"class_list":["post-3631","page","type-page","status-publish","has-post-thumbnail","hentry"],"acf":[],"yoast_head":"<!-- This site is optimized with the Yoast SEO plugin v23.3 - https:\/\/yoast.com\/wordpress\/plugins\/seo\/ -->\n<title>Lavadoras de barreira - Electrolux Professional Brasil<\/title>\n<meta name=\"robots\" content=\"index, follow, max-snippet:-1, max-image-preview:large, max-video-preview:-1\" \/>\n<link rel=\"canonical\" href=\"https:\/\/www.electroluxprofessional.com\/br\/lavadoras-de-barreira\/\" \/>\n<meta property=\"og:locale\" content=\"pt_BR\" \/>\n<meta property=\"og:type\" content=\"article\" \/>\n<meta property=\"og:title\" content=\"Lavadoras de barreira - Electrolux Professional Brasil\" \/>\n<meta property=\"og:description\" content=\"[vc_row full_width=&#8221;electroluxpro-full-width-no-padding&#8221;][vc_column][elx_hero_slider label_text_color=&#8221;inherit&#8221; images=&#8221;823&#8243;][elx_heading font_container=&#8221;h1&#8243; font_size=&#8221;h2&#8243; text_color=&#8221;inherit&#8221;]Lavadoras de Barreira[\/elx_heading][vc_column_text] Lavadoras de barreira Electrolux, equipamentos sanit\u00e1rios de confian\u00e7a [\/vc_column_text][\/elx_hero_slider][\/vc_column][\/vc_row][vc_row][vc_column][vc_empty_space][elx_heading text_color=&#8221;inherit&#8221;]A Excel\u00eancia que voc\u00ea precisa para a sua lavanderia de barreira[\/elx_heading][vc_empty_space][\/vc_column][\/vc_row][vc_row][vc_column width=&#8221;1\/3&#8243;][elx_image_block background_image=&#8221;2568&#8243; minimum_height=&#8221;420px&#8221;][\/vc_column][vc_column width=&#8221;2\/3&#8243;][vc_row_inner css=&#8221;.vc_custom_1484574766001{margin-left: 0px !important;border-left-width: 0px !important;padding-left: 0px !important;}&#8221;][vc_column_inner width=&#8221;1\/2&#8243; css=&#8221;.vc_custom_1484574783915{margin-left: 0px !important;border-left-width: 0px !important;padding-left: 0px !important;}&#8221;][vc_column_text] Higiene garantida Electrolux Hygiene Watchdog (HW) garante [&hellip;]\" \/>\n<meta property=\"og:url\" content=\"https:\/\/www.electroluxprofessional.com\/br\/lavadoras-de-barreira\/\" \/>\n<meta property=\"og:site_name\" content=\"Electrolux Professional Brasil\" \/>\n<meta property=\"article:modified_time\" content=\"2025-11-06T08:52:14+00:00\" \/>\n<meta property=\"og:image\" content=\"https:\/\/www.electroluxprofessional.com\/br\/wp-content\/uploads\/2018\/11\/Lavadoras1-1.jpg\" \/>\n\t<meta property=\"og:image:width\" content=\"552\" \/>\n\t<meta property=\"og:image:height\" content=\"497\" \/>\n\t<meta property=\"og:image:type\" content=\"image\/jpeg\" \/>\n<meta name=\"twitter:card\" content=\"summary_large_image\" \/>\n<meta name=\"twitter:label1\" content=\"Est. tempo de leitura\" \/>\n\t<meta name=\"twitter:data1\" content=\"3 minutos\" \/>\n<script type=\"application\/ld+json\" class=\"yoast-schema-graph\">{\"@context\":\"https:\/\/schema.org\",\"@graph\":[{\"@type\":\"WebPage\",\"@id\":\"https:\/\/www.electroluxprofessional.com\/br\/lavadoras-de-barreira\/\",\"url\":\"https:\/\/www.electroluxprofessional.com\/br\/lavadoras-de-barreira\/\",\"name\":\"Lavadoras de barreira - Electrolux Professional Brasil\",\"isPartOf\":{\"@id\":\"https:\/\/www.electroluxprofessional.com\/br\/#website\"},\"primaryImageOfPage\":{\"@id\":\"https:\/\/www.electroluxprofessional.com\/br\/lavadoras-de-barreira\/#primaryimage\"},\"image\":{\"@id\":\"https:\/\/www.electroluxprofessional.com\/br\/lavadoras-de-barreira\/#primaryimage\"},\"thumbnailUrl\":\"https:\/\/www.electroluxprofessional.com\/br\/wp-content\/uploads\/2018\/11\/Lavadoras1-1.jpg\",\"datePublished\":\"2017-03-29T11:25:01+00:00\",\"dateModified\":\"2025-11-06T08:52:14+00:00\",\"breadcrumb\":{\"@id\":\"https:\/\/www.electroluxprofessional.com\/br\/lavadoras-de-barreira\/#breadcrumb\"},\"inLanguage\":\"pt-BR\",\"potentialAction\":[{\"@type\":\"ReadAction\",\"target\":[\"https:\/\/www.electroluxprofessional.com\/br\/lavadoras-de-barreira\/\"]}]},{\"@type\":\"ImageObject\",\"inLanguage\":\"pt-BR\",\"@id\":\"https:\/\/www.electroluxprofessional.com\/br\/lavadoras-de-barreira\/#primaryimage\",\"url\":\"https:\/\/www.electroluxprofessional.com\/br\/wp-content\/uploads\/2018\/11\/Lavadoras1-1.jpg\",\"contentUrl\":\"https:\/\/www.electroluxprofessional.com\/br\/wp-content\/uploads\/2018\/11\/Lavadoras1-1.jpg\",\"width\":552,\"height\":497,\"caption\":\"Lavadoras\"},{\"@type\":\"BreadcrumbList\",\"@id\":\"https:\/\/www.electroluxprofessional.com\/br\/lavadoras-de-barreira\/#breadcrumb\",\"itemListElement\":[{\"@type\":\"ListItem\",\"position\":1,\"name\":\"Home\",\"item\":\"https:\/\/www.electroluxprofessional.com\/br\/\"},{\"@type\":\"ListItem\",\"position\":2,\"name\":\"Lavadoras de barreira\"}]},{\"@type\":\"WebSite\",\"@id\":\"https:\/\/www.electroluxprofessional.com\/br\/#website\",\"url\":\"https:\/\/www.electroluxprofessional.com\/br\/\",\"name\":\"Electrolux Professional Brasil\",\"description\":\"Equipamiento cocinas profesionales y lavander\u00edas comerciales. Excelencia en el suministro de soluciones profesionales.\",\"potentialAction\":[{\"@type\":\"SearchAction\",\"target\":{\"@type\":\"EntryPoint\",\"urlTemplate\":\"https:\/\/www.electroluxprofessional.com\/br\/?src={search_term_string}\"},\"query-input\":\"required name=search_term_string\"}],\"inLanguage\":\"pt-BR\"}]}<\/script>\n<!-- \/ Yoast SEO plugin. -->","yoast_head_json":{"title":"Lavadoras de barreira - Electrolux Professional Brasil","robots":{"index":"index","follow":"follow","max-snippet":"max-snippet:-1","max-image-preview":"max-image-preview:large","max-video-preview":"max-video-preview:-1"},"canonical":"https:\/\/www.electroluxprofessional.com\/br\/lavadoras-de-barreira\/","og_locale":"pt_BR","og_type":"article","og_title":"Lavadoras de barreira - Electrolux Professional Brasil","og_description":"[vc_row full_width=&#8221;electroluxpro-full-width-no-padding&#8221;][vc_column][elx_hero_slider label_text_color=&#8221;inherit&#8221; images=&#8221;823&#8243;][elx_heading font_container=&#8221;h1&#8243; font_size=&#8221;h2&#8243; text_color=&#8221;inherit&#8221;]Lavadoras de Barreira[\/elx_heading][vc_column_text] Lavadoras de barreira Electrolux, equipamentos sanit\u00e1rios de confian\u00e7a [\/vc_column_text][\/elx_hero_slider][\/vc_column][\/vc_row][vc_row][vc_column][vc_empty_space][elx_heading text_color=&#8221;inherit&#8221;]A Excel\u00eancia que voc\u00ea precisa para a sua lavanderia de barreira[\/elx_heading][vc_empty_space][\/vc_column][\/vc_row][vc_row][vc_column width=&#8221;1\/3&#8243;][elx_image_block background_image=&#8221;2568&#8243; minimum_height=&#8221;420px&#8221;][\/vc_column][vc_column width=&#8221;2\/3&#8243;][vc_row_inner css=&#8221;.vc_custom_1484574766001{margin-left: 0px !important;border-left-width: 0px !important;padding-left: 0px !important;}&#8221;][vc_column_inner width=&#8221;1\/2&#8243; css=&#8221;.vc_custom_1484574783915{margin-left: 0px !important;border-left-width: 0px !important;padding-left: 0px !important;}&#8221;][vc_column_text] Higiene garantida Electrolux Hygiene Watchdog (HW) garante [&hellip;]","og_url":"https:\/\/www.electroluxprofessional.com\/br\/lavadoras-de-barreira\/","og_site_name":"Electrolux Professional Brasil","article_modified_time":"2025-11-06T08:52:14+00:00","og_image":[{"width":552,"height":497,"url":"https:\/\/www.electroluxprofessional.com\/br\/wp-content\/uploads\/2018\/11\/Lavadoras1-1.jpg","type":"image\/jpeg"}],"twitter_card":"summary_large_image","twitter_misc":{"Est. tempo de leitura":"3 minutos"},"schema":{"@context":"https:\/\/schema.org","@graph":[{"@type":"WebPage","@id":"https:\/\/www.electroluxprofessional.com\/br\/lavadoras-de-barreira\/","url":"https:\/\/www.electroluxprofessional.com\/br\/lavadoras-de-barreira\/","name":"Lavadoras de barreira - Electrolux Professional Brasil","isPartOf":{"@id":"https:\/\/www.electroluxprofessional.com\/br\/#website"},"primaryImageOfPage":{"@id":"https:\/\/www.electroluxprofessional.com\/br\/lavadoras-de-barreira\/#primaryimage"},"image":{"@id":"https:\/\/www.electroluxprofessional.com\/br\/lavadoras-de-barreira\/#primaryimage"},"thumbnailUrl":"https:\/\/www.electroluxprofessional.com\/br\/wp-content\/uploads\/2018\/11\/Lavadoras1-1.jpg","datePublished":"2017-03-29T11:25:01+00:00","dateModified":"2025-11-06T08:52:14+00:00","breadcrumb":{"@id":"https:\/\/www.electroluxprofessional.com\/br\/lavadoras-de-barreira\/#breadcrumb"},"inLanguage":"pt-BR","potentialAction":[{"@type":"ReadAction","target":["https:\/\/www.electroluxprofessional.com\/br\/lavadoras-de-barreira\/"]}]},{"@type":"ImageObject","inLanguage":"pt-BR","@id":"https:\/\/www.electroluxprofessional.com\/br\/lavadoras-de-barreira\/#primaryimage","url":"https:\/\/www.electroluxprofessional.com\/br\/wp-content\/uploads\/2018\/11\/Lavadoras1-1.jpg","contentUrl":"https:\/\/www.electroluxprofessional.com\/br\/wp-content\/uploads\/2018\/11\/Lavadoras1-1.jpg","width":552,"height":497,"caption":"Lavadoras"},{"@type":"BreadcrumbList","@id":"https:\/\/www.electroluxprofessional.com\/br\/lavadoras-de-barreira\/#breadcrumb","itemListElement":[{"@type":"ListItem","position":1,"name":"Home","item":"https:\/\/www.electroluxprofessional.com\/br\/"},{"@type":"ListItem","position":2,"name":"Lavadoras de barreira"}]},{"@type":"WebSite","@id":"https:\/\/www.electroluxprofessional.com\/br\/#website","url":"https:\/\/www.electroluxprofessional.com\/br\/","name":"Electrolux Professional Brasil","description":"Equipamiento cocinas profesionales y lavander\u00edas comerciales. Excelencia en el suministro de soluciones profesionales.","potentialAction":[{"@type":"SearchAction","target":{"@type":"EntryPoint","urlTemplate":"https:\/\/www.electroluxprofessional.com\/br\/?src={search_term_string}"},"query-input":"required name=search_term_string"}],"inLanguage":"pt-BR"}]}},"_links":{"self":[{"href":"https:\/\/www.electroluxprofessional.com\/br\/wp-json\/wp\/v2\/pages\/3631"}],"collection":[{"href":"https:\/\/www.electroluxprofessional.com\/br\/wp-json\/wp\/v2\/pages"}],"about":[{"href":"https:\/\/www.electroluxprofessional.com\/br\/wp-json\/wp\/v2\/types\/page"}],"author":[{"embeddable":true,"href":"https:\/\/www.electroluxprofessional.com\/br\/wp-json\/wp\/v2\/users\/23"}],"replies":[{"embeddable":true,"href":"https:\/\/www.electroluxprofessional.com\/br\/wp-json\/wp\/v2\/comments?post=3631"}],"version-history":[{"count":20,"href":"https:\/\/www.electroluxprofessional.com\/br\/wp-json\/wp\/v2\/pages\/3631\/revisions"}],"predecessor-version":[{"id":6679,"href":"https:\/\/www.electroluxprofessional.com\/br\/wp-json\/wp\/v2\/pages\/3631\/revisions\/6679"}],"wp:featuredmedia":[{"embeddable":true,"href":"https:\/\/www.electroluxprofessional.com\/br\/wp-json\/wp\/v2\/media\/5114"}],"wp:attachment":[{"href":"https:\/\/www.electroluxprofessional.com\/br\/wp-json\/wp\/v2\/media?parent=3631"}],"curies":[{"name":"wp","href":"https:\/\/api.w.org\/{rel}","templated":true}]}}