{"id":3403,"date":"2017-03-23T10:31:41","date_gmt":"2017-03-23T10:31:41","guid":{"rendered":"https:\/\/www.electroluxprofessional.com\/br\/?page_id=3403"},"modified":"2025-11-05T16:54:43","modified_gmt":"2025-11-05T16:54:43","slug":"lava-loucas-de-capota","status":"publish","type":"page","link":"https:\/\/www.electroluxprofessional.com\/br\/lava-loucas-de-capota\/","title":{"rendered":"Lava-lou\u00e7as de capota"},"content":{"rendered":"<p>[vc_row full_width=&#8221;electroluxpro-full-width-no-padding&#8221;][vc_column][elx_hero_slider label_text_color=&#8221;inherit&#8221; images=&#8221;677&#8243;][elx_heading font_container=&#8221;h1&#8243; font_size=&#8221;h2&#8243; text_color=&#8221;inherit&#8221;]<\/p>\n<h2>lava-lou\u00e7as de capota Green&amp;clean<\/h2>\n<h2><\/h2>\n<p>[\/elx_heading][vc_column_text]<\/p>\n<h3>economize at\u00e9<\/h3>\n<h3>R$4000 por ano*<\/h3>\n<p>[\/vc_column_text][\/elx_hero_slider][\/vc_column][\/vc_row][vc_row][vc_column][vc_empty_space][elx_heading text_color=&#8221;inherit&#8221; text_align=&#8221;text-center&#8221;]Green&amp;Clean sempre com algum extra.<br \/>\n[\/elx_heading][vc_empty_space height=&#8221;50px&#8221;][\/vc_column][\/vc_row][vc_row][vc_column width=&#8221;1\/2&#8243;][elx_heading font_container=&#8221;h1&#8243; font_size=&#8221;h2&#8243; text_color=&#8221;inherit&#8221;]Lava-lou\u00e7as de Capota Green&amp;Clean[\/elx_heading][vc_column_text]Efici\u00eancia, Simplicidade, Desempenho.<\/p>\n<p>Tudo o que voc\u00ea pede de uma m\u00e1quina, a Electrolux pode oferecer a voc\u00ea. Sempre com algum extra: efici\u00eancia com m\u00e1xima confiabilidade; facilidade de uso com a tecnologia mais inovadora; desempenho superior combinado com economia de energia, \u00e1gua e detergente.<\/p>\n<p>Nossa especializa\u00e7\u00e3o em lavagem de lou\u00e7a \u00e9 um longo caminho, a experi\u00eancia \u00e9 a chave para alcan\u00e7ar a excel\u00eancia. Ouvir \u00e9 a nossa for\u00e7a: na Electrolux estamos acostumados a ouvir nossos clientes, para antecipar suas necessidades para satisfazer seus pedidos sem hesita\u00e7\u00e3o.[\/vc_column_text][\/vc_column][vc_column width=&#8221;1\/2&#8243;][vc_single_image image=&#8221;675&#8243; img_size=&#8221;full&#8221; alignment=&#8221;center&#8221;][\/vc_column][\/vc_row][vc_row][vc_column][vc_empty_space height=&#8221;50px&#8221;][\/vc_column][\/vc_row][vc_row][vc_column width=&#8221;1\/4&#8243;][vc_single_image image=&#8221;683&#8243; img_size=&#8221;full&#8221; alignment=&#8221;center&#8221;][elx_heading font_size=&#8221;h4&#8243; text_color=&#8221;inherit&#8221; text_align=&#8221;text-center&#8221;]Green[\/elx_heading][vc_column_text]Menor consumo de \u00e1gua, energia, detergente e\u00a0secante para reduzir custos operacionais e o impacto ambiental.[\/vc_column_text][\/vc_column][vc_column width=&#8221;1\/4&#8243;][vc_single_image image=&#8221;2489&#8243; img_size=&#8221;full&#8221; alignment=&#8221;center&#8221;][elx_heading font_size=&#8221;h4&#8243; text_color=&#8221;inherit&#8221; text_align=&#8221;text-center&#8221;]Clean[\/elx_heading][vc_column_text]O melhor desempenho de lavagem e enxague\u00a0da categoria com remo\u00e7\u00e3o total de detergente.[\/vc_column_text][\/vc_column][vc_column width=&#8221;1\/4&#8243;][vc_single_image image=&#8221;2490&#8243; img_size=&#8221;full&#8221; alignment=&#8221;center&#8221;][elx_heading font_size=&#8221;h4&#8243; text_color=&#8221;inherit&#8221; text_align=&#8221;text-center&#8221;]Safe[\/elx_heading][vc_column_text]Dispositivo\u00a0exclusivo\u00a0WASH\u00b7SAFE CONTROL para uma temperatura nominal constante de 84 \u00b0C.[\/vc_column_text][\/vc_column][vc_column width=&#8221;1\/4&#8243;][vc_single_image image=&#8221;976&#8243; alignment=&#8221;center&#8221;][elx_heading font_size=&#8221;h4&#8243; text_color=&#8221;inherit&#8221; text_align=&#8221;text-center&#8221;]Easy[\/elx_heading][vc_column_text]Opera\u00e7\u00e3o e manuten\u00e7\u00e3o sem preocupa\u00e7\u00f5es.[\/vc_column_text][\/vc_column][\/vc_row][vc_row][vc_column][vc_empty_space height=&#8221;25px&#8221;][vc_single_image image=&#8221;3279&#8243; img_size=&#8221;full&#8221;][vc_empty_space height=&#8221;18px&#8221;][vc_column_text]<em>* Economias obtidas como resultado de c\u00e1lculos realizados pela Electrolux Professional LAB, certificada pela IMQ e INTERTEK. Compara\u00e7\u00e3o feita entre uma m\u00e1quina de lavar lou\u00e7a\u00a0Green &amp; Clean\u00a0e uma m\u00e1quina equivalente convencional usando 3 l\/ciclo para enxaguar, 100 ciclos\/dia, 300 dias \u00fateis\/ano e \u00e1gua entrante a uma temperatura de 10 \u00b0 C.<\/em>[\/vc_column_text][vc_empty_space][\/vc_column][\/vc_row][vc_row][vc_column width=&#8221;1\/3&#8243;][elx_video_block background_image=&#8221;482&#8243; video_link=&#8221;https:\/\/www.youtube.com\/watch?v=sXEMOOS6h4g&#8221; minimum_height=&#8221;260px&#8221;][\/vc_column][vc_column width=&#8221;1\/3&#8243;][elx_download_block text=&#8221;Lava-lou\u00e7as de Capota Green&amp;Clean Cat\u00e1logo &#8221; link=&#8221;files.professional.electrolux.com\/docs\/?n=BR-9JEHC&amp;t=BR&amp;l=4&#8243; background_color=&#8221;orange&#8221; reveal_effect=&#8221;fadeIn&#8221; reveal_duration=&#8221;&#8221; reveal_delay=&#8221;&#8221;][\/vc_column][vc_column width=&#8221;1\/3&#8243;][elx_download_block text=&#8221;Tratamento de \u00e1gua&#8221; link=&#8221;files.professional.electrolux.com\/docs\/?n=CLF-9JER12&amp;b=5&amp;l=4&#8243; background_color=&#8221;orange&#8221; reveal_effect=&#8221;&#8221; reveal_duration=&#8221;&#8221; reveal_delay=&#8221;&#8221;][\/vc_column][\/vc_row][vc_row][vc_column][vc_empty_space][elx_heading font_container=&#8221;h3&#8243; text_color=&#8221;inherit&#8221; text_align=&#8221;text-center&#8221;]Resultados brilhantes e o melhor rendimento[\/elx_heading][vc_empty_space][\/vc_column][\/vc_row][vc_row][vc_column width=&#8221;1\/2&#8243;][elx_image_block background_image=&#8221;1283&#8243; minimum_height=&#8221;500px&#8221;][\/vc_column][vc_column width=&#8221;1\/2&#8243;][vc_empty_space][vc_single_image image=&#8221;808&#8243; img_size=&#8221;full&#8221;][vc_column_text]<\/p>\n<div class=\"wpb_text_column wpb_content_element \">\n<div class=\"\">\n<h4>Detergentes l\u00edquidos desinfectantes<\/h4>\n<p>Para uma lou\u00e7a brilhante, detergentes que eliminam completamente as gotas e manchas, deixando-a perfeitamente limpa e seca. F\u00f3rmula espec\u00edfica que evita a forma\u00e7\u00e3o de lima.<\/p>\n<\/div>\n<\/div>\n<p>[\/vc_column_text][\/vc_column][\/vc_row][vc_row][vc_column][vc_empty_space height=&#8221;50px&#8221;][elx_heading text_color=&#8221;inherit&#8221; text_align=&#8221;text-center&#8221;]Descubra o que as Lava-lou\u00e7as de Capota podem fazer pelo seu neg\u00f3cio[\/elx_heading][elx_o2000_contact_us r=&#8221;Gostaria de ter mais informa\u00e7\u00f5es sobre a m\u00e1quina de lavar lou\u00e7a de capota, por favor, entre em contato comigo.&#8221; s=&#8221;Pedido de informa\u00e7\u00f5es sobre a m\u00e1quina de lavar lou\u00e7a&#8221; e=&#8221;ronaldo.portella@electrolux.com&#8221; country=&#8221;Brazil&#8221; l=&#8221;pt&#8221; container=&#8221;elxcontactus1466429748&#8243;][vc_empty_space height=&#8221;50px&#8221;][\/vc_column][\/vc_row]<\/p>\n","protected":false},"excerpt":{"rendered":"<p>[vc_row full_width=&#8221;electroluxpro-full-width-no-padding&#8221;][vc_column][elx_hero_slider label_text_color=&#8221;inherit&#8221; images=&#8221;677&#8243;][elx_heading font_container=&#8221;h1&#8243; font_size=&#8221;h2&#8243; text_color=&#8221;inherit&#8221;] lava-lou\u00e7as de capota Green&amp;clean [\/elx_heading][vc_column_text] economize at\u00e9 R$4000 por ano* [\/vc_column_text][\/elx_hero_slider][\/vc_column][\/vc_row][vc_row][vc_column][vc_empty_space][elx_heading text_color=&#8221;inherit&#8221; text_align=&#8221;text-center&#8221;]Green&amp;Clean sempre com algum extra. [\/elx_heading][vc_empty_space height=&#8221;50px&#8221;][\/vc_column][\/vc_row][vc_row][vc_column width=&#8221;1\/2&#8243;][elx_heading font_container=&#8221;h1&#8243; font_size=&#8221;h2&#8243; text_color=&#8221;inherit&#8221;]Lava-lou\u00e7as de Capota Green&amp;Clean[\/elx_heading][vc_column_text]Efici\u00eancia, Simplicidade, Desempenho. Tudo o que voc\u00ea pede de uma m\u00e1quina, a Electrolux pode oferecer a voc\u00ea. Sempre com algum extra: efici\u00eancia com [&hellip;]<\/p>\n","protected":false},"author":23,"featured_media":0,"parent":0,"menu_order":0,"comment_status":"closed","ping_status":"closed","template":"","meta":{"footnotes":""},"class_list":["post-3403","page","type-page","status-publish","hentry"],"acf":[],"yoast_head":"<!-- This site is optimized with the Yoast SEO plugin v23.3 - https:\/\/yoast.com\/wordpress\/plugins\/seo\/ -->\n<title>Lava-lou\u00e7as de capota - Electrolux Professional Brasil<\/title>\n<meta name=\"robots\" content=\"index, follow, max-snippet:-1, max-image-preview:large, max-video-preview:-1\" \/>\n<link rel=\"canonical\" href=\"https:\/\/www.electroluxprofessional.com\/br\/lava-loucas-de-capota\/\" \/>\n<meta property=\"og:locale\" content=\"pt_BR\" \/>\n<meta property=\"og:type\" content=\"article\" \/>\n<meta property=\"og:title\" content=\"Lava-lou\u00e7as de capota - Electrolux Professional Brasil\" \/>\n<meta property=\"og:description\" content=\"[vc_row full_width=&#8221;electroluxpro-full-width-no-padding&#8221;][vc_column][elx_hero_slider label_text_color=&#8221;inherit&#8221; images=&#8221;677&#8243;][elx_heading font_container=&#8221;h1&#8243; font_size=&#8221;h2&#8243; text_color=&#8221;inherit&#8221;] lava-lou\u00e7as de capota Green&amp;clean [\/elx_heading][vc_column_text] economize at\u00e9 R$4000 por ano* [\/vc_column_text][\/elx_hero_slider][\/vc_column][\/vc_row][vc_row][vc_column][vc_empty_space][elx_heading text_color=&#8221;inherit&#8221; text_align=&#8221;text-center&#8221;]Green&amp;Clean sempre com algum extra. [\/elx_heading][vc_empty_space height=&#8221;50px&#8221;][\/vc_column][\/vc_row][vc_row][vc_column width=&#8221;1\/2&#8243;][elx_heading font_container=&#8221;h1&#8243; font_size=&#8221;h2&#8243; text_color=&#8221;inherit&#8221;]Lava-lou\u00e7as de Capota Green&amp;Clean[\/elx_heading][vc_column_text]Efici\u00eancia, Simplicidade, Desempenho. Tudo o que voc\u00ea pede de uma m\u00e1quina, a Electrolux pode oferecer a voc\u00ea. Sempre com algum extra: efici\u00eancia com [&hellip;]\" \/>\n<meta property=\"og:url\" content=\"https:\/\/www.electroluxprofessional.com\/br\/lava-loucas-de-capota\/\" \/>\n<meta property=\"og:site_name\" content=\"Electrolux Professional Brasil\" \/>\n<meta property=\"article:modified_time\" content=\"2025-11-05T16:54:43+00:00\" \/>\n<meta name=\"twitter:card\" content=\"summary_large_image\" \/>\n<meta name=\"twitter:label1\" content=\"Est. tempo de leitura\" \/>\n\t<meta name=\"twitter:data1\" content=\"3 minutos\" \/>\n<script type=\"application\/ld+json\" class=\"yoast-schema-graph\">{\"@context\":\"https:\/\/schema.org\",\"@graph\":[{\"@type\":\"WebPage\",\"@id\":\"https:\/\/www.electroluxprofessional.com\/br\/lava-loucas-de-capota\/\",\"url\":\"https:\/\/www.electroluxprofessional.com\/br\/lava-loucas-de-capota\/\",\"name\":\"Lava-lou\u00e7as de capota - Electrolux Professional Brasil\",\"isPartOf\":{\"@id\":\"https:\/\/www.electroluxprofessional.com\/br\/#website\"},\"datePublished\":\"2017-03-23T10:31:41+00:00\",\"dateModified\":\"2025-11-05T16:54:43+00:00\",\"breadcrumb\":{\"@id\":\"https:\/\/www.electroluxprofessional.com\/br\/lava-loucas-de-capota\/#breadcrumb\"},\"inLanguage\":\"pt-BR\",\"potentialAction\":[{\"@type\":\"ReadAction\",\"target\":[\"https:\/\/www.electroluxprofessional.com\/br\/lava-loucas-de-capota\/\"]}]},{\"@type\":\"BreadcrumbList\",\"@id\":\"https:\/\/www.electroluxprofessional.com\/br\/lava-loucas-de-capota\/#breadcrumb\",\"itemListElement\":[{\"@type\":\"ListItem\",\"position\":1,\"name\":\"Home\",\"item\":\"https:\/\/www.electroluxprofessional.com\/br\/\"},{\"@type\":\"ListItem\",\"position\":2,\"name\":\"Lava-lou\u00e7as de capota\"}]},{\"@type\":\"WebSite\",\"@id\":\"https:\/\/www.electroluxprofessional.com\/br\/#website\",\"url\":\"https:\/\/www.electroluxprofessional.com\/br\/\",\"name\":\"Electrolux Professional Brasil\",\"description\":\"Equipamiento cocinas profesionales y lavander\u00edas comerciales. Excelencia en el suministro de soluciones profesionales.\",\"potentialAction\":[{\"@type\":\"SearchAction\",\"target\":{\"@type\":\"EntryPoint\",\"urlTemplate\":\"https:\/\/www.electroluxprofessional.com\/br\/?src={search_term_string}\"},\"query-input\":\"required name=search_term_string\"}],\"inLanguage\":\"pt-BR\"}]}<\/script>\n<!-- \/ Yoast SEO plugin. -->","yoast_head_json":{"title":"Lava-lou\u00e7as de capota - Electrolux Professional Brasil","robots":{"index":"index","follow":"follow","max-snippet":"max-snippet:-1","max-image-preview":"max-image-preview:large","max-video-preview":"max-video-preview:-1"},"canonical":"https:\/\/www.electroluxprofessional.com\/br\/lava-loucas-de-capota\/","og_locale":"pt_BR","og_type":"article","og_title":"Lava-lou\u00e7as de capota - Electrolux Professional Brasil","og_description":"[vc_row full_width=&#8221;electroluxpro-full-width-no-padding&#8221;][vc_column][elx_hero_slider label_text_color=&#8221;inherit&#8221; images=&#8221;677&#8243;][elx_heading font_container=&#8221;h1&#8243; font_size=&#8221;h2&#8243; text_color=&#8221;inherit&#8221;] lava-lou\u00e7as de capota Green&amp;clean [\/elx_heading][vc_column_text] economize at\u00e9 R$4000 por ano* [\/vc_column_text][\/elx_hero_slider][\/vc_column][\/vc_row][vc_row][vc_column][vc_empty_space][elx_heading text_color=&#8221;inherit&#8221; text_align=&#8221;text-center&#8221;]Green&amp;Clean sempre com algum extra. [\/elx_heading][vc_empty_space height=&#8221;50px&#8221;][\/vc_column][\/vc_row][vc_row][vc_column width=&#8221;1\/2&#8243;][elx_heading font_container=&#8221;h1&#8243; font_size=&#8221;h2&#8243; text_color=&#8221;inherit&#8221;]Lava-lou\u00e7as de Capota Green&amp;Clean[\/elx_heading][vc_column_text]Efici\u00eancia, Simplicidade, Desempenho. Tudo o que voc\u00ea pede de uma m\u00e1quina, a Electrolux pode oferecer a voc\u00ea. Sempre com algum extra: efici\u00eancia com [&hellip;]","og_url":"https:\/\/www.electroluxprofessional.com\/br\/lava-loucas-de-capota\/","og_site_name":"Electrolux Professional Brasil","article_modified_time":"2025-11-05T16:54:43+00:00","twitter_card":"summary_large_image","twitter_misc":{"Est. tempo de leitura":"3 minutos"},"schema":{"@context":"https:\/\/schema.org","@graph":[{"@type":"WebPage","@id":"https:\/\/www.electroluxprofessional.com\/br\/lava-loucas-de-capota\/","url":"https:\/\/www.electroluxprofessional.com\/br\/lava-loucas-de-capota\/","name":"Lava-lou\u00e7as de capota - Electrolux Professional Brasil","isPartOf":{"@id":"https:\/\/www.electroluxprofessional.com\/br\/#website"},"datePublished":"2017-03-23T10:31:41+00:00","dateModified":"2025-11-05T16:54:43+00:00","breadcrumb":{"@id":"https:\/\/www.electroluxprofessional.com\/br\/lava-loucas-de-capota\/#breadcrumb"},"inLanguage":"pt-BR","potentialAction":[{"@type":"ReadAction","target":["https:\/\/www.electroluxprofessional.com\/br\/lava-loucas-de-capota\/"]}]},{"@type":"BreadcrumbList","@id":"https:\/\/www.electroluxprofessional.com\/br\/lava-loucas-de-capota\/#breadcrumb","itemListElement":[{"@type":"ListItem","position":1,"name":"Home","item":"https:\/\/www.electroluxprofessional.com\/br\/"},{"@type":"ListItem","position":2,"name":"Lava-lou\u00e7as de capota"}]},{"@type":"WebSite","@id":"https:\/\/www.electroluxprofessional.com\/br\/#website","url":"https:\/\/www.electroluxprofessional.com\/br\/","name":"Electrolux Professional Brasil","description":"Equipamiento cocinas profesionales y lavander\u00edas comerciales. Excelencia en el suministro de soluciones profesionales.","potentialAction":[{"@type":"SearchAction","target":{"@type":"EntryPoint","urlTemplate":"https:\/\/www.electroluxprofessional.com\/br\/?src={search_term_string}"},"query-input":"required name=search_term_string"}],"inLanguage":"pt-BR"}]}},"_links":{"self":[{"href":"https:\/\/www.electroluxprofessional.com\/br\/wp-json\/wp\/v2\/pages\/3403"}],"collection":[{"href":"https:\/\/www.electroluxprofessional.com\/br\/wp-json\/wp\/v2\/pages"}],"about":[{"href":"https:\/\/www.electroluxprofessional.com\/br\/wp-json\/wp\/v2\/types\/page"}],"author":[{"embeddable":true,"href":"https:\/\/www.electroluxprofessional.com\/br\/wp-json\/wp\/v2\/users\/23"}],"replies":[{"embeddable":true,"href":"https:\/\/www.electroluxprofessional.com\/br\/wp-json\/wp\/v2\/comments?post=3403"}],"version-history":[{"count":9,"href":"https:\/\/www.electroluxprofessional.com\/br\/wp-json\/wp\/v2\/pages\/3403\/revisions"}],"predecessor-version":[{"id":6670,"href":"https:\/\/www.electroluxprofessional.com\/br\/wp-json\/wp\/v2\/pages\/3403\/revisions\/6670"}],"wp:attachment":[{"href":"https:\/\/www.electroluxprofessional.com\/br\/wp-json\/wp\/v2\/media?parent=3403"}],"curies":[{"name":"wp","href":"https:\/\/api.w.org\/{rel}","templated":true}]}}