{"id":3324,"date":"2017-03-16T15:04:02","date_gmt":"2017-03-16T15:04:02","guid":{"rendered":"https:\/\/www.electroluxprofessional.com\/br\/?page_id=3324"},"modified":"2024-07-01T12:10:17","modified_gmt":"2024-07-01T12:10:17","slug":"lavagem-louca","status":"publish","type":"page","link":"https:\/\/www.electroluxprofessional.com\/br\/lavagem-louca\/","title":{"rendered":"Lavagem de lou\u00e7a"},"content":{"rendered":"<p>[vc_row full_width=&#8221;electroluxpro-full-width-no-padding&#8221;][vc_column][elx_hero_slider label_text_color=&#8221;inherit&#8221; images=&#8221;1284&#8243;][elx_heading font_container=&#8221;h1&#8243; font_size=&#8221;h2&#8243; text_color=&#8221;inherit&#8221;]Lavagem de Lou\u00e7a[\/elx_heading][elx_heading font_size=&#8221;h3&#8243; text_color=&#8221;inherit&#8221;]Limpeza acima de tudo[\/elx_heading][\/elx_hero_slider][\/vc_column][\/vc_row][vc_row][vc_column][vc_empty_space][\/vc_column][\/vc_row][vc_row][vc_column width=&#8221;2\/3&#8243;][elx_heading font_size=&#8221;h4&#8243; text_color=&#8221;inherit&#8221;]Os equipamentos de lavar lou\u00e7a Electrolux proporcionam lavagem e enx\u00e1gue inigual\u00e1veis.[\/elx_heading][vc_empty_space height=&#8221;20px&#8221;][vc_column_text]A linha de produtos oferece lavadoras de copos, lava-lou\u00e7as de bancada, de capota, lavadoras de utens\u00edlios, lava-lou\u00e7as de cesto e de esteira para satisfazer qualquer necessidade.<\/p>\n<p>Al\u00e9m disso, a Electrolux oferece uma gama de <strong>acess\u00f3rios, elementos de manipula\u00e7\u00e3o e um sistema de gerenciamento de res\u00edduos<\/strong> para criar um ambiente de lavagem ergon\u00f4mico e amig\u00e1vel.<br \/>\nA maioria de nossos produtos s\u00e3o recicl\u00e1veis em 98% do seu peso.[\/vc_column_text][vc_row_inner disable_element=&#8221;yes&#8221;][vc_column_inner width=&#8221;1\/2&#8243; css=&#8221;.vc_custom_1484572391278{margin-left: 0px !important;border-left-width: 0px !important;padding-left: 0px !important;}&#8221;][vc_column_text css=&#8221;.vc_custom_1494344103676{margin-bottom: 5px !important;border-bottom-width: 5px !important;padding-bottom: 5px !important;}&#8221;]Para unas copas brillantes, estos\u00a0<strong>detergentes eliminan completamente las manchas y las gotas,\u00a0<\/strong>dejando todo perfectamente seco y limpio. Gracias a una f\u00f3rmula espec\u00edfica se evita la formaci\u00f3n de cal.[\/vc_column_text][\/vc_column_inner][vc_column_inner width=&#8221;1\/2&#8243;][vc_single_image image=&#8221;808&#8243; img_size=&#8221;full&#8221; onclick=&#8221;custom_link&#8221; link=&#8221;https:\/\/www.electroluxprofessional.com\/accessories-consumables\/accessories-consumables-dishwashing-equipment\/&#8221;][\/vc_column_inner][\/vc_row_inner][\/vc_column][vc_column width=&#8221;1\/3&#8243;][elx_image_block background_image=&#8221;2608&#8243; minimum_height=&#8221;500px&#8221;][\/vc_column][\/vc_row][vc_row][vc_column][vc_empty_space height=&#8221;50px&#8221;][\/vc_column][\/vc_row][vc_row][vc_column width=&#8221;1\/3&#8243;][elx_maylike_box id_box=&#8221;2610&#8243;][\/vc_column][vc_column width=&#8221;1\/3&#8243;][elx_maylike_box id_box=&#8221;483&#8243;][\/vc_column][vc_column width=&#8221;1\/3&#8243;][elx_maylike_box id_box=&#8221;2612&#8243;][\/vc_column][\/vc_row][vc_row][vc_column][vc_empty_space height=&#8221;50px&#8221;][elx_heading text_color=&#8221;inherit&#8221; text_align=&#8221;text-center&#8221;]Descubra o que nossas m\u00e1quinas de lavar lou\u00e7a podem fazer pelo seu neg\u00f3cio[\/elx_heading][elx_o2000_contact_us s=&#8221;Solicita\u00e7\u00e3o de informa\u00e7\u00f5es sobre equipamentos de lavagem de lou\u00e7a&#8221; country=&#8221;Brazil&#8221; container=&#8221;elxcontactus1479283732&#8243; r=&#8221;Gostaria de saber mais sobre os equipamentos de lavar lou\u00e7a. Por favor, entre em contato comigo.&#8221; e=&#8221;ronaldo.portella@electrolux.com&#8221; l=&#8221;pt&#8221;][\/vc_column][\/vc_row][vc_row][vc_column][vc_empty_space height=&#8221;50px&#8221;][elx_heading font_size=&#8221;h3&#8243; text_color=&#8221;inherit&#8221; text_align=&#8221;text-center&#8221;]Encontre sua solu\u00e7\u00e3o completa[\/elx_heading][\/vc_column][\/vc_row][vc_row][vc_column width=&#8221;1\/3&#8243;][elx_maylike_box id_box=&#8221;1277&#8243;][\/vc_column][vc_column width=&#8221;1\/3&#8243;][elx_maylike_box id_box=&#8221;337&#8243;][\/vc_column][vc_column width=&#8221;1\/3&#8243;][elx_maylike_box id_box=&#8221;740&#8243;][\/vc_column][\/vc_row]<\/p>\n","protected":false},"excerpt":{"rendered":"<p>[vc_row full_width=&#8221;electroluxpro-full-width-no-padding&#8221;][vc_column][elx_hero_slider label_text_color=&#8221;inherit&#8221; images=&#8221;1284&#8243;][elx_heading font_container=&#8221;h1&#8243; font_size=&#8221;h2&#8243; text_color=&#8221;inherit&#8221;]Lavagem de Lou\u00e7a[\/elx_heading][elx_heading font_size=&#8221;h3&#8243; text_color=&#8221;inherit&#8221;]Limpeza acima de tudo[\/elx_heading][\/elx_hero_slider][\/vc_column][\/vc_row][vc_row][vc_column][vc_empty_space][\/vc_column][\/vc_row][vc_row][vc_column width=&#8221;2\/3&#8243;][elx_heading font_size=&#8221;h4&#8243; text_color=&#8221;inherit&#8221;]Os equipamentos de lavar lou\u00e7a Electrolux proporcionam lavagem e enx\u00e1gue inigual\u00e1veis.[\/elx_heading][vc_empty_space height=&#8221;20px&#8221;][vc_column_text]A linha de produtos oferece lavadoras de copos, lava-lou\u00e7as de bancada, de capota, lavadoras de utens\u00edlios, lava-lou\u00e7as de cesto e de esteira para satisfazer qualquer necessidade. Al\u00e9m disso, [&hellip;]<\/p>\n","protected":false},"author":23,"featured_media":5116,"parent":0,"menu_order":0,"comment_status":"closed","ping_status":"closed","template":"","meta":{"footnotes":""},"class_list":["post-3324","page","type-page","status-publish","has-post-thumbnail","hentry"],"acf":[],"yoast_head":"<!-- This site is optimized with the Yoast SEO plugin v23.3 - https:\/\/yoast.com\/wordpress\/plugins\/seo\/ -->\n<title>Lavagem de lou\u00e7a - Electrolux Professional Brasil<\/title>\n<meta name=\"robots\" content=\"index, follow, max-snippet:-1, max-image-preview:large, max-video-preview:-1\" \/>\n<link rel=\"canonical\" href=\"https:\/\/www.electroluxprofessional.com\/br\/lavagem-louca\/\" \/>\n<meta property=\"og:locale\" content=\"pt_BR\" \/>\n<meta property=\"og:type\" content=\"article\" \/>\n<meta property=\"og:title\" content=\"Lavagem de lou\u00e7a - Electrolux Professional Brasil\" \/>\n<meta property=\"og:description\" content=\"[vc_row full_width=&#8221;electroluxpro-full-width-no-padding&#8221;][vc_column][elx_hero_slider label_text_color=&#8221;inherit&#8221; images=&#8221;1284&#8243;][elx_heading font_container=&#8221;h1&#8243; font_size=&#8221;h2&#8243; text_color=&#8221;inherit&#8221;]Lavagem de Lou\u00e7a[\/elx_heading][elx_heading font_size=&#8221;h3&#8243; text_color=&#8221;inherit&#8221;]Limpeza acima de tudo[\/elx_heading][\/elx_hero_slider][\/vc_column][\/vc_row][vc_row][vc_column][vc_empty_space][\/vc_column][\/vc_row][vc_row][vc_column width=&#8221;2\/3&#8243;][elx_heading font_size=&#8221;h4&#8243; text_color=&#8221;inherit&#8221;]Os equipamentos de lavar lou\u00e7a Electrolux proporcionam lavagem e enx\u00e1gue inigual\u00e1veis.[\/elx_heading][vc_empty_space height=&#8221;20px&#8221;][vc_column_text]A linha de produtos oferece lavadoras de copos, lava-lou\u00e7as de bancada, de capota, lavadoras de utens\u00edlios, lava-lou\u00e7as de cesto e de esteira para satisfazer qualquer necessidade. Al\u00e9m disso, [&hellip;]\" \/>\n<meta property=\"og:url\" content=\"https:\/\/www.electroluxprofessional.com\/br\/lavagem-louca\/\" \/>\n<meta property=\"og:site_name\" content=\"Electrolux Professional Brasil\" \/>\n<meta property=\"article:modified_time\" content=\"2024-07-01T12:10:17+00:00\" \/>\n<meta property=\"og:image\" content=\"https:\/\/www.electroluxprofessional.com\/br\/wp-content\/uploads\/2018\/11\/dishwasher.jpg\" \/>\n\t<meta property=\"og:image:width\" content=\"353\" \/>\n\t<meta property=\"og:image:height\" content=\"493\" \/>\n\t<meta property=\"og:image:type\" content=\"image\/jpeg\" \/>\n<meta name=\"twitter:card\" content=\"summary_large_image\" \/>\n<meta name=\"twitter:label1\" content=\"Est. tempo de leitura\" \/>\n\t<meta name=\"twitter:data1\" content=\"2 minutos\" \/>\n<script type=\"application\/ld+json\" class=\"yoast-schema-graph\">{\"@context\":\"https:\/\/schema.org\",\"@graph\":[{\"@type\":\"WebPage\",\"@id\":\"https:\/\/www.electroluxprofessional.com\/br\/lavagem-louca\/\",\"url\":\"https:\/\/www.electroluxprofessional.com\/br\/lavagem-louca\/\",\"name\":\"Lavagem de lou\u00e7a - Electrolux Professional Brasil\",\"isPartOf\":{\"@id\":\"https:\/\/www.electroluxprofessional.com\/br\/#website\"},\"primaryImageOfPage\":{\"@id\":\"https:\/\/www.electroluxprofessional.com\/br\/lavagem-louca\/#primaryimage\"},\"image\":{\"@id\":\"https:\/\/www.electroluxprofessional.com\/br\/lavagem-louca\/#primaryimage\"},\"thumbnailUrl\":\"https:\/\/www.electroluxprofessional.com\/br\/wp-content\/uploads\/2018\/11\/dishwasher.jpg\",\"datePublished\":\"2017-03-16T15:04:02+00:00\",\"dateModified\":\"2024-07-01T12:10:17+00:00\",\"breadcrumb\":{\"@id\":\"https:\/\/www.electroluxprofessional.com\/br\/lavagem-louca\/#breadcrumb\"},\"inLanguage\":\"pt-BR\",\"potentialAction\":[{\"@type\":\"ReadAction\",\"target\":[\"https:\/\/www.electroluxprofessional.com\/br\/lavagem-louca\/\"]}]},{\"@type\":\"ImageObject\",\"inLanguage\":\"pt-BR\",\"@id\":\"https:\/\/www.electroluxprofessional.com\/br\/lavagem-louca\/#primaryimage\",\"url\":\"https:\/\/www.electroluxprofessional.com\/br\/wp-content\/uploads\/2018\/11\/dishwasher.jpg\",\"contentUrl\":\"https:\/\/www.electroluxprofessional.com\/br\/wp-content\/uploads\/2018\/11\/dishwasher.jpg\",\"width\":353,\"height\":493,\"caption\":\"Lavagem de lou\u00e7a\"},{\"@type\":\"BreadcrumbList\",\"@id\":\"https:\/\/www.electroluxprofessional.com\/br\/lavagem-louca\/#breadcrumb\",\"itemListElement\":[{\"@type\":\"ListItem\",\"position\":1,\"name\":\"Home\",\"item\":\"https:\/\/www.electroluxprofessional.com\/br\/\"},{\"@type\":\"ListItem\",\"position\":2,\"name\":\"Lavagem de lou\u00e7a\"}]},{\"@type\":\"WebSite\",\"@id\":\"https:\/\/www.electroluxprofessional.com\/br\/#website\",\"url\":\"https:\/\/www.electroluxprofessional.com\/br\/\",\"name\":\"Electrolux Professional Brasil\",\"description\":\"Equipamiento cocinas profesionales y lavander\u00edas comerciales. Excelencia en el suministro de soluciones profesionales.\",\"potentialAction\":[{\"@type\":\"SearchAction\",\"target\":{\"@type\":\"EntryPoint\",\"urlTemplate\":\"https:\/\/www.electroluxprofessional.com\/br\/?src={search_term_string}\"},\"query-input\":\"required name=search_term_string\"}],\"inLanguage\":\"pt-BR\"}]}<\/script>\n<!-- \/ Yoast SEO plugin. -->","yoast_head_json":{"title":"Lavagem de lou\u00e7a - Electrolux Professional Brasil","robots":{"index":"index","follow":"follow","max-snippet":"max-snippet:-1","max-image-preview":"max-image-preview:large","max-video-preview":"max-video-preview:-1"},"canonical":"https:\/\/www.electroluxprofessional.com\/br\/lavagem-louca\/","og_locale":"pt_BR","og_type":"article","og_title":"Lavagem de lou\u00e7a - Electrolux Professional Brasil","og_description":"[vc_row full_width=&#8221;electroluxpro-full-width-no-padding&#8221;][vc_column][elx_hero_slider label_text_color=&#8221;inherit&#8221; images=&#8221;1284&#8243;][elx_heading font_container=&#8221;h1&#8243; font_size=&#8221;h2&#8243; text_color=&#8221;inherit&#8221;]Lavagem de Lou\u00e7a[\/elx_heading][elx_heading font_size=&#8221;h3&#8243; text_color=&#8221;inherit&#8221;]Limpeza acima de tudo[\/elx_heading][\/elx_hero_slider][\/vc_column][\/vc_row][vc_row][vc_column][vc_empty_space][\/vc_column][\/vc_row][vc_row][vc_column width=&#8221;2\/3&#8243;][elx_heading font_size=&#8221;h4&#8243; text_color=&#8221;inherit&#8221;]Os equipamentos de lavar lou\u00e7a Electrolux proporcionam lavagem e enx\u00e1gue inigual\u00e1veis.[\/elx_heading][vc_empty_space height=&#8221;20px&#8221;][vc_column_text]A linha de produtos oferece lavadoras de copos, lava-lou\u00e7as de bancada, de capota, lavadoras de utens\u00edlios, lava-lou\u00e7as de cesto e de esteira para satisfazer qualquer necessidade. Al\u00e9m disso, [&hellip;]","og_url":"https:\/\/www.electroluxprofessional.com\/br\/lavagem-louca\/","og_site_name":"Electrolux Professional Brasil","article_modified_time":"2024-07-01T12:10:17+00:00","og_image":[{"width":353,"height":493,"url":"https:\/\/www.electroluxprofessional.com\/br\/wp-content\/uploads\/2018\/11\/dishwasher.jpg","type":"image\/jpeg"}],"twitter_card":"summary_large_image","twitter_misc":{"Est. tempo de leitura":"2 minutos"},"schema":{"@context":"https:\/\/schema.org","@graph":[{"@type":"WebPage","@id":"https:\/\/www.electroluxprofessional.com\/br\/lavagem-louca\/","url":"https:\/\/www.electroluxprofessional.com\/br\/lavagem-louca\/","name":"Lavagem de lou\u00e7a - Electrolux Professional Brasil","isPartOf":{"@id":"https:\/\/www.electroluxprofessional.com\/br\/#website"},"primaryImageOfPage":{"@id":"https:\/\/www.electroluxprofessional.com\/br\/lavagem-louca\/#primaryimage"},"image":{"@id":"https:\/\/www.electroluxprofessional.com\/br\/lavagem-louca\/#primaryimage"},"thumbnailUrl":"https:\/\/www.electroluxprofessional.com\/br\/wp-content\/uploads\/2018\/11\/dishwasher.jpg","datePublished":"2017-03-16T15:04:02+00:00","dateModified":"2024-07-01T12:10:17+00:00","breadcrumb":{"@id":"https:\/\/www.electroluxprofessional.com\/br\/lavagem-louca\/#breadcrumb"},"inLanguage":"pt-BR","potentialAction":[{"@type":"ReadAction","target":["https:\/\/www.electroluxprofessional.com\/br\/lavagem-louca\/"]}]},{"@type":"ImageObject","inLanguage":"pt-BR","@id":"https:\/\/www.electroluxprofessional.com\/br\/lavagem-louca\/#primaryimage","url":"https:\/\/www.electroluxprofessional.com\/br\/wp-content\/uploads\/2018\/11\/dishwasher.jpg","contentUrl":"https:\/\/www.electroluxprofessional.com\/br\/wp-content\/uploads\/2018\/11\/dishwasher.jpg","width":353,"height":493,"caption":"Lavagem de lou\u00e7a"},{"@type":"BreadcrumbList","@id":"https:\/\/www.electroluxprofessional.com\/br\/lavagem-louca\/#breadcrumb","itemListElement":[{"@type":"ListItem","position":1,"name":"Home","item":"https:\/\/www.electroluxprofessional.com\/br\/"},{"@type":"ListItem","position":2,"name":"Lavagem de lou\u00e7a"}]},{"@type":"WebSite","@id":"https:\/\/www.electroluxprofessional.com\/br\/#website","url":"https:\/\/www.electroluxprofessional.com\/br\/","name":"Electrolux Professional Brasil","description":"Equipamiento cocinas profesionales y lavander\u00edas comerciales. Excelencia en el suministro de soluciones profesionales.","potentialAction":[{"@type":"SearchAction","target":{"@type":"EntryPoint","urlTemplate":"https:\/\/www.electroluxprofessional.com\/br\/?src={search_term_string}"},"query-input":"required name=search_term_string"}],"inLanguage":"pt-BR"}]}},"_links":{"self":[{"href":"https:\/\/www.electroluxprofessional.com\/br\/wp-json\/wp\/v2\/pages\/3324"}],"collection":[{"href":"https:\/\/www.electroluxprofessional.com\/br\/wp-json\/wp\/v2\/pages"}],"about":[{"href":"https:\/\/www.electroluxprofessional.com\/br\/wp-json\/wp\/v2\/types\/page"}],"author":[{"embeddable":true,"href":"https:\/\/www.electroluxprofessional.com\/br\/wp-json\/wp\/v2\/users\/23"}],"replies":[{"embeddable":true,"href":"https:\/\/www.electroluxprofessional.com\/br\/wp-json\/wp\/v2\/comments?post=3324"}],"version-history":[{"count":16,"href":"https:\/\/www.electroluxprofessional.com\/br\/wp-json\/wp\/v2\/pages\/3324\/revisions"}],"predecessor-version":[{"id":6221,"href":"https:\/\/www.electroluxprofessional.com\/br\/wp-json\/wp\/v2\/pages\/3324\/revisions\/6221"}],"wp:featuredmedia":[{"embeddable":true,"href":"https:\/\/www.electroluxprofessional.com\/br\/wp-json\/wp\/v2\/media\/5116"}],"wp:attachment":[{"href":"https:\/\/www.electroluxprofessional.com\/br\/wp-json\/wp\/v2\/media?parent=3324"}],"curies":[{"name":"wp","href":"https:\/\/api.w.org\/{rel}","templated":true}]}}