{"id":3208,"date":"2017-03-14T10:05:59","date_gmt":"2017-03-14T10:05:59","guid":{"rendered":"https:\/\/www.electroluxprofessional.com\/br\/?page_id=3208"},"modified":"2025-11-05T16:54:26","modified_gmt":"2025-11-05T16:54:26","slug":"copos-bancada","status":"publish","type":"page","link":"https:\/\/www.electroluxprofessional.com\/br\/copos-bancada\/","title":{"rendered":"Lavadoras de copos e Lava-lou\u00e7as de bancada"},"content":{"rendered":"<p>[vc_row full_width=&#8221;electroluxpro-full-width-no-padding&#8221;][vc_column][elx_hero_slider label_text_color=&#8221;inherit&#8221; images=&#8221;2637&#8243;][elx_heading font_container=&#8221;h1&#8243; font_size=&#8221;h2&#8243; text_color=&#8221;inherit&#8221;]Lavadoras de copos<br \/>\ne Lava-lou\u00e7as<br \/>\nde bancada[\/elx_heading][\/elx_hero_slider][\/vc_column][\/vc_row][vc_row][vc_column][vc_empty_space height=&#8221;50px&#8221;][elx_heading font_size=&#8221;h2&#8243; text_color=&#8221;inherit&#8221; text_align=&#8221;text-center&#8221;]Mais f\u00e1cil, mais seguro, mais focado em seus clientes[\/elx_heading][vc_empty_space height=&#8221;50px&#8221;][\/vc_column][\/vc_row][vc_row][vc_column width=&#8221;1\/2&#8243;][elx_image_block background_image=&#8221;2623&#8243; minimum_height=&#8221;500px&#8221;][\/vc_column][vc_column width=&#8221;1\/2&#8243;][elx_heading text_color=&#8221;inherit&#8221;]Lavadora de copos E-flex[\/elx_heading][vc_empty_space height=&#8221;15px&#8221;][vc_column_text]Programas complexos que causam opera\u00e7\u00e3o lenta e baixa ergonomia s\u00e3o os problemas di\u00e1rios que muitas empresas enfrentam.<\/p>\n<p>Se voc\u00ea tem um bar, um pub ou um caf\u00e9, seu objetivo \u00e9 sempre servir seus clientes da melhor maneira poss\u00edvel.<\/p>\n<p>Um servi\u00e7o r\u00e1pido de lavagem de\u00a0copos e ta\u00e7as.<\/p>\n<p>Isso \u00e9 poss\u00edvel gra\u00e7as \u00e0s\u00a0<strong>Lavadoras de copos E-flex<\/strong>\u00a0da Electrolux Professional.[\/vc_column_text][\/vc_column][\/vc_row][vc_row][vc_column][vc_empty_space height=&#8221;50px&#8221;][\/vc_column][\/vc_row][vc_row][vc_column width=&#8221;1\/4&#8243;][elx_image_block background_image=&#8221;2624&#8243; minimum_height=&#8221;300px&#8221;][elx_heading font_size=&#8221;h4&#8243; text_color=&#8221;inherit&#8221;]Em menos<br \/>\ntempo[\/elx_heading][vc_column_text]Painel eletr\u00f4nico com display de temperatura para monitorar a m\u00e1quina.[\/vc_column_text][\/vc_column][vc_column width=&#8221;1\/4&#8243;][elx_image_block background_image=&#8221;2625&#8243; minimum_height=&#8221;300px&#8221;][elx_heading font_size=&#8221;h4&#8243; text_color=&#8221;inherit&#8221;]Seguro e<br \/>\nergon\u00f4mico[\/elx_heading][vc_column_text]Porta\u00a0com contrapeso para abertura e fechamento suave.[\/vc_column_text][\/vc_column][vc_column width=&#8221;1\/4&#8243;][elx_image_block background_image=&#8221;2626&#8243; minimum_height=&#8221;300px&#8221;][elx_heading font_size=&#8221;h4&#8243; text_color=&#8221;inherit&#8221;]Desempenho<br \/>\nexcepcional[\/elx_heading][vc_column_text]Resultados perfeitos gra\u00e7as aos bra\u00e7os de enxague\u00a0superior e inferior.[\/vc_column_text][\/vc_column][vc_column width=&#8221;1\/4&#8243;][elx_image_block background_image=&#8221;2627&#8243; minimum_height=&#8221;300px&#8221;][elx_heading font_size=&#8221;h4&#8243; text_color=&#8221;inherit&#8221;]Higiene<br \/>\nexcelente[\/elx_heading][vc_column_text]Constru\u00e7\u00e3o em a\u00e7o inoxid\u00e1vel projetado para f\u00e1cil limpeza e higiene perfeita.[\/vc_column_text][\/vc_column][\/vc_row][vc_row disable_element=&#8221;yes&#8221;][vc_column width=&#8221;1\/4&#8243;][vc_empty_space][\/vc_column][vc_column width=&#8221;1\/4&#8243;][elx_image_block background_image=&#8221;2628&#8243; minimum_height=&#8221;300px&#8221;][elx_heading font_size=&#8221;h4&#8243; text_color=&#8221;inherit&#8221;]Long<br \/>\nlifetime[\/elx_heading][vc_column_text]Robust construction with heavy-duty stainless steel components.[\/vc_column_text][\/vc_column][vc_column width=&#8221;1\/4&#8243;][elx_image_block background_image=&#8221;2629&#8243; minimum_height=&#8221;300px&#8221;][elx_heading font_size=&#8221;h4&#8243; text_color=&#8221;inherit&#8221;]Best<br \/>\nwork-ergonomy[\/elx_heading][vc_column_text]Double skin insulated door and cabinet ensure a more silent operation and less heat dispersion.[\/vc_column_text][\/vc_column][vc_column width=&#8221;1\/4&#8243;][\/vc_column][\/vc_row][vc_row css=&#8221;.vc_custom_1484573085298{margin-top: 0px !important;border-top-width: 0px !important;padding-top: 0px !important;}&#8221;][vc_column][\/vc_column][\/vc_row][vc_row disable_element=&#8221;yes&#8221;][vc_column][vc_empty_space height=&#8221;50px&#8221;][\/vc_column][\/vc_row][vc_row][vc_column width=&#8221;1\/4&#8243;][elx_video_block background_image=&#8221;2630&#8243; video_link=&#8221;https:\/\/www.youtube.com\/watch?v=qeVfwgTkxyY&#8221; minimum_height=&#8221;260px&#8221;][\/vc_column][vc_column width=&#8221;1\/4&#8243;][elx_download_block text=&#8221;Lavadoras de copos E-flex&#8221; link=&#8221;files.professional.electrolux.com\/docs\/?n=CLF-9JE00063&amp;b=5&amp;l=4&#8243; reveal_effect=&#8221;&#8221; reveal_duration=&#8221;&#8221; reveal_delay=&#8221;&#8221;][\/vc_column][vc_column width=&#8221;1\/4&#8243;][elx_download_block text=&#8221;Lavadoras de copos E-flex&#8221; link=&#8221;files.professional.electrolux.com\/docs\/?n=CLF-9JE00004&amp;b=5&amp;l=4&#8243; reveal_effect=&#8221;&#8221; reveal_duration=&#8221;&#8221; reveal_delay=&#8221;&#8221;][\/vc_column][vc_column width=&#8221;1\/4&#8243;][elx_download_block text=&#8221;Tratamento de \u00e1gua&#8221; link=&#8221;files.professional.electrolux.com\/docs\/?n=CLF-9JER12&amp;b=5&amp;l=4&#8243; reveal_effect=&#8221;&#8221; reveal_duration=&#8221;&#8221; reveal_delay=&#8221;&#8221;][\/vc_column][\/vc_row][vc_row][vc_column][vc_empty_space height=&#8221;60px&#8221;][\/vc_column][\/vc_row][vc_row][vc_column width=&#8221;1\/2&#8243;][vc_empty_space][elx_heading text_color=&#8221;inherit&#8221;]Lava-lou\u00e7as de bancada[\/elx_heading][vc_empty_space height=&#8221;15px&#8221;][elx_heading font_size=&#8221;h3&#8243; text_color=&#8221;inherit&#8221;]A solu\u00e7\u00e3o ideal para clientes que exigem alto desempenho e baixos custos operacionais.[\/elx_heading][\/vc_column][vc_column width=&#8221;1\/2&#8243;][elx_image_block background_image=&#8221;2631&#8243; minimum_height=&#8221;450px&#8221;][\/vc_column][\/vc_row][vc_row][vc_column][vc_empty_space height=&#8221;50px&#8221;][\/vc_column][\/vc_row][vc_row][vc_column width=&#8221;1\/4&#8243;][elx_image_block background_image=&#8221;2632&#8243; minimum_height=&#8221;300px&#8221;][vc_column_text]<\/p>\n<h4>Reduza seus custos em at\u00e9 20%<\/h4>\n<p>Menor consumo de \u00e1gua, energia, detergente e secante, o que significa menores custos operacionais e menor impacto ambiental.[\/vc_column_text][\/vc_column][vc_column width=&#8221;1\/4&#8243;][elx_image_block background_image=&#8221;2633&#8243; minimum_height=&#8221;300px&#8221;][vc_column_text]<\/p>\n<h4>Excelente desempenho\u00a0de lavagem e enxague<\/h4>\n<p>Melhor desempenho de lavagem e enxague com remo\u00e7\u00e3o total do detergente.[\/vc_column_text][\/vc_column][vc_column width=&#8221;1\/4&#8243;][elx_image_block background_image=&#8221;2634&#8243; minimum_height=&#8221;300px&#8221;][vc_column_text]<\/p>\n<h4>Baixo n\u00edvel de ru\u00eddo<\/h4>\n<p>O\u00a0melhor do seu tipo por sua baixa emiss\u00e3o de ru\u00eddo e menos perda de calor da m\u00e1quina gra\u00e7as ao isolamento de parede dupla.[\/vc_column_text][\/vc_column][vc_column width=&#8221;1\/4&#8243;][elx_image_block background_image=&#8221;2635&#8243; minimum_height=&#8221;300px&#8221;][vc_column_text]<\/p>\n<h4>Temperatura de enxague constante<\/h4>\n<p>Qualidade do enxague garantida gra\u00e7as \u00e0 temperatura constante a 84\u00baC e \u00e0 press\u00e3o da \u00e1gua.[\/vc_column_text][\/vc_column][\/vc_row][vc_row][vc_column][vc_empty_space][\/vc_column][\/vc_row][vc_row][vc_column][vc_empty_space height=&#8221;50px&#8221;][elx_heading text_color=&#8221;inherit&#8221; text_align=&#8221;text-center&#8221;]Descubra mais sobre nossas lavadoras[\/elx_heading][elx_o2000_contact_us r=&#8221;&#8221; s=&#8221;Pedido de informa\u00e7\u00e3o&#8221; e=&#8221;ronaldo.portella@electrolux.com&#8221; country=&#8221;Brazil&#8221; l=&#8221;pt&#8221; container=&#8221;elxcontactus1479715079&#8243;][vc_empty_space height=&#8221;50px&#8221;][\/vc_column][\/vc_row][vc_row][vc_column][vc_empty_space height=&#8221;50px&#8221;][\/vc_column][\/vc_row]<\/p>\n","protected":false},"excerpt":{"rendered":"<p>[vc_row full_width=&#8221;electroluxpro-full-width-no-padding&#8221;][vc_column][elx_hero_slider label_text_color=&#8221;inherit&#8221; images=&#8221;2637&#8243;][elx_heading font_container=&#8221;h1&#8243; font_size=&#8221;h2&#8243; text_color=&#8221;inherit&#8221;]Lavadoras de copos e Lava-lou\u00e7as de bancada[\/elx_heading][\/elx_hero_slider][\/vc_column][\/vc_row][vc_row][vc_column][vc_empty_space height=&#8221;50px&#8221;][elx_heading font_size=&#8221;h2&#8243; text_color=&#8221;inherit&#8221; text_align=&#8221;text-center&#8221;]Mais f\u00e1cil, mais seguro, mais focado em seus clientes[\/elx_heading][vc_empty_space height=&#8221;50px&#8221;][\/vc_column][\/vc_row][vc_row][vc_column width=&#8221;1\/2&#8243;][elx_image_block background_image=&#8221;2623&#8243; minimum_height=&#8221;500px&#8221;][\/vc_column][vc_column width=&#8221;1\/2&#8243;][elx_heading text_color=&#8221;inherit&#8221;]Lavadora de copos E-flex[\/elx_heading][vc_empty_space height=&#8221;15px&#8221;][vc_column_text]Programas complexos que causam opera\u00e7\u00e3o lenta e baixa ergonomia s\u00e3o os problemas di\u00e1rios que muitas empresas enfrentam. Se voc\u00ea tem um [&hellip;]<\/p>\n","protected":false},"author":23,"featured_media":5115,"parent":0,"menu_order":0,"comment_status":"closed","ping_status":"closed","template":"","meta":{"footnotes":""},"class_list":["post-3208","page","type-page","status-publish","has-post-thumbnail","hentry"],"acf":[],"yoast_head":"<!-- This site is optimized with the Yoast SEO plugin v23.3 - https:\/\/yoast.com\/wordpress\/plugins\/seo\/ -->\n<title>Lavadoras de copos e Lava-lou\u00e7as de bancada - Electrolux Professional Brasil<\/title>\n<meta name=\"robots\" content=\"index, follow, max-snippet:-1, max-image-preview:large, max-video-preview:-1\" \/>\n<link rel=\"canonical\" href=\"https:\/\/www.electroluxprofessional.com\/br\/copos-bancada\/\" \/>\n<meta property=\"og:locale\" content=\"pt_BR\" \/>\n<meta property=\"og:type\" content=\"article\" \/>\n<meta property=\"og:title\" content=\"Lavadoras de copos e Lava-lou\u00e7as de bancada - Electrolux Professional Brasil\" \/>\n<meta property=\"og:description\" content=\"[vc_row full_width=&#8221;electroluxpro-full-width-no-padding&#8221;][vc_column][elx_hero_slider label_text_color=&#8221;inherit&#8221; images=&#8221;2637&#8243;][elx_heading font_container=&#8221;h1&#8243; font_size=&#8221;h2&#8243; text_color=&#8221;inherit&#8221;]Lavadoras de copos e Lava-lou\u00e7as de bancada[\/elx_heading][\/elx_hero_slider][\/vc_column][\/vc_row][vc_row][vc_column][vc_empty_space height=&#8221;50px&#8221;][elx_heading font_size=&#8221;h2&#8243; text_color=&#8221;inherit&#8221; text_align=&#8221;text-center&#8221;]Mais f\u00e1cil, mais seguro, mais focado em seus clientes[\/elx_heading][vc_empty_space height=&#8221;50px&#8221;][\/vc_column][\/vc_row][vc_row][vc_column width=&#8221;1\/2&#8243;][elx_image_block background_image=&#8221;2623&#8243; minimum_height=&#8221;500px&#8221;][\/vc_column][vc_column width=&#8221;1\/2&#8243;][elx_heading text_color=&#8221;inherit&#8221;]Lavadora de copos E-flex[\/elx_heading][vc_empty_space height=&#8221;15px&#8221;][vc_column_text]Programas complexos que causam opera\u00e7\u00e3o lenta e baixa ergonomia s\u00e3o os problemas di\u00e1rios que muitas empresas enfrentam. Se voc\u00ea tem um [&hellip;]\" \/>\n<meta property=\"og:url\" content=\"https:\/\/www.electroluxprofessional.com\/br\/copos-bancada\/\" \/>\n<meta property=\"og:site_name\" content=\"Electrolux Professional Brasil\" \/>\n<meta property=\"article:modified_time\" content=\"2025-11-05T16:54:26+00:00\" \/>\n<meta property=\"og:image\" content=\"https:\/\/www.electroluxprofessional.com\/br\/wp-content\/uploads\/2018\/11\/Lavadoras-Lava.jpg\" \/>\n\t<meta property=\"og:image:width\" content=\"553\" \/>\n\t<meta property=\"og:image:height\" content=\"496\" \/>\n\t<meta property=\"og:image:type\" content=\"image\/jpeg\" \/>\n<meta name=\"twitter:card\" content=\"summary_large_image\" \/>\n<meta name=\"twitter:label1\" content=\"Est. tempo de leitura\" \/>\n\t<meta name=\"twitter:data1\" content=\"3 minutos\" \/>\n<script type=\"application\/ld+json\" class=\"yoast-schema-graph\">{\"@context\":\"https:\/\/schema.org\",\"@graph\":[{\"@type\":\"WebPage\",\"@id\":\"https:\/\/www.electroluxprofessional.com\/br\/copos-bancada\/\",\"url\":\"https:\/\/www.electroluxprofessional.com\/br\/copos-bancada\/\",\"name\":\"Lavadoras de copos e Lava-lou\u00e7as de bancada - Electrolux Professional Brasil\",\"isPartOf\":{\"@id\":\"https:\/\/www.electroluxprofessional.com\/br\/#website\"},\"primaryImageOfPage\":{\"@id\":\"https:\/\/www.electroluxprofessional.com\/br\/copos-bancada\/#primaryimage\"},\"image\":{\"@id\":\"https:\/\/www.electroluxprofessional.com\/br\/copos-bancada\/#primaryimage\"},\"thumbnailUrl\":\"https:\/\/www.electroluxprofessional.com\/br\/wp-content\/uploads\/2018\/11\/Lavadoras-Lava.jpg\",\"datePublished\":\"2017-03-14T10:05:59+00:00\",\"dateModified\":\"2025-11-05T16:54:26+00:00\",\"breadcrumb\":{\"@id\":\"https:\/\/www.electroluxprofessional.com\/br\/copos-bancada\/#breadcrumb\"},\"inLanguage\":\"pt-BR\",\"potentialAction\":[{\"@type\":\"ReadAction\",\"target\":[\"https:\/\/www.electroluxprofessional.com\/br\/copos-bancada\/\"]}]},{\"@type\":\"ImageObject\",\"inLanguage\":\"pt-BR\",\"@id\":\"https:\/\/www.electroluxprofessional.com\/br\/copos-bancada\/#primaryimage\",\"url\":\"https:\/\/www.electroluxprofessional.com\/br\/wp-content\/uploads\/2018\/11\/Lavadoras-Lava.jpg\",\"contentUrl\":\"https:\/\/www.electroluxprofessional.com\/br\/wp-content\/uploads\/2018\/11\/Lavadoras-Lava.jpg\",\"width\":553,\"height\":496,\"caption\":\"Lavadoras Lava\"},{\"@type\":\"BreadcrumbList\",\"@id\":\"https:\/\/www.electroluxprofessional.com\/br\/copos-bancada\/#breadcrumb\",\"itemListElement\":[{\"@type\":\"ListItem\",\"position\":1,\"name\":\"Home\",\"item\":\"https:\/\/www.electroluxprofessional.com\/br\/\"},{\"@type\":\"ListItem\",\"position\":2,\"name\":\"Lavadoras de copos e Lava-lou\u00e7as de bancada\"}]},{\"@type\":\"WebSite\",\"@id\":\"https:\/\/www.electroluxprofessional.com\/br\/#website\",\"url\":\"https:\/\/www.electroluxprofessional.com\/br\/\",\"name\":\"Electrolux Professional Brasil\",\"description\":\"Equipamiento cocinas profesionales y lavander\u00edas comerciales. Excelencia en el suministro de soluciones profesionales.\",\"potentialAction\":[{\"@type\":\"SearchAction\",\"target\":{\"@type\":\"EntryPoint\",\"urlTemplate\":\"https:\/\/www.electroluxprofessional.com\/br\/?src={search_term_string}\"},\"query-input\":\"required name=search_term_string\"}],\"inLanguage\":\"pt-BR\"}]}<\/script>\n<!-- \/ Yoast SEO plugin. -->","yoast_head_json":{"title":"Lavadoras de copos e Lava-lou\u00e7as de bancada - Electrolux Professional Brasil","robots":{"index":"index","follow":"follow","max-snippet":"max-snippet:-1","max-image-preview":"max-image-preview:large","max-video-preview":"max-video-preview:-1"},"canonical":"https:\/\/www.electroluxprofessional.com\/br\/copos-bancada\/","og_locale":"pt_BR","og_type":"article","og_title":"Lavadoras de copos e Lava-lou\u00e7as de bancada - Electrolux Professional Brasil","og_description":"[vc_row full_width=&#8221;electroluxpro-full-width-no-padding&#8221;][vc_column][elx_hero_slider label_text_color=&#8221;inherit&#8221; images=&#8221;2637&#8243;][elx_heading font_container=&#8221;h1&#8243; font_size=&#8221;h2&#8243; text_color=&#8221;inherit&#8221;]Lavadoras de copos e Lava-lou\u00e7as de bancada[\/elx_heading][\/elx_hero_slider][\/vc_column][\/vc_row][vc_row][vc_column][vc_empty_space height=&#8221;50px&#8221;][elx_heading font_size=&#8221;h2&#8243; text_color=&#8221;inherit&#8221; text_align=&#8221;text-center&#8221;]Mais f\u00e1cil, mais seguro, mais focado em seus clientes[\/elx_heading][vc_empty_space height=&#8221;50px&#8221;][\/vc_column][\/vc_row][vc_row][vc_column width=&#8221;1\/2&#8243;][elx_image_block background_image=&#8221;2623&#8243; minimum_height=&#8221;500px&#8221;][\/vc_column][vc_column width=&#8221;1\/2&#8243;][elx_heading text_color=&#8221;inherit&#8221;]Lavadora de copos E-flex[\/elx_heading][vc_empty_space height=&#8221;15px&#8221;][vc_column_text]Programas complexos que causam opera\u00e7\u00e3o lenta e baixa ergonomia s\u00e3o os problemas di\u00e1rios que muitas empresas enfrentam. Se voc\u00ea tem um [&hellip;]","og_url":"https:\/\/www.electroluxprofessional.com\/br\/copos-bancada\/","og_site_name":"Electrolux Professional Brasil","article_modified_time":"2025-11-05T16:54:26+00:00","og_image":[{"width":553,"height":496,"url":"https:\/\/www.electroluxprofessional.com\/br\/wp-content\/uploads\/2018\/11\/Lavadoras-Lava.jpg","type":"image\/jpeg"}],"twitter_card":"summary_large_image","twitter_misc":{"Est. tempo de leitura":"3 minutos"},"schema":{"@context":"https:\/\/schema.org","@graph":[{"@type":"WebPage","@id":"https:\/\/www.electroluxprofessional.com\/br\/copos-bancada\/","url":"https:\/\/www.electroluxprofessional.com\/br\/copos-bancada\/","name":"Lavadoras de copos e Lava-lou\u00e7as de bancada - Electrolux Professional Brasil","isPartOf":{"@id":"https:\/\/www.electroluxprofessional.com\/br\/#website"},"primaryImageOfPage":{"@id":"https:\/\/www.electroluxprofessional.com\/br\/copos-bancada\/#primaryimage"},"image":{"@id":"https:\/\/www.electroluxprofessional.com\/br\/copos-bancada\/#primaryimage"},"thumbnailUrl":"https:\/\/www.electroluxprofessional.com\/br\/wp-content\/uploads\/2018\/11\/Lavadoras-Lava.jpg","datePublished":"2017-03-14T10:05:59+00:00","dateModified":"2025-11-05T16:54:26+00:00","breadcrumb":{"@id":"https:\/\/www.electroluxprofessional.com\/br\/copos-bancada\/#breadcrumb"},"inLanguage":"pt-BR","potentialAction":[{"@type":"ReadAction","target":["https:\/\/www.electroluxprofessional.com\/br\/copos-bancada\/"]}]},{"@type":"ImageObject","inLanguage":"pt-BR","@id":"https:\/\/www.electroluxprofessional.com\/br\/copos-bancada\/#primaryimage","url":"https:\/\/www.electroluxprofessional.com\/br\/wp-content\/uploads\/2018\/11\/Lavadoras-Lava.jpg","contentUrl":"https:\/\/www.electroluxprofessional.com\/br\/wp-content\/uploads\/2018\/11\/Lavadoras-Lava.jpg","width":553,"height":496,"caption":"Lavadoras Lava"},{"@type":"BreadcrumbList","@id":"https:\/\/www.electroluxprofessional.com\/br\/copos-bancada\/#breadcrumb","itemListElement":[{"@type":"ListItem","position":1,"name":"Home","item":"https:\/\/www.electroluxprofessional.com\/br\/"},{"@type":"ListItem","position":2,"name":"Lavadoras de copos e Lava-lou\u00e7as de bancada"}]},{"@type":"WebSite","@id":"https:\/\/www.electroluxprofessional.com\/br\/#website","url":"https:\/\/www.electroluxprofessional.com\/br\/","name":"Electrolux Professional Brasil","description":"Equipamiento cocinas profesionales y lavander\u00edas comerciales. Excelencia en el suministro de soluciones profesionales.","potentialAction":[{"@type":"SearchAction","target":{"@type":"EntryPoint","urlTemplate":"https:\/\/www.electroluxprofessional.com\/br\/?src={search_term_string}"},"query-input":"required name=search_term_string"}],"inLanguage":"pt-BR"}]}},"_links":{"self":[{"href":"https:\/\/www.electroluxprofessional.com\/br\/wp-json\/wp\/v2\/pages\/3208"}],"collection":[{"href":"https:\/\/www.electroluxprofessional.com\/br\/wp-json\/wp\/v2\/pages"}],"about":[{"href":"https:\/\/www.electroluxprofessional.com\/br\/wp-json\/wp\/v2\/types\/page"}],"author":[{"embeddable":true,"href":"https:\/\/www.electroluxprofessional.com\/br\/wp-json\/wp\/v2\/users\/23"}],"replies":[{"embeddable":true,"href":"https:\/\/www.electroluxprofessional.com\/br\/wp-json\/wp\/v2\/comments?post=3208"}],"version-history":[{"count":26,"href":"https:\/\/www.electroluxprofessional.com\/br\/wp-json\/wp\/v2\/pages\/3208\/revisions"}],"predecessor-version":[{"id":6669,"href":"https:\/\/www.electroluxprofessional.com\/br\/wp-json\/wp\/v2\/pages\/3208\/revisions\/6669"}],"wp:featuredmedia":[{"embeddable":true,"href":"https:\/\/www.electroluxprofessional.com\/br\/wp-json\/wp\/v2\/media\/5115"}],"wp:attachment":[{"href":"https:\/\/www.electroluxprofessional.com\/br\/wp-json\/wp\/v2\/media?parent=3208"}],"curies":[{"name":"wp","href":"https:\/\/api.w.org\/{rel}","templated":true}]}}