{"id":3153,"date":"2017-03-09T11:44:47","date_gmt":"2017-03-09T11:44:47","guid":{"rendered":"https:\/\/www.electroluxprofessional.com\/br\/?page_id=3153"},"modified":"2025-11-05T16:56:17","modified_gmt":"2025-11-05T16:56:17","slug":"bancadas-refrigeradas","status":"publish","type":"page","link":"https:\/\/www.electroluxprofessional.com\/br\/bancadas-refrigeradas\/","title":{"rendered":"Bancadas refrigeradas"},"content":{"rendered":"<p>[vc_row full_width=&#8221;electroluxpro-full-width-no-padding&#8221;][vc_column][elx_video_block background_image=&#8221;2689&#8243; video_link=&#8221;https:\/\/www.youtube.com\/watch?v=aWn0HnaU-ec&#8221; minimum_height=&#8221;500px&#8221;][\/vc_column][\/vc_row][vc_row full_width=&#8221;electroluxpro-full-width-no-padding&#8221; disable_element=&#8221;yes&#8221;][vc_column][elx_image_block background_image=&#8221;687&#8243; minimum_height=&#8221;400px&#8221;][\/vc_column][\/vc_row][vc_row][vc_column][vc_empty_space][elx_heading font_container=&#8221;h1&#8243; font_size=&#8221;h2&#8243; text_color=&#8221;inherit&#8221; text_align=&#8221;text-center&#8221;]Bancadas ecostore<sup>HP<\/sup><br \/>\nextrA efici\u00eancia e seguran\u00e7a alimentar<br \/>\nna classe clim\u00e1tica 5[\/elx_heading][vc_empty_space height=&#8221;50px&#8221;][\/vc_column][\/vc_row][vc_row][vc_column][vc_empty_space][\/vc_column][\/vc_row][vc_row][vc_column width=&#8221;1\/2&#8243;][elx_simple_block background_color=&#8221;inherit&#8221;][elx_heading text_color=&#8221;cat-cool&#8221; text_align=&#8221;text-left&#8221;]ecostore<sup>HP<\/sup> Premium qualidade extrA[\/elx_heading][vc_column_text css=&#8221;.vc_custom_1510797233853{margin-bottom: 10px !important;border-bottom-width: 10px !important;padding-bottom: 10px !important;}&#8221;]As bancadas refrigeradas ecostoreHP s\u00e3o pioneiras da ind\u00fastria com<strong>\u00a0<span style=\"color: #009abf;\">classe A em efici\u00eancia energ\u00e9tica e classe clim\u00e1tica 5<\/span><\/strong>.<\/p>\n<p>Electrolux Professional protege a efici\u00eancia da cozinha com\u00a0as novas bancadas refrigeradas ecostoreHP.\u00a0Nos superamos e agora podemos oferecer toda uma gama de gabinetes e\u00a0bancadas refrigerados com a combina\u00e7\u00e3o \u00fanica da classe clim\u00e1tica 5 e efici\u00eancia energ\u00e9tica classe A, <strong>as mais altas do mercado.<\/strong>[\/vc_column_text][vc_column_text]HP significa\u00a0<strong>High Performance<\/strong>, porque as bancadas ecostore s\u00e3o as\u00a0<b>mais eficientes, tem o melhor desempenho, <\/b>capacidade e seguran\u00e7a alimentar.[\/vc_column_text][\/elx_simple_block][\/vc_column][vc_column width=&#8221;1\/2&#8243;][vc_row_inner][vc_column_inner offset=&#8221;vc_hidden-sm vc_hidden-xs&#8221;][vc_empty_space height=&#8221;150px&#8221;][\/vc_column_inner][\/vc_row_inner][vc_single_image image=&#8221;1296&#8243; img_size=&#8221;full&#8221;][vc_empty_space][\/vc_column][\/vc_row][vc_row][vc_column width=&#8221;1\/4&#8243;][vc_single_image image=&#8221;683&#8243; alignment=&#8221;center&#8221;][elx_heading font_size=&#8221;h4&#8243; text_color=&#8221;inherit&#8221; text_align=&#8221;text-center&#8221;]economia extrA<br \/>\nclasse A[\/elx_heading][vc_column_text]A efici\u00eancia energ\u00e9tica da classe A faz uma diferen\u00e7a real na conta de eletricidade. Economia de energia de at\u00e9 \u20ac 480 \/ ano garantindo um r\u00e1pido retorno do investimento. Pe\u00e7a a um especialista da Electrolux para calcular sua empresa pode economizar.[\/vc_column_text][\/vc_column][vc_column width=&#8221;1\/4&#8243;][vc_single_image image=&#8221;2692&#8243; alignment=&#8221;center&#8221;][elx_heading font_size=&#8221;h4&#8243; text_color=&#8221;inherit&#8221; text_align=&#8221;text-center&#8221;]seguran\u00e7a alimentar<br \/>\nextrA[\/elx_heading][vc_column_text]O alimento permanece mais frio por mais tempo com o Optiflow, o sistema inteligente de circula\u00e7\u00e3o de ar e a classe clim\u00e1tica 5, o que significa excelente desempenho, mesmo nas condi\u00e7\u00f5es mais severas.[\/vc_column_text][\/vc_column][vc_column width=&#8221;1\/4&#8243;][vc_single_image image=&#8221;682&#8243; alignment=&#8221;center&#8221;][elx_heading font_size=&#8221;h4&#8243; text_color=&#8221;inherit&#8221; text_align=&#8221;text-center&#8221;]capacidade<br \/>\nextrA[\/elx_heading][vc_column_text]Armazene mais alimentos. Um volume l\u00edquido com 50 litros extras, o que significa 20% mais capacidade.[\/vc_column_text][\/vc_column][vc_column width=&#8221;1\/4&#8243;][vc_single_image image=&#8221;2693&#8243; alignment=&#8221;center&#8221;][elx_heading font_size=&#8221;h4&#8243; text_color=&#8221;inherit&#8221; text_align=&#8221;text-center&#8221;]extrA<br \/>\npersonaliz\u00e1vel [\/elx_heading][vc_column_text]Com diferentes op\u00e7\u00f5es personalizadas, a Electrolux pode lhe oferecer a bancada que voc\u00ea precisa. Pergunte a um Distribuidor Electrolux sobre sua solu\u00e7\u00e3o ideal.[\/vc_column_text][\/vc_column][\/vc_row][vc_row][vc_column width=&#8221;1\/3&#8243;][vc_single_image image=&#8221;2694&#8243; img_size=&#8221;medium&#8221; alignment=&#8221;center&#8221;][\/vc_column][vc_column width=&#8221;2\/3&#8243;][elx_simple_block background_color=&#8221;inherit&#8221;][elx_heading text_color=&#8221;inherit&#8221;]<strong>conserva\u00e7\u00e3o ideal com ecostore<sup>HP<\/sup><\/strong>[\/elx_heading][vc_column_text]Reduz o desperd\u00edcio de alimentos com Optiflow e classe climatica 5[\/vc_column_text][\/elx_simple_block][\/vc_column][\/vc_row][vc_row][vc_column width=&#8221;1\/2&#8243;][elx_simple_block background_color=&#8221;inherit&#8221;][vc_column_text]<strong>ecostore<sup>HP<\/sup>\u00a0\u00a0Premium <\/strong>consegue proporciona uma \u00f3tima conserva\u00e7\u00e3o criando um microclima com as condi\u00e7\u00f5es ideais para todos os diferentes tipos de alimentos que precisam de temperaturas\u00a0 e n\u00edveis de umidade espec\u00edficos.[\/vc_column_text][\/elx_simple_block][\/vc_column][vc_column width=&#8221;1\/2&#8243;][vc_single_image image=&#8221;2695&#8243; img_size=&#8221;full&#8221; alignment=&#8221;center&#8221;][\/vc_column][\/vc_row][vc_row][vc_column][vc_empty_space height=&#8221;50px&#8221;][\/vc_column][\/vc_row][vc_row][vc_column width=&#8221;1\/2&#8243;][elx_download_block text=&#8221;bancadas refrigeradas ecostore cat\u00e1logo&#8221; link=&#8221;https:\/\/www.electroluxprofessional.com\/wp-content\/uploads\/2017\/02\/ecostore-refrigerated-counters-LR.pdf&#8221; background_color=&#8221;cat-cool&#8221; reveal_effect=&#8221;&#8221; reveal_duration=&#8221;&#8221; reveal_delay=&#8221;&#8221;][\/vc_column][vc_column width=&#8221;1\/2&#8243;][elx_download_block text=&#8221;Armarios refrigerados classe A 5&#8243; link=&#8221;https:\/\/www.electroluxprofessional.com\/br\/cozinha-profissional\/refrigeradores-verticais\/&#8221; link_target=&#8221;self&#8221; background_color=&#8221;cat-cool&#8221; background_hover_color=&#8221;lighter-hover&#8221; background_image=&#8221;685&#8243; reveal_effect=&#8221;&#8221; reveal_duration=&#8221;&#8221; reveal_delay=&#8221;&#8221;][\/vc_column][\/vc_row][vc_row][vc_column][vc_empty_space height=&#8221;50px&#8221;][vc_row_inner][vc_column_inner width=&#8221;2\/3&#8243;][elx_heading text_color=&#8221;inherit&#8221;]Descubra o que podemos fazer para o seu neg\u00f3cio[\/elx_heading][\/vc_column_inner][vc_column_inner width=&#8221;1\/3&#8243;][\/vc_column_inner][\/vc_row_inner][\/vc_column][\/vc_row][vc_row][vc_column width=&#8221;2\/3&#8243;][elx_o2000_contact_us r=&#8221;&#8221; s=&#8221;Solicita\u00e7\u00e3o de informa\u00e7\u00f5es sobre ecostoreHP&#8221; e=&#8221;ronaldo.portella@electrolux.com&#8221; country=&#8221;Brazil&#8221; l=&#8221;pt&#8221; container=&#8221;elxcontactus1480090979&#8243;][vc_empty_space height=&#8221;50px&#8221;][\/vc_column][vc_column width=&#8221;1\/3&#8243;][elx_heading font_size=&#8221;h5&#8243; text_color=&#8221;inherit&#8221;]Em breve teremos um configurador on-line para bancadas refrigeradas.<br \/>\nSe voc\u00ea precisa criar uma configura\u00e7\u00e3o agora, entre em contato com nossos especialistas.[\/elx_heading][vc_empty_space][elx_download_block text=&#8221;ecoguia ecostore&#8221; link=&#8221;files.professional.electrolux.com\/docs\/?n=ECO-9JEFT&amp;b=5&amp;l=4&#8243; background_color=&#8221;cat-cool&#8221; reveal_effect=&#8221;&#8221; reveal_duration=&#8221;&#8221; reveal_delay=&#8221;&#8221;][\/vc_column][\/vc_row]<\/p>\n","protected":false},"excerpt":{"rendered":"<p>[vc_row full_width=&#8221;electroluxpro-full-width-no-padding&#8221;][vc_column][elx_video_block background_image=&#8221;2689&#8243; video_link=&#8221;https:\/\/www.youtube.com\/watch?v=aWn0HnaU-ec&#8221; minimum_height=&#8221;500px&#8221;][\/vc_column][\/vc_row][vc_row full_width=&#8221;electroluxpro-full-width-no-padding&#8221; disable_element=&#8221;yes&#8221;][vc_column][elx_image_block background_image=&#8221;687&#8243; minimum_height=&#8221;400px&#8221;][\/vc_column][\/vc_row][vc_row][vc_column][vc_empty_space][elx_heading font_container=&#8221;h1&#8243; font_size=&#8221;h2&#8243; text_color=&#8221;inherit&#8221; text_align=&#8221;text-center&#8221;]Bancadas ecostoreHP extrA efici\u00eancia e seguran\u00e7a alimentar na classe clim\u00e1tica 5[\/elx_heading][vc_empty_space height=&#8221;50px&#8221;][\/vc_column][\/vc_row][vc_row][vc_column][vc_empty_space][\/vc_column][\/vc_row][vc_row][vc_column width=&#8221;1\/2&#8243;][elx_simple_block background_color=&#8221;inherit&#8221;][elx_heading text_color=&#8221;cat-cool&#8221; text_align=&#8221;text-left&#8221;]ecostoreHP Premium qualidade extrA[\/elx_heading][vc_column_text css=&#8221;.vc_custom_1510797233853{margin-bottom: 10px !important;border-bottom-width: 10px !important;padding-bottom: 10px !important;}&#8221;]As bancadas refrigeradas ecostoreHP s\u00e3o pioneiras da ind\u00fastria com\u00a0classe A em efici\u00eancia energ\u00e9tica e classe clim\u00e1tica 5. Electrolux [&hellip;]<\/p>\n","protected":false},"author":23,"featured_media":0,"parent":0,"menu_order":0,"comment_status":"closed","ping_status":"closed","template":"","meta":{"footnotes":""},"class_list":["post-3153","page","type-page","status-publish","hentry"],"acf":[],"yoast_head":"<!-- This site is optimized with the Yoast SEO plugin v23.3 - https:\/\/yoast.com\/wordpress\/plugins\/seo\/ -->\n<title>Bancadas refrigeradas - Electrolux Professional Brasil<\/title>\n<meta name=\"robots\" content=\"index, follow, max-snippet:-1, max-image-preview:large, max-video-preview:-1\" \/>\n<link rel=\"canonical\" href=\"https:\/\/www.electroluxprofessional.com\/br\/bancadas-refrigeradas\/\" \/>\n<meta property=\"og:locale\" content=\"pt_BR\" \/>\n<meta property=\"og:type\" content=\"article\" \/>\n<meta property=\"og:title\" content=\"Bancadas refrigeradas - Electrolux Professional Brasil\" \/>\n<meta property=\"og:description\" content=\"[vc_row full_width=&#8221;electroluxpro-full-width-no-padding&#8221;][vc_column][elx_video_block background_image=&#8221;2689&#8243; video_link=&#8221;https:\/\/www.youtube.com\/watch?v=aWn0HnaU-ec&#8221; minimum_height=&#8221;500px&#8221;][\/vc_column][\/vc_row][vc_row full_width=&#8221;electroluxpro-full-width-no-padding&#8221; disable_element=&#8221;yes&#8221;][vc_column][elx_image_block background_image=&#8221;687&#8243; minimum_height=&#8221;400px&#8221;][\/vc_column][\/vc_row][vc_row][vc_column][vc_empty_space][elx_heading font_container=&#8221;h1&#8243; font_size=&#8221;h2&#8243; text_color=&#8221;inherit&#8221; text_align=&#8221;text-center&#8221;]Bancadas ecostoreHP extrA efici\u00eancia e seguran\u00e7a alimentar na classe clim\u00e1tica 5[\/elx_heading][vc_empty_space height=&#8221;50px&#8221;][\/vc_column][\/vc_row][vc_row][vc_column][vc_empty_space][\/vc_column][\/vc_row][vc_row][vc_column width=&#8221;1\/2&#8243;][elx_simple_block background_color=&#8221;inherit&#8221;][elx_heading text_color=&#8221;cat-cool&#8221; text_align=&#8221;text-left&#8221;]ecostoreHP Premium qualidade extrA[\/elx_heading][vc_column_text css=&#8221;.vc_custom_1510797233853{margin-bottom: 10px !important;border-bottom-width: 10px !important;padding-bottom: 10px !important;}&#8221;]As bancadas refrigeradas ecostoreHP s\u00e3o pioneiras da ind\u00fastria com\u00a0classe A em efici\u00eancia energ\u00e9tica e classe clim\u00e1tica 5. Electrolux [&hellip;]\" \/>\n<meta property=\"og:url\" content=\"https:\/\/www.electroluxprofessional.com\/br\/bancadas-refrigeradas\/\" \/>\n<meta property=\"og:site_name\" content=\"Electrolux Professional Brasil\" \/>\n<meta property=\"article:modified_time\" content=\"2025-11-05T16:56:17+00:00\" \/>\n<meta name=\"twitter:card\" content=\"summary_large_image\" \/>\n<meta name=\"twitter:label1\" content=\"Est. tempo de leitura\" \/>\n\t<meta name=\"twitter:data1\" content=\"3 minutos\" \/>\n<script type=\"application\/ld+json\" class=\"yoast-schema-graph\">{\"@context\":\"https:\/\/schema.org\",\"@graph\":[{\"@type\":\"WebPage\",\"@id\":\"https:\/\/www.electroluxprofessional.com\/br\/bancadas-refrigeradas\/\",\"url\":\"https:\/\/www.electroluxprofessional.com\/br\/bancadas-refrigeradas\/\",\"name\":\"Bancadas refrigeradas - Electrolux Professional Brasil\",\"isPartOf\":{\"@id\":\"https:\/\/www.electroluxprofessional.com\/br\/#website\"},\"datePublished\":\"2017-03-09T11:44:47+00:00\",\"dateModified\":\"2025-11-05T16:56:17+00:00\",\"breadcrumb\":{\"@id\":\"https:\/\/www.electroluxprofessional.com\/br\/bancadas-refrigeradas\/#breadcrumb\"},\"inLanguage\":\"pt-BR\",\"potentialAction\":[{\"@type\":\"ReadAction\",\"target\":[\"https:\/\/www.electroluxprofessional.com\/br\/bancadas-refrigeradas\/\"]}]},{\"@type\":\"BreadcrumbList\",\"@id\":\"https:\/\/www.electroluxprofessional.com\/br\/bancadas-refrigeradas\/#breadcrumb\",\"itemListElement\":[{\"@type\":\"ListItem\",\"position\":1,\"name\":\"Home\",\"item\":\"https:\/\/www.electroluxprofessional.com\/br\/\"},{\"@type\":\"ListItem\",\"position\":2,\"name\":\"Bancadas refrigeradas\"}]},{\"@type\":\"WebSite\",\"@id\":\"https:\/\/www.electroluxprofessional.com\/br\/#website\",\"url\":\"https:\/\/www.electroluxprofessional.com\/br\/\",\"name\":\"Electrolux Professional Brasil\",\"description\":\"Equipamiento cocinas profesionales y lavander\u00edas comerciales. Excelencia en el suministro de soluciones profesionales.\",\"potentialAction\":[{\"@type\":\"SearchAction\",\"target\":{\"@type\":\"EntryPoint\",\"urlTemplate\":\"https:\/\/www.electroluxprofessional.com\/br\/?src={search_term_string}\"},\"query-input\":\"required name=search_term_string\"}],\"inLanguage\":\"pt-BR\"}]}<\/script>\n<!-- \/ Yoast SEO plugin. -->","yoast_head_json":{"title":"Bancadas refrigeradas - Electrolux Professional Brasil","robots":{"index":"index","follow":"follow","max-snippet":"max-snippet:-1","max-image-preview":"max-image-preview:large","max-video-preview":"max-video-preview:-1"},"canonical":"https:\/\/www.electroluxprofessional.com\/br\/bancadas-refrigeradas\/","og_locale":"pt_BR","og_type":"article","og_title":"Bancadas refrigeradas - Electrolux Professional Brasil","og_description":"[vc_row full_width=&#8221;electroluxpro-full-width-no-padding&#8221;][vc_column][elx_video_block background_image=&#8221;2689&#8243; video_link=&#8221;https:\/\/www.youtube.com\/watch?v=aWn0HnaU-ec&#8221; minimum_height=&#8221;500px&#8221;][\/vc_column][\/vc_row][vc_row full_width=&#8221;electroluxpro-full-width-no-padding&#8221; disable_element=&#8221;yes&#8221;][vc_column][elx_image_block background_image=&#8221;687&#8243; minimum_height=&#8221;400px&#8221;][\/vc_column][\/vc_row][vc_row][vc_column][vc_empty_space][elx_heading font_container=&#8221;h1&#8243; font_size=&#8221;h2&#8243; text_color=&#8221;inherit&#8221; text_align=&#8221;text-center&#8221;]Bancadas ecostoreHP extrA efici\u00eancia e seguran\u00e7a alimentar na classe clim\u00e1tica 5[\/elx_heading][vc_empty_space height=&#8221;50px&#8221;][\/vc_column][\/vc_row][vc_row][vc_column][vc_empty_space][\/vc_column][\/vc_row][vc_row][vc_column width=&#8221;1\/2&#8243;][elx_simple_block background_color=&#8221;inherit&#8221;][elx_heading text_color=&#8221;cat-cool&#8221; text_align=&#8221;text-left&#8221;]ecostoreHP Premium qualidade extrA[\/elx_heading][vc_column_text css=&#8221;.vc_custom_1510797233853{margin-bottom: 10px !important;border-bottom-width: 10px !important;padding-bottom: 10px !important;}&#8221;]As bancadas refrigeradas ecostoreHP s\u00e3o pioneiras da ind\u00fastria com\u00a0classe A em efici\u00eancia energ\u00e9tica e classe clim\u00e1tica 5. Electrolux [&hellip;]","og_url":"https:\/\/www.electroluxprofessional.com\/br\/bancadas-refrigeradas\/","og_site_name":"Electrolux Professional Brasil","article_modified_time":"2025-11-05T16:56:17+00:00","twitter_card":"summary_large_image","twitter_misc":{"Est. tempo de leitura":"3 minutos"},"schema":{"@context":"https:\/\/schema.org","@graph":[{"@type":"WebPage","@id":"https:\/\/www.electroluxprofessional.com\/br\/bancadas-refrigeradas\/","url":"https:\/\/www.electroluxprofessional.com\/br\/bancadas-refrigeradas\/","name":"Bancadas refrigeradas - Electrolux Professional Brasil","isPartOf":{"@id":"https:\/\/www.electroluxprofessional.com\/br\/#website"},"datePublished":"2017-03-09T11:44:47+00:00","dateModified":"2025-11-05T16:56:17+00:00","breadcrumb":{"@id":"https:\/\/www.electroluxprofessional.com\/br\/bancadas-refrigeradas\/#breadcrumb"},"inLanguage":"pt-BR","potentialAction":[{"@type":"ReadAction","target":["https:\/\/www.electroluxprofessional.com\/br\/bancadas-refrigeradas\/"]}]},{"@type":"BreadcrumbList","@id":"https:\/\/www.electroluxprofessional.com\/br\/bancadas-refrigeradas\/#breadcrumb","itemListElement":[{"@type":"ListItem","position":1,"name":"Home","item":"https:\/\/www.electroluxprofessional.com\/br\/"},{"@type":"ListItem","position":2,"name":"Bancadas refrigeradas"}]},{"@type":"WebSite","@id":"https:\/\/www.electroluxprofessional.com\/br\/#website","url":"https:\/\/www.electroluxprofessional.com\/br\/","name":"Electrolux Professional Brasil","description":"Equipamiento cocinas profesionales y lavander\u00edas comerciales. Excelencia en el suministro de soluciones profesionales.","potentialAction":[{"@type":"SearchAction","target":{"@type":"EntryPoint","urlTemplate":"https:\/\/www.electroluxprofessional.com\/br\/?src={search_term_string}"},"query-input":"required name=search_term_string"}],"inLanguage":"pt-BR"}]}},"_links":{"self":[{"href":"https:\/\/www.electroluxprofessional.com\/br\/wp-json\/wp\/v2\/pages\/3153"}],"collection":[{"href":"https:\/\/www.electroluxprofessional.com\/br\/wp-json\/wp\/v2\/pages"}],"about":[{"href":"https:\/\/www.electroluxprofessional.com\/br\/wp-json\/wp\/v2\/types\/page"}],"author":[{"embeddable":true,"href":"https:\/\/www.electroluxprofessional.com\/br\/wp-json\/wp\/v2\/users\/23"}],"replies":[{"embeddable":true,"href":"https:\/\/www.electroluxprofessional.com\/br\/wp-json\/wp\/v2\/comments?post=3153"}],"version-history":[{"count":23,"href":"https:\/\/www.electroluxprofessional.com\/br\/wp-json\/wp\/v2\/pages\/3153\/revisions"}],"predecessor-version":[{"id":6674,"href":"https:\/\/www.electroluxprofessional.com\/br\/wp-json\/wp\/v2\/pages\/3153\/revisions\/6674"}],"wp:attachment":[{"href":"https:\/\/www.electroluxprofessional.com\/br\/wp-json\/wp\/v2\/media?parent=3153"}],"curies":[{"name":"wp","href":"https:\/\/api.w.org\/{rel}","templated":true}]}}