{"id":3098,"date":"2017-03-08T11:34:33","date_gmt":"2017-03-08T11:34:33","guid":{"rendered":"https:\/\/www.electroluxprofessional.com\/br\/?page_id=3098"},"modified":"2026-04-07T13:54:23","modified_gmt":"2026-04-07T13:54:23","slug":"refrigeradores-verticais","status":"publish","type":"page","link":"https:\/\/www.electroluxprofessional.com\/br\/refrigeradores-verticais\/","title":{"rendered":"Refrigeradores Verticais"},"content":{"rendered":"<p>[vc_row full_width=&#8221;electroluxpro-full-width-no-padding&#8221;][vc_column][elx_hero_slider label_text_color=&#8221;inherit&#8221; images=&#8221;2683&#8243;][elx_heading font_container=&#8221;h1&#8243; font_size=&#8221;h2&#8243; text_color=&#8221;inherit&#8221;]Refrigeradores verticais[\/elx_heading][\/elx_hero_slider][vc_empty_space][\/vc_column][\/vc_row][vc_row][vc_column][elx_heading font_container=&#8221;h1&#8243; font_size=&#8221;h2&#8243; text_color=&#8221;inherit&#8221; text_align=&#8221;text-center&#8221;]uma obra-prima da conserva\u00e7\u00e3o[\/elx_heading][vc_empty_space][\/vc_column][\/vc_row][vc_row][vc_column][vc_empty_space][elx_heading text_color=&#8221;inherit&#8221; text_align=&#8221;text-center&#8221;]<strong>ecostore<sup>HP<\/sup> classe A<br \/>\nprojetado para condi\u00e7\u00f5es extremas<\/strong>[\/elx_heading][vc_empty_space][vc_column_text]Electrolux Professional ecostore<sup>HP\u00a0<\/sup>\u00e9 classe A, atendendo \u00e0s demandas das classes superiores da primeira rotulagem energ\u00e9tica europeia obrigat\u00f3ria para refrigeradores e congeladores profissionais.[\/vc_column_text][vc_empty_space][\/vc_column][\/vc_row][vc_row][vc_column width=&#8221;1\/2&#8243;][vc_single_image image=&#8221;656&#8243; img_size=&#8221;full&#8221;][\/vc_column][vc_column width=&#8221;1\/2&#8243;][elx_simple_block background_color=&#8221;inherit&#8221;][elx_heading font_size=&#8221;h4&#8243; text_color=&#8221;inherit&#8221;]Mais capacidade e melhor classe energ\u00e9tica.<\/p>\n<p>Reduza sua conta de eletricidade em at\u00e9 80% e economize at\u00e9 830 euros\/ano *.[\/elx_heading][vc_single_image image=&#8221;2686&#8243; img_size=&#8221;full&#8221; alignment=&#8221;center&#8221;][\/elx_simple_block][\/vc_column][\/vc_row][vc_row][vc_column][vc_column_text]*Economia potencial com base em dados da Diretiva Europeia de Concep\u00e7\u00e3o Ecol\u00f3gica e obtidos atrav\u00e9s da compara\u00e7\u00e3o de refrigeradores e congeladores Classe G com gabinetes equivalentes de classe A (custo de luz 0,21 \u20ac \/ kWh e volume l\u00edquido de 496lt). O r\u00f3tulo cumpre o regulamento (UE) 2015\/1094 da comiss\u00e3o de 5 de maio de 2015.[\/vc_column_text][\/vc_column][\/vc_row][vc_row][vc_column][vc_empty_space][elx_heading font_size=&#8221;h3&#8243; text_color=&#8221;inherit&#8221;]Por que devo investir em um ecostore?[\/elx_heading][\/vc_column][\/vc_row][vc_row][vc_column width=&#8221;1\/3&#8243;][vc_single_image image=&#8221;686&#8243; alignment=&#8221;center&#8221;][elx_heading font_size=&#8221;h4&#8243; text_color=&#8221;inherit&#8221; text_align=&#8221;text-center&#8221;]Desempenho inteligente[\/elx_heading][vc_column_text]<\/p>\n<p style=\"text-align: center;\"><strong>Sistema de circula\u00e7\u00e3o de ar<\/strong><\/p>\n<p>[\/vc_column_text][vc_column_text]arm\u00e1rios ecostore, equipados com o Frost Watch Control, que oferece vantagens importantes nas cozinhas com aberturas frequentes da porta, descongela\u00e7\u00e3o otimizada para evitar mudan\u00e7as repentinas de temperatura, redu\u00e7\u00e3o da prolifera\u00e7\u00e3o bacteriana, danos aos alimentos e alto consumo de luz.[\/vc_column_text][\/vc_column][vc_column width=&#8221;1\/3&#8243;][vc_single_image image=&#8221;683&#8243; alignment=&#8221;center&#8221;][elx_heading font_size=&#8221;h4&#8243; text_color=&#8221;inherit&#8221; text_align=&#8221;text-center&#8221;]Efici\u00eancia energ\u00e9tica[\/elx_heading][vc_column_text]<\/p>\n<p style=\"text-align: center;\"><strong>65% menos consumo de energia<\/strong><\/p>\n<p>[\/vc_column_text][vc_column_text]Para garantir uma efici\u00eancia excepcional, nossos gabinetes ecostore s\u00e3o classificados de acordo com os padr\u00f5es internacionais mais rigorosos de prote\u00e7\u00e3o ambiental e gerenciamento de custos, como ECA, EIA, Go&#8217;Energi e European Energy Label.[\/vc_column_text][\/vc_column][vc_column width=&#8221;1\/3&#8243;][vc_single_image image=&#8221;682&#8243; alignment=&#8221;center&#8221;][elx_heading font_size=&#8221;h4&#8243; text_color=&#8221;inherit&#8221; text_align=&#8221;text-center&#8221;]Capacidad de almacenamiento[\/elx_heading][vc_column_text]<\/p>\n<p style=\"text-align: center;\"><strong>Hasta 45 litros m\u00e1s<\/strong><\/p>\n<p>[\/vc_column_text][vc_column_text]Com o seu novo design, arm\u00e1rios ecostore Electrolux oferecem, em m\u00e9dia, 45 litros a mais de espa\u00e7o, em compara\u00e7\u00e3o com outros gabinetes do mercado. Robustez excepcional garantida gra\u00e7as a produ\u00e7\u00e3o em a\u00e7o inoxid\u00e1vel AISI 304 dentro e por fora.[\/vc_column_text][\/vc_column][\/vc_row][vc_row][vc_column][vc_empty_space][elx_heading font_size=&#8221;h3&#8243; text_color=&#8221;inherit&#8221;]Optiflow: os melhores resultados de resfriamento e uniformidade de temperatura economizando energia[\/elx_heading][\/vc_column][\/vc_row][vc_row][vc_column width=&#8221;1\/2&#8243;][vc_empty_space][elx_simple_block background_color=&#8221;inherit&#8221;][vc_column_text]Optiflow \u00e9 um sistema inteligente de circula\u00e7\u00e3o de ar que adapta a carga para obter os melhores resultados de refrigera\u00e7\u00e3o, uniformidade de temperatura e menor consumo de energia.<\/p>\n<p>Nos gabinetes de ecostore, a forma do condensador foi desenvolvida para minimizar a resist\u00eancia na passagem do ar, reduzindo o seu fundo, o que garante os melhores resultados de resfriamento.[\/vc_column_text][\/elx_simple_block][\/vc_column][vc_column width=&#8221;1\/2&#8243;][vc_single_image image=&#8221;2687&#8243; img_size=&#8221;full&#8221;][\/vc_column][\/vc_row][vc_row disable_element=&#8221;yes&#8221; css=&#8221;.vc_custom_1774608430176{background-color: #e9eff5 !important;}&#8221;][vc_column][vc_empty_space height=&#8221;50px&#8221;][elx_text_image number_images=&#8221;2&#8243; style_image=&#8221;image_vertical&#8221; title_position=&#8221;top&#8221; button_style=&#8221;secondary-bordered&#8221; bg_row=&#8221;bg-row-light-blue&#8221; title=&#8221;ecostore HPe Refrigerated and Freezer Cabinets with pressed guides&#8221; lists=&#8221;%5B%7B%7D%5D&#8221; values=&#8221;%5B%7B%22icon_electroluxpro%22%3A%22elx-icon%20icon-multidirectional-optiflow%22%2C%22title_icon%22%3A%22Multi-directional%20Optiflow%22%2C%22tag_icon_title%22%3A%22h3%22%2C%22text_icon%22%3A%22Full%20loaded%20cabinet%3F%20No%20problem!%20The%20multi-directional%20Optiflow%20ensures%20%3Cb%3Euniform%20cooling%3C%2Fb%3E%20thanks%20to%20the%20unique%20airflow%20design.%20%3Cb%3EPatent%20Pending%3C%2Fb%3E%20EP25203398.0%5Cn%22%7D%2C%7B%22icon_electroluxpro%22%3A%22elx-icon%20icon-ultra-efficient-space%22%2C%22title_icon%22%3A%22Ultra%20efficient%20space%22%2C%22tag_icon_title%22%3A%22h3%22%2C%22text_icon%22%3A%22Maximum%20stability%20and%20anti-tip%20safety%2C%20even%20when%20fully%20loaded%20with%20heavy%20items%20%E2%80%94%20no%20holding%20grids%20required.%20%3Cb%3EMore%20usable%20space%3C%2Fb%3E%2C%20less%20hassle.%22%7D%2C%7B%22icon_electroluxpro%22%3A%22elx-icon%20icon-quick-cleaning%22%2C%22title_icon%22%3A%22Quick%20cleaning%22%2C%22tag_icon_title%22%3A%22h3%22%2C%22text_icon%22%3A%22Streamlined%20design%20for%20%3Cb%3Efaster%2C%20effortless%20cleaning%3C%2Fb%3E%20to%20meet%20top%20hygiene%20standards%20thanks%20to%20the%20one-piece%20pressed%20guides.%22%7D%5D&#8221; subtitle=&#8221;Designed for simplicity, built for results&#8221; double_image_1=&#8221;7245&#8243; double_image_2=&#8221;7241&#8243;]Outstanding energy efficiency, high performance, optimal food preservation and easy cleanability: the <strong data-start=\"516\" data-end=\"538\">ecostore HPe refrigerated and freezer cabinets <\/strong>now take ergonomics to the next level thanks to the innovative <strong data-start=\"603\" data-end=\"627\">pressed guides<\/strong>.[\/elx_text_image][\/vc_column][\/vc_row][vc_row disable_element=&#8221;yes&#8221;][vc_column][vc_empty_space][elx_video_text link_video=&#8221;https:\/\/www.youtube.com\/watch?v=tctAGesHgjM&#8221; title=&#8221;Unique pressed guides&#8221; tag_title=&#8221;h3&#8243; bg_row=&#8221;bg-download-blue&#8221; color_text_row=&#8221;text-white&#8221; image_preview=&#8221;7239&#8243;]Discover ecostore HPe Refrigerated Cabinets with unique pressed guides, ensuring faster and effortless cleaning.<br \/>\nDesigned for simplicity, built for results: superior ergonomics, high performance, energy efficiency and perfect food preservation.[\/elx_video_text][\/vc_column][\/vc_row][vc_row disable_element=&#8221;yes&#8221;][vc_column][vc_empty_space][\/vc_column][\/vc_row][vc_row][vc_column][vc_column_text]<\/p>\n<h4 style=\"text-align: center;\">ecostore foi criado para um grupo-alvo profissional com altas exig\u00eancias. A ecostore \u00e9 a escolha de qualquer empresa que valorize uma combina\u00e7\u00e3o de inova\u00e7\u00e3o, confiabilidade e sustentabilidade.<\/h4>\n<p>[\/vc_column_text][\/vc_column][\/vc_row][vc_row][vc_column width=&#8221;1\/2&#8243;][elx_video_block background_image=&#8221;1054&#8243; video_link=&#8221;https:\/\/www.youtube.com\/watch?v=_0KtaFIQdMI&#8221; minimum_height=&#8221;260px&#8221;][vc_column_text]Ecostore<sup>HP<\/sup> &#8211;\u00a0refrigeradores de\u00a0classe alta[\/vc_column_text][\/vc_column][vc_column width=&#8221;1\/2&#8243;][elx_video_block background_image=&#8221;2684&#8243; video_link=&#8221;https:\/\/www.youtube.com\/watch?v=Uax3dUWNTQs&#8221; minimum_height=&#8221;260px&#8221;][vc_column_text]refrigeradores verticais\u00a0ecostore[\/vc_column_text][\/vc_column][\/vc_row][vc_row][vc_column width=&#8221;1\/4&#8243;][elx_download_block text=&#8221;Folheto<br \/>\necostore<br \/>\narm\u00e1rios refrigerados&#8221; link=&#8221;files.professional.electrolux.com\/docs\/?n=CLF-9JEFJ&amp;b=5&amp;l=4&#8243; background_color=&#8221;restaurant&#8221; reveal_effect=&#8221;&#8221; reveal_duration=&#8221;&#8221; reveal_delay=&#8221;&#8221;][\/vc_column][vc_column width=&#8221;1\/4&#8243;][elx_download_block text=&#8221;Cat\u00e1logo<br \/>\necostore<br \/>\narm\u00e1rios refrigerados&#8221; link=&#8221;files.professional.electrolux.com\/docs\/?n=BR-9JEFI&amp;b=5&amp;l=4&#8243; background_color=&#8221;restaurant&#8221; reveal_effect=&#8221;&#8221; reveal_duration=&#8221;&#8221; reveal_delay=&#8221;&#8221;][\/vc_column][vc_column width=&#8221;1\/4&#8243;][elx_download_block text=&#8221;ecostore<br \/>\necoguia&#8221; link=&#8221;files.professional.electrolux.com\/docs\/?n=ECO-9JEFT&amp;b=5&amp;l=4&#8243; background_color=&#8221;restaurant&#8221; reveal_effect=&#8221;&#8221; reveal_duration=&#8221;&#8221; reveal_delay=&#8221;&#8221;][\/vc_column][vc_column width=&#8221;1\/4&#8243;][elx_download_block text=&#8221;prostore<br \/>\nrefrigeradores e freezers&#8221; link=&#8221;files.professional.electrolux.com\/docs\/?n=CLF-9JEIA&amp;b=5&amp;l=4&#8243; background_color=&#8221;restaurant&#8221; reveal_effect=&#8221;&#8221; reveal_duration=&#8221;&#8221; reveal_delay=&#8221;&#8221;][\/vc_column][\/vc_row][vc_row][vc_column][vc_empty_space][elx_heading font_container=&#8221;h3&#8243; text_color=&#8221;inherit&#8221; text_align=&#8221;text-center&#8221;]Refrigera\u00e7\u00e3o respons\u00e1vel[\/elx_heading][vc_empty_space][\/vc_column][\/vc_row][vc_row][vc_column width=&#8221;1\/2&#8243;][elx_image_block background_image=&#8221;793&#8243; minimum_height=&#8221;450px&#8221;][\/vc_column][vc_column width=&#8221;1\/2&#8243;][vc_empty_space height=&#8221;20px&#8221;][vc_single_image image=&#8221;805&#8243; img_size=&#8221;full&#8221;][vc_empty_space][vc_column_text css=&#8221;.vc_custom_1510600312391{margin-bottom: 10px !important;border-bottom-width: 10px !important;padding-bottom: 10px !important;}&#8221;]<\/p>\n<div class=\"wpb_text_column wpb_content_element \">\n<div class=\"\">\n<h4>Placas, grades e cestas<\/h4>\n<p>Para preservar os alimentos,\u00a0acess\u00f3rios\u00a0de refrigera\u00e7\u00e3o s\u00e3o os ativos mais valiosos de sua cozinha. Escolher o acess\u00f3rio certo \u00e9 uma garantia de opera\u00e7\u00e3o correta e eficiente.<\/p>\n<\/div>\n<\/div>\n<p>[\/vc_column_text][\/vc_column][\/vc_row][vc_row][vc_column][vc_empty_space height=&#8221;50px&#8221;][elx_heading font_container=&#8221;h3&#8243; text_color=&#8221;inherit&#8221; text_align=&#8221;text-center&#8221;]Descubra o que nossos gabinetes podem fazer para o seu neg\u00f3cio[\/elx_heading][elx_o2000_contact_us s=&#8221;Solicita\u00e7\u00e3o de informa\u00e7\u00f5es sobre arm\u00e1rios refrigerados&#8221; country=&#8221;Brazil&#8221; container=&#8221;elxcontactus1480089212&#8243; r=&#8221;Gostaria de ter mais informa\u00e7\u00f5es sobre arm\u00e1rios refrigerados. Por favor, entre em contato comigo.&#8221; e=&#8221;ronaldo.portella@electrolux.com&#8221; l=&#8221;pt&#8221;][vc_empty_space height=&#8221;50px&#8221;][\/vc_column][\/vc_row]<\/p>\n","protected":false},"excerpt":{"rendered":"<p>[vc_row full_width=&#8221;electroluxpro-full-width-no-padding&#8221;][vc_column][elx_hero_slider label_text_color=&#8221;inherit&#8221; images=&#8221;2683&#8243;][elx_heading font_container=&#8221;h1&#8243; font_size=&#8221;h2&#8243; text_color=&#8221;inherit&#8221;]Refrigeradores verticais[\/elx_heading][\/elx_hero_slider][vc_empty_space][\/vc_column][\/vc_row][vc_row][vc_column][elx_heading font_container=&#8221;h1&#8243; font_size=&#8221;h2&#8243; text_color=&#8221;inherit&#8221; text_align=&#8221;text-center&#8221;]uma obra-prima da conserva\u00e7\u00e3o[\/elx_heading][vc_empty_space][\/vc_column][\/vc_row][vc_row][vc_column][vc_empty_space][elx_heading text_color=&#8221;inherit&#8221; text_align=&#8221;text-center&#8221;]ecostoreHP classe A projetado para condi\u00e7\u00f5es extremas[\/elx_heading][vc_empty_space][vc_column_text]Electrolux Professional ecostoreHP\u00a0\u00e9 classe A, atendendo \u00e0s demandas das classes superiores da primeira rotulagem energ\u00e9tica europeia obrigat\u00f3ria para refrigeradores e congeladores profissionais.[\/vc_column_text][vc_empty_space][\/vc_column][\/vc_row][vc_row][vc_column width=&#8221;1\/2&#8243;][vc_single_image image=&#8221;656&#8243; img_size=&#8221;full&#8221;][\/vc_column][vc_column width=&#8221;1\/2&#8243;][elx_simple_block background_color=&#8221;inherit&#8221;][elx_heading font_size=&#8221;h4&#8243; text_color=&#8221;inherit&#8221;]Mais capacidade e melhor classe [&hellip;]<\/p>\n","protected":false},"author":23,"featured_media":5119,"parent":0,"menu_order":0,"comment_status":"closed","ping_status":"closed","template":"","meta":{"footnotes":""},"class_list":["post-3098","page","type-page","status-publish","has-post-thumbnail","hentry"],"acf":[],"yoast_head":"<!-- This site is optimized with the Yoast SEO plugin v23.3 - https:\/\/yoast.com\/wordpress\/plugins\/seo\/ -->\n<title>Refrigeradores Verticais - Electrolux Professional Brasil<\/title>\n<meta name=\"robots\" content=\"index, follow, max-snippet:-1, max-image-preview:large, max-video-preview:-1\" \/>\n<link rel=\"canonical\" href=\"https:\/\/www.electroluxprofessional.com\/br\/refrigeradores-verticais\/\" \/>\n<meta property=\"og:locale\" content=\"pt_BR\" \/>\n<meta property=\"og:type\" content=\"article\" \/>\n<meta property=\"og:title\" content=\"Refrigeradores Verticais - Electrolux Professional Brasil\" \/>\n<meta property=\"og:description\" content=\"[vc_row full_width=&#8221;electroluxpro-full-width-no-padding&#8221;][vc_column][elx_hero_slider label_text_color=&#8221;inherit&#8221; images=&#8221;2683&#8243;][elx_heading font_container=&#8221;h1&#8243; font_size=&#8221;h2&#8243; text_color=&#8221;inherit&#8221;]Refrigeradores verticais[\/elx_heading][\/elx_hero_slider][vc_empty_space][\/vc_column][\/vc_row][vc_row][vc_column][elx_heading font_container=&#8221;h1&#8243; font_size=&#8221;h2&#8243; text_color=&#8221;inherit&#8221; text_align=&#8221;text-center&#8221;]uma obra-prima da conserva\u00e7\u00e3o[\/elx_heading][vc_empty_space][\/vc_column][\/vc_row][vc_row][vc_column][vc_empty_space][elx_heading text_color=&#8221;inherit&#8221; text_align=&#8221;text-center&#8221;]ecostoreHP classe A projetado para condi\u00e7\u00f5es extremas[\/elx_heading][vc_empty_space][vc_column_text]Electrolux Professional ecostoreHP\u00a0\u00e9 classe A, atendendo \u00e0s demandas das classes superiores da primeira rotulagem energ\u00e9tica europeia obrigat\u00f3ria para refrigeradores e congeladores profissionais.[\/vc_column_text][vc_empty_space][\/vc_column][\/vc_row][vc_row][vc_column width=&#8221;1\/2&#8243;][vc_single_image image=&#8221;656&#8243; img_size=&#8221;full&#8221;][\/vc_column][vc_column width=&#8221;1\/2&#8243;][elx_simple_block background_color=&#8221;inherit&#8221;][elx_heading font_size=&#8221;h4&#8243; text_color=&#8221;inherit&#8221;]Mais capacidade e melhor classe [&hellip;]\" \/>\n<meta property=\"og:url\" content=\"https:\/\/www.electroluxprofessional.com\/br\/refrigeradores-verticais\/\" \/>\n<meta property=\"og:site_name\" content=\"Electrolux Professional Brasil\" \/>\n<meta property=\"article:modified_time\" content=\"2026-04-07T13:54:23+00:00\" \/>\n<meta property=\"og:image\" content=\"https:\/\/www.electroluxprofessional.com\/br\/wp-content\/uploads\/2018\/11\/Armarios.jpg\" \/>\n\t<meta property=\"og:image:width\" content=\"641\" \/>\n\t<meta property=\"og:image:height\" content=\"518\" \/>\n\t<meta property=\"og:image:type\" content=\"image\/jpeg\" \/>\n<meta name=\"twitter:card\" content=\"summary_large_image\" \/>\n<meta name=\"twitter:label1\" content=\"Est. tempo de leitura\" \/>\n\t<meta name=\"twitter:data1\" content=\"7 minutos\" \/>\n<script type=\"application\/ld+json\" class=\"yoast-schema-graph\">{\"@context\":\"https:\/\/schema.org\",\"@graph\":[{\"@type\":\"WebPage\",\"@id\":\"https:\/\/www.electroluxprofessional.com\/br\/refrigeradores-verticais\/\",\"url\":\"https:\/\/www.electroluxprofessional.com\/br\/refrigeradores-verticais\/\",\"name\":\"Refrigeradores Verticais - Electrolux Professional Brasil\",\"isPartOf\":{\"@id\":\"https:\/\/www.electroluxprofessional.com\/br\/#website\"},\"primaryImageOfPage\":{\"@id\":\"https:\/\/www.electroluxprofessional.com\/br\/refrigeradores-verticais\/#primaryimage\"},\"image\":{\"@id\":\"https:\/\/www.electroluxprofessional.com\/br\/refrigeradores-verticais\/#primaryimage\"},\"thumbnailUrl\":\"https:\/\/www.electroluxprofessional.com\/br\/wp-content\/uploads\/2018\/11\/Armarios.jpg\",\"datePublished\":\"2017-03-08T11:34:33+00:00\",\"dateModified\":\"2026-04-07T13:54:23+00:00\",\"breadcrumb\":{\"@id\":\"https:\/\/www.electroluxprofessional.com\/br\/refrigeradores-verticais\/#breadcrumb\"},\"inLanguage\":\"pt-BR\",\"potentialAction\":[{\"@type\":\"ReadAction\",\"target\":[\"https:\/\/www.electroluxprofessional.com\/br\/refrigeradores-verticais\/\"]}]},{\"@type\":\"ImageObject\",\"inLanguage\":\"pt-BR\",\"@id\":\"https:\/\/www.electroluxprofessional.com\/br\/refrigeradores-verticais\/#primaryimage\",\"url\":\"https:\/\/www.electroluxprofessional.com\/br\/wp-content\/uploads\/2018\/11\/Armarios.jpg\",\"contentUrl\":\"https:\/\/www.electroluxprofessional.com\/br\/wp-content\/uploads\/2018\/11\/Armarios.jpg\",\"width\":641,\"height\":518,\"caption\":\"Armarios\"},{\"@type\":\"BreadcrumbList\",\"@id\":\"https:\/\/www.electroluxprofessional.com\/br\/refrigeradores-verticais\/#breadcrumb\",\"itemListElement\":[{\"@type\":\"ListItem\",\"position\":1,\"name\":\"Home\",\"item\":\"https:\/\/www.electroluxprofessional.com\/br\/\"},{\"@type\":\"ListItem\",\"position\":2,\"name\":\"Refrigeradores Verticais\"}]},{\"@type\":\"WebSite\",\"@id\":\"https:\/\/www.electroluxprofessional.com\/br\/#website\",\"url\":\"https:\/\/www.electroluxprofessional.com\/br\/\",\"name\":\"Electrolux Professional Brasil\",\"description\":\"Equipamiento cocinas profesionales y lavander\u00edas comerciales. Excelencia en el suministro de soluciones profesionales.\",\"potentialAction\":[{\"@type\":\"SearchAction\",\"target\":{\"@type\":\"EntryPoint\",\"urlTemplate\":\"https:\/\/www.electroluxprofessional.com\/br\/?src={search_term_string}\"},\"query-input\":\"required name=search_term_string\"}],\"inLanguage\":\"pt-BR\"}]}<\/script>\n<!-- \/ Yoast SEO plugin. -->","yoast_head_json":{"title":"Refrigeradores Verticais - Electrolux Professional Brasil","robots":{"index":"index","follow":"follow","max-snippet":"max-snippet:-1","max-image-preview":"max-image-preview:large","max-video-preview":"max-video-preview:-1"},"canonical":"https:\/\/www.electroluxprofessional.com\/br\/refrigeradores-verticais\/","og_locale":"pt_BR","og_type":"article","og_title":"Refrigeradores Verticais - Electrolux Professional Brasil","og_description":"[vc_row full_width=&#8221;electroluxpro-full-width-no-padding&#8221;][vc_column][elx_hero_slider label_text_color=&#8221;inherit&#8221; images=&#8221;2683&#8243;][elx_heading font_container=&#8221;h1&#8243; font_size=&#8221;h2&#8243; text_color=&#8221;inherit&#8221;]Refrigeradores verticais[\/elx_heading][\/elx_hero_slider][vc_empty_space][\/vc_column][\/vc_row][vc_row][vc_column][elx_heading font_container=&#8221;h1&#8243; font_size=&#8221;h2&#8243; text_color=&#8221;inherit&#8221; text_align=&#8221;text-center&#8221;]uma obra-prima da conserva\u00e7\u00e3o[\/elx_heading][vc_empty_space][\/vc_column][\/vc_row][vc_row][vc_column][vc_empty_space][elx_heading text_color=&#8221;inherit&#8221; text_align=&#8221;text-center&#8221;]ecostoreHP classe A projetado para condi\u00e7\u00f5es extremas[\/elx_heading][vc_empty_space][vc_column_text]Electrolux Professional ecostoreHP\u00a0\u00e9 classe A, atendendo \u00e0s demandas das classes superiores da primeira rotulagem energ\u00e9tica europeia obrigat\u00f3ria para refrigeradores e congeladores profissionais.[\/vc_column_text][vc_empty_space][\/vc_column][\/vc_row][vc_row][vc_column width=&#8221;1\/2&#8243;][vc_single_image image=&#8221;656&#8243; img_size=&#8221;full&#8221;][\/vc_column][vc_column width=&#8221;1\/2&#8243;][elx_simple_block background_color=&#8221;inherit&#8221;][elx_heading font_size=&#8221;h4&#8243; text_color=&#8221;inherit&#8221;]Mais capacidade e melhor classe [&hellip;]","og_url":"https:\/\/www.electroluxprofessional.com\/br\/refrigeradores-verticais\/","og_site_name":"Electrolux Professional Brasil","article_modified_time":"2026-04-07T13:54:23+00:00","og_image":[{"width":641,"height":518,"url":"https:\/\/www.electroluxprofessional.com\/br\/wp-content\/uploads\/2018\/11\/Armarios.jpg","type":"image\/jpeg"}],"twitter_card":"summary_large_image","twitter_misc":{"Est. tempo de leitura":"7 minutos"},"schema":{"@context":"https:\/\/schema.org","@graph":[{"@type":"WebPage","@id":"https:\/\/www.electroluxprofessional.com\/br\/refrigeradores-verticais\/","url":"https:\/\/www.electroluxprofessional.com\/br\/refrigeradores-verticais\/","name":"Refrigeradores Verticais - Electrolux Professional Brasil","isPartOf":{"@id":"https:\/\/www.electroluxprofessional.com\/br\/#website"},"primaryImageOfPage":{"@id":"https:\/\/www.electroluxprofessional.com\/br\/refrigeradores-verticais\/#primaryimage"},"image":{"@id":"https:\/\/www.electroluxprofessional.com\/br\/refrigeradores-verticais\/#primaryimage"},"thumbnailUrl":"https:\/\/www.electroluxprofessional.com\/br\/wp-content\/uploads\/2018\/11\/Armarios.jpg","datePublished":"2017-03-08T11:34:33+00:00","dateModified":"2026-04-07T13:54:23+00:00","breadcrumb":{"@id":"https:\/\/www.electroluxprofessional.com\/br\/refrigeradores-verticais\/#breadcrumb"},"inLanguage":"pt-BR","potentialAction":[{"@type":"ReadAction","target":["https:\/\/www.electroluxprofessional.com\/br\/refrigeradores-verticais\/"]}]},{"@type":"ImageObject","inLanguage":"pt-BR","@id":"https:\/\/www.electroluxprofessional.com\/br\/refrigeradores-verticais\/#primaryimage","url":"https:\/\/www.electroluxprofessional.com\/br\/wp-content\/uploads\/2018\/11\/Armarios.jpg","contentUrl":"https:\/\/www.electroluxprofessional.com\/br\/wp-content\/uploads\/2018\/11\/Armarios.jpg","width":641,"height":518,"caption":"Armarios"},{"@type":"BreadcrumbList","@id":"https:\/\/www.electroluxprofessional.com\/br\/refrigeradores-verticais\/#breadcrumb","itemListElement":[{"@type":"ListItem","position":1,"name":"Home","item":"https:\/\/www.electroluxprofessional.com\/br\/"},{"@type":"ListItem","position":2,"name":"Refrigeradores Verticais"}]},{"@type":"WebSite","@id":"https:\/\/www.electroluxprofessional.com\/br\/#website","url":"https:\/\/www.electroluxprofessional.com\/br\/","name":"Electrolux Professional Brasil","description":"Equipamiento cocinas profesionales y lavander\u00edas comerciales. Excelencia en el suministro de soluciones profesionales.","potentialAction":[{"@type":"SearchAction","target":{"@type":"EntryPoint","urlTemplate":"https:\/\/www.electroluxprofessional.com\/br\/?src={search_term_string}"},"query-input":"required name=search_term_string"}],"inLanguage":"pt-BR"}]}},"_links":{"self":[{"href":"https:\/\/www.electroluxprofessional.com\/br\/wp-json\/wp\/v2\/pages\/3098"}],"collection":[{"href":"https:\/\/www.electroluxprofessional.com\/br\/wp-json\/wp\/v2\/pages"}],"about":[{"href":"https:\/\/www.electroluxprofessional.com\/br\/wp-json\/wp\/v2\/types\/page"}],"author":[{"embeddable":true,"href":"https:\/\/www.electroluxprofessional.com\/br\/wp-json\/wp\/v2\/users\/23"}],"replies":[{"embeddable":true,"href":"https:\/\/www.electroluxprofessional.com\/br\/wp-json\/wp\/v2\/comments?post=3098"}],"version-history":[{"count":38,"href":"https:\/\/www.electroluxprofessional.com\/br\/wp-json\/wp\/v2\/pages\/3098\/revisions"}],"predecessor-version":[{"id":7246,"href":"https:\/\/www.electroluxprofessional.com\/br\/wp-json\/wp\/v2\/pages\/3098\/revisions\/7246"}],"wp:featuredmedia":[{"embeddable":true,"href":"https:\/\/www.electroluxprofessional.com\/br\/wp-json\/wp\/v2\/media\/5119"}],"wp:attachment":[{"href":"https:\/\/www.electroluxprofessional.com\/br\/wp-json\/wp\/v2\/media?parent=3098"}],"curies":[{"name":"wp","href":"https:\/\/api.w.org\/{rel}","templated":true}]}}