{"id":3047,"date":"2017-03-06T15:50:44","date_gmt":"2017-03-06T15:50:44","guid":{"rendered":"https:\/\/www.electroluxprofessional.com\/br\/?page_id=3047"},"modified":"2025-11-05T16:52:52","modified_gmt":"2025-11-05T16:52:52","slug":"libero-line","status":"publish","type":"page","link":"https:\/\/www.electroluxprofessional.com\/br\/libero-line\/","title":{"rendered":"Libero line"},"content":{"rendered":"<p>[vc_row full_width=&#8221;electroluxpro-full-width-no-padding&#8221; equal_height=&#8221;yes&#8221;][vc_column width=&#8221;2\/3&#8243;][elx_image_block background_image=&#8221;606&#8243; minimum_height=&#8221;500px&#8221;][\/vc_column][vc_column width=&#8221;1\/3&#8243;][elx_image_block background_image=&#8221;704&#8243; minimum_height=&#8221;500px&#8221;][\/vc_column][\/vc_row][vc_row][vc_column][vc_empty_space][\/vc_column][\/vc_row][vc_row][vc_column width=&#8221;1\/2&#8243;][elx_heading font_container=&#8221;h1&#8243; font_size=&#8221;h2&#8243; text_color=&#8221;inherit&#8221;]<strong>Libero Line<\/strong>[\/elx_heading][vc_empty_space][elx_heading font_size=&#8221;h3&#8243; text_color=&#8221;inherit&#8221;]Conceito de cozinha frontal. Sirva a todos, em qualquer lugar.[\/elx_heading][vc_empty_space height=&#8221;15px&#8221;][vc_column_text]Prepare pratos r\u00e1pidos para pessoas em movimento. Tudo, desde sandu\u00edches simples at\u00e9 refei\u00e7\u00f5es.[\/vc_column_text][elx_heading font_size=&#8221;h4&#8243; text_color=&#8221;inherit&#8221;]Perto dos ingredientes[\/elx_heading][vc_column_text]O\u00a0<strong>Libero Point<\/strong> com <strong>gavetas refrigeradas<\/strong> mant\u00e9m alimentos frescos e permite\u00a0ter os <strong>ingredientes necess\u00e1rios nas proximidades.<\/strong>[\/vc_column_text][elx_heading font_size=&#8221;h4&#8243; text_color=&#8221;inherit&#8221;]Perto de seus clientes[\/elx_heading][vc_column_text]O inovador sistema Anti-Odor com ventila\u00e7\u00e3o de filtra\u00e7\u00e3o tripla reduz os maus odores emitidos durante o cozimento, fazendo de Libero Point a solu\u00e7\u00e3o ideal para qualquer tipo de\u00a0ambiente, interior ou exterior.[\/vc_column_text][\/vc_column][vc_column width=&#8221;1\/2&#8243;][vc_single_image image=&#8221;617&#8243; img_size=&#8221;573&#215;730&#8243; css=&#8221;.vc_custom_1487259624583{padding-top: 60px !important;}&#8221;][\/vc_column][\/vc_row][vc_row][vc_column][vc_empty_space height=&#8221;50px&#8221;][\/vc_column][\/vc_row][vc_row][vc_column width=&#8221;1\/3&#8243;][vc_single_image image=&#8221;949&#8243; img_size=&#8221;full&#8221;][\/vc_column][vc_column width=&#8221;1\/3&#8243;][elx_heading font_size=&#8221;h4&#8243; text_color=&#8221;inherit&#8221;]Pr\u00eamio &#8220;Janus de l&#8217;industrie&#8221;[\/elx_heading][vc_empty_space height=&#8221;15px&#8221;][vc_column_text]Em 2011, o Libero Point recebeu o prestigiado Janus de l&#8217;Industrie, um dos mais importantes pr\u00eamios europeus de design.[\/vc_column_text][\/vc_column][vc_column width=&#8221;1\/3&#8243;][vc_single_image image=&#8221;616&#8243; img_size=&#8221;full&#8221; alignment=&#8221;center&#8221;][\/vc_column][\/vc_row][vc_row][vc_column width=&#8221;1\/4&#8243;][elx_heading font_size=&#8221;h4&#8243; text_color=&#8221;inherit&#8221;]<strong>Fry Top\/Chapa<\/strong>[\/elx_heading][vc_column_text]<\/p>\n<ul>\n<li>Sirva seus clientes em tempo recorde! Vai de 20\u00b0 C a 265\u00b0 C em menos de 15 minutos<\/li>\n<li>O n\u00edvel de temperatura de trabalho correto \u00e9 mantido para cozinhar e grelhar alimentos uniformemente<\/li>\n<li>Uma ferramenta de limpeza especial inclu\u00edda, tornando simples remover qualquer res\u00edduo de comida da superf\u00edcie<\/li>\n<\/ul>\n<p>[\/vc_column_text][vc_single_image image=&#8221;2552&#8243; img_size=&#8221;full&#8221;][\/vc_column][vc_column width=&#8221;1\/4&#8243;][elx_heading font_size=&#8221;h4&#8243; text_color=&#8221;inherit&#8221;]<strong>Wok de indu\u00e7\u00e3o<\/strong>[\/elx_heading][vc_column_text]<\/p>\n<ul>\n<li>M\u00e1xima efici\u00eancia energ\u00e9tica, gra\u00e7as \u00e0 detec\u00e7\u00e3o autom\u00e1tica da panela que transfere energia somente quando a panela est\u00e1 presente<\/li>\n<li>N\u00e3o h\u00e1 emiss\u00f5es de calor para o ambiente, mas apenas para a panela de indu\u00e7\u00e3o magn\u00e9tica<\/li>\n<\/ul>\n<p>[\/vc_column_text][vc_empty_space][vc_single_image image=&#8221;2553&#8243; img_size=&#8221;full&#8221;][\/vc_column][vc_column width=&#8221;1\/4&#8243;][elx_heading font_size=&#8221;h4&#8243; text_color=&#8221;inherit&#8221;]<strong>Placa de indu\u00e7\u00e3o<\/strong>[\/elx_heading][vc_column_text]<\/p>\n<ul>\n<li>Reduza os custos de funcionamento, economizando at\u00e9 60% de energia, usando os\u00a0cook tops de indu\u00e7\u00e3o<\/li>\n<li>Sirva pratos em poucos minutos gra\u00e7as ao aquecimento r\u00e1pido da indu\u00e7\u00e3o<\/li>\n<li>Com superf\u00edcies lisas e cantos arredondados de limpeza \u00e9 mais f\u00e1cil e mais confort\u00e1vel, e a constru\u00e7\u00e3o em a\u00e7o inoxid\u00e1vel evita o risco de corros\u00e3o<\/li>\n<\/ul>\n<p>[\/vc_column_text][vc_single_image image=&#8221;2554&#8243; img_size=&#8221;full&#8221;][\/vc_column][vc_column width=&#8221;1\/4&#8243;][elx_heading font_size=&#8221;h4&#8243; text_color=&#8221;inherit&#8221;]<strong>Forno Mini Combi<\/strong>[\/elx_heading][vc_column_text]<\/p>\n<ul>\n<li>Um grande forno em um espa\u00e7o pequeno. Tudo o que voc\u00ea precisa para cozinhar, assar ou grelhar<\/li>\n<li>Compacto, f\u00e1cil de usar<\/li>\n<li>N\u00e3o h\u00e1 necessidade de conex\u00f5es de \u00e1gua<\/li>\n<li>Pe\u00e7as internas facilmente remov\u00edveis para limpeza<\/li>\n<\/ul>\n<p>[\/vc_column_text][vc_single_image image=&#8221;2555&#8243; img_size=&#8221;medium&#8221;][\/vc_column][\/vc_row][vc_row][vc_column][vc_empty_space][\/vc_column][\/vc_row][vc_row video_bg=&#8221;yes&#8221;][vc_column width=&#8221;1\/4&#8243;][elx_download_block text=&#8221;Libero line&#8221; link=&#8221;files.professional.electrolux.com\/docs\/?n=BR-9JEDT&amp;b=5&amp;l=4&#8243; background_color=&#8221;orchid&#8221; reveal_effect=&#8221;&#8221; reveal_duration=&#8221;&#8221; reveal_delay=&#8221;&#8221;][\/vc_column][vc_column width=&#8221;1\/4&#8243;][elx_download_block text=&#8221;Forno Mini Combi&#8221; link=&#8221;files.professional.electrolux.com\/docs\/?n=REC-9JEDU&amp;b=5&amp;l=4&#8243; background_color=&#8221;orchid&#8221; reveal_effect=&#8221;&#8221; reveal_duration=&#8221;&#8221; reveal_delay=&#8221;&#8221;][\/vc_column][vc_column width=&#8221;2\/4&#8243;][elx_video_block background_image=&#8221;2551&#8243; video_link=&#8221;https:\/\/www.youtube.com\/watch?v=jHWPvs9ZOXM&#8221; minimum_height=&#8221;260px&#8221;][vc_column_text]Apresenta\u00e7\u00e3o\u00a0Libero Line[\/vc_column_text][\/vc_column][\/vc_row][vc_row][vc_column][vc_empty_space height=&#8221;50px&#8221;][elx_heading text_color=&#8221;inherit&#8221; text_align=&#8221;text-center&#8221;]Descubra o que a Libero Line pode fazer para o seu neg\u00f3cio[\/elx_heading][elx_o2000_contact_us r=&#8221;&#8221; s=&#8221;Solicita\u00e7\u00e3o de informa\u00e7\u00f5es da linha libero&#8221; e=&#8221;ronaldo.portella@electrolux.com&#8221; country=&#8221;Brazil&#8221; l=&#8221;pt&#8221; container=&#8221;elxcontactus1469457188&#8243;][vc_empty_space height=&#8221;50px&#8221;][\/vc_column][\/vc_row]<\/p>\n","protected":false},"excerpt":{"rendered":"<p>[vc_row full_width=&#8221;electroluxpro-full-width-no-padding&#8221; equal_height=&#8221;yes&#8221;][vc_column width=&#8221;2\/3&#8243;][elx_image_block background_image=&#8221;606&#8243; minimum_height=&#8221;500px&#8221;][\/vc_column][vc_column width=&#8221;1\/3&#8243;][elx_image_block background_image=&#8221;704&#8243; minimum_height=&#8221;500px&#8221;][\/vc_column][\/vc_row][vc_row][vc_column][vc_empty_space][\/vc_column][\/vc_row][vc_row][vc_column width=&#8221;1\/2&#8243;][elx_heading font_container=&#8221;h1&#8243; font_size=&#8221;h2&#8243; text_color=&#8221;inherit&#8221;]Libero Line[\/elx_heading][vc_empty_space][elx_heading font_size=&#8221;h3&#8243; text_color=&#8221;inherit&#8221;]Conceito de cozinha frontal. Sirva a todos, em qualquer lugar.[\/elx_heading][vc_empty_space height=&#8221;15px&#8221;][vc_column_text]Prepare pratos r\u00e1pidos para pessoas em movimento. Tudo, desde sandu\u00edches simples at\u00e9 refei\u00e7\u00f5es.[\/vc_column_text][elx_heading font_size=&#8221;h4&#8243; text_color=&#8221;inherit&#8221;]Perto dos ingredientes[\/elx_heading][vc_column_text]O\u00a0Libero Point com gavetas refrigeradas mant\u00e9m alimentos frescos e permite\u00a0ter os ingredientes necess\u00e1rios nas [&hellip;]<\/p>\n","protected":false},"author":23,"featured_media":5120,"parent":0,"menu_order":0,"comment_status":"closed","ping_status":"closed","template":"","meta":{"footnotes":""},"class_list":["post-3047","page","type-page","status-publish","has-post-thumbnail","hentry"],"acf":[],"yoast_head":"<!-- This site is optimized with the Yoast SEO plugin v23.3 - https:\/\/yoast.com\/wordpress\/plugins\/seo\/ -->\n<title>Libero line - Electrolux Professional Brasil<\/title>\n<meta name=\"robots\" content=\"index, follow, max-snippet:-1, max-image-preview:large, max-video-preview:-1\" \/>\n<link rel=\"canonical\" href=\"https:\/\/www.electroluxprofessional.com\/br\/libero-line\/\" \/>\n<meta property=\"og:locale\" content=\"pt_BR\" \/>\n<meta property=\"og:type\" content=\"article\" \/>\n<meta property=\"og:title\" content=\"Libero line - Electrolux Professional Brasil\" \/>\n<meta property=\"og:description\" content=\"[vc_row full_width=&#8221;electroluxpro-full-width-no-padding&#8221; equal_height=&#8221;yes&#8221;][vc_column width=&#8221;2\/3&#8243;][elx_image_block background_image=&#8221;606&#8243; minimum_height=&#8221;500px&#8221;][\/vc_column][vc_column width=&#8221;1\/3&#8243;][elx_image_block background_image=&#8221;704&#8243; minimum_height=&#8221;500px&#8221;][\/vc_column][\/vc_row][vc_row][vc_column][vc_empty_space][\/vc_column][\/vc_row][vc_row][vc_column width=&#8221;1\/2&#8243;][elx_heading font_container=&#8221;h1&#8243; font_size=&#8221;h2&#8243; text_color=&#8221;inherit&#8221;]Libero Line[\/elx_heading][vc_empty_space][elx_heading font_size=&#8221;h3&#8243; text_color=&#8221;inherit&#8221;]Conceito de cozinha frontal. Sirva a todos, em qualquer lugar.[\/elx_heading][vc_empty_space height=&#8221;15px&#8221;][vc_column_text]Prepare pratos r\u00e1pidos para pessoas em movimento. Tudo, desde sandu\u00edches simples at\u00e9 refei\u00e7\u00f5es.[\/vc_column_text][elx_heading font_size=&#8221;h4&#8243; text_color=&#8221;inherit&#8221;]Perto dos ingredientes[\/elx_heading][vc_column_text]O\u00a0Libero Point com gavetas refrigeradas mant\u00e9m alimentos frescos e permite\u00a0ter os ingredientes necess\u00e1rios nas [&hellip;]\" \/>\n<meta property=\"og:url\" content=\"https:\/\/www.electroluxprofessional.com\/br\/libero-line\/\" \/>\n<meta property=\"og:site_name\" content=\"Electrolux Professional Brasil\" \/>\n<meta property=\"article:modified_time\" content=\"2025-11-05T16:52:52+00:00\" \/>\n<meta property=\"og:image\" content=\"https:\/\/www.electroluxprofessional.com\/br\/wp-content\/uploads\/2018\/11\/libero-line.jpg\" \/>\n\t<meta property=\"og:image:width\" content=\"554\" \/>\n\t<meta property=\"og:image:height\" content=\"547\" \/>\n\t<meta property=\"og:image:type\" content=\"image\/jpeg\" \/>\n<meta name=\"twitter:card\" content=\"summary_large_image\" \/>\n<meta name=\"twitter:label1\" content=\"Est. tempo de leitura\" \/>\n\t<meta name=\"twitter:data1\" content=\"3 minutos\" \/>\n<script type=\"application\/ld+json\" class=\"yoast-schema-graph\">{\"@context\":\"https:\/\/schema.org\",\"@graph\":[{\"@type\":\"WebPage\",\"@id\":\"https:\/\/www.electroluxprofessional.com\/br\/libero-line\/\",\"url\":\"https:\/\/www.electroluxprofessional.com\/br\/libero-line\/\",\"name\":\"Libero line - Electrolux Professional Brasil\",\"isPartOf\":{\"@id\":\"https:\/\/www.electroluxprofessional.com\/br\/#website\"},\"primaryImageOfPage\":{\"@id\":\"https:\/\/www.electroluxprofessional.com\/br\/libero-line\/#primaryimage\"},\"image\":{\"@id\":\"https:\/\/www.electroluxprofessional.com\/br\/libero-line\/#primaryimage\"},\"thumbnailUrl\":\"https:\/\/www.electroluxprofessional.com\/br\/wp-content\/uploads\/2018\/11\/libero-line.jpg\",\"datePublished\":\"2017-03-06T15:50:44+00:00\",\"dateModified\":\"2025-11-05T16:52:52+00:00\",\"breadcrumb\":{\"@id\":\"https:\/\/www.electroluxprofessional.com\/br\/libero-line\/#breadcrumb\"},\"inLanguage\":\"pt-BR\",\"potentialAction\":[{\"@type\":\"ReadAction\",\"target\":[\"https:\/\/www.electroluxprofessional.com\/br\/libero-line\/\"]}]},{\"@type\":\"ImageObject\",\"inLanguage\":\"pt-BR\",\"@id\":\"https:\/\/www.electroluxprofessional.com\/br\/libero-line\/#primaryimage\",\"url\":\"https:\/\/www.electroluxprofessional.com\/br\/wp-content\/uploads\/2018\/11\/libero-line.jpg\",\"contentUrl\":\"https:\/\/www.electroluxprofessional.com\/br\/wp-content\/uploads\/2018\/11\/libero-line.jpg\",\"width\":554,\"height\":547,\"caption\":\"libero line\"},{\"@type\":\"BreadcrumbList\",\"@id\":\"https:\/\/www.electroluxprofessional.com\/br\/libero-line\/#breadcrumb\",\"itemListElement\":[{\"@type\":\"ListItem\",\"position\":1,\"name\":\"Home\",\"item\":\"https:\/\/www.electroluxprofessional.com\/br\/\"},{\"@type\":\"ListItem\",\"position\":2,\"name\":\"Libero line\"}]},{\"@type\":\"WebSite\",\"@id\":\"https:\/\/www.electroluxprofessional.com\/br\/#website\",\"url\":\"https:\/\/www.electroluxprofessional.com\/br\/\",\"name\":\"Electrolux Professional Brasil\",\"description\":\"Equipamiento cocinas profesionales y lavander\u00edas comerciales. Excelencia en el suministro de soluciones profesionales.\",\"potentialAction\":[{\"@type\":\"SearchAction\",\"target\":{\"@type\":\"EntryPoint\",\"urlTemplate\":\"https:\/\/www.electroluxprofessional.com\/br\/?src={search_term_string}\"},\"query-input\":\"required name=search_term_string\"}],\"inLanguage\":\"pt-BR\"}]}<\/script>\n<!-- \/ Yoast SEO plugin. -->","yoast_head_json":{"title":"Libero line - Electrolux Professional Brasil","robots":{"index":"index","follow":"follow","max-snippet":"max-snippet:-1","max-image-preview":"max-image-preview:large","max-video-preview":"max-video-preview:-1"},"canonical":"https:\/\/www.electroluxprofessional.com\/br\/libero-line\/","og_locale":"pt_BR","og_type":"article","og_title":"Libero line - Electrolux Professional Brasil","og_description":"[vc_row full_width=&#8221;electroluxpro-full-width-no-padding&#8221; equal_height=&#8221;yes&#8221;][vc_column width=&#8221;2\/3&#8243;][elx_image_block background_image=&#8221;606&#8243; minimum_height=&#8221;500px&#8221;][\/vc_column][vc_column width=&#8221;1\/3&#8243;][elx_image_block background_image=&#8221;704&#8243; minimum_height=&#8221;500px&#8221;][\/vc_column][\/vc_row][vc_row][vc_column][vc_empty_space][\/vc_column][\/vc_row][vc_row][vc_column width=&#8221;1\/2&#8243;][elx_heading font_container=&#8221;h1&#8243; font_size=&#8221;h2&#8243; text_color=&#8221;inherit&#8221;]Libero Line[\/elx_heading][vc_empty_space][elx_heading font_size=&#8221;h3&#8243; text_color=&#8221;inherit&#8221;]Conceito de cozinha frontal. Sirva a todos, em qualquer lugar.[\/elx_heading][vc_empty_space height=&#8221;15px&#8221;][vc_column_text]Prepare pratos r\u00e1pidos para pessoas em movimento. Tudo, desde sandu\u00edches simples at\u00e9 refei\u00e7\u00f5es.[\/vc_column_text][elx_heading font_size=&#8221;h4&#8243; text_color=&#8221;inherit&#8221;]Perto dos ingredientes[\/elx_heading][vc_column_text]O\u00a0Libero Point com gavetas refrigeradas mant\u00e9m alimentos frescos e permite\u00a0ter os ingredientes necess\u00e1rios nas [&hellip;]","og_url":"https:\/\/www.electroluxprofessional.com\/br\/libero-line\/","og_site_name":"Electrolux Professional Brasil","article_modified_time":"2025-11-05T16:52:52+00:00","og_image":[{"width":554,"height":547,"url":"https:\/\/www.electroluxprofessional.com\/br\/wp-content\/uploads\/2018\/11\/libero-line.jpg","type":"image\/jpeg"}],"twitter_card":"summary_large_image","twitter_misc":{"Est. tempo de leitura":"3 minutos"},"schema":{"@context":"https:\/\/schema.org","@graph":[{"@type":"WebPage","@id":"https:\/\/www.electroluxprofessional.com\/br\/libero-line\/","url":"https:\/\/www.electroluxprofessional.com\/br\/libero-line\/","name":"Libero line - Electrolux Professional Brasil","isPartOf":{"@id":"https:\/\/www.electroluxprofessional.com\/br\/#website"},"primaryImageOfPage":{"@id":"https:\/\/www.electroluxprofessional.com\/br\/libero-line\/#primaryimage"},"image":{"@id":"https:\/\/www.electroluxprofessional.com\/br\/libero-line\/#primaryimage"},"thumbnailUrl":"https:\/\/www.electroluxprofessional.com\/br\/wp-content\/uploads\/2018\/11\/libero-line.jpg","datePublished":"2017-03-06T15:50:44+00:00","dateModified":"2025-11-05T16:52:52+00:00","breadcrumb":{"@id":"https:\/\/www.electroluxprofessional.com\/br\/libero-line\/#breadcrumb"},"inLanguage":"pt-BR","potentialAction":[{"@type":"ReadAction","target":["https:\/\/www.electroluxprofessional.com\/br\/libero-line\/"]}]},{"@type":"ImageObject","inLanguage":"pt-BR","@id":"https:\/\/www.electroluxprofessional.com\/br\/libero-line\/#primaryimage","url":"https:\/\/www.electroluxprofessional.com\/br\/wp-content\/uploads\/2018\/11\/libero-line.jpg","contentUrl":"https:\/\/www.electroluxprofessional.com\/br\/wp-content\/uploads\/2018\/11\/libero-line.jpg","width":554,"height":547,"caption":"libero line"},{"@type":"BreadcrumbList","@id":"https:\/\/www.electroluxprofessional.com\/br\/libero-line\/#breadcrumb","itemListElement":[{"@type":"ListItem","position":1,"name":"Home","item":"https:\/\/www.electroluxprofessional.com\/br\/"},{"@type":"ListItem","position":2,"name":"Libero line"}]},{"@type":"WebSite","@id":"https:\/\/www.electroluxprofessional.com\/br\/#website","url":"https:\/\/www.electroluxprofessional.com\/br\/","name":"Electrolux Professional Brasil","description":"Equipamiento cocinas profesionales y lavander\u00edas comerciales. Excelencia en el suministro de soluciones profesionales.","potentialAction":[{"@type":"SearchAction","target":{"@type":"EntryPoint","urlTemplate":"https:\/\/www.electroluxprofessional.com\/br\/?src={search_term_string}"},"query-input":"required name=search_term_string"}],"inLanguage":"pt-BR"}]}},"_links":{"self":[{"href":"https:\/\/www.electroluxprofessional.com\/br\/wp-json\/wp\/v2\/pages\/3047"}],"collection":[{"href":"https:\/\/www.electroluxprofessional.com\/br\/wp-json\/wp\/v2\/pages"}],"about":[{"href":"https:\/\/www.electroluxprofessional.com\/br\/wp-json\/wp\/v2\/types\/page"}],"author":[{"embeddable":true,"href":"https:\/\/www.electroluxprofessional.com\/br\/wp-json\/wp\/v2\/users\/23"}],"replies":[{"embeddable":true,"href":"https:\/\/www.electroluxprofessional.com\/br\/wp-json\/wp\/v2\/comments?post=3047"}],"version-history":[{"count":19,"href":"https:\/\/www.electroluxprofessional.com\/br\/wp-json\/wp\/v2\/pages\/3047\/revisions"}],"predecessor-version":[{"id":6667,"href":"https:\/\/www.electroluxprofessional.com\/br\/wp-json\/wp\/v2\/pages\/3047\/revisions\/6667"}],"wp:featuredmedia":[{"embeddable":true,"href":"https:\/\/www.electroluxprofessional.com\/br\/wp-json\/wp\/v2\/media\/5120"}],"wp:attachment":[{"href":"https:\/\/www.electroluxprofessional.com\/br\/wp-json\/wp\/v2\/media?parent=3047"}],"curies":[{"name":"wp","href":"https:\/\/api.w.org\/{rel}","templated":true}]}}