{"id":2947,"date":"2017-03-01T09:20:48","date_gmt":"2017-03-01T09:20:48","guid":{"rendered":"https:\/\/www.electroluxprofessional.com\/br\/?page_id=2947"},"modified":"2019-12-03T17:05:00","modified_gmt":"2019-12-03T14:05:00","slug":"home","status":"publish","type":"page","link":"https:\/\/www.electroluxprofessional.com\/br\/home\/","title":{"rendered":"Home"},"content":{"rendered":"<p>[vc_row full_width=&#8221;electroluxpro-full-width&#8221;][vc_column][elx_hero_slider label_text_color=&#8221;inherit&#8221; images=&#8221;5344&#8243;][elx_heading text_color=&#8221;inherit&#8221;]Lavadoras de Carga Frontal[\/elx_heading][vc_column_text]<\/p>\n<p>Excelente cuidado com o melhor desempenho e o melhor resultado de lavagem<\/p>\n<p>[\/vc_column_text][elx_button button_text=&#8221;Lavadoras&#8221; button_style=&#8221;default&#8221; button_link=&#8221;url:https%3A%2F%2Fwww.electroluxprofessional.com%2Fbr%2Flavadoras-de-carga-frontal%2F|title:Lavadoras||&#8221;][\/elx_hero_slider][\/vc_column][\/vc_row][vc_row][vc_column][elx_heading text_color=&#8221;inherit&#8221;]Novidades Electrolux Professional[\/elx_heading][vc_empty_space height=&#8221;20px&#8221;][\/vc_column][\/vc_row][vc_row][vc_column width=&#8221;2\/3&#8243;][elx_simple_link_block link=&#8221;url:https%3A%2F%2Fwww.electroluxprofessional.com%2Fbr%2Freferences%2Ffoyer-de-vie-les-cattelaines%2F|title:Trayendo%20de%20vuelta%20el%20sabor%20a%20Les%20Chatelaines!||&#8221; text_align=&#8221;text-left&#8221; text_color=&#8221;inherit&#8221; background_color=&#8221;inherit&#8221; background_hover_color=&#8221;darker-hover&#8221; extra_class=&#8221;&#8221; reveal_effect=&#8221;&#8221; reveal_duration=&#8221;&#8221; reveal_delay=&#8221;&#8221;][vc_single_image image=&#8221;4686&#8243; img_size=&#8221;750&#215;313&#8243;][elx_heading font_container=&#8221;h3&#8243; text_color=&#8221;inherit&#8221;]Trazendo o sabor de volta a Les Chatelaines![\/elx_heading][vc_column_text]<\/p>\n<div class=\"news-description\">\n<p class=\"news-excerpt\">&#8220;Uma pesquisa de satisfa\u00e7\u00e3o realizada em 2013 revelou que as refei\u00e7\u00f5es frias entregues n\u00e3o eramsatisfat\u00f3rias. Portanto, no \u00e2mbito dos objetivos de melhoria, a associa\u00e7\u00e3o decidiu criar um restaurante sob medida dentro do estabelecimento. O concurso lan\u00e7ado na primavera de 2015 foi conquistado pela empresa Qui\u00e9talis, que recomendou a marca Electrolux para equipamentos de cozinha&#8221;. <strong>Carole Lavi\u00e9ville, directora del establecimiento<\/strong><\/p>\n<\/div>\n<p>[\/vc_column_text][\/elx_simple_link_block][\/vc_column][vc_column width=&#8221;1\/3&#8243;][elx_simple_link_block link=&#8221;url:https%3A%2F%2Fwww.electroluxprofessional.com%2Fbr%2Flavagem-louca%2Flavaloucas-rack-type%2F|title:nuevos%20lavavajillas%20rack%20type%20green%26clean||&#8221; text_align=&#8221;text-left&#8221; text_color=&#8221;inherit&#8221; background_color=&#8221;inherit&#8221; background_hover_color=&#8221;darker-hover&#8221; extra_class=&#8221;&#8221; reveal_effect=&#8221;&#8221; reveal_duration=&#8221;&#8221; reveal_delay=&#8221;&#8221;][vc_single_image image=&#8221;4489&#8243; img_size=&#8221;360&#215;313&#8243;][elx_heading font_container=&#8221;h3&#8243; text_color=&#8221;inherit&#8221;]Lava-lou\u00e7as Rack Type green&amp;clean[\/elx_heading][vc_column_text]<\/p>\n<div class=\"youmaylike-content\">\n<p><strong>Os custos mais baixos da ind\u00fastria!<\/strong><\/p>\n<\/div>\n<p>[\/vc_column_text][\/elx_simple_link_block][\/vc_column][\/vc_row][vc_row][vc_column width=&#8221;2\/3&#8243;][elx_simple_link_block link=&#8221;url:https%3A%2F%2Fwww.electroluxprofessional.com%2Fbr%2Freferences%2Felite-professional-laundry-services%2F|title:Platea%20Madrid||&#8221; text_align=&#8221;text-left&#8221; text_color=&#8221;inherit&#8221; background_color=&#8221;inherit&#8221; background_hover_color=&#8221;darker-hover&#8221; extra_class=&#8221;&#8221; reveal_effect=&#8221;&#8221; reveal_duration=&#8221;&#8221; reveal_delay=&#8221;&#8221;][vc_single_image image=&#8221;4699&#8243; img_size=&#8221;750&#215;313&#8243;][elx_heading font_container=&#8221;h3&#8243; text_color=&#8221;inherit&#8221;]Dando o passo com lagoon\u00ae Advanced Care[\/elx_heading][vc_column_text]&#8221;Pode parecer tendencioso, mas o wetcleaning \u00e9 muito superior \u00e0 limpeza a seco. Eu ou\u00e7o muitos depoimentos de nossos clientes, e \u00e9 claro que\u00a0estamos\u00a0oferecendo um servi\u00e7o de qualidade muito maior e nossos clientes percebem isso\u00a0&#8220;.\u00a0<b>Ben King, propriet\u00e1rio\u00a0da elite\u00a0Professional Laundry Services<\/b>[\/vc_column_text][\/elx_simple_link_block][\/vc_column][vc_column width=&#8221;1\/3&#8243;][elx_simple_link_block link=&#8221;url:https%3A%2F%2Fwww.electroluxprofessional.com%2Fbr%2Fequipamiento-cocinas-profesionales%2Fcook-and-chill%2F|title:e-chef%20app||&#8221; text_align=&#8221;text-left&#8221; text_color=&#8221;inherit&#8221; background_color=&#8221;inherit&#8221; background_hover_color=&#8221;darker-hover&#8221; extra_class=&#8221;&#8221; reveal_effect=&#8221;&#8221; reveal_duration=&#8221;&#8221; reveal_delay=&#8221;&#8221;][vc_single_image image=&#8221;4383&#8243; img_size=&#8221;360&#215;313&#8243;][elx_heading font_container=&#8221;h3&#8243; text_color=&#8221;inherit&#8221;]Conhe\u00e7a o App e-chef![\/elx_heading][vc_column_text]<\/p>\n<div class=\"youmaylike-content\">\n<p><strong>O forno Touchline em seu bolso:<\/strong> Fa\u00e7a o download do novo App e-chef! Dispon\u00edvel na App Store, no Google Play e na Windows Store<\/p>\n<\/div>\n<p>[\/vc_column_text][\/elx_simple_link_block][\/vc_column][\/vc_row][vc_row disable_element=&#8221;yes&#8221;][vc_column width=&#8221;2\/3&#8243;][elx_simple_link_block link=&#8221;url:https%3A%2F%2Fwww.electroluxprofessional.com%2Freferences%2Frichmond-lim%2F|title:Kitchen%20equipment%20in%20the%20Kuala%20Lumpur%20Convention%20Centre||&#8221; text_align=&#8221;text-left&#8221; text_color=&#8221;inherit&#8221; background_color=&#8221;inherit&#8221; background_hover_color=&#8221;darker-hover&#8221; extra_class=&#8221;&#8221; reveal_effect=&#8221;&#8221; reveal_duration=&#8221;&#8221; reveal_delay=&#8221;&#8221;][vc_single_image image=&#8221;430&#8243; img_size=&#8221;750&#215;313&#8243;][elx_heading font_container=&#8221;h3&#8243; text_color=&#8221;inherit&#8221;]Electrolux Professional furnishes the Kuala Lumpur Convention Centre[\/elx_heading][vc_column_text]The largest commercial kitchen in Malaysia in the <strong>Kuala Lumpur Convention Centre (KLCC)<\/strong>, fully furnished with <strong>Electrolux Professional kitchen equipment<\/strong>, witnesses the five stars of banqueting with executive chef,\u00a0<strong>Richmond Lim<\/strong>.<\/p>\n<p>[\/vc_column_text][\/elx_simple_link_block][\/vc_column][vc_column width=&#8221;1\/3&#8243;][elx_simple_link_block link=&#8221;url:https%3A%2F%2Fwww.electroluxprofessional.com%2Fhaccp%2F|title:haccp||&#8221; text_align=&#8221;text-left&#8221; text_color=&#8221;inherit&#8221; background_color=&#8221;inherit&#8221; background_hover_color=&#8221;darker-hover&#8221; extra_class=&#8221;&#8221; reveal_effect=&#8221;&#8221; reveal_duration=&#8221;&#8221; reveal_delay=&#8221;&#8221;][vc_single_image image=&#8221;568&#8243; img_size=&#8221;360&#215;313&#8243;][elx_heading font_container=&#8221;h3&#8243; text_color=&#8221;inherit&#8221;]What should you know about HACCP?[\/elx_heading][vc_column_text]Electrolux Professional has been respecting HACCP process since 1998. But what does it mean?[\/vc_column_text][\/elx_simple_link_block][\/vc_column][\/vc_row][vc_row][vc_column][vc_empty_space][\/vc_column][\/vc_row][vc_row equal_height=&#8221;yes&#8221; css=&#8221;.vc_custom_1487341069729{margin-top: 50px !important;}&#8221;][vc_column][elx_simple_link_block background_color=&#8221;customer-care&#8221; background_hover_color=&#8221;darker-hover&#8221; link=&#8221;url:https%3A%2F%2Fwww.electroluxprofessional.com%2Fbr%2Fsuporte-tecnico%2F|title:Suporte%20t%C3%A9cnico||&#8221; text_align=&#8221;text-left&#8221; text_color=&#8221;inherit&#8221; extra_class=&#8221;&#8221; reveal_effect=&#8221;&#8221; reveal_duration=&#8221;&#8221; reveal_delay=&#8221;&#8221;][elx_heading text_color=&#8221;inherit&#8221;]<em>Servi\u00e7o<em> p\u00f3s venda[\/elx_heading][vc_column_text]Obtenha ajuda para usar seu produto Electrolux, contate-nos ou procure um servi\u00e7o t\u00e9cnico autorizado.[\/vc_column_text][\/elx_simple_link_block][\/vc_column][\/vc_row][vc_row disable_element=&#8221;yes&#8221; css=&#8221;.vc_custom_1510800856541{margin-top: 0px !important;}&#8221;][vc_column width=&#8221;1\/3&#8243;][elx_maylike_box id_box=&#8221;2461&#8243; hide_text=&#8221;self&#8221;][\/vc_column][vc_column width=&#8221;1\/3&#8243;][elx_maylike_box id_box=&#8221;4364&#8243;][\/vc_column][vc_column width=&#8221;1\/3&#8243;][elx_maylike_box id_box=&#8221;3613&#8243;][\/vc_column][\/vc_row][vc_row][vc_column][vc_empty_space][\/vc_column][\/vc_row][vc_row][vc_column][\/vc_column][\/vc_row][vc_row][vc_column][elx_simple_link_block][\/elx_simple_link_block][\/vc_column][\/vc_row][vc_row][vc_column][vc_column_text]<\/em><\/em>[\/vc_column_text][\/vc_column][\/vc_row]<\/p>\n","protected":false},"excerpt":{"rendered":"<p>[vc_row full_width=&#8221;electroluxpro-full-width&#8221;][vc_column][elx_hero_slider label_text_color=&#8221;inherit&#8221; images=&#8221;5344&#8243;][elx_heading text_color=&#8221;inherit&#8221;]Lavadoras de Carga Frontal[\/elx_heading][vc_column_text] Excelente cuidado com o melhor desempenho e o melhor resultado de lavagem [\/vc_column_text][elx_button button_text=&#8221;Lavadoras&#8221; button_style=&#8221;default&#8221; button_link=&#8221;url:https%3A%2F%2Fwww.electroluxprofessional.com%2Fbr%2Flavadoras-de-carga-frontal%2F|title:Lavadoras||&#8221;][\/elx_hero_slider][\/vc_column][\/vc_row][vc_row][vc_column][elx_heading text_color=&#8221;inherit&#8221;]Novidades Electrolux Professional[\/elx_heading][vc_empty_space height=&#8221;20px&#8221;][\/vc_column][\/vc_row][vc_row][vc_column width=&#8221;2\/3&#8243;][elx_simple_link_block link=&#8221;url:https%3A%2F%2Fwww.electroluxprofessional.com%2Fbr%2Freferences%2Ffoyer-de-vie-les-cattelaines%2F|title:Trayendo%20de%20vuelta%20el%20sabor%20a%20Les%20Chatelaines!||&#8221; text_align=&#8221;text-left&#8221; text_color=&#8221;inherit&#8221; background_color=&#8221;inherit&#8221; background_hover_color=&#8221;darker-hover&#8221; extra_class=&#8221;&#8221; reveal_effect=&#8221;&#8221; reveal_duration=&#8221;&#8221; reveal_delay=&#8221;&#8221;][vc_single_image image=&#8221;4686&#8243; img_size=&#8221;750&#215;313&#8243;][elx_heading font_container=&#8221;h3&#8243; text_color=&#8221;inherit&#8221;]Trazendo o sabor de volta a Les Chatelaines![\/elx_heading][vc_column_text] &#8220;Uma pesquisa de satisfa\u00e7\u00e3o realizada em [&hellip;]<\/p>\n","protected":false},"author":23,"featured_media":0,"parent":0,"menu_order":0,"comment_status":"closed","ping_status":"closed","template":"","meta":{"footnotes":""},"class_list":["post-2947","page","type-page","status-publish","hentry"],"acf":[],"yoast_head":"<!-- This site is optimized with the Yoast SEO plugin v23.3 - https:\/\/yoast.com\/wordpress\/plugins\/seo\/ -->\n<title>Home - Electrolux Professional Brasil<\/title>\n<meta name=\"robots\" content=\"index, follow, max-snippet:-1, max-image-preview:large, max-video-preview:-1\" \/>\n<link rel=\"canonical\" href=\"https:\/\/www.electroluxprofessional.com\/br\/home\/\" \/>\n<meta property=\"og:locale\" content=\"pt_BR\" \/>\n<meta property=\"og:type\" content=\"article\" \/>\n<meta property=\"og:title\" content=\"Home - Electrolux Professional Brasil\" \/>\n<meta property=\"og:description\" content=\"[vc_row full_width=&#8221;electroluxpro-full-width&#8221;][vc_column][elx_hero_slider label_text_color=&#8221;inherit&#8221; images=&#8221;5344&#8243;][elx_heading text_color=&#8221;inherit&#8221;]Lavadoras de Carga Frontal[\/elx_heading][vc_column_text] Excelente cuidado com o melhor desempenho e o melhor resultado de lavagem [\/vc_column_text][elx_button button_text=&#8221;Lavadoras&#8221; button_style=&#8221;default&#8221; button_link=&#8221;url:https%3A%2F%2Fwww.electroluxprofessional.com%2Fbr%2Flavadoras-de-carga-frontal%2F|title:Lavadoras||&#8221;][\/elx_hero_slider][\/vc_column][\/vc_row][vc_row][vc_column][elx_heading text_color=&#8221;inherit&#8221;]Novidades Electrolux Professional[\/elx_heading][vc_empty_space height=&#8221;20px&#8221;][\/vc_column][\/vc_row][vc_row][vc_column width=&#8221;2\/3&#8243;][elx_simple_link_block link=&#8221;url:https%3A%2F%2Fwww.electroluxprofessional.com%2Fbr%2Freferences%2Ffoyer-de-vie-les-cattelaines%2F|title:Trayendo%20de%20vuelta%20el%20sabor%20a%20Les%20Chatelaines!||&#8221; text_align=&#8221;text-left&#8221; text_color=&#8221;inherit&#8221; background_color=&#8221;inherit&#8221; background_hover_color=&#8221;darker-hover&#8221; extra_class=&#8221;&#8221; reveal_effect=&#8221;&#8221; reveal_duration=&#8221;&#8221; reveal_delay=&#8221;&#8221;][vc_single_image image=&#8221;4686&#8243; img_size=&#8221;750&#215;313&#8243;][elx_heading font_container=&#8221;h3&#8243; text_color=&#8221;inherit&#8221;]Trazendo o sabor de volta a Les Chatelaines![\/elx_heading][vc_column_text] &#8220;Uma pesquisa de satisfa\u00e7\u00e3o realizada em [&hellip;]\" \/>\n<meta property=\"og:url\" content=\"https:\/\/www.electroluxprofessional.com\/br\/home\/\" \/>\n<meta property=\"og:site_name\" content=\"Electrolux Professional Brasil\" \/>\n<meta property=\"article:modified_time\" content=\"2019-12-03T14:05:00+00:00\" \/>\n<meta name=\"twitter:card\" content=\"summary_large_image\" \/>\n<meta name=\"twitter:label1\" content=\"Est. tempo de leitura\" \/>\n\t<meta name=\"twitter:data1\" content=\"5 minutos\" \/>\n<script type=\"application\/ld+json\" class=\"yoast-schema-graph\">{\"@context\":\"https:\/\/schema.org\",\"@graph\":[{\"@type\":\"WebPage\",\"@id\":\"https:\/\/www.electroluxprofessional.com\/br\/home\/\",\"url\":\"https:\/\/www.electroluxprofessional.com\/br\/home\/\",\"name\":\"Home - Electrolux Professional Brasil\",\"isPartOf\":{\"@id\":\"https:\/\/www.electroluxprofessional.com\/br\/#website\"},\"datePublished\":\"2017-03-01T09:20:48+00:00\",\"dateModified\":\"2019-12-03T14:05:00+00:00\",\"breadcrumb\":{\"@id\":\"https:\/\/www.electroluxprofessional.com\/br\/home\/#breadcrumb\"},\"inLanguage\":\"pt-BR\",\"potentialAction\":[{\"@type\":\"ReadAction\",\"target\":[\"https:\/\/www.electroluxprofessional.com\/br\/home\/\"]}]},{\"@type\":\"BreadcrumbList\",\"@id\":\"https:\/\/www.electroluxprofessional.com\/br\/home\/#breadcrumb\",\"itemListElement\":[{\"@type\":\"ListItem\",\"position\":1,\"name\":\"Home\",\"item\":\"https:\/\/www.electroluxprofessional.com\/br\/\"},{\"@type\":\"ListItem\",\"position\":2,\"name\":\"Home\"}]},{\"@type\":\"WebSite\",\"@id\":\"https:\/\/www.electroluxprofessional.com\/br\/#website\",\"url\":\"https:\/\/www.electroluxprofessional.com\/br\/\",\"name\":\"Electrolux Professional Brasil\",\"description\":\"Equipamiento cocinas profesionales y lavander\u00edas comerciales. Excelencia en el suministro de soluciones profesionales.\",\"potentialAction\":[{\"@type\":\"SearchAction\",\"target\":{\"@type\":\"EntryPoint\",\"urlTemplate\":\"https:\/\/www.electroluxprofessional.com\/br\/?src={search_term_string}\"},\"query-input\":\"required name=search_term_string\"}],\"inLanguage\":\"pt-BR\"}]}<\/script>\n<!-- \/ Yoast SEO plugin. -->","yoast_head_json":{"title":"Home - Electrolux Professional Brasil","robots":{"index":"index","follow":"follow","max-snippet":"max-snippet:-1","max-image-preview":"max-image-preview:large","max-video-preview":"max-video-preview:-1"},"canonical":"https:\/\/www.electroluxprofessional.com\/br\/home\/","og_locale":"pt_BR","og_type":"article","og_title":"Home - Electrolux Professional Brasil","og_description":"[vc_row full_width=&#8221;electroluxpro-full-width&#8221;][vc_column][elx_hero_slider label_text_color=&#8221;inherit&#8221; images=&#8221;5344&#8243;][elx_heading text_color=&#8221;inherit&#8221;]Lavadoras de Carga Frontal[\/elx_heading][vc_column_text] Excelente cuidado com o melhor desempenho e o melhor resultado de lavagem [\/vc_column_text][elx_button button_text=&#8221;Lavadoras&#8221; button_style=&#8221;default&#8221; button_link=&#8221;url:https%3A%2F%2Fwww.electroluxprofessional.com%2Fbr%2Flavadoras-de-carga-frontal%2F|title:Lavadoras||&#8221;][\/elx_hero_slider][\/vc_column][\/vc_row][vc_row][vc_column][elx_heading text_color=&#8221;inherit&#8221;]Novidades Electrolux Professional[\/elx_heading][vc_empty_space height=&#8221;20px&#8221;][\/vc_column][\/vc_row][vc_row][vc_column width=&#8221;2\/3&#8243;][elx_simple_link_block link=&#8221;url:https%3A%2F%2Fwww.electroluxprofessional.com%2Fbr%2Freferences%2Ffoyer-de-vie-les-cattelaines%2F|title:Trayendo%20de%20vuelta%20el%20sabor%20a%20Les%20Chatelaines!||&#8221; text_align=&#8221;text-left&#8221; text_color=&#8221;inherit&#8221; background_color=&#8221;inherit&#8221; background_hover_color=&#8221;darker-hover&#8221; extra_class=&#8221;&#8221; reveal_effect=&#8221;&#8221; reveal_duration=&#8221;&#8221; reveal_delay=&#8221;&#8221;][vc_single_image image=&#8221;4686&#8243; img_size=&#8221;750&#215;313&#8243;][elx_heading font_container=&#8221;h3&#8243; text_color=&#8221;inherit&#8221;]Trazendo o sabor de volta a Les Chatelaines![\/elx_heading][vc_column_text] &#8220;Uma pesquisa de satisfa\u00e7\u00e3o realizada em [&hellip;]","og_url":"https:\/\/www.electroluxprofessional.com\/br\/home\/","og_site_name":"Electrolux Professional Brasil","article_modified_time":"2019-12-03T14:05:00+00:00","twitter_card":"summary_large_image","twitter_misc":{"Est. tempo de leitura":"5 minutos"},"schema":{"@context":"https:\/\/schema.org","@graph":[{"@type":"WebPage","@id":"https:\/\/www.electroluxprofessional.com\/br\/home\/","url":"https:\/\/www.electroluxprofessional.com\/br\/home\/","name":"Home - Electrolux Professional Brasil","isPartOf":{"@id":"https:\/\/www.electroluxprofessional.com\/br\/#website"},"datePublished":"2017-03-01T09:20:48+00:00","dateModified":"2019-12-03T14:05:00+00:00","breadcrumb":{"@id":"https:\/\/www.electroluxprofessional.com\/br\/home\/#breadcrumb"},"inLanguage":"pt-BR","potentialAction":[{"@type":"ReadAction","target":["https:\/\/www.electroluxprofessional.com\/br\/home\/"]}]},{"@type":"BreadcrumbList","@id":"https:\/\/www.electroluxprofessional.com\/br\/home\/#breadcrumb","itemListElement":[{"@type":"ListItem","position":1,"name":"Home","item":"https:\/\/www.electroluxprofessional.com\/br\/"},{"@type":"ListItem","position":2,"name":"Home"}]},{"@type":"WebSite","@id":"https:\/\/www.electroluxprofessional.com\/br\/#website","url":"https:\/\/www.electroluxprofessional.com\/br\/","name":"Electrolux Professional Brasil","description":"Equipamiento cocinas profesionales y lavander\u00edas comerciales. Excelencia en el suministro de soluciones profesionales.","potentialAction":[{"@type":"SearchAction","target":{"@type":"EntryPoint","urlTemplate":"https:\/\/www.electroluxprofessional.com\/br\/?src={search_term_string}"},"query-input":"required name=search_term_string"}],"inLanguage":"pt-BR"}]}},"_links":{"self":[{"href":"https:\/\/www.electroluxprofessional.com\/br\/wp-json\/wp\/v2\/pages\/2947"}],"collection":[{"href":"https:\/\/www.electroluxprofessional.com\/br\/wp-json\/wp\/v2\/pages"}],"about":[{"href":"https:\/\/www.electroluxprofessional.com\/br\/wp-json\/wp\/v2\/types\/page"}],"author":[{"embeddable":true,"href":"https:\/\/www.electroluxprofessional.com\/br\/wp-json\/wp\/v2\/users\/23"}],"replies":[{"embeddable":true,"href":"https:\/\/www.electroluxprofessional.com\/br\/wp-json\/wp\/v2\/comments?post=2947"}],"version-history":[{"count":66,"href":"https:\/\/www.electroluxprofessional.com\/br\/wp-json\/wp\/v2\/pages\/2947\/revisions"}],"predecessor-version":[{"id":5347,"href":"https:\/\/www.electroluxprofessional.com\/br\/wp-json\/wp\/v2\/pages\/2947\/revisions\/5347"}],"wp:attachment":[{"href":"https:\/\/www.electroluxprofessional.com\/br\/wp-json\/wp\/v2\/media?parent=2947"}],"curies":[{"name":"wp","href":"https:\/\/api.w.org\/{rel}","templated":true}]}}