{"id":2943,"date":"2017-02-28T16:06:53","date_gmt":"2017-02-28T16:06:53","guid":{"rendered":"https:\/\/www.electroluxprofessional.com\/br\/?page_id=2943"},"modified":"2025-11-05T16:53:23","modified_gmt":"2025-11-05T16:53:23","slug":"panelas-e-frigideiras-prothermetic","status":"publish","type":"page","link":"https:\/\/www.electroluxprofessional.com\/br\/panelas-e-frigideiras-prothermetic\/","title":{"rendered":"Panelas e Frigideiras ProThermetic"},"content":{"rendered":"<p>[vc_row full_width=&#8221;electroluxpro-full-width-no-padding&#8221;][vc_column][elx_hero_slider text_position=&#8221;hero_slider_text_align_right&#8221; label_text_color=&#8221;inherit&#8221; images=&#8221;2606&#8243;][elx_heading font_container=&#8221;h1&#8243; font_size=&#8221;h2&#8243; text_color=&#8221;inherit&#8221;]Panelas e frigideiras ProThermetic[\/elx_heading][\/elx_hero_slider][\/vc_column][\/vc_row][vc_row][vc_column][vc_empty_space][elx_heading font_size=&#8221;h2&#8243; text_color=&#8221;inherit&#8221; text_align=&#8221;text-center&#8221;]Projetadas para atender \u00e0s necessidades de uso intensivo em hot\u00e9is, institui\u00e7\u00f5es, hospitais, cozinhas centrais e servi\u00e7os de catering.[\/elx_heading][vc_empty_space][\/vc_column][\/vc_row][vc_row][vc_column width=&#8221;1\/2&#8243;][elx_heading font_size=&#8221;h4&#8243; text_color=&#8221;inherit&#8221;]Cozinhar a press\u00e3o com ProThermetic: a melhor solu\u00e7\u00e3o para alta produtividade, efici\u00eancia e precis\u00e3o[\/elx_heading][vc_empty_space][vc_column_text]Tecnologia \u00fanica que otimiza os processos de cozimento e oferece flexibilidade m\u00e1xima, simplicidade incompar\u00e1vel, higiene, efici\u00eancia e rentabilidade.<\/p>\n<p>A\u00a0linha thermaline\u00a0ProThermetic de panelas e frigideiras de press\u00e3o foi especialmente projetada para uso industrial intensivo em termos de quantidade, rendimento e resultados de cozimento.[\/vc_column_text][\/vc_column][vc_column width=&#8221;1\/2&#8243;][elx_image_block background_image=&#8221;723&#8243; minimum_height=&#8221;450px&#8221;][\/vc_column][\/vc_row][vc_row][vc_column][vc_empty_space height=&#8221;50px&#8221;][\/vc_column][\/vc_row][vc_row][vc_column width=&#8221;1\/4&#8243;][elx_heading font_size=&#8221;h4&#8243; text_color=&#8221;inherit&#8221;]F\u00e1cil<br \/>\nde usar[\/elx_heading][vc_column_text]Equipado com um painel <strong>touchscreen<\/strong> em diferentes idiomas, vis\u00edvel a dist\u00e2ncia, com \u00edcones intuitivos para ajuste f\u00e1cil e preciso de n\u00edveis de potencia e temperaturas.[\/vc_column_text][\/vc_column][vc_column width=&#8221;1\/4&#8243;][elx_heading font_size=&#8221;h4&#8243; text_color=&#8221;inherit&#8221;]Higiene acima<br \/>\nde tudo[\/elx_heading][vc_column_text]Limpeza r\u00e1pida, f\u00e1cil e completa gra\u00e7as ao n\u00edvel de prote\u00e7\u00e3o\u00a0<strong>IPX6<\/strong>, 8 vezes mais resistente a fortes jatos de \u00e1gua.[\/vc_column_text][\/vc_column][vc_column width=&#8221;1\/4&#8243;][elx_heading font_size=&#8221;h4&#8243; text_color=&#8221;inherit&#8221;]Saud\u00e1vel,<br \/>\nalta qualidade[\/elx_heading][vc_column_text]A baixa presen\u00e7a de oxig\u00eanio no ar impede a oxida\u00e7\u00e3o de nutrientes e vitaminas, o que resulta em melhor sabor, cor e consist\u00eancia dos alimentos.[\/vc_column_text][\/vc_column][vc_column width=&#8221;1\/4&#8243;][elx_heading font_size=&#8221;h4&#8243; text_color=&#8221;inherit&#8221;]Economia<br \/>\nde energia[\/elx_heading][vc_column_text]A redu\u00e7\u00e3o dos tempos de coc\u00e7\u00e3o garante uma maior produtividade, enquanto economiza energia, tanto nos ciclos de aquecimento quanto de coc\u00e7\u00e3o.[\/vc_column_text][\/vc_column][\/vc_row][vc_row][vc_column][vc_empty_space height=&#8221;20px&#8221;][\/vc_column][\/vc_row][vc_row][vc_column width=&#8221;1\/3&#8243;][vc_empty_space height=&#8221;20px&#8221;][elx_download_block text=&#8221;thermaline ProThermetic<br \/>\npanelas e frigideiras&#8221; link=&#8221;files.professional.electrolux.com\/docs\/?n=9JEHO&amp;b=5&amp;l=4&#8243; background_color=&#8221;orange&#8221; reveal_effect=&#8221;&#8221; reveal_duration=&#8221;&#8221; reveal_delay=&#8221;&#8221;][\/vc_column][vc_column width=&#8221;2\/3&#8243;][elx_heading text_color=&#8221;inherit&#8221;]Receitas para ProThermetic[\/elx_heading][elx_video_block background_image=&#8221;2604&#8243; is_full_height=&#8221;full-height&#8221; video_link=&#8221;https:\/\/www.youtube.com\/watch?v=cSwURycS1aQ&amp;list=PLn-GI5LWCZdQ5Hva7Kd0SB5eH2WkvuBt8&#8243; minimum_height=&#8221;260px&#8221;][\/vc_column][\/vc_row][vc_row][vc_column][vc_empty_space height=&#8221;50px&#8221;][elx_heading text_color=&#8221;inherit&#8221; text_align=&#8221;text-center&#8221;]Descubra o que ProThermetic pode fazer para o seu neg\u00f3cio[\/elx_heading][elx_o2000_contact_us r=&#8221;&#8221; s=&#8221;Solicita\u00e7\u00e3o de informa\u00e7\u00f5es sobre ProThermetic&#8221; e=&#8221;ronaldo.portella@electrolux.com&#8221; country=&#8221;Brazil&#8221; l=&#8221;pt&#8221; container=&#8221;elxcontactus1479220371&#8243;][vc_empty_space height=&#8221;50px&#8221;][\/vc_column][\/vc_row]<\/p>\n","protected":false},"excerpt":{"rendered":"<p>[vc_row full_width=&#8221;electroluxpro-full-width-no-padding&#8221;][vc_column][elx_hero_slider text_position=&#8221;hero_slider_text_align_right&#8221; label_text_color=&#8221;inherit&#8221; images=&#8221;2606&#8243;][elx_heading font_container=&#8221;h1&#8243; font_size=&#8221;h2&#8243; text_color=&#8221;inherit&#8221;]Panelas e frigideiras ProThermetic[\/elx_heading][\/elx_hero_slider][\/vc_column][\/vc_row][vc_row][vc_column][vc_empty_space][elx_heading font_size=&#8221;h2&#8243; text_color=&#8221;inherit&#8221; text_align=&#8221;text-center&#8221;]Projetadas para atender \u00e0s necessidades de uso intensivo em hot\u00e9is, institui\u00e7\u00f5es, hospitais, cozinhas centrais e servi\u00e7os de catering.[\/elx_heading][vc_empty_space][\/vc_column][\/vc_row][vc_row][vc_column width=&#8221;1\/2&#8243;][elx_heading font_size=&#8221;h4&#8243; text_color=&#8221;inherit&#8221;]Cozinhar a press\u00e3o com ProThermetic: a melhor solu\u00e7\u00e3o para alta produtividade, efici\u00eancia e precis\u00e3o[\/elx_heading][vc_empty_space][vc_column_text]Tecnologia \u00fanica que otimiza os processos de cozimento e [&hellip;]<\/p>\n","protected":false},"author":23,"featured_media":5106,"parent":0,"menu_order":0,"comment_status":"closed","ping_status":"closed","template":"","meta":{"footnotes":""},"class_list":["post-2943","page","type-page","status-publish","has-post-thumbnail","hentry"],"acf":[],"yoast_head":"<!-- This site is optimized with the Yoast SEO plugin v23.3 - https:\/\/yoast.com\/wordpress\/plugins\/seo\/ -->\n<title>Panelas e Frigideiras ProThermetic - Electrolux Professional Brasil<\/title>\n<meta name=\"robots\" content=\"index, follow, max-snippet:-1, max-image-preview:large, max-video-preview:-1\" \/>\n<link rel=\"canonical\" href=\"https:\/\/www.electroluxprofessional.com\/br\/panelas-e-frigideiras-prothermetic\/\" \/>\n<meta property=\"og:locale\" content=\"pt_BR\" \/>\n<meta property=\"og:type\" content=\"article\" \/>\n<meta property=\"og:title\" content=\"Panelas e Frigideiras ProThermetic - Electrolux Professional Brasil\" \/>\n<meta property=\"og:description\" content=\"[vc_row full_width=&#8221;electroluxpro-full-width-no-padding&#8221;][vc_column][elx_hero_slider text_position=&#8221;hero_slider_text_align_right&#8221; label_text_color=&#8221;inherit&#8221; images=&#8221;2606&#8243;][elx_heading font_container=&#8221;h1&#8243; font_size=&#8221;h2&#8243; text_color=&#8221;inherit&#8221;]Panelas e frigideiras ProThermetic[\/elx_heading][\/elx_hero_slider][\/vc_column][\/vc_row][vc_row][vc_column][vc_empty_space][elx_heading font_size=&#8221;h2&#8243; text_color=&#8221;inherit&#8221; text_align=&#8221;text-center&#8221;]Projetadas para atender \u00e0s necessidades de uso intensivo em hot\u00e9is, institui\u00e7\u00f5es, hospitais, cozinhas centrais e servi\u00e7os de catering.[\/elx_heading][vc_empty_space][\/vc_column][\/vc_row][vc_row][vc_column width=&#8221;1\/2&#8243;][elx_heading font_size=&#8221;h4&#8243; text_color=&#8221;inherit&#8221;]Cozinhar a press\u00e3o com ProThermetic: a melhor solu\u00e7\u00e3o para alta produtividade, efici\u00eancia e precis\u00e3o[\/elx_heading][vc_empty_space][vc_column_text]Tecnologia \u00fanica que otimiza os processos de cozimento e [&hellip;]\" \/>\n<meta property=\"og:url\" content=\"https:\/\/www.electroluxprofessional.com\/br\/panelas-e-frigideiras-prothermetic\/\" \/>\n<meta property=\"og:site_name\" content=\"Electrolux Professional Brasil\" \/>\n<meta property=\"article:modified_time\" content=\"2025-11-05T16:53:23+00:00\" \/>\n<meta property=\"og:image\" content=\"https:\/\/www.electroluxprofessional.com\/br\/wp-content\/uploads\/2018\/11\/Braising-Pan.jpg\" \/>\n\t<meta property=\"og:image:width\" content=\"648\" \/>\n\t<meta property=\"og:image:height\" content=\"452\" \/>\n\t<meta property=\"og:image:type\" content=\"image\/jpeg\" \/>\n<meta name=\"twitter:card\" content=\"summary_large_image\" \/>\n<meta name=\"twitter:label1\" content=\"Est. tempo de leitura\" \/>\n\t<meta name=\"twitter:data1\" content=\"3 minutos\" \/>\n<script type=\"application\/ld+json\" class=\"yoast-schema-graph\">{\"@context\":\"https:\/\/schema.org\",\"@graph\":[{\"@type\":\"WebPage\",\"@id\":\"https:\/\/www.electroluxprofessional.com\/br\/panelas-e-frigideiras-prothermetic\/\",\"url\":\"https:\/\/www.electroluxprofessional.com\/br\/panelas-e-frigideiras-prothermetic\/\",\"name\":\"Panelas e Frigideiras ProThermetic - Electrolux Professional Brasil\",\"isPartOf\":{\"@id\":\"https:\/\/www.electroluxprofessional.com\/br\/#website\"},\"primaryImageOfPage\":{\"@id\":\"https:\/\/www.electroluxprofessional.com\/br\/panelas-e-frigideiras-prothermetic\/#primaryimage\"},\"image\":{\"@id\":\"https:\/\/www.electroluxprofessional.com\/br\/panelas-e-frigideiras-prothermetic\/#primaryimage\"},\"thumbnailUrl\":\"https:\/\/www.electroluxprofessional.com\/br\/wp-content\/uploads\/2018\/11\/Braising-Pan.jpg\",\"datePublished\":\"2017-02-28T16:06:53+00:00\",\"dateModified\":\"2025-11-05T16:53:23+00:00\",\"breadcrumb\":{\"@id\":\"https:\/\/www.electroluxprofessional.com\/br\/panelas-e-frigideiras-prothermetic\/#breadcrumb\"},\"inLanguage\":\"pt-BR\",\"potentialAction\":[{\"@type\":\"ReadAction\",\"target\":[\"https:\/\/www.electroluxprofessional.com\/br\/panelas-e-frigideiras-prothermetic\/\"]}]},{\"@type\":\"ImageObject\",\"inLanguage\":\"pt-BR\",\"@id\":\"https:\/\/www.electroluxprofessional.com\/br\/panelas-e-frigideiras-prothermetic\/#primaryimage\",\"url\":\"https:\/\/www.electroluxprofessional.com\/br\/wp-content\/uploads\/2018\/11\/Braising-Pan.jpg\",\"contentUrl\":\"https:\/\/www.electroluxprofessional.com\/br\/wp-content\/uploads\/2018\/11\/Braising-Pan.jpg\",\"width\":648,\"height\":452,\"caption\":\"Braising Pan\"},{\"@type\":\"BreadcrumbList\",\"@id\":\"https:\/\/www.electroluxprofessional.com\/br\/panelas-e-frigideiras-prothermetic\/#breadcrumb\",\"itemListElement\":[{\"@type\":\"ListItem\",\"position\":1,\"name\":\"Home\",\"item\":\"https:\/\/www.electroluxprofessional.com\/br\/\"},{\"@type\":\"ListItem\",\"position\":2,\"name\":\"Panelas e Frigideiras ProThermetic\"}]},{\"@type\":\"WebSite\",\"@id\":\"https:\/\/www.electroluxprofessional.com\/br\/#website\",\"url\":\"https:\/\/www.electroluxprofessional.com\/br\/\",\"name\":\"Electrolux Professional Brasil\",\"description\":\"Equipamiento cocinas profesionales y lavander\u00edas comerciales. Excelencia en el suministro de soluciones profesionales.\",\"potentialAction\":[{\"@type\":\"SearchAction\",\"target\":{\"@type\":\"EntryPoint\",\"urlTemplate\":\"https:\/\/www.electroluxprofessional.com\/br\/?src={search_term_string}\"},\"query-input\":\"required name=search_term_string\"}],\"inLanguage\":\"pt-BR\"}]}<\/script>\n<!-- \/ Yoast SEO plugin. -->","yoast_head_json":{"title":"Panelas e Frigideiras ProThermetic - Electrolux Professional Brasil","robots":{"index":"index","follow":"follow","max-snippet":"max-snippet:-1","max-image-preview":"max-image-preview:large","max-video-preview":"max-video-preview:-1"},"canonical":"https:\/\/www.electroluxprofessional.com\/br\/panelas-e-frigideiras-prothermetic\/","og_locale":"pt_BR","og_type":"article","og_title":"Panelas e Frigideiras ProThermetic - Electrolux Professional Brasil","og_description":"[vc_row full_width=&#8221;electroluxpro-full-width-no-padding&#8221;][vc_column][elx_hero_slider text_position=&#8221;hero_slider_text_align_right&#8221; label_text_color=&#8221;inherit&#8221; images=&#8221;2606&#8243;][elx_heading font_container=&#8221;h1&#8243; font_size=&#8221;h2&#8243; text_color=&#8221;inherit&#8221;]Panelas e frigideiras ProThermetic[\/elx_heading][\/elx_hero_slider][\/vc_column][\/vc_row][vc_row][vc_column][vc_empty_space][elx_heading font_size=&#8221;h2&#8243; text_color=&#8221;inherit&#8221; text_align=&#8221;text-center&#8221;]Projetadas para atender \u00e0s necessidades de uso intensivo em hot\u00e9is, institui\u00e7\u00f5es, hospitais, cozinhas centrais e servi\u00e7os de catering.[\/elx_heading][vc_empty_space][\/vc_column][\/vc_row][vc_row][vc_column width=&#8221;1\/2&#8243;][elx_heading font_size=&#8221;h4&#8243; text_color=&#8221;inherit&#8221;]Cozinhar a press\u00e3o com ProThermetic: a melhor solu\u00e7\u00e3o para alta produtividade, efici\u00eancia e precis\u00e3o[\/elx_heading][vc_empty_space][vc_column_text]Tecnologia \u00fanica que otimiza os processos de cozimento e [&hellip;]","og_url":"https:\/\/www.electroluxprofessional.com\/br\/panelas-e-frigideiras-prothermetic\/","og_site_name":"Electrolux Professional Brasil","article_modified_time":"2025-11-05T16:53:23+00:00","og_image":[{"width":648,"height":452,"url":"https:\/\/www.electroluxprofessional.com\/br\/wp-content\/uploads\/2018\/11\/Braising-Pan.jpg","type":"image\/jpeg"}],"twitter_card":"summary_large_image","twitter_misc":{"Est. tempo de leitura":"3 minutos"},"schema":{"@context":"https:\/\/schema.org","@graph":[{"@type":"WebPage","@id":"https:\/\/www.electroluxprofessional.com\/br\/panelas-e-frigideiras-prothermetic\/","url":"https:\/\/www.electroluxprofessional.com\/br\/panelas-e-frigideiras-prothermetic\/","name":"Panelas e Frigideiras ProThermetic - Electrolux Professional Brasil","isPartOf":{"@id":"https:\/\/www.electroluxprofessional.com\/br\/#website"},"primaryImageOfPage":{"@id":"https:\/\/www.electroluxprofessional.com\/br\/panelas-e-frigideiras-prothermetic\/#primaryimage"},"image":{"@id":"https:\/\/www.electroluxprofessional.com\/br\/panelas-e-frigideiras-prothermetic\/#primaryimage"},"thumbnailUrl":"https:\/\/www.electroluxprofessional.com\/br\/wp-content\/uploads\/2018\/11\/Braising-Pan.jpg","datePublished":"2017-02-28T16:06:53+00:00","dateModified":"2025-11-05T16:53:23+00:00","breadcrumb":{"@id":"https:\/\/www.electroluxprofessional.com\/br\/panelas-e-frigideiras-prothermetic\/#breadcrumb"},"inLanguage":"pt-BR","potentialAction":[{"@type":"ReadAction","target":["https:\/\/www.electroluxprofessional.com\/br\/panelas-e-frigideiras-prothermetic\/"]}]},{"@type":"ImageObject","inLanguage":"pt-BR","@id":"https:\/\/www.electroluxprofessional.com\/br\/panelas-e-frigideiras-prothermetic\/#primaryimage","url":"https:\/\/www.electroluxprofessional.com\/br\/wp-content\/uploads\/2018\/11\/Braising-Pan.jpg","contentUrl":"https:\/\/www.electroluxprofessional.com\/br\/wp-content\/uploads\/2018\/11\/Braising-Pan.jpg","width":648,"height":452,"caption":"Braising Pan"},{"@type":"BreadcrumbList","@id":"https:\/\/www.electroluxprofessional.com\/br\/panelas-e-frigideiras-prothermetic\/#breadcrumb","itemListElement":[{"@type":"ListItem","position":1,"name":"Home","item":"https:\/\/www.electroluxprofessional.com\/br\/"},{"@type":"ListItem","position":2,"name":"Panelas e Frigideiras ProThermetic"}]},{"@type":"WebSite","@id":"https:\/\/www.electroluxprofessional.com\/br\/#website","url":"https:\/\/www.electroluxprofessional.com\/br\/","name":"Electrolux Professional Brasil","description":"Equipamiento cocinas profesionales y lavander\u00edas comerciales. Excelencia en el suministro de soluciones profesionales.","potentialAction":[{"@type":"SearchAction","target":{"@type":"EntryPoint","urlTemplate":"https:\/\/www.electroluxprofessional.com\/br\/?src={search_term_string}"},"query-input":"required name=search_term_string"}],"inLanguage":"pt-BR"}]}},"_links":{"self":[{"href":"https:\/\/www.electroluxprofessional.com\/br\/wp-json\/wp\/v2\/pages\/2943"}],"collection":[{"href":"https:\/\/www.electroluxprofessional.com\/br\/wp-json\/wp\/v2\/pages"}],"about":[{"href":"https:\/\/www.electroluxprofessional.com\/br\/wp-json\/wp\/v2\/types\/page"}],"author":[{"embeddable":true,"href":"https:\/\/www.electroluxprofessional.com\/br\/wp-json\/wp\/v2\/users\/23"}],"replies":[{"embeddable":true,"href":"https:\/\/www.electroluxprofessional.com\/br\/wp-json\/wp\/v2\/comments?post=2943"}],"version-history":[{"count":20,"href":"https:\/\/www.electroluxprofessional.com\/br\/wp-json\/wp\/v2\/pages\/2943\/revisions"}],"predecessor-version":[{"id":6668,"href":"https:\/\/www.electroluxprofessional.com\/br\/wp-json\/wp\/v2\/pages\/2943\/revisions\/6668"}],"wp:featuredmedia":[{"embeddable":true,"href":"https:\/\/www.electroluxprofessional.com\/br\/wp-json\/wp\/v2\/media\/5106"}],"wp:attachment":[{"href":"https:\/\/www.electroluxprofessional.com\/br\/wp-json\/wp\/v2\/media?parent=2943"}],"curies":[{"name":"wp","href":"https:\/\/api.w.org\/{rel}","templated":true}]}}