{"id":1118,"date":"2016-11-25T11:25:07","date_gmt":"2016-11-25T11:25:07","guid":{"rendered":"https:\/\/www.electroluxprofessional.com\/br\/?page_id=1118"},"modified":"2018-10-03T22:26:25","modified_gmt":"2018-10-03T19:26:25","slug":"contato","status":"publish","type":"page","link":"https:\/\/www.electroluxprofessional.com\/br\/contato\/","title":{"rendered":"Entre em contato"},"content":{"rendered":"<p>[vc_row full_width=&#8221;electroluxpro-full-width-no-padding&#8221;][vc_column][elx_hero_slider label_text_color=&#8221;inherit&#8221; images=&#8221;473&#8243;][vc_column_text]<\/p>\n<h1>Entre em contato<\/h1>\n<p>[\/vc_column_text][\/elx_hero_slider][\/vc_column][\/vc_row][vc_row][vc_column width=&#8221;1\/2&#8243;][vc_empty_space height=&#8221;36px&#8221;][vc_column_text]<\/p>\n<h4>Electrolux\u00a0do Brasil S.A.<\/h4>\n<p>Rua Verbo Divino, 1488\u00a0&#8211;\u00a0 04719-904\u00a0S\u00e3o Paulo (SP) &#8211; Brasil[\/vc_column_text][vc_empty_space height=&#8221;36px&#8221;][vc_empty_space][\/vc_column][vc_column width=&#8221;1\/2&#8243;][vc_empty_space height=&#8221;36px&#8221;][vc_column_text]<\/p>\n<h4>Envie-nos sua pergunta ou coment\u00e1rio<\/h4>\n<p>Teremos o maior prazer em ajud\u00e1-lo. Deixe-nos suas informa\u00e7\u00f5es de contato com sua consulta e entraremos em contato com voc\u00ea em breve.[\/vc_column_text][elx_o2000_contact_us r=&#8221;Me gustar\u00eda tener m\u00e1s informaci\u00f3n sobre soluciones de Cocina y Lavander\u00eda, por favor contacten conmigo&#8221; s=&#8221;Petici\u00f3n de informaci\u00f3n sobre&#8230;&#8221; country=&#8221;Brazil&#8221; l=&#8221;pt&#8221; container=&#8221;elxcontactus1481547468&#8243;][\/vc_column][\/vc_row][vc_row][vc_column][vc_empty_space][\/vc_column][\/vc_row]<\/p>\n","protected":false},"excerpt":{"rendered":"<p>[vc_row full_width=&#8221;electroluxpro-full-width-no-padding&#8221;][vc_column][elx_hero_slider label_text_color=&#8221;inherit&#8221; images=&#8221;473&#8243;][vc_column_text] Entre em contato [\/vc_column_text][\/elx_hero_slider][\/vc_column][\/vc_row][vc_row][vc_column width=&#8221;1\/2&#8243;][vc_empty_space height=&#8221;36px&#8221;][vc_column_text] Electrolux\u00a0do Brasil S.A. Rua Verbo Divino, 1488\u00a0&#8211;\u00a0 04719-904\u00a0S\u00e3o Paulo (SP) &#8211; Brasil[\/vc_column_text][vc_empty_space height=&#8221;36px&#8221;][vc_empty_space][\/vc_column][vc_column width=&#8221;1\/2&#8243;][vc_empty_space height=&#8221;36px&#8221;][vc_column_text] Envie-nos sua pergunta ou coment\u00e1rio Teremos o maior prazer em ajud\u00e1-lo. Deixe-nos suas informa\u00e7\u00f5es de contato com sua consulta e entraremos em contato com voc\u00ea em breve.[\/vc_column_text][elx_o2000_contact_us r=&#8221;Me gustar\u00eda tener [&hellip;]<\/p>\n","protected":false},"author":23,"featured_media":0,"parent":0,"menu_order":0,"comment_status":"closed","ping_status":"closed","template":"","meta":{"footnotes":""},"class_list":["post-1118","page","type-page","status-publish","hentry"],"acf":[],"yoast_head":"<!-- This site is optimized with the Yoast SEO plugin v23.3 - https:\/\/yoast.com\/wordpress\/plugins\/seo\/ -->\n<title>Entre em contato - Electrolux Professional Brasil<\/title>\n<meta name=\"robots\" content=\"index, follow, max-snippet:-1, max-image-preview:large, max-video-preview:-1\" \/>\n<link rel=\"canonical\" href=\"https:\/\/www.electroluxprofessional.com\/br\/contato\/\" \/>\n<meta property=\"og:locale\" content=\"pt_BR\" \/>\n<meta property=\"og:type\" content=\"article\" \/>\n<meta property=\"og:title\" content=\"Entre em contato - Electrolux Professional Brasil\" \/>\n<meta property=\"og:description\" content=\"[vc_row full_width=&#8221;electroluxpro-full-width-no-padding&#8221;][vc_column][elx_hero_slider label_text_color=&#8221;inherit&#8221; images=&#8221;473&#8243;][vc_column_text] Entre em contato [\/vc_column_text][\/elx_hero_slider][\/vc_column][\/vc_row][vc_row][vc_column width=&#8221;1\/2&#8243;][vc_empty_space height=&#8221;36px&#8221;][vc_column_text] Electrolux\u00a0do Brasil S.A. Rua Verbo Divino, 1488\u00a0&#8211;\u00a0 04719-904\u00a0S\u00e3o Paulo (SP) &#8211; Brasil[\/vc_column_text][vc_empty_space height=&#8221;36px&#8221;][vc_empty_space][\/vc_column][vc_column width=&#8221;1\/2&#8243;][vc_empty_space height=&#8221;36px&#8221;][vc_column_text] Envie-nos sua pergunta ou coment\u00e1rio Teremos o maior prazer em ajud\u00e1-lo. Deixe-nos suas informa\u00e7\u00f5es de contato com sua consulta e entraremos em contato com voc\u00ea em breve.[\/vc_column_text][elx_o2000_contact_us r=&#8221;Me gustar\u00eda tener [&hellip;]\" \/>\n<meta property=\"og:url\" content=\"https:\/\/www.electroluxprofessional.com\/br\/contato\/\" \/>\n<meta property=\"og:site_name\" content=\"Electrolux Professional Brasil\" \/>\n<meta property=\"article:modified_time\" content=\"2018-10-03T19:26:25+00:00\" \/>\n<meta name=\"twitter:card\" content=\"summary_large_image\" \/>\n<meta name=\"twitter:label1\" content=\"Est. tempo de leitura\" \/>\n\t<meta name=\"twitter:data1\" content=\"1 minuto\" \/>\n<script type=\"application\/ld+json\" class=\"yoast-schema-graph\">{\"@context\":\"https:\/\/schema.org\",\"@graph\":[{\"@type\":\"WebPage\",\"@id\":\"https:\/\/www.electroluxprofessional.com\/br\/contato\/\",\"url\":\"https:\/\/www.electroluxprofessional.com\/br\/contato\/\",\"name\":\"Entre em contato - Electrolux Professional Brasil\",\"isPartOf\":{\"@id\":\"https:\/\/www.electroluxprofessional.com\/br\/#website\"},\"datePublished\":\"2016-11-25T11:25:07+00:00\",\"dateModified\":\"2018-10-03T19:26:25+00:00\",\"breadcrumb\":{\"@id\":\"https:\/\/www.electroluxprofessional.com\/br\/contato\/#breadcrumb\"},\"inLanguage\":\"pt-BR\",\"potentialAction\":[{\"@type\":\"ReadAction\",\"target\":[\"https:\/\/www.electroluxprofessional.com\/br\/contato\/\"]}]},{\"@type\":\"BreadcrumbList\",\"@id\":\"https:\/\/www.electroluxprofessional.com\/br\/contato\/#breadcrumb\",\"itemListElement\":[{\"@type\":\"ListItem\",\"position\":1,\"name\":\"Home\",\"item\":\"https:\/\/www.electroluxprofessional.com\/br\/\"},{\"@type\":\"ListItem\",\"position\":2,\"name\":\"Entre em contato\"}]},{\"@type\":\"WebSite\",\"@id\":\"https:\/\/www.electroluxprofessional.com\/br\/#website\",\"url\":\"https:\/\/www.electroluxprofessional.com\/br\/\",\"name\":\"Electrolux Professional Brasil\",\"description\":\"Equipamiento cocinas profesionales y lavander\u00edas comerciales. Excelencia en el suministro de soluciones profesionales.\",\"potentialAction\":[{\"@type\":\"SearchAction\",\"target\":{\"@type\":\"EntryPoint\",\"urlTemplate\":\"https:\/\/www.electroluxprofessional.com\/br\/?src={search_term_string}\"},\"query-input\":\"required name=search_term_string\"}],\"inLanguage\":\"pt-BR\"}]}<\/script>\n<!-- \/ Yoast SEO plugin. -->","yoast_head_json":{"title":"Entre em contato - Electrolux Professional Brasil","robots":{"index":"index","follow":"follow","max-snippet":"max-snippet:-1","max-image-preview":"max-image-preview:large","max-video-preview":"max-video-preview:-1"},"canonical":"https:\/\/www.electroluxprofessional.com\/br\/contato\/","og_locale":"pt_BR","og_type":"article","og_title":"Entre em contato - Electrolux Professional Brasil","og_description":"[vc_row full_width=&#8221;electroluxpro-full-width-no-padding&#8221;][vc_column][elx_hero_slider label_text_color=&#8221;inherit&#8221; images=&#8221;473&#8243;][vc_column_text] Entre em contato [\/vc_column_text][\/elx_hero_slider][\/vc_column][\/vc_row][vc_row][vc_column width=&#8221;1\/2&#8243;][vc_empty_space height=&#8221;36px&#8221;][vc_column_text] Electrolux\u00a0do Brasil S.A. Rua Verbo Divino, 1488\u00a0&#8211;\u00a0 04719-904\u00a0S\u00e3o Paulo (SP) &#8211; Brasil[\/vc_column_text][vc_empty_space height=&#8221;36px&#8221;][vc_empty_space][\/vc_column][vc_column width=&#8221;1\/2&#8243;][vc_empty_space height=&#8221;36px&#8221;][vc_column_text] Envie-nos sua pergunta ou coment\u00e1rio Teremos o maior prazer em ajud\u00e1-lo. Deixe-nos suas informa\u00e7\u00f5es de contato com sua consulta e entraremos em contato com voc\u00ea em breve.[\/vc_column_text][elx_o2000_contact_us r=&#8221;Me gustar\u00eda tener [&hellip;]","og_url":"https:\/\/www.electroluxprofessional.com\/br\/contato\/","og_site_name":"Electrolux Professional Brasil","article_modified_time":"2018-10-03T19:26:25+00:00","twitter_card":"summary_large_image","twitter_misc":{"Est. tempo de leitura":"1 minuto"},"schema":{"@context":"https:\/\/schema.org","@graph":[{"@type":"WebPage","@id":"https:\/\/www.electroluxprofessional.com\/br\/contato\/","url":"https:\/\/www.electroluxprofessional.com\/br\/contato\/","name":"Entre em contato - Electrolux Professional Brasil","isPartOf":{"@id":"https:\/\/www.electroluxprofessional.com\/br\/#website"},"datePublished":"2016-11-25T11:25:07+00:00","dateModified":"2018-10-03T19:26:25+00:00","breadcrumb":{"@id":"https:\/\/www.electroluxprofessional.com\/br\/contato\/#breadcrumb"},"inLanguage":"pt-BR","potentialAction":[{"@type":"ReadAction","target":["https:\/\/www.electroluxprofessional.com\/br\/contato\/"]}]},{"@type":"BreadcrumbList","@id":"https:\/\/www.electroluxprofessional.com\/br\/contato\/#breadcrumb","itemListElement":[{"@type":"ListItem","position":1,"name":"Home","item":"https:\/\/www.electroluxprofessional.com\/br\/"},{"@type":"ListItem","position":2,"name":"Entre em contato"}]},{"@type":"WebSite","@id":"https:\/\/www.electroluxprofessional.com\/br\/#website","url":"https:\/\/www.electroluxprofessional.com\/br\/","name":"Electrolux Professional Brasil","description":"Equipamiento cocinas profesionales y lavander\u00edas comerciales. Excelencia en el suministro de soluciones profesionales.","potentialAction":[{"@type":"SearchAction","target":{"@type":"EntryPoint","urlTemplate":"https:\/\/www.electroluxprofessional.com\/br\/?src={search_term_string}"},"query-input":"required name=search_term_string"}],"inLanguage":"pt-BR"}]}},"_links":{"self":[{"href":"https:\/\/www.electroluxprofessional.com\/br\/wp-json\/wp\/v2\/pages\/1118"}],"collection":[{"href":"https:\/\/www.electroluxprofessional.com\/br\/wp-json\/wp\/v2\/pages"}],"about":[{"href":"https:\/\/www.electroluxprofessional.com\/br\/wp-json\/wp\/v2\/types\/page"}],"author":[{"embeddable":true,"href":"https:\/\/www.electroluxprofessional.com\/br\/wp-json\/wp\/v2\/users\/23"}],"replies":[{"embeddable":true,"href":"https:\/\/www.electroluxprofessional.com\/br\/wp-json\/wp\/v2\/comments?post=1118"}],"version-history":[{"count":26,"href":"https:\/\/www.electroluxprofessional.com\/br\/wp-json\/wp\/v2\/pages\/1118\/revisions"}],"predecessor-version":[{"id":6850,"href":"https:\/\/www.electroluxprofessional.com\/br\/wp-json\/wp\/v2\/pages\/1118\/revisions\/6850"}],"wp:attachment":[{"href":"https:\/\/www.electroluxprofessional.com\/br\/wp-json\/wp\/v2\/media?parent=1118"}],"curies":[{"name":"wp","href":"https:\/\/api.w.org\/{rel}","templated":true}]}}