{"id":1105,"date":"2016-11-24T12:08:14","date_gmt":"2016-11-24T12:08:14","guid":{"rendered":"https:\/\/www.electroluxprofessional.com\/br\/?page_id=1105"},"modified":"2017-11-27T07:14:33","modified_gmt":"2017-11-27T04:14:33","slug":"quem-somos","status":"publish","type":"page","link":"https:\/\/www.electroluxprofessional.com\/br\/quem-somos\/","title":{"rendered":"Quem somos"},"content":{"rendered":"<p>[vc_row full_width=&#8221;electroluxpro-full-width-no-padding&#8221;][vc_column][elx_video_block background_image=&#8221;757&#8243; video_link=&#8221;https:\/\/www.youtube.com\/watch?v=lK0qUMERSjQ&#8221; minimum_height=&#8221;600px&#8221;][\/vc_column][\/vc_row][vc_row][vc_column][elx_heading font_container=&#8221;h1&#8243; font_size=&#8221;h2&#8243; text_color=&#8221;inherit&#8221;]Quem somos?[\/elx_heading][\/vc_column][\/vc_row][vc_row css=&#8221;.vc_custom_1465566954449{padding-top: 20px !important;}&#8221;][vc_column][vc_column_text]<\/p>\n<h5>Na Electrolux Professional, sabemos que as ferramentas certas fazem uma diferen\u00e7a positiva em sua vida. \u00c9 por isso que vamos fazer uma diferen\u00e7a positiva todos os dias, para voc\u00ea e para o nosso planeta.<\/h5>\n<h5>Estamos orgulhosos de liderar em inova\u00e7\u00e3o e design oferecendo solu\u00e7\u00f5es que sabemos que voc\u00ea quer.<br \/>\n\u00c9 nossa miss\u00e3o tornar sua vida mais f\u00e1cil e mais lucrativa.<\/h5>\n<p>Temos um compromisso firme com a sustentabilidade, melhorando a efici\u00eancia em \u00e1gua e eletricidade para economizar custos e <strong>melhorar sua lucratividade<\/strong><b>.<\/b><\/p>\n<p>Estamos aqui h\u00e1 90 anos, construindo a rede de servi\u00e7os mais abrangente do mundo. Ent\u00e3o voc\u00ea pode contar conosco\u00a0para apoiar o seu neg\u00f3cio onde quer que voc\u00ea esteja no mundo 24\/7.<\/p>\n<p>Na Electrolux, estamos constantemente \u00e0 procura de novas oportunidades. Podemos fazer uma diferen\u00e7a positiva para voc\u00ea e para o nosso planeta.[\/vc_column_text][\/vc_column][\/vc_row][vc_row disable_element=&#8221;yes&#8221;][vc_column width=&#8221;1\/4&#8243;][elx_simple_link_block link=&#8221;|||&#8221; text_align=&#8221;text-left&#8221; text_color=&#8221;inherit&#8221; background_color=&#8221;inherit&#8221; background_hover_color=&#8221;darker-hover&#8221; extra_class=&#8221;&#8221; reveal_effect=&#8221;&#8221; reveal_duration=&#8221;&#8221; reveal_delay=&#8221;&#8221;][vc_single_image image=&#8221;758&#8243; img_size=&#8221;large&#8221;][elx_heading text_color=&#8221;inherit&#8221;]Equipamiento de Cocinas Profesionales[\/elx_heading][\/elx_simple_link_block][\/vc_column][vc_column width=&#8221;1\/4&#8243;][elx_simple_link_block link=&#8221;|||&#8221; text_align=&#8221;text-left&#8221; text_color=&#8221;inherit&#8221; background_color=&#8221;inherit&#8221; background_hover_color=&#8221;darker-hover&#8221; extra_class=&#8221;&#8221; reveal_effect=&#8221;&#8221; reveal_duration=&#8221;&#8221; reveal_delay=&#8221;&#8221;][vc_single_image image=&#8221;759&#8243; img_size=&#8221;large&#8221;][elx_heading text_color=&#8221;inherit&#8221;]Equipamiento de Lavander\u00edas Comerciales[\/elx_heading][\/elx_simple_link_block][\/vc_column][vc_column width=&#8221;1\/4&#8243;][elx_simple_link_block link=&#8221;|||&#8221; text_align=&#8221;text-left&#8221; text_color=&#8221;inherit&#8221; background_color=&#8221;inherit&#8221; background_hover_color=&#8221;darker-hover&#8221; extra_class=&#8221;&#8221; reveal_effect=&#8221;&#8221; reveal_duration=&#8221;&#8221; reveal_delay=&#8221;&#8221;][vc_single_image image=&#8221;761&#8243; img_size=&#8221;large&#8221;][elx_heading text_color=&#8221;inherit&#8221;]&#8217;For the better&#8217;, campa\u00f1a sostenible[\/elx_heading][\/elx_simple_link_block][\/vc_column][\/vc_row]<\/p>\n","protected":false},"excerpt":{"rendered":"<p>[vc_row full_width=&#8221;electroluxpro-full-width-no-padding&#8221;][vc_column][elx_video_block background_image=&#8221;757&#8243; video_link=&#8221;https:\/\/www.youtube.com\/watch?v=lK0qUMERSjQ&#8221; minimum_height=&#8221;600px&#8221;][\/vc_column][\/vc_row][vc_row][vc_column][elx_heading font_container=&#8221;h1&#8243; font_size=&#8221;h2&#8243; text_color=&#8221;inherit&#8221;]Quem somos?[\/elx_heading][\/vc_column][\/vc_row][vc_row css=&#8221;.vc_custom_1465566954449{padding-top: 20px !important;}&#8221;][vc_column][vc_column_text] Na Electrolux Professional, sabemos que as ferramentas certas fazem uma diferen\u00e7a positiva em sua vida. \u00c9 por isso que vamos fazer uma diferen\u00e7a positiva todos os dias, para voc\u00ea e para o nosso planeta. Estamos orgulhosos de liderar em inova\u00e7\u00e3o e design oferecendo [&hellip;]<\/p>\n","protected":false},"author":23,"featured_media":0,"parent":0,"menu_order":0,"comment_status":"closed","ping_status":"closed","template":"","meta":{"footnotes":""},"class_list":["post-1105","page","type-page","status-publish","hentry"],"acf":[],"yoast_head":"<!-- This site is optimized with the Yoast SEO plugin v23.3 - https:\/\/yoast.com\/wordpress\/plugins\/seo\/ -->\n<title>Quem somos - Electrolux Professional Brasil<\/title>\n<meta name=\"robots\" content=\"index, follow, max-snippet:-1, max-image-preview:large, max-video-preview:-1\" \/>\n<link rel=\"canonical\" href=\"https:\/\/www.electroluxprofessional.com\/br\/quem-somos\/\" \/>\n<meta property=\"og:locale\" content=\"pt_BR\" \/>\n<meta property=\"og:type\" content=\"article\" \/>\n<meta property=\"og:title\" content=\"Quem somos - Electrolux Professional Brasil\" \/>\n<meta property=\"og:description\" content=\"[vc_row full_width=&#8221;electroluxpro-full-width-no-padding&#8221;][vc_column][elx_video_block background_image=&#8221;757&#8243; video_link=&#8221;https:\/\/www.youtube.com\/watch?v=lK0qUMERSjQ&#8221; minimum_height=&#8221;600px&#8221;][\/vc_column][\/vc_row][vc_row][vc_column][elx_heading font_container=&#8221;h1&#8243; font_size=&#8221;h2&#8243; text_color=&#8221;inherit&#8221;]Quem somos?[\/elx_heading][\/vc_column][\/vc_row][vc_row css=&#8221;.vc_custom_1465566954449{padding-top: 20px !important;}&#8221;][vc_column][vc_column_text] Na Electrolux Professional, sabemos que as ferramentas certas fazem uma diferen\u00e7a positiva em sua vida. \u00c9 por isso que vamos fazer uma diferen\u00e7a positiva todos os dias, para voc\u00ea e para o nosso planeta. Estamos orgulhosos de liderar em inova\u00e7\u00e3o e design oferecendo [&hellip;]\" \/>\n<meta property=\"og:url\" content=\"https:\/\/www.electroluxprofessional.com\/br\/quem-somos\/\" \/>\n<meta property=\"og:site_name\" content=\"Electrolux Professional Brasil\" \/>\n<meta property=\"article:modified_time\" content=\"2017-11-27T04:14:33+00:00\" \/>\n<meta name=\"twitter:card\" content=\"summary_large_image\" \/>\n<meta name=\"twitter:label1\" content=\"Est. tempo de leitura\" \/>\n\t<meta name=\"twitter:data1\" content=\"2 minutos\" \/>\n<script type=\"application\/ld+json\" class=\"yoast-schema-graph\">{\"@context\":\"https:\/\/schema.org\",\"@graph\":[{\"@type\":\"WebPage\",\"@id\":\"https:\/\/www.electroluxprofessional.com\/br\/quem-somos\/\",\"url\":\"https:\/\/www.electroluxprofessional.com\/br\/quem-somos\/\",\"name\":\"Quem somos - Electrolux Professional Brasil\",\"isPartOf\":{\"@id\":\"https:\/\/www.electroluxprofessional.com\/br\/#website\"},\"datePublished\":\"2016-11-24T12:08:14+00:00\",\"dateModified\":\"2017-11-27T04:14:33+00:00\",\"breadcrumb\":{\"@id\":\"https:\/\/www.electroluxprofessional.com\/br\/quem-somos\/#breadcrumb\"},\"inLanguage\":\"pt-BR\",\"potentialAction\":[{\"@type\":\"ReadAction\",\"target\":[\"https:\/\/www.electroluxprofessional.com\/br\/quem-somos\/\"]}]},{\"@type\":\"BreadcrumbList\",\"@id\":\"https:\/\/www.electroluxprofessional.com\/br\/quem-somos\/#breadcrumb\",\"itemListElement\":[{\"@type\":\"ListItem\",\"position\":1,\"name\":\"Home\",\"item\":\"https:\/\/www.electroluxprofessional.com\/br\/\"},{\"@type\":\"ListItem\",\"position\":2,\"name\":\"Quem somos\"}]},{\"@type\":\"WebSite\",\"@id\":\"https:\/\/www.electroluxprofessional.com\/br\/#website\",\"url\":\"https:\/\/www.electroluxprofessional.com\/br\/\",\"name\":\"Electrolux Professional Brasil\",\"description\":\"Equipamiento cocinas profesionales y lavander\u00edas comerciales. Excelencia en el suministro de soluciones profesionales.\",\"potentialAction\":[{\"@type\":\"SearchAction\",\"target\":{\"@type\":\"EntryPoint\",\"urlTemplate\":\"https:\/\/www.electroluxprofessional.com\/br\/?src={search_term_string}\"},\"query-input\":\"required name=search_term_string\"}],\"inLanguage\":\"pt-BR\"}]}<\/script>\n<!-- \/ Yoast SEO plugin. -->","yoast_head_json":{"title":"Quem somos - Electrolux Professional Brasil","robots":{"index":"index","follow":"follow","max-snippet":"max-snippet:-1","max-image-preview":"max-image-preview:large","max-video-preview":"max-video-preview:-1"},"canonical":"https:\/\/www.electroluxprofessional.com\/br\/quem-somos\/","og_locale":"pt_BR","og_type":"article","og_title":"Quem somos - Electrolux Professional Brasil","og_description":"[vc_row full_width=&#8221;electroluxpro-full-width-no-padding&#8221;][vc_column][elx_video_block background_image=&#8221;757&#8243; video_link=&#8221;https:\/\/www.youtube.com\/watch?v=lK0qUMERSjQ&#8221; minimum_height=&#8221;600px&#8221;][\/vc_column][\/vc_row][vc_row][vc_column][elx_heading font_container=&#8221;h1&#8243; font_size=&#8221;h2&#8243; text_color=&#8221;inherit&#8221;]Quem somos?[\/elx_heading][\/vc_column][\/vc_row][vc_row css=&#8221;.vc_custom_1465566954449{padding-top: 20px !important;}&#8221;][vc_column][vc_column_text] Na Electrolux Professional, sabemos que as ferramentas certas fazem uma diferen\u00e7a positiva em sua vida. \u00c9 por isso que vamos fazer uma diferen\u00e7a positiva todos os dias, para voc\u00ea e para o nosso planeta. Estamos orgulhosos de liderar em inova\u00e7\u00e3o e design oferecendo [&hellip;]","og_url":"https:\/\/www.electroluxprofessional.com\/br\/quem-somos\/","og_site_name":"Electrolux Professional Brasil","article_modified_time":"2017-11-27T04:14:33+00:00","twitter_card":"summary_large_image","twitter_misc":{"Est. tempo de leitura":"2 minutos"},"schema":{"@context":"https:\/\/schema.org","@graph":[{"@type":"WebPage","@id":"https:\/\/www.electroluxprofessional.com\/br\/quem-somos\/","url":"https:\/\/www.electroluxprofessional.com\/br\/quem-somos\/","name":"Quem somos - Electrolux Professional Brasil","isPartOf":{"@id":"https:\/\/www.electroluxprofessional.com\/br\/#website"},"datePublished":"2016-11-24T12:08:14+00:00","dateModified":"2017-11-27T04:14:33+00:00","breadcrumb":{"@id":"https:\/\/www.electroluxprofessional.com\/br\/quem-somos\/#breadcrumb"},"inLanguage":"pt-BR","potentialAction":[{"@type":"ReadAction","target":["https:\/\/www.electroluxprofessional.com\/br\/quem-somos\/"]}]},{"@type":"BreadcrumbList","@id":"https:\/\/www.electroluxprofessional.com\/br\/quem-somos\/#breadcrumb","itemListElement":[{"@type":"ListItem","position":1,"name":"Home","item":"https:\/\/www.electroluxprofessional.com\/br\/"},{"@type":"ListItem","position":2,"name":"Quem somos"}]},{"@type":"WebSite","@id":"https:\/\/www.electroluxprofessional.com\/br\/#website","url":"https:\/\/www.electroluxprofessional.com\/br\/","name":"Electrolux Professional Brasil","description":"Equipamiento cocinas profesionales y lavander\u00edas comerciales. Excelencia en el suministro de soluciones profesionales.","potentialAction":[{"@type":"SearchAction","target":{"@type":"EntryPoint","urlTemplate":"https:\/\/www.electroluxprofessional.com\/br\/?src={search_term_string}"},"query-input":"required name=search_term_string"}],"inLanguage":"pt-BR"}]}},"_links":{"self":[{"href":"https:\/\/www.electroluxprofessional.com\/br\/wp-json\/wp\/v2\/pages\/1105"}],"collection":[{"href":"https:\/\/www.electroluxprofessional.com\/br\/wp-json\/wp\/v2\/pages"}],"about":[{"href":"https:\/\/www.electroluxprofessional.com\/br\/wp-json\/wp\/v2\/types\/page"}],"author":[{"embeddable":true,"href":"https:\/\/www.electroluxprofessional.com\/br\/wp-json\/wp\/v2\/users\/23"}],"replies":[{"embeddable":true,"href":"https:\/\/www.electroluxprofessional.com\/br\/wp-json\/wp\/v2\/comments?post=1105"}],"version-history":[{"count":24,"href":"https:\/\/www.electroluxprofessional.com\/br\/wp-json\/wp\/v2\/pages\/1105\/revisions"}],"predecessor-version":[{"id":5062,"href":"https:\/\/www.electroluxprofessional.com\/br\/wp-json\/wp\/v2\/pages\/1105\/revisions\/5062"}],"wp:attachment":[{"href":"https:\/\/www.electroluxprofessional.com\/br\/wp-json\/wp\/v2\/media?parent=1105"}],"curies":[{"name":"wp","href":"https:\/\/api.w.org\/{rel}","templated":true}]}}