{"id":905,"date":"2016-11-10T07:50:23","date_gmt":"2016-11-10T07:50:23","guid":{"rendered":"http:\/\/testepr.jobinformatica.it\/?page_id=4780"},"modified":"2026-03-25T06:47:49","modified_gmt":"2026-03-25T05:47:49","slug":"bezahlsysteme","status":"publish","type":"page","link":"https:\/\/www.electroluxprofessional.com\/at\/waeschereitechnik\/bezahlsysteme\/","title":{"rendered":"Bezahlsysteme"},"content":{"rendered":"<p>[vc_row full_width=&#8221;electroluxpro-full-width-no-padding&#8221; css=&#8221;.vc_custom_1618193199927{margin-top: -40px !important;border-top-width: -40px !important;padding-top: -40px !important;}&#8221;][vc_column][elx_full_banner title=&#8221;Bezahlsysteme&#8221; set_as_h1=&#8221;true&#8221; background_image_media_library=&#8221;19245&#8243; background_image_media_library_mobile=&#8221;20412&#8243; link=&#8221;url:%23contact|title:Mehr%20erfahren&#8221;][\/vc_column][\/vc_row][vc_row][vc_column][vc_empty_space][elx_heading font_size=&#8221;h5&#8243; text_color=&#8221;inherit&#8221; text_align=&#8221;text-left&#8221;]Von der Zahlung an der Maschine mit Karte, M\u00fcnze oder Token bis hin zum Anschluss der Maschinen an zentrale Zahlungssysteme.[\/elx_heading][\/vc_column][\/vc_row][vc_row][vc_column][vc_empty_space][elx_heading font_container=&#8221;h3&#8243; font_size=&#8221;h5&#8243; text_color=&#8221;inherit&#8221; text_align=&#8221;text-left&#8221;]<strong>Ein breites Spektrum an Bezahlsystemen<\/strong>[\/elx_heading][vc_empty_space][\/vc_column][\/vc_row][vc_row][vc_column][vc_column_text]<span lang=\"de\">Zahlungssysteme f\u00fcr Waschmaschinen\u00a0und Trockner sind verf\u00fcgbar als Kits nur mit M\u00fcnzmeter, M\u00fcnzboxen oder Komplettsets mit M\u00fcnzmesser und M\u00fcnzbox.<\/span><\/p>\n<p><span lang=\"de\">Auf Wunsch sind unsere Waschmaschinen und Trockner kompatibel f\u00fcr die Verbindung mit fast allen weltweit verf\u00fcgbaren Zahlungssystemen.<\/span><\/p>\n<p><span lang=\"de\">Nehmen Sie Kontakt mit uns auf, wir haben eine breite Palette an Zahlungssystemen und -l\u00f6sungen f\u00fcr Sie.<\/span>[\/vc_column_text][vc_empty_space height=&#8221;50px&#8221;][\/vc_column][\/vc_row][vc_row css=&#8221;.vc_custom_1604014467256{background-color: #efefef !important;}&#8221;][vc_column][vc_empty_space][elx_heading text_color=&#8221;inherit&#8221; text_align=&#8221;text-center&#8221;]Viele praktische Optionen[\/elx_heading][vc_empty_space][vc_row_inner][vc_column_inner width=&#8221;1\/3&#8243;][vc_single_image image=&#8221;12209&#8243; img_size=&#8221;100px&#8221; alignment=&#8221;center&#8221;][elx_heading font_container=&#8221;h3&#8243; font_size=&#8221;h6&#8243; text_color=&#8221;electrolux-blue&#8221; text_align=&#8221;text-center&#8221;]M\u00fcnzz\u00e4hler[\/elx_heading][vc_column_text]<\/p>\n<p id=\"tw-target-text\" class=\"tw-data-text tw-text-large tw-ta\" dir=\"ltr\" style=\"text-align: center;\" data-placeholder=\"\u00dcbersetzung\"><span class=\"Y2IQFc\" lang=\"de\">Wertmarken oder M\u00fcnzen, mechanisch oder elektromechanisch<\/span><\/p>\n<p>[\/vc_column_text][vc_empty_space][\/vc_column_inner][vc_column_inner width=&#8221;1\/3&#8243;][vc_single_image image=&#8221;12277&#8243; img_size=&#8221;100px&#8221; alignment=&#8221;center&#8221;][elx_heading font_container=&#8221;h3&#8243; font_size=&#8221;h6&#8243; text_color=&#8221;electrolux-blue&#8221; text_align=&#8221;text-center&#8221;]Kartenleser[\/elx_heading][vc_column_text]<\/p>\n<p style=\"font-size: 16px; text-align: center;\">Prepaid, Schl\u00fcsselkarten,<br \/>\nBankkarten[\/vc_column_text][vc_empty_space][\/vc_column_inner][vc_column_inner width=&#8221;1\/3&#8243;][vc_single_image image=&#8221;12259&#8243; img_size=&#8221;80px&#8221; alignment=&#8221;center&#8221;][elx_heading font_container=&#8221;h3&#8243; font_size=&#8221;h6&#8243; text_color=&#8221;electrolux-blue&#8221; text_align=&#8221;text-center&#8221;]Apps[\/elx_heading][vc_column_text]<\/p>\n<p id=\"tw-target-text\" class=\"tw-data-text tw-text-large tw-ta\" dir=\"ltr\" style=\"text-align: center;\" data-placeholder=\"\u00dcbersetzung\"><span class=\"Y2IQFc\" lang=\"de\">Eigenst\u00e4ndige Anbindung<br \/>\nan bestehende Zahlungssysteme<\/span>[\/vc_column_text][vc_empty_space][\/vc_column_inner][\/vc_row_inner][vc_row_inner][vc_column_inner width=&#8221;1\/3&#8243;][vc_single_image image=&#8221;12260&#8243; img_size=&#8221;100px&#8221; alignment=&#8221;center&#8221;][elx_heading font_container=&#8221;h3&#8243; font_size=&#8221;h6&#8243; text_color=&#8221;electrolux-blue&#8221; text_align=&#8221;text-center&#8221;]Intelligente Z\u00e4hler[\/elx_heading][vc_column_text]<\/p>\n<p id=\"tw-target-text\" class=\"tw-data-text tw-text-large tw-ta\" dir=\"ltr\" style=\"text-align: center;\" data-placeholder=\"\u00dcbersetzung\">Eigenst\u00e4ndiger Mechanismus zum Ein- und<br \/>\nAusschalten der Stromversorgung<\/p>\n<p>[\/vc_column_text][vc_empty_space][\/vc_column_inner][vc_column_inner width=&#8221;1\/3&#8243;][vc_single_image image=&#8221;12213&#8243; img_size=&#8221;100px&#8221; alignment=&#8221;center&#8221;][elx_heading font_container=&#8221;h3&#8243; font_size=&#8221;h6&#8243; text_color=&#8221;electrolux-blue&#8221; text_align=&#8221;text-center&#8221;]Zentrale<br \/>\nZahlungssysteme[\/elx_heading][vc_column_text]<\/p>\n<p style=\"font-size: 16px; text-align: center;\">Eine einzige Zahlungsstation zur<br \/>\n\u00dcberwachung mehrerer Automaten<\/p>\n<p>[\/vc_column_text][vc_empty_space][\/vc_column_inner][vc_column_inner width=&#8221;1\/3&#8243;][vc_single_image image=&#8221;12281&#8243; img_size=&#8221;80px&#8221; alignment=&#8221;center&#8221;][elx_heading font_container=&#8221;h3&#8243; font_size=&#8221;h6&#8243; text_color=&#8221;electrolux-blue&#8221; text_align=&#8221;text-center&#8221;]Buchungssysteme<br \/>\nmit monatlicher Zahlung[\/elx_heading][vc_column_text]<\/p>\n<p id=\"tw-target-text\" class=\"tw-data-text tw-text-large tw-ta\" dir=\"ltr\" style=\"text-align: center;\" data-placeholder=\"\u00dcbersetzung\">Ein Ger\u00e4t pro W\u00e4scherei, um Maschinen pers\u00f6nlich oder aus<br \/>\nder Ferne zu buchen. Mehrere Zahlungsm\u00f6glichkeiten.<\/p>\n<p>[\/vc_column_text][vc_empty_space][\/vc_column_inner][\/vc_row_inner][vc_column_inner width=&#8221;1\/3&#8243;][\/vc_column_inner][vc_column_inner width=&#8221;1\/3&#8243;][\/vc_column_inner][vc_column_inner width=&#8221;1\/3&#8243;][\/vc_column_inner][\/vc_column][\/vc_row][vc_row][vc_column][vc_empty_space][\/vc_column][\/vc_row][vc_row][vc_column][vc_empty_space][elx_heading text_color=&#8221;inherit&#8221; text_align=&#8221;text-center&#8221;]Finden Sie heraus, wie wir Ihnen helfen k\u00f6nnen[\/elx_heading][elx_o2000_contact_us s=&#8221;Anfrage Bezahlsysteme&#8221; request_type=&#8221;Other&#8221; country=&#8221;Germany&#8221; b=&#8221;laundry&#8221; container=&#8221;elxcontactus1478764167&#8243; r=&#8221;Ich w\u00fcrde gerne mehr \u00fcber Ihre Bezahlsysteme erfahren. Bitte kontaktieren Sie mich.&#8221; l=&#8221;de&#8221;][vc_empty_space][\/vc_column][\/vc_row][vc_row][vc_column][elx_heading font_size=&#8221;h3&#8243; text_color=&#8221;inherit&#8221; text_align=&#8221;text-left&#8221;]Finden Sie Ihre Komplett-L\u00f6sung[\/elx_heading][\/vc_column][\/vc_row][vc_row][vc_column width=&#8221;1\/3&#8243;][elx_maylike_box id_box=&#8221;1427&#8243;][\/vc_column][vc_column width=&#8221;1\/3&#8243;][elx_maylike_box id_box=&#8221;1429&#8243;][\/vc_column][vc_column width=&#8221;1\/3&#8243;][elx_maylike_box id_box=&#8221;374&#8243;][\/vc_column][\/vc_row][vc_row][vc_column][vc_empty_space height=&#8221;50px&#8221;][\/vc_column][\/vc_row]<\/p>\n","protected":false},"excerpt":{"rendered":"<p>[vc_row full_width=&#8221;electroluxpro-full-width-no-padding&#8221; css=&#8221;.vc_custom_1618193199927{margin-top: -40px !important;border-top-width: -40px !important;padding-top: -40px !important;}&#8221;][vc_column][elx_full_banner title=&#8221;Bezahlsysteme&#8221; set_as_h1=&#8221;true&#8221; background_image_media_library=&#8221;19245&#8243; background_image_media_library_mobile=&#8221;20412&#8243; link=&#8221;url:%23contact|title:Mehr%20erfahren&#8221;][\/vc_column][\/vc_row][vc_row][vc_column][vc_empty_space][elx_heading font_size=&#8221;h5&#8243; text_color=&#8221;inherit&#8221; text_align=&#8221;text-left&#8221;]Von der Zahlung an der Maschine mit Karte, M\u00fcnze oder Token bis hin zum Anschluss der Maschinen an zentrale Zahlungssysteme.[\/elx_heading][\/vc_column][\/vc_row][vc_row][vc_column][vc_empty_space][elx_heading font_container=&#8221;h3&#8243; font_size=&#8221;h5&#8243; text_color=&#8221;inherit&#8221; text_align=&#8221;text-left&#8221;]Ein breites Spektrum an Bezahlsystemen[\/elx_heading][vc_empty_space][\/vc_column][\/vc_row][vc_row][vc_column][vc_column_text]Zahlungssysteme f\u00fcr Waschmaschinen\u00a0und Trockner sind verf\u00fcgbar als Kits nur mit M\u00fcnzmeter, M\u00fcnzboxen [&hellip;]<\/p>\n","protected":false},"author":5,"featured_media":0,"parent":745,"menu_order":0,"comment_status":"closed","ping_status":"closed","template":"","meta":{"footnotes":""},"class_list":["post-905","page","type-page","status-publish","hentry"],"acf":[],"yoast_head":"<!-- This site is optimized with the Yoast SEO plugin v23.3 - https:\/\/yoast.com\/wordpress\/plugins\/seo\/ -->\n<title>Bezahlsysteme | Electrolux Professional<\/title>\n<meta name=\"description\" content=\"Zahlungssysteme und Bezahlsysteme f\u00fcr Waschmaschinen und Trockner mit Karten und M\u00fcnzen von Electrolux Professional f\u00fcr W\u00e4schereien.\" \/>\n<meta name=\"robots\" content=\"index, follow, max-snippet:-1, max-image-preview:large, max-video-preview:-1\" \/>\n<link rel=\"canonical\" href=\"https:\/\/www.electroluxprofessional.com\/at\/waeschereitechnik\/bezahlsysteme\/\" \/>\n<meta property=\"og:locale\" content=\"de_DE\" \/>\n<meta property=\"og:type\" content=\"article\" \/>\n<meta property=\"og:title\" content=\"Bezahlsysteme | Electrolux Professional\" \/>\n<meta property=\"og:description\" content=\"Zahlungssysteme und Bezahlsysteme f\u00fcr Waschmaschinen und Trockner mit Karten und M\u00fcnzen von Electrolux Professional f\u00fcr W\u00e4schereien.\" \/>\n<meta property=\"og:url\" content=\"https:\/\/www.electroluxprofessional.com\/at\/waeschereitechnik\/bezahlsysteme\/\" \/>\n<meta property=\"og:site_name\" content=\"Electrolux Professional \u00d6sterreich\" \/>\n<meta property=\"article:modified_time\" content=\"2026-03-25T05:47:49+00:00\" \/>\n<meta name=\"twitter:card\" content=\"summary_large_image\" \/>\n<meta name=\"twitter:label1\" content=\"Gesch\u00e4tzte Lesezeit\" \/>\n\t<meta name=\"twitter:data1\" content=\"2 Minuten\" \/>\n<script type=\"application\/ld+json\" class=\"yoast-schema-graph\">{\"@context\":\"https:\/\/schema.org\",\"@graph\":[{\"@type\":\"WebPage\",\"@id\":\"https:\/\/www.electroluxprofessional.com\/at\/waeschereitechnik\/bezahlsysteme\/\",\"url\":\"https:\/\/www.electroluxprofessional.com\/at\/waeschereitechnik\/bezahlsysteme\/\",\"name\":\"Bezahlsysteme | Electrolux Professional\",\"isPartOf\":{\"@id\":\"https:\/\/www.electroluxprofessional.com\/at\/#website\"},\"datePublished\":\"2016-11-10T07:50:23+00:00\",\"dateModified\":\"2026-03-25T05:47:49+00:00\",\"description\":\"Zahlungssysteme und Bezahlsysteme f\u00fcr Waschmaschinen und Trockner mit Karten und M\u00fcnzen von Electrolux Professional f\u00fcr W\u00e4schereien.\",\"breadcrumb\":{\"@id\":\"https:\/\/www.electroluxprofessional.com\/at\/waeschereitechnik\/bezahlsysteme\/#breadcrumb\"},\"inLanguage\":\"de-AT\",\"potentialAction\":[{\"@type\":\"ReadAction\",\"target\":[\"https:\/\/www.electroluxprofessional.com\/at\/waeschereitechnik\/bezahlsysteme\/\"]}]},{\"@type\":\"BreadcrumbList\",\"@id\":\"https:\/\/www.electroluxprofessional.com\/at\/waeschereitechnik\/bezahlsysteme\/#breadcrumb\",\"itemListElement\":[{\"@type\":\"ListItem\",\"position\":1,\"name\":\"Startseite\",\"item\":\"https:\/\/www.electroluxprofessional.com\/at\/\"},{\"@type\":\"ListItem\",\"position\":2,\"name\":\"W\u00e4schereitechnik\",\"item\":\"https:\/\/www.electroluxprofessional.com\/at\/waeschereitechnik\/\"},{\"@type\":\"ListItem\",\"position\":3,\"name\":\"Bezahlsysteme\"}]},{\"@type\":\"WebSite\",\"@id\":\"https:\/\/www.electroluxprofessional.com\/at\/#website\",\"url\":\"https:\/\/www.electroluxprofessional.com\/at\/\",\"name\":\"Electrolux Professional \u00d6sterreich\",\"description\":\"\",\"potentialAction\":[{\"@type\":\"SearchAction\",\"target\":{\"@type\":\"EntryPoint\",\"urlTemplate\":\"https:\/\/www.electroluxprofessional.com\/at\/?src={search_term_string}\"},\"query-input\":\"required name=search_term_string\"}],\"inLanguage\":\"de-AT\"}]}<\/script>\n<!-- \/ Yoast SEO plugin. -->","yoast_head_json":{"title":"Bezahlsysteme | Electrolux Professional","description":"Zahlungssysteme und Bezahlsysteme f\u00fcr Waschmaschinen und Trockner mit Karten und M\u00fcnzen von Electrolux Professional f\u00fcr W\u00e4schereien.","robots":{"index":"index","follow":"follow","max-snippet":"max-snippet:-1","max-image-preview":"max-image-preview:large","max-video-preview":"max-video-preview:-1"},"canonical":"https:\/\/www.electroluxprofessional.com\/at\/waeschereitechnik\/bezahlsysteme\/","og_locale":"de_DE","og_type":"article","og_title":"Bezahlsysteme | Electrolux Professional","og_description":"Zahlungssysteme und Bezahlsysteme f\u00fcr Waschmaschinen und Trockner mit Karten und M\u00fcnzen von Electrolux Professional f\u00fcr W\u00e4schereien.","og_url":"https:\/\/www.electroluxprofessional.com\/at\/waeschereitechnik\/bezahlsysteme\/","og_site_name":"Electrolux Professional \u00d6sterreich","article_modified_time":"2026-03-25T05:47:49+00:00","twitter_card":"summary_large_image","twitter_misc":{"Gesch\u00e4tzte Lesezeit":"2 Minuten"},"schema":{"@context":"https:\/\/schema.org","@graph":[{"@type":"WebPage","@id":"https:\/\/www.electroluxprofessional.com\/at\/waeschereitechnik\/bezahlsysteme\/","url":"https:\/\/www.electroluxprofessional.com\/at\/waeschereitechnik\/bezahlsysteme\/","name":"Bezahlsysteme | Electrolux Professional","isPartOf":{"@id":"https:\/\/www.electroluxprofessional.com\/at\/#website"},"datePublished":"2016-11-10T07:50:23+00:00","dateModified":"2026-03-25T05:47:49+00:00","description":"Zahlungssysteme und Bezahlsysteme f\u00fcr Waschmaschinen und Trockner mit Karten und M\u00fcnzen von Electrolux Professional f\u00fcr W\u00e4schereien.","breadcrumb":{"@id":"https:\/\/www.electroluxprofessional.com\/at\/waeschereitechnik\/bezahlsysteme\/#breadcrumb"},"inLanguage":"de-AT","potentialAction":[{"@type":"ReadAction","target":["https:\/\/www.electroluxprofessional.com\/at\/waeschereitechnik\/bezahlsysteme\/"]}]},{"@type":"BreadcrumbList","@id":"https:\/\/www.electroluxprofessional.com\/at\/waeschereitechnik\/bezahlsysteme\/#breadcrumb","itemListElement":[{"@type":"ListItem","position":1,"name":"Startseite","item":"https:\/\/www.electroluxprofessional.com\/at\/"},{"@type":"ListItem","position":2,"name":"W\u00e4schereitechnik","item":"https:\/\/www.electroluxprofessional.com\/at\/waeschereitechnik\/"},{"@type":"ListItem","position":3,"name":"Bezahlsysteme"}]},{"@type":"WebSite","@id":"https:\/\/www.electroluxprofessional.com\/at\/#website","url":"https:\/\/www.electroluxprofessional.com\/at\/","name":"Electrolux Professional \u00d6sterreich","description":"","potentialAction":[{"@type":"SearchAction","target":{"@type":"EntryPoint","urlTemplate":"https:\/\/www.electroluxprofessional.com\/at\/?src={search_term_string}"},"query-input":"required name=search_term_string"}],"inLanguage":"de-AT"}]}},"_links":{"self":[{"href":"https:\/\/www.electroluxprofessional.com\/at\/wp-json\/wp\/v2\/pages\/905"}],"collection":[{"href":"https:\/\/www.electroluxprofessional.com\/at\/wp-json\/wp\/v2\/pages"}],"about":[{"href":"https:\/\/www.electroluxprofessional.com\/at\/wp-json\/wp\/v2\/types\/page"}],"author":[{"embeddable":true,"href":"https:\/\/www.electroluxprofessional.com\/at\/wp-json\/wp\/v2\/users\/5"}],"replies":[{"embeddable":true,"href":"https:\/\/www.electroluxprofessional.com\/at\/wp-json\/wp\/v2\/comments?post=905"}],"version-history":[{"count":9,"href":"https:\/\/www.electroluxprofessional.com\/at\/wp-json\/wp\/v2\/pages\/905\/revisions"}],"predecessor-version":[{"id":21644,"href":"https:\/\/www.electroluxprofessional.com\/at\/wp-json\/wp\/v2\/pages\/905\/revisions\/21644"}],"up":[{"embeddable":true,"href":"https:\/\/www.electroluxprofessional.com\/at\/wp-json\/wp\/v2\/pages\/745"}],"wp:attachment":[{"href":"https:\/\/www.electroluxprofessional.com\/at\/wp-json\/wp\/v2\/media?parent=905"}],"curies":[{"name":"wp","href":"https:\/\/api.w.org\/{rel}","templated":true}]}}