{"id":902,"date":"2016-11-09T16:41:43","date_gmt":"2016-11-09T16:41:43","guid":{"rendered":"http:\/\/testepr.jobinformatica.it\/?page_id=4765"},"modified":"2026-03-25T06:48:51","modified_gmt":"2026-03-25T05:48:51","slug":"management-systeme-und-software-electrolux-professional","status":"publish","type":"page","link":"https:\/\/www.electroluxprofessional.com\/at\/waeschereitechnik\/management-systeme-und-software-electrolux-professional\/","title":{"rendered":"Management Systeme und Software"},"content":{"rendered":"<p>[vc_row full_width=&#8221;electroluxpro-full-width-no-padding&#8221;][vc_column][elx_hero_slider text_position=&#8221;hero_slider_text_align_right&#8221; label_text_color=&#8221;inherit&#8221; images=&#8221;4635&#8243;][elx_heading font_container=&#8221;h1&#8243; font_size=&#8221;h2&#8243; text_color=&#8221;inherit&#8221;]Management Systeme und Software[\/elx_heading][vc_column_text]Electrolux Professional\u00a0<span lang=\"de\">verf\u00fcgt \u00fcber eine breite Palette an Managementsystemen und Software, die h\u00f6chsten Qualit\u00e4tsstandards entsprechen, um f\u00fcr jeden anspruchsvollen Kunden einen besonderen Mehrwert zu schaffen.<\/span>[\/vc_column_text][\/elx_hero_slider][\/vc_column][\/vc_row][vc_row][vc_column][vc_empty_space][\/vc_column][\/vc_row][vc_row][vc_column][vc_column_text]<\/p>\n<h2>Laundry Program Manager<\/h2>\n<p>Der LPM ist ein intuitives, einfach zu bedienendes PC-Tool zum Erstellen oder Anpassen der Programme von Electrolux Professional Waschmaschinen und Trocknern. Es ist kompatibel mit Waschmaschinen, Compass Control, CompassPro\u00ae, Clarus Control und Clarus TS, sowie Trocknern, die mit CompassPro\u00ae betrieben werden.[\/vc_column_text][vc_column_text]<\/p>\n<h2>Certus Management Information System\u2122<\/h2>\n<p>Die Software CMIS (Certus Management Information System\u2122)\u00a0liefert den\u00a0 Betreibern professioneller W\u00e4schereien wichtige Betriebsdaten ihrer Maschinen. Die Informationen dienen dazu, die Betriebskosten zu minimieren und die Betriebszeit der Maschinen zu maximieren.[\/vc_column_text][vc_empty_space height=&#8221;20px&#8221;][\/vc_column][\/vc_row][vc_row][vc_column][vc_empty_space height=&#8221;50px&#8221;][\/vc_column][\/vc_row][vc_row disable_element=&#8221;yes&#8221;][vc_column width=&#8221;1\/2&#8243;][elx_image_block background_image=&#8221;772&#8243; minimum_height=&#8221;500px&#8221;][\/vc_column][vc_column width=&#8221;1\/2&#8243;][elx_heading font_size=&#8221;h3&#8243; text_color=&#8221;inherit&#8221;]Text Management Information System Stay in control[\/elx_heading][vc_empty_space height=&#8221;15px&#8221;][vc_column_text]<strong>Improving the concept of user-friendly laundries.<\/strong>[\/vc_column_text][vc_column_text]Costly downtime can be reduced and preventive maintenance is easier to plan with direct access to machine performance and service statistics.<\/p>\n<p>You gain increased control over both your machines and your time when the system informs directly of machine failure or maintenance requirements.[\/vc_column_text][\/vc_column][\/vc_row][vc_row][vc_column][vc_empty_space height=&#8221;50px&#8221;][\/vc_column][\/vc_row][vc_row][vc_column width=&#8221;1\/3&#8243;][elx_download_block text=&#8221;Laundry Program Manager&#8221; link=&#8221;https:\/\/www.electroluxprofessional.com\/at\/wp-content\/uploads\/2017\/07\/LPM_Broschuere.pdf&#8221; reveal_effect=&#8221;&#8221; reveal_duration=&#8221;&#8221; reveal_delay=&#8221;&#8221;][\/vc_column][vc_column width=&#8221;1\/3&#8243;][elx_download_block text=&#8221;CMIS&#8221; link=&#8221;https:\/\/www.electroluxprofessional.com\/at\/wp-content\/uploads\/2017\/07\/CMIS_Broschuere.pdf&#8221; reveal_effect=&#8221;&#8221; reveal_duration=&#8221;&#8221; reveal_delay=&#8221;&#8221;][\/vc_column][vc_column width=&#8221;1\/3&#8243;][\/vc_column][\/vc_row][vc_row][vc_column][vc_empty_space height=&#8221;50px&#8221;][elx_heading font_size=&#8221;h2&#8243; text_color=&#8221;inherit&#8221; text_align=&#8221;text-center&#8221;]Finden Sie heraus, was W\u00e4scherei-Managementsysteme f\u00fcr Sie tun k\u00f6nnen[\/elx_heading][elx_o2000_contact_us s=&#8221;Anfrage Management Systeme und Software&#8221; request_type=&#8221;Other&#8221; country=&#8221;Germany&#8221; b=&#8221;laundry&#8221; container=&#8221;elxcontactus1478709536&#8243; r=&#8221;Ich w\u00fcrde gerne mehr \u00fcber W\u00e4scherei-Managementsysteme erfahren. Bitte kontaktieren Sie mich.&#8221; l=&#8221;de&#8221;][vc_empty_space height=&#8221;50px&#8221;][elx_heading font_size=&#8221;h3&#8243; text_color=&#8221;inherit&#8221; text_align=&#8221;text-left&#8221;]Finden Sie Ihre L\u00f6sung[\/elx_heading][\/vc_column][\/vc_row][vc_row][vc_column width=&#8221;1\/3&#8243;][elx_maylike_box id_box=&#8221;1374&#8243;][\/vc_column][vc_column width=&#8221;1\/3&#8243;][elx_maylike_box id_box=&#8221;387&#8243;][\/vc_column][vc_column width=&#8221;1\/3&#8243;][elx_maylike_box id_box=&#8221;374&#8243;][\/vc_column][\/vc_row]<\/p>\n","protected":false},"excerpt":{"rendered":"<p>[vc_row full_width=&#8221;electroluxpro-full-width-no-padding&#8221;][vc_column][elx_hero_slider text_position=&#8221;hero_slider_text_align_right&#8221; label_text_color=&#8221;inherit&#8221; images=&#8221;4635&#8243;][elx_heading font_container=&#8221;h1&#8243; font_size=&#8221;h2&#8243; text_color=&#8221;inherit&#8221;]Management Systeme und Software[\/elx_heading][vc_column_text]Electrolux Professional\u00a0verf\u00fcgt \u00fcber eine breite Palette an Managementsystemen und Software, die h\u00f6chsten Qualit\u00e4tsstandards entsprechen, um f\u00fcr jeden anspruchsvollen Kunden einen besonderen Mehrwert zu schaffen.[\/vc_column_text][\/elx_hero_slider][\/vc_column][\/vc_row][vc_row][vc_column][vc_empty_space][\/vc_column][\/vc_row][vc_row][vc_column][vc_column_text] Laundry Program Manager Der LPM ist ein intuitives, einfach zu bedienendes PC-Tool zum Erstellen oder Anpassen der Programme von Electrolux Professional [&hellip;]<\/p>\n","protected":false},"author":1,"featured_media":0,"parent":745,"menu_order":0,"comment_status":"closed","ping_status":"closed","template":"","meta":{"footnotes":""},"class_list":["post-902","page","type-page","status-publish","hentry"],"acf":[],"yoast_head":"<!-- This site is optimized with the Yoast SEO plugin v23.3 - https:\/\/yoast.com\/wordpress\/plugins\/seo\/ -->\n<title>Management Systeme und Software | Electrolux Professional<\/title>\n<meta name=\"description\" content=\"Electrolux Professional verf\u00fcgt \u00fcber eine breite Palette an Managementsystemen und Software f\u00fcr Waschmaschinen und Trockner.\" \/>\n<meta name=\"robots\" content=\"index, follow, max-snippet:-1, max-image-preview:large, max-video-preview:-1\" \/>\n<link rel=\"canonical\" href=\"https:\/\/www.electroluxprofessional.com\/at\/waeschereitechnik\/management-systeme-und-software-electrolux-professional\/\" \/>\n<meta property=\"og:locale\" content=\"de_DE\" \/>\n<meta property=\"og:type\" content=\"article\" \/>\n<meta property=\"og:title\" content=\"Management Systeme und Software | Electrolux Professional\" \/>\n<meta property=\"og:description\" content=\"Electrolux Professional verf\u00fcgt \u00fcber eine breite Palette an Managementsystemen und Software f\u00fcr Waschmaschinen und Trockner.\" \/>\n<meta property=\"og:url\" content=\"https:\/\/www.electroluxprofessional.com\/at\/waeschereitechnik\/management-systeme-und-software-electrolux-professional\/\" \/>\n<meta property=\"og:site_name\" content=\"Electrolux Professional \u00d6sterreich\" \/>\n<meta property=\"article:modified_time\" content=\"2026-03-25T05:48:51+00:00\" \/>\n<meta name=\"twitter:card\" content=\"summary_large_image\" \/>\n<meta name=\"twitter:label1\" content=\"Gesch\u00e4tzte Lesezeit\" \/>\n\t<meta name=\"twitter:data1\" content=\"2 Minuten\" \/>\n<script type=\"application\/ld+json\" class=\"yoast-schema-graph\">{\"@context\":\"https:\/\/schema.org\",\"@graph\":[{\"@type\":\"WebPage\",\"@id\":\"https:\/\/www.electroluxprofessional.com\/at\/waeschereitechnik\/management-systeme-und-software-electrolux-professional\/\",\"url\":\"https:\/\/www.electroluxprofessional.com\/at\/waeschereitechnik\/management-systeme-und-software-electrolux-professional\/\",\"name\":\"Management Systeme und Software | Electrolux Professional\",\"isPartOf\":{\"@id\":\"https:\/\/www.electroluxprofessional.com\/at\/#website\"},\"datePublished\":\"2016-11-09T16:41:43+00:00\",\"dateModified\":\"2026-03-25T05:48:51+00:00\",\"description\":\"Electrolux Professional verf\u00fcgt \u00fcber eine breite Palette an Managementsystemen und Software f\u00fcr Waschmaschinen und Trockner.\",\"breadcrumb\":{\"@id\":\"https:\/\/www.electroluxprofessional.com\/at\/waeschereitechnik\/management-systeme-und-software-electrolux-professional\/#breadcrumb\"},\"inLanguage\":\"de-AT\",\"potentialAction\":[{\"@type\":\"ReadAction\",\"target\":[\"https:\/\/www.electroluxprofessional.com\/at\/waeschereitechnik\/management-systeme-und-software-electrolux-professional\/\"]}]},{\"@type\":\"BreadcrumbList\",\"@id\":\"https:\/\/www.electroluxprofessional.com\/at\/waeschereitechnik\/management-systeme-und-software-electrolux-professional\/#breadcrumb\",\"itemListElement\":[{\"@type\":\"ListItem\",\"position\":1,\"name\":\"Startseite\",\"item\":\"https:\/\/www.electroluxprofessional.com\/at\/\"},{\"@type\":\"ListItem\",\"position\":2,\"name\":\"W\u00e4schereitechnik\",\"item\":\"https:\/\/www.electroluxprofessional.com\/at\/waeschereitechnik\/\"},{\"@type\":\"ListItem\",\"position\":3,\"name\":\"Management Systeme und Software\"}]},{\"@type\":\"WebSite\",\"@id\":\"https:\/\/www.electroluxprofessional.com\/at\/#website\",\"url\":\"https:\/\/www.electroluxprofessional.com\/at\/\",\"name\":\"Electrolux Professional \u00d6sterreich\",\"description\":\"\",\"potentialAction\":[{\"@type\":\"SearchAction\",\"target\":{\"@type\":\"EntryPoint\",\"urlTemplate\":\"https:\/\/www.electroluxprofessional.com\/at\/?src={search_term_string}\"},\"query-input\":\"required name=search_term_string\"}],\"inLanguage\":\"de-AT\"}]}<\/script>\n<!-- \/ Yoast SEO plugin. -->","yoast_head_json":{"title":"Management Systeme und Software | Electrolux Professional","description":"Electrolux Professional verf\u00fcgt \u00fcber eine breite Palette an Managementsystemen und Software f\u00fcr Waschmaschinen und Trockner.","robots":{"index":"index","follow":"follow","max-snippet":"max-snippet:-1","max-image-preview":"max-image-preview:large","max-video-preview":"max-video-preview:-1"},"canonical":"https:\/\/www.electroluxprofessional.com\/at\/waeschereitechnik\/management-systeme-und-software-electrolux-professional\/","og_locale":"de_DE","og_type":"article","og_title":"Management Systeme und Software | Electrolux Professional","og_description":"Electrolux Professional verf\u00fcgt \u00fcber eine breite Palette an Managementsystemen und Software f\u00fcr Waschmaschinen und Trockner.","og_url":"https:\/\/www.electroluxprofessional.com\/at\/waeschereitechnik\/management-systeme-und-software-electrolux-professional\/","og_site_name":"Electrolux Professional \u00d6sterreich","article_modified_time":"2026-03-25T05:48:51+00:00","twitter_card":"summary_large_image","twitter_misc":{"Gesch\u00e4tzte Lesezeit":"2 Minuten"},"schema":{"@context":"https:\/\/schema.org","@graph":[{"@type":"WebPage","@id":"https:\/\/www.electroluxprofessional.com\/at\/waeschereitechnik\/management-systeme-und-software-electrolux-professional\/","url":"https:\/\/www.electroluxprofessional.com\/at\/waeschereitechnik\/management-systeme-und-software-electrolux-professional\/","name":"Management Systeme und Software | Electrolux Professional","isPartOf":{"@id":"https:\/\/www.electroluxprofessional.com\/at\/#website"},"datePublished":"2016-11-09T16:41:43+00:00","dateModified":"2026-03-25T05:48:51+00:00","description":"Electrolux Professional verf\u00fcgt \u00fcber eine breite Palette an Managementsystemen und Software f\u00fcr Waschmaschinen und Trockner.","breadcrumb":{"@id":"https:\/\/www.electroluxprofessional.com\/at\/waeschereitechnik\/management-systeme-und-software-electrolux-professional\/#breadcrumb"},"inLanguage":"de-AT","potentialAction":[{"@type":"ReadAction","target":["https:\/\/www.electroluxprofessional.com\/at\/waeschereitechnik\/management-systeme-und-software-electrolux-professional\/"]}]},{"@type":"BreadcrumbList","@id":"https:\/\/www.electroluxprofessional.com\/at\/waeschereitechnik\/management-systeme-und-software-electrolux-professional\/#breadcrumb","itemListElement":[{"@type":"ListItem","position":1,"name":"Startseite","item":"https:\/\/www.electroluxprofessional.com\/at\/"},{"@type":"ListItem","position":2,"name":"W\u00e4schereitechnik","item":"https:\/\/www.electroluxprofessional.com\/at\/waeschereitechnik\/"},{"@type":"ListItem","position":3,"name":"Management Systeme und Software"}]},{"@type":"WebSite","@id":"https:\/\/www.electroluxprofessional.com\/at\/#website","url":"https:\/\/www.electroluxprofessional.com\/at\/","name":"Electrolux Professional \u00d6sterreich","description":"","potentialAction":[{"@type":"SearchAction","target":{"@type":"EntryPoint","urlTemplate":"https:\/\/www.electroluxprofessional.com\/at\/?src={search_term_string}"},"query-input":"required name=search_term_string"}],"inLanguage":"de-AT"}]}},"_links":{"self":[{"href":"https:\/\/www.electroluxprofessional.com\/at\/wp-json\/wp\/v2\/pages\/902"}],"collection":[{"href":"https:\/\/www.electroluxprofessional.com\/at\/wp-json\/wp\/v2\/pages"}],"about":[{"href":"https:\/\/www.electroluxprofessional.com\/at\/wp-json\/wp\/v2\/types\/page"}],"author":[{"embeddable":true,"href":"https:\/\/www.electroluxprofessional.com\/at\/wp-json\/wp\/v2\/users\/1"}],"replies":[{"embeddable":true,"href":"https:\/\/www.electroluxprofessional.com\/at\/wp-json\/wp\/v2\/comments?post=902"}],"version-history":[{"count":7,"href":"https:\/\/www.electroluxprofessional.com\/at\/wp-json\/wp\/v2\/pages\/902\/revisions"}],"predecessor-version":[{"id":21645,"href":"https:\/\/www.electroluxprofessional.com\/at\/wp-json\/wp\/v2\/pages\/902\/revisions\/21645"}],"up":[{"embeddable":true,"href":"https:\/\/www.electroluxprofessional.com\/at\/wp-json\/wp\/v2\/pages\/745"}],"wp:attachment":[{"href":"https:\/\/www.electroluxprofessional.com\/at\/wp-json\/wp\/v2\/media?parent=902"}],"curies":[{"name":"wp","href":"https:\/\/api.w.org\/{rel}","templated":true}]}}