{"id":892,"date":"2016-11-09T15:32:34","date_gmt":"2016-11-09T15:32:34","guid":{"rendered":"http:\/\/testepr.jobinformatica.it\/?page_id=4727"},"modified":"2026-03-25T06:42:34","modified_gmt":"2026-03-25T05:42:34","slug":"finish-geraete","status":"publish","type":"page","link":"https:\/\/www.electroluxprofessional.com\/at\/waeschereitechnik\/finish-geraete\/","title":{"rendered":"Finish-Ger\u00e4te"},"content":{"rendered":"<p>[vc_row full_width=&#8221;electroluxpro-full-width-no-padding&#8221;][vc_column][elx_hero_slider label_text_color=&#8221;inherit&#8221; images=&#8221;4828&#8243;][elx_heading font_container=&#8221;h1&#8243; font_size=&#8221;h2&#8243; text_color=&#8221;inherit&#8221;]Finishing-Ger\u00e4te[\/elx_heading][\/elx_hero_slider][\/vc_column][\/vc_row][vc_row][vc_column][vc_empty_space][elx_heading font_size=&#8221;h3&#8243; text_color=&#8221;inherit&#8221;]Finishing-Ger\u00e4te verleihen Ihrem Gesch\u00e4ft die Excellence[\/elx_heading][vc_empty_space][\/vc_column][\/vc_row][vc_row][vc_column width=&#8221;1\/2&#8243;][vc_single_image image=&#8221;891&#8243; img_size=&#8221;large&#8221;][vc_empty_space][\/vc_column][vc_column width=&#8221;1\/2&#8243;][vc_column_text]Mit den Finish-Ger\u00e4ten von Electrolux Professional k\u00f6nnen Sie aus einer\u00a0<strong>kompletten Palette von einfach zu bedienenden, hoch automatisierten Ger\u00e4ten f\u00fcr gro\u00dfe Produktionsmengen bis hin zu Ger\u00e4ten f\u00fcr den Kleinbetrieb<\/strong>\u00a0je nach Bedarf sch\u00f6pfen.<\/p>\n<p>Neben der Steigerung der Produktivit\u00e4t Ihres W\u00e4schereibetriebs, sorgen unsere Finishing-Ger\u00e4te f\u00fcr stetige Top-Qualit\u00e4t.[\/vc_column_text][vc_empty_space][vc_column_text]<strong>Die Shirt-Challenge \u2013\u00a0<\/strong>Kragen- und Manschettenpresse in Kombination mit einem Hemdenfinisher.<\/p>\n<p><strong><span lang=\"de\">Die Hosen-Challenge \u2013\u00a0<\/span><\/strong>Die Hosentopper von Electrolux Professional sind einfach zu bedienen und erlauben verschiedene B\u00fcgelvarianten.<\/p>\n<p><strong><span lang=\"de\">Die Mantel und Jacken-Challenge \u2013\u00a0<\/span><\/strong><span lang=\"de\">Mit dem\u00a0<\/span><span lang=\"de\">Multi-Finisher von Electrolux Professional k\u00f6nnen bis zu 40 Jacken pro Stunde bearbeitet werden. Ein anwenderfreundlicher Mikroprozessor speichert bis zu neun Programme und steuert alle Funktionen.<\/span>[\/vc_column_text][vc_empty_space][elx_button button_text=&#8221;Zu den Produkten&#8221; button_display_block=&#8221;display_block_on&#8221; button_link=&#8221;url:%23produkt-filter&#8221;][vc_empty_space][vc_empty_space][\/vc_column][\/vc_row][vc_row][vc_column width=&#8221;1\/3&#8243;][vc_empty_space][vc_single_image image=&#8221;17782&#8243; img_size=&#8221;full&#8221;][\/vc_column][vc_column width=&#8221;1\/3&#8243;][vc_single_image image=&#8221;4826&#8243; img_size=&#8221;full&#8221;][\/vc_column][vc_column width=&#8221;1\/3&#8243;][vc_empty_space][vc_single_image image=&#8221;4825&#8243; img_size=&#8221;full&#8221;][\/vc_column][\/vc_row][vc_row][vc_column][vc_empty_space height=&#8221;50px&#8221;][vc_empty_space height=&#8221;50px&#8221;][elx_heading font_size=&#8221;h2&#8243; text_color=&#8221;inherit&#8221; text_align=&#8221;text-center&#8221;]Finden Sie heraus, was wir f\u00fcr Sie tun k\u00f6nnen.[\/elx_heading][vc_empty_space height=&#8221;50px&#8221;][elx_o2000_contact_us s=&#8221;Anfrage Finish-Ger\u00e4te&#8221; campaign=&#8221;701SX00000EfMHVYA3&#8243; request_type=&#8221;Other&#8221; country=&#8221;Germany&#8221; b=&#8221;laundry&#8221; container=&#8221;elxcontactus1478705376&#8243; r=&#8221;Ich w\u00fcrde gerne mehr \u00fcber die Finish-Ger\u00e4te erfahren. Bitte kontaktieren Sie mich.&#8221; l=&#8221;de&#8221;][vc_empty_space height=&#8221;50px&#8221;][vc_empty_space height=&#8221;50px&#8221;][\/vc_column][\/vc_row][vc_row][vc_column][elx_heading font_size=&#8221;h3&#8243; text_color=&#8221;inherit&#8221; text_align=&#8221;text-center&#8221;]Finden Sie hier Ihre Komplettl\u00f6sung[\/elx_heading][\/vc_column][\/vc_row][vc_row][vc_column width=&#8221;1\/3&#8243;][elx_maylike_box id_box=&#8221;442&#8243;][\/vc_column][vc_column width=&#8221;1\/3&#8243;][elx_maylike_box id_box=&#8221;1429&#8243;][\/vc_column][vc_column width=&#8221;1\/3&#8243;][elx_maylike_box id_box=&#8221;387&#8243;][\/vc_column][\/vc_row][vc_row el_id=&#8221;produkt-filter&#8221;][vc_column][vc_empty_space height=&#8221;50px&#8221;][vc_empty_space height=&#8221;50px&#8221;][\/vc_column][\/vc_row]<\/p>\n","protected":false},"excerpt":{"rendered":"<p>[vc_row full_width=&#8221;electroluxpro-full-width-no-padding&#8221;][vc_column][elx_hero_slider label_text_color=&#8221;inherit&#8221; images=&#8221;4828&#8243;][elx_heading font_container=&#8221;h1&#8243; font_size=&#8221;h2&#8243; text_color=&#8221;inherit&#8221;]Finishing-Ger\u00e4te[\/elx_heading][\/elx_hero_slider][\/vc_column][\/vc_row][vc_row][vc_column][vc_empty_space][elx_heading font_size=&#8221;h3&#8243; text_color=&#8221;inherit&#8221;]Finishing-Ger\u00e4te verleihen Ihrem Gesch\u00e4ft die Excellence[\/elx_heading][vc_empty_space][\/vc_column][\/vc_row][vc_row][vc_column width=&#8221;1\/2&#8243;][vc_single_image image=&#8221;891&#8243; img_size=&#8221;large&#8221;][vc_empty_space][\/vc_column][vc_column width=&#8221;1\/2&#8243;][vc_column_text]Mit den Finish-Ger\u00e4ten von Electrolux Professional k\u00f6nnen Sie aus einer\u00a0kompletten Palette von einfach zu bedienenden, hoch automatisierten Ger\u00e4ten f\u00fcr gro\u00dfe Produktionsmengen bis hin zu Ger\u00e4ten f\u00fcr den Kleinbetrieb\u00a0je nach Bedarf sch\u00f6pfen. Neben der Steigerung der Produktivit\u00e4t Ihres W\u00e4schereibetriebs, [&hellip;]<\/p>\n","protected":false},"author":5,"featured_media":0,"parent":745,"menu_order":0,"comment_status":"closed","ping_status":"closed","template":"","meta":{"footnotes":""},"class_list":["post-892","page","type-page","status-publish","hentry"],"acf":[],"yoast_head":"<!-- This site is optimized with the Yoast SEO plugin v23.3 - https:\/\/yoast.com\/wordpress\/plugins\/seo\/ -->\n<title>Finishing-Ger\u00e4te | Electrolux Professional<\/title>\n<meta name=\"description\" content=\"Erleben Sie eine Palette von einfach zu bedienenden, hoch automatisierten Finishing-Ger\u00e4ten bis hin zu elektrisch beheizten B\u00fcgeltischen.\" \/>\n<meta name=\"robots\" content=\"index, follow, max-snippet:-1, max-image-preview:large, max-video-preview:-1\" \/>\n<link rel=\"canonical\" href=\"https:\/\/www.electroluxprofessional.com\/at\/waeschereitechnik\/finish-geraete\/\" \/>\n<meta property=\"og:locale\" content=\"de_DE\" \/>\n<meta property=\"og:type\" content=\"article\" \/>\n<meta property=\"og:title\" content=\"Finishing-Ger\u00e4te | Electrolux Professional\" \/>\n<meta property=\"og:description\" content=\"Erleben Sie eine Palette von einfach zu bedienenden, hoch automatisierten Finishing-Ger\u00e4ten bis hin zu elektrisch beheizten B\u00fcgeltischen.\" \/>\n<meta property=\"og:url\" content=\"https:\/\/www.electroluxprofessional.com\/at\/waeschereitechnik\/finish-geraete\/\" \/>\n<meta property=\"og:site_name\" content=\"Electrolux Professional \u00d6sterreich\" \/>\n<meta property=\"article:modified_time\" content=\"2026-03-25T05:42:34+00:00\" \/>\n<meta name=\"twitter:card\" content=\"summary_large_image\" \/>\n<meta name=\"twitter:label1\" content=\"Gesch\u00e4tzte Lesezeit\" \/>\n\t<meta name=\"twitter:data1\" content=\"3 Minuten\" \/>\n<script type=\"application\/ld+json\" class=\"yoast-schema-graph\">{\"@context\":\"https:\/\/schema.org\",\"@graph\":[{\"@type\":\"WebPage\",\"@id\":\"https:\/\/www.electroluxprofessional.com\/at\/waeschereitechnik\/finish-geraete\/\",\"url\":\"https:\/\/www.electroluxprofessional.com\/at\/waeschereitechnik\/finish-geraete\/\",\"name\":\"Finishing-Ger\u00e4te | Electrolux Professional\",\"isPartOf\":{\"@id\":\"https:\/\/www.electroluxprofessional.com\/at\/#website\"},\"datePublished\":\"2016-11-09T15:32:34+00:00\",\"dateModified\":\"2026-03-25T05:42:34+00:00\",\"description\":\"Erleben Sie eine Palette von einfach zu bedienenden, hoch automatisierten Finishing-Ger\u00e4ten bis hin zu elektrisch beheizten B\u00fcgeltischen.\",\"breadcrumb\":{\"@id\":\"https:\/\/www.electroluxprofessional.com\/at\/waeschereitechnik\/finish-geraete\/#breadcrumb\"},\"inLanguage\":\"de-AT\",\"potentialAction\":[{\"@type\":\"ReadAction\",\"target\":[\"https:\/\/www.electroluxprofessional.com\/at\/waeschereitechnik\/finish-geraete\/\"]}]},{\"@type\":\"BreadcrumbList\",\"@id\":\"https:\/\/www.electroluxprofessional.com\/at\/waeschereitechnik\/finish-geraete\/#breadcrumb\",\"itemListElement\":[{\"@type\":\"ListItem\",\"position\":1,\"name\":\"Startseite\",\"item\":\"https:\/\/www.electroluxprofessional.com\/at\/\"},{\"@type\":\"ListItem\",\"position\":2,\"name\":\"W\u00e4schereitechnik\",\"item\":\"https:\/\/www.electroluxprofessional.com\/at\/waeschereitechnik\/\"},{\"@type\":\"ListItem\",\"position\":3,\"name\":\"Finish-Ger\u00e4te\"}]},{\"@type\":\"WebSite\",\"@id\":\"https:\/\/www.electroluxprofessional.com\/at\/#website\",\"url\":\"https:\/\/www.electroluxprofessional.com\/at\/\",\"name\":\"Electrolux Professional \u00d6sterreich\",\"description\":\"\",\"potentialAction\":[{\"@type\":\"SearchAction\",\"target\":{\"@type\":\"EntryPoint\",\"urlTemplate\":\"https:\/\/www.electroluxprofessional.com\/at\/?src={search_term_string}\"},\"query-input\":\"required name=search_term_string\"}],\"inLanguage\":\"de-AT\"}]}<\/script>\n<!-- \/ Yoast SEO plugin. -->","yoast_head_json":{"title":"Finishing-Ger\u00e4te | Electrolux Professional","description":"Erleben Sie eine Palette von einfach zu bedienenden, hoch automatisierten Finishing-Ger\u00e4ten bis hin zu elektrisch beheizten B\u00fcgeltischen.","robots":{"index":"index","follow":"follow","max-snippet":"max-snippet:-1","max-image-preview":"max-image-preview:large","max-video-preview":"max-video-preview:-1"},"canonical":"https:\/\/www.electroluxprofessional.com\/at\/waeschereitechnik\/finish-geraete\/","og_locale":"de_DE","og_type":"article","og_title":"Finishing-Ger\u00e4te | Electrolux Professional","og_description":"Erleben Sie eine Palette von einfach zu bedienenden, hoch automatisierten Finishing-Ger\u00e4ten bis hin zu elektrisch beheizten B\u00fcgeltischen.","og_url":"https:\/\/www.electroluxprofessional.com\/at\/waeschereitechnik\/finish-geraete\/","og_site_name":"Electrolux Professional \u00d6sterreich","article_modified_time":"2026-03-25T05:42:34+00:00","twitter_card":"summary_large_image","twitter_misc":{"Gesch\u00e4tzte Lesezeit":"3 Minuten"},"schema":{"@context":"https:\/\/schema.org","@graph":[{"@type":"WebPage","@id":"https:\/\/www.electroluxprofessional.com\/at\/waeschereitechnik\/finish-geraete\/","url":"https:\/\/www.electroluxprofessional.com\/at\/waeschereitechnik\/finish-geraete\/","name":"Finishing-Ger\u00e4te | Electrolux Professional","isPartOf":{"@id":"https:\/\/www.electroluxprofessional.com\/at\/#website"},"datePublished":"2016-11-09T15:32:34+00:00","dateModified":"2026-03-25T05:42:34+00:00","description":"Erleben Sie eine Palette von einfach zu bedienenden, hoch automatisierten Finishing-Ger\u00e4ten bis hin zu elektrisch beheizten B\u00fcgeltischen.","breadcrumb":{"@id":"https:\/\/www.electroluxprofessional.com\/at\/waeschereitechnik\/finish-geraete\/#breadcrumb"},"inLanguage":"de-AT","potentialAction":[{"@type":"ReadAction","target":["https:\/\/www.electroluxprofessional.com\/at\/waeschereitechnik\/finish-geraete\/"]}]},{"@type":"BreadcrumbList","@id":"https:\/\/www.electroluxprofessional.com\/at\/waeschereitechnik\/finish-geraete\/#breadcrumb","itemListElement":[{"@type":"ListItem","position":1,"name":"Startseite","item":"https:\/\/www.electroluxprofessional.com\/at\/"},{"@type":"ListItem","position":2,"name":"W\u00e4schereitechnik","item":"https:\/\/www.electroluxprofessional.com\/at\/waeschereitechnik\/"},{"@type":"ListItem","position":3,"name":"Finish-Ger\u00e4te"}]},{"@type":"WebSite","@id":"https:\/\/www.electroluxprofessional.com\/at\/#website","url":"https:\/\/www.electroluxprofessional.com\/at\/","name":"Electrolux Professional \u00d6sterreich","description":"","potentialAction":[{"@type":"SearchAction","target":{"@type":"EntryPoint","urlTemplate":"https:\/\/www.electroluxprofessional.com\/at\/?src={search_term_string}"},"query-input":"required name=search_term_string"}],"inLanguage":"de-AT"}]}},"_links":{"self":[{"href":"https:\/\/www.electroluxprofessional.com\/at\/wp-json\/wp\/v2\/pages\/892"}],"collection":[{"href":"https:\/\/www.electroluxprofessional.com\/at\/wp-json\/wp\/v2\/pages"}],"about":[{"href":"https:\/\/www.electroluxprofessional.com\/at\/wp-json\/wp\/v2\/types\/page"}],"author":[{"embeddable":true,"href":"https:\/\/www.electroluxprofessional.com\/at\/wp-json\/wp\/v2\/users\/5"}],"replies":[{"embeddable":true,"href":"https:\/\/www.electroluxprofessional.com\/at\/wp-json\/wp\/v2\/comments?post=892"}],"version-history":[{"count":14,"href":"https:\/\/www.electroluxprofessional.com\/at\/wp-json\/wp\/v2\/pages\/892\/revisions"}],"predecessor-version":[{"id":21637,"href":"https:\/\/www.electroluxprofessional.com\/at\/wp-json\/wp\/v2\/pages\/892\/revisions\/21637"}],"up":[{"embeddable":true,"href":"https:\/\/www.electroluxprofessional.com\/at\/wp-json\/wp\/v2\/pages\/745"}],"wp:attachment":[{"href":"https:\/\/www.electroluxprofessional.com\/at\/wp-json\/wp\/v2\/media?parent=892"}],"curies":[{"name":"wp","href":"https:\/\/api.w.org\/{rel}","templated":true}]}}