{"id":8792,"date":"2019-12-10T20:18:46","date_gmt":"2019-12-10T18:18:46","guid":{"rendered":"https:\/\/www.electroluxprofessional.com\/?page_id=25505"},"modified":"2026-03-25T07:25:19","modified_gmt":"2026-03-25T06:25:19","slug":"centers-of-excellence-electrolux-professional","status":"publish","type":"page","link":"https:\/\/www.electroluxprofessional.com\/at\/centers-of-excellence-electrolux-professional\/","title":{"rendered":"Unsere Showrooms &#8211; Centers of Excellence Electrolux Professional"},"content":{"rendered":"<p>[vc_row full_width=&#8221;electroluxpro-full-width-no-padding&#8221;][vc_column][vc_single_image image=&#8221;7608&#8243; img_size=&#8221;full&#8221; alignment=&#8221;center&#8221;][\/vc_column][\/vc_row][vc_row][vc_column][vc_empty_space height=&#8221;16px&#8221;][vc_empty_space height=&#8221;16px&#8221;][elx_heading font_container=&#8221;h1&#8243; text_color=&#8221;inherit&#8221;]Unsere Showrooms &#8211; Centers of Excellence[\/elx_heading][vc_empty_space height=&#8221;16px&#8221;][\/vc_column][\/vc_row][vc_row][vc_column width=&#8221;2\/3&#8243;][vc_column_text]Bei Electrolux Professional k\u00f6nnen Kunden unsere L\u00f6sungen nicht nur theoretisch kennenlernen, sondern auch\u00a0<strong>hautnah in unseren Showrooms erleben<\/strong>. Wir bieten regelm\u00e4\u00dfig Kochdemonstrationen an, bei denen gezeigt wird, wie unsere Ger\u00e4te optimal eingesetzt werden k\u00f6nnen, um hervorragende Ergebnisse zu erzielen. Eine unvergessliche Schulungserfahrung f\u00fcr Gastgewerbe-Profis, die <strong>Esskultur und Technologie miteinander vereint.<\/strong><\/p>\n<p>Lassen Sie sich von den M\u00f6glichkeiten der Gro\u00dfk\u00fcchentechnik begeistern und erleben Sie, wie die Produkte von Electrolux Professional dazu beitragen k\u00f6nnen, dass Ihre K\u00fcche effizienter und erfolgreicher wird.[\/vc_column_text][vc_empty_space][\/vc_column][vc_column width=&#8221;1\/3&#8243;][vc_single_image image=&#8221;7614&#8243; img_size=&#8221;full&#8221;][vc_empty_space height=&#8221;16px&#8221;][elx_button button_text=&#8221;Rothenburg ob der Tauber, Deutschland&#8221; button_style=&#8221;secondary-bordered&#8221; button_link=&#8221;url:%23Rothenburg&#8221;][vc_empty_space height=&#8221;5px&#8221;][elx_button button_text=&#8221;Sursee, Schweiz&#8221; button_style=&#8221;secondary-bordered&#8221; button_link=&#8221;url:%23Sursee&#8221;][vc_empty_space height=&#8221;5px&#8221;][elx_button button_text=&#8221;Weltweit&#8221; button_style=&#8221;secondary-bordered&#8221; button_link=&#8221;url:%23Welt&#8221;][vc_empty_space][\/vc_column][\/vc_row][vc_row disable_element=&#8221;yes&#8221;][vc_column][vc_empty_space height=&#8221;16px&#8221;][elx_heading font_container=&#8221;h3&#8243; font_size=&#8221;h2&#8243; text_color=&#8221;inherit&#8221;]Erleben Sie einen Einblick in unsere Centers of Excellence[\/elx_heading][vc_empty_space height=&#8221;16px&#8221;][\/vc_column][\/vc_row][vc_row disable_element=&#8221;yes&#8221;][vc_column][vc_column_text]Die <strong>Centers of Excellence<\/strong> sind so konzipiert, dass sie eine vollst\u00e4ndige und \u00e4u\u00dferst<strong> individuelle Erfahrung<\/strong> bieten. Die G\u00e4ste sind eingeladen, tief in das gesamte Produkt- und Kundenbetreuungsportfolio von Electrolux Professional einzutauchen, die wichtigsten Innovationen f\u00fcr Gro\u00dfk\u00fcchentechnik, Getr\u00e4nkel\u00f6sungen und W\u00e4schereitechnik zu entdecken und Seminare, <strong>Veranstaltungen und Live-Demonstrationen in den Schulungsk\u00fcchen<\/strong> zu besuchen.[\/vc_column_text][vc_empty_space][\/vc_column][\/vc_row][vc_row disable_element=&#8221;yes&#8221;][vc_column width=&#8221;1\/4&#8243;][elx_image_block background_image=&#8221;7593&#8243; minimum_height=&#8221;300px&#8221;][\/vc_column][vc_column width=&#8221;1\/4&#8243;][elx_image_block background_image=&#8221;7594&#8243; minimum_height=&#8221;300px&#8221;][\/vc_column][vc_column width=&#8221;1\/4&#8243;][elx_image_block background_image=&#8221;8917&#8243; minimum_height=&#8221;300px&#8221;][\/vc_column][vc_column width=&#8221;1\/4&#8243;][elx_image_block background_image=&#8221;7596&#8243; minimum_height=&#8221;300px&#8221;][\/vc_column][\/vc_row][vc_row disable_element=&#8221;yes&#8221;][vc_column width=&#8221;1\/2&#8243;][elx_image_block background_image=&#8221;7597&#8243; minimum_height=&#8221;300px&#8221;][\/vc_column][vc_column width=&#8221;1\/2&#8243;][elx_image_block background_image=&#8221;7600&#8243; minimum_height=&#8221;300px&#8221;][\/vc_column][\/vc_row][vc_row disable_element=&#8221;yes&#8221;][vc_column][vc_empty_space][vc_column_text]Ein Team von<strong> K\u00f6che<\/strong> der Electrolux Professional Kochakademie &#8211; und eine Reihe von Produkt- und Segmentspezialisten \u2013 sind vor Ort, um die Reise des Besuchers nach seinen Bed\u00fcrfnissen und Erwartungen zu gestalten. Daher ist jede einzelne Erfahrung in den Centers of Excellence <strong>einzigartig<\/strong> \u2013 speziell <strong>zugeschnitten<\/strong> auf die <strong>Anforderungen der Kunden<\/strong> und entwickelt, um verschiedensten Unternehmenspriorit\u00e4ten aus aller Welt bestens zu entsprechen.<\/p>\n<p>Dar\u00fcber hinaus sind die Centers of Excellence <strong>globale Zentren<\/strong>, in denen die neuesten Food-Trends Platz finden, <strong>Netzwerk- und Lernm\u00f6glichkeiten<\/strong> genutzt werden, verschiedene kulinarische Kulturen und Traditionen verschmelzen und Ideen und zukunftsweisende Techniken ausgetauscht werden.[\/vc_column_text][vc_empty_space][\/vc_column][\/vc_row][vc_row disable_element=&#8221;yes&#8221;][vc_column width=&#8221;1\/3&#8243;][vc_single_image image=&#8221;7631&#8243; img_size=&#8221;full&#8221; alignment=&#8221;center&#8221;][\/vc_column][vc_column width=&#8221;1\/3&#8243;][vc_single_image image=&#8221;7634&#8243; img_size=&#8221;full&#8221; alignment=&#8221;center&#8221;][\/vc_column][vc_column width=&#8221;1\/3&#8243;][vc_single_image image=&#8221;7640&#8243; img_size=&#8221;full&#8221; alignment=&#8221;center&#8221;][\/vc_column][\/vc_row][vc_row el_id=&#8221;Rothenburg&#8221; css=&#8221;.vc_custom_1773062352834{background-color: #efefef !important;}&#8221;][vc_column][vc_empty_space height=&#8221;16px&#8221;][elx_heading text_color=&#8221;inherit&#8221;]Rothenburg ob der Tauber, Deutschland[\/elx_heading][vc_empty_space][\/vc_column][\/vc_row][vc_row css=&#8221;.vc_custom_1773062357807{background-color: #efefef !important;}&#8221;][vc_column width=&#8221;1\/2&#8243;][elx_image_block background_image=&#8221;21485&#8243; minimum_height=&#8221;300px&#8221;][vc_empty_space][elx_button button_text=&#8221;Mehr erfahren&#8221; button_style=&#8221;secondary-bordered&#8221; button_link=&#8221;url:https%3A%2F%2Fwww.electroluxprofessional.com%2Fde%2Fskyline-live-kochdemo%2F&#8221;][vc_empty_space height=&#8221;22px&#8221;][elx_button button_text=&#8221;Zu Ihrem Ansprechpartner&#8221; button_style=&#8221;secondary-bordered&#8221; button_link=&#8221;url:https%3A%2F%2Fwww.electroluxprofessional.com%2Fat%2Fueber-uns%2Fuebersicht-vertriebsteam-oesterreich%2F|target:_blank&#8221;][vc_empty_space][\/vc_column][vc_column width=&#8221;1\/2&#8243;][vc_column_text]<strong>Live-Kochvorf\u00fchrungen<\/strong> sind einzigartige Gelegenheiten, Erfahrungen auszutauschen, Ideen zu sammeln und zu entdecken, wie die t\u00e4gliche Arbeit in einer K\u00fcche mit den L\u00f6sungen von Electrolux Professional einfacher, sicherer, effizienter \u2013 und damit profitabler \u2013 gestaltet werden kann<\/p>\n<div><\/div>\n<div class=\"vc_empty_space\">Besuchen Sie unser TasteLab in Rothenburg ob der Tauber gemeinsam mit Ihrem Gebietverkaufsleiter und lernen Sie unsere Ger\u00e4te bei einer individuellen K\u00fcchenvorf\u00fchrung besser kennen. Unser Showroom ist ausger\u00fcstet mit innovativen L\u00f6sungen f\u00fcr die Gro\u00dfk\u00fcchentechnik.<\/div>\n<p>[\/vc_column_text][vc_empty_space][\/vc_column][\/vc_row][vc_row el_id=&#8221;Sursee&#8221;][vc_column][vc_empty_space][elx_heading text_color=&#8221;inherit&#8221;]Sursee, Schweiz[\/elx_heading][vc_empty_space][\/vc_column][\/vc_row][vc_row][vc_column width=&#8221;1\/2&#8243;][vc_column_text]Das Center of Excellence in der Schweiz befindet sich in der Region Luzern in Sursee. Auf einer Fl\u00e4che von ca. 500 m\u00b2, bieten wir Ihnen einen Ausstellungsraum, um Ihnen einen gro\u00dfen Teil unseres Angebots an K\u00fcchen-, W\u00e4scherei- und Getr\u00e4nkel\u00f6sungen zu zeigen sowie Schulungs-Aktivit\u00e4ten durchzuf\u00fchren.<\/p>\n<div>Die voll ausgestatteten, modernen und funktionellen K\u00fcchen laden die Kunden ein, in den Genuss eines revolution\u00e4ren Schulungskonzepts zu kommen, das von der Electrolux Professional Chef Academy und einem Team von Produkt- und Kundensegmentexperten geleitet wird.<\/div>\n<p>[\/vc_column_text][\/vc_column][vc_column width=&#8221;1\/2&#8243;][elx_image_block background_image=&#8221;8793&#8243; minimum_height=&#8221;300px&#8221;][vc_empty_space][\/vc_column][\/vc_row][vc_row][vc_column][vc_empty_space][\/vc_column][\/vc_row][vc_row][vc_column width=&#8221;1\/2&#8243;][elx_simple_link_block link=&#8221;Enter the link of the block&#8221; text_align=&#8221;text-left&#8221; text_color=&#8221;inherit&#8221; background_color=&#8221;inherit&#8221; background_hover_color=&#8221;darker-hover&#8221; extra_class=&#8221;&#8221; reveal_effect=&#8221;&#8221; reveal_duration=&#8221;&#8221; reveal_delay=&#8221;&#8221;][vc_single_image image=&#8221;8794&#8243; img_size=&#8221;full&#8221;][\/elx_simple_link_block][\/vc_column][vc_column width=&#8221;1\/2&#8243;][vc_column_text]<strong>Live-K\u00fcchenvorf\u00fchrungen<\/strong> sind einzigartige Gelegenheiten, Erfahrungen auszutauschen, Ideen zu sammeln und zu entdecken, wie die t\u00e4gliche Arbeit in einer K\u00fcche mit den L\u00f6sungen von Electrolux Professional einfacher, sicherer, effizienter &#8211; und damit profitabler &#8211; gestaltet werden kann.[\/vc_column_text][vc_column_text]<\/p>\n<div>\n<p>Kontaktieren Sie Ihren Gebietsverkaufsleiter, um unser Center of Excellence in der Schweiz zu besuchen.<\/p>\n<p><strong>Entdecken Sie eine Welt voller M\u00f6glichkeiten, die f\u00fcr Sie entworfen wurden.<\/strong><\/p>\n<\/div>\n<p>[\/vc_column_text][vc_empty_space][elx_button button_text=&#8221;Zu Ihrem Ansprechpartner&#8221; button_style=&#8221;secondary-bordered&#8221; button_link=&#8221;url:https%3A%2F%2Fwww.electroluxprofessional.com%2Fat%2Fueber-uns%2Fuebersicht-vertriebsteam-oesterreich%2F|target:_blank&#8221;][\/vc_column][\/vc_row][vc_row][vc_column][vc_column_text]<\/p>\n<h3>Schauen Sie sich die Video\u00a0<a href=\"https:\/\/www.google.com.tr\/maps\/contrib\/103831094675542885307\/photos\/@47.188092,8.1053185,3a,75y,344h,90t\/data=!3m7!1e1!3m5!1sAF1QipOwDJfdKqdp4FaZQm6mhVrejt3IVKMNQ63Ygcaw!2e10!6shttps:%2F%2Flh5.googleusercontent.com%2Fp%2FAF1QipOwDJfdKqdp4FaZQm6mhVrejt3IVKMNQ63Ygcaw%3Dw900-h600-k-no-pi0-ya0-ro0-fo100!7i7680!8i3840!4m3!8m2!3m1!1e1?entry=tts&amp;g_ep=EgoyMDI0MTIwMi4wIPu8ASoASAFQAw%3D%3D\" target=\"_blank\" rel=\"noopener\">Tour unseres Center of Excellence<\/a> in Sursee an.<\/h3>\n<p>[\/vc_column_text][vc_empty_space][vc_empty_space][\/vc_column][\/vc_row][vc_row css=&#8221;.vc_custom_1773062794107{background-color: #efefef !important;}&#8221; el_id=&#8221;Welt&#8221;][vc_column][vc_row_inner][vc_column_inner][vc_empty_space height=&#8221;16px&#8221;][elx_heading font_size=&#8221;h1&#8243; text_color=&#8221;inherit&#8221; text_align=&#8221;text-center&#8221;]Centers of Excellence weltweit[\/elx_heading][vc_empty_space][vc_column_text]Die <strong>Centers of Excellence &#8211; die Ausstellungsr\u00e4ume und Schulungseinrichtungen<\/strong> von Electrolux Professional befinden sich auf der ganzen Welt und wurden zu diesem Zweck gegr\u00fcndet.<\/p>\n<p>Sie sind ausger\u00fcstet mit den innovativsten L\u00f6sungen f\u00fcr <strong>Gro\u00dfk\u00fcchentechnik, Getr\u00e4nkel\u00f6sungen und W\u00e4schereitechnik<\/strong>, die ihr volles Potenzial unter Beweis stellen und damit die Mission des Unternehmens widerspiegeln, dieser eine vertrauensw\u00fcrdige Partner zu sein, der das Arbeitsleben der Kunden jeden Tag einfacher, profitabler und wirklich nachhaltig macht.[\/vc_column_text][vc_empty_space][vc_column_text]<\/p>\n<p style=\"text-align: center;\">Klicken Sie auf die Karte f\u00fcr ein\u00a03D-Erlebnis in unserem Showroom\u00a0in Pordenone\/ Italien<\/p>\n<p>[\/vc_column_text][vc_single_image image=&#8221;14399&#8243; img_size=&#8221;full&#8221; alignment=&#8221;center&#8221; onclick=&#8221;custom_link&#8221; link=&#8221;https:\/\/www.electroluxprofessional.com\/chef-s-hub\/centers-of-excellence-electrolux-professional-virtual-tour\/&#8221;][vc_empty_space][vc_empty_space][\/vc_column_inner][\/vc_row_inner][\/vc_column][\/vc_row][vc_row][vc_column][vc_empty_space][vc_empty_space][elx_heading text_color=&#8221;inherit&#8221;]Kontaktieren Sie uns wenn Sie unsere Centres of Excellence besuchen m\u00f6chten[\/elx_heading][vc_empty_space][elx_o2000_contact_us s=&#8221;Anfrage Centre of Excellence&#8221; request_type=&#8221;Other&#8221; country=&#8221;Austria&#8221; r=&#8221;Ich m\u00f6chte gerne mehr \u00fcber die Centres of Excellence erfahren&#8230;&#8221;][\/vc_column][vc_column][vc_empty_space][vc_empty_space][elx_heading text_color=&#8221;inherit&#8221;]Das k\u00f6nnte Sie auch interessieren[\/elx_heading][\/vc_column][\/vc_row][vc_row][vc_column width=&#8221;1\/3&#8243;][elx_maylike_box id_box=&#8221;7463&#8243;][\/vc_column][vc_column width=&#8221;1\/3&#8243;][elx_maylike_box id_box=&#8221;7460&#8243;][\/vc_column][vc_column width=&#8221;1\/3&#8243;][elx_maylike_box id_box=&#8221;1338&#8243;][\/vc_column][\/vc_row]<\/p>\n","protected":false},"excerpt":{"rendered":"<p>[vc_row full_width=&#8221;electroluxpro-full-width-no-padding&#8221;][vc_column][vc_single_image image=&#8221;7608&#8243; img_size=&#8221;full&#8221; alignment=&#8221;center&#8221;][\/vc_column][\/vc_row][vc_row][vc_column][vc_empty_space height=&#8221;16px&#8221;][vc_empty_space height=&#8221;16px&#8221;][elx_heading font_container=&#8221;h1&#8243; text_color=&#8221;inherit&#8221;]Unsere Showrooms &#8211; Centers of Excellence[\/elx_heading][vc_empty_space height=&#8221;16px&#8221;][\/vc_column][\/vc_row][vc_row][vc_column width=&#8221;2\/3&#8243;][vc_column_text]Bei Electrolux Professional k\u00f6nnen Kunden unsere L\u00f6sungen nicht nur theoretisch kennenlernen, sondern auch\u00a0hautnah in unseren Showrooms erleben. Wir bieten regelm\u00e4\u00dfig Kochdemonstrationen an, bei denen gezeigt wird, wie unsere Ger\u00e4te optimal eingesetzt werden k\u00f6nnen, um hervorragende Ergebnisse zu erzielen. Eine unvergessliche [&hellip;]<\/p>\n","protected":false},"author":161,"featured_media":0,"parent":0,"menu_order":0,"comment_status":"closed","ping_status":"closed","template":"","meta":{"footnotes":""},"class_list":["post-8792","page","type-page","status-publish","hentry"],"acf":[],"yoast_head":"<!-- This site is optimized with the Yoast SEO plugin v23.3 - https:\/\/yoast.com\/wordpress\/plugins\/seo\/ -->\n<title>Centers of Excellence | Electrolux Professional<\/title>\n<meta name=\"description\" content=\"In den Centers of Excellence, den Showrooms von Electrolux Professional, erleben Sie hautnah innovative L\u00f6sungen.\" \/>\n<meta name=\"robots\" content=\"index, follow, max-snippet:-1, max-image-preview:large, max-video-preview:-1\" \/>\n<link rel=\"canonical\" href=\"https:\/\/www.electroluxprofessional.com\/at\/centers-of-excellence-electrolux-professional\/\" \/>\n<meta property=\"og:locale\" content=\"de_DE\" \/>\n<meta property=\"og:type\" content=\"article\" \/>\n<meta property=\"og:title\" content=\"Centers of Excellence | Electrolux Professional\" \/>\n<meta property=\"og:description\" content=\"In den Centers of Excellence, den Showrooms von Electrolux Professional, erleben Sie hautnah innovative L\u00f6sungen.\" \/>\n<meta property=\"og:url\" content=\"https:\/\/www.electroluxprofessional.com\/at\/centers-of-excellence-electrolux-professional\/\" \/>\n<meta property=\"og:site_name\" content=\"Electrolux Professional \u00d6sterreich\" \/>\n<meta property=\"article:modified_time\" content=\"2026-03-25T06:25:19+00:00\" \/>\n<meta name=\"twitter:card\" content=\"summary_large_image\" \/>\n<meta name=\"twitter:label1\" content=\"Gesch\u00e4tzte Lesezeit\" \/>\n\t<meta name=\"twitter:data1\" content=\"8 Minuten\" \/>\n<script type=\"application\/ld+json\" class=\"yoast-schema-graph\">{\"@context\":\"https:\/\/schema.org\",\"@graph\":[{\"@type\":\"WebPage\",\"@id\":\"https:\/\/www.electroluxprofessional.com\/at\/centers-of-excellence-electrolux-professional\/\",\"url\":\"https:\/\/www.electroluxprofessional.com\/at\/centers-of-excellence-electrolux-professional\/\",\"name\":\"Centers of Excellence | Electrolux Professional\",\"isPartOf\":{\"@id\":\"https:\/\/www.electroluxprofessional.com\/at\/#website\"},\"datePublished\":\"2019-12-10T18:18:46+00:00\",\"dateModified\":\"2026-03-25T06:25:19+00:00\",\"description\":\"In den Centers of Excellence, den Showrooms von Electrolux Professional, erleben Sie hautnah innovative L\u00f6sungen.\",\"breadcrumb\":{\"@id\":\"https:\/\/www.electroluxprofessional.com\/at\/centers-of-excellence-electrolux-professional\/#breadcrumb\"},\"inLanguage\":\"de-AT\",\"potentialAction\":[{\"@type\":\"ReadAction\",\"target\":[\"https:\/\/www.electroluxprofessional.com\/at\/centers-of-excellence-electrolux-professional\/\"]}]},{\"@type\":\"BreadcrumbList\",\"@id\":\"https:\/\/www.electroluxprofessional.com\/at\/centers-of-excellence-electrolux-professional\/#breadcrumb\",\"itemListElement\":[{\"@type\":\"ListItem\",\"position\":1,\"name\":\"Startseite\",\"item\":\"https:\/\/www.electroluxprofessional.com\/at\/\"},{\"@type\":\"ListItem\",\"position\":2,\"name\":\"Unsere Showrooms &#8211; Centers of Excellence Electrolux Professional\"}]},{\"@type\":\"WebSite\",\"@id\":\"https:\/\/www.electroluxprofessional.com\/at\/#website\",\"url\":\"https:\/\/www.electroluxprofessional.com\/at\/\",\"name\":\"Electrolux Professional \u00d6sterreich\",\"description\":\"\",\"potentialAction\":[{\"@type\":\"SearchAction\",\"target\":{\"@type\":\"EntryPoint\",\"urlTemplate\":\"https:\/\/www.electroluxprofessional.com\/at\/?src={search_term_string}\"},\"query-input\":\"required name=search_term_string\"}],\"inLanguage\":\"de-AT\"}]}<\/script>\n<!-- \/ Yoast SEO plugin. -->","yoast_head_json":{"title":"Centers of Excellence | Electrolux Professional","description":"In den Centers of Excellence, den Showrooms von Electrolux Professional, erleben Sie hautnah innovative L\u00f6sungen.","robots":{"index":"index","follow":"follow","max-snippet":"max-snippet:-1","max-image-preview":"max-image-preview:large","max-video-preview":"max-video-preview:-1"},"canonical":"https:\/\/www.electroluxprofessional.com\/at\/centers-of-excellence-electrolux-professional\/","og_locale":"de_DE","og_type":"article","og_title":"Centers of Excellence | Electrolux Professional","og_description":"In den Centers of Excellence, den Showrooms von Electrolux Professional, erleben Sie hautnah innovative L\u00f6sungen.","og_url":"https:\/\/www.electroluxprofessional.com\/at\/centers-of-excellence-electrolux-professional\/","og_site_name":"Electrolux Professional \u00d6sterreich","article_modified_time":"2026-03-25T06:25:19+00:00","twitter_card":"summary_large_image","twitter_misc":{"Gesch\u00e4tzte Lesezeit":"8 Minuten"},"schema":{"@context":"https:\/\/schema.org","@graph":[{"@type":"WebPage","@id":"https:\/\/www.electroluxprofessional.com\/at\/centers-of-excellence-electrolux-professional\/","url":"https:\/\/www.electroluxprofessional.com\/at\/centers-of-excellence-electrolux-professional\/","name":"Centers of Excellence | Electrolux Professional","isPartOf":{"@id":"https:\/\/www.electroluxprofessional.com\/at\/#website"},"datePublished":"2019-12-10T18:18:46+00:00","dateModified":"2026-03-25T06:25:19+00:00","description":"In den Centers of Excellence, den Showrooms von Electrolux Professional, erleben Sie hautnah innovative L\u00f6sungen.","breadcrumb":{"@id":"https:\/\/www.electroluxprofessional.com\/at\/centers-of-excellence-electrolux-professional\/#breadcrumb"},"inLanguage":"de-AT","potentialAction":[{"@type":"ReadAction","target":["https:\/\/www.electroluxprofessional.com\/at\/centers-of-excellence-electrolux-professional\/"]}]},{"@type":"BreadcrumbList","@id":"https:\/\/www.electroluxprofessional.com\/at\/centers-of-excellence-electrolux-professional\/#breadcrumb","itemListElement":[{"@type":"ListItem","position":1,"name":"Startseite","item":"https:\/\/www.electroluxprofessional.com\/at\/"},{"@type":"ListItem","position":2,"name":"Unsere Showrooms &#8211; Centers of Excellence Electrolux Professional"}]},{"@type":"WebSite","@id":"https:\/\/www.electroluxprofessional.com\/at\/#website","url":"https:\/\/www.electroluxprofessional.com\/at\/","name":"Electrolux Professional \u00d6sterreich","description":"","potentialAction":[{"@type":"SearchAction","target":{"@type":"EntryPoint","urlTemplate":"https:\/\/www.electroluxprofessional.com\/at\/?src={search_term_string}"},"query-input":"required name=search_term_string"}],"inLanguage":"de-AT"}]}},"_links":{"self":[{"href":"https:\/\/www.electroluxprofessional.com\/at\/wp-json\/wp\/v2\/pages\/8792"}],"collection":[{"href":"https:\/\/www.electroluxprofessional.com\/at\/wp-json\/wp\/v2\/pages"}],"about":[{"href":"https:\/\/www.electroluxprofessional.com\/at\/wp-json\/wp\/v2\/types\/page"}],"author":[{"embeddable":true,"href":"https:\/\/www.electroluxprofessional.com\/at\/wp-json\/wp\/v2\/users\/161"}],"replies":[{"embeddable":true,"href":"https:\/\/www.electroluxprofessional.com\/at\/wp-json\/wp\/v2\/comments?post=8792"}],"version-history":[{"count":27,"href":"https:\/\/www.electroluxprofessional.com\/at\/wp-json\/wp\/v2\/pages\/8792\/revisions"}],"predecessor-version":[{"id":21676,"href":"https:\/\/www.electroluxprofessional.com\/at\/wp-json\/wp\/v2\/pages\/8792\/revisions\/21676"}],"wp:attachment":[{"href":"https:\/\/www.electroluxprofessional.com\/at\/wp-json\/wp\/v2\/media?parent=8792"}],"curies":[{"name":"wp","href":"https:\/\/api.w.org\/{rel}","templated":true}]}}