{"id":867,"date":"2016-11-07T15:33:36","date_gmt":"2016-11-07T15:33:36","guid":{"rendered":"http:\/\/testepr.jobinformatica.it\/?page_id=4239"},"modified":"2024-07-16T14:32:06","modified_gmt":"2024-07-16T13:32:06","slug":"weitere-kochkessel-und-bratpfannen","status":"publish","type":"page","link":"https:\/\/www.electroluxprofessional.com\/at\/grosskuechentechnik\/kochkessel-bratpfannen\/weitere-kochkessel-und-bratpfannen\/","title":{"rendered":"Weitere Kochkessel und Bratpfannen"},"content":{"rendered":"<p>[vc_row full_width=&#8221;electroluxpro-full-width-no-padding&#8221;][vc_column][elx_hero_slider text_position=&#8221;hero_slider_text_align_right&#8221; label_text_color=&#8221;inherit&#8221; images=&#8221;1510&#8243;][elx_heading font_container=&#8221;h1&#8243; font_size=&#8221;h2&#8243; text_color=&#8221;orange&#8221;]Kochkessel, Bratpfannen und multifunktionale Kochger\u00e4te[\/elx_heading][elx_heading font_size=&#8221;h4&#8243; text_color=&#8221;inherit&#8221;]Schnelleres Herunterk\u00fchlen, h\u00f6here Produktivit\u00e4t und Einsparungen.<br \/>\nDrei wichtige Aspekte f\u00fcr Ihre Kantine.[\/elx_heading][\/elx_hero_slider][\/vc_column][\/vc_row][vc_row][vc_column][vc_empty_space height=&#8221;50px&#8221;][\/vc_column][\/vc_row][vc_row][vc_column width=&#8221;1\/2&#8243;][vc_single_image image=&#8221;14374&#8243; img_size=&#8221;full&#8221; style=&#8221;vc_box_circle_2&#8243;][\/vc_column][vc_column width=&#8221;1\/2&#8243;][elx_heading font_size=&#8221;h3&#8243; text_color=&#8221;inherit&#8221;]Optimale Arbeitsabl\u00e4ufe und h\u00f6here Produktivit\u00e4t auf kleinerem Raum[\/elx_heading][vc_column_text]Die optimalen Arbeitsabl\u00e4ufe sind strategisch wichtig f\u00fcr Kantinen, die t\u00e4glich tausende Mahlzeiten produzieren.<\/p>\n<p>Eine einwandfreie Ausstattung in puncto Hygiene und Sicherheit muss sichergestellt sein.<\/p>\n<p>Wir kennen Ihre Herausforderungen. Und eine Zusammenarbeit mit uns bedeutet f\u00fcr Sie:<\/p>\n<ul>\n<li>Schnelleres Herunterk\u00fchlen<\/li>\n<li>Erh\u00f6hte Produktivit\u00e4t<\/li>\n<li>Einsparungen<\/li>\n<\/ul>\n<p>Drei notwendige Aspekte, die wir Ihnen dank unserer Kochkessel und Bratpfannen bieten k\u00f6nnen.[\/vc_column_text][\/vc_column][\/vc_row][vc_row][vc_column][vc_empty_space][\/vc_column][\/vc_row][vc_row][vc_column width=&#8221;1\/3&#8243;][vc_single_image image=&#8221;1506&#8243; img_size=&#8221;large&#8221; alignment=&#8221;center&#8221;][elx_heading font_size=&#8221;h4&#8243; text_color=&#8221;inherit&#8221; text_align=&#8221;text-center&#8221;]Herunterk\u00fchlen in Rekordzeit[\/elx_heading][vc_column_text]300 Liter von 100\u00b0C auf 5\u00b0C herunterk\u00fchlen, dank Eiswasser-K\u00fchlung in nur 70 Minuten.[\/vc_column_text][\/vc_column][vc_column width=&#8221;1\/3&#8243;][vc_single_image image=&#8221;1507&#8243; img_size=&#8221;large&#8221; alignment=&#8221;center&#8221;][elx_heading font_size=&#8221;h4&#8243; text_color=&#8221;inherit&#8221; text_align=&#8221;text-center&#8221;]Produktivit\u00e4t erh\u00f6hen[\/elx_heading][vc_column_text]Mehr Produktivit\u00e4t auf weniger Raum dank kompakter Gr\u00f6\u00dfe.[\/vc_column_text][\/vc_column][vc_column width=&#8221;1\/3&#8243;][vc_single_image image=&#8221;1508&#8243; img_size=&#8221;large&#8221; alignment=&#8221;center&#8221;][elx_heading font_size=&#8221;h4&#8243; text_color=&#8221;inherit&#8221; text_align=&#8221;text-center&#8221;]50% Zeitersparnis[\/elx_heading][vc_column_text]Schnelles und sanftes Vermischen von kompakten Speisen, wie Kartoffelbrei, mit dem Promix R\u00fchrer.[\/vc_column_text][\/vc_column][\/vc_row][vc_row][vc_column width=&#8221;2\/3&#8243;][vc_empty_space][elx_image_block background_image=&#8221;1504&#8243; minimum_height=&#8221;260px&#8221;][\/vc_column][vc_column width=&#8221;1\/3&#8243;][vc_empty_space][elx_download_block text=&#8221;Brosch\u00fcre zu Kochkessel herunterladen&#8221; link=&#8221;https:\/\/www.electroluxprofessional.com\/at\/wp-content\/uploads\/2018\/05\/Smart-Kochkessel_Broschuere.pdf&#8221; background_color=&#8221;electrolux-blue&#8221; reveal_effect=&#8221;&#8221; reveal_duration=&#8221;&#8221; reveal_delay=&#8221;&#8221;][\/vc_column][\/vc_row][vc_row][vc_column][vc_empty_space height=&#8221;50px&#8221;][elx_heading font_container=&#8221;h3&#8243; font_size=&#8221;h3&#8243; text_color=&#8221;inherit&#8221; text_align=&#8221;text-center&#8221;]Finden Sie die ideale L\u00f6sung f\u00fcr Ihr Business[\/elx_heading][\/vc_column][\/vc_row][vc_row][vc_column width=&#8221;1\/3&#8243;][elx_maylike_box id_box=&#8221;701&#8243;][\/vc_column][vc_column width=&#8221;1\/3&#8243;][elx_maylike_box id_box=&#8221;330&#8243;][\/vc_column][vc_column width=&#8221;1\/3&#8243;][elx_maylike_box id_box=&#8221;1595&#8243;][\/vc_column][\/vc_row][vc_row][vc_column][vc_empty_space height=&#8221;50px&#8221;][elx_heading font_container=&#8221;h3&#8243; font_size=&#8221;h3&#8243; text_color=&#8221;inherit&#8221;]Sie ben\u00f6tigen Hilfe? Kontaktieren Sie unsere Experten![\/elx_heading][\/vc_column][\/vc_row][vc_row][vc_column][elx_o2000_contact_us s=&#8221;Anfrage bez\u00fcglich weiteren Kochkesseln und Bratpfannen.&#8221; country=&#8221;Germany&#8221; b=&#8221;food&#8221; container=&#8221;elxcontactus1478533364&#8243; r=&#8221;Ich w\u00fcrde gerne mehr \u00fcber Ihre L\u00f6sungen erfahren. Bitte kontaktieren Sie mich.&#8221; l=&#8221;de&#8221;][vc_empty_space height=&#8221;50px&#8221;][\/vc_column][\/vc_row][vc_row][vc_column][\/vc_column][\/vc_row]<\/p>\n","protected":false},"excerpt":{"rendered":"<p>[vc_row full_width=&#8221;electroluxpro-full-width-no-padding&#8221;][vc_column][elx_hero_slider text_position=&#8221;hero_slider_text_align_right&#8221; label_text_color=&#8221;inherit&#8221; images=&#8221;1510&#8243;][elx_heading font_container=&#8221;h1&#8243; font_size=&#8221;h2&#8243; text_color=&#8221;orange&#8221;]Kochkessel, Bratpfannen und multifunktionale Kochger\u00e4te[\/elx_heading][elx_heading font_size=&#8221;h4&#8243; text_color=&#8221;inherit&#8221;]Schnelleres Herunterk\u00fchlen, h\u00f6here Produktivit\u00e4t und Einsparungen. Drei wichtige Aspekte f\u00fcr Ihre Kantine.[\/elx_heading][\/elx_hero_slider][\/vc_column][\/vc_row][vc_row][vc_column][vc_empty_space height=&#8221;50px&#8221;][\/vc_column][\/vc_row][vc_row][vc_column width=&#8221;1\/2&#8243;][vc_single_image image=&#8221;14374&#8243; img_size=&#8221;full&#8221; style=&#8221;vc_box_circle_2&#8243;][\/vc_column][vc_column width=&#8221;1\/2&#8243;][elx_heading font_size=&#8221;h3&#8243; text_color=&#8221;inherit&#8221;]Optimale Arbeitsabl\u00e4ufe und h\u00f6here Produktivit\u00e4t auf kleinerem Raum[\/elx_heading][vc_column_text]Die optimalen Arbeitsabl\u00e4ufe sind strategisch wichtig f\u00fcr Kantinen, die t\u00e4glich tausende Mahlzeiten produzieren. Eine einwandfreie Ausstattung [&hellip;]<\/p>\n","protected":false},"author":5,"featured_media":0,"parent":1600,"menu_order":0,"comment_status":"closed","ping_status":"closed","template":"","meta":{"footnotes":""},"class_list":["post-867","page","type-page","status-publish","hentry"],"acf":[],"yoast_head":"<!-- This site is optimized with the Yoast SEO plugin v23.3 - https:\/\/yoast.com\/wordpress\/plugins\/seo\/ -->\n<title>Multifunktionale Kochger\u00e4te | Electrolux Professional<\/title>\n<meta name=\"description\" content=\"Multifunktionale Kochger\u00e4te f\u00fcr mehr Produktivit\u00e4t. Darunter viele weitere Kochkessel und Bratpfannen. Sparen Sie bis zu 50% an Zeit.\" \/>\n<meta name=\"robots\" content=\"index, follow, max-snippet:-1, max-image-preview:large, max-video-preview:-1\" \/>\n<link rel=\"canonical\" href=\"https:\/\/www.electroluxprofessional.com\/at\/grosskuechentechnik\/kochkessel-bratpfannen\/weitere-kochkessel-und-bratpfannen\/\" \/>\n<meta property=\"og:locale\" content=\"de_DE\" \/>\n<meta property=\"og:type\" content=\"article\" \/>\n<meta property=\"og:title\" content=\"Multifunktionale Kochger\u00e4te | Electrolux Professional\" \/>\n<meta property=\"og:description\" content=\"Multifunktionale Kochger\u00e4te f\u00fcr mehr Produktivit\u00e4t. Darunter viele weitere Kochkessel und Bratpfannen. Sparen Sie bis zu 50% an Zeit.\" \/>\n<meta property=\"og:url\" content=\"https:\/\/www.electroluxprofessional.com\/at\/grosskuechentechnik\/kochkessel-bratpfannen\/weitere-kochkessel-und-bratpfannen\/\" \/>\n<meta property=\"og:site_name\" content=\"Electrolux Professional \u00d6sterreich\" \/>\n<meta property=\"article:modified_time\" content=\"2024-07-16T13:32:06+00:00\" \/>\n<meta name=\"twitter:card\" content=\"summary_large_image\" \/>\n<meta name=\"twitter:label1\" content=\"Gesch\u00e4tzte Lesezeit\" \/>\n\t<meta name=\"twitter:data1\" content=\"2 Minuten\" \/>\n<script type=\"application\/ld+json\" class=\"yoast-schema-graph\">{\"@context\":\"https:\/\/schema.org\",\"@graph\":[{\"@type\":\"WebPage\",\"@id\":\"https:\/\/www.electroluxprofessional.com\/at\/grosskuechentechnik\/kochkessel-bratpfannen\/weitere-kochkessel-und-bratpfannen\/\",\"url\":\"https:\/\/www.electroluxprofessional.com\/at\/grosskuechentechnik\/kochkessel-bratpfannen\/weitere-kochkessel-und-bratpfannen\/\",\"name\":\"Multifunktionale Kochger\u00e4te | Electrolux Professional\",\"isPartOf\":{\"@id\":\"https:\/\/www.electroluxprofessional.com\/at\/#website\"},\"datePublished\":\"2016-11-07T15:33:36+00:00\",\"dateModified\":\"2024-07-16T13:32:06+00:00\",\"description\":\"Multifunktionale Kochger\u00e4te f\u00fcr mehr Produktivit\u00e4t. Darunter viele weitere Kochkessel und Bratpfannen. Sparen Sie bis zu 50% an Zeit.\",\"breadcrumb\":{\"@id\":\"https:\/\/www.electroluxprofessional.com\/at\/grosskuechentechnik\/kochkessel-bratpfannen\/weitere-kochkessel-und-bratpfannen\/#breadcrumb\"},\"inLanguage\":\"de-AT\",\"potentialAction\":[{\"@type\":\"ReadAction\",\"target\":[\"https:\/\/www.electroluxprofessional.com\/at\/grosskuechentechnik\/kochkessel-bratpfannen\/weitere-kochkessel-und-bratpfannen\/\"]}]},{\"@type\":\"BreadcrumbList\",\"@id\":\"https:\/\/www.electroluxprofessional.com\/at\/grosskuechentechnik\/kochkessel-bratpfannen\/weitere-kochkessel-und-bratpfannen\/#breadcrumb\",\"itemListElement\":[{\"@type\":\"ListItem\",\"position\":1,\"name\":\"Startseite\",\"item\":\"https:\/\/www.electroluxprofessional.com\/at\/\"},{\"@type\":\"ListItem\",\"position\":2,\"name\":\"Gro\u00dfk\u00fcchentechnik\",\"item\":\"https:\/\/www.electroluxprofessional.com\/at\/grosskuechentechnik\/\"},{\"@type\":\"ListItem\",\"position\":3,\"name\":\"Kochkessel und Bratpfannen\",\"item\":\"https:\/\/www.electroluxprofessional.com\/at\/grosskuechentechnik\/kochkessel-bratpfannen\/\"},{\"@type\":\"ListItem\",\"position\":4,\"name\":\"Weitere Kochkessel und Bratpfannen\"}]},{\"@type\":\"WebSite\",\"@id\":\"https:\/\/www.electroluxprofessional.com\/at\/#website\",\"url\":\"https:\/\/www.electroluxprofessional.com\/at\/\",\"name\":\"Electrolux Professional \u00d6sterreich\",\"description\":\"\",\"potentialAction\":[{\"@type\":\"SearchAction\",\"target\":{\"@type\":\"EntryPoint\",\"urlTemplate\":\"https:\/\/www.electroluxprofessional.com\/at\/?src={search_term_string}\"},\"query-input\":\"required name=search_term_string\"}],\"inLanguage\":\"de-AT\"}]}<\/script>\n<!-- \/ Yoast SEO plugin. -->","yoast_head_json":{"title":"Multifunktionale Kochger\u00e4te | Electrolux Professional","description":"Multifunktionale Kochger\u00e4te f\u00fcr mehr Produktivit\u00e4t. Darunter viele weitere Kochkessel und Bratpfannen. Sparen Sie bis zu 50% an Zeit.","robots":{"index":"index","follow":"follow","max-snippet":"max-snippet:-1","max-image-preview":"max-image-preview:large","max-video-preview":"max-video-preview:-1"},"canonical":"https:\/\/www.electroluxprofessional.com\/at\/grosskuechentechnik\/kochkessel-bratpfannen\/weitere-kochkessel-und-bratpfannen\/","og_locale":"de_DE","og_type":"article","og_title":"Multifunktionale Kochger\u00e4te | Electrolux Professional","og_description":"Multifunktionale Kochger\u00e4te f\u00fcr mehr Produktivit\u00e4t. Darunter viele weitere Kochkessel und Bratpfannen. Sparen Sie bis zu 50% an Zeit.","og_url":"https:\/\/www.electroluxprofessional.com\/at\/grosskuechentechnik\/kochkessel-bratpfannen\/weitere-kochkessel-und-bratpfannen\/","og_site_name":"Electrolux Professional \u00d6sterreich","article_modified_time":"2024-07-16T13:32:06+00:00","twitter_card":"summary_large_image","twitter_misc":{"Gesch\u00e4tzte Lesezeit":"2 Minuten"},"schema":{"@context":"https:\/\/schema.org","@graph":[{"@type":"WebPage","@id":"https:\/\/www.electroluxprofessional.com\/at\/grosskuechentechnik\/kochkessel-bratpfannen\/weitere-kochkessel-und-bratpfannen\/","url":"https:\/\/www.electroluxprofessional.com\/at\/grosskuechentechnik\/kochkessel-bratpfannen\/weitere-kochkessel-und-bratpfannen\/","name":"Multifunktionale Kochger\u00e4te | Electrolux Professional","isPartOf":{"@id":"https:\/\/www.electroluxprofessional.com\/at\/#website"},"datePublished":"2016-11-07T15:33:36+00:00","dateModified":"2024-07-16T13:32:06+00:00","description":"Multifunktionale Kochger\u00e4te f\u00fcr mehr Produktivit\u00e4t. Darunter viele weitere Kochkessel und Bratpfannen. Sparen Sie bis zu 50% an Zeit.","breadcrumb":{"@id":"https:\/\/www.electroluxprofessional.com\/at\/grosskuechentechnik\/kochkessel-bratpfannen\/weitere-kochkessel-und-bratpfannen\/#breadcrumb"},"inLanguage":"de-AT","potentialAction":[{"@type":"ReadAction","target":["https:\/\/www.electroluxprofessional.com\/at\/grosskuechentechnik\/kochkessel-bratpfannen\/weitere-kochkessel-und-bratpfannen\/"]}]},{"@type":"BreadcrumbList","@id":"https:\/\/www.electroluxprofessional.com\/at\/grosskuechentechnik\/kochkessel-bratpfannen\/weitere-kochkessel-und-bratpfannen\/#breadcrumb","itemListElement":[{"@type":"ListItem","position":1,"name":"Startseite","item":"https:\/\/www.electroluxprofessional.com\/at\/"},{"@type":"ListItem","position":2,"name":"Gro\u00dfk\u00fcchentechnik","item":"https:\/\/www.electroluxprofessional.com\/at\/grosskuechentechnik\/"},{"@type":"ListItem","position":3,"name":"Kochkessel und Bratpfannen","item":"https:\/\/www.electroluxprofessional.com\/at\/grosskuechentechnik\/kochkessel-bratpfannen\/"},{"@type":"ListItem","position":4,"name":"Weitere Kochkessel und Bratpfannen"}]},{"@type":"WebSite","@id":"https:\/\/www.electroluxprofessional.com\/at\/#website","url":"https:\/\/www.electroluxprofessional.com\/at\/","name":"Electrolux Professional \u00d6sterreich","description":"","potentialAction":[{"@type":"SearchAction","target":{"@type":"EntryPoint","urlTemplate":"https:\/\/www.electroluxprofessional.com\/at\/?src={search_term_string}"},"query-input":"required name=search_term_string"}],"inLanguage":"de-AT"}]}},"_links":{"self":[{"href":"https:\/\/www.electroluxprofessional.com\/at\/wp-json\/wp\/v2\/pages\/867"}],"collection":[{"href":"https:\/\/www.electroluxprofessional.com\/at\/wp-json\/wp\/v2\/pages"}],"about":[{"href":"https:\/\/www.electroluxprofessional.com\/at\/wp-json\/wp\/v2\/types\/page"}],"author":[{"embeddable":true,"href":"https:\/\/www.electroluxprofessional.com\/at\/wp-json\/wp\/v2\/users\/5"}],"replies":[{"embeddable":true,"href":"https:\/\/www.electroluxprofessional.com\/at\/wp-json\/wp\/v2\/comments?post=867"}],"version-history":[{"count":9,"href":"https:\/\/www.electroluxprofessional.com\/at\/wp-json\/wp\/v2\/pages\/867\/revisions"}],"predecessor-version":[{"id":18630,"href":"https:\/\/www.electroluxprofessional.com\/at\/wp-json\/wp\/v2\/pages\/867\/revisions\/18630"}],"up":[{"embeddable":true,"href":"https:\/\/www.electroluxprofessional.com\/at\/wp-json\/wp\/v2\/pages\/1600"}],"wp:attachment":[{"href":"https:\/\/www.electroluxprofessional.com\/at\/wp-json\/wp\/v2\/media?parent=867"}],"curies":[{"name":"wp","href":"https:\/\/api.w.org\/{rel}","templated":true}]}}