{"id":8480,"date":"2020-05-04T15:29:13","date_gmt":"2020-05-04T15:29:13","guid":{"rendered":"https:\/\/www.electroluxprofessional.com\/at\/?page_id=8480"},"modified":"2026-03-25T07:28:20","modified_gmt":"2026-03-25T06:28:20","slug":"aktuelle-erreichbarkeit","status":"publish","type":"page","link":"https:\/\/www.electroluxprofessional.com\/at\/kundenservice\/aktuelle-erreichbarkeit\/","title":{"rendered":"Aktuelle Erreichbarkeit"},"content":{"rendered":"<p>[vc_row full_width=&#8221;electroluxpro-full-width-no-padding&#8221;][vc_column][vc_single_image image=&#8221;8482&#8243; img_size=&#8221;2000&#215;350&#8243; alignment=&#8221;center&#8221;][\/vc_column][\/vc_row][vc_row][vc_column width=&#8221;1\/4&#8243;][vc_empty_space][\/vc_column][vc_column width=&#8221;3\/4&#8243;][vc_empty_space][\/vc_column][\/vc_row][vc_row][vc_column width=&#8221;2\/3&#8243;][vc_single_image image=&#8221;4324&#8243; img_size=&#8221;300*300&#8243;][elx_heading font_container=&#8221;h1&#8243; font_size=&#8221;h3&#8243; text_color=&#8221;inherit&#8221;]Wir sind f\u00fcr Sie da[\/elx_heading][vc_column_text]Unser Werkskundendienst und zentraler Support steht Ihnen in dieser au\u00dfergew\u00f6hnlichen Zeit f\u00fcr Wartungsarbeiten, St\u00f6rungsbehebungen und Reparaturen\/Instandsetzungen weiterhin zur Verf\u00fcgung.<\/p>\n<p>Selbstverst\u00e4ndlich steht f\u00fcr uns die Sicherheit unserer Mitarbeiter, unserer Kunden und Gesch\u00e4ftspartner an erster Stelle. Um einen reibungslosen Einsatz weiterhin sicherzustellen, m\u00f6chten wir jetzt die Zeit effektiv nutzen und Ihnen helfen Ihre Ger\u00e4te instandzusetzen und Wartungen durchzuf\u00fchren. Wie gewohnt sind die zertifizierten Servicepartner telefonisch und per Mail zu erreichen. Die entsprechend hinterlegten Kontaktdaten der zust\u00e4ndigen Partner erhalten Sie in unserem Service Locator oder unter unseren Service-Nummern.<\/p>\n<p>Mit pr\u00e4ventiver Wartung kann die t\u00e4glich ben\u00f6tigte Produktivit\u00e4t der Ger\u00e4tschaften aufrechterhalten werden und die optimale Funktionalit\u00e4t bei Wieder-Inbetriebnahme sichergestellt werden.[\/vc_column_text][\/vc_column][vc_column width=&#8221;1\/3&#8243;][vc_empty_space][vc_empty_space][vc_empty_space][vc_empty_space][vc_empty_space][vc_empty_space][vc_empty_space][vc_empty_space][vc_empty_space height=&#8221;16px&#8221;][vc_empty_space height=&#8221;16px&#8221;][vc_empty_space height=&#8221;16px&#8221;][vc_empty_space height=&#8221;16px&#8221;][elx_heading font_size=&#8221;h2&#8243; text_color=&#8221;inherit&#8221;]Service Hotline[\/elx_heading][vc_empty_space height=&#8221;16px&#8221;][vc_column_text]<strong>\u00d6sterreich:<\/strong><\/p>\n<p>Service Hotline: : +43 1 86348 200<\/p>\n<p>Ersatzteile-W\u00e4scherei:[\/vc_column_text][vc_empty_space height=&#8221;16px&#8221;][elx_button button_text=&#8221;E-Mail senden:&#8221; button_style=&#8221;icon-blue&#8221; button_link=&#8221;url:mailto%3Aels.ersatzteile%40electroluxprofessional.com|title:Ersatzteile-W%C3%A4scherei||&#8221;][vc_empty_space][vc_column_text]Techn. Support K\u00fcche:[\/vc_column_text][vc_empty_space height=&#8221;16px&#8221;][elx_button button_text=&#8221;E-Mail senden:&#8221; button_style=&#8221;icon-blue&#8221; button_link=&#8221;url:mailto%3Asupport.at%40electroluxprofessional.com|title:Ersatzteile-W%C3%A4scherei||&#8221;][vc_empty_space][vc_column_text]Werkskundendienst W\u00e4schereitechnik:[\/vc_column_text][vc_empty_space height=&#8221;16px&#8221;][elx_button button_text=&#8221;E-Mail senden:&#8221; button_style=&#8221;icon-blue&#8221; button_link=&#8221;url:mailto%3Aservice.els.at%40electroluxprofessional.com|title:Ersatzteile-W%C3%A4scherei&#8221;][vc_empty_space][vc_column_text]<a href=\"https:\/\/www.electroluxprofessional.com\/at\/sales-und-service-locator\/\">Service Locator<\/a>[\/vc_column_text][\/vc_column][\/vc_row][vc_row][vc_column][vc_empty_space][\/vc_column][\/vc_row][vc_row][vc_column][vc_empty_space][elx_heading text_color=&#8221;inherit&#8221; text_align=&#8221;text-center&#8221;]Finden Sie mehr heraus \u00fcber Essentia[\/elx_heading][elx_o2000_contact_us s=&#8221;Anfrage Essentia&#8221; request_type=&#8221;Other&#8221; country=&#8221;Austria&#8221; container=&#8221;elxcontactus1484293813&#8243; r=&#8221;Ich w\u00fcrde gerne mehr \u00fcber Essentia erfahren. Bitte kontaktieren Sie mich.&#8221; l=&#8221;de&#8221;][\/vc_column][\/vc_row][vc_row][vc_column][vc_empty_space][\/vc_column][\/vc_row]<\/p>\n","protected":false},"excerpt":{"rendered":"<p>[vc_row full_width=&#8221;electroluxpro-full-width-no-padding&#8221;][vc_column][vc_single_image image=&#8221;8482&#8243; img_size=&#8221;2000&#215;350&#8243; alignment=&#8221;center&#8221;][\/vc_column][\/vc_row][vc_row][vc_column width=&#8221;1\/4&#8243;][vc_empty_space][\/vc_column][vc_column width=&#8221;3\/4&#8243;][vc_empty_space][\/vc_column][\/vc_row][vc_row][vc_column width=&#8221;2\/3&#8243;][vc_single_image image=&#8221;4324&#8243; img_size=&#8221;300*300&#8243;][elx_heading font_container=&#8221;h1&#8243; font_size=&#8221;h3&#8243; text_color=&#8221;inherit&#8221;]Wir sind f\u00fcr Sie da[\/elx_heading][vc_column_text]Unser Werkskundendienst und zentraler Support steht Ihnen in dieser au\u00dfergew\u00f6hnlichen Zeit f\u00fcr Wartungsarbeiten, St\u00f6rungsbehebungen und Reparaturen\/Instandsetzungen weiterhin zur Verf\u00fcgung. Selbstverst\u00e4ndlich steht f\u00fcr uns die Sicherheit unserer Mitarbeiter, unserer Kunden und Gesch\u00e4ftspartner an erster Stelle. Um einen reibungslosen Einsatz weiterhin [&hellip;]<\/p>\n","protected":false},"author":161,"featured_media":8482,"parent":4331,"menu_order":0,"comment_status":"closed","ping_status":"closed","template":"","meta":{"footnotes":""},"class_list":["post-8480","page","type-page","status-publish","has-post-thumbnail","hentry"],"acf":[],"yoast_head":"<!-- This site is optimized with the Yoast SEO plugin v23.3 - https:\/\/yoast.com\/wordpress\/plugins\/seo\/ -->\n<title>Kundenservice | Electrolux Professional<\/title>\n<meta name=\"description\" content=\"Unser Werkskundendienst und zentraler Support steht Ihnen f\u00fcr Wartungsarbeiten, St\u00f6rungsbehebungen und Reparaturen zur Verf\u00fcgung.\" \/>\n<meta name=\"robots\" content=\"index, follow, max-snippet:-1, max-image-preview:large, max-video-preview:-1\" \/>\n<link rel=\"canonical\" href=\"https:\/\/www.electroluxprofessional.com\/at\/kundenservice\/aktuelle-erreichbarkeit\/\" \/>\n<meta property=\"og:locale\" content=\"de_DE\" \/>\n<meta property=\"og:type\" content=\"article\" \/>\n<meta property=\"og:title\" content=\"Electrolux Professional - Essentia\" \/>\n<meta property=\"og:description\" content=\"Essentia ist das Herz eines einzigartigen Kundenservice, der Ihnen durch individuell zugeschnittene Leistungen einen entscheidenden Wettbewerbsvorteil verschaffen wird.\" \/>\n<meta property=\"og:url\" content=\"https:\/\/www.electroluxprofessional.com\/at\/kundenservice\/aktuelle-erreichbarkeit\/\" \/>\n<meta property=\"og:site_name\" content=\"Electrolux Professional \u00d6sterreich\" \/>\n<meta property=\"article:modified_time\" content=\"2026-03-25T06:28:20+00:00\" \/>\n<meta property=\"og:image\" content=\"https:\/\/www.electroluxprofessional.com\/at\/wp-content\/uploads\/2018\/08\/Essentia_Social.jpg\" \/>\n<meta name=\"twitter:card\" content=\"summary_large_image\" \/>\n<meta name=\"twitter:label1\" content=\"Gesch\u00e4tzte Lesezeit\" \/>\n\t<meta name=\"twitter:data1\" content=\"2 Minuten\" \/>\n<script type=\"application\/ld+json\" class=\"yoast-schema-graph\">{\"@context\":\"https:\/\/schema.org\",\"@graph\":[{\"@type\":\"WebPage\",\"@id\":\"https:\/\/www.electroluxprofessional.com\/at\/kundenservice\/aktuelle-erreichbarkeit\/\",\"url\":\"https:\/\/www.electroluxprofessional.com\/at\/kundenservice\/aktuelle-erreichbarkeit\/\",\"name\":\"Kundenservice | Electrolux Professional\",\"isPartOf\":{\"@id\":\"https:\/\/www.electroluxprofessional.com\/at\/#website\"},\"primaryImageOfPage\":{\"@id\":\"https:\/\/www.electroluxprofessional.com\/at\/kundenservice\/aktuelle-erreichbarkeit\/#primaryimage\"},\"image\":{\"@id\":\"https:\/\/www.electroluxprofessional.com\/at\/kundenservice\/aktuelle-erreichbarkeit\/#primaryimage\"},\"thumbnailUrl\":\"https:\/\/www.electroluxprofessional.com\/at\/wp-content\/uploads\/2020\/05\/Erreichbarkeit_Neu.jpg\",\"datePublished\":\"2020-05-04T15:29:13+00:00\",\"dateModified\":\"2026-03-25T06:28:20+00:00\",\"description\":\"Unser Werkskundendienst und zentraler Support steht Ihnen f\u00fcr Wartungsarbeiten, St\u00f6rungsbehebungen und Reparaturen zur Verf\u00fcgung.\",\"breadcrumb\":{\"@id\":\"https:\/\/www.electroluxprofessional.com\/at\/kundenservice\/aktuelle-erreichbarkeit\/#breadcrumb\"},\"inLanguage\":\"de-AT\",\"potentialAction\":[{\"@type\":\"ReadAction\",\"target\":[\"https:\/\/www.electroluxprofessional.com\/at\/kundenservice\/aktuelle-erreichbarkeit\/\"]}]},{\"@type\":\"ImageObject\",\"inLanguage\":\"de-AT\",\"@id\":\"https:\/\/www.electroluxprofessional.com\/at\/kundenservice\/aktuelle-erreichbarkeit\/#primaryimage\",\"url\":\"https:\/\/www.electroluxprofessional.com\/at\/wp-content\/uploads\/2020\/05\/Erreichbarkeit_Neu.jpg\",\"contentUrl\":\"https:\/\/www.electroluxprofessional.com\/at\/wp-content\/uploads\/2020\/05\/Erreichbarkeit_Neu.jpg\",\"width\":1481,\"height\":300,\"caption\":\"Unser Werkskundendienst und zentraler Support steht Ihnen in dieser au\u00dfergew\u00f6hnlichen Zeit f\u00fcr Wartungsarbeiten, St\u00f6rungsbehebungen und Reparaturen\/Instandsetzungen weiterhin zur Verf\u00fcgung.\"},{\"@type\":\"BreadcrumbList\",\"@id\":\"https:\/\/www.electroluxprofessional.com\/at\/kundenservice\/aktuelle-erreichbarkeit\/#breadcrumb\",\"itemListElement\":[{\"@type\":\"ListItem\",\"position\":1,\"name\":\"Startseite\",\"item\":\"https:\/\/www.electroluxprofessional.com\/at\/\"},{\"@type\":\"ListItem\",\"position\":2,\"name\":\"Kundenservice\",\"item\":\"https:\/\/www.electroluxprofessional.com\/at\/kundenservice\/\"},{\"@type\":\"ListItem\",\"position\":3,\"name\":\"Aktuelle Erreichbarkeit\"}]},{\"@type\":\"WebSite\",\"@id\":\"https:\/\/www.electroluxprofessional.com\/at\/#website\",\"url\":\"https:\/\/www.electroluxprofessional.com\/at\/\",\"name\":\"Electrolux Professional \u00d6sterreich\",\"description\":\"\",\"potentialAction\":[{\"@type\":\"SearchAction\",\"target\":{\"@type\":\"EntryPoint\",\"urlTemplate\":\"https:\/\/www.electroluxprofessional.com\/at\/?src={search_term_string}\"},\"query-input\":\"required name=search_term_string\"}],\"inLanguage\":\"de-AT\"}]}<\/script>\n<!-- \/ Yoast SEO plugin. -->","yoast_head_json":{"title":"Kundenservice | Electrolux Professional","description":"Unser Werkskundendienst und zentraler Support steht Ihnen f\u00fcr Wartungsarbeiten, St\u00f6rungsbehebungen und Reparaturen zur Verf\u00fcgung.","robots":{"index":"index","follow":"follow","max-snippet":"max-snippet:-1","max-image-preview":"max-image-preview:large","max-video-preview":"max-video-preview:-1"},"canonical":"https:\/\/www.electroluxprofessional.com\/at\/kundenservice\/aktuelle-erreichbarkeit\/","og_locale":"de_DE","og_type":"article","og_title":"Electrolux Professional - Essentia","og_description":"Essentia ist das Herz eines einzigartigen Kundenservice, der Ihnen durch individuell zugeschnittene Leistungen einen entscheidenden Wettbewerbsvorteil verschaffen wird.","og_url":"https:\/\/www.electroluxprofessional.com\/at\/kundenservice\/aktuelle-erreichbarkeit\/","og_site_name":"Electrolux Professional \u00d6sterreich","article_modified_time":"2026-03-25T06:28:20+00:00","og_image":[{"url":"https:\/\/www.electroluxprofessional.com\/at\/wp-content\/uploads\/2018\/08\/Essentia_Social.jpg"}],"twitter_card":"summary_large_image","twitter_misc":{"Gesch\u00e4tzte Lesezeit":"2 Minuten"},"schema":{"@context":"https:\/\/schema.org","@graph":[{"@type":"WebPage","@id":"https:\/\/www.electroluxprofessional.com\/at\/kundenservice\/aktuelle-erreichbarkeit\/","url":"https:\/\/www.electroluxprofessional.com\/at\/kundenservice\/aktuelle-erreichbarkeit\/","name":"Kundenservice | Electrolux Professional","isPartOf":{"@id":"https:\/\/www.electroluxprofessional.com\/at\/#website"},"primaryImageOfPage":{"@id":"https:\/\/www.electroluxprofessional.com\/at\/kundenservice\/aktuelle-erreichbarkeit\/#primaryimage"},"image":{"@id":"https:\/\/www.electroluxprofessional.com\/at\/kundenservice\/aktuelle-erreichbarkeit\/#primaryimage"},"thumbnailUrl":"https:\/\/www.electroluxprofessional.com\/at\/wp-content\/uploads\/2020\/05\/Erreichbarkeit_Neu.jpg","datePublished":"2020-05-04T15:29:13+00:00","dateModified":"2026-03-25T06:28:20+00:00","description":"Unser Werkskundendienst und zentraler Support steht Ihnen f\u00fcr Wartungsarbeiten, St\u00f6rungsbehebungen und Reparaturen zur Verf\u00fcgung.","breadcrumb":{"@id":"https:\/\/www.electroluxprofessional.com\/at\/kundenservice\/aktuelle-erreichbarkeit\/#breadcrumb"},"inLanguage":"de-AT","potentialAction":[{"@type":"ReadAction","target":["https:\/\/www.electroluxprofessional.com\/at\/kundenservice\/aktuelle-erreichbarkeit\/"]}]},{"@type":"ImageObject","inLanguage":"de-AT","@id":"https:\/\/www.electroluxprofessional.com\/at\/kundenservice\/aktuelle-erreichbarkeit\/#primaryimage","url":"https:\/\/www.electroluxprofessional.com\/at\/wp-content\/uploads\/2020\/05\/Erreichbarkeit_Neu.jpg","contentUrl":"https:\/\/www.electroluxprofessional.com\/at\/wp-content\/uploads\/2020\/05\/Erreichbarkeit_Neu.jpg","width":1481,"height":300,"caption":"Unser Werkskundendienst und zentraler Support steht Ihnen in dieser au\u00dfergew\u00f6hnlichen Zeit f\u00fcr Wartungsarbeiten, St\u00f6rungsbehebungen und Reparaturen\/Instandsetzungen weiterhin zur Verf\u00fcgung."},{"@type":"BreadcrumbList","@id":"https:\/\/www.electroluxprofessional.com\/at\/kundenservice\/aktuelle-erreichbarkeit\/#breadcrumb","itemListElement":[{"@type":"ListItem","position":1,"name":"Startseite","item":"https:\/\/www.electroluxprofessional.com\/at\/"},{"@type":"ListItem","position":2,"name":"Kundenservice","item":"https:\/\/www.electroluxprofessional.com\/at\/kundenservice\/"},{"@type":"ListItem","position":3,"name":"Aktuelle Erreichbarkeit"}]},{"@type":"WebSite","@id":"https:\/\/www.electroluxprofessional.com\/at\/#website","url":"https:\/\/www.electroluxprofessional.com\/at\/","name":"Electrolux Professional \u00d6sterreich","description":"","potentialAction":[{"@type":"SearchAction","target":{"@type":"EntryPoint","urlTemplate":"https:\/\/www.electroluxprofessional.com\/at\/?src={search_term_string}"},"query-input":"required name=search_term_string"}],"inLanguage":"de-AT"}]}},"_links":{"self":[{"href":"https:\/\/www.electroluxprofessional.com\/at\/wp-json\/wp\/v2\/pages\/8480"}],"collection":[{"href":"https:\/\/www.electroluxprofessional.com\/at\/wp-json\/wp\/v2\/pages"}],"about":[{"href":"https:\/\/www.electroluxprofessional.com\/at\/wp-json\/wp\/v2\/types\/page"}],"author":[{"embeddable":true,"href":"https:\/\/www.electroluxprofessional.com\/at\/wp-json\/wp\/v2\/users\/161"}],"replies":[{"embeddable":true,"href":"https:\/\/www.electroluxprofessional.com\/at\/wp-json\/wp\/v2\/comments?post=8480"}],"version-history":[{"count":12,"href":"https:\/\/www.electroluxprofessional.com\/at\/wp-json\/wp\/v2\/pages\/8480\/revisions"}],"predecessor-version":[{"id":21679,"href":"https:\/\/www.electroluxprofessional.com\/at\/wp-json\/wp\/v2\/pages\/8480\/revisions\/21679"}],"up":[{"embeddable":true,"href":"https:\/\/www.electroluxprofessional.com\/at\/wp-json\/wp\/v2\/pages\/4331"}],"wp:featuredmedia":[{"embeddable":true,"href":"https:\/\/www.electroluxprofessional.com\/at\/wp-json\/wp\/v2\/media\/8482"}],"wp:attachment":[{"href":"https:\/\/www.electroluxprofessional.com\/at\/wp-json\/wp\/v2\/media?parent=8480"}],"curies":[{"name":"wp","href":"https:\/\/api.w.org\/{rel}","templated":true}]}}