{"id":7884,"date":"2020-02-28T16:48:47","date_gmt":"2020-02-28T16:48:47","guid":{"rendered":"https:\/\/www.electroluxprofessional.com\/at\/?page_id=7884"},"modified":"2026-03-06T11:46:54","modified_gmt":"2026-03-06T10:46:54","slug":"homepage-201912-2","status":"publish","type":"page","link":"https:\/\/www.electroluxprofessional.com\/at\/","title":{"rendered":"Homepage 20200227"},"content":{"rendered":"<p>[vc_row el_class=&#8221;hide-H&#8221;][vc_column][elx_heading font_container=&#8221;h1&#8243; text_color=&#8221;inherit&#8221;]Electrolux Professional | Ma\u00dfgeschneiderte und Komplettl\u00f6sungen, um Ihr Food-, Beverage- und Laundry-Gesch\u00e4ft einfacher, profitabler und nachhaltiger zu gestalten[\/elx_heading][\/vc_column][\/vc_row][vc_row full_width=&#8221;electroluxpro-full-width-no-padding&#8221; css=&#8221;.vc_custom_1607513832371{margin-bottom: 0px !important;}&#8221; el_class=&#8221;therma<em>line<\/em> M2M&#8221;][vc_column css=&#8221;.vc_custom_1575015067714{margin-bottom: 0px !important;}&#8221;][elx_master_slider slide_order_1=&#8221;1&#8243; title_1=&#8221;Kreativit\u00e4t ohne Grenzen&#8221; text_1=&#8221;therma<em>line<\/em> 80, 85 &amp; 90<br \/>\nModulare Gro\u00dfk\u00fcchentechnik&#8221; slide_order_2=&#8221;2&#8243; title_2=&#8221;&#8221; text_2=&#8221;&#8221; slide_order_3=&#8221;3&#8243; title_3=&#8221;H\u00f6chstleistung<br \/>\nJeden Tag&#8221; text_3=&#8221;e-XP 700 &amp; 900<br \/>\nModulare Gro\u00dfk\u00fcchentechnik&#8221; slide_order_4=&#8221;4&#8243; text_colors_4=&#8221;text-blue&#8221; title_4=&#8221;TD6-11 mit W\u00e4rmepumpe:&#8221; text_4=&#8221;die ultimative Trocknungsl\u00f6sung&#8221; link_1=&#8221;url:https%3A%2F%2Fwww.electroluxprofessional.com%2Fat%2Fgrosskuechentechnik%2Fthermaline-80-85-90%2F|title:MEHR%20ERFAHREN|target:_blank&#8221; background_image_media_library_1=&#8221;21051&#8243; background_image_media_library_mobile_1=&#8221;21052&#8243; background_image_media_library_2=&#8221;21129&#8243; background_image_media_library_3=&#8221;21053&#8243; background_image_media_library_4=&#8221;19090&#8243; link_2=&#8221;url:https%3A%2F%2Fwww.electroluxprofessional.com%2Fat%2Floesungen-fuer-ferienwohnungen%2F|target:_blank&#8221; link_3=&#8221;url:https%3A%2F%2Fwww.electroluxprofessional.com%2Fat%2Fgrosskuechentechnik%2Fe-xp-700-900%2F|title:MEHR%20ERFAHREN|target:_blank&#8221; link_4=&#8221;url:https%3A%2F%2Fwww.electroluxprofessional.com%2Fat%2Fwaermepumpentrockner-line6000%2F|title:Mehr%20erfahren|target:_blank&#8221; background_image_media_library_mobile_2=&#8221;21130&#8243; background_image_media_library_mobile_3=&#8221;21054&#8243; background_image_media_library_mobile_4=&#8221;19091&#8243;][\/vc_column][\/vc_row][vc_row full_width=&#8221;electroluxpro-full-width-no-padding&#8221; disable_element=&#8221;yes&#8221; css=&#8221;.vc_custom_1622192636450{margin-bottom: 0px !important;}&#8221; el_class=&#8221;therma<em>line<\/em> M2M&#8221;][vc_column css=&#8221;.vc_custom_1575015067714{margin-bottom: 0px !important;}&#8221;][elx_master_slider text_colors_1=&#8221;text-blue&#8221; title_1=&#8221;Neustart-Gutschein&#8221; text_1=&#8221;Sichern Sie sich Ihren<br \/>\nGutschein im Wert<br \/>\nvon 300,- \u20ac&#8221; title_2=&#8221;Ihr All-in-OnE L\u00f6sungsanbieter&#8221; text_2=&#8221;Erfahren Sie mit unserer Imagebrosch\u00fcre, wie wir<br \/>\nSie mit unseren L\u00f6sungen unterst\u00fctzen k\u00f6nnen.&#8221; title_3=&#8221;therma<em>line<\/em> &#8211; die Electrolux Professional Swiss-Design Premium Kochger\u00e4teserie&#8221; text_3=&#8221;Strukturieren Sie Ihre Arbeitsabl\u00e4ufe effizient mit therma<em>line<\/em>&#8221; title_4=&#8221;Einsatzkr\u00e4fte sch\u00fctzen&#8221; text_4=&#8221;W\u00e4schereil\u00f6sungen f\u00fcr die<br \/>\nFeuerwehr&#8221; link_1=&#8221;url:https%3A%2F%2Fwww.electroluxprofessional.com%2Fat%2Fneustart-gutschein%2F|title:Mehr%20dazu|target:_blank&#8221; background_image_media_library_1=&#8221;13049&#8243; background_image_media_library_mobile_1=&#8221;13050&#8243; background_image_media_library_2=&#8221;11248&#8243; background_image_media_library_3=&#8221;10963&#8243; background_image_media_library_4=&#8221;10666&#8243; link_2=&#8221;url:https%3A%2F%2Fwww.electroluxprofessional.com%2Fat%2Fueber-uns%2F|title:Mehr%20dazu|target:_blank&#8221; link_3=&#8221;url:https%3A%2F%2Fwww.electroluxprofessional.com%2Fat%2Fgrosskuechentechnik%2Fthermaline-kochbloecke%2F|title:Mehr%20dazu|target:_blank&#8221; link_4=&#8221;url:https%3A%2F%2Fwww.electroluxprofessional.com%2Fat%2Fbranchenloesungen%2Ffeuerwehr%2F|title:Mehr%20dazu|target:_blank&#8221; background_image_media_library_mobile_2=&#8221;11250&#8243; background_image_media_library_mobile_3=&#8221;10964&#8243; background_image_media_library_mobile_4=&#8221;10667&#8243;][\/vc_column][\/vc_row][vc_row full_width=&#8221;electroluxpro-full-width-no-padding&#8221; disable_element=&#8221;yes&#8221; css=&#8221;.vc_custom_1620379185426{margin-bottom: 0px !important;}&#8221; el_class=&#8221;therma<em>line<\/em> M2M&#8221;][vc_column css=&#8221;.vc_custom_1575015067714{margin-bottom: 0px !important;}&#8221;][elx_master_slider text_colors_1=&#8221;text-blue&#8221; title_1=&#8221;Gl\u00e4ser- und Untertischsp\u00fclmaschinen&#8221; text_1=&#8221;Zuverl\u00e4ssig, einfach, sicher&#8221; title_2=&#8221;Ihr All-in-OnE L\u00f6sungsanbieter&#8221; text_2=&#8221;Erfahren Sie mit unserer Imagebrosch\u00fcre, wie wir<br \/>\nSie mit unseren L\u00f6sungen unterst\u00fctzen k\u00f6nnen.&#8221; title_3=&#8221;therma<em>line<\/em> &#8211; die Electrolux Professional Swiss-Design Premium Kochger\u00e4teserie&#8221; text_3=&#8221;Strukturieren Sie Ihre Arbeitsabl\u00e4ufe effizient mit therma<em>line<\/em>&#8221; title_4=&#8221;Einsatzkr\u00e4fte sch\u00fctzen&#8221; text_4=&#8221;W\u00e4schereil\u00f6sungen f\u00fcr die<br \/>\nFeuerwehr&#8221; link_1=&#8221;url:https%3A%2F%2Fwww.electroluxprofessional.com%2Fat%2Fgrosskuechentechnik%2Fspueltechnik%2Fglaeser-und-untertischspuelmaschinen%2F|title:Mehr%20dazu|target:_blank&#8221; background_image_media_library_1=&#8221;11975&#8243; background_image_media_library_mobile_1=&#8221;11976&#8243; background_image_media_library_2=&#8221;11248&#8243; background_image_media_library_3=&#8221;10963&#8243; background_image_media_library_4=&#8221;10666&#8243; link_2=&#8221;url:https%3A%2F%2Fwww.electroluxprofessional.com%2Fat%2Fueber-uns%2F|title:Mehr%20dazu|target:_blank&#8221; link_3=&#8221;url:https%3A%2F%2Fwww.electroluxprofessional.com%2Fat%2Fgrosskuechentechnik%2Fthermaline-kochbloecke%2F|title:Mehr%20dazu|target:_blank&#8221; link_4=&#8221;url:https%3A%2F%2Fwww.electroluxprofessional.com%2Fat%2Fbranchenloesungen%2Ffeuerwehr%2F|title:Mehr%20dazu|target:_blank&#8221; background_image_media_library_mobile_2=&#8221;11250&#8243; background_image_media_library_mobile_3=&#8221;10964&#8243; background_image_media_library_mobile_4=&#8221;10667&#8243;][\/vc_column][\/vc_row][vc_row full_width=&#8221;electroluxpro-full-width-no-padding&#8221; disable_element=&#8221;yes&#8221; css=&#8221;.vc_custom_1600267382372{margin-bottom: 0px !important;}&#8221;][vc_column css=&#8221;.vc_custom_1575015067714{margin-bottom: 0px !important;}&#8221;][elx_master_slider title_1=&#8221;thermaline &#8211; die Electrolux Swiss-Design Premium Kochger\u00e4teserie&#8221; text_1=&#8221;Seit 1871. \u00dcber 130 Jahre Produktion,<br \/>\nPr\u00e4zision und Tradition.&#8221; title_2=&#8221;What if there was OnE&#8221; text_2=&#8221;Einer, der einen ausgezeichneten Schutz<br \/>\nf\u00fcr Sie und Ihre Kunden bietet?&#8221; title_3=&#8221;What if there was OnE&#8221; text_3=&#8221;Einer, der Sie mit Erfahrung und Fachwissen<br \/>\nim Umgang mit Hygienerisiken unterst\u00fctzt?&#8221; title_4=&#8221;hygiene&amp;clean Sp\u00fclmaschinen&#8221; text_4=&#8221;Desinfizieren mit<br \/>\nhygiene&amp;clean f\u00fcr<br \/>\ndie Sicherheit Ihrer Kunden&#8221; link_1=&#8221;url:https%3A%2F%2Fwww.electroluxprofessional.com%2Fde%2Fgrosskuechentechnik%2Fthermaline-kochbloecke%2F|title:Mehr%20dazu||&#8221; background_image_media_library_1=&#8221;8893&#8243; background_image_media_library_mobile_1=&#8221;8895&#8243; background_image_media_library_2=&#8221;8363&#8243; background_image_media_library_3=&#8221;8365&#8243; background_image_media_library_4=&#8221;9107&#8243; link_2=&#8221;url:https%3A%2F%2Fwww.electroluxprofessional.com%2Fde%2Fgrosskuechentechnik%2Fkombidaempfer-und-ofen%2F|title:Mehr%20dazu||&#8221; link_3=&#8221;url:https%3A%2F%2Fwww.electroluxprofessional.com%2Fde%2Fbranchenloesungen%2Fgebaeudereinigung%2F|title:Mehr%20dazu||&#8221; link_4=&#8221;url:https%3A%2F%2Fwww.electroluxprofessional.com%2Fde%2Fdesinfektion-mit-hygieneclean-spuelmaschinen%2F|title:hygiene%26clean%20Sp%C3%BClmaschinen||&#8221; background_image_media_library_mobile_2=&#8221;8364&#8243; background_image_media_library_mobile_3=&#8221;8366&#8243; background_image_media_library_mobile_4=&#8221;9108&#8243;][\/vc_column][\/vc_row][vc_row full_width=&#8221;electroluxpro-full-width-no-padding&#8221; disable_element=&#8221;yes&#8221; css=&#8221;.vc_custom_1587371179201{margin-bottom: 0px !important;}&#8221;][vc_column css=&#8221;.vc_custom_1575015067714{margin-bottom: 0px !important;}&#8221;][elx_master_slider title_1=&#8221;SkyLine Cook und Chill L\u00f6sung&#8221; text_1=&#8221;Wir stellen wir Ihnen ein bahnbrechendes Cook &amp; Chill-System vor,<br \/>\ndas die Abl\u00e4ufe in Ihrer K\u00fcche revolutionieren wird.&#8221; title_2=&#8221;Line 6000 Waschmaschinen&#8221; text_2=&#8221;Handeln Sie umweltfreundlich und steigern Sie Ihren Gewinn<br \/>\nindem Sie mit unseren neuesten Waschmaschinen weniger<br \/>\nWasser, Energie und Waschmittel verbrauchen.&#8221; title_3=&#8221;&#8221; text_3=&#8221;&#8221; title_4=&#8221;&#8221; text_4=&#8221;&#8221; link_1=&#8221;url:https%3A%2F%2Fprofessional.electrolux.com%2Fde%2Fgrosskuechentechnik%2Fcook-chill%2F|title:Mehr%20dazu||&#8221; background_image_media_library_1=&#8221;7886&#8243; background_image_media_library_mobile_1=&#8221;7887&#8243; background_image_media_library_2=&#8221;7888&#8243; background_image_media_library_3=&#8221;29274&#8243; background_image_media_library_4=&#8221;29276&#8243; link_2=&#8221;url:https%3A%2F%2Fprofessional.electrolux.com%2Fde%2Fgewerbliche-waschmaschinen|title:Mehr%20dazu||&#8221; link_3=&#8221;|||&#8221; link_4=&#8221;|||&#8221; background_image_media_library_mobile_2=&#8221;7889&#8243; background_image_media_library_mobile_3=&#8221;29270&#8243; background_image_media_library_mobile_4=&#8221;29272&#8243;][\/vc_column][\/vc_row][vc_row full_width=&#8221;electroluxpro-full-width-no-padding&#8221;][vc_column][elx_full_banner title=&#8221;Gute Entscheidungen f\u00fcr unseren Planeten&#8221; text=&#8221;Electrolux Professional is the OnE trusted partner making your<br \/>\nwork-life easier, more profitable \u2013 and truly sustainable every day.&#8221; background_source=&#8221;image-media-library&#8221; link=&#8221;url:https%3A%2F%2Fwww.electroluxprofessional.com%2Fat%2Fueber-uns%2Fnachhaltigkeit%2F|title:Erfahren%20Sie%20mehr%20%C3%BCber%20unsere%20nachhaltigen%20L%C3%B6sungen|target:_blank&#8221; background_image_media_library=&#8221;14418&#8243; background_image_media_library_mobile=&#8221;14417&#8243;][\/vc_column][\/vc_row][vc_row][vc_column][elx_double_banner title_1=&#8221;myPROzip Waschmaschinen und Trockner&#8221; text_1=&#8221;Professionelles Waschen von Ihren G\u00e4sten bedient&#8221; title_2=&#8221;Reduzieren, wiederverwenden, recyclen&#8221; text_2=&#8221;Entdecken Sie HeroDry, den freistehenden Trockner&#8221; background_source_1=&#8221;image-media-library&#8221; background_source_2=&#8221;image-media-library&#8221; link_1=&#8221;url:https%3A%2F%2Fwww.electroluxprofessional.com%2Fat%2Fwaeschereitechnik%2Fmyprozip-professionelles-waschen-von-ihren-gaesten-selbst-bedient%2F|title:Mehr%20dazu|target:_blank&#8221; background_image_media_library_1=&#8221;16213&#8243; link_2=&#8221;url:https%3A%2F%2Fwww.electroluxprofessional.com%2Fat%2Fherodry-trockner-einweggeschirr%2F|title:Mehr%20dazu|target:_blank&#8221; background_image_media_library_2=&#8221;16464&#8243; background_image_media_library_mobile_1=&#8221;16212&#8243; background_image_media_library_mobile_2=&#8221;16463&#8243; title_mobile_1=&#8221;myPROzip Waschmaschinen und Trockner&#8221; title_mobile_2=&#8221;Reduzieren, wiederverwenden, recyclen mit HeroDry&#8221;][elx_double_banner title_1=&#8221;Geschmack trifft auf Geschwindigkeit&#8221; text_1=&#8221;Entdecken Sie den leistungsstarken High Speed Ofen GourmeXpress&#8221; title_2=&#8221;Line 6000 \u2013 gewerbliche Waschmaschinen&#8221; text_2=&#8221;Ein umfangreiches Sortiment an gewerblichen Waschmaschinen, so durchdacht gestaltet, dass jeder Schritt einfach ist.&#8221; background_source_1=&#8221;image-media-library&#8221; background_source_2=&#8221;image-media-library&#8221; link_1=&#8221;url:https%3A%2F%2Fwww.electroluxprofessional.com%2Fat%2Fgourmexpress-high-speed-ofen%2F|title:Mehr%20dazu|target:_blank&#8221; background_image_media_library_1=&#8221;17350&#8243; link_2=&#8221;url:https%3A%2F%2Fwww.electroluxprofessional.com%2Fat%2Fwaeschereitechnik%2Fgewerbliche-waschmaschinen%2F|title:Mehr%20dazu&#8221; background_image_media_library_2=&#8221;16214&#8243; background_image_media_library_mobile_1=&#8221;17349&#8243; background_image_media_library_mobile_2=&#8221;16215&#8243; title_mobile_1=&#8221;Geschmack trifft auf Geschwindigkeit&#8221; title_mobile_2=&#8221;Line 6000 \u2013 gewerbliche Waschmaschinen&#8221;][\/vc_column][\/vc_row][vc_row][vc_column][\/vc_column][\/vc_row][vc_row full_width=&#8221;electroluxpro-full-width-no-padding&#8221;][vc_column][elx_full_banner title=&#8221;Electrolux Professional Centers of Excellence&#8221; text=&#8221;Swiss design since 1871: over 100 years of production,<br \/>\nprecision and tradition&#8221; background_source=&#8221;image-media-library&#8221; link=&#8221;url:https%3A%2F%2Fwww.electroluxprofessional.com%2Fat%2Fcenters-of-excellence-electrolux-professional%2F|title:Besuchen%20Sie%20unsere%20Showrooms&#8221; background_image_media_library=&#8221;7905&#8243; background_image_media_library_mobile=&#8221;7906&#8243;][\/vc_column][\/vc_row][vc_row full_width=&#8221;electroluxpro-full-width-no-padding&#8221;][vc_column][elx_last_references title=&#8221;Unsere Kunden&#8221;][\/vc_column][\/vc_row][vc_row full_width=&#8221;electroluxpro-full-width-no-padding&#8221;][vc_column][elx_last_news][\/vc_column][\/vc_row][vc_row][vc_column][elx_single_banner title=&#8221;Karrierem\u00f6glichkeiten&#8221; text=&#8221;Electrolux Professional begr\u00fc\u00dft leidenschaftliche Menschen,<br \/>\nunternehmerisch denkende Teamplayer, die sich unserem Unternehmen anschlie\u00dfen m\u00f6chten. Auf unserer Karriereseite erfahren Sie mehr \u00fcber offene Stellen und M\u00f6glichkeiten.&#8221; text_mobile=&#8221;Electrolux Professional begr\u00fc\u00dft leidenschaftliche Menschen,<br \/>\nunternehmerisch denkende Teamplayer, die sich unserem Unternehmen anschlie\u00dfen m\u00f6chten. Auf unserer Karriereseite erfahren Sie mehr \u00fcber offene Stellen und M\u00f6glichkeiten.&#8221; background_source=&#8221;image-media-library&#8221; background_image_media_library=&#8221;7908&#8243; link=&#8221;url:https%3A%2F%2Fwww.electroluxprofessional.com%2Fcareer-opportunities%2F|title:Jetzt%20bewerben%20||&#8221; background_image_media_library_mobile=&#8221;7909&#8243; extra_class=&#8221;Karrierem\u00f6glichkeiten&#8221;][\/vc_column][\/vc_row][vc_row][vc_column][elx_active_banner title=&#8221;H\u00e4ndler- und Servicesuche&#8221; link=&#8221;url:https%3A%2F%2Fwww.electroluxprofessional.com%2Fat%2Fsales-und-service-locator%2F|title:Suche&#8221; background_image_media_library=&#8221;7910&#8243; background_image_media_library_mobile=&#8221;7911&#8243;][\/vc_column][\/vc_row][vc_row][vc_column][vc_empty_space height=&#8221;30px&#8221;][\/vc_column][\/vc_row]<\/p>\n","protected":false},"excerpt":{"rendered":"<p>[vc_row el_class=&#8221;hide-H&#8221;][vc_column][elx_heading font_container=&#8221;h1&#8243; text_color=&#8221;inherit&#8221;]Electrolux Professional | Ma\u00dfgeschneiderte und Komplettl\u00f6sungen, um Ihr Food-, Beverage- und Laundry-Gesch\u00e4ft einfacher, profitabler und nachhaltiger zu gestalten[\/elx_heading][\/vc_column][\/vc_row][vc_row full_width=&#8221;electroluxpro-full-width-no-padding&#8221; css=&#8221;.vc_custom_1607513832371{margin-bottom: 0px !important;}&#8221; el_class=&#8221;thermaline M2M&#8221;][vc_column css=&#8221;.vc_custom_1575015067714{margin-bottom: 0px !important;}&#8221;][elx_master_slider slide_order_1=&#8221;1&#8243; title_1=&#8221;Kreativit\u00e4t ohne Grenzen&#8221; text_1=&#8221;thermaline 80, 85 &amp; 90 Modulare Gro\u00dfk\u00fcchentechnik&#8221; slide_order_2=&#8221;2&#8243; title_2=&#8221;&#8221; text_2=&#8221;&#8221; slide_order_3=&#8221;3&#8243; title_3=&#8221;H\u00f6chstleistung Jeden Tag&#8221; text_3=&#8221;e-XP 700 &amp; 900 Modulare Gro\u00dfk\u00fcchentechnik&#8221; slide_order_4=&#8221;4&#8243; [&hellip;]<\/p>\n","protected":false},"author":1,"featured_media":0,"parent":0,"menu_order":0,"comment_status":"closed","ping_status":"closed","template":"","meta":{"footnotes":""},"class_list":["post-7884","page","type-page","status-publish","hentry"],"acf":[],"yoast_head":"<!-- This site is optimized with the Yoast SEO plugin v23.3 - https:\/\/yoast.com\/wordpress\/plugins\/seo\/ -->\n<title>Electrolux Professional - Gro\u00dfk\u00fcchen- und W\u00e4schereitechnik<\/title>\n<meta name=\"description\" content=\"Electrolux Professional bietet hervorragende L\u00f6sungen f\u00fcr die Bereiche Gro\u00dfk\u00fcchentechnik, Getr\u00e4nkel\u00f6sungen und W\u00e4schereitechnik.\" \/>\n<meta name=\"robots\" content=\"index, follow, max-snippet:-1, max-image-preview:large, max-video-preview:-1\" \/>\n<link rel=\"canonical\" href=\"https:\/\/www.electroluxprofessional.com\/at\/\" \/>\n<meta property=\"og:locale\" content=\"de_DE\" \/>\n<meta property=\"og:type\" content=\"article\" \/>\n<meta property=\"og:title\" content=\"Electrolux Professional - Gro\u00dfk\u00fcchen- und W\u00e4schereitechnik\" \/>\n<meta property=\"og:description\" content=\"Electrolux Professional bietet hervorragende L\u00f6sungen f\u00fcr die Bereiche Gro\u00dfk\u00fcchentechnik, Getr\u00e4nkel\u00f6sungen und W\u00e4schereitechnik.\" \/>\n<meta property=\"og:url\" content=\"https:\/\/www.electroluxprofessional.com\/at\/\" \/>\n<meta property=\"og:site_name\" content=\"Electrolux Professional \u00d6sterreich\" \/>\n<meta property=\"article:modified_time\" content=\"2026-03-06T10:46:54+00:00\" \/>\n<meta name=\"twitter:card\" content=\"summary_large_image\" \/>\n<meta name=\"twitter:label1\" content=\"Gesch\u00e4tzte Lesezeit\" \/>\n\t<meta name=\"twitter:data1\" content=\"4 Minuten\" \/>\n<script type=\"application\/ld+json\" class=\"yoast-schema-graph\">{\"@context\":\"https:\/\/schema.org\",\"@graph\":[{\"@type\":\"WebPage\",\"@id\":\"https:\/\/www.electroluxprofessional.com\/at\/\",\"url\":\"https:\/\/www.electroluxprofessional.com\/at\/\",\"name\":\"Electrolux Professional - Gro\u00dfk\u00fcchen- und W\u00e4schereitechnik\",\"isPartOf\":{\"@id\":\"https:\/\/www.electroluxprofessional.com\/at\/#website\"},\"datePublished\":\"2020-02-28T16:48:47+00:00\",\"dateModified\":\"2026-03-06T10:46:54+00:00\",\"description\":\"Electrolux Professional bietet hervorragende L\u00f6sungen f\u00fcr die Bereiche Gro\u00dfk\u00fcchentechnik, Getr\u00e4nkel\u00f6sungen und W\u00e4schereitechnik.\",\"breadcrumb\":{\"@id\":\"https:\/\/www.electroluxprofessional.com\/at\/#breadcrumb\"},\"inLanguage\":\"de-AT\",\"potentialAction\":[{\"@type\":\"ReadAction\",\"target\":[\"https:\/\/www.electroluxprofessional.com\/at\/\"]}]},{\"@type\":\"BreadcrumbList\",\"@id\":\"https:\/\/www.electroluxprofessional.com\/at\/#breadcrumb\",\"itemListElement\":[{\"@type\":\"ListItem\",\"position\":1,\"name\":\"Startseite\",\"item\":\"https:\/\/www.electroluxprofessional.com\/at\/\"},{\"@type\":\"ListItem\",\"position\":2,\"name\":\"Homepage 20200227\"}]},{\"@type\":\"WebSite\",\"@id\":\"https:\/\/www.electroluxprofessional.com\/at\/#website\",\"url\":\"https:\/\/www.electroluxprofessional.com\/at\/\",\"name\":\"Electrolux Professional \u00d6sterreich\",\"description\":\"\",\"potentialAction\":[{\"@type\":\"SearchAction\",\"target\":{\"@type\":\"EntryPoint\",\"urlTemplate\":\"https:\/\/www.electroluxprofessional.com\/at\/?src={search_term_string}\"},\"query-input\":\"required name=search_term_string\"}],\"inLanguage\":\"de-AT\"}]}<\/script>\n<!-- \/ Yoast SEO plugin. -->","yoast_head_json":{"title":"Electrolux Professional - Gro\u00dfk\u00fcchen- und W\u00e4schereitechnik","description":"Electrolux Professional bietet hervorragende L\u00f6sungen f\u00fcr die Bereiche Gro\u00dfk\u00fcchentechnik, Getr\u00e4nkel\u00f6sungen und W\u00e4schereitechnik.","robots":{"index":"index","follow":"follow","max-snippet":"max-snippet:-1","max-image-preview":"max-image-preview:large","max-video-preview":"max-video-preview:-1"},"canonical":"https:\/\/www.electroluxprofessional.com\/at\/","og_locale":"de_DE","og_type":"article","og_title":"Electrolux Professional - Gro\u00dfk\u00fcchen- und W\u00e4schereitechnik","og_description":"Electrolux Professional bietet hervorragende L\u00f6sungen f\u00fcr die Bereiche Gro\u00dfk\u00fcchentechnik, Getr\u00e4nkel\u00f6sungen und W\u00e4schereitechnik.","og_url":"https:\/\/www.electroluxprofessional.com\/at\/","og_site_name":"Electrolux Professional \u00d6sterreich","article_modified_time":"2026-03-06T10:46:54+00:00","twitter_card":"summary_large_image","twitter_misc":{"Gesch\u00e4tzte Lesezeit":"4 Minuten"},"schema":{"@context":"https:\/\/schema.org","@graph":[{"@type":"WebPage","@id":"https:\/\/www.electroluxprofessional.com\/at\/","url":"https:\/\/www.electroluxprofessional.com\/at\/","name":"Electrolux Professional - Gro\u00dfk\u00fcchen- und W\u00e4schereitechnik","isPartOf":{"@id":"https:\/\/www.electroluxprofessional.com\/at\/#website"},"datePublished":"2020-02-28T16:48:47+00:00","dateModified":"2026-03-06T10:46:54+00:00","description":"Electrolux Professional bietet hervorragende L\u00f6sungen f\u00fcr die Bereiche Gro\u00dfk\u00fcchentechnik, Getr\u00e4nkel\u00f6sungen und W\u00e4schereitechnik.","breadcrumb":{"@id":"https:\/\/www.electroluxprofessional.com\/at\/#breadcrumb"},"inLanguage":"de-AT","potentialAction":[{"@type":"ReadAction","target":["https:\/\/www.electroluxprofessional.com\/at\/"]}]},{"@type":"BreadcrumbList","@id":"https:\/\/www.electroluxprofessional.com\/at\/#breadcrumb","itemListElement":[{"@type":"ListItem","position":1,"name":"Startseite","item":"https:\/\/www.electroluxprofessional.com\/at\/"},{"@type":"ListItem","position":2,"name":"Homepage 20200227"}]},{"@type":"WebSite","@id":"https:\/\/www.electroluxprofessional.com\/at\/#website","url":"https:\/\/www.electroluxprofessional.com\/at\/","name":"Electrolux Professional \u00d6sterreich","description":"","potentialAction":[{"@type":"SearchAction","target":{"@type":"EntryPoint","urlTemplate":"https:\/\/www.electroluxprofessional.com\/at\/?src={search_term_string}"},"query-input":"required name=search_term_string"}],"inLanguage":"de-AT"}]}},"_links":{"self":[{"href":"https:\/\/www.electroluxprofessional.com\/at\/wp-json\/wp\/v2\/pages\/7884"}],"collection":[{"href":"https:\/\/www.electroluxprofessional.com\/at\/wp-json\/wp\/v2\/pages"}],"about":[{"href":"https:\/\/www.electroluxprofessional.com\/at\/wp-json\/wp\/v2\/types\/page"}],"author":[{"embeddable":true,"href":"https:\/\/www.electroluxprofessional.com\/at\/wp-json\/wp\/v2\/users\/1"}],"replies":[{"embeddable":true,"href":"https:\/\/www.electroluxprofessional.com\/at\/wp-json\/wp\/v2\/comments?post=7884"}],"version-history":[{"count":114,"href":"https:\/\/www.electroluxprofessional.com\/at\/wp-json\/wp\/v2\/pages\/7884\/revisions"}],"predecessor-version":[{"id":21448,"href":"https:\/\/www.electroluxprofessional.com\/at\/wp-json\/wp\/v2\/pages\/7884\/revisions\/21448"}],"wp:attachment":[{"href":"https:\/\/www.electroluxprofessional.com\/at\/wp-json\/wp\/v2\/media?parent=7884"}],"curies":[{"name":"wp","href":"https:\/\/api.w.org\/{rel}","templated":true}]}}