{"id":7457,"date":"2019-09-27T14:38:14","date_gmt":"2019-09-27T12:38:14","guid":{"rendered":"https:\/\/www.electroluxprofessional.com\/?page_id=25408"},"modified":"2026-03-25T07:20:06","modified_gmt":"2026-03-25T06:20:06","slug":"ueber-uns","status":"publish","type":"page","link":"https:\/\/www.electroluxprofessional.com\/at\/ueber-uns\/","title":{"rendered":"\u00dcber uns"},"content":{"rendered":"<p>[vc_row full_width=&#8221;electroluxpro-full-width-no-padding&#8221;][vc_column][vc_single_image image=&#8221;14426&#8243; img_size=&#8221;full&#8221; alignment=&#8221;center&#8221;][\/vc_column][\/vc_row][vc_row][vc_column][vc_empty_space height=&#8221;50px&#8221;][elx_heading font_container=&#8221;h1&#8243; text_color=&#8221;inherit&#8221;]Electrolux Professional[\/elx_heading][vc_empty_space][\/vc_column][\/vc_row][vc_row][vc_column width=&#8221;1\/2&#8243;][vc_column_text]<strong>Electrolux Professional ist der The OnE L\u00f6sungsanbieter, der <\/strong><strong>als verl\u00e4sslicher Partner die Arbeit seiner Kunden einfacher, profitabler \u2013 und wahrhaft nachhaltig macht. Tag f\u00fcr Tag.<\/strong>[\/vc_column_text][vc_column_text]Ganz gleich, wie Ihr Betrieb genau aussieht, wir bieten einzigartige Nachhaltigkeit im Bereich <strong>Gro\u00dfk\u00fcchentechnik <\/strong>und in der\u00a0<strong>W\u00e4schereitechnik<\/strong>\u00a0\u2013 ein Leben lang!<\/p>\n<p>Konsequente <strong>Nachhaltigkeit<\/strong> bildet den Fokus unserer Pionierarbeit in der Entwicklung integrierter Komplettl\u00f6sungen, die sich durch hohe Produktivit\u00e4t, niedrigste Lebenszykluskosten sowie durch einfache Bedienung, Pflege und Wartung auszeichnen.<\/p>\n<p>Dank <strong>OnE Connected \u2013 dem digitalen Assistenten \u2013 <\/strong>k\u00f6nnen unsere Kunden alle Arbeitsschritte durch den Einsatz vernetzter und synchronisierter Ger\u00e4te zentral steuern. Damit generieren wir einen maximalen betrieblichen Nutzen.[\/vc_column_text][\/vc_column][vc_column width=&#8221;1\/2&#8243;][elx_video_block background_image=&#8221;14870&#8243; minimum_height=&#8221;350px&#8221; video_link=&#8221;https:\/\/www.youtube.com\/watch?v=HHXb-kb8IJ0&#8243;][\/vc_column][\/vc_row][vc_row css=&#8221;.vc_custom_1465566954449{padding-top: 20px !important;}&#8221;][vc_column][vc_column_text]Electrolux Professional ist Ihr verl\u00e4sslicher <strong>The<\/strong> <strong>OnE<\/strong> L\u00f6sungsanbieter f\u00fcr Einzel- und Komplettl\u00f6sungen. Mit einem <strong>auf den Menschen und seine Bed\u00fcrfnisse ausgerichteten Ansatz und basierend auf unserer langj\u00e4hrigen Erfahrung<\/strong> entwickeln wir Prozesse und L\u00f6sungen, mit denen Sie die Effizienz Ihres Betriebes steigern.[\/vc_column_text][vc_empty_space][elx_heading font_size=&#8221;h3&#8243; text_color=&#8221;inherit&#8221;]Kontaktieren Sie uns um zu erfahren, welche Einzel- und Komplettl\u00f6sungen wir Ihnen anbieten k\u00f6nnen![\/elx_heading][vc_empty_space][elx_o2000_contact_us s=&#8221;Anfrage \u00fcber Einzel- und Komplettl\u00f6sungen&#8221; request_type=&#8221;Other&#8221; country=&#8221;Austria&#8221; r=&#8221;Ich m\u00f6chte mehr erfahren \u00fcber Einzel- und Komplettl\u00f6sungen. Bitte nehmen Sie Kontakt zu mir auf.&#8221;][\/vc_column][\/vc_row][vc_row][vc_column width=&#8221;1\/3&#8243;][elx_maylike_box id_box=&#8221;7463&#8243;][\/vc_column][vc_column width=&#8221;1\/3&#8243;][elx_maylike_box id_box=&#8221;7460&#8243;][\/vc_column][\/vc_row]<\/p>\n","protected":false},"excerpt":{"rendered":"<p>[vc_row full_width=&#8221;electroluxpro-full-width-no-padding&#8221;][vc_column][vc_single_image image=&#8221;14426&#8243; img_size=&#8221;full&#8221; alignment=&#8221;center&#8221;][\/vc_column][\/vc_row][vc_row][vc_column][vc_empty_space height=&#8221;50px&#8221;][elx_heading font_container=&#8221;h1&#8243; text_color=&#8221;inherit&#8221;]Electrolux Professional[\/elx_heading][vc_empty_space][\/vc_column][\/vc_row][vc_row][vc_column width=&#8221;1\/2&#8243;][vc_column_text]Electrolux Professional ist der The OnE L\u00f6sungsanbieter, der als verl\u00e4sslicher Partner die Arbeit seiner Kunden einfacher, profitabler \u2013 und wahrhaft nachhaltig macht. Tag f\u00fcr Tag.[\/vc_column_text][vc_column_text]Ganz gleich, wie Ihr Betrieb genau aussieht, wir bieten einzigartige Nachhaltigkeit im Bereich Gro\u00dfk\u00fcchentechnik und in der\u00a0W\u00e4schereitechnik\u00a0\u2013 ein Leben lang! Konsequente Nachhaltigkeit [&hellip;]<\/p>\n","protected":false},"author":161,"featured_media":7449,"parent":0,"menu_order":0,"comment_status":"closed","ping_status":"closed","template":"","meta":{"footnotes":""},"class_list":["post-7457","page","type-page","status-publish","has-post-thumbnail","hentry"],"acf":[],"yoast_head":"<!-- This site is optimized with the Yoast SEO plugin v23.3 - https:\/\/yoast.com\/wordpress\/plugins\/seo\/ -->\n<title>\u00dcber uns | Electrolux Professional<\/title>\n<meta name=\"description\" content=\"Entdecken Sie mehr \u00fcber den All-in-OnE L\u00f6sungsanbieter, der\u00a0die Arbeit seiner Kunden einfacher, profitabler und nachhaltiger macht.\" \/>\n<meta name=\"robots\" content=\"index, follow, max-snippet:-1, max-image-preview:large, max-video-preview:-1\" \/>\n<link rel=\"canonical\" href=\"https:\/\/www.electroluxprofessional.com\/at\/ueber-uns\/\" \/>\n<meta property=\"og:locale\" content=\"de_DE\" \/>\n<meta property=\"og:type\" content=\"article\" \/>\n<meta property=\"og:title\" content=\"\u00dcber uns | Electrolux Professional\" \/>\n<meta property=\"og:description\" content=\"Entdecken Sie mehr \u00fcber den All-in-OnE L\u00f6sungsanbieter, der\u00a0die Arbeit seiner Kunden einfacher, profitabler und nachhaltiger macht.\" \/>\n<meta property=\"og:url\" content=\"https:\/\/www.electroluxprofessional.com\/at\/ueber-uns\/\" \/>\n<meta property=\"og:site_name\" content=\"Electrolux Professional \u00d6sterreich\" \/>\n<meta property=\"article:modified_time\" content=\"2026-03-25T06:20:06+00:00\" \/>\n<meta property=\"og:image\" content=\"https:\/\/www.electroluxprofessional.com\/at\/wp-content\/uploads\/2019\/09\/video-one-cover.jpg\" \/>\n\t<meta property=\"og:image:width\" content=\"800\" \/>\n\t<meta property=\"og:image:height\" content=\"500\" \/>\n\t<meta property=\"og:image:type\" content=\"image\/jpeg\" \/>\n<meta name=\"twitter:card\" content=\"summary_large_image\" \/>\n<meta name=\"twitter:label1\" content=\"Gesch\u00e4tzte Lesezeit\" \/>\n\t<meta name=\"twitter:data1\" content=\"2 Minuten\" \/>\n<script type=\"application\/ld+json\" class=\"yoast-schema-graph\">{\"@context\":\"https:\/\/schema.org\",\"@graph\":[{\"@type\":\"WebPage\",\"@id\":\"https:\/\/www.electroluxprofessional.com\/at\/ueber-uns\/\",\"url\":\"https:\/\/www.electroluxprofessional.com\/at\/ueber-uns\/\",\"name\":\"\u00dcber uns | Electrolux Professional\",\"isPartOf\":{\"@id\":\"https:\/\/www.electroluxprofessional.com\/at\/#website\"},\"primaryImageOfPage\":{\"@id\":\"https:\/\/www.electroluxprofessional.com\/at\/ueber-uns\/#primaryimage\"},\"image\":{\"@id\":\"https:\/\/www.electroluxprofessional.com\/at\/ueber-uns\/#primaryimage\"},\"thumbnailUrl\":\"https:\/\/www.electroluxprofessional.com\/at\/wp-content\/uploads\/2019\/09\/video-one-cover.jpg\",\"datePublished\":\"2019-09-27T12:38:14+00:00\",\"dateModified\":\"2026-03-25T06:20:06+00:00\",\"description\":\"Entdecken Sie mehr \u00fcber den All-in-OnE L\u00f6sungsanbieter, der\u00a0die Arbeit seiner Kunden einfacher, profitabler und nachhaltiger macht.\",\"breadcrumb\":{\"@id\":\"https:\/\/www.electroluxprofessional.com\/at\/ueber-uns\/#breadcrumb\"},\"inLanguage\":\"de-AT\",\"potentialAction\":[{\"@type\":\"ReadAction\",\"target\":[\"https:\/\/www.electroluxprofessional.com\/at\/ueber-uns\/\"]}]},{\"@type\":\"ImageObject\",\"inLanguage\":\"de-AT\",\"@id\":\"https:\/\/www.electroluxprofessional.com\/at\/ueber-uns\/#primaryimage\",\"url\":\"https:\/\/www.electroluxprofessional.com\/at\/wp-content\/uploads\/2019\/09\/video-one-cover.jpg\",\"contentUrl\":\"https:\/\/www.electroluxprofessional.com\/at\/wp-content\/uploads\/2019\/09\/video-one-cover.jpg\",\"width\":800,\"height\":500,\"caption\":\"Electrolux Professional, the OnE trusted partner\"},{\"@type\":\"BreadcrumbList\",\"@id\":\"https:\/\/www.electroluxprofessional.com\/at\/ueber-uns\/#breadcrumb\",\"itemListElement\":[{\"@type\":\"ListItem\",\"position\":1,\"name\":\"Startseite\",\"item\":\"https:\/\/www.electroluxprofessional.com\/at\/\"},{\"@type\":\"ListItem\",\"position\":2,\"name\":\"\u00dcber uns\"}]},{\"@type\":\"WebSite\",\"@id\":\"https:\/\/www.electroluxprofessional.com\/at\/#website\",\"url\":\"https:\/\/www.electroluxprofessional.com\/at\/\",\"name\":\"Electrolux Professional \u00d6sterreich\",\"description\":\"\",\"potentialAction\":[{\"@type\":\"SearchAction\",\"target\":{\"@type\":\"EntryPoint\",\"urlTemplate\":\"https:\/\/www.electroluxprofessional.com\/at\/?src={search_term_string}\"},\"query-input\":\"required name=search_term_string\"}],\"inLanguage\":\"de-AT\"}]}<\/script>\n<!-- \/ Yoast SEO plugin. -->","yoast_head_json":{"title":"\u00dcber uns | Electrolux Professional","description":"Entdecken Sie mehr \u00fcber den All-in-OnE L\u00f6sungsanbieter, der\u00a0die Arbeit seiner Kunden einfacher, profitabler und nachhaltiger macht.","robots":{"index":"index","follow":"follow","max-snippet":"max-snippet:-1","max-image-preview":"max-image-preview:large","max-video-preview":"max-video-preview:-1"},"canonical":"https:\/\/www.electroluxprofessional.com\/at\/ueber-uns\/","og_locale":"de_DE","og_type":"article","og_title":"\u00dcber uns | Electrolux Professional","og_description":"Entdecken Sie mehr \u00fcber den All-in-OnE L\u00f6sungsanbieter, der\u00a0die Arbeit seiner Kunden einfacher, profitabler und nachhaltiger macht.","og_url":"https:\/\/www.electroluxprofessional.com\/at\/ueber-uns\/","og_site_name":"Electrolux Professional \u00d6sterreich","article_modified_time":"2026-03-25T06:20:06+00:00","og_image":[{"width":800,"height":500,"url":"https:\/\/www.electroluxprofessional.com\/at\/wp-content\/uploads\/2019\/09\/video-one-cover.jpg","type":"image\/jpeg"}],"twitter_card":"summary_large_image","twitter_misc":{"Gesch\u00e4tzte Lesezeit":"2 Minuten"},"schema":{"@context":"https:\/\/schema.org","@graph":[{"@type":"WebPage","@id":"https:\/\/www.electroluxprofessional.com\/at\/ueber-uns\/","url":"https:\/\/www.electroluxprofessional.com\/at\/ueber-uns\/","name":"\u00dcber uns | Electrolux Professional","isPartOf":{"@id":"https:\/\/www.electroluxprofessional.com\/at\/#website"},"primaryImageOfPage":{"@id":"https:\/\/www.electroluxprofessional.com\/at\/ueber-uns\/#primaryimage"},"image":{"@id":"https:\/\/www.electroluxprofessional.com\/at\/ueber-uns\/#primaryimage"},"thumbnailUrl":"https:\/\/www.electroluxprofessional.com\/at\/wp-content\/uploads\/2019\/09\/video-one-cover.jpg","datePublished":"2019-09-27T12:38:14+00:00","dateModified":"2026-03-25T06:20:06+00:00","description":"Entdecken Sie mehr \u00fcber den All-in-OnE L\u00f6sungsanbieter, der\u00a0die Arbeit seiner Kunden einfacher, profitabler und nachhaltiger macht.","breadcrumb":{"@id":"https:\/\/www.electroluxprofessional.com\/at\/ueber-uns\/#breadcrumb"},"inLanguage":"de-AT","potentialAction":[{"@type":"ReadAction","target":["https:\/\/www.electroluxprofessional.com\/at\/ueber-uns\/"]}]},{"@type":"ImageObject","inLanguage":"de-AT","@id":"https:\/\/www.electroluxprofessional.com\/at\/ueber-uns\/#primaryimage","url":"https:\/\/www.electroluxprofessional.com\/at\/wp-content\/uploads\/2019\/09\/video-one-cover.jpg","contentUrl":"https:\/\/www.electroluxprofessional.com\/at\/wp-content\/uploads\/2019\/09\/video-one-cover.jpg","width":800,"height":500,"caption":"Electrolux Professional, the OnE trusted partner"},{"@type":"BreadcrumbList","@id":"https:\/\/www.electroluxprofessional.com\/at\/ueber-uns\/#breadcrumb","itemListElement":[{"@type":"ListItem","position":1,"name":"Startseite","item":"https:\/\/www.electroluxprofessional.com\/at\/"},{"@type":"ListItem","position":2,"name":"\u00dcber uns"}]},{"@type":"WebSite","@id":"https:\/\/www.electroluxprofessional.com\/at\/#website","url":"https:\/\/www.electroluxprofessional.com\/at\/","name":"Electrolux Professional \u00d6sterreich","description":"","potentialAction":[{"@type":"SearchAction","target":{"@type":"EntryPoint","urlTemplate":"https:\/\/www.electroluxprofessional.com\/at\/?src={search_term_string}"},"query-input":"required name=search_term_string"}],"inLanguage":"de-AT"}]}},"_links":{"self":[{"href":"https:\/\/www.electroluxprofessional.com\/at\/wp-json\/wp\/v2\/pages\/7457"}],"collection":[{"href":"https:\/\/www.electroluxprofessional.com\/at\/wp-json\/wp\/v2\/pages"}],"about":[{"href":"https:\/\/www.electroluxprofessional.com\/at\/wp-json\/wp\/v2\/types\/page"}],"author":[{"embeddable":true,"href":"https:\/\/www.electroluxprofessional.com\/at\/wp-json\/wp\/v2\/users\/161"}],"replies":[{"embeddable":true,"href":"https:\/\/www.electroluxprofessional.com\/at\/wp-json\/wp\/v2\/comments?post=7457"}],"version-history":[{"count":18,"href":"https:\/\/www.electroluxprofessional.com\/at\/wp-json\/wp\/v2\/pages\/7457\/revisions"}],"predecessor-version":[{"id":21674,"href":"https:\/\/www.electroluxprofessional.com\/at\/wp-json\/wp\/v2\/pages\/7457\/revisions\/21674"}],"wp:featuredmedia":[{"embeddable":true,"href":"https:\/\/www.electroluxprofessional.com\/at\/wp-json\/wp\/v2\/media\/7449"}],"wp:attachment":[{"href":"https:\/\/www.electroluxprofessional.com\/at\/wp-json\/wp\/v2\/media?parent=7457"}],"curies":[{"name":"wp","href":"https:\/\/api.w.org\/{rel}","templated":true}]}}