{"id":7198,"date":"2021-02-08T10:19:30","date_gmt":"2021-02-08T09:19:30","guid":{"rendered":"https:\/\/www.electroluxprofessional.com\/at\/?page_id=7198"},"modified":"2026-04-08T12:46:26","modified_gmt":"2026-04-08T11:46:26","slug":"mypro-zubehoer-und-verbrauchsmaterialien","status":"publish","type":"page","link":"https:\/\/www.electroluxprofessional.com\/at\/waeschereitechnik\/mypro-waschmaschinen-trockner-und-mangeln-fuer-kleingewerbe\/mypro-zubehoer-und-verbrauchsmaterialien\/","title":{"rendered":"myPRO Zubeh\u00f6r und Verbrauchsmaterialien"},"content":{"rendered":"<p>[vc_row][vc_column][vc_column_text]<\/p>\n<p class=\"p1\"><span class=\"s1\">[\/vc_column_text][\/vc_column][\/vc_row][vc_row][vc_column][vc_single_image image=&#8221;7136&#8243;][elx_heading font_container=&#8221;h1&#8243; text_color=&#8221;inherit&#8221;]myPRO Zubeh\u00f6r und Verbrauchsmaterialien[\/elx_heading][elx_heading text_color=&#8221;inherit&#8221;]Einzigartige Fachkompetenz f\u00fcr kleine Unternehmen.[\/elx_heading][vc_column_text]Optimieren Sie die Nutzung Ihrer myPRO Ger\u00e4te mit Electrolux Professional Zubeh\u00f6r und Verbrauchsmaterialien![\/vc_column_text][elx_heading text_color=&#8221;inherit&#8221;]myPRO Zubeh\u00f6r[\/elx_heading][vc_empty_space][\/vc_column][\/vc_row][vc_row][vc_column width=&#8221;1\/3&#8243;][elx_video_block background_image=&#8221;7203&#8243; video_link=&#8221;https:\/\/www.youtube.com\/watch?v=xbnvtSfbAx0&amp;feature=youtu.be&#8221; minimum_height=&#8221;350px&#8221;][\/vc_column][vc_column width=&#8221;1\/3&#8243;][elx_heading font_container=&#8221;h3&#8243; text_color=&#8221;inherit&#8221;]Stapel-Kit[\/elx_heading][vc_column_text]Sparen Sie Platz, indem Sie Ihren Trockner auf der Waschmaschine platzieren.[\/vc_column_text][\/vc_column][vc_column width=&#8221;1\/3&#8243;][vc_single_image image=&#8221;7195&#8243; img_size=&#8221;full&#8221;][\/vc_column][\/vc_row][vc_row][vc_column width=&#8221;1\/3&#8243;][elx_video_block background_image=&#8221;7201&#8243; video_link=&#8221;https:\/\/www.youtube.com\/watch?v=aiUkkWeW2f4&amp;feature=youtu.be&#8221; minimum_height=&#8221;350px&#8221;][\/vc_column][vc_column width=&#8221;1\/3&#8243;][elx_heading font_container=&#8221;h3&#8243; text_color=&#8221;inherit&#8221;]Sockel[\/elx_heading][vc_column_text]Die Erh\u00f6hung von Waschmaschine und Trockner macht das Be- und Entladen der W\u00e4sche einfacher und komfortabler.[\/vc_column_text][\/vc_column][vc_column width=&#8221;1\/3&#8243;][vc_single_image image=&#8221;7194&#8243; img_size=&#8221;full&#8221;][\/vc_column][\/vc_row][vc_row][vc_column][vc_empty_space][elx_heading text_color=&#8221;inherit&#8221;]myPRO Verbrauchsmaterialien[\/elx_heading][\/vc_column][\/vc_row][vc_row css=&#8221;.vc_custom_1571737982010{margin-bottom: 32px !important;}&#8221;][vc_column][vc_column_text]<\/span><\/p>\n<p class=\"p2\"><span class=\"s1\">Die Cleanstar Waschmittel werden mit Blick auf Ihr Unternehmen und die Umwelt entwickelt.<br \/>\nF\u00fcr beste Waschergebnisse verwenden Sie das Produkt, das Ihren Bed\u00fcrfnissen entspricht.<\/span>[\/vc_column_text][\/vc_column][\/vc_row][vc_row equal_height=&#8221;yes&#8221; content_placement=&#8221;top&#8221;][vc_column width=&#8221;1\/3&#8243; css=&#8221;.vc_custom_1571734078120{margin-right: 5px !important;padding-top: 32px !important;padding-bottom: 32px !important;background-color: #cd5599 !important;}&#8221;][vc_single_image image=&#8221;7193&#8243; img_size=&#8221;full&#8221; alignment=&#8221;center&#8221; css=&#8221;.vc_custom_1573640614384{margin-top: 32px !important;}&#8221;][elx_heading font_container=&#8221;h3&#8243; text_color=&#8221;inherit&#8221; css=&#8221;.vc_custom_1571752005251{margin-top: 10px !important;}&#8221;]Gentle Wash<br \/>\nCleanstar[\/elx_heading][vc_column_text]Fl\u00fcssigwaschmittel f\u00fcr empfindliche Kleidungsst\u00fccke<\/p>\n<p>Basierend auf pflanzlichen Rohstoffen, reinigt Cleanstar Gentle Wash schonend empfindliche Kleidungsst\u00fccke und gibt ihnen ihre urspr\u00fcngliche Weichheit zur\u00fcck.[\/vc_column_text][vc_column_text]5 L<br \/>\nArt. no. 432730883[\/vc_column_text][vc_single_image image=&#8221;7187&#8243; img_size=&#8221;full&#8221; alignment=&#8221;center&#8221;][\/vc_column][vc_column width=&#8221;1\/3&#8243; css=&#8221;.vc_custom_1571736830643{margin-right: 5px !important;margin-left: 5px !important;background-color: #2acbd3 !important;}&#8221;][vc_single_image image=&#8221;7192&#8243; img_size=&#8221;full&#8221; alignment=&#8221;center&#8221; css=&#8221;.vc_custom_1573640630509{margin-top: 32px !important;}&#8221;][elx_heading font_container=&#8221;h3&#8243; text_color=&#8221;inherit&#8221; css=&#8221;.vc_custom_1571752037627{margin-top: 10px !important;}&#8221;]Soft Touch<br \/>\nCleanstar[\/elx_heading][vc_column_text]Weichsp\u00fclerkonzentrat<\/p>\n<p>Verleiht der W\u00e4sche ihre urspr\u00fcngliche Leichtigkeit und Elastizit\u00e4t.<br \/>\nDurch die antistatische Wirkung wird das B\u00fcgeln deutlich einfacher.[\/vc_column_text][vc_column_text]5 L<br \/>\nArt. no.432730885[\/vc_column_text][vc_single_image image=&#8221;7187&#8243; img_size=&#8221;full&#8221; alignment=&#8221;center&#8221;][\/vc_column][vc_column width=&#8221;1\/3&#8243; css=&#8221;.vc_custom_1571736565660{margin-left: 5px !important;background-color: #8ebe44 !important;}&#8221;][vc_single_image image=&#8221;7191&#8243; img_size=&#8221;full&#8221; alignment=&#8221;center&#8221; css=&#8221;.vc_custom_1573640655205{margin-top: 32px !important;}&#8221;][elx_heading font_container=&#8221;h3&#8243; text_color=&#8221;inherit&#8221; css=&#8221;.vc_custom_1571752062909{margin-top: 10px !important;}&#8221;]Green liquid<br \/>\nCleanstar[\/elx_heading][vc_column_text]\u00d6kologisches Fl\u00fcssigwaschmittel<\/p>\n<p>Dieses innovative Waschmittel basiert auf pflanzlichen Rohstoffen und ist vollst\u00e4ndig biologisch abbaubar. Entfernt wirksam Flecken bei gleichzeitiger Schonung der Fasern und Erhalt der Farbpracht.[\/vc_column_text][vc_column_text]5 L<br \/>\nArt. no.432730882[\/vc_column_text][vc_single_image image=&#8221;7187&#8243; img_size=&#8221;full&#8221; alignment=&#8221;center&#8221;][\/vc_column][\/vc_row][vc_row][vc_column][vc_empty_space height=&#8221;10px&#8221;][\/vc_column][\/vc_row][vc_row equal_height=&#8221;yes&#8221; content_placement=&#8221;top&#8221; css=&#8221;.vc_custom_1571753087690{padding: 50px !important;}&#8221;][vc_column width=&#8221;1\/3&#8243; css=&#8221;.vc_custom_1571737082706{margin-right: 5px !important;padding-top: 32px !important;padding-bottom: 32px !important;background-color: #ea5918 !important;}&#8221;][vc_single_image image=&#8221;7190&#8243; img_size=&#8221;full&#8221; alignment=&#8221;center&#8221; css=&#8221;.vc_custom_1573640672368{margin-top: 32px !important;}&#8221;][elx_heading font_container=&#8221;h3&#8243; text_color=&#8221;inherit&#8221;]Wash liquid<br \/>\nCleanstar[\/elx_heading][vc_column_text]Konzentriertes Fl\u00fcssigwaschmittel<\/p>\n<p>Mit seiner sehr hohen Reinigungskraft und Dreifachwirkung entfernt es auch die hartn\u00e4ckigsten Flecken. Selbst bei niedrigen Temperaturen sehr wirksam, bei gleichzeitiger Schonung der Fasern und Erhalt der Farbpracht.[\/vc_column_text][vc_column_text]5 L<br \/>\nArt. no.432730884[\/vc_column_text][vc_single_image image=&#8221;7187&#8243; img_size=&#8221;full&#8221; alignment=&#8221;center&#8221;][\/vc_column][vc_column width=&#8221;1\/3&#8243; css=&#8221;.vc_custom_1571737105881{margin-right: 5px !important;margin-left: 5px !important;background-color: #a79dbe !important;}&#8221;][vc_single_image image=&#8221;7189&#8243; img_size=&#8221;full&#8221; alignment=&#8221;center&#8221; css=&#8221;.vc_custom_1573640727193{margin-top: 32px !important;}&#8221;][elx_heading font_container=&#8221;h3&#8243; text_color=&#8221;inherit&#8221;]Magic white<br \/>\nCleanstar[\/elx_heading][vc_column_text]Bleichmittelpulver<\/p>\n<p>Cleanstar Magic White, das bereits bei niedrigen Temperaturen wirksam ist, entfernt Flecken und hellt Ihre Kleidungsst\u00fccke auf, ohne sie zu besch\u00e4digen.[\/vc_column_text][vc_column_text]1 Kg<br \/>\nArt. no. 432730886[\/vc_column_text][vc_single_image image=&#8221;7186&#8243; img_size=&#8221;full&#8221; alignment=&#8221;center&#8221;][\/vc_column][vc_column width=&#8221;1\/3&#8243; css=&#8221;.vc_custom_1571737128248{margin-left: 5px !important;background-color: #eb6b50 !important;}&#8221;][vc_single_image image=&#8221;7188&#8243; img_size=&#8221;full&#8221; alignment=&#8221;center&#8221; css=&#8221;.vc_custom_1573640743377{margin-top: 32px !important;}&#8221;][elx_heading font_container=&#8221;h3&#8243; text_color=&#8221;inherit&#8221;]Wash powder<br \/>\nCleanstar[\/elx_heading][vc_column_text]Enzymatisches Waschpulver<\/p>\n<p>Dank seiner verbesserten Formulierung, die Tenside und aktiven Sauerstoff kombiniert, entfernt Cleanstar Wash Power die hartn\u00e4ckigsten Flecken.[\/vc_column_text][vc_column_text]8 Kg<br \/>\nArt. no. 432730881[\/vc_column_text][vc_single_image image=&#8221;7185&#8243; img_size=&#8221;full&#8221; alignment=&#8221;center&#8221;][\/vc_column][\/vc_row][vc_row][vc_column][vc_empty_space][elx_heading text_color=&#8221;inherit&#8221; text_align=&#8221;text-center&#8221;]Kontaktieren Sie uns f\u00fcr weitere Informationen[\/elx_heading][\/vc_column][\/vc_row][vc_row][vc_column width=&#8221;1\/2&#8243;][elx_o2000_contact_us s=&#8221;Anfrage zu myPRO-Zubeh\u00f6r&#8221; country=&#8221;Germany&#8221; b=&#8221;laundry&#8221; r=&#8221;Ich w\u00fcrde gerne mehr \u00fcber das myPRO-Zubeh\u00f6r erfahren. Bitte kontaktieren Sie mich!&#8221; l=&#8221;de&#8221;][\/vc_column][vc_column width=&#8221;1\/2&#8243;][vc_single_image image=&#8221;7202&#8243; img_size=&#8221;full&#8221;][\/vc_column][\/vc_row][vc_row][vc_column][vc_empty_space][elx_button button_text=&#8221;Produkte&#8221; button_style=&#8221;icon&#8221; button_link=&#8221;url:https%3A%2F%2Fwww.electroluxprofessional.com%2Fat%2Fwaeschereitechnik%2Fmypro-waschmaschinen-trockner-und-mangeln-fuer-kleingewerbe%2F&#8221;][vc_empty_space][\/vc_column][\/vc_row][vc_row][vc_column][vc_column_text][\/vc_column_text][\/vc_column][\/vc_row]<\/p>\n","protected":false},"excerpt":{"rendered":"<p>[vc_row][vc_column][vc_column_text] [\/vc_column_text][\/vc_column][\/vc_row][vc_row][vc_column][vc_single_image image=&#8221;7136&#8243;][elx_heading font_container=&#8221;h1&#8243; text_color=&#8221;inherit&#8221;]myPRO Zubeh\u00f6r und Verbrauchsmaterialien[\/elx_heading][elx_heading text_color=&#8221;inherit&#8221;]Einzigartige Fachkompetenz f\u00fcr kleine Unternehmen.[\/elx_heading][vc_column_text]Optimieren Sie die Nutzung Ihrer myPRO Ger\u00e4te mit Electrolux Professional Zubeh\u00f6r und Verbrauchsmaterialien![\/vc_column_text][elx_heading text_color=&#8221;inherit&#8221;]myPRO Zubeh\u00f6r[\/elx_heading][vc_empty_space][\/vc_column][\/vc_row][vc_row][vc_column width=&#8221;1\/3&#8243;][elx_video_block background_image=&#8221;7203&#8243; video_link=&#8221;https:\/\/www.youtube.com\/watch?v=xbnvtSfbAx0&amp;feature=youtu.be&#8221; minimum_height=&#8221;350px&#8221;][\/vc_column][vc_column width=&#8221;1\/3&#8243;][elx_heading font_container=&#8221;h3&#8243; text_color=&#8221;inherit&#8221;]Stapel-Kit[\/elx_heading][vc_column_text]Sparen Sie Platz, indem Sie Ihren Trockner auf der Waschmaschine platzieren.[\/vc_column_text][\/vc_column][vc_column width=&#8221;1\/3&#8243;][vc_single_image image=&#8221;7195&#8243; img_size=&#8221;full&#8221;][\/vc_column][\/vc_row][vc_row][vc_column width=&#8221;1\/3&#8243;][elx_video_block background_image=&#8221;7201&#8243; video_link=&#8221;https:\/\/www.youtube.com\/watch?v=aiUkkWeW2f4&amp;feature=youtu.be&#8221; minimum_height=&#8221;350px&#8221;][\/vc_column][vc_column width=&#8221;1\/3&#8243;][elx_heading font_container=&#8221;h3&#8243; text_color=&#8221;inherit&#8221;]Sockel[\/elx_heading][vc_column_text]Die Erh\u00f6hung [&hellip;]<\/p>\n","protected":false},"author":207,"featured_media":0,"parent":10552,"menu_order":0,"comment_status":"closed","ping_status":"closed","template":"","meta":{"footnotes":""},"class_list":["post-7198","page","type-page","status-publish","hentry"],"acf":[],"yoast_head":"<!-- This site is optimized with the Yoast SEO plugin v23.3 - https:\/\/yoast.com\/wordpress\/plugins\/seo\/ -->\n<title>myPro Zubeh\u00f6r | Electrolux Professional<\/title>\n<meta name=\"description\" content=\"Entdecken Sie myPRO Zubeh\u00f6r und Verbrauchsmaterialien, um die t\u00e4gliche Nutzung Ihrer myPRO Ger\u00e4te zu optimieren.\" \/>\n<meta name=\"robots\" content=\"index, follow, max-snippet:-1, max-image-preview:large, max-video-preview:-1\" \/>\n<link rel=\"canonical\" href=\"https:\/\/www.electroluxprofessional.com\/at\/waeschereitechnik\/mypro-waschmaschinen-trockner-und-mangeln-fuer-kleingewerbe\/mypro-zubehoer-und-verbrauchsmaterialien\/\" \/>\n<meta property=\"og:locale\" content=\"de_DE\" \/>\n<meta property=\"og:type\" content=\"article\" \/>\n<meta property=\"og:title\" content=\"myPro Zubeh\u00f6r | Electrolux Professional\" \/>\n<meta property=\"og:description\" content=\"Entdecken Sie myPRO Zubeh\u00f6r und Verbrauchsmaterialien, um die t\u00e4gliche Nutzung Ihrer myPRO Ger\u00e4te zu optimieren.\" \/>\n<meta property=\"og:url\" content=\"https:\/\/www.electroluxprofessional.com\/at\/waeschereitechnik\/mypro-waschmaschinen-trockner-und-mangeln-fuer-kleingewerbe\/mypro-zubehoer-und-verbrauchsmaterialien\/\" \/>\n<meta property=\"og:site_name\" content=\"Electrolux Professional \u00d6sterreich\" \/>\n<meta property=\"article:modified_time\" content=\"2026-04-08T11:46:26+00:00\" \/>\n<meta name=\"twitter:card\" content=\"summary_large_image\" \/>\n<meta name=\"twitter:label1\" content=\"Gesch\u00e4tzte Lesezeit\" \/>\n\t<meta name=\"twitter:data1\" content=\"3 Minuten\" \/>\n<script type=\"application\/ld+json\" class=\"yoast-schema-graph\">{\"@context\":\"https:\/\/schema.org\",\"@graph\":[{\"@type\":\"WebPage\",\"@id\":\"https:\/\/www.electroluxprofessional.com\/at\/waeschereitechnik\/mypro-waschmaschinen-trockner-und-mangeln-fuer-kleingewerbe\/mypro-zubehoer-und-verbrauchsmaterialien\/\",\"url\":\"https:\/\/www.electroluxprofessional.com\/at\/waeschereitechnik\/mypro-waschmaschinen-trockner-und-mangeln-fuer-kleingewerbe\/mypro-zubehoer-und-verbrauchsmaterialien\/\",\"name\":\"myPro Zubeh\u00f6r | Electrolux Professional\",\"isPartOf\":{\"@id\":\"https:\/\/www.electroluxprofessional.com\/at\/#website\"},\"datePublished\":\"2021-02-08T09:19:30+00:00\",\"dateModified\":\"2026-04-08T11:46:26+00:00\",\"description\":\"Entdecken Sie myPRO Zubeh\u00f6r und Verbrauchsmaterialien, um die t\u00e4gliche Nutzung Ihrer myPRO Ger\u00e4te zu optimieren.\",\"breadcrumb\":{\"@id\":\"https:\/\/www.electroluxprofessional.com\/at\/waeschereitechnik\/mypro-waschmaschinen-trockner-und-mangeln-fuer-kleingewerbe\/mypro-zubehoer-und-verbrauchsmaterialien\/#breadcrumb\"},\"inLanguage\":\"de-AT\",\"potentialAction\":[{\"@type\":\"ReadAction\",\"target\":[\"https:\/\/www.electroluxprofessional.com\/at\/waeschereitechnik\/mypro-waschmaschinen-trockner-und-mangeln-fuer-kleingewerbe\/mypro-zubehoer-und-verbrauchsmaterialien\/\"]}]},{\"@type\":\"BreadcrumbList\",\"@id\":\"https:\/\/www.electroluxprofessional.com\/at\/waeschereitechnik\/mypro-waschmaschinen-trockner-und-mangeln-fuer-kleingewerbe\/mypro-zubehoer-und-verbrauchsmaterialien\/#breadcrumb\",\"itemListElement\":[{\"@type\":\"ListItem\",\"position\":1,\"name\":\"Startseite\",\"item\":\"https:\/\/www.electroluxprofessional.com\/at\/\"},{\"@type\":\"ListItem\",\"position\":2,\"name\":\"W\u00e4schereitechnik\",\"item\":\"https:\/\/www.electroluxprofessional.com\/at\/waeschereitechnik\/\"},{\"@type\":\"ListItem\",\"position\":3,\"name\":\"myPRO Waschmaschinen, Trockner und Mangeln f\u00fcr kleine Unternehmen\",\"item\":\"https:\/\/www.electroluxprofessional.com\/at\/waeschereitechnik\/mypro-waschmaschinen-trockner-und-mangeln-fuer-kleingewerbe\/\"},{\"@type\":\"ListItem\",\"position\":4,\"name\":\"myPRO Zubeh\u00f6r und Verbrauchsmaterialien\"}]},{\"@type\":\"WebSite\",\"@id\":\"https:\/\/www.electroluxprofessional.com\/at\/#website\",\"url\":\"https:\/\/www.electroluxprofessional.com\/at\/\",\"name\":\"Electrolux Professional \u00d6sterreich\",\"description\":\"\",\"potentialAction\":[{\"@type\":\"SearchAction\",\"target\":{\"@type\":\"EntryPoint\",\"urlTemplate\":\"https:\/\/www.electroluxprofessional.com\/at\/?src={search_term_string}\"},\"query-input\":\"required name=search_term_string\"}],\"inLanguage\":\"de-AT\"}]}<\/script>\n<!-- \/ Yoast SEO plugin. -->","yoast_head_json":{"title":"myPro Zubeh\u00f6r | Electrolux Professional","description":"Entdecken Sie myPRO Zubeh\u00f6r und Verbrauchsmaterialien, um die t\u00e4gliche Nutzung Ihrer myPRO Ger\u00e4te zu optimieren.","robots":{"index":"index","follow":"follow","max-snippet":"max-snippet:-1","max-image-preview":"max-image-preview:large","max-video-preview":"max-video-preview:-1"},"canonical":"https:\/\/www.electroluxprofessional.com\/at\/waeschereitechnik\/mypro-waschmaschinen-trockner-und-mangeln-fuer-kleingewerbe\/mypro-zubehoer-und-verbrauchsmaterialien\/","og_locale":"de_DE","og_type":"article","og_title":"myPro Zubeh\u00f6r | Electrolux Professional","og_description":"Entdecken Sie myPRO Zubeh\u00f6r und Verbrauchsmaterialien, um die t\u00e4gliche Nutzung Ihrer myPRO Ger\u00e4te zu optimieren.","og_url":"https:\/\/www.electroluxprofessional.com\/at\/waeschereitechnik\/mypro-waschmaschinen-trockner-und-mangeln-fuer-kleingewerbe\/mypro-zubehoer-und-verbrauchsmaterialien\/","og_site_name":"Electrolux Professional \u00d6sterreich","article_modified_time":"2026-04-08T11:46:26+00:00","twitter_card":"summary_large_image","twitter_misc":{"Gesch\u00e4tzte Lesezeit":"3 Minuten"},"schema":{"@context":"https:\/\/schema.org","@graph":[{"@type":"WebPage","@id":"https:\/\/www.electroluxprofessional.com\/at\/waeschereitechnik\/mypro-waschmaschinen-trockner-und-mangeln-fuer-kleingewerbe\/mypro-zubehoer-und-verbrauchsmaterialien\/","url":"https:\/\/www.electroluxprofessional.com\/at\/waeschereitechnik\/mypro-waschmaschinen-trockner-und-mangeln-fuer-kleingewerbe\/mypro-zubehoer-und-verbrauchsmaterialien\/","name":"myPro Zubeh\u00f6r | Electrolux Professional","isPartOf":{"@id":"https:\/\/www.electroluxprofessional.com\/at\/#website"},"datePublished":"2021-02-08T09:19:30+00:00","dateModified":"2026-04-08T11:46:26+00:00","description":"Entdecken Sie myPRO Zubeh\u00f6r und Verbrauchsmaterialien, um die t\u00e4gliche Nutzung Ihrer myPRO Ger\u00e4te zu optimieren.","breadcrumb":{"@id":"https:\/\/www.electroluxprofessional.com\/at\/waeschereitechnik\/mypro-waschmaschinen-trockner-und-mangeln-fuer-kleingewerbe\/mypro-zubehoer-und-verbrauchsmaterialien\/#breadcrumb"},"inLanguage":"de-AT","potentialAction":[{"@type":"ReadAction","target":["https:\/\/www.electroluxprofessional.com\/at\/waeschereitechnik\/mypro-waschmaschinen-trockner-und-mangeln-fuer-kleingewerbe\/mypro-zubehoer-und-verbrauchsmaterialien\/"]}]},{"@type":"BreadcrumbList","@id":"https:\/\/www.electroluxprofessional.com\/at\/waeschereitechnik\/mypro-waschmaschinen-trockner-und-mangeln-fuer-kleingewerbe\/mypro-zubehoer-und-verbrauchsmaterialien\/#breadcrumb","itemListElement":[{"@type":"ListItem","position":1,"name":"Startseite","item":"https:\/\/www.electroluxprofessional.com\/at\/"},{"@type":"ListItem","position":2,"name":"W\u00e4schereitechnik","item":"https:\/\/www.electroluxprofessional.com\/at\/waeschereitechnik\/"},{"@type":"ListItem","position":3,"name":"myPRO Waschmaschinen, Trockner und Mangeln f\u00fcr kleine Unternehmen","item":"https:\/\/www.electroluxprofessional.com\/at\/waeschereitechnik\/mypro-waschmaschinen-trockner-und-mangeln-fuer-kleingewerbe\/"},{"@type":"ListItem","position":4,"name":"myPRO Zubeh\u00f6r und Verbrauchsmaterialien"}]},{"@type":"WebSite","@id":"https:\/\/www.electroluxprofessional.com\/at\/#website","url":"https:\/\/www.electroluxprofessional.com\/at\/","name":"Electrolux Professional \u00d6sterreich","description":"","potentialAction":[{"@type":"SearchAction","target":{"@type":"EntryPoint","urlTemplate":"https:\/\/www.electroluxprofessional.com\/at\/?src={search_term_string}"},"query-input":"required name=search_term_string"}],"inLanguage":"de-AT"}]}},"_links":{"self":[{"href":"https:\/\/www.electroluxprofessional.com\/at\/wp-json\/wp\/v2\/pages\/7198"}],"collection":[{"href":"https:\/\/www.electroluxprofessional.com\/at\/wp-json\/wp\/v2\/pages"}],"about":[{"href":"https:\/\/www.electroluxprofessional.com\/at\/wp-json\/wp\/v2\/types\/page"}],"author":[{"embeddable":true,"href":"https:\/\/www.electroluxprofessional.com\/at\/wp-json\/wp\/v2\/users\/207"}],"replies":[{"embeddable":true,"href":"https:\/\/www.electroluxprofessional.com\/at\/wp-json\/wp\/v2\/comments?post=7198"}],"version-history":[{"count":21,"href":"https:\/\/www.electroluxprofessional.com\/at\/wp-json\/wp\/v2\/pages\/7198\/revisions"}],"predecessor-version":[{"id":21871,"href":"https:\/\/www.electroluxprofessional.com\/at\/wp-json\/wp\/v2\/pages\/7198\/revisions\/21871"}],"up":[{"embeddable":true,"href":"https:\/\/www.electroluxprofessional.com\/at\/wp-json\/wp\/v2\/pages\/10552"}],"wp:attachment":[{"href":"https:\/\/www.electroluxprofessional.com\/at\/wp-json\/wp\/v2\/media?parent=7198"}],"curies":[{"name":"wp","href":"https:\/\/api.w.org\/{rel}","templated":true}]}}