{"id":714,"date":"2016-05-31T13:56:37","date_gmt":"2016-05-31T13:56:37","guid":{"rendered":"http:\/\/testepr.jobinformatica.it\/?page_id=1725"},"modified":"2023-12-19T20:06:31","modified_gmt":"2023-12-19T19:06:31","slug":"grosswaescherei","status":"publish","type":"page","link":"https:\/\/www.electroluxprofessional.com\/at\/waeschereitechnik\/grosswaescherei\/","title":{"rendered":"Gro\u00dfw\u00e4schereien"},"content":{"rendered":"<p>[vc_row full_width=&#8221;electroluxpro-full-width-no-padding&#8221; equal_height=&#8221;yes&#8221;][vc_column reveal_effect=&#8221;&#8221; width=&#8221;1\/2&#8243;][elx_citation name=&#8221;Gianni Granzotto, director of International Tourist Village&#8221; company=&#8221;Bibione, Italy&#8221;][elx_heading font_size=&#8221;h2&#8243; text_color=&#8221;inherit&#8221;]Unsere Erfahrung mit Electrolux Professional war von Anfang an sehr positiv. Beginnend bei der Planungs- und Installationsphase bis zu Service und Instandhaltung. Die Ausfallzeiten der Maschinen wurden signifikant reduziert.[\/elx_heading][\/elx_citation][\/vc_column][vc_column reveal_effect=&#8221;&#8221; width=&#8221;1\/2&#8243;][elx_image_block background_image=&#8221;1400&#8243; minimum_height=&#8221;530px&#8221;][\/vc_column][\/vc_row][vc_row css=&#8221;.vc_custom_1464705995694{padding-top: 50px !important;padding-bottom: 50px !important;}&#8221;][vc_column][elx_heading font_container=&#8221;h1&#8243; font_size=&#8221;h2&#8243; text_color=&#8221;inherit&#8221; text_align=&#8221;text-center&#8221;]Gro\u00dfw\u00e4schereien[\/elx_heading][vc_column_text]<\/p>\n<h3 style=\"text-align: center;\">H\u00f6chste Leistung, noch h\u00f6here Produktivit\u00e4t, niedrigere Fixkosten und maximale Transparenz im W\u00e4schereiprozess<\/h3>\n<p>[\/vc_column_text][\/vc_column][\/vc_row][vc_row full_width=&#8221;electroluxpro-full-width-no-padding&#8221;][vc_column width=&#8221;1\/2&#8243;][elx_simple_block background_color=&#8221;inherit&#8221;][elx_heading text_color=&#8221;inherit&#8221;]Unsere L\u00f6sungen verhelfen zu Zeit- und Kosten-einsparungen[\/elx_heading][vc_column_text css_animation=&#8221;left-to-right&#8221;]<\/p>\n<ul>\n<li>Optimierter Wasser-, Energie- und Waschmittelverbrauch dank intelligenter Technologie<\/li>\n<li>Schnellere Zykluszeiten<\/li>\n<li>Schnellere und wirtschaftlichere Trocknungsprozesse durch geringste Wasserspeicherung<\/li>\n<li>Beste Mangeln auf dem Markt<\/li>\n<li>Eine breite Palette an Mangell\u00f6sungen &#8211; bis hin zu kompletten Mangelstra\u00dfen, inklusive Einzug- und Faltvorrichtung<\/li>\n<li>Gr\u00f6\u00dfere Service-Flexibilit\u00e4t &#8211; Experten, Schulungen und das weltweit gr\u00f6\u00dfte Servicenetz<\/li>\n<\/ul>\n<p>[\/vc_column_text][\/elx_simple_block][\/vc_column][vc_column width=&#8221;1\/2&#8243;][elx_image_block background_image=&#8221;709&#8243; minimum_height=&#8221;600px&#8221;][\/vc_column][\/vc_row][vc_row full_width=&#8221;electroluxpro-full-width-no-padding&#8221; equal_height=&#8221;yes&#8221;][vc_column width=&#8221;1\/2&#8243;][elx_image_block background_image=&#8221;710&#8243; minimum_height=&#8221;600px&#8221;][\/vc_column][vc_column width=&#8221;1\/2&#8243;][elx_simple_block background_color=&#8221;inherit&#8221;][elx_heading text_color=&#8221;inherit&#8221;]HIA Gro\u00dfw\u00e4scherei[\/elx_heading][vc_column_text]<\/p>\n<h3><em>&#8220;Electrolux Professional hat uns geholfen, das n\u00e4chste Level zu erreichen.&#8221;<\/em><\/h3>\n<p><strong><br \/>\nEva-Maj Axelsson, W\u00e4schereileiter\u00a0HIA <\/strong><br \/>\n<strong> Eksj\u00f6, Schweden<\/strong>[\/vc_column_text][\/elx_simple_block][\/vc_column][\/vc_row][vc_row][vc_column][vc_empty_space][elx_heading text_color=&#8221;inherit&#8221; text_align=&#8221;text-center&#8221;]Konfiguriert f\u00fcr Ihre Anforderungen.<br \/>\nW\u00e4hlen Sie Ihre L\u00f6sung![\/elx_heading][\/vc_column][\/vc_row][vc_row equal_height=&#8221;yes&#8221;][vc_column width=&#8221;1\/2&#8243;][elx_image_block background_image=&#8221;711&#8243; minimum_height=&#8221;350px&#8221;][\/vc_column][vc_column width=&#8221;1\/2&#8243;][elx_simple_block background_color=&#8221;inherit&#8221;][elx_heading text_color=&#8221;inherit&#8221;]Access solution[\/elx_heading][vc_column_text]<\/p>\n<ul>\n<li>Extrem niedriger Wasser- und Energieverbrauch und bis zu <strong>50% Wassereinsparung<\/strong> bei halber\u00a0Belastung<\/li>\n<li><strong>30% weniger<\/strong> Trockenzeit<\/li>\n<li>Besondere Pflegem\u00f6glichkeit f\u00fcr flache und glatte Bettw\u00e4sche und B\u00fcgelb\u00e4nder f\u00fcr den Einsatz bei hohen Temperaturen<\/li>\n<\/ul>\n<p>[\/vc_column_text][vc_column_text]2 x Waschmaschinen\u00a0(33 kg)<br \/>\n1 x Trockner (30,5 kg)<br \/>\n1 x Zylindermangel\u00a0(2065 mm)[\/vc_column_text][\/elx_simple_block][\/vc_column][\/vc_row][vc_row equal_height=&#8221;yes&#8221; css=&#8221;.vc_custom_1465207502266{padding-top: 30px !important;}&#8221;][vc_column width=&#8221;1\/2&#8243;][elx_image_block background_image=&#8221;1401&#8243; minimum_height=&#8221;350px&#8221;][\/vc_column][vc_column width=&#8221;1\/2&#8243;][elx_simple_block background_color=&#8221;inherit&#8221;][elx_heading text_color=&#8221;inherit&#8221;]Advanced solution[\/elx_heading][vc_column_text]<\/p>\n<ul>\n<li><strong>Exzellentes Waschen, <\/strong>exzellente Pflege dank des Integrated Saving\u00a0System f\u00fcr die\u00a0<strong>optimale Beladung der Maschine<\/strong><\/li>\n<li>Bis zu <strong>10% schnellerer<\/strong> Trocknungsprozess und <strong>15% h\u00f6here Energieeffizienz<\/strong><\/li>\n<li>Direct Ironer Advanced \u00a0Moisture Management System<\/li>\n<\/ul>\n<p>[\/vc_column_text][vc_column_text]3 x Waschmaschine\u00a0(45 kg)<br \/>\n1 x Trockner\u00a0(45 kg)<br \/>\n1 x Zylindermangel mit Einzug-, Falt- und Stepelvorrichtung\u00a0(3170 mm)[\/vc_column_text][\/elx_simple_block][\/vc_column][\/vc_row][vc_row equal_height=&#8221;yes&#8221; css=&#8221;.vc_custom_1465208851809{padding-top: 30px !important;}&#8221;][vc_column width=&#8221;1\/2&#8243;][elx_image_block background_image=&#8221;713&#8243; minimum_height=&#8221;350px&#8221;][\/vc_column][vc_column width=&#8221;1\/2&#8243;][elx_simple_block background_color=&#8221;inherit&#8221;][elx_heading text_color=&#8221;inherit&#8221;]Superior solution[\/elx_heading][vc_column_text]<\/p>\n<ul>\n<li><strong>Exzellentes Waschen <\/strong>dank des Integrated Saving System f\u00fcr die\u00a0<strong>optimale Beladung der Maschine<\/strong>\u00a0sowie effiziente Wasser- und <strong>Waschmitteldosierung<\/strong><\/li>\n<li>Beste Leistung und hohe Produktivit\u00e4t: bis zu\u00a0<strong>10% schneller<\/strong>\u00a0und <strong>15%\u00a0effizienter<\/strong><\/li>\n<li><strong>Mehrwalzenmangel\u00a0<\/strong>f\u00fcr<strong>\u00a0konstanten Druck und maximale Mangelleistung<\/strong>\u00a0und bester Qualit\u00e4t<\/li>\n<\/ul>\n<p>[\/vc_column_text][vc_column_text]3 x Waschmaschine\u00a0(120 kg)<br \/>\n2\u00a0x Waschmaschine\u00a0(65 kg)<br \/>\n1\u00a0x Waschmaschine\u00a0(20 kg)<br \/>\n4 x Trockner\u00a0(60 kg)<br \/>\n1\u00a0x Trockner\u00a0(20 kg)<br \/>\n1 x C-Flex\u00a0Mangel[\/vc_column_text][\/elx_simple_block][\/vc_column][\/vc_row][vc_row][vc_column][vc_empty_space][\/vc_column][\/vc_row][vc_row][vc_column][elx_heading text_color=&#8221;inherit&#8221;]Treten Sie mit unseren Experten in Kontakt und finden Sie heraus, wie wir Sie unterst\u00fctzen k\u00f6nnen.[\/elx_heading][elx_o2000_contact_us s=&#8221;Anfrage: Gro\u00dfw\u00e4scherei&#8221; country=&#8221;Germany&#8221; b=&#8221;laundry&#8221; r=&#8221;Ich w\u00fcrde gerne mehr \u00fcber Gro\u00dfw\u00e4schereien erfahren. Bitte kontaktieren Sie mich.&#8221; l=&#8221;de&#8221;][\/vc_column][\/vc_row][vc_row disable_element=&#8221;yes&#8221;][vc_column][elx_heading font_container=&#8221;h3&#8243; text_color=&#8221;inherit&#8221;]<\/p>\n<h3 style=\"text-align: center;\">If you want to know our solutions for Heavy Duty Laundries even more, click on the buttons here below<\/h3>\n<p>[\/elx_heading][\/vc_column][\/vc_row][vc_row disable_element=&#8221;yes&#8221;][vc_column width=&#8221;1\/4&#8243;][elx_download_block text=&#8221;Commercial Laundries brochure&#8221; link=&#8221;files.professional.electrolux.com\/docs\/?n=A0002&amp;t=BR&amp;l=1&#8243; background_color=&#8221;orange&#8221; reveal_effect=&#8221;&#8221; reveal_duration=&#8221;&#8221; reveal_delay=&#8221;&#8221;][\/vc_column][vc_column width=&#8221;1\/4&#8243;][elx_download_block text=&#8221;Commercial Laundries Range Overview&#8221; link=&#8221;http:\/\/files.professional.electrolux.com\/docs\/?n=Commercial%20Laundry&amp;t=CLF&amp;l=1&#8243; background_color=&#8221;orange&#8221; reveal_effect=&#8221;&#8221; reveal_duration=&#8221;&#8221; reveal_delay=&#8221;&#8221;][\/vc_column][vc_column width=&#8221;1\/4&#8243;][elx_download_block text=&#8221;Hyvolution Barrier Washer brochure&#8221; link=&#8221;files.professional.electrolux.com\/docs\/?n=A0016&amp;t=BR&amp;l=1&#8243; background_color=&#8221;orange&#8221; reveal_effect=&#8221;&#8221; reveal_duration=&#8221;&#8221; reveal_delay=&#8221;&#8221;][\/vc_column][vc_column width=&#8221;1\/4&#8243;][elx_video_block background_image=&#8221;887&#8243; video_link=&#8221;https:\/\/www.youtube.com\/watch?v=Mr_9WkGxes4&#8243; minimum_height=&#8221;260px&#8221;][vc_column_text]<\/p>\n<div id=\"watch7-headline\" class=\"clearfix\">\n<div id=\"watch-headline-title\">\n<p class=\"watch-title-container\"><span id=\"eow-title\" class=\"watch-title\" dir=\"ltr\" title=\"Electrolux C-Flex Ironing Lane\">C-Flex Ironing Lane<\/span><\/p>\n<\/div>\n<\/div>\n<p>[\/vc_column_text][\/vc_column][\/vc_row][vc_row][vc_column][vc_empty_space][\/vc_column][\/vc_row]<\/p>\n","protected":false},"excerpt":{"rendered":"<p>[vc_row full_width=&#8221;electroluxpro-full-width-no-padding&#8221; equal_height=&#8221;yes&#8221;][vc_column reveal_effect=&#8221;&#8221; width=&#8221;1\/2&#8243;][elx_citation name=&#8221;Gianni Granzotto, director of International Tourist Village&#8221; company=&#8221;Bibione, Italy&#8221;][elx_heading font_size=&#8221;h2&#8243; text_color=&#8221;inherit&#8221;]Unsere Erfahrung mit Electrolux Professional war von Anfang an sehr positiv. Beginnend bei der Planungs- und Installationsphase bis zu Service und Instandhaltung. Die Ausfallzeiten der Maschinen wurden signifikant reduziert.[\/elx_heading][\/elx_citation][\/vc_column][vc_column reveal_effect=&#8221;&#8221; width=&#8221;1\/2&#8243;][elx_image_block background_image=&#8221;1400&#8243; minimum_height=&#8221;530px&#8221;][\/vc_column][\/vc_row][vc_row css=&#8221;.vc_custom_1464705995694{padding-top: 50px !important;padding-bottom: 50px !important;}&#8221;][vc_column][elx_heading font_container=&#8221;h1&#8243; font_size=&#8221;h2&#8243; [&hellip;]<\/p>\n","protected":false},"author":1,"featured_media":0,"parent":745,"menu_order":0,"comment_status":"closed","ping_status":"closed","template":"","meta":{"footnotes":""},"class_list":["post-714","page","type-page","status-publish","hentry"],"acf":[],"yoast_head":"<!-- This site is optimized with the Yoast SEO plugin v23.3 - https:\/\/yoast.com\/wordpress\/plugins\/seo\/ -->\n<title>Gro\u00dfw\u00e4schereien | Electrolux Professional<\/title>\n<meta name=\"description\" content=\"Unsere L\u00f6sungen bieten h\u00f6chste Leistung, noch h\u00f6here Produktivit\u00e4t, niedrigere Fixkosten und maximale Transparenz im W\u00e4schereiprozess.\" \/>\n<meta name=\"robots\" content=\"index, follow, max-snippet:-1, max-image-preview:large, max-video-preview:-1\" \/>\n<link rel=\"canonical\" href=\"https:\/\/www.electroluxprofessional.com\/at\/waeschereitechnik\/grosswaescherei\/\" \/>\n<meta property=\"og:locale\" content=\"de_DE\" \/>\n<meta property=\"og:type\" content=\"article\" \/>\n<meta property=\"og:title\" content=\"Gro\u00dfw\u00e4schereien | Electrolux Professional\" \/>\n<meta property=\"og:description\" content=\"Unsere L\u00f6sungen bieten h\u00f6chste Leistung, noch h\u00f6here Produktivit\u00e4t, niedrigere Fixkosten und maximale Transparenz im W\u00e4schereiprozess.\" \/>\n<meta property=\"og:url\" content=\"https:\/\/www.electroluxprofessional.com\/at\/waeschereitechnik\/grosswaescherei\/\" \/>\n<meta property=\"og:site_name\" content=\"Electrolux Professional \u00d6sterreich\" \/>\n<meta property=\"article:modified_time\" content=\"2023-12-19T19:06:31+00:00\" \/>\n<meta name=\"twitter:card\" content=\"summary_large_image\" \/>\n<meta name=\"twitter:label1\" content=\"Gesch\u00e4tzte Lesezeit\" \/>\n\t<meta name=\"twitter:data1\" content=\"5 Minuten\" \/>\n<script type=\"application\/ld+json\" class=\"yoast-schema-graph\">{\"@context\":\"https:\/\/schema.org\",\"@graph\":[{\"@type\":\"WebPage\",\"@id\":\"https:\/\/www.electroluxprofessional.com\/at\/waeschereitechnik\/grosswaescherei\/\",\"url\":\"https:\/\/www.electroluxprofessional.com\/at\/waeschereitechnik\/grosswaescherei\/\",\"name\":\"Gro\u00dfw\u00e4schereien | Electrolux Professional\",\"isPartOf\":{\"@id\":\"https:\/\/www.electroluxprofessional.com\/at\/#website\"},\"datePublished\":\"2016-05-31T13:56:37+00:00\",\"dateModified\":\"2023-12-19T19:06:31+00:00\",\"description\":\"Unsere L\u00f6sungen bieten h\u00f6chste Leistung, noch h\u00f6here Produktivit\u00e4t, niedrigere Fixkosten und maximale Transparenz im W\u00e4schereiprozess.\",\"breadcrumb\":{\"@id\":\"https:\/\/www.electroluxprofessional.com\/at\/waeschereitechnik\/grosswaescherei\/#breadcrumb\"},\"inLanguage\":\"de-AT\",\"potentialAction\":[{\"@type\":\"ReadAction\",\"target\":[\"https:\/\/www.electroluxprofessional.com\/at\/waeschereitechnik\/grosswaescherei\/\"]}]},{\"@type\":\"BreadcrumbList\",\"@id\":\"https:\/\/www.electroluxprofessional.com\/at\/waeschereitechnik\/grosswaescherei\/#breadcrumb\",\"itemListElement\":[{\"@type\":\"ListItem\",\"position\":1,\"name\":\"Startseite\",\"item\":\"https:\/\/www.electroluxprofessional.com\/at\/\"},{\"@type\":\"ListItem\",\"position\":2,\"name\":\"W\u00e4schereitechnik\",\"item\":\"https:\/\/www.electroluxprofessional.com\/at\/waeschereitechnik\/\"},{\"@type\":\"ListItem\",\"position\":3,\"name\":\"Gro\u00dfw\u00e4schereien\"}]},{\"@type\":\"WebSite\",\"@id\":\"https:\/\/www.electroluxprofessional.com\/at\/#website\",\"url\":\"https:\/\/www.electroluxprofessional.com\/at\/\",\"name\":\"Electrolux Professional \u00d6sterreich\",\"description\":\"\",\"potentialAction\":[{\"@type\":\"SearchAction\",\"target\":{\"@type\":\"EntryPoint\",\"urlTemplate\":\"https:\/\/www.electroluxprofessional.com\/at\/?src={search_term_string}\"},\"query-input\":\"required name=search_term_string\"}],\"inLanguage\":\"de-AT\"}]}<\/script>\n<!-- \/ Yoast SEO plugin. -->","yoast_head_json":{"title":"Gro\u00dfw\u00e4schereien | Electrolux Professional","description":"Unsere L\u00f6sungen bieten h\u00f6chste Leistung, noch h\u00f6here Produktivit\u00e4t, niedrigere Fixkosten und maximale Transparenz im W\u00e4schereiprozess.","robots":{"index":"index","follow":"follow","max-snippet":"max-snippet:-1","max-image-preview":"max-image-preview:large","max-video-preview":"max-video-preview:-1"},"canonical":"https:\/\/www.electroluxprofessional.com\/at\/waeschereitechnik\/grosswaescherei\/","og_locale":"de_DE","og_type":"article","og_title":"Gro\u00dfw\u00e4schereien | Electrolux Professional","og_description":"Unsere L\u00f6sungen bieten h\u00f6chste Leistung, noch h\u00f6here Produktivit\u00e4t, niedrigere Fixkosten und maximale Transparenz im W\u00e4schereiprozess.","og_url":"https:\/\/www.electroluxprofessional.com\/at\/waeschereitechnik\/grosswaescherei\/","og_site_name":"Electrolux Professional \u00d6sterreich","article_modified_time":"2023-12-19T19:06:31+00:00","twitter_card":"summary_large_image","twitter_misc":{"Gesch\u00e4tzte Lesezeit":"5 Minuten"},"schema":{"@context":"https:\/\/schema.org","@graph":[{"@type":"WebPage","@id":"https:\/\/www.electroluxprofessional.com\/at\/waeschereitechnik\/grosswaescherei\/","url":"https:\/\/www.electroluxprofessional.com\/at\/waeschereitechnik\/grosswaescherei\/","name":"Gro\u00dfw\u00e4schereien | Electrolux Professional","isPartOf":{"@id":"https:\/\/www.electroluxprofessional.com\/at\/#website"},"datePublished":"2016-05-31T13:56:37+00:00","dateModified":"2023-12-19T19:06:31+00:00","description":"Unsere L\u00f6sungen bieten h\u00f6chste Leistung, noch h\u00f6here Produktivit\u00e4t, niedrigere Fixkosten und maximale Transparenz im W\u00e4schereiprozess.","breadcrumb":{"@id":"https:\/\/www.electroluxprofessional.com\/at\/waeschereitechnik\/grosswaescherei\/#breadcrumb"},"inLanguage":"de-AT","potentialAction":[{"@type":"ReadAction","target":["https:\/\/www.electroluxprofessional.com\/at\/waeschereitechnik\/grosswaescherei\/"]}]},{"@type":"BreadcrumbList","@id":"https:\/\/www.electroluxprofessional.com\/at\/waeschereitechnik\/grosswaescherei\/#breadcrumb","itemListElement":[{"@type":"ListItem","position":1,"name":"Startseite","item":"https:\/\/www.electroluxprofessional.com\/at\/"},{"@type":"ListItem","position":2,"name":"W\u00e4schereitechnik","item":"https:\/\/www.electroluxprofessional.com\/at\/waeschereitechnik\/"},{"@type":"ListItem","position":3,"name":"Gro\u00dfw\u00e4schereien"}]},{"@type":"WebSite","@id":"https:\/\/www.electroluxprofessional.com\/at\/#website","url":"https:\/\/www.electroluxprofessional.com\/at\/","name":"Electrolux Professional \u00d6sterreich","description":"","potentialAction":[{"@type":"SearchAction","target":{"@type":"EntryPoint","urlTemplate":"https:\/\/www.electroluxprofessional.com\/at\/?src={search_term_string}"},"query-input":"required name=search_term_string"}],"inLanguage":"de-AT"}]}},"_links":{"self":[{"href":"https:\/\/www.electroluxprofessional.com\/at\/wp-json\/wp\/v2\/pages\/714"}],"collection":[{"href":"https:\/\/www.electroluxprofessional.com\/at\/wp-json\/wp\/v2\/pages"}],"about":[{"href":"https:\/\/www.electroluxprofessional.com\/at\/wp-json\/wp\/v2\/types\/page"}],"author":[{"embeddable":true,"href":"https:\/\/www.electroluxprofessional.com\/at\/wp-json\/wp\/v2\/users\/1"}],"replies":[{"embeddable":true,"href":"https:\/\/www.electroluxprofessional.com\/at\/wp-json\/wp\/v2\/comments?post=714"}],"version-history":[{"count":3,"href":"https:\/\/www.electroluxprofessional.com\/at\/wp-json\/wp\/v2\/pages\/714\/revisions"}],"predecessor-version":[{"id":16914,"href":"https:\/\/www.electroluxprofessional.com\/at\/wp-json\/wp\/v2\/pages\/714\/revisions\/16914"}],"up":[{"embeddable":true,"href":"https:\/\/www.electroluxprofessional.com\/at\/wp-json\/wp\/v2\/pages\/745"}],"wp:attachment":[{"href":"https:\/\/www.electroluxprofessional.com\/at\/wp-json\/wp\/v2\/media?parent=714"}],"curies":[{"name":"wp","href":"https:\/\/api.w.org\/{rel}","templated":true}]}}