{"id":6817,"date":"2019-03-28T17:13:44","date_gmt":"2019-03-28T16:13:44","guid":{"rendered":"https:\/\/www.electroluxprofessional.com\/?page_id=22205"},"modified":"2025-10-16T11:29:46","modified_gmt":"2025-10-16T10:29:46","slug":"slush-eis-milchshake-und-softeis-maschinen","status":"publish","type":"page","link":"https:\/\/www.electroluxprofessional.com\/at\/getraenkeloesungen\/slush-eis-milchshake-und-softeis-maschinen\/","title":{"rendered":"Slush-Eis-, Milchshake- und Softeis-Maschinen"},"content":{"rendered":"<p>[vc_row full_width=&#8221;electroluxpro-full-width-no-padding&#8221;][vc_column][elx_image_block background_image=&#8221;6808&#8243; minimum_height=&#8221;350px&#8221;][vc_empty_space][\/vc_column][\/vc_row][vc_row][vc_column][elx_heading font_container=&#8221;h1&#8243; font_size=&#8221;h3&#8243; text_color=&#8221;electrolux-blue&#8221; text_align=&#8221;text-left&#8221;]Slush-Eis-, Milchshake- und Softeis-Maschinen[\/elx_heading][vc_column_text]Flexibilit\u00e4t und Innovation: Slush-Eis, Milchshakes und Softeis in grenzenloser Vielfalt f\u00fcr jeden Geschmack und zu jeder Jahreszeit![\/vc_column_text][\/vc_column][\/vc_row][vc_row][vc_column width=&#8221;1\/3&#8243;][vc_row_inner][vc_column_inner width=&#8221;1\/4&#8243;][vc_single_image image=&#8221;6810&#8243; img_size=&#8221;68&#215;68&#8243;][\/vc_column_inner][vc_column_inner width=&#8221;3\/4&#8243;][elx_heading font_container=&#8221;h3&#8243; font_size=&#8221;h3&#8243; text_color=&#8221;inherit&#8221; text_align=&#8221;text-left&#8221;]Design und Technologie[\/elx_heading][vc_column_text]<\/p>\n<p style=\"margin: 0cm; margin-bottom: .0001pt;\">Benutzerfreundliches und wartungsarmes K\u00fchlsystem<\/p>\n<p>[\/vc_column_text][\/vc_column_inner][\/vc_row_inner][\/vc_column][vc_column width=&#8221;1\/3&#8243;][vc_row_inner][vc_column_inner width=&#8221;1\/4&#8243;][vc_single_image image=&#8221;6811&#8243; img_size=&#8221;68&#215;68&#8243;][\/vc_column_inner][vc_column_inner width=&#8221;3\/4&#8243;][elx_heading font_container=&#8221;h3&#8243; font_size=&#8221;h3&#8243; text_color=&#8221;inherit&#8221; text_align=&#8221;text-left&#8221;]Flexibler Einsatz[\/elx_heading][vc_column_text]<\/p>\n<p style=\"margin: 0cm; margin-bottom: .0001pt;\">Immer die richtige Erfrischung f\u00fcr jeden Geschmack<\/p>\n<p>[\/vc_column_text][\/vc_column_inner][\/vc_row_inner][\/vc_column][vc_column width=&#8221;1\/3&#8243;][elx_download_block text=&#8221;Produktkatalog f\u00fcr Hei\u00df- und Kaltgetr\u00e4nke<br \/>\nherunterladen (englisch)&#8221; text_color=&#8221;electrolux-blue&#8221; document_type=&#8221;brochures&#8221; link=&#8221;https:\/\/tools.professional.electrolux.com\/Mirror\/Doc\/BR\/BR_BR-9JE00131_1_5_1_3_brochure-beverage-LOW-RES.pdf&#8221; background_color=&#8221;orange&#8221; background_image=&#8221;6809&#8243;][\/vc_column][\/vc_row][vc_row][vc_column width=&#8221;1\/2&#8243;][elx_heading font_size=&#8221;h3&#8243; text_color=&#8221;electrolux-blue&#8221; text_align=&#8221;text-left&#8221;]Slush-Eis-Maschinen[\/elx_heading][elx_heading font_container=&#8221;h3&#8243; font_size=&#8221;h5&#8243; text_color=&#8221;electrolux-blue&#8221; text_align=&#8221;text-left&#8221;]Innovation, Leistung und Design[\/elx_heading][vc_column_text]<\/p>\n<p style=\"margin: 0cm; margin-bottom: .0001pt;\">F\u00fcr kleine und gro\u00dfe Mengen.<br \/>\nUnser <strong>I-TANK-Beh\u00e4lter<\/strong>\u00a0sorgt f\u00fcr eine perfekte Slush-Eis-Konsistenz. Er steuert die Temperatur und sch\u00fctzt das Produkt vor Hitze.<br \/>\nDas schlanke, farbenfrohe Design regt Ihre Kunden zu einer erfrischenden Pause an.[\/vc_column_text][vc_empty_space height=&#8221;50px&#8221;][\/vc_column][vc_column width=&#8221;1\/2&#8243;][vc_empty_space][vc_single_image image=&#8221;7955&#8243; img_size=&#8221;medium&#8221; alignment=&#8221;center&#8221;][\/vc_column][\/vc_row][vc_row][vc_column width=&#8221;1\/2&#8243;][elx_heading font_size=&#8221;h3&#8243; text_color=&#8221;electrolux-blue&#8221; text_align=&#8221;text-left&#8221;]Milchshake-Maschinen[\/elx_heading][elx_heading font_container=&#8221;h3&#8243; font_size=&#8221;h5&#8243; text_color=&#8221;electrolux-blue&#8221; text_align=&#8221;text-left&#8221;]Die einfache L\u00f6sung zur k\u00f6stlichen Erweiterung Ihres Angebots[\/elx_heading][vc_column_text]Unsere Milchshake-Maschine ist eine der <strong>kleinsten Maschinen<\/strong>\u00a0<strong>ihrer Art<\/strong>. Erweitern Sie Ihr Angebot, steigern Sie Ihren Gewinn und sichern Sie sich neue Kunden mit den neuesten Milchshake-Maschinen von Electrolux Professional in kompakter Ausf\u00fchrung.[\/vc_column_text][\/vc_column][vc_column width=&#8221;1\/2&#8243;][vc_empty_space][vc_single_image image=&#8221;7954&#8243; img_size=&#8221;medium&#8221; alignment=&#8221;center&#8221;][\/vc_column][\/vc_row][vc_row][vc_column][vc_empty_space height=&#8221;15px&#8221;][\/vc_column][\/vc_row][vc_row full_width=&#8221;electroluxpro-full-width-no-padding&#8221; css=&#8221;.vc_custom_1553177121446{background-image: url(https:\/\/www.electroluxprofessional.com\/wp-content\/uploads\/2019\/03\/frozen-granita-watermelon-flavor-2000&#215;3000.jpg?id=22219) !important;background-position: center !important;background-repeat: no-repeat !important;background-size: cover !important;}&#8221;][vc_column width=&#8221;1\/2&#8243;][vc_empty_space height=&#8221;300px&#8221;][\/vc_column][vc_column width=&#8221;1\/2&#8243;][vc_single_image image=&#8221;6814&#8243; img_size=&#8221;medium&#8221; alignment=&#8221;center&#8221; css=&#8221;.vc_custom_1553177159219{border-top-width: -90px !important;}&#8221;][\/vc_column][\/vc_row][vc_row][vc_column][vc_empty_space height=&#8221;15px&#8221;][\/vc_column][\/vc_row][vc_row][vc_column width=&#8221;1\/2&#8243;][elx_heading font_size=&#8221;h3&#8243; text_color=&#8221;electrolux-blue&#8221; text_align=&#8221;text-left&#8221;]Slush-Eis- und Milchshake-Maschinen[\/elx_heading][elx_heading font_container=&#8221;h3&#8243; font_size=&#8221;h5&#8243; text_color=&#8221;electrolux-blue&#8221; text_align=&#8221;text-left&#8221;]Einfach \u2013 zuverl\u00e4ssig \u2013 langlebig[\/elx_heading][vc_column_text]<\/p>\n<p style=\"margin: 0cm; margin-bottom: .0001pt;\">Die neuen Slush-Eis- und Milchshake-Maschinen von Electrolux Professional mit ihrem einzigartigen Design und ihrer innovativen Technologie sparen Zeit, verbessern Ihre Arbeitsabl\u00e4ufe und steigern so Ihren Gewinn und die Zufriedenheit Ihrer Kunden.<br \/>\nDie <strong>transparenten Beh\u00e4lter in unterschiedlichen Ausf\u00fchrungen<\/strong>\u00a0eignen sich zur Herstellung von eisgek\u00fchlten Kreationen wie Sorbets mit perfektem Geschmack und perfekter Konsistenz.<br \/>\nDie innovative <strong>I-TANK<\/strong>-Technologie verhindert die Ansammlung von Eiskristallen sowie die Kondensatbildung auf der Au\u00dfenseite der Beh\u00e4lter.[\/vc_column_text][vc_empty_space height=&#8221;50px&#8221;][\/vc_column][vc_column width=&#8221;1\/2&#8243;][vc_empty_space][vc_single_image image=&#8221;7956&#8243; img_size=&#8221;medium&#8221; alignment=&#8221;center&#8221;][\/vc_column][\/vc_row][vc_row][vc_column width=&#8221;1\/2&#8243;][elx_heading font_size=&#8221;h3&#8243; text_color=&#8221;electrolux-blue&#8221; text_align=&#8221;text-left&#8221;]Slush-Eis-, Milchshake- und Softeis-Maschinen[\/elx_heading][elx_heading font_container=&#8221;h3&#8243; font_size=&#8221;h5&#8243; text_color=&#8221;electrolux-blue&#8221; text_align=&#8221;text-left&#8221;]Eine L\u00f6sung \u2013 f\u00fcnf M\u00f6glichkeiten[\/elx_heading][vc_column_text]<\/p>\n<p style=\"margin: 0cm; margin-bottom: .0001pt;\">Kreieren Sie zum Nachtisch je nach individuellem Bedarf <strong>5<\/strong>\u00a0verschiedene <strong>eisgek\u00fchlte K\u00f6stlichkeiten mit nur einer Ger\u00e4tel\u00f6sung<\/strong>: Softeis, Frozen Yogurt, halbgefrorene Kaffeecreme, Sorbet und Slush-Eis.<br \/>\nDie <strong>I-TANK<\/strong>-Technologie verhindert die Ansammlung von Eiskristallen sowie die Kondensatbildung auf der Au\u00dfenseite der Beh\u00e4lter.<br \/>\nBenutzerfreundlicher <strong>Touchscreen<\/strong>, schlankes und simples Design.[\/vc_column_text][vc_empty_space height=&#8221;50px&#8221;][\/vc_column][vc_column width=&#8221;1\/2&#8243;][vc_empty_space][vc_single_image image=&#8221;7960&#8243; img_size=&#8221;medium&#8221; alignment=&#8221;center&#8221;][\/vc_column][\/vc_row][vc_row][vc_column][vc_empty_space height=&#8221;42px&#8221;][\/vc_column][\/vc_row][vc_row disable_element=&#8221;yes&#8221; css=&#8221;.vc_custom_1574070604820{border-top-width: 1px !important;background-color: #ffffff !important;border-top-color: #eeeeee !important;border-top-style: solid !important;}&#8221;][vc_column reveal_effect=&#8221;&#8221;][vc_empty_space height=&#8221;80px&#8221;][elx_heading font_size=&#8221;h3&#8243; text_color=&#8221;inherit&#8221; text_align=&#8221;text-left&#8221;]Discover more about our frozen drinks and creams dispensers[\/elx_heading][elx_o2000_contact_us s=&#8221;Request of information about frozen beverage dispensers.&#8221; r=&#8221;I&#8217;d like to find out more about your frozen beverage dispensers. Please get in touch with me. Thanks.&#8221; l=&#8221;en&#8221;][\/vc_column][\/vc_row][vc_row css=&#8221;.vc_custom_1516904946877{border-top-width: 1px !important;background-color: #ffffff !important;border-top-color: #eeeeee !important;border-top-style: solid !important;}&#8221;][vc_column reveal_effect=&#8221;&#8221;][vc_empty_space height=&#8221;80px&#8221;][elx_heading font_size=&#8221;h3&#8243; text_color=&#8221;inherit&#8221; text_align=&#8221;text-left&#8221;]Erfahren Sie mehr \u00fcber unsere Slush-Eis-, Milchshake- und Softeis-Maschinen[\/elx_heading][elx_button button_text=&#8221;Zu den Produkten (englische Webseite)&#8221; button_link=&#8221;url:https%3A%2F%2Fwww.electroluxprofessional.com%2Fbeverage-solutions%2Ffrozen-beverage-dispensers%2F|title:Slush-Eis-%2C%20Milchshake-%20und%20Softeis-Maschinen||&#8221;][\/vc_column][\/vc_row][vc_row][vc_column][vc_empty_space height=&#8221;100px&#8221;][elx_heading font_size=&#8221;h3&#8243; text_color=&#8221;inherit&#8221; text_align=&#8221;text-left&#8221;]Finden Sie Ihre Komplett-L\u00f6sung[\/elx_heading][\/vc_column][\/vc_row][vc_row][vc_column width=&#8221;1\/3&#8243;][elx_maylike_box id_box=&#8221;337&#8243;][\/vc_column][vc_column width=&#8221;1\/3&#8243;][elx_maylike_box id_box=&#8221;374&#8243;][\/vc_column][vc_column width=&#8221;1\/3&#8243;][elx_maylike_box id_box=&#8221;1398&#8243;][\/vc_column][\/vc_row]<\/p>\n","protected":false},"excerpt":{"rendered":"<p>[vc_row full_width=&#8221;electroluxpro-full-width-no-padding&#8221;][vc_column][elx_image_block background_image=&#8221;6808&#8243; minimum_height=&#8221;350px&#8221;][vc_empty_space][\/vc_column][\/vc_row][vc_row][vc_column][elx_heading font_container=&#8221;h1&#8243; font_size=&#8221;h3&#8243; text_color=&#8221;electrolux-blue&#8221; text_align=&#8221;text-left&#8221;]Slush-Eis-, Milchshake- und Softeis-Maschinen[\/elx_heading][vc_column_text]Flexibilit\u00e4t und Innovation: Slush-Eis, Milchshakes und Softeis in grenzenloser Vielfalt f\u00fcr jeden Geschmack und zu jeder Jahreszeit![\/vc_column_text][\/vc_column][\/vc_row][vc_row][vc_column width=&#8221;1\/3&#8243;][vc_row_inner][vc_column_inner width=&#8221;1\/4&#8243;][vc_single_image image=&#8221;6810&#8243; img_size=&#8221;68&#215;68&#8243;][\/vc_column_inner][vc_column_inner width=&#8221;3\/4&#8243;][elx_heading font_container=&#8221;h3&#8243; font_size=&#8221;h3&#8243; text_color=&#8221;inherit&#8221; text_align=&#8221;text-left&#8221;]Design und Technologie[\/elx_heading][vc_column_text] Benutzerfreundliches und wartungsarmes K\u00fchlsystem [\/vc_column_text][\/vc_column_inner][\/vc_row_inner][\/vc_column][vc_column width=&#8221;1\/3&#8243;][vc_row_inner][vc_column_inner width=&#8221;1\/4&#8243;][vc_single_image image=&#8221;6811&#8243; img_size=&#8221;68&#215;68&#8243;][\/vc_column_inner][vc_column_inner width=&#8221;3\/4&#8243;][elx_heading font_container=&#8221;h3&#8243; font_size=&#8221;h3&#8243; text_color=&#8221;inherit&#8221; text_align=&#8221;text-left&#8221;]Flexibler Einsatz[\/elx_heading][vc_column_text] Immer die [&hellip;]<\/p>\n","protected":false},"author":1,"featured_media":0,"parent":6751,"menu_order":0,"comment_status":"closed","ping_status":"closed","template":"","meta":{"footnotes":""},"class_list":["post-6817","page","type-page","status-publish","hentry"],"acf":[],"yoast_head":"<!-- This site is optimized with the Yoast SEO plugin v23.3 - https:\/\/yoast.com\/wordpress\/plugins\/seo\/ -->\n<title>Shake- und Eis-Maschinen | Electrolux Professional<\/title>\n<meta name=\"description\" content=\"Flexibilit\u00e4t und Innovation: Slush-Eis, Milchshakes und Softeis in grenzenloser Vielfalt f\u00fcr jeden Geschmack und zu jeder Jahreszeit!\" \/>\n<meta name=\"robots\" content=\"index, follow, max-snippet:-1, max-image-preview:large, max-video-preview:-1\" \/>\n<link rel=\"canonical\" href=\"https:\/\/www.electroluxprofessional.com\/at\/getraenkeloesungen\/slush-eis-milchshake-und-softeis-maschinen\/\" \/>\n<meta property=\"og:locale\" content=\"de_DE\" \/>\n<meta property=\"og:type\" content=\"article\" \/>\n<meta property=\"og:title\" content=\"Shake- und Eis-Maschinen | Electrolux Professional\" \/>\n<meta property=\"og:description\" content=\"Flexibilit\u00e4t und Innovation: Slush-Eis, Milchshakes und Softeis in grenzenloser Vielfalt f\u00fcr jeden Geschmack und zu jeder Jahreszeit!\" \/>\n<meta property=\"og:url\" content=\"https:\/\/www.electroluxprofessional.com\/at\/getraenkeloesungen\/slush-eis-milchshake-und-softeis-maschinen\/\" \/>\n<meta property=\"og:site_name\" content=\"Electrolux Professional \u00d6sterreich\" \/>\n<meta property=\"article:modified_time\" content=\"2025-10-16T10:29:46+00:00\" \/>\n<meta name=\"twitter:card\" content=\"summary_large_image\" \/>\n<meta name=\"twitter:label1\" content=\"Gesch\u00e4tzte Lesezeit\" \/>\n\t<meta name=\"twitter:data1\" content=\"3 Minuten\" \/>\n<script type=\"application\/ld+json\" class=\"yoast-schema-graph\">{\"@context\":\"https:\/\/schema.org\",\"@graph\":[{\"@type\":\"WebPage\",\"@id\":\"https:\/\/www.electroluxprofessional.com\/at\/getraenkeloesungen\/slush-eis-milchshake-und-softeis-maschinen\/\",\"url\":\"https:\/\/www.electroluxprofessional.com\/at\/getraenkeloesungen\/slush-eis-milchshake-und-softeis-maschinen\/\",\"name\":\"Shake- und Eis-Maschinen | Electrolux Professional\",\"isPartOf\":{\"@id\":\"https:\/\/www.electroluxprofessional.com\/at\/#website\"},\"datePublished\":\"2019-03-28T16:13:44+00:00\",\"dateModified\":\"2025-10-16T10:29:46+00:00\",\"description\":\"Flexibilit\u00e4t und Innovation: Slush-Eis, Milchshakes und Softeis in grenzenloser Vielfalt f\u00fcr jeden Geschmack und zu jeder Jahreszeit!\",\"breadcrumb\":{\"@id\":\"https:\/\/www.electroluxprofessional.com\/at\/getraenkeloesungen\/slush-eis-milchshake-und-softeis-maschinen\/#breadcrumb\"},\"inLanguage\":\"de-AT\",\"potentialAction\":[{\"@type\":\"ReadAction\",\"target\":[\"https:\/\/www.electroluxprofessional.com\/at\/getraenkeloesungen\/slush-eis-milchshake-und-softeis-maschinen\/\"]}]},{\"@type\":\"BreadcrumbList\",\"@id\":\"https:\/\/www.electroluxprofessional.com\/at\/getraenkeloesungen\/slush-eis-milchshake-und-softeis-maschinen\/#breadcrumb\",\"itemListElement\":[{\"@type\":\"ListItem\",\"position\":1,\"name\":\"Startseite\",\"item\":\"https:\/\/www.electroluxprofessional.com\/at\/\"},{\"@type\":\"ListItem\",\"position\":2,\"name\":\"Getr\u00e4nkel\u00f6sungen\",\"item\":\"https:\/\/www.electroluxprofessional.com\/at\/getraenkeloesungen\/\"},{\"@type\":\"ListItem\",\"position\":3,\"name\":\"Slush-Eis-, Milchshake- und Softeis-Maschinen\"}]},{\"@type\":\"WebSite\",\"@id\":\"https:\/\/www.electroluxprofessional.com\/at\/#website\",\"url\":\"https:\/\/www.electroluxprofessional.com\/at\/\",\"name\":\"Electrolux Professional \u00d6sterreich\",\"description\":\"\",\"potentialAction\":[{\"@type\":\"SearchAction\",\"target\":{\"@type\":\"EntryPoint\",\"urlTemplate\":\"https:\/\/www.electroluxprofessional.com\/at\/?src={search_term_string}\"},\"query-input\":\"required name=search_term_string\"}],\"inLanguage\":\"de-AT\"}]}<\/script>\n<!-- \/ Yoast SEO plugin. -->","yoast_head_json":{"title":"Shake- und Eis-Maschinen | Electrolux Professional","description":"Flexibilit\u00e4t und Innovation: Slush-Eis, Milchshakes und Softeis in grenzenloser Vielfalt f\u00fcr jeden Geschmack und zu jeder Jahreszeit!","robots":{"index":"index","follow":"follow","max-snippet":"max-snippet:-1","max-image-preview":"max-image-preview:large","max-video-preview":"max-video-preview:-1"},"canonical":"https:\/\/www.electroluxprofessional.com\/at\/getraenkeloesungen\/slush-eis-milchshake-und-softeis-maschinen\/","og_locale":"de_DE","og_type":"article","og_title":"Shake- und Eis-Maschinen | Electrolux Professional","og_description":"Flexibilit\u00e4t und Innovation: Slush-Eis, Milchshakes und Softeis in grenzenloser Vielfalt f\u00fcr jeden Geschmack und zu jeder Jahreszeit!","og_url":"https:\/\/www.electroluxprofessional.com\/at\/getraenkeloesungen\/slush-eis-milchshake-und-softeis-maschinen\/","og_site_name":"Electrolux Professional \u00d6sterreich","article_modified_time":"2025-10-16T10:29:46+00:00","twitter_card":"summary_large_image","twitter_misc":{"Gesch\u00e4tzte Lesezeit":"3 Minuten"},"schema":{"@context":"https:\/\/schema.org","@graph":[{"@type":"WebPage","@id":"https:\/\/www.electroluxprofessional.com\/at\/getraenkeloesungen\/slush-eis-milchshake-und-softeis-maschinen\/","url":"https:\/\/www.electroluxprofessional.com\/at\/getraenkeloesungen\/slush-eis-milchshake-und-softeis-maschinen\/","name":"Shake- und Eis-Maschinen | Electrolux Professional","isPartOf":{"@id":"https:\/\/www.electroluxprofessional.com\/at\/#website"},"datePublished":"2019-03-28T16:13:44+00:00","dateModified":"2025-10-16T10:29:46+00:00","description":"Flexibilit\u00e4t und Innovation: Slush-Eis, Milchshakes und Softeis in grenzenloser Vielfalt f\u00fcr jeden Geschmack und zu jeder Jahreszeit!","breadcrumb":{"@id":"https:\/\/www.electroluxprofessional.com\/at\/getraenkeloesungen\/slush-eis-milchshake-und-softeis-maschinen\/#breadcrumb"},"inLanguage":"de-AT","potentialAction":[{"@type":"ReadAction","target":["https:\/\/www.electroluxprofessional.com\/at\/getraenkeloesungen\/slush-eis-milchshake-und-softeis-maschinen\/"]}]},{"@type":"BreadcrumbList","@id":"https:\/\/www.electroluxprofessional.com\/at\/getraenkeloesungen\/slush-eis-milchshake-und-softeis-maschinen\/#breadcrumb","itemListElement":[{"@type":"ListItem","position":1,"name":"Startseite","item":"https:\/\/www.electroluxprofessional.com\/at\/"},{"@type":"ListItem","position":2,"name":"Getr\u00e4nkel\u00f6sungen","item":"https:\/\/www.electroluxprofessional.com\/at\/getraenkeloesungen\/"},{"@type":"ListItem","position":3,"name":"Slush-Eis-, Milchshake- und Softeis-Maschinen"}]},{"@type":"WebSite","@id":"https:\/\/www.electroluxprofessional.com\/at\/#website","url":"https:\/\/www.electroluxprofessional.com\/at\/","name":"Electrolux Professional \u00d6sterreich","description":"","potentialAction":[{"@type":"SearchAction","target":{"@type":"EntryPoint","urlTemplate":"https:\/\/www.electroluxprofessional.com\/at\/?src={search_term_string}"},"query-input":"required name=search_term_string"}],"inLanguage":"de-AT"}]}},"_links":{"self":[{"href":"https:\/\/www.electroluxprofessional.com\/at\/wp-json\/wp\/v2\/pages\/6817"}],"collection":[{"href":"https:\/\/www.electroluxprofessional.com\/at\/wp-json\/wp\/v2\/pages"}],"about":[{"href":"https:\/\/www.electroluxprofessional.com\/at\/wp-json\/wp\/v2\/types\/page"}],"author":[{"embeddable":true,"href":"https:\/\/www.electroluxprofessional.com\/at\/wp-json\/wp\/v2\/users\/1"}],"replies":[{"embeddable":true,"href":"https:\/\/www.electroluxprofessional.com\/at\/wp-json\/wp\/v2\/comments?post=6817"}],"version-history":[{"count":5,"href":"https:\/\/www.electroluxprofessional.com\/at\/wp-json\/wp\/v2\/pages\/6817\/revisions"}],"predecessor-version":[{"id":20427,"href":"https:\/\/www.electroluxprofessional.com\/at\/wp-json\/wp\/v2\/pages\/6817\/revisions\/20427"}],"up":[{"embeddable":true,"href":"https:\/\/www.electroluxprofessional.com\/at\/wp-json\/wp\/v2\/pages\/6751"}],"wp:attachment":[{"href":"https:\/\/www.electroluxprofessional.com\/at\/wp-json\/wp\/v2\/media?parent=6817"}],"curies":[{"name":"wp","href":"https:\/\/api.w.org\/{rel}","templated":true}]}}