{"id":6801,"date":"2019-03-28T17:10:36","date_gmt":"2019-03-28T16:10:36","guid":{"rendered":"https:\/\/www.electroluxprofessional.com\/?page_id=22200"},"modified":"2025-10-16T11:29:14","modified_gmt":"2025-10-16T10:29:14","slug":"kaltgetraenkespender","status":"publish","type":"page","link":"https:\/\/www.electroluxprofessional.com\/at\/getraenkeloesungen\/kaltgetraenkespender\/","title":{"rendered":"Kaltgetr\u00e4nkespender"},"content":{"rendered":"<p>[vc_row full_width=&#8221;electroluxpro-full-width-no-padding&#8221;][vc_column][elx_image_block background_image=&#8221;6798&#8243; minimum_height=&#8221;350px&#8221;][vc_empty_space][\/vc_column][\/vc_row][vc_row][vc_column width=&#8221;2\/3&#8243;][elx_heading font_container=&#8221;h1&#8243; font_size=&#8221;h3&#8243; text_color=&#8221;electrolux-blue&#8221; text_align=&#8221;text-left&#8221;]Kaltgetr\u00e4nkespender[\/elx_heading][vc_empty_space][vc_row_inner][vc_column_inner width=&#8221;1\/2&#8243;][elx_download_block text=&#8221;Produktkatalog f\u00fcr Hei\u00df- und Kaltgetr\u00e4nke<br \/>\nherunterladen (englisch)&#8221; text_color=&#8221;black&#8221; link=&#8221;https:\/\/tools.professional.electrolux.com\/Mirror\/Doc\/BR\/BR_BR-9JE00131_1_5_1_3_brochure-beverage-LOW-RES.pdf&#8221; background_color=&#8221;orange&#8221; background_image=&#8221;6799&#8243;][\/vc_column_inner][vc_column_inner width=&#8221;1\/2&#8243;][vc_column_text]<strong>Flexible Getr\u00e4nkeauswahl und grenzenlose Geschmacksvielfalt mit einer einfachen Rundum-Ger\u00e4tel\u00f6sung.<\/strong>\u00a0Flexibel einsetzbare und benutzerfreundliche Kaltgetr\u00e4nkespender sind die perfekte L\u00f6sung, wenn es darum geht, Ihre Kunden mit innovativen, k\u00f6stlichen Getr\u00e4nkevariationen zu verw\u00f6hnen.[\/vc_column_text][\/vc_column_inner][\/vc_row_inner][\/vc_column][vc_column width=&#8221;1\/3&#8243;][vc_single_image image=&#8221;7953&#8243; img_size=&#8221;full&#8221; alignment=&#8221;right&#8221;][\/vc_column][\/vc_row][vc_row][vc_column][vc_empty_space height=&#8221;42px&#8221;][\/vc_column][\/vc_row][vc_row css=&#8221;.vc_custom_1552057895891{background-image: url(https:\/\/www.electroluxprofessional.com\/wp-content\/uploads\/2018\/01\/cold-beverage-dispensers-drink-glasses.jpg?id=14605) !important;background-position: center !important;background-repeat: no-repeat !important;background-size: cover !important;}&#8221;][vc_column width=&#8221;1\/3&#8243; css=&#8221;.vc_custom_1516902259667{padding-right: 20px !important;padding-left: 20px !important;background-color: rgba(255,255,255,0.73) !important;*background-color: rgb(255,255,255) !important;}&#8221;][vc_empty_space][vc_column_text]<strong>Austauschbare Beh\u00e4lter\u00a0<\/strong>zur Anpassung an Ihre Anforderungen: so steigern Sie Ihren Gewinn und sichern sich zufriedene Neukunden.<br \/>\n<strong>Kompakte Gr\u00f6\u00dfe<\/strong>\u00a0f\u00fcr geringeren Platzbedarf.<br \/>\n<strong>Geringerer Reinigungsaufwand<\/strong>.<br \/>\n<strong>Weniger Verschwendung<\/strong>: Getr\u00e4nk l\u00e4uft bis zum letzten Tropfen aus dem Spender.[\/vc_column_text][\/vc_column][vc_column width=&#8221;1\/3&#8243;][vc_empty_space][\/vc_column][vc_column width=&#8221;1\/3&#8243; css=&#8221;.vc_custom_1517248758977{margin-top: -30px !important;}&#8221;][vc_single_image image=&#8221;6782&#8243; img_size=&#8221;full&#8221; alignment=&#8221;right&#8221;][\/vc_column][\/vc_row][vc_row disable_element=&#8221;yes&#8221;][vc_column][vc_empty_space height=&#8221;42px&#8221;][\/vc_column][\/vc_row][vc_row disable_element=&#8221;yes&#8221;][vc_column][\/vc_column][\/vc_row][vc_row disable_element=&#8221;yes&#8221; css=&#8221;.vc_custom_1573825271737{border-top-width: 1px !important;background-color: #ffffff !important;border-top-color: #eeeeee !important;border-top-style: solid !important;}&#8221;][vc_column reveal_effect=&#8221;&#8221;][vc_empty_space height=&#8221;80px&#8221;][elx_heading font_size=&#8221;h3&#8243; text_color=&#8221;inherit&#8221; text_align=&#8221;text-left&#8221;]Erfahren Sie mehr \u00fcber unsere Kaltgetr\u00e4nkespender[\/elx_heading][elx_o2000_contact_us s=&#8221;Request of information about Cold beverage dispensers.&#8221; r=&#8221;I&#8217;d like to find out more about Cold beverage dispensers. Please get in touch with me. Thanks.&#8221; l=&#8221;en&#8221;][\/vc_column][\/vc_row][vc_row css=&#8221;.vc_custom_1516904946877{border-top-width: 1px !important;background-color: #ffffff !important;border-top-color: #eeeeee !important;border-top-style: solid !important;}&#8221;][vc_column reveal_effect=&#8221;&#8221;][vc_empty_space height=&#8221;80px&#8221;][elx_heading font_size=&#8221;h3&#8243; text_color=&#8221;inherit&#8221; text_align=&#8221;text-left&#8221;]Erfahren Sie mehr \u00fcber unsere Kaltgetr\u00e4nkespender[\/elx_heading][elx_button button_text=&#8221;Zu den Produkten (englische Webseite)&#8221; button_link=&#8221;url:https%3A%2F%2Fwww.electroluxprofessional.com%2Fbeverage-solutions%2Fcold-beverage-dispensers%2F|title:Kaltgetr%C3%A4nkespender||&#8221;][\/vc_column][\/vc_row][vc_row][vc_column][vc_empty_space height=&#8221;100px&#8221;][elx_heading font_size=&#8221;h3&#8243; text_color=&#8221;inherit&#8221; text_align=&#8221;text-left&#8221;]Finden Sie Ihre Komplett-L\u00f6sung[\/elx_heading][\/vc_column][\/vc_row][vc_row][vc_column width=&#8221;1\/3&#8243;][elx_maylike_box id_box=&#8221;337&#8243;][\/vc_column][vc_column width=&#8221;1\/3&#8243;][elx_maylike_box id_box=&#8221;374&#8243;][\/vc_column][vc_column width=&#8221;1\/3&#8243;][elx_maylike_box id_box=&#8221;1398&#8243;][\/vc_column][\/vc_row]<\/p>\n","protected":false},"excerpt":{"rendered":"<p>[vc_row full_width=&#8221;electroluxpro-full-width-no-padding&#8221;][vc_column][elx_image_block background_image=&#8221;6798&#8243; minimum_height=&#8221;350px&#8221;][vc_empty_space][\/vc_column][\/vc_row][vc_row][vc_column width=&#8221;2\/3&#8243;][elx_heading font_container=&#8221;h1&#8243; font_size=&#8221;h3&#8243; text_color=&#8221;electrolux-blue&#8221; text_align=&#8221;text-left&#8221;]Kaltgetr\u00e4nkespender[\/elx_heading][vc_empty_space][vc_row_inner][vc_column_inner width=&#8221;1\/2&#8243;][elx_download_block text=&#8221;Produktkatalog f\u00fcr Hei\u00df- und Kaltgetr\u00e4nke herunterladen (englisch)&#8221; text_color=&#8221;black&#8221; link=&#8221;https:\/\/tools.professional.electrolux.com\/Mirror\/Doc\/BR\/BR_BR-9JE00131_1_5_1_3_brochure-beverage-LOW-RES.pdf&#8221; background_color=&#8221;orange&#8221; background_image=&#8221;6799&#8243;][\/vc_column_inner][vc_column_inner width=&#8221;1\/2&#8243;][vc_column_text]Flexible Getr\u00e4nkeauswahl und grenzenlose Geschmacksvielfalt mit einer einfachen Rundum-Ger\u00e4tel\u00f6sung.\u00a0Flexibel einsetzbare und benutzerfreundliche Kaltgetr\u00e4nkespender sind die perfekte L\u00f6sung, wenn es darum geht, Ihre Kunden mit innovativen, k\u00f6stlichen Getr\u00e4nkevariationen zu verw\u00f6hnen.[\/vc_column_text][\/vc_column_inner][\/vc_row_inner][\/vc_column][vc_column width=&#8221;1\/3&#8243;][vc_single_image image=&#8221;7953&#8243; img_size=&#8221;full&#8221; alignment=&#8221;right&#8221;][\/vc_column][\/vc_row][vc_row][vc_column][vc_empty_space height=&#8221;42px&#8221;][\/vc_column][\/vc_row][vc_row [&hellip;]<\/p>\n","protected":false},"author":1,"featured_media":0,"parent":6751,"menu_order":0,"comment_status":"closed","ping_status":"closed","template":"","meta":{"footnotes":""},"class_list":["post-6801","page","type-page","status-publish","hentry"],"acf":[],"yoast_head":"<!-- This site is optimized with the Yoast SEO plugin v23.3 - https:\/\/yoast.com\/wordpress\/plugins\/seo\/ -->\n<title>Kaltgetr\u00e4nkespender | Electrolux Professional<\/title>\n<meta name=\"description\" content=\"Bieten Sie k\u00f6stliche Getr\u00e4nkevariationen an mit unseren flexibel einsetzbaren und benutzerfreundlichen Kaltgetr\u00e4nkespendern.\" \/>\n<meta name=\"robots\" content=\"index, follow, max-snippet:-1, max-image-preview:large, max-video-preview:-1\" \/>\n<link rel=\"canonical\" href=\"https:\/\/www.electroluxprofessional.com\/at\/getraenkeloesungen\/kaltgetraenkespender\/\" \/>\n<meta property=\"og:locale\" content=\"de_DE\" \/>\n<meta property=\"og:type\" content=\"article\" \/>\n<meta property=\"og:title\" content=\"Kaltgetr\u00e4nkespender | Electrolux Professional\" \/>\n<meta property=\"og:description\" content=\"Bieten Sie k\u00f6stliche Getr\u00e4nkevariationen an mit unseren flexibel einsetzbaren und benutzerfreundlichen Kaltgetr\u00e4nkespendern.\" \/>\n<meta property=\"og:url\" content=\"https:\/\/www.electroluxprofessional.com\/at\/getraenkeloesungen\/kaltgetraenkespender\/\" \/>\n<meta property=\"og:site_name\" content=\"Electrolux Professional \u00d6sterreich\" \/>\n<meta property=\"article:modified_time\" content=\"2025-10-16T10:29:14+00:00\" \/>\n<meta name=\"twitter:card\" content=\"summary_large_image\" \/>\n<meta name=\"twitter:label1\" content=\"Gesch\u00e4tzte Lesezeit\" \/>\n\t<meta name=\"twitter:data1\" content=\"2 Minuten\" \/>\n<script type=\"application\/ld+json\" class=\"yoast-schema-graph\">{\"@context\":\"https:\/\/schema.org\",\"@graph\":[{\"@type\":\"WebPage\",\"@id\":\"https:\/\/www.electroluxprofessional.com\/at\/getraenkeloesungen\/kaltgetraenkespender\/\",\"url\":\"https:\/\/www.electroluxprofessional.com\/at\/getraenkeloesungen\/kaltgetraenkespender\/\",\"name\":\"Kaltgetr\u00e4nkespender | Electrolux Professional\",\"isPartOf\":{\"@id\":\"https:\/\/www.electroluxprofessional.com\/at\/#website\"},\"datePublished\":\"2019-03-28T16:10:36+00:00\",\"dateModified\":\"2025-10-16T10:29:14+00:00\",\"description\":\"Bieten Sie k\u00f6stliche Getr\u00e4nkevariationen an mit unseren flexibel einsetzbaren und benutzerfreundlichen Kaltgetr\u00e4nkespendern.\",\"breadcrumb\":{\"@id\":\"https:\/\/www.electroluxprofessional.com\/at\/getraenkeloesungen\/kaltgetraenkespender\/#breadcrumb\"},\"inLanguage\":\"de-AT\",\"potentialAction\":[{\"@type\":\"ReadAction\",\"target\":[\"https:\/\/www.electroluxprofessional.com\/at\/getraenkeloesungen\/kaltgetraenkespender\/\"]}]},{\"@type\":\"BreadcrumbList\",\"@id\":\"https:\/\/www.electroluxprofessional.com\/at\/getraenkeloesungen\/kaltgetraenkespender\/#breadcrumb\",\"itemListElement\":[{\"@type\":\"ListItem\",\"position\":1,\"name\":\"Startseite\",\"item\":\"https:\/\/www.electroluxprofessional.com\/at\/\"},{\"@type\":\"ListItem\",\"position\":2,\"name\":\"Getr\u00e4nkel\u00f6sungen\",\"item\":\"https:\/\/www.electroluxprofessional.com\/at\/getraenkeloesungen\/\"},{\"@type\":\"ListItem\",\"position\":3,\"name\":\"Kaltgetr\u00e4nkespender\"}]},{\"@type\":\"WebSite\",\"@id\":\"https:\/\/www.electroluxprofessional.com\/at\/#website\",\"url\":\"https:\/\/www.electroluxprofessional.com\/at\/\",\"name\":\"Electrolux Professional \u00d6sterreich\",\"description\":\"\",\"potentialAction\":[{\"@type\":\"SearchAction\",\"target\":{\"@type\":\"EntryPoint\",\"urlTemplate\":\"https:\/\/www.electroluxprofessional.com\/at\/?src={search_term_string}\"},\"query-input\":\"required name=search_term_string\"}],\"inLanguage\":\"de-AT\"}]}<\/script>\n<!-- \/ Yoast SEO plugin. -->","yoast_head_json":{"title":"Kaltgetr\u00e4nkespender | Electrolux Professional","description":"Bieten Sie k\u00f6stliche Getr\u00e4nkevariationen an mit unseren flexibel einsetzbaren und benutzerfreundlichen Kaltgetr\u00e4nkespendern.","robots":{"index":"index","follow":"follow","max-snippet":"max-snippet:-1","max-image-preview":"max-image-preview:large","max-video-preview":"max-video-preview:-1"},"canonical":"https:\/\/www.electroluxprofessional.com\/at\/getraenkeloesungen\/kaltgetraenkespender\/","og_locale":"de_DE","og_type":"article","og_title":"Kaltgetr\u00e4nkespender | Electrolux Professional","og_description":"Bieten Sie k\u00f6stliche Getr\u00e4nkevariationen an mit unseren flexibel einsetzbaren und benutzerfreundlichen Kaltgetr\u00e4nkespendern.","og_url":"https:\/\/www.electroluxprofessional.com\/at\/getraenkeloesungen\/kaltgetraenkespender\/","og_site_name":"Electrolux Professional \u00d6sterreich","article_modified_time":"2025-10-16T10:29:14+00:00","twitter_card":"summary_large_image","twitter_misc":{"Gesch\u00e4tzte Lesezeit":"2 Minuten"},"schema":{"@context":"https:\/\/schema.org","@graph":[{"@type":"WebPage","@id":"https:\/\/www.electroluxprofessional.com\/at\/getraenkeloesungen\/kaltgetraenkespender\/","url":"https:\/\/www.electroluxprofessional.com\/at\/getraenkeloesungen\/kaltgetraenkespender\/","name":"Kaltgetr\u00e4nkespender | Electrolux Professional","isPartOf":{"@id":"https:\/\/www.electroluxprofessional.com\/at\/#website"},"datePublished":"2019-03-28T16:10:36+00:00","dateModified":"2025-10-16T10:29:14+00:00","description":"Bieten Sie k\u00f6stliche Getr\u00e4nkevariationen an mit unseren flexibel einsetzbaren und benutzerfreundlichen Kaltgetr\u00e4nkespendern.","breadcrumb":{"@id":"https:\/\/www.electroluxprofessional.com\/at\/getraenkeloesungen\/kaltgetraenkespender\/#breadcrumb"},"inLanguage":"de-AT","potentialAction":[{"@type":"ReadAction","target":["https:\/\/www.electroluxprofessional.com\/at\/getraenkeloesungen\/kaltgetraenkespender\/"]}]},{"@type":"BreadcrumbList","@id":"https:\/\/www.electroluxprofessional.com\/at\/getraenkeloesungen\/kaltgetraenkespender\/#breadcrumb","itemListElement":[{"@type":"ListItem","position":1,"name":"Startseite","item":"https:\/\/www.electroluxprofessional.com\/at\/"},{"@type":"ListItem","position":2,"name":"Getr\u00e4nkel\u00f6sungen","item":"https:\/\/www.electroluxprofessional.com\/at\/getraenkeloesungen\/"},{"@type":"ListItem","position":3,"name":"Kaltgetr\u00e4nkespender"}]},{"@type":"WebSite","@id":"https:\/\/www.electroluxprofessional.com\/at\/#website","url":"https:\/\/www.electroluxprofessional.com\/at\/","name":"Electrolux Professional \u00d6sterreich","description":"","potentialAction":[{"@type":"SearchAction","target":{"@type":"EntryPoint","urlTemplate":"https:\/\/www.electroluxprofessional.com\/at\/?src={search_term_string}"},"query-input":"required name=search_term_string"}],"inLanguage":"de-AT"}]}},"_links":{"self":[{"href":"https:\/\/www.electroluxprofessional.com\/at\/wp-json\/wp\/v2\/pages\/6801"}],"collection":[{"href":"https:\/\/www.electroluxprofessional.com\/at\/wp-json\/wp\/v2\/pages"}],"about":[{"href":"https:\/\/www.electroluxprofessional.com\/at\/wp-json\/wp\/v2\/types\/page"}],"author":[{"embeddable":true,"href":"https:\/\/www.electroluxprofessional.com\/at\/wp-json\/wp\/v2\/users\/1"}],"replies":[{"embeddable":true,"href":"https:\/\/www.electroluxprofessional.com\/at\/wp-json\/wp\/v2\/comments?post=6801"}],"version-history":[{"count":6,"href":"https:\/\/www.electroluxprofessional.com\/at\/wp-json\/wp\/v2\/pages\/6801\/revisions"}],"predecessor-version":[{"id":20425,"href":"https:\/\/www.electroluxprofessional.com\/at\/wp-json\/wp\/v2\/pages\/6801\/revisions\/20425"}],"up":[{"embeddable":true,"href":"https:\/\/www.electroluxprofessional.com\/at\/wp-json\/wp\/v2\/pages\/6751"}],"wp:attachment":[{"href":"https:\/\/www.electroluxprofessional.com\/at\/wp-json\/wp\/v2\/media?parent=6801"}],"curies":[{"name":"wp","href":"https:\/\/api.w.org\/{rel}","templated":true}]}}