{"id":6796,"date":"2019-09-06T10:57:24","date_gmt":"2019-09-06T08:57:24","guid":{"rendered":"https:\/\/www.electroluxprofessional.com\/?page_id=25033"},"modified":"2025-12-17T16:13:05","modified_gmt":"2025-12-17T15:13:05","slug":"espressomaschinen","status":"publish","type":"page","link":"https:\/\/www.electroluxprofessional.com\/at\/getraenkeloesungen\/espressomaschinen\/","title":{"rendered":"Espressomaschinen"},"content":{"rendered":"<p>[vc_row full_width=&#8221;electroluxpro-full-width-no-padding&#8221;][vc_column][elx_image_block background_image=&#8221;6706&#8243; minimum_height=&#8221;350px&#8221;][vc_empty_space][\/vc_column][\/vc_row][vc_row][vc_column][elx_heading font_container=&#8221;h1&#8243; text_color=&#8221;inherit&#8221;]Espressomaschinen[\/elx_heading][vc_empty_space][\/vc_column][\/vc_row][vc_row][vc_column width=&#8221;1\/2&#8243;][vc_empty_space][vc_single_image image=&#8221;7952&#8243; img_size=&#8221;full&#8221;][\/vc_column][vc_column width=&#8221;1\/2&#8243;][vc_column_text]<strong>Espressomaschinen<\/strong>\u00a0von Electrolux Professional bieten Ihnen das volle Geschmackserlebnis. Dank einer perfekten Kombination aus Design und Technologie steht Ihnen die beste Espressomaschine zur Verf\u00fcgung, ganz gleich, ob Sie ein kleines Restaurant oder ein gro\u00dfes Caf\u00e9 betreiben.[\/vc_column_text][elx_heading text_color=&#8221;inherit&#8221;]Brosch\u00fcre herunterladen[\/elx_heading][elx_download_block text=&#8221;Produktkatalog f\u00fcr Hei\u00df- und Kaltgetr\u00e4nke herunterladen (englisch)&#8221; text_color=&#8221;electrolux-blue&#8221; file_picker=&#8221;11694&#8243; background_color=&#8221;orange&#8221; background_image=&#8221;6707&#8243;][elx_button button_text=&#8221;Zu den Produkten (englische Webseite)&#8221; button_style=&#8221;icon&#8221; button_link=&#8221;url:https%3A%2F%2Fwww.electroluxprofessional.com%2Fbeverage-solutions%2Fespresso-coffee-machines%2F%23products|target:_blank&#8221;][vc_empty_space][\/vc_column][\/vc_row][vc_row][vc_column width=&#8221;2\/3&#8243;][elx_heading text_color=&#8221;inherit&#8221;]Kr\u00e4ftiges Aroma, perfekte Leistung![\/elx_heading][vc_column_text]Unsere Espressomaschinen arbeiten schnell und lassen sich <strong>auf verschiedene Br\u00fchverfahren einstellen<\/strong>. Sie bieten ein exzellentes Ergebnis, Tasse f\u00fcr Tasse, ganz gleich, ob Sie Bohnen, Pads oder Kapseln verwenden.<\/p>\n<p>Electrolux Professional bietet Ihnen Espressomaschinen in verschiedenen Ausf\u00fchrungen, die <strong>ganz auf Ihre Bed\u00fcrfnisse abgestimmt<\/strong> werden k\u00f6nnen. W\u00e4hlen Sie aus unserem breiten Ger\u00e4tespektrum \u2013 von herk\u00f6mmlichen Espressomaschinen bis hin zu Vollautomaten bzw. Eintassen-Vollautomaten \u2013 die beste L\u00f6sung f\u00fcr Ihre Anforderungen. Ganz gleich, wie Sie sich entscheiden, es erwartet Sie ein Espresso der besten Qualit\u00e4t.[\/vc_column_text][\/vc_column][vc_column width=&#8221;1\/3&#8243;][vc_empty_space][elx_image_block background_image=&#8221;6708&#8243; minimum_height=&#8221;260px&#8221;][\/vc_column][\/vc_row][vc_row disable_element=&#8221;yes&#8221; matched_labels=&#8221;&#8221;][vc_column width=&#8221;1\/3&#8243;][vc_empty_space][elx_image_block background_image=&#8221;6709&#8243; minimum_height=&#8221;250px&#8221;][\/vc_column][vc_column width=&#8221;2\/3&#8243;][elx_heading text_color=&#8221;inherit&#8221;]Automatisieren Sie die Kaffeezubereitung mit der TANGO Espressomaschine[\/elx_heading][vc_column_text]Der <strong>Espresso-Vollautomat TANGO<\/strong>\u00a0hebt Ihre Ger\u00e4tel\u00f6sungen f\u00fcr die Kaffeezubereitung auf ein neues Niveau. Als absolute Branchenneuheit erm\u00f6glicht die Ausf\u00fchrung <strong>TANGO DUO<\/strong> die <strong>gleichzeitige Zubereitung von 4 Espressi<\/strong>. Dies stellt eine hohe Ger\u00e4teleistung bei bester Espressoqualit\u00e4t sicher.<\/p>\n<p>Die TANGO-Technologie beinhaltet ferner den neuen Milchbeh\u00e4lter TANGO\u00a0STP Fridge, die perfekte L\u00f6sung, um Milch zu k\u00fchlen und zur Zubereitung der unterschiedlichsten Kaffeevariationen der Maschine zuzuf\u00fchren.[\/vc_column_text][\/vc_column][\/vc_row][vc_row][vc_column width=&#8221;1\/3&#8243;][vc_empty_space][elx_image_block background_image=&#8221;6710&#8243; minimum_height=&#8221;350px&#8221;][\/vc_column][vc_column width=&#8221;1\/3&#8243;][vc_empty_space][elx_image_block background_image=&#8221;6711&#8243; minimum_height=&#8221;350px&#8221;][\/vc_column][vc_column width=&#8221;1\/3&#8243;][vc_empty_space][elx_image_block background_image=&#8221;6712&#8243; minimum_height=&#8221;350px&#8221;][\/vc_column][\/vc_row][vc_row disable_element=&#8221;yes&#8221; el_id=&#8221;products&#8221;][vc_column][vc_empty_space][\/vc_column][\/vc_row][vc_row disable_element=&#8221;yes&#8221;][vc_column][elx_o2000_contact_us s=&#8221;Request of information about Espresso Coffee Machines&#8221; r=&#8221;I would like to find out more about espresso coffee machines. Please get in touch with me. Thanks.&#8221;][\/vc_column][\/vc_row][vc_row][vc_column][vc_empty_space][elx_heading text_color=&#8221;inherit&#8221;]Finden Sie Ihre Komplett-L\u00f6sung[\/elx_heading][\/vc_column][\/vc_row][vc_row][vc_column width=&#8221;1\/3&#8243;][elx_maylike_box id_box=&#8221;337&#8243;][\/vc_column][vc_column width=&#8221;1\/3&#8243;][elx_maylike_box id_box=&#8221;374&#8243;][\/vc_column][vc_column width=&#8221;1\/3&#8243;][elx_maylike_box id_box=&#8221;1445&#8243;][\/vc_column][\/vc_row]<\/p>\n","protected":false},"excerpt":{"rendered":"<p>[vc_row full_width=&#8221;electroluxpro-full-width-no-padding&#8221;][vc_column][elx_image_block background_image=&#8221;6706&#8243; minimum_height=&#8221;350px&#8221;][vc_empty_space][\/vc_column][\/vc_row][vc_row][vc_column][elx_heading font_container=&#8221;h1&#8243; text_color=&#8221;inherit&#8221;]Espressomaschinen[\/elx_heading][vc_empty_space][\/vc_column][\/vc_row][vc_row][vc_column width=&#8221;1\/2&#8243;][vc_empty_space][vc_single_image image=&#8221;7952&#8243; img_size=&#8221;full&#8221;][\/vc_column][vc_column width=&#8221;1\/2&#8243;][vc_column_text]Espressomaschinen\u00a0von Electrolux Professional bieten Ihnen das volle Geschmackserlebnis. Dank einer perfekten Kombination aus Design und Technologie steht Ihnen die beste Espressomaschine zur Verf\u00fcgung, ganz gleich, ob Sie ein kleines Restaurant oder ein gro\u00dfes Caf\u00e9 betreiben.[\/vc_column_text][elx_heading text_color=&#8221;inherit&#8221;]Brosch\u00fcre herunterladen[\/elx_heading][elx_download_block text=&#8221;Produktkatalog f\u00fcr Hei\u00df- und Kaltgetr\u00e4nke herunterladen (englisch)&#8221; text_color=&#8221;electrolux-blue&#8221; file_picker=&#8221;11694&#8243; [&hellip;]<\/p>\n","protected":false},"author":1,"featured_media":6705,"parent":6751,"menu_order":0,"comment_status":"closed","ping_status":"closed","template":"","meta":{"footnotes":""},"class_list":["post-6796","page","type-page","status-publish","has-post-thumbnail","hentry"],"acf":[],"yoast_head":"<!-- This site is optimized with the Yoast SEO plugin v23.3 - https:\/\/yoast.com\/wordpress\/plugins\/seo\/ -->\n<title>Espressomaschinen | Electrolux Professional<\/title>\n<meta name=\"description\" content=\"Eine perfekte Kombination aus Design und Technologie: Espressomaschinen von Electrolux Professional bieten Ihnen das volle Geschmackserlebnis.\" \/>\n<meta name=\"robots\" content=\"index, follow, max-snippet:-1, max-image-preview:large, max-video-preview:-1\" \/>\n<link rel=\"canonical\" href=\"https:\/\/www.electroluxprofessional.com\/at\/getraenkeloesungen\/espressomaschinen\/\" \/>\n<meta property=\"og:locale\" content=\"de_DE\" \/>\n<meta property=\"og:type\" content=\"article\" \/>\n<meta property=\"og:title\" content=\"Espressomaschinen | Electrolux Professional\" \/>\n<meta property=\"og:description\" content=\"Eine perfekte Kombination aus Design und Technologie: Espressomaschinen von Electrolux Professional bieten Ihnen das volle Geschmackserlebnis.\" \/>\n<meta property=\"og:url\" content=\"https:\/\/www.electroluxprofessional.com\/at\/getraenkeloesungen\/espressomaschinen\/\" \/>\n<meta property=\"og:site_name\" content=\"Electrolux Professional \u00d6sterreich\" \/>\n<meta property=\"article:modified_time\" content=\"2025-12-17T15:13:05+00:00\" \/>\n<meta property=\"og:image\" content=\"https:\/\/www.electroluxprofessional.com\/at\/wp-content\/uploads\/2019\/09\/espresso-coffee-machines-1.jpg\" \/>\n\t<meta property=\"og:image:width\" content=\"878\" \/>\n\t<meta property=\"og:image:height\" content=\"586\" \/>\n\t<meta property=\"og:image:type\" content=\"image\/jpeg\" \/>\n<meta name=\"twitter:card\" content=\"summary_large_image\" \/>\n<meta name=\"twitter:label1\" content=\"Gesch\u00e4tzte Lesezeit\" \/>\n\t<meta name=\"twitter:data1\" content=\"2 Minuten\" \/>\n<script type=\"application\/ld+json\" class=\"yoast-schema-graph\">{\"@context\":\"https:\/\/schema.org\",\"@graph\":[{\"@type\":\"WebPage\",\"@id\":\"https:\/\/www.electroluxprofessional.com\/at\/getraenkeloesungen\/espressomaschinen\/\",\"url\":\"https:\/\/www.electroluxprofessional.com\/at\/getraenkeloesungen\/espressomaschinen\/\",\"name\":\"Espressomaschinen | Electrolux Professional\",\"isPartOf\":{\"@id\":\"https:\/\/www.electroluxprofessional.com\/at\/#website\"},\"primaryImageOfPage\":{\"@id\":\"https:\/\/www.electroluxprofessional.com\/at\/getraenkeloesungen\/espressomaschinen\/#primaryimage\"},\"image\":{\"@id\":\"https:\/\/www.electroluxprofessional.com\/at\/getraenkeloesungen\/espressomaschinen\/#primaryimage\"},\"thumbnailUrl\":\"https:\/\/www.electroluxprofessional.com\/at\/wp-content\/uploads\/2019\/09\/espresso-coffee-machines-1.jpg\",\"datePublished\":\"2019-09-06T08:57:24+00:00\",\"dateModified\":\"2025-12-17T15:13:05+00:00\",\"description\":\"Eine perfekte Kombination aus Design und Technologie: Espressomaschinen von Electrolux Professional bieten Ihnen das volle Geschmackserlebnis.\",\"breadcrumb\":{\"@id\":\"https:\/\/www.electroluxprofessional.com\/at\/getraenkeloesungen\/espressomaschinen\/#breadcrumb\"},\"inLanguage\":\"de-AT\",\"potentialAction\":[{\"@type\":\"ReadAction\",\"target\":[\"https:\/\/www.electroluxprofessional.com\/at\/getraenkeloesungen\/espressomaschinen\/\"]}]},{\"@type\":\"ImageObject\",\"inLanguage\":\"de-AT\",\"@id\":\"https:\/\/www.electroluxprofessional.com\/at\/getraenkeloesungen\/espressomaschinen\/#primaryimage\",\"url\":\"https:\/\/www.electroluxprofessional.com\/at\/wp-content\/uploads\/2019\/09\/espresso-coffee-machines-1.jpg\",\"contentUrl\":\"https:\/\/www.electroluxprofessional.com\/at\/wp-content\/uploads\/2019\/09\/espresso-coffee-machines-1.jpg\",\"width\":878,\"height\":586,\"caption\":\"Espresso coffee machines\"},{\"@type\":\"BreadcrumbList\",\"@id\":\"https:\/\/www.electroluxprofessional.com\/at\/getraenkeloesungen\/espressomaschinen\/#breadcrumb\",\"itemListElement\":[{\"@type\":\"ListItem\",\"position\":1,\"name\":\"Startseite\",\"item\":\"https:\/\/www.electroluxprofessional.com\/at\/\"},{\"@type\":\"ListItem\",\"position\":2,\"name\":\"Getr\u00e4nkel\u00f6sungen\",\"item\":\"https:\/\/www.electroluxprofessional.com\/at\/getraenkeloesungen\/\"},{\"@type\":\"ListItem\",\"position\":3,\"name\":\"Espressomaschinen\"}]},{\"@type\":\"WebSite\",\"@id\":\"https:\/\/www.electroluxprofessional.com\/at\/#website\",\"url\":\"https:\/\/www.electroluxprofessional.com\/at\/\",\"name\":\"Electrolux Professional \u00d6sterreich\",\"description\":\"\",\"potentialAction\":[{\"@type\":\"SearchAction\",\"target\":{\"@type\":\"EntryPoint\",\"urlTemplate\":\"https:\/\/www.electroluxprofessional.com\/at\/?src={search_term_string}\"},\"query-input\":\"required name=search_term_string\"}],\"inLanguage\":\"de-AT\"}]}<\/script>\n<!-- \/ Yoast SEO plugin. -->","yoast_head_json":{"title":"Espressomaschinen | Electrolux Professional","description":"Eine perfekte Kombination aus Design und Technologie: Espressomaschinen von Electrolux Professional bieten Ihnen das volle Geschmackserlebnis.","robots":{"index":"index","follow":"follow","max-snippet":"max-snippet:-1","max-image-preview":"max-image-preview:large","max-video-preview":"max-video-preview:-1"},"canonical":"https:\/\/www.electroluxprofessional.com\/at\/getraenkeloesungen\/espressomaschinen\/","og_locale":"de_DE","og_type":"article","og_title":"Espressomaschinen | Electrolux Professional","og_description":"Eine perfekte Kombination aus Design und Technologie: Espressomaschinen von Electrolux Professional bieten Ihnen das volle Geschmackserlebnis.","og_url":"https:\/\/www.electroluxprofessional.com\/at\/getraenkeloesungen\/espressomaschinen\/","og_site_name":"Electrolux Professional \u00d6sterreich","article_modified_time":"2025-12-17T15:13:05+00:00","og_image":[{"width":878,"height":586,"url":"https:\/\/www.electroluxprofessional.com\/at\/wp-content\/uploads\/2019\/09\/espresso-coffee-machines-1.jpg","type":"image\/jpeg"}],"twitter_card":"summary_large_image","twitter_misc":{"Gesch\u00e4tzte Lesezeit":"2 Minuten"},"schema":{"@context":"https:\/\/schema.org","@graph":[{"@type":"WebPage","@id":"https:\/\/www.electroluxprofessional.com\/at\/getraenkeloesungen\/espressomaschinen\/","url":"https:\/\/www.electroluxprofessional.com\/at\/getraenkeloesungen\/espressomaschinen\/","name":"Espressomaschinen | Electrolux Professional","isPartOf":{"@id":"https:\/\/www.electroluxprofessional.com\/at\/#website"},"primaryImageOfPage":{"@id":"https:\/\/www.electroluxprofessional.com\/at\/getraenkeloesungen\/espressomaschinen\/#primaryimage"},"image":{"@id":"https:\/\/www.electroluxprofessional.com\/at\/getraenkeloesungen\/espressomaschinen\/#primaryimage"},"thumbnailUrl":"https:\/\/www.electroluxprofessional.com\/at\/wp-content\/uploads\/2019\/09\/espresso-coffee-machines-1.jpg","datePublished":"2019-09-06T08:57:24+00:00","dateModified":"2025-12-17T15:13:05+00:00","description":"Eine perfekte Kombination aus Design und Technologie: Espressomaschinen von Electrolux Professional bieten Ihnen das volle Geschmackserlebnis.","breadcrumb":{"@id":"https:\/\/www.electroluxprofessional.com\/at\/getraenkeloesungen\/espressomaschinen\/#breadcrumb"},"inLanguage":"de-AT","potentialAction":[{"@type":"ReadAction","target":["https:\/\/www.electroluxprofessional.com\/at\/getraenkeloesungen\/espressomaschinen\/"]}]},{"@type":"ImageObject","inLanguage":"de-AT","@id":"https:\/\/www.electroluxprofessional.com\/at\/getraenkeloesungen\/espressomaschinen\/#primaryimage","url":"https:\/\/www.electroluxprofessional.com\/at\/wp-content\/uploads\/2019\/09\/espresso-coffee-machines-1.jpg","contentUrl":"https:\/\/www.electroluxprofessional.com\/at\/wp-content\/uploads\/2019\/09\/espresso-coffee-machines-1.jpg","width":878,"height":586,"caption":"Espresso coffee machines"},{"@type":"BreadcrumbList","@id":"https:\/\/www.electroluxprofessional.com\/at\/getraenkeloesungen\/espressomaschinen\/#breadcrumb","itemListElement":[{"@type":"ListItem","position":1,"name":"Startseite","item":"https:\/\/www.electroluxprofessional.com\/at\/"},{"@type":"ListItem","position":2,"name":"Getr\u00e4nkel\u00f6sungen","item":"https:\/\/www.electroluxprofessional.com\/at\/getraenkeloesungen\/"},{"@type":"ListItem","position":3,"name":"Espressomaschinen"}]},{"@type":"WebSite","@id":"https:\/\/www.electroluxprofessional.com\/at\/#website","url":"https:\/\/www.electroluxprofessional.com\/at\/","name":"Electrolux Professional \u00d6sterreich","description":"","potentialAction":[{"@type":"SearchAction","target":{"@type":"EntryPoint","urlTemplate":"https:\/\/www.electroluxprofessional.com\/at\/?src={search_term_string}"},"query-input":"required name=search_term_string"}],"inLanguage":"de-AT"}]}},"_links":{"self":[{"href":"https:\/\/www.electroluxprofessional.com\/at\/wp-json\/wp\/v2\/pages\/6796"}],"collection":[{"href":"https:\/\/www.electroluxprofessional.com\/at\/wp-json\/wp\/v2\/pages"}],"about":[{"href":"https:\/\/www.electroluxprofessional.com\/at\/wp-json\/wp\/v2\/types\/page"}],"author":[{"embeddable":true,"href":"https:\/\/www.electroluxprofessional.com\/at\/wp-json\/wp\/v2\/users\/1"}],"replies":[{"embeddable":true,"href":"https:\/\/www.electroluxprofessional.com\/at\/wp-json\/wp\/v2\/comments?post=6796"}],"version-history":[{"count":9,"href":"https:\/\/www.electroluxprofessional.com\/at\/wp-json\/wp\/v2\/pages\/6796\/revisions"}],"predecessor-version":[{"id":21097,"href":"https:\/\/www.electroluxprofessional.com\/at\/wp-json\/wp\/v2\/pages\/6796\/revisions\/21097"}],"up":[{"embeddable":true,"href":"https:\/\/www.electroluxprofessional.com\/at\/wp-json\/wp\/v2\/pages\/6751"}],"wp:featuredmedia":[{"embeddable":true,"href":"https:\/\/www.electroluxprofessional.com\/at\/wp-json\/wp\/v2\/media\/6705"}],"wp:attachment":[{"href":"https:\/\/www.electroluxprofessional.com\/at\/wp-json\/wp\/v2\/media?parent=6796"}],"curies":[{"name":"wp","href":"https:\/\/api.w.org\/{rel}","templated":true}]}}