{"id":6794,"date":"2019-03-28T17:06:27","date_gmt":"2019-03-28T16:06:27","guid":{"rendered":"https:\/\/www.electroluxprofessional.com\/?page_id=22169"},"modified":"2025-10-16T11:28:53","modified_gmt":"2025-10-16T10:28:53","slug":"heissgetraenkespender","status":"publish","type":"page","link":"https:\/\/www.electroluxprofessional.com\/at\/getraenkeloesungen\/heissgetraenkespender\/","title":{"rendered":"Hei\u00dfgetr\u00e4nkespender"},"content":{"rendered":"<p>[vc_row full_width=&#8221;electroluxpro-full-width-no-padding&#8221;][vc_column][elx_image_block background_image=&#8221;6787&#8243; minimum_height=&#8221;350px&#8221;][vc_empty_space][\/vc_column][\/vc_row][vc_row][vc_column width=&#8221;2\/3&#8243;][elx_heading font_container=&#8221;h1&#8243; font_size=&#8221;h3&#8243; text_color=&#8221;inherit&#8221;]Hei\u00dfgetr\u00e4nkespender[\/elx_heading][vc_column_text]Ein inspirierendes Geschmackserlebnis: k\u00f6stliche Hei\u00dfgetr\u00e4nke f\u00fcr jede Tageszeit.[\/vc_column_text][\/vc_column][vc_column width=&#8221;1\/3&#8243;][elx_heading text_color=&#8221;inherit&#8221;]Download der Brosch\u00fcre[\/elx_heading][elx_download_block text=&#8221;Produktkatalog f\u00fcr Hei\u00df- und Kaltgetr\u00e4nke<br \/>\nherunterladen (englisch)&#8221; link=&#8221;https:\/\/tools.professional.electrolux.com\/Mirror\/Doc\/BR\/BR_BR-9JE00131_1_5_1_3_brochure-beverage-LOW-RES.pdf&#8221; background_color=&#8221;orange&#8221; background_image=&#8221;6788&#8243;][\/vc_column][\/vc_row][vc_row][vc_column width=&#8221;2\/3&#8243;][elx_heading font_size=&#8221;h3&#8243; text_color=&#8221;electrolux-blue&#8221; text_align=&#8221;text-left&#8221;]Hei\u00dfgetr\u00e4nkespender<br \/>\nf\u00fcr l\u00f6sliche Produkte[\/elx_heading][elx_heading font_container=&#8221;h3&#8243; font_size=&#8221;h5&#8243; text_color=&#8221;electrolux-blue&#8221; text_align=&#8221;text-left&#8221;]Qualitativ hochwertige Hei\u00dfgetr\u00e4nke auf Knopfdruck[\/elx_heading][vc_column_text]Praktische benutzer- und wartungsfreundliche <strong>Hei\u00dfgetr\u00e4nkespender f\u00fcr l\u00f6sliche Produkte<\/strong>.<br \/>\nDie optisch ansprechende\u00a0<strong>Ger\u00e4tefront mit Hintergrundbeleuchtung<\/strong>\u00a0verdeutlicht die Getr\u00e4nkeauswahl.<br \/>\nDer Hei\u00dfgetr\u00e4nkespender passt in jede Umgebung und sorgt f\u00fcr eine Aufwertung Ihres Betriebs.[\/vc_column_text][\/vc_column][vc_column width=&#8221;1\/3&#8243;][vc_single_image image=&#8221;7961&#8243; img_size=&#8221;full&#8221; alignment=&#8221;right&#8221;][\/vc_column][\/vc_row][vc_row full_width=&#8221;electroluxpro-full-width-no-padding&#8221; css=&#8221;.vc_custom_1553177212648{background-image: url(https:\/\/www.electroluxprofessional.com\/wp-content\/uploads\/2018\/01\/hot-beverage-dispensers-coffee-cups-2000.jpg?id=14636) !important;background-position: center !important;background-repeat: no-repeat !important;background-size: cover !important;}&#8221;][vc_column][vc_empty_space height=&#8221;300px&#8221;][\/vc_column][\/vc_row][vc_row][vc_column width=&#8221;3\/4&#8243;][elx_heading font_size=&#8221;h3&#8243; text_color=&#8221;inherit&#8221;]Kakaospender[\/elx_heading][elx_heading font_container=&#8221;h3&#8243; font_size=&#8221;h5&#8243; text_color=&#8221;inherit&#8221;]Genie\u00dfen Sie ein einzigartiges Kakaoerlebnis![\/elx_heading][vc_column_text]Unsere Kakaospender sind nicht nur <strong>leicht, kompakt und funktional<\/strong>, sondern auch schnell und einfach zu reinigen.<br \/>\nProbieren Sie unsere hei\u00dfe Schokolade aus dem Zapfhahn.[\/vc_column_text][vc_empty_space][\/vc_column][vc_column width=&#8221;1\/4&#8243;][vc_single_image image=&#8221;7957&#8243; img_size=&#8221;full&#8221;][\/vc_column][\/vc_row][vc_row][vc_column][vc_empty_space height=&#8221;60px&#8221;][\/vc_column][\/vc_row][vc_row][vc_column width=&#8221;1\/3&#8243;][elx_image_block background_image=&#8221;6789&#8243; minimum_height=&#8221;360px&#8221;][\/vc_column][vc_column width=&#8221;1\/3&#8243;][elx_image_block background_image=&#8221;6790&#8243; minimum_height=&#8221;360px&#8221;][\/vc_column][vc_column width=&#8221;1\/3&#8243;][elx_image_block background_image=&#8221;6791&#8243; minimum_height=&#8221;360px&#8221;][\/vc_column][\/vc_row][vc_row disable_element=&#8221;yes&#8221;][vc_column][vc_empty_space height=&#8221;50px&#8221;][\/vc_column][\/vc_row][vc_row disable_element=&#8221;yes&#8221; css=&#8221;.vc_custom_1573816973643{border-top-width: 1px !important;background-color: #ffffff !important;border-top-color: #eeeeee !important;border-top-style: solid !important;}&#8221;][vc_column reveal_effect=&#8221;&#8221;][vc_empty_space height=&#8221;80px&#8221;][elx_heading font_size=&#8221;h3&#8243; text_color=&#8221;inherit&#8221; text_align=&#8221;text-left&#8221;]Discover more about our Hot Beverage Dispensers[\/elx_heading][elx_o2000_contact_us s=&#8221;Request of information about Hot beverage dispensers&#8221; r=&#8221;I&#8217;d like to find out more about Hot beverage dispensers. Please get in touch with me. Thanks.&#8221; l=&#8221;en&#8221;][\/vc_column][\/vc_row][vc_row][vc_column][vc_empty_space height=&#8221;80px&#8221;][elx_heading font_size=&#8221;h3&#8243; text_color=&#8221;inherit&#8221; text_align=&#8221;text-left&#8221;]Erfahren Sie mehr \u00fcber unsere Hei\u00dfgetr\u00e4nkespender[\/elx_heading][elx_button button_text=&#8221;Zu den Produkten (englische Webseite)&#8221; button_link=&#8221;url:https%3A%2F%2Fwww.electroluxprofessional.com%2Fbeverage-solutions%2Fhot-beverage-dispensers%2F|title:Hei%C3%9Fgetr%C3%A4nkespender||&#8221;][\/vc_column][\/vc_row][vc_row][vc_column][vc_empty_space height=&#8221;100px&#8221;][elx_heading font_size=&#8221;h3&#8243; text_color=&#8221;inherit&#8221; text_align=&#8221;text-left&#8221;]Finden Sie Ihre Komplett-L\u00f6sung[\/elx_heading][\/vc_column][\/vc_row][vc_row][vc_column width=&#8221;1\/3&#8243;][elx_maylike_box id_box=&#8221;337&#8243;][\/vc_column][vc_column width=&#8221;1\/3&#8243;][elx_maylike_box id_box=&#8221;374&#8243;][\/vc_column][vc_column width=&#8221;1\/3&#8243;][elx_maylike_box id_box=&#8221;1398&#8243;][\/vc_column][\/vc_row]<\/p>\n","protected":false},"excerpt":{"rendered":"<p>[vc_row full_width=&#8221;electroluxpro-full-width-no-padding&#8221;][vc_column][elx_image_block background_image=&#8221;6787&#8243; minimum_height=&#8221;350px&#8221;][vc_empty_space][\/vc_column][\/vc_row][vc_row][vc_column width=&#8221;2\/3&#8243;][elx_heading font_container=&#8221;h1&#8243; font_size=&#8221;h3&#8243; text_color=&#8221;inherit&#8221;]Hei\u00dfgetr\u00e4nkespender[\/elx_heading][vc_column_text]Ein inspirierendes Geschmackserlebnis: k\u00f6stliche Hei\u00dfgetr\u00e4nke f\u00fcr jede Tageszeit.[\/vc_column_text][\/vc_column][vc_column width=&#8221;1\/3&#8243;][elx_heading text_color=&#8221;inherit&#8221;]Download der Brosch\u00fcre[\/elx_heading][elx_download_block text=&#8221;Produktkatalog f\u00fcr Hei\u00df- und Kaltgetr\u00e4nke herunterladen (englisch)&#8221; link=&#8221;https:\/\/tools.professional.electrolux.com\/Mirror\/Doc\/BR\/BR_BR-9JE00131_1_5_1_3_brochure-beverage-LOW-RES.pdf&#8221; background_color=&#8221;orange&#8221; background_image=&#8221;6788&#8243;][\/vc_column][\/vc_row][vc_row][vc_column width=&#8221;2\/3&#8243;][elx_heading font_size=&#8221;h3&#8243; text_color=&#8221;electrolux-blue&#8221; text_align=&#8221;text-left&#8221;]Hei\u00dfgetr\u00e4nkespender f\u00fcr l\u00f6sliche Produkte[\/elx_heading][elx_heading font_container=&#8221;h3&#8243; font_size=&#8221;h5&#8243; text_color=&#8221;electrolux-blue&#8221; text_align=&#8221;text-left&#8221;]Qualitativ hochwertige Hei\u00dfgetr\u00e4nke auf Knopfdruck[\/elx_heading][vc_column_text]Praktische benutzer- und wartungsfreundliche Hei\u00dfgetr\u00e4nkespender f\u00fcr l\u00f6sliche Produkte. Die optisch ansprechende\u00a0Ger\u00e4tefront mit [&hellip;]<\/p>\n","protected":false},"author":1,"featured_media":0,"parent":6751,"menu_order":0,"comment_status":"closed","ping_status":"closed","template":"","meta":{"footnotes":""},"class_list":["post-6794","page","type-page","status-publish","hentry"],"acf":[],"yoast_head":"<!-- This site is optimized with the Yoast SEO plugin v23.3 - https:\/\/yoast.com\/wordpress\/plugins\/seo\/ -->\n<title>Hei\u00dfgetr\u00e4nkespender | Electrolux Professional<\/title>\n<meta name=\"description\" content=\"Praktische benutzer- und wartungsfreundliche Hei\u00dfgetr\u00e4nkespender f\u00fcr l\u00f6sliche Produkte mit optisch ansprechender Ger\u00e4tefront.\" \/>\n<meta name=\"robots\" content=\"index, follow, max-snippet:-1, max-image-preview:large, max-video-preview:-1\" \/>\n<link rel=\"canonical\" href=\"https:\/\/www.electroluxprofessional.com\/at\/getraenkeloesungen\/heissgetraenkespender\/\" \/>\n<meta property=\"og:locale\" content=\"de_DE\" \/>\n<meta property=\"og:type\" content=\"article\" \/>\n<meta property=\"og:title\" content=\"Hei\u00dfgetr\u00e4nkespender | Electrolux Professional\" \/>\n<meta property=\"og:description\" content=\"Praktische benutzer- und wartungsfreundliche Hei\u00dfgetr\u00e4nkespender f\u00fcr l\u00f6sliche Produkte mit optisch ansprechender Ger\u00e4tefront.\" \/>\n<meta property=\"og:url\" content=\"https:\/\/www.electroluxprofessional.com\/at\/getraenkeloesungen\/heissgetraenkespender\/\" \/>\n<meta property=\"og:site_name\" content=\"Electrolux Professional \u00d6sterreich\" \/>\n<meta property=\"article:modified_time\" content=\"2025-10-16T10:28:53+00:00\" \/>\n<meta name=\"twitter:card\" content=\"summary_large_image\" \/>\n<meta name=\"twitter:label1\" content=\"Gesch\u00e4tzte Lesezeit\" \/>\n\t<meta name=\"twitter:data1\" content=\"2 Minuten\" \/>\n<script type=\"application\/ld+json\" class=\"yoast-schema-graph\">{\"@context\":\"https:\/\/schema.org\",\"@graph\":[{\"@type\":\"WebPage\",\"@id\":\"https:\/\/www.electroluxprofessional.com\/at\/getraenkeloesungen\/heissgetraenkespender\/\",\"url\":\"https:\/\/www.electroluxprofessional.com\/at\/getraenkeloesungen\/heissgetraenkespender\/\",\"name\":\"Hei\u00dfgetr\u00e4nkespender | Electrolux Professional\",\"isPartOf\":{\"@id\":\"https:\/\/www.electroluxprofessional.com\/at\/#website\"},\"datePublished\":\"2019-03-28T16:06:27+00:00\",\"dateModified\":\"2025-10-16T10:28:53+00:00\",\"description\":\"Praktische benutzer- und wartungsfreundliche Hei\u00dfgetr\u00e4nkespender f\u00fcr l\u00f6sliche Produkte mit optisch ansprechender Ger\u00e4tefront.\",\"breadcrumb\":{\"@id\":\"https:\/\/www.electroluxprofessional.com\/at\/getraenkeloesungen\/heissgetraenkespender\/#breadcrumb\"},\"inLanguage\":\"de-AT\",\"potentialAction\":[{\"@type\":\"ReadAction\",\"target\":[\"https:\/\/www.electroluxprofessional.com\/at\/getraenkeloesungen\/heissgetraenkespender\/\"]}]},{\"@type\":\"BreadcrumbList\",\"@id\":\"https:\/\/www.electroluxprofessional.com\/at\/getraenkeloesungen\/heissgetraenkespender\/#breadcrumb\",\"itemListElement\":[{\"@type\":\"ListItem\",\"position\":1,\"name\":\"Startseite\",\"item\":\"https:\/\/www.electroluxprofessional.com\/at\/\"},{\"@type\":\"ListItem\",\"position\":2,\"name\":\"Getr\u00e4nkel\u00f6sungen\",\"item\":\"https:\/\/www.electroluxprofessional.com\/at\/getraenkeloesungen\/\"},{\"@type\":\"ListItem\",\"position\":3,\"name\":\"Hei\u00dfgetr\u00e4nkespender\"}]},{\"@type\":\"WebSite\",\"@id\":\"https:\/\/www.electroluxprofessional.com\/at\/#website\",\"url\":\"https:\/\/www.electroluxprofessional.com\/at\/\",\"name\":\"Electrolux Professional \u00d6sterreich\",\"description\":\"\",\"potentialAction\":[{\"@type\":\"SearchAction\",\"target\":{\"@type\":\"EntryPoint\",\"urlTemplate\":\"https:\/\/www.electroluxprofessional.com\/at\/?src={search_term_string}\"},\"query-input\":\"required name=search_term_string\"}],\"inLanguage\":\"de-AT\"}]}<\/script>\n<!-- \/ Yoast SEO plugin. -->","yoast_head_json":{"title":"Hei\u00dfgetr\u00e4nkespender | Electrolux Professional","description":"Praktische benutzer- und wartungsfreundliche Hei\u00dfgetr\u00e4nkespender f\u00fcr l\u00f6sliche Produkte mit optisch ansprechender Ger\u00e4tefront.","robots":{"index":"index","follow":"follow","max-snippet":"max-snippet:-1","max-image-preview":"max-image-preview:large","max-video-preview":"max-video-preview:-1"},"canonical":"https:\/\/www.electroluxprofessional.com\/at\/getraenkeloesungen\/heissgetraenkespender\/","og_locale":"de_DE","og_type":"article","og_title":"Hei\u00dfgetr\u00e4nkespender | Electrolux Professional","og_description":"Praktische benutzer- und wartungsfreundliche Hei\u00dfgetr\u00e4nkespender f\u00fcr l\u00f6sliche Produkte mit optisch ansprechender Ger\u00e4tefront.","og_url":"https:\/\/www.electroluxprofessional.com\/at\/getraenkeloesungen\/heissgetraenkespender\/","og_site_name":"Electrolux Professional \u00d6sterreich","article_modified_time":"2025-10-16T10:28:53+00:00","twitter_card":"summary_large_image","twitter_misc":{"Gesch\u00e4tzte Lesezeit":"2 Minuten"},"schema":{"@context":"https:\/\/schema.org","@graph":[{"@type":"WebPage","@id":"https:\/\/www.electroluxprofessional.com\/at\/getraenkeloesungen\/heissgetraenkespender\/","url":"https:\/\/www.electroluxprofessional.com\/at\/getraenkeloesungen\/heissgetraenkespender\/","name":"Hei\u00dfgetr\u00e4nkespender | Electrolux Professional","isPartOf":{"@id":"https:\/\/www.electroluxprofessional.com\/at\/#website"},"datePublished":"2019-03-28T16:06:27+00:00","dateModified":"2025-10-16T10:28:53+00:00","description":"Praktische benutzer- und wartungsfreundliche Hei\u00dfgetr\u00e4nkespender f\u00fcr l\u00f6sliche Produkte mit optisch ansprechender Ger\u00e4tefront.","breadcrumb":{"@id":"https:\/\/www.electroluxprofessional.com\/at\/getraenkeloesungen\/heissgetraenkespender\/#breadcrumb"},"inLanguage":"de-AT","potentialAction":[{"@type":"ReadAction","target":["https:\/\/www.electroluxprofessional.com\/at\/getraenkeloesungen\/heissgetraenkespender\/"]}]},{"@type":"BreadcrumbList","@id":"https:\/\/www.electroluxprofessional.com\/at\/getraenkeloesungen\/heissgetraenkespender\/#breadcrumb","itemListElement":[{"@type":"ListItem","position":1,"name":"Startseite","item":"https:\/\/www.electroluxprofessional.com\/at\/"},{"@type":"ListItem","position":2,"name":"Getr\u00e4nkel\u00f6sungen","item":"https:\/\/www.electroluxprofessional.com\/at\/getraenkeloesungen\/"},{"@type":"ListItem","position":3,"name":"Hei\u00dfgetr\u00e4nkespender"}]},{"@type":"WebSite","@id":"https:\/\/www.electroluxprofessional.com\/at\/#website","url":"https:\/\/www.electroluxprofessional.com\/at\/","name":"Electrolux Professional \u00d6sterreich","description":"","potentialAction":[{"@type":"SearchAction","target":{"@type":"EntryPoint","urlTemplate":"https:\/\/www.electroluxprofessional.com\/at\/?src={search_term_string}"},"query-input":"required name=search_term_string"}],"inLanguage":"de-AT"}]}},"_links":{"self":[{"href":"https:\/\/www.electroluxprofessional.com\/at\/wp-json\/wp\/v2\/pages\/6794"}],"collection":[{"href":"https:\/\/www.electroluxprofessional.com\/at\/wp-json\/wp\/v2\/pages"}],"about":[{"href":"https:\/\/www.electroluxprofessional.com\/at\/wp-json\/wp\/v2\/types\/page"}],"author":[{"embeddable":true,"href":"https:\/\/www.electroluxprofessional.com\/at\/wp-json\/wp\/v2\/users\/1"}],"replies":[{"embeddable":true,"href":"https:\/\/www.electroluxprofessional.com\/at\/wp-json\/wp\/v2\/comments?post=6794"}],"version-history":[{"count":5,"href":"https:\/\/www.electroluxprofessional.com\/at\/wp-json\/wp\/v2\/pages\/6794\/revisions"}],"predecessor-version":[{"id":20424,"href":"https:\/\/www.electroluxprofessional.com\/at\/wp-json\/wp\/v2\/pages\/6794\/revisions\/20424"}],"up":[{"embeddable":true,"href":"https:\/\/www.electroluxprofessional.com\/at\/wp-json\/wp\/v2\/pages\/6751"}],"wp:attachment":[{"href":"https:\/\/www.electroluxprofessional.com\/at\/wp-json\/wp\/v2\/media?parent=6794"}],"curies":[{"name":"wp","href":"https:\/\/api.w.org\/{rel}","templated":true}]}}