{"id":6785,"date":"2019-03-28T16:58:57","date_gmt":"2019-03-28T15:58:57","guid":{"rendered":"https:\/\/www.electroluxprofessional.com\/?page_id=22134"},"modified":"2025-10-16T11:28:21","modified_gmt":"2025-10-16T10:28:21","slug":"kaffeemaschinen","status":"publish","type":"page","link":"https:\/\/www.electroluxprofessional.com\/at\/getraenkeloesungen\/kaffeemaschinen\/","title":{"rendered":"Kaffeemaschinen"},"content":{"rendered":"<p>[vc_row full_width=&#8221;electroluxpro-full-width-no-padding&#8221;][vc_column][elx_image_block background_image=&#8221;6774&#8243; minimum_height=&#8221;350px&#8221;][vc_empty_space][\/vc_column][\/vc_row][vc_row][vc_column][elx_heading font_container=&#8221;h1&#8243; font_size=&#8221;h3&#8243; text_color=&#8221;inherit&#8221;]Kaffeemaschinen[\/elx_heading][\/vc_column][\/vc_row][vc_row][vc_column][vc_column_text]Verw\u00f6hnen Sie Ihre Kunden schnell und einfach mit frisch gebr\u00fchtem Kaffee \u2013 ganz gleich, wie klein oder gro\u00df Ihr Betrieb ist.[\/vc_column_text][vc_row_inner][vc_column_inner width=&#8221;1\/3&#8243;][elx_download_block text=&#8221;Produktkatalog f\u00fcr Hei\u00df- und Kaltgetr\u00e4nke<br \/>\nherunterladen (englisch)&#8221; text_color=&#8221;electrolux-blue&#8221; link=&#8221;https:\/\/tools.professional.electrolux.com\/Mirror\/Doc\/BR\/BR_BR-9JE00131_1_5_1_3_brochure-beverage-LOW-RES.pdf&#8221; background_color=&#8221;orange&#8221; background_image=&#8221;6775&#8243;][\/vc_column_inner][vc_column_inner width=&#8221;1\/3&#8243;][elx_download_block text=&#8221;PrecisionBrew<br \/>\nBrosch\u00fcre (englisch)&#8221; link=&#8221;https:\/\/tools.professional.electrolux.com\/Mirror\/Doc\/BR\/BR_BR-9JE00139_1_5_1_1_PrecisionBrew%20Brochure%20low%20res%202019.pdf&#8221; background_color=&#8221;orange&#8221;][\/vc_column_inner][vc_column_inner width=&#8221;1\/3&#8243;][elx_download_block text=&#8221;PrecisionBrew<br \/>\nFlyer (englisch)&#8221; link=&#8221;https:\/\/tools.professional.electrolux.com\/Mirror\/Doc\/CLF\/CLF_CLF-9JE00233_1_5_1_1_PrecisionBrew%20flyer.pdf&#8221; background_color=&#8221;orange&#8221;][\/vc_column_inner][\/vc_row_inner][\/vc_column][\/vc_row][vc_row][vc_column width=&#8221;2\/3&#8243;][elx_heading font_size=&#8221;h3&#8243; text_color=&#8221;electrolux-blue&#8221; text_align=&#8221;text-left&#8221;]Erweitern Sie Ihr Kaffeeangebot<br \/>\nmit unseren PrecisionBrew-Kaffeemaschinen.[\/elx_heading][vc_column_text]Die luftbeheizten Spitzenmodelle der PrecisionBrew-Kaffeemaschinen zeichnen sich durch eine absolute <strong>Branchenneuheit<\/strong> aus: die Encapsulair- und Java-tate-Technologie. Sie sorgt daf\u00fcr, dass sich das einmalige Aroma des Kaffees l\u00e4nger h\u00e4lt. Der moderne Touchscreen macht die Kaffeezubereitung einfacher und effizienter. Dank ihrer innovativen Funktionen wurde die PrecisionBrew-Kaffeemaschine von der National Restaurant Association in den USA mit dem <strong>2019 Kitchen Innovations (KI) Award<\/strong>\u00a0ausgezeichnet und somit als innovatives Ger\u00e4t zur Steigerung der Effizienz und Produktivit\u00e4t pr\u00e4miert.[\/vc_column_text][\/vc_column][vc_column width=&#8221;1\/3&#8243;][vc_empty_space height=&#8221;15px&#8221;][vc_single_image image=&#8221;7963&#8243; img_size=&#8221;full&#8221; alignment=&#8221;right&#8221;][\/vc_column][\/vc_row][vc_row][vc_column][vc_empty_space][\/vc_column][\/vc_row][vc_row][vc_column width=&#8221;1\/3&#8243;][elx_image_block background_image=&#8221;6687&#8243; minimum_height=&#8221;360px&#8221;][vc_empty_space][vc_row_inner][vc_column_inner width=&#8221;1\/4&#8243;][vc_single_image image=&#8221;6779&#8243; img_size=&#8221;68&#215;68&#8243;][\/vc_column_inner][vc_column_inner width=&#8221;3\/4&#8243;][elx_heading font_container=&#8221;h3&#8243; font_size=&#8221;h3&#8243; text_color=&#8221;inherit&#8221; text_align=&#8221;text-left&#8221;]Professionell[\/elx_heading][\/vc_column_inner][\/vc_row_inner][elx_heading font_container=&#8221;h4&#8243; font_size=&#8221;h4&#8243; text_color=&#8221;inherit&#8221; text_align=&#8221;text-left&#8221;]Konstante Leistung[\/elx_heading][vc_column_text]Der <strong>Encapsulair<\/strong>-Vorratsbeh\u00e4lter nutzt die isolierende Wirkung der Luft zwischen seinen Innenkammern. Der frisch gebr\u00fchte Kaffee wird mit Luft <strong>umgeben und gesch\u00fctzt<\/strong>. So bleiben Temperatur und Aroma des Kaffees immer konstant.[\/vc_column_text][\/vc_column][vc_column width=&#8221;1\/3&#8243;][elx_image_block background_image=&#8221;6776&#8243; minimum_height=&#8221;360px&#8221;][vc_empty_space][vc_row_inner][vc_column_inner width=&#8221;1\/4&#8243;][vc_single_image image=&#8221;6780&#8243; img_size=&#8221;68&#215;68&#8243;][\/vc_column_inner][vc_column_inner width=&#8221;3\/4&#8243;][elx_heading font_container=&#8221;h3&#8243; font_size=&#8221;h3&#8243; text_color=&#8221;inherit&#8221; text_align=&#8221;text-left&#8221;]Einfach[\/elx_heading][\/vc_column_inner][\/vc_row_inner][elx_heading font_container=&#8221;h4&#8243; font_size=&#8221;h4&#8243; text_color=&#8221;inherit&#8221;]Effiziente Kaffeezubereitung[\/elx_heading][vc_column_text]Die digitale Benutzeroberfl\u00e4che erm\u00f6glicht dank der intuitiven Bedienung \u00fcber selbsterkl\u00e4rende Touchscreen-Symbole eine einfache und schnelle Kaffeezubereitung.[\/vc_column_text][\/vc_column][vc_column width=&#8221;1\/3&#8243;][elx_image_block background_image=&#8221;6777&#8243; minimum_height=&#8221;360px&#8221;][vc_empty_space][vc_row_inner][vc_column_inner width=&#8221;1\/4&#8243;][vc_single_image image=&#8221;6781&#8243; img_size=&#8221;68&#215;68&#8243;][\/vc_column_inner][vc_column_inner width=&#8221;3\/4&#8243;][elx_heading font_container=&#8221;h3&#8243; font_size=&#8221;h3&#8243; text_color=&#8221;inherit&#8221; text_align=&#8221;text-left&#8221;]Exzellent[\/elx_heading][\/vc_column_inner][\/vc_row_inner][elx_heading font_container=&#8221;h4&#8243; font_size=&#8221;h4&#8243; text_color=&#8221;inherit&#8221; text_align=&#8221;text-left&#8221;]Gleich bleibendes Aroma[\/elx_heading][vc_column_text]Dank dem\u00a0<strong>Java-tate-Feature<\/strong>\u00a0wird der Kaffee in regelm\u00e4\u00dfigen kurzen Abst\u00e4nden f\u00fcr ein gleich bleibend gutes Aroma vorsichtig umger\u00fchrt.[\/vc_column_text][\/vc_column][\/vc_row][vc_row full_width=&#8221;electroluxpro-full-width-no-padding&#8221; css=&#8221;.vc_custom_1553177221968{background-image: url(https:\/\/www.electroluxprofessional.com\/wp-content\/uploads\/2018\/01\/precision-brew-coffee-cup-banner.jpg?id=14378) !important;background-position: center !important;background-repeat: no-repeat !important;background-size: cover !important;}&#8221;][vc_column width=&#8221;1\/2&#8243;][vc_empty_space height=&#8221;300px&#8221;][\/vc_column][vc_column width=&#8221;1\/2&#8243;][vc_single_image image=&#8221;6782&#8243; img_size=&#8221;full&#8221; alignment=&#8221;center&#8221;][\/vc_column][\/vc_row][vc_row][vc_column width=&#8221;2\/3&#8243;][elx_heading font_size=&#8221;h3&#8243; text_color=&#8221;electrolux-blue&#8221; text_align=&#8221;text-left&#8221;]Kaffeemaschinen mit Mahlwerk[\/elx_heading][elx_heading font_container=&#8221;h3&#8243; font_size=&#8221;h5&#8243; text_color=&#8221;electrolux-blue&#8221; text_align=&#8221;text-left&#8221;]Mahlen, br\u00fchen, trinken![\/elx_heading][vc_column_text]<strong>Kaffeemaschine und Mahlwerk in einem<\/strong>: profitabler und kompakter bei h\u00f6chster Pr\u00e4zision.<br \/>\nDas Kaffeemehl gelangt direkt aus dem Mahlwerk in die Br\u00fcheinheit. So entsteht das einmalige Aroma frisch gemahlenen Kaffees.[\/vc_column_text][vc_empty_space][\/vc_column][vc_column width=&#8221;1\/3&#8243;][vc_empty_space height=&#8221;15px&#8221;][vc_single_image image=&#8221;7962&#8243; img_size=&#8221;full&#8221; alignment=&#8221;right&#8221;][vc_empty_space height=&#8221;15px&#8221;][\/vc_column][\/vc_row][vc_row][vc_column width=&#8221;2\/3&#8243;][elx_heading font_size=&#8221;h3&#8243; text_color=&#8221;electrolux-blue&#8221; text_align=&#8221;text-left&#8221;]Hei\u00dfwasserspender[\/elx_heading][elx_heading font_container=&#8221;h3&#8243; font_size=&#8221;h5&#8243; text_color=&#8221;electrolux-blue&#8221; text_align=&#8221;text-left&#8221;]Ausreichend hei\u00dfes Wasser f\u00fcr jeden Bedarf![\/elx_heading][vc_column_text]Eine Ger\u00e4teserie, die ideal auf Ihre Bed\u00fcrfnisse abgestimmt ist: immer zuverl\u00e4ssig und immer einsatzbereit.<br \/>\nDank der <strong>automatischen Wassernachf\u00fcllung<\/strong>\u00a0sind Sie immer auf der sicheren Seite.[\/vc_column_text][\/vc_column][vc_column width=&#8221;1\/3&#8243;][vc_empty_space height=&#8221;15px&#8221;][vc_single_image image=&#8221;6784&#8243; img_size=&#8221;full&#8221; alignment=&#8221;right&#8221;][\/vc_column][\/vc_row][vc_row disable_element=&#8221;yes&#8221;][vc_column][vc_empty_space][\/vc_column][\/vc_row][vc_row disable_element=&#8221;yes&#8221; css=&#8221;.vc_custom_1574178519232{border-top-width: 1px !important;background-color: #ffffff !important;border-top-color: #eeeeee !important;border-top-style: solid !important;}&#8221;][vc_column reveal_effect=&#8221;&#8221;][vc_empty_space height=&#8221;80px&#8221;][elx_heading font_size=&#8221;h3&#8243; text_color=&#8221;inherit&#8221; text_align=&#8221;text-left&#8221;]Discover more about our Coffee Brewers[\/elx_heading][elx_o2000_contact_us s=&#8221;Request of information about PrecisionBrew, the coffee and tea brewers.&#8221; r=&#8221;I&#8217;d like to find out more about PrecisionBrew, the coffee and tea brewers. Please get in touch with me. Thanks.&#8221; l=&#8221;en&#8221;][\/vc_column][\/vc_row][vc_row css=&#8221;.vc_custom_1516904946877{border-top-width: 1px !important;background-color: #ffffff !important;border-top-color: #eeeeee !important;border-top-style: solid !important;}&#8221;][vc_column reveal_effect=&#8221;&#8221;][vc_empty_space height=&#8221;80px&#8221;][elx_heading font_size=&#8221;h3&#8243; text_color=&#8221;inherit&#8221; text_align=&#8221;text-left&#8221;]Erfahren Sie mehr \u00fcber unsere Kaffeemaschinen[\/elx_heading][elx_button button_text=&#8221;Zu den Produkten (englische Webseite)&#8221; button_link=&#8221;url:https%3A%2F%2Fwww.electroluxprofessional.com%2Fbeverage-solutions%2Fespresso-coffee-machines%2F|title:Kaffeemaschinen&#8221;][\/vc_column][\/vc_row][vc_row disable_element=&#8221;yes&#8221;][vc_column][vc_empty_space height=&#8221;80px&#8221;][elx_download_block text=&#8221;PrecisionBrew,<br \/>\nthe coffee and tea brewers.<br \/>\n(brochure)&#8221; link=&#8221;https:\/\/files.professional.electrolux.com\/docs\/?n=br-9je00086&amp;b=5&amp;l=1&#8243; background_color=&#8221;orange&#8221;][\/vc_column][\/vc_row][vc_row][vc_column][vc_empty_space height=&#8221;100px&#8221;][elx_heading font_size=&#8221;h3&#8243; text_color=&#8221;inherit&#8221; text_align=&#8221;text-left&#8221;]Finden Sie Ihre Komplett-L\u00f6sung[\/elx_heading][\/vc_column][\/vc_row][vc_row][vc_column width=&#8221;1\/3&#8243;][elx_maylike_box id_box=&#8221;337&#8243;][\/vc_column][vc_column width=&#8221;1\/3&#8243;][elx_maylike_box id_box=&#8221;374&#8243;][\/vc_column][vc_column width=&#8221;1\/3&#8243;][elx_maylike_box id_box=&#8221;1398&#8243;][\/vc_column][\/vc_row]<\/p>\n","protected":false},"excerpt":{"rendered":"<p>[vc_row full_width=&#8221;electroluxpro-full-width-no-padding&#8221;][vc_column][elx_image_block background_image=&#8221;6774&#8243; minimum_height=&#8221;350px&#8221;][vc_empty_space][\/vc_column][\/vc_row][vc_row][vc_column][elx_heading font_container=&#8221;h1&#8243; font_size=&#8221;h3&#8243; text_color=&#8221;inherit&#8221;]Kaffeemaschinen[\/elx_heading][\/vc_column][\/vc_row][vc_row][vc_column][vc_column_text]Verw\u00f6hnen Sie Ihre Kunden schnell und einfach mit frisch gebr\u00fchtem Kaffee \u2013 ganz gleich, wie klein oder gro\u00df Ihr Betrieb ist.[\/vc_column_text][vc_row_inner][vc_column_inner width=&#8221;1\/3&#8243;][elx_download_block text=&#8221;Produktkatalog f\u00fcr Hei\u00df- und Kaltgetr\u00e4nke herunterladen (englisch)&#8221; text_color=&#8221;electrolux-blue&#8221; link=&#8221;https:\/\/tools.professional.electrolux.com\/Mirror\/Doc\/BR\/BR_BR-9JE00131_1_5_1_3_brochure-beverage-LOW-RES.pdf&#8221; background_color=&#8221;orange&#8221; background_image=&#8221;6775&#8243;][\/vc_column_inner][vc_column_inner width=&#8221;1\/3&#8243;][elx_download_block text=&#8221;PrecisionBrew Brosch\u00fcre (englisch)&#8221; link=&#8221;https:\/\/tools.professional.electrolux.com\/Mirror\/Doc\/BR\/BR_BR-9JE00139_1_5_1_1_PrecisionBrew%20Brochure%20low%20res%202019.pdf&#8221; background_color=&#8221;orange&#8221;][\/vc_column_inner][vc_column_inner width=&#8221;1\/3&#8243;][elx_download_block text=&#8221;PrecisionBrew Flyer (englisch)&#8221; link=&#8221;https:\/\/tools.professional.electrolux.com\/Mirror\/Doc\/CLF\/CLF_CLF-9JE00233_1_5_1_1_PrecisionBrew%20flyer.pdf&#8221; background_color=&#8221;orange&#8221;][\/vc_column_inner][\/vc_row_inner][\/vc_column][\/vc_row][vc_row][vc_column width=&#8221;2\/3&#8243;][elx_heading font_size=&#8221;h3&#8243; text_color=&#8221;electrolux-blue&#8221; text_align=&#8221;text-left&#8221;]Erweitern [&hellip;]<\/p>\n","protected":false},"author":1,"featured_media":0,"parent":6751,"menu_order":0,"comment_status":"closed","ping_status":"closed","template":"","meta":{"footnotes":""},"class_list":["post-6785","page","type-page","status-publish","hentry"],"acf":[],"yoast_head":"<!-- This site is optimized with the Yoast SEO plugin v23.3 - https:\/\/yoast.com\/wordpress\/plugins\/seo\/ -->\n<title>Kaffeemaschinen | Electrolux Professional<\/title>\n<meta name=\"description\" content=\"Unsere PrecisionBrew-Kaffeemaschinen zeichnen sich durch eine branchenneue Technologie aus, die f\u00fcr ein einmaliges Aroma sorgt.\" \/>\n<meta name=\"robots\" content=\"index, follow, max-snippet:-1, max-image-preview:large, max-video-preview:-1\" \/>\n<link rel=\"canonical\" href=\"https:\/\/www.electroluxprofessional.com\/at\/getraenkeloesungen\/kaffeemaschinen\/\" \/>\n<meta property=\"og:locale\" content=\"de_DE\" \/>\n<meta property=\"og:type\" content=\"article\" \/>\n<meta property=\"og:title\" content=\"Kaffeemaschinen | Electrolux Professional\" \/>\n<meta property=\"og:description\" content=\"Unsere PrecisionBrew-Kaffeemaschinen zeichnen sich durch eine branchenneue Technologie aus, die f\u00fcr ein einmaliges Aroma sorgt.\" \/>\n<meta property=\"og:url\" content=\"https:\/\/www.electroluxprofessional.com\/at\/getraenkeloesungen\/kaffeemaschinen\/\" \/>\n<meta property=\"og:site_name\" content=\"Electrolux Professional \u00d6sterreich\" \/>\n<meta property=\"article:modified_time\" content=\"2025-10-16T10:28:21+00:00\" \/>\n<meta property=\"og:image\" content=\"https:\/\/www.electroluxprofessional.com\/wp-content\/uploads\/2019\/03\/PrecisionBrew-Preview.png\" \/>\n<meta name=\"twitter:card\" content=\"summary_large_image\" \/>\n<meta name=\"twitter:label1\" content=\"Gesch\u00e4tzte Lesezeit\" \/>\n\t<meta name=\"twitter:data1\" content=\"3 Minuten\" \/>\n<script type=\"application\/ld+json\" class=\"yoast-schema-graph\">{\"@context\":\"https:\/\/schema.org\",\"@graph\":[{\"@type\":\"WebPage\",\"@id\":\"https:\/\/www.electroluxprofessional.com\/at\/getraenkeloesungen\/kaffeemaschinen\/\",\"url\":\"https:\/\/www.electroluxprofessional.com\/at\/getraenkeloesungen\/kaffeemaschinen\/\",\"name\":\"Kaffeemaschinen | Electrolux Professional\",\"isPartOf\":{\"@id\":\"https:\/\/www.electroluxprofessional.com\/at\/#website\"},\"datePublished\":\"2019-03-28T15:58:57+00:00\",\"dateModified\":\"2025-10-16T10:28:21+00:00\",\"description\":\"Unsere PrecisionBrew-Kaffeemaschinen zeichnen sich durch eine branchenneue Technologie aus, die f\u00fcr ein einmaliges Aroma sorgt.\",\"breadcrumb\":{\"@id\":\"https:\/\/www.electroluxprofessional.com\/at\/getraenkeloesungen\/kaffeemaschinen\/#breadcrumb\"},\"inLanguage\":\"de-AT\",\"potentialAction\":[{\"@type\":\"ReadAction\",\"target\":[\"https:\/\/www.electroluxprofessional.com\/at\/getraenkeloesungen\/kaffeemaschinen\/\"]}]},{\"@type\":\"BreadcrumbList\",\"@id\":\"https:\/\/www.electroluxprofessional.com\/at\/getraenkeloesungen\/kaffeemaschinen\/#breadcrumb\",\"itemListElement\":[{\"@type\":\"ListItem\",\"position\":1,\"name\":\"Startseite\",\"item\":\"https:\/\/www.electroluxprofessional.com\/at\/\"},{\"@type\":\"ListItem\",\"position\":2,\"name\":\"Getr\u00e4nkel\u00f6sungen\",\"item\":\"https:\/\/www.electroluxprofessional.com\/at\/getraenkeloesungen\/\"},{\"@type\":\"ListItem\",\"position\":3,\"name\":\"Kaffeemaschinen\"}]},{\"@type\":\"WebSite\",\"@id\":\"https:\/\/www.electroluxprofessional.com\/at\/#website\",\"url\":\"https:\/\/www.electroluxprofessional.com\/at\/\",\"name\":\"Electrolux Professional \u00d6sterreich\",\"description\":\"\",\"potentialAction\":[{\"@type\":\"SearchAction\",\"target\":{\"@type\":\"EntryPoint\",\"urlTemplate\":\"https:\/\/www.electroluxprofessional.com\/at\/?src={search_term_string}\"},\"query-input\":\"required name=search_term_string\"}],\"inLanguage\":\"de-AT\"}]}<\/script>\n<!-- \/ Yoast SEO plugin. -->","yoast_head_json":{"title":"Kaffeemaschinen | Electrolux Professional","description":"Unsere PrecisionBrew-Kaffeemaschinen zeichnen sich durch eine branchenneue Technologie aus, die f\u00fcr ein einmaliges Aroma sorgt.","robots":{"index":"index","follow":"follow","max-snippet":"max-snippet:-1","max-image-preview":"max-image-preview:large","max-video-preview":"max-video-preview:-1"},"canonical":"https:\/\/www.electroluxprofessional.com\/at\/getraenkeloesungen\/kaffeemaschinen\/","og_locale":"de_DE","og_type":"article","og_title":"Kaffeemaschinen | Electrolux Professional","og_description":"Unsere PrecisionBrew-Kaffeemaschinen zeichnen sich durch eine branchenneue Technologie aus, die f\u00fcr ein einmaliges Aroma sorgt.","og_url":"https:\/\/www.electroluxprofessional.com\/at\/getraenkeloesungen\/kaffeemaschinen\/","og_site_name":"Electrolux Professional \u00d6sterreich","article_modified_time":"2025-10-16T10:28:21+00:00","og_image":[{"url":"https:\/\/www.electroluxprofessional.com\/wp-content\/uploads\/2019\/03\/PrecisionBrew-Preview.png"}],"twitter_card":"summary_large_image","twitter_misc":{"Gesch\u00e4tzte Lesezeit":"3 Minuten"},"schema":{"@context":"https:\/\/schema.org","@graph":[{"@type":"WebPage","@id":"https:\/\/www.electroluxprofessional.com\/at\/getraenkeloesungen\/kaffeemaschinen\/","url":"https:\/\/www.electroluxprofessional.com\/at\/getraenkeloesungen\/kaffeemaschinen\/","name":"Kaffeemaschinen | Electrolux Professional","isPartOf":{"@id":"https:\/\/www.electroluxprofessional.com\/at\/#website"},"datePublished":"2019-03-28T15:58:57+00:00","dateModified":"2025-10-16T10:28:21+00:00","description":"Unsere PrecisionBrew-Kaffeemaschinen zeichnen sich durch eine branchenneue Technologie aus, die f\u00fcr ein einmaliges Aroma sorgt.","breadcrumb":{"@id":"https:\/\/www.electroluxprofessional.com\/at\/getraenkeloesungen\/kaffeemaschinen\/#breadcrumb"},"inLanguage":"de-AT","potentialAction":[{"@type":"ReadAction","target":["https:\/\/www.electroluxprofessional.com\/at\/getraenkeloesungen\/kaffeemaschinen\/"]}]},{"@type":"BreadcrumbList","@id":"https:\/\/www.electroluxprofessional.com\/at\/getraenkeloesungen\/kaffeemaschinen\/#breadcrumb","itemListElement":[{"@type":"ListItem","position":1,"name":"Startseite","item":"https:\/\/www.electroluxprofessional.com\/at\/"},{"@type":"ListItem","position":2,"name":"Getr\u00e4nkel\u00f6sungen","item":"https:\/\/www.electroluxprofessional.com\/at\/getraenkeloesungen\/"},{"@type":"ListItem","position":3,"name":"Kaffeemaschinen"}]},{"@type":"WebSite","@id":"https:\/\/www.electroluxprofessional.com\/at\/#website","url":"https:\/\/www.electroluxprofessional.com\/at\/","name":"Electrolux Professional \u00d6sterreich","description":"","potentialAction":[{"@type":"SearchAction","target":{"@type":"EntryPoint","urlTemplate":"https:\/\/www.electroluxprofessional.com\/at\/?src={search_term_string}"},"query-input":"required name=search_term_string"}],"inLanguage":"de-AT"}]}},"_links":{"self":[{"href":"https:\/\/www.electroluxprofessional.com\/at\/wp-json\/wp\/v2\/pages\/6785"}],"collection":[{"href":"https:\/\/www.electroluxprofessional.com\/at\/wp-json\/wp\/v2\/pages"}],"about":[{"href":"https:\/\/www.electroluxprofessional.com\/at\/wp-json\/wp\/v2\/types\/page"}],"author":[{"embeddable":true,"href":"https:\/\/www.electroluxprofessional.com\/at\/wp-json\/wp\/v2\/users\/1"}],"replies":[{"embeddable":true,"href":"https:\/\/www.electroluxprofessional.com\/at\/wp-json\/wp\/v2\/comments?post=6785"}],"version-history":[{"count":5,"href":"https:\/\/www.electroluxprofessional.com\/at\/wp-json\/wp\/v2\/pages\/6785\/revisions"}],"predecessor-version":[{"id":20422,"href":"https:\/\/www.electroluxprofessional.com\/at\/wp-json\/wp\/v2\/pages\/6785\/revisions\/20422"}],"up":[{"embeddable":true,"href":"https:\/\/www.electroluxprofessional.com\/at\/wp-json\/wp\/v2\/pages\/6751"}],"wp:attachment":[{"href":"https:\/\/www.electroluxprofessional.com\/at\/wp-json\/wp\/v2\/media?parent=6785"}],"curies":[{"name":"wp","href":"https:\/\/api.w.org\/{rel}","templated":true}]}}