{"id":6751,"date":"2019-03-28T17:19:04","date_gmt":"2019-03-28T16:19:04","guid":{"rendered":"https:\/\/www.electroluxprofessional.com\/?page_id=22125"},"modified":"2024-03-05T09:17:18","modified_gmt":"2024-03-05T08:17:18","slug":"getraenkeloesungen","status":"publish","type":"page","link":"https:\/\/www.electroluxprofessional.com\/at\/getraenkeloesungen\/","title":{"rendered":"Getr\u00e4nkel\u00f6sungen"},"content":{"rendered":"<p>[vc_row full_width=&#8221;electroluxpro-full-width-no-padding&#8221;][vc_column][vc_single_image image=&#8221;6740&#8243; img_size=&#8221;2000&#215;350&#8243; alignment=&#8221;center&#8221;][\/vc_column][\/vc_row][vc_row][vc_column][vc_empty_space][elx_heading font_container=&#8221;h1&#8243; font_size=&#8221;h3&#8243; text_color=&#8221;inherit&#8221; text_align=&#8221;text-left&#8221;]Ger\u00e4tel\u00f6sungen f\u00fcr Hei\u00df- und Kaltgetr\u00e4nke \u2013 wie f\u00fcr Sie gemacht![\/elx_heading][vc_column_text]Electrolux Professional pr\u00e4sentiert neue <strong>Ger\u00e4tel\u00f6sungen f\u00fcr Hei\u00df- und Kaltgetr\u00e4nke<\/strong>, mit denen Sie Ihr Getr\u00e4nkeangebot erweitern und gleichzeitig M\u00fcll reduzieren, den Ger\u00e4teeinsatz vereinfachen und den Erwartungen Ihrer Kunden an aromatische, qualitativ hochwertige Getr\u00e4nke gerecht werden.[\/vc_column_text][vc_empty_space height=&#8221;80px&#8221;][\/vc_column][\/vc_row][vc_row][vc_column width=&#8221;1\/4&#8243;][elx_navigation_branch image=&#8221;6762&#8243; menu_list=&#8221;7054&#8243;][\/vc_column][vc_column width=&#8221;1\/4&#8243;][elx_navigation_branch image=&#8221;6737&#8243; menu_list=&#8221;7055&#8243;][\/vc_column][vc_column width=&#8221;1\/4&#8243;][elx_navigation_branch image=&#8221;6746&#8243; menu_list=&#8221;7056&#8243;][\/vc_column][vc_column width=&#8221;1\/4&#8243;][elx_navigation_branch image=&#8221;6767&#8243; menu_list=&#8221;7057&#8243;][\/vc_column][\/vc_row][vc_row css=&#8221;.vc_custom_1517241829552{border-top-width: 1px !important;background-color: #ffffff !important;border-top-color: #eeeeee !important;border-top-style: solid !important;}&#8221;][vc_column reveal_effect=&#8221;&#8221;][vc_empty_space height=&#8221;70px&#8221;][elx_heading font_size=&#8221;h3&#8243; text_color=&#8221;inherit&#8221; text_align=&#8221;text-left&#8221;]Erfahren Sie mehr zu Getr\u00e4nkel\u00f6sungen[\/elx_heading][elx_o2000_contact_us s=&#8221;Anfrage zu Getr\u00e4nkel\u00f6sungen&#8221; country=&#8221;Germany&#8221; b=&#8221;beverage&#8221; r=&#8221;Ich w\u00fcrde gerne mehr \u00fcber Ihre Getr\u00e4nkel\u00f6sungen erfahren. Bitte nehmen Sie Kontakt mit mir auf. Danke.&#8221; l=&#8221;de&#8221;][\/vc_column][\/vc_row][vc_row][vc_column][vc_empty_space height=&#8221;100px&#8221;][elx_heading font_size=&#8221;h3&#8243; text_color=&#8221;inherit&#8221; text_align=&#8221;text-left&#8221;]Finden Sie die L\u00f6sung f\u00fcr Ihr Business[\/elx_heading][\/vc_column][\/vc_row][vc_row][vc_column width=&#8221;1\/3&#8243;][elx_maylike_box id_box=&#8221;1445&#8243;][\/vc_column][vc_column width=&#8221;1\/3&#8243;][elx_maylike_box id_box=&#8221;337&#8243;][\/vc_column][vc_column width=&#8221;1\/3&#8243;][elx_maylike_box id_box=&#8221;374&#8243;][\/vc_column][\/vc_row]<\/p>\n","protected":false},"excerpt":{"rendered":"<p>[vc_row full_width=&#8221;electroluxpro-full-width-no-padding&#8221;][vc_column][vc_single_image image=&#8221;6740&#8243; img_size=&#8221;2000&#215;350&#8243; alignment=&#8221;center&#8221;][\/vc_column][\/vc_row][vc_row][vc_column][vc_empty_space][elx_heading font_container=&#8221;h1&#8243; font_size=&#8221;h3&#8243; text_color=&#8221;inherit&#8221; text_align=&#8221;text-left&#8221;]Ger\u00e4tel\u00f6sungen f\u00fcr Hei\u00df- und Kaltgetr\u00e4nke \u2013 wie f\u00fcr Sie gemacht![\/elx_heading][vc_column_text]Electrolux Professional pr\u00e4sentiert neue Ger\u00e4tel\u00f6sungen f\u00fcr Hei\u00df- und Kaltgetr\u00e4nke, mit denen Sie Ihr Getr\u00e4nkeangebot erweitern und gleichzeitig M\u00fcll reduzieren, den Ger\u00e4teeinsatz vereinfachen und den Erwartungen Ihrer Kunden an aromatische, qualitativ hochwertige Getr\u00e4nke gerecht werden.[\/vc_column_text][vc_empty_space height=&#8221;80px&#8221;][\/vc_column][\/vc_row][vc_row][vc_column width=&#8221;1\/4&#8243;][elx_navigation_branch image=&#8221;6762&#8243; menu_list=&#8221;7054&#8243;][\/vc_column][vc_column [&hellip;]<\/p>\n","protected":false},"author":161,"featured_media":0,"parent":0,"menu_order":0,"comment_status":"closed","ping_status":"closed","template":"","meta":{"footnotes":""},"class_list":["post-6751","page","type-page","status-publish","hentry"],"acf":[],"yoast_head":"<!-- This site is optimized with the Yoast SEO plugin v23.3 - https:\/\/yoast.com\/wordpress\/plugins\/seo\/ -->\n<title>Ger\u00e4tel\u00f6sungen f\u00fcr Hei\u00df- und Kaltgetr\u00e4nke | Electrolux Professional<\/title>\n<meta name=\"description\" content=\"Hei\u00df- und Kaltgetr\u00e4nke-L\u00f6sungen, mit denen Sie den Erwartungen Ihrer Kunden an aromatische, qualitativ hochwertige Getr\u00e4nke gerecht werden.\" \/>\n<meta name=\"robots\" content=\"index, follow, max-snippet:-1, max-image-preview:large, max-video-preview:-1\" \/>\n<link rel=\"canonical\" href=\"https:\/\/www.electroluxprofessional.com\/at\/getraenkeloesungen\/\" \/>\n<meta property=\"og:locale\" content=\"de_DE\" \/>\n<meta property=\"og:type\" content=\"article\" \/>\n<meta property=\"og:title\" content=\"Ger\u00e4tel\u00f6sungen f\u00fcr Hei\u00df- und Kaltgetr\u00e4nke | Electrolux Professional\" \/>\n<meta property=\"og:description\" content=\"Hei\u00df- und Kaltgetr\u00e4nke-L\u00f6sungen, mit denen Sie den Erwartungen Ihrer Kunden an aromatische, qualitativ hochwertige Getr\u00e4nke gerecht werden.\" \/>\n<meta property=\"og:url\" content=\"https:\/\/www.electroluxprofessional.com\/at\/getraenkeloesungen\/\" \/>\n<meta property=\"og:site_name\" content=\"Electrolux Professional \u00d6sterreich\" \/>\n<meta property=\"article:modified_time\" content=\"2024-03-05T08:17:18+00:00\" \/>\n<meta name=\"twitter:card\" content=\"summary_large_image\" \/>\n<meta name=\"twitter:label1\" content=\"Gesch\u00e4tzte Lesezeit\" \/>\n\t<meta name=\"twitter:data1\" content=\"1 Minute\" \/>\n<script type=\"application\/ld+json\" class=\"yoast-schema-graph\">{\"@context\":\"https:\/\/schema.org\",\"@graph\":[{\"@type\":\"WebPage\",\"@id\":\"https:\/\/www.electroluxprofessional.com\/at\/getraenkeloesungen\/\",\"url\":\"https:\/\/www.electroluxprofessional.com\/at\/getraenkeloesungen\/\",\"name\":\"Ger\u00e4tel\u00f6sungen f\u00fcr Hei\u00df- und Kaltgetr\u00e4nke | Electrolux Professional\",\"isPartOf\":{\"@id\":\"https:\/\/www.electroluxprofessional.com\/at\/#website\"},\"datePublished\":\"2019-03-28T16:19:04+00:00\",\"dateModified\":\"2024-03-05T08:17:18+00:00\",\"description\":\"Hei\u00df- und Kaltgetr\u00e4nke-L\u00f6sungen, mit denen Sie den Erwartungen Ihrer Kunden an aromatische, qualitativ hochwertige Getr\u00e4nke gerecht werden.\",\"breadcrumb\":{\"@id\":\"https:\/\/www.electroluxprofessional.com\/at\/getraenkeloesungen\/#breadcrumb\"},\"inLanguage\":\"de-AT\",\"potentialAction\":[{\"@type\":\"ReadAction\",\"target\":[\"https:\/\/www.electroluxprofessional.com\/at\/getraenkeloesungen\/\"]}]},{\"@type\":\"BreadcrumbList\",\"@id\":\"https:\/\/www.electroluxprofessional.com\/at\/getraenkeloesungen\/#breadcrumb\",\"itemListElement\":[{\"@type\":\"ListItem\",\"position\":1,\"name\":\"Startseite\",\"item\":\"https:\/\/www.electroluxprofessional.com\/at\/\"},{\"@type\":\"ListItem\",\"position\":2,\"name\":\"Getr\u00e4nkel\u00f6sungen\"}]},{\"@type\":\"WebSite\",\"@id\":\"https:\/\/www.electroluxprofessional.com\/at\/#website\",\"url\":\"https:\/\/www.electroluxprofessional.com\/at\/\",\"name\":\"Electrolux Professional \u00d6sterreich\",\"description\":\"\",\"potentialAction\":[{\"@type\":\"SearchAction\",\"target\":{\"@type\":\"EntryPoint\",\"urlTemplate\":\"https:\/\/www.electroluxprofessional.com\/at\/?src={search_term_string}\"},\"query-input\":\"required name=search_term_string\"}],\"inLanguage\":\"de-AT\"}]}<\/script>\n<!-- \/ Yoast SEO plugin. -->","yoast_head_json":{"title":"Ger\u00e4tel\u00f6sungen f\u00fcr Hei\u00df- und Kaltgetr\u00e4nke | Electrolux Professional","description":"Hei\u00df- und Kaltgetr\u00e4nke-L\u00f6sungen, mit denen Sie den Erwartungen Ihrer Kunden an aromatische, qualitativ hochwertige Getr\u00e4nke gerecht werden.","robots":{"index":"index","follow":"follow","max-snippet":"max-snippet:-1","max-image-preview":"max-image-preview:large","max-video-preview":"max-video-preview:-1"},"canonical":"https:\/\/www.electroluxprofessional.com\/at\/getraenkeloesungen\/","og_locale":"de_DE","og_type":"article","og_title":"Ger\u00e4tel\u00f6sungen f\u00fcr Hei\u00df- und Kaltgetr\u00e4nke | Electrolux Professional","og_description":"Hei\u00df- und Kaltgetr\u00e4nke-L\u00f6sungen, mit denen Sie den Erwartungen Ihrer Kunden an aromatische, qualitativ hochwertige Getr\u00e4nke gerecht werden.","og_url":"https:\/\/www.electroluxprofessional.com\/at\/getraenkeloesungen\/","og_site_name":"Electrolux Professional \u00d6sterreich","article_modified_time":"2024-03-05T08:17:18+00:00","twitter_card":"summary_large_image","twitter_misc":{"Gesch\u00e4tzte Lesezeit":"1 Minute"},"schema":{"@context":"https:\/\/schema.org","@graph":[{"@type":"WebPage","@id":"https:\/\/www.electroluxprofessional.com\/at\/getraenkeloesungen\/","url":"https:\/\/www.electroluxprofessional.com\/at\/getraenkeloesungen\/","name":"Ger\u00e4tel\u00f6sungen f\u00fcr Hei\u00df- und Kaltgetr\u00e4nke | Electrolux Professional","isPartOf":{"@id":"https:\/\/www.electroluxprofessional.com\/at\/#website"},"datePublished":"2019-03-28T16:19:04+00:00","dateModified":"2024-03-05T08:17:18+00:00","description":"Hei\u00df- und Kaltgetr\u00e4nke-L\u00f6sungen, mit denen Sie den Erwartungen Ihrer Kunden an aromatische, qualitativ hochwertige Getr\u00e4nke gerecht werden.","breadcrumb":{"@id":"https:\/\/www.electroluxprofessional.com\/at\/getraenkeloesungen\/#breadcrumb"},"inLanguage":"de-AT","potentialAction":[{"@type":"ReadAction","target":["https:\/\/www.electroluxprofessional.com\/at\/getraenkeloesungen\/"]}]},{"@type":"BreadcrumbList","@id":"https:\/\/www.electroluxprofessional.com\/at\/getraenkeloesungen\/#breadcrumb","itemListElement":[{"@type":"ListItem","position":1,"name":"Startseite","item":"https:\/\/www.electroluxprofessional.com\/at\/"},{"@type":"ListItem","position":2,"name":"Getr\u00e4nkel\u00f6sungen"}]},{"@type":"WebSite","@id":"https:\/\/www.electroluxprofessional.com\/at\/#website","url":"https:\/\/www.electroluxprofessional.com\/at\/","name":"Electrolux Professional \u00d6sterreich","description":"","potentialAction":[{"@type":"SearchAction","target":{"@type":"EntryPoint","urlTemplate":"https:\/\/www.electroluxprofessional.com\/at\/?src={search_term_string}"},"query-input":"required name=search_term_string"}],"inLanguage":"de-AT"}]}},"_links":{"self":[{"href":"https:\/\/www.electroluxprofessional.com\/at\/wp-json\/wp\/v2\/pages\/6751"}],"collection":[{"href":"https:\/\/www.electroluxprofessional.com\/at\/wp-json\/wp\/v2\/pages"}],"about":[{"href":"https:\/\/www.electroluxprofessional.com\/at\/wp-json\/wp\/v2\/types\/page"}],"author":[{"embeddable":true,"href":"https:\/\/www.electroluxprofessional.com\/at\/wp-json\/wp\/v2\/users\/161"}],"replies":[{"embeddable":true,"href":"https:\/\/www.electroluxprofessional.com\/at\/wp-json\/wp\/v2\/comments?post=6751"}],"version-history":[{"count":10,"href":"https:\/\/www.electroluxprofessional.com\/at\/wp-json\/wp\/v2\/pages\/6751\/revisions"}],"predecessor-version":[{"id":17793,"href":"https:\/\/www.electroluxprofessional.com\/at\/wp-json\/wp\/v2\/pages\/6751\/revisions\/17793"}],"wp:attachment":[{"href":"https:\/\/www.electroluxprofessional.com\/at\/wp-json\/wp\/v2\/media?parent=6751"}],"curies":[{"name":"wp","href":"https:\/\/api.w.org\/{rel}","templated":true}]}}