{"id":580,"date":"2016-05-02T12:24:37","date_gmt":"2016-05-02T12:24:37","guid":{"rendered":"http:\/\/testepr.jobinformatica.it\/?page_id=406"},"modified":"2025-02-13T14:30:16","modified_gmt":"2025-02-13T13:30:16","slug":"sales-und-service-locator","status":"publish","type":"page","link":"https:\/\/www.electroluxprofessional.com\/at\/sales-und-service-locator\/","title":{"rendered":"Sales und Service Locator"},"content":{"rendered":"<p>[vc_row full_width=&#8221;electroluxpro-full-width&#8221;][vc_column][elx_hero_title label=&#8221;&#8221; label_background_color=&#8221;inherit&#8221; background_image=&#8221;13090&#8243;][elx_heading font_container=&#8221;h1&#8243; font_size=&#8221;h3&#8243; text_color=&#8221;white&#8221;]Servicepartner- und H\u00e4ndlersuche[\/elx_heading][\/elx_hero_title][\/vc_column][\/vc_row][vc_row][vc_column][vc_empty_space][elx_o2000_locator cf=&#8221;Austria&#8221; l=&#8221;de&#8221; container=&#8221;elxlocator1491833985&#8243; request=&#8221;Geben Sie hier Ihre Nachricht \u00fcber {{acs}} ein&#8221;][vc_empty_space][\/vc_column][\/vc_row][vc_row][vc_column width=&#8221;2\/3&#8243;][vc_empty_space][vc_column_text]Wenn Sie einen Reparaturauftrag im Bereich Gro\u00dfk\u00fcche aufgeben m\u00f6chten, k\u00f6nnen Sie dies auch ganz bequem \u00fcber unser Formular machen:[\/vc_column_text][\/vc_column][vc_column width=&#8221;1\/3&#8243;][vc_empty_space][elx_button button_text=&#8221;Zum Reparaturauftrag Food Service&#8221; button_link=&#8221;url:https%3A%2F%2Fwww.electroluxprofessional.com%2Fat%2Freparaturauftrag-efs%2F|title:Reparaturauftrag%20Food%20Service&#8221;][\/vc_column][\/vc_row][vc_row][vc_column][vc_empty_space][\/vc_column][\/vc_row][vc_row custom_color_row=&#8221;bg-row-light-blue&#8221; css=&#8221;.vc_custom_1739176875824{background-color: #e9eff5 !important;}&#8221;][vc_column][vc_empty_space][elx_heading font_size=&#8221;h4&#8243; text_color=&#8221;electrolux-blue&#8221; text_align=&#8221;text-left&#8221;]Werden Sie ein zertifizierter Servicepartner!  [\/elx_heading][vc_empty_space height=&#8221;10px&#8221;][vc_column_text]<span class=\"TextRun SCXW181922780 BCX0\" data-contrast=\"none\"><span class=\"NormalTextRun SCXW181922780 BCX0\">Treten Sie unserem zertifizierten Servicenetzwerk bei! Erweitern Sie Ihr Gesch\u00e4ft, indem Sie ein autorisierter Servicepartner werden. Erhalten Sie Zugang zu exklusiven Schulungen, Unterst\u00fctzung und Wachstumschancen.\u00a0<\/span><\/span><span class=\"EOP SCXW181922780 BCX0\" data-ccp-props=\"{&quot;134233117&quot;:true,&quot;201341983&quot;:0,&quot;335557856&quot;:16777215,&quot;335559739&quot;:0,&quot;335559740&quot;:240}\">\u00a0<\/span>[\/vc_column_text][vc_empty_space height=&#8221;25px&#8221;][elx_o2000_contact_us request_type=&#8221;Customer support&#8221; button_mode=&#8221;true&#8221; button_style=&#8221;secondary&#8221; postion_button=&#8221;text-left&#8221; postion_button_mobile=&#8221;text-left-mobile&#8221; text_btn_contact=&#8221;Bewerben Sie sich noch heute! &#8221; r=&#8221;Ich m\u00f6chte kontaktiert werden, um Ihr Servicepartner zu werden. Danke.&#8221;][vc_empty_space height=&#8221;40px&#8221;][\/vc_column][\/vc_row]<\/p>\n","protected":false},"excerpt":{"rendered":"<p>[vc_row full_width=&#8221;electroluxpro-full-width&#8221;][vc_column][elx_hero_title label=&#8221;&#8221; label_background_color=&#8221;inherit&#8221; background_image=&#8221;13090&#8243;][elx_heading font_container=&#8221;h1&#8243; font_size=&#8221;h3&#8243; text_color=&#8221;white&#8221;]Servicepartner- und H\u00e4ndlersuche[\/elx_heading][\/elx_hero_title][\/vc_column][\/vc_row][vc_row][vc_column][vc_empty_space][elx_o2000_locator cf=&#8221;Austria&#8221; l=&#8221;de&#8221; container=&#8221;elxlocator1491833985&#8243; request=&#8221;Geben Sie hier Ihre Nachricht \u00fcber {{acs}} ein&#8221;][vc_empty_space][\/vc_column][\/vc_row][vc_row][vc_column width=&#8221;2\/3&#8243;][vc_empty_space][vc_column_text]Wenn Sie einen Reparaturauftrag im Bereich Gro\u00dfk\u00fcche aufgeben m\u00f6chten, k\u00f6nnen Sie dies auch ganz bequem \u00fcber unser Formular machen:[\/vc_column_text][\/vc_column][vc_column width=&#8221;1\/3&#8243;][vc_empty_space][elx_button button_text=&#8221;Zum Reparaturauftrag Food Service&#8221; button_link=&#8221;url:https%3A%2F%2Fwww.electroluxprofessional.com%2Fat%2Freparaturauftrag-efs%2F|title:Reparaturauftrag%20Food%20Service&#8221;][\/vc_column][\/vc_row][vc_row][vc_column][vc_empty_space][\/vc_column][\/vc_row][vc_row custom_color_row=&#8221;bg-row-light-blue&#8221; css=&#8221;.vc_custom_1739176875824{background-color: #e9eff5 !important;}&#8221;][vc_column][vc_empty_space][elx_heading font_size=&#8221;h4&#8243; text_color=&#8221;electrolux-blue&#8221; text_align=&#8221;text-left&#8221;]Werden Sie ein [&hellip;]<\/p>\n","protected":false},"author":5,"featured_media":0,"parent":0,"menu_order":0,"comment_status":"closed","ping_status":"closed","template":"","meta":{"footnotes":""},"class_list":["post-580","page","type-page","status-publish","hentry"],"acf":[],"yoast_head":"<!-- This site is optimized with the Yoast SEO plugin v23.3 - https:\/\/yoast.com\/wordpress\/plugins\/seo\/ -->\n<title>Servicepartner- und H\u00e4ndlersuche | Electrolux Professional<\/title>\n<meta name=\"description\" content=\"Bei der Servicepartner- und H\u00e4ndlersuche finden Sie alle Vertriebsstellen und Dienstleister von Electrolux Professional in Ihrer N\u00e4he.\" \/>\n<meta name=\"robots\" content=\"index, follow, max-snippet:-1, max-image-preview:large, max-video-preview:-1\" \/>\n<link rel=\"canonical\" href=\"https:\/\/www.electroluxprofessional.com\/at\/sales-und-service-locator\/\" \/>\n<meta property=\"og:locale\" content=\"de_DE\" \/>\n<meta property=\"og:type\" content=\"article\" \/>\n<meta property=\"og:title\" content=\"Servicepartner- und H\u00e4ndlersuche | Electrolux Professional\" \/>\n<meta property=\"og:description\" content=\"Bei der Servicepartner- und H\u00e4ndlersuche finden Sie alle Vertriebsstellen und Dienstleister von Electrolux Professional in Ihrer N\u00e4he.\" \/>\n<meta property=\"og:url\" content=\"https:\/\/www.electroluxprofessional.com\/at\/sales-und-service-locator\/\" \/>\n<meta property=\"og:site_name\" content=\"Electrolux Professional \u00d6sterreich\" \/>\n<meta property=\"article:modified_time\" content=\"2025-02-13T13:30:16+00:00\" \/>\n<meta name=\"twitter:card\" content=\"summary_large_image\" \/>\n<meta name=\"twitter:label1\" content=\"Gesch\u00e4tzte Lesezeit\" \/>\n\t<meta name=\"twitter:data1\" content=\"2 Minuten\" \/>\n<script type=\"application\/ld+json\" class=\"yoast-schema-graph\">{\"@context\":\"https:\/\/schema.org\",\"@graph\":[{\"@type\":\"WebPage\",\"@id\":\"https:\/\/www.electroluxprofessional.com\/at\/sales-und-service-locator\/\",\"url\":\"https:\/\/www.electroluxprofessional.com\/at\/sales-und-service-locator\/\",\"name\":\"Servicepartner- und H\u00e4ndlersuche | Electrolux Professional\",\"isPartOf\":{\"@id\":\"https:\/\/www.electroluxprofessional.com\/at\/#website\"},\"datePublished\":\"2016-05-02T12:24:37+00:00\",\"dateModified\":\"2025-02-13T13:30:16+00:00\",\"description\":\"Bei der Servicepartner- und H\u00e4ndlersuche finden Sie alle Vertriebsstellen und Dienstleister von Electrolux Professional in Ihrer N\u00e4he.\",\"breadcrumb\":{\"@id\":\"https:\/\/www.electroluxprofessional.com\/at\/sales-und-service-locator\/#breadcrumb\"},\"inLanguage\":\"de-AT\",\"potentialAction\":[{\"@type\":\"ReadAction\",\"target\":[\"https:\/\/www.electroluxprofessional.com\/at\/sales-und-service-locator\/\"]}]},{\"@type\":\"BreadcrumbList\",\"@id\":\"https:\/\/www.electroluxprofessional.com\/at\/sales-und-service-locator\/#breadcrumb\",\"itemListElement\":[{\"@type\":\"ListItem\",\"position\":1,\"name\":\"Startseite\",\"item\":\"https:\/\/www.electroluxprofessional.com\/at\/\"},{\"@type\":\"ListItem\",\"position\":2,\"name\":\"Sales und Service Locator\"}]},{\"@type\":\"WebSite\",\"@id\":\"https:\/\/www.electroluxprofessional.com\/at\/#website\",\"url\":\"https:\/\/www.electroluxprofessional.com\/at\/\",\"name\":\"Electrolux Professional \u00d6sterreich\",\"description\":\"\",\"potentialAction\":[{\"@type\":\"SearchAction\",\"target\":{\"@type\":\"EntryPoint\",\"urlTemplate\":\"https:\/\/www.electroluxprofessional.com\/at\/?src={search_term_string}\"},\"query-input\":\"required name=search_term_string\"}],\"inLanguage\":\"de-AT\"}]}<\/script>\n<!-- \/ Yoast SEO plugin. -->","yoast_head_json":{"title":"Servicepartner- und H\u00e4ndlersuche | Electrolux Professional","description":"Bei der Servicepartner- und H\u00e4ndlersuche finden Sie alle Vertriebsstellen und Dienstleister von Electrolux Professional in Ihrer N\u00e4he.","robots":{"index":"index","follow":"follow","max-snippet":"max-snippet:-1","max-image-preview":"max-image-preview:large","max-video-preview":"max-video-preview:-1"},"canonical":"https:\/\/www.electroluxprofessional.com\/at\/sales-und-service-locator\/","og_locale":"de_DE","og_type":"article","og_title":"Servicepartner- und H\u00e4ndlersuche | Electrolux Professional","og_description":"Bei der Servicepartner- und H\u00e4ndlersuche finden Sie alle Vertriebsstellen und Dienstleister von Electrolux Professional in Ihrer N\u00e4he.","og_url":"https:\/\/www.electroluxprofessional.com\/at\/sales-und-service-locator\/","og_site_name":"Electrolux Professional \u00d6sterreich","article_modified_time":"2025-02-13T13:30:16+00:00","twitter_card":"summary_large_image","twitter_misc":{"Gesch\u00e4tzte Lesezeit":"2 Minuten"},"schema":{"@context":"https:\/\/schema.org","@graph":[{"@type":"WebPage","@id":"https:\/\/www.electroluxprofessional.com\/at\/sales-und-service-locator\/","url":"https:\/\/www.electroluxprofessional.com\/at\/sales-und-service-locator\/","name":"Servicepartner- und H\u00e4ndlersuche | Electrolux Professional","isPartOf":{"@id":"https:\/\/www.electroluxprofessional.com\/at\/#website"},"datePublished":"2016-05-02T12:24:37+00:00","dateModified":"2025-02-13T13:30:16+00:00","description":"Bei der Servicepartner- und H\u00e4ndlersuche finden Sie alle Vertriebsstellen und Dienstleister von Electrolux Professional in Ihrer N\u00e4he.","breadcrumb":{"@id":"https:\/\/www.electroluxprofessional.com\/at\/sales-und-service-locator\/#breadcrumb"},"inLanguage":"de-AT","potentialAction":[{"@type":"ReadAction","target":["https:\/\/www.electroluxprofessional.com\/at\/sales-und-service-locator\/"]}]},{"@type":"BreadcrumbList","@id":"https:\/\/www.electroluxprofessional.com\/at\/sales-und-service-locator\/#breadcrumb","itemListElement":[{"@type":"ListItem","position":1,"name":"Startseite","item":"https:\/\/www.electroluxprofessional.com\/at\/"},{"@type":"ListItem","position":2,"name":"Sales und Service Locator"}]},{"@type":"WebSite","@id":"https:\/\/www.electroluxprofessional.com\/at\/#website","url":"https:\/\/www.electroluxprofessional.com\/at\/","name":"Electrolux Professional \u00d6sterreich","description":"","potentialAction":[{"@type":"SearchAction","target":{"@type":"EntryPoint","urlTemplate":"https:\/\/www.electroluxprofessional.com\/at\/?src={search_term_string}"},"query-input":"required name=search_term_string"}],"inLanguage":"de-AT"}]}},"_links":{"self":[{"href":"https:\/\/www.electroluxprofessional.com\/at\/wp-json\/wp\/v2\/pages\/580"}],"collection":[{"href":"https:\/\/www.electroluxprofessional.com\/at\/wp-json\/wp\/v2\/pages"}],"about":[{"href":"https:\/\/www.electroluxprofessional.com\/at\/wp-json\/wp\/v2\/types\/page"}],"author":[{"embeddable":true,"href":"https:\/\/www.electroluxprofessional.com\/at\/wp-json\/wp\/v2\/users\/5"}],"replies":[{"embeddable":true,"href":"https:\/\/www.electroluxprofessional.com\/at\/wp-json\/wp\/v2\/comments?post=580"}],"version-history":[{"count":10,"href":"https:\/\/www.electroluxprofessional.com\/at\/wp-json\/wp\/v2\/pages\/580\/revisions"}],"predecessor-version":[{"id":19567,"href":"https:\/\/www.electroluxprofessional.com\/at\/wp-json\/wp\/v2\/pages\/580\/revisions\/19567"}],"wp:attachment":[{"href":"https:\/\/www.electroluxprofessional.com\/at\/wp-json\/wp\/v2\/media?parent=580"}],"curies":[{"name":"wp","href":"https:\/\/api.w.org\/{rel}","templated":true}]}}