{"id":4926,"date":"2017-01-16T09:08:44","date_gmt":"2017-01-16T08:08:44","guid":{"rendered":"https:\/\/www.electroluxprofessional.com\/?page_id=8361"},"modified":"2026-03-26T15:13:14","modified_gmt":"2026-03-26T14:13:14","slug":"spueltechnik","status":"publish","type":"page","link":"https:\/\/www.electroluxprofessional.com\/at\/zubehoer-verbrauchsmaterialien\/spueltechnik\/","title":{"rendered":"Zubeh\u00f6r und Verbrauchsmaterialien &#8211; Sp\u00fcltechnik"},"content":{"rendered":"<p>[vc_row full_width=&#8221;electroluxpro-full-width-no-padding&#8221;][vc_column][elx_image_block background_image=&#8221;4910&#8243; minimum_height=&#8221;400px&#8221;][\/vc_column][\/vc_row][vc_row][vc_column][elx_menu menu_name=&#8221;Zubeh\u00f6r Food&#8221;][elx_heading font_container=&#8221;h1&#8243; font_size=&#8221;h3&#8243; text_color=&#8221;electrolux-blue&#8221; text_align=&#8221;text-center&#8221;]Zubeh\u00f6r und Verbrauchsmaterialien<br \/>\nSp\u00fcltechnik[\/elx_heading][vc_empty_space][vc_column_text]<\/p>\n<p style=\"text-align: center;\">Brillante Ergebnisse und beste Leistung kann man nur mit unseren L\u00f6sungen dank der Zubeh\u00f6r- und Verbrauchsmaterialien erzielen.<\/p>\n<p>[\/vc_column_text][vc_empty_space][elx_button button_text=&#8221;Erfahren Sie mehr \u00fcber unsere Sp\u00fcll\u00f6sungen&#8221; button_display_block=&#8221;display_block_on&#8221; button_alignment=&#8221;align_center&#8221; button_link=&#8221;url:https%3A%2F%2Fwww.electroluxprofessional.com%2Fde%2Fgrosskuechentechnik%2Fspueltechnik%2F|target:_blank&#8221;][vc_empty_space][\/vc_column][\/vc_row][vc_row equal_height=&#8221;yes&#8221;][vc_column width=&#8221;1\/2&#8243;][elx_heading font_size=&#8221;h5&#8243; text_color=&#8221;inherit&#8221;]K\u00f6rbe f\u00fcr den universellen Einsatz[\/elx_heading][vc_column_text]W\u00e4hlen Sie aus unseren verschiedenen K\u00f6rben: f\u00fcr flache Teller oder Schalen; mit Drahteinsatz f\u00fcr Pizzateller, Tassen oder Kaffeetassen; mit Beh\u00e4ltern f\u00fcr Besteck; mit offener Seite f\u00fcr Tabletts.[\/vc_column_text][vc_empty_space][elx_shop_now button_text=&#8221;Jetzt einkaufen&#8221; button_display_block=&#8221;display_block_on&#8221; button_link=&#8221;url:https%3A%2F%2Fbuy.electroluxprofessional.com%2Fde%2Fparts%3Fq%3Dbaskets|target:_blank&#8221;][vc_empty_space][vc_empty_space][vc_empty_space][\/vc_column][vc_column width=&#8221;1\/2&#8243;][vc_single_image image=&#8221;4924&#8243; img_size=&#8221;530*285&#8243; css_animation=&#8221;none&#8221;][vc_empty_space height=&#8221;20px&#8221;][vc_empty_space height=&#8221;20px&#8221;][\/vc_column][\/vc_row][vc_row equal_height=&#8221;yes&#8221;][vc_column width=&#8221;1\/2&#8243;][vc_single_image image=&#8221;16077&#8243; img_size=&#8221;530*285&#8243; alignment=&#8221;center&#8221; css_animation=&#8221;none&#8221;][elx_download_block text=&#8221;Detergents Cards&#8221; document_type=&#8221;brochures&#8221; link=&#8221;https:\/\/www.electroluxprofessional.com\/de\/wp-content\/uploads\/2018\/10\/Card_dw-Detergents_DE.pdf&#8221; background_color=&#8221;inherit&#8221;][\/vc_column][vc_column width=&#8221;1\/2&#8243;][elx_heading font_size=&#8221;h5&#8243; text_color=&#8221;inherit&#8221;]Desinfizierende Fl\u00fcssig-Sp\u00fclmittel[\/elx_heading][vc_column_text]Diese Sp\u00fclmittel beseitigen Tropfen und Flecken vollst\u00e4ndig \u2013 f\u00fcr gl\u00e4nzende Gl\u00e4ser, und vollkommen trockenes und sauberes Geschirr. Dank einer speziellen Formel wird die Bildung von Kalkablagerungen verhindert, was Tellern und Gl\u00e4sern einen nat\u00fcrlichen Glanz verleiht.[\/vc_column_text][vc_empty_space height=&#8221;20px&#8221;][elx_shop_now button_text=&#8221;Jetzt einkaufen&#8221; button_display_block=&#8221;display_block_on&#8221; button_link=&#8221;url:https%3A%2F%2Fbuy.electroluxprofessional.com%2Fde%2Felectrolux-professional%2Fcleaners-detergents%2Fparts|target:_blank&#8221;][vc_empty_space][vc_empty_space][\/vc_column][\/vc_row][vc_row][vc_column width=&#8221;1\/3&#8243;][elx_download_block text=&#8221;Brosch\u00fcre zu Gl\u00e4ser- und Untertischsp\u00fclmaschinen herunterladen&#8221; link_target=&#8221;self&#8221; document_type=&#8221;brochures&#8221; link=&#8221;https:\/\/www.electroluxprofessional.com\/de\/kueche\/spueltechnik&#8221; background_color=&#8221;cat-clean&#8221; background_image=&#8221;4917&#8243; reveal_effect=&#8221;&#8221; reveal_duration=&#8221;&#8221; reveal_delay=&#8221;&#8221; br_document_number=&#8221;BR-9JE00171&#8243;][\/vc_column][vc_column width=&#8221;1\/3&#8243;][elx_download_block text=&#8221;Brosch\u00fcre zu Korbtransport-Sp\u00fclmaschinen herunterladen&#8221; document_type=&#8221;brochures&#8221; link=&#8221;https:\/\/www.electroluxprofessional.com\/de\/kueche\/spueltechnik\/korbtransport-spuelmaschinen\/&#8221; background_color=&#8221;cat-clean&#8221; background_image=&#8221;4922&#8243; reveal_effect=&#8221;&#8221; reveal_duration=&#8221;&#8221; reveal_delay=&#8221;&#8221; br_document_number=&#8221;BR-9JE00124&#8243;][\/vc_column][\/vc_row][vc_row][vc_column][vc_empty_space height=&#8221;50px&#8221;][\/vc_column][\/vc_row][vc_row][vc_column][elx_heading text_color=&#8221;inherit&#8221; text_align=&#8221;text-center&#8221;]Sie haben noch Fragen? Kontaktieren Sie uns.[\/elx_heading][elx_o2000_contact_us s=&#8221;Anfrage Zubeh\u00f6r Sp\u00fcltechnik&#8221; request_type=&#8221;Other&#8221; country=&#8221;Austria&#8221; b=&#8221;food&#8221; container=&#8221;elxcontactus1484553998&#8243; r=&#8221;Ich m\u00f6chte mehr erfahren \u00fcber Zubeh\u00f6r und Verbrauchsmaterialien f\u00fcr Sp\u00fcltechnik. Bitte kontaktieren Sie mich.&#8221; l=&#8221;de&#8221;][\/vc_column][\/vc_row]<\/p>\n","protected":false},"excerpt":{"rendered":"<p>[vc_row full_width=&#8221;electroluxpro-full-width-no-padding&#8221;][vc_column][elx_image_block background_image=&#8221;4910&#8243; minimum_height=&#8221;400px&#8221;][\/vc_column][\/vc_row][vc_row][vc_column][elx_menu menu_name=&#8221;Zubeh\u00f6r Food&#8221;][elx_heading font_container=&#8221;h1&#8243; font_size=&#8221;h3&#8243; text_color=&#8221;electrolux-blue&#8221; text_align=&#8221;text-center&#8221;]Zubeh\u00f6r und Verbrauchsmaterialien Sp\u00fcltechnik[\/elx_heading][vc_empty_space][vc_column_text] Brillante Ergebnisse und beste Leistung kann man nur mit unseren L\u00f6sungen dank der Zubeh\u00f6r- und Verbrauchsmaterialien erzielen. [\/vc_column_text][vc_empty_space][elx_button button_text=&#8221;Erfahren Sie mehr \u00fcber unsere Sp\u00fcll\u00f6sungen&#8221; button_display_block=&#8221;display_block_on&#8221; button_alignment=&#8221;align_center&#8221; button_link=&#8221;url:https%3A%2F%2Fwww.electroluxprofessional.com%2Fde%2Fgrosskuechentechnik%2Fspueltechnik%2F|target:_blank&#8221;][vc_empty_space][\/vc_column][\/vc_row][vc_row equal_height=&#8221;yes&#8221;][vc_column width=&#8221;1\/2&#8243;][elx_heading font_size=&#8221;h5&#8243; text_color=&#8221;inherit&#8221;]K\u00f6rbe f\u00fcr den universellen Einsatz[\/elx_heading][vc_column_text]W\u00e4hlen Sie aus unseren verschiedenen K\u00f6rben: f\u00fcr flache [&hellip;]<\/p>\n","protected":false},"author":5,"featured_media":4906,"parent":4876,"menu_order":0,"comment_status":"closed","ping_status":"closed","template":"","meta":{"footnotes":""},"class_list":["post-4926","page","type-page","status-publish","has-post-thumbnail","hentry"],"acf":[],"yoast_head":"<!-- This site is optimized with the Yoast SEO plugin v23.3 - https:\/\/yoast.com\/wordpress\/plugins\/seo\/ -->\n<title>Zubeh\u00f6r Sp\u00fcltechnik | Electrolux Professional<\/title>\n<meta name=\"description\" content=\"Brillante Ergebnisse und beste Leistung kann man nur mit unseren L\u00f6sungen dank der Zubeh\u00f6r- und Verbrauchsmaterialien erzielen.\" \/>\n<meta name=\"robots\" content=\"index, follow, max-snippet:-1, max-image-preview:large, max-video-preview:-1\" \/>\n<link rel=\"canonical\" href=\"https:\/\/www.electroluxprofessional.com\/at\/zubehoer-verbrauchsmaterialien\/spueltechnik\/\" \/>\n<meta property=\"og:locale\" content=\"de_DE\" \/>\n<meta property=\"og:type\" content=\"article\" \/>\n<meta property=\"og:title\" content=\"Zubeh\u00f6r Sp\u00fcltechnik | Electrolux Professional\" \/>\n<meta property=\"og:description\" content=\"Brillante Ergebnisse und beste Leistung kann man nur mit unseren L\u00f6sungen dank der Zubeh\u00f6r- und Verbrauchsmaterialien erzielen.\" \/>\n<meta property=\"og:url\" content=\"https:\/\/www.electroluxprofessional.com\/at\/zubehoer-verbrauchsmaterialien\/spueltechnik\/\" \/>\n<meta property=\"og:site_name\" content=\"Electrolux Professional \u00d6sterreich\" \/>\n<meta property=\"article:modified_time\" content=\"2026-03-26T14:13:14+00:00\" \/>\n<meta property=\"og:image\" content=\"https:\/\/www.electroluxprofessional.com\/at\/wp-content\/uploads\/2016\/08\/detergent-washing-machine-1.jpg\" \/>\n\t<meta property=\"og:image:width\" content=\"750\" \/>\n\t<meta property=\"og:image:height\" content=\"617\" \/>\n\t<meta property=\"og:image:type\" content=\"image\/jpeg\" \/>\n<meta name=\"twitter:card\" content=\"summary_large_image\" \/>\n<meta name=\"twitter:label1\" content=\"Gesch\u00e4tzte Lesezeit\" \/>\n\t<meta name=\"twitter:data1\" content=\"3 Minuten\" \/>\n<script type=\"application\/ld+json\" class=\"yoast-schema-graph\">{\"@context\":\"https:\/\/schema.org\",\"@graph\":[{\"@type\":\"WebPage\",\"@id\":\"https:\/\/www.electroluxprofessional.com\/at\/zubehoer-verbrauchsmaterialien\/spueltechnik\/\",\"url\":\"https:\/\/www.electroluxprofessional.com\/at\/zubehoer-verbrauchsmaterialien\/spueltechnik\/\",\"name\":\"Zubeh\u00f6r Sp\u00fcltechnik | Electrolux Professional\",\"isPartOf\":{\"@id\":\"https:\/\/www.electroluxprofessional.com\/at\/#website\"},\"primaryImageOfPage\":{\"@id\":\"https:\/\/www.electroluxprofessional.com\/at\/zubehoer-verbrauchsmaterialien\/spueltechnik\/#primaryimage\"},\"image\":{\"@id\":\"https:\/\/www.electroluxprofessional.com\/at\/zubehoer-verbrauchsmaterialien\/spueltechnik\/#primaryimage\"},\"thumbnailUrl\":\"https:\/\/www.electroluxprofessional.com\/at\/wp-content\/uploads\/2016\/08\/detergent-washing-machine-1.jpg\",\"datePublished\":\"2017-01-16T08:08:44+00:00\",\"dateModified\":\"2026-03-26T14:13:14+00:00\",\"description\":\"Brillante Ergebnisse und beste Leistung kann man nur mit unseren L\u00f6sungen dank der Zubeh\u00f6r- und Verbrauchsmaterialien erzielen.\",\"breadcrumb\":{\"@id\":\"https:\/\/www.electroluxprofessional.com\/at\/zubehoer-verbrauchsmaterialien\/spueltechnik\/#breadcrumb\"},\"inLanguage\":\"de-AT\",\"potentialAction\":[{\"@type\":\"ReadAction\",\"target\":[\"https:\/\/www.electroluxprofessional.com\/at\/zubehoer-verbrauchsmaterialien\/spueltechnik\/\"]}]},{\"@type\":\"ImageObject\",\"inLanguage\":\"de-AT\",\"@id\":\"https:\/\/www.electroluxprofessional.com\/at\/zubehoer-verbrauchsmaterialien\/spueltechnik\/#primaryimage\",\"url\":\"https:\/\/www.electroluxprofessional.com\/at\/wp-content\/uploads\/2016\/08\/detergent-washing-machine-1.jpg\",\"contentUrl\":\"https:\/\/www.electroluxprofessional.com\/at\/wp-content\/uploads\/2016\/08\/detergent-washing-machine-1.jpg\",\"width\":750,\"height\":617,\"caption\":\"Sp\u00fcltechnik von Electrolux Professional\"},{\"@type\":\"BreadcrumbList\",\"@id\":\"https:\/\/www.electroluxprofessional.com\/at\/zubehoer-verbrauchsmaterialien\/spueltechnik\/#breadcrumb\",\"itemListElement\":[{\"@type\":\"ListItem\",\"position\":1,\"name\":\"Startseite\",\"item\":\"https:\/\/www.electroluxprofessional.com\/at\/\"},{\"@type\":\"ListItem\",\"position\":2,\"name\":\"Zubeh\u00f6r und Verbrauchsmaterialien\",\"item\":\"https:\/\/www.electroluxprofessional.com\/at\/zubehoer-verbrauchsmaterialien\/\"},{\"@type\":\"ListItem\",\"position\":3,\"name\":\"Zubeh\u00f6r und Verbrauchsmaterialien &#8211; Sp\u00fcltechnik\"}]},{\"@type\":\"WebSite\",\"@id\":\"https:\/\/www.electroluxprofessional.com\/at\/#website\",\"url\":\"https:\/\/www.electroluxprofessional.com\/at\/\",\"name\":\"Electrolux Professional \u00d6sterreich\",\"description\":\"\",\"potentialAction\":[{\"@type\":\"SearchAction\",\"target\":{\"@type\":\"EntryPoint\",\"urlTemplate\":\"https:\/\/www.electroluxprofessional.com\/at\/?src={search_term_string}\"},\"query-input\":\"required name=search_term_string\"}],\"inLanguage\":\"de-AT\"}]}<\/script>\n<!-- \/ Yoast SEO plugin. -->","yoast_head_json":{"title":"Zubeh\u00f6r Sp\u00fcltechnik | Electrolux Professional","description":"Brillante Ergebnisse und beste Leistung kann man nur mit unseren L\u00f6sungen dank der Zubeh\u00f6r- und Verbrauchsmaterialien erzielen.","robots":{"index":"index","follow":"follow","max-snippet":"max-snippet:-1","max-image-preview":"max-image-preview:large","max-video-preview":"max-video-preview:-1"},"canonical":"https:\/\/www.electroluxprofessional.com\/at\/zubehoer-verbrauchsmaterialien\/spueltechnik\/","og_locale":"de_DE","og_type":"article","og_title":"Zubeh\u00f6r Sp\u00fcltechnik | Electrolux Professional","og_description":"Brillante Ergebnisse und beste Leistung kann man nur mit unseren L\u00f6sungen dank der Zubeh\u00f6r- und Verbrauchsmaterialien erzielen.","og_url":"https:\/\/www.electroluxprofessional.com\/at\/zubehoer-verbrauchsmaterialien\/spueltechnik\/","og_site_name":"Electrolux Professional \u00d6sterreich","article_modified_time":"2026-03-26T14:13:14+00:00","og_image":[{"width":750,"height":617,"url":"https:\/\/www.electroluxprofessional.com\/at\/wp-content\/uploads\/2016\/08\/detergent-washing-machine-1.jpg","type":"image\/jpeg"}],"twitter_card":"summary_large_image","twitter_misc":{"Gesch\u00e4tzte Lesezeit":"3 Minuten"},"schema":{"@context":"https:\/\/schema.org","@graph":[{"@type":"WebPage","@id":"https:\/\/www.electroluxprofessional.com\/at\/zubehoer-verbrauchsmaterialien\/spueltechnik\/","url":"https:\/\/www.electroluxprofessional.com\/at\/zubehoer-verbrauchsmaterialien\/spueltechnik\/","name":"Zubeh\u00f6r Sp\u00fcltechnik | Electrolux Professional","isPartOf":{"@id":"https:\/\/www.electroluxprofessional.com\/at\/#website"},"primaryImageOfPage":{"@id":"https:\/\/www.electroluxprofessional.com\/at\/zubehoer-verbrauchsmaterialien\/spueltechnik\/#primaryimage"},"image":{"@id":"https:\/\/www.electroluxprofessional.com\/at\/zubehoer-verbrauchsmaterialien\/spueltechnik\/#primaryimage"},"thumbnailUrl":"https:\/\/www.electroluxprofessional.com\/at\/wp-content\/uploads\/2016\/08\/detergent-washing-machine-1.jpg","datePublished":"2017-01-16T08:08:44+00:00","dateModified":"2026-03-26T14:13:14+00:00","description":"Brillante Ergebnisse und beste Leistung kann man nur mit unseren L\u00f6sungen dank der Zubeh\u00f6r- und Verbrauchsmaterialien erzielen.","breadcrumb":{"@id":"https:\/\/www.electroluxprofessional.com\/at\/zubehoer-verbrauchsmaterialien\/spueltechnik\/#breadcrumb"},"inLanguage":"de-AT","potentialAction":[{"@type":"ReadAction","target":["https:\/\/www.electroluxprofessional.com\/at\/zubehoer-verbrauchsmaterialien\/spueltechnik\/"]}]},{"@type":"ImageObject","inLanguage":"de-AT","@id":"https:\/\/www.electroluxprofessional.com\/at\/zubehoer-verbrauchsmaterialien\/spueltechnik\/#primaryimage","url":"https:\/\/www.electroluxprofessional.com\/at\/wp-content\/uploads\/2016\/08\/detergent-washing-machine-1.jpg","contentUrl":"https:\/\/www.electroluxprofessional.com\/at\/wp-content\/uploads\/2016\/08\/detergent-washing-machine-1.jpg","width":750,"height":617,"caption":"Sp\u00fcltechnik von Electrolux Professional"},{"@type":"BreadcrumbList","@id":"https:\/\/www.electroluxprofessional.com\/at\/zubehoer-verbrauchsmaterialien\/spueltechnik\/#breadcrumb","itemListElement":[{"@type":"ListItem","position":1,"name":"Startseite","item":"https:\/\/www.electroluxprofessional.com\/at\/"},{"@type":"ListItem","position":2,"name":"Zubeh\u00f6r und Verbrauchsmaterialien","item":"https:\/\/www.electroluxprofessional.com\/at\/zubehoer-verbrauchsmaterialien\/"},{"@type":"ListItem","position":3,"name":"Zubeh\u00f6r und Verbrauchsmaterialien &#8211; Sp\u00fcltechnik"}]},{"@type":"WebSite","@id":"https:\/\/www.electroluxprofessional.com\/at\/#website","url":"https:\/\/www.electroluxprofessional.com\/at\/","name":"Electrolux Professional \u00d6sterreich","description":"","potentialAction":[{"@type":"SearchAction","target":{"@type":"EntryPoint","urlTemplate":"https:\/\/www.electroluxprofessional.com\/at\/?src={search_term_string}"},"query-input":"required name=search_term_string"}],"inLanguage":"de-AT"}]}},"_links":{"self":[{"href":"https:\/\/www.electroluxprofessional.com\/at\/wp-json\/wp\/v2\/pages\/4926"}],"collection":[{"href":"https:\/\/www.electroluxprofessional.com\/at\/wp-json\/wp\/v2\/pages"}],"about":[{"href":"https:\/\/www.electroluxprofessional.com\/at\/wp-json\/wp\/v2\/types\/page"}],"author":[{"embeddable":true,"href":"https:\/\/www.electroluxprofessional.com\/at\/wp-json\/wp\/v2\/users\/5"}],"replies":[{"embeddable":true,"href":"https:\/\/www.electroluxprofessional.com\/at\/wp-json\/wp\/v2\/comments?post=4926"}],"version-history":[{"count":12,"href":"https:\/\/www.electroluxprofessional.com\/at\/wp-json\/wp\/v2\/pages\/4926\/revisions"}],"predecessor-version":[{"id":21747,"href":"https:\/\/www.electroluxprofessional.com\/at\/wp-json\/wp\/v2\/pages\/4926\/revisions\/21747"}],"up":[{"embeddable":true,"href":"https:\/\/www.electroluxprofessional.com\/at\/wp-json\/wp\/v2\/pages\/4876"}],"wp:featuredmedia":[{"embeddable":true,"href":"https:\/\/www.electroluxprofessional.com\/at\/wp-json\/wp\/v2\/media\/4906"}],"wp:attachment":[{"href":"https:\/\/www.electroluxprofessional.com\/at\/wp-json\/wp\/v2\/media?parent=4926"}],"curies":[{"name":"wp","href":"https:\/\/api.w.org\/{rel}","templated":true}]}}