{"id":4919,"date":"2017-01-13T11:23:10","date_gmt":"2017-01-13T10:23:10","guid":{"rendered":"https:\/\/www.electroluxprofessional.com\/?page_id=8264"},"modified":"2025-10-16T11:25:25","modified_gmt":"2025-10-16T10:25:25","slug":"cook-and-chill","status":"publish","type":"page","link":"https:\/\/www.electroluxprofessional.com\/at\/zubehoer-verbrauchsmaterialien\/cook-and-chill\/","title":{"rendered":"Zubeh\u00f6r und Verbrauchsmaterialien &#8211; Cook and chill"},"content":{"rendered":"<p>[vc_row full_width=&#8221;electroluxpro-full-width-no-padding&#8221;][vc_column css=&#8221;.vc_custom_1618358802266{margin-top: -40px !important;border-top-width: -40px !important;padding-top: -40px !important;}&#8221;][elx_full_banner title=&#8221;Zubeh\u00f6r und Verbrauchsmaterialien f\u00fcr Cook&amp;Chill&#8221; set_as_h1=&#8221;true&#8221; background_image_media_library=&#8221;20247&#8243; background_image_media_library_mobile=&#8221;35065&#8243; link=&#8221;url:%23contact|title:Mehr%20erfahren&#8221;][vc_row_inner full_width=&#8221;electroluxpro-full-width&#8221; gap=&#8221;15&#8243;][vc_column_inner width=&#8221;1\/5&#8243;][elx_download_block text=&#8221;Accessories for protection, sanitizing and cleaning catalogue&#8221; document_type=&#8221;cat&#8221; file_picker=&#8221;24892&#8243; background_color=&#8221;electrolux-blue&#8221; background_hover_color=&#8221;lighter-hover&#8221; ca_document_number=&#8221;CAT10&#8243;][\/vc_column_inner][vc_column_inner width=&#8221;1\/5&#8243;][elx_download_block text=&#8221;Replacement Parts catalogue&#8221; document_type=&#8221;cat&#8221; file_picker=&#8221;24892&#8243; background_color=&#8221;electrolux-blue&#8221; background_hover_color=&#8221;lighter-hover&#8221; ca_document_number=&#8221;CAT7&#8243;][\/vc_column_inner][vc_column_inner width=&#8221;1\/5&#8243;][elx_download_block text=&#8221;Accessories &amp; Consumables catalogue&#8221; document_type=&#8221;cat&#8221; file_picker=&#8221;24892&#8243; background_color=&#8221;electrolux-blue&#8221; background_hover_color=&#8221;lighter-hover&#8221; ca_document_number=&#8221;CAT8&#8243;][\/vc_column_inner][vc_column_inner width=&#8221;1\/5&#8243;][elx_download_block text=&#8221;Spare Part Kits catalogue&#8221; document_type=&#8221;cat&#8221; file_picker=&#8221;24892&#8243; background_color=&#8221;electrolux-blue&#8221; background_hover_color=&#8221;lighter-hover&#8221; ca_document_number=&#8221;CAT9&#8243;][\/vc_column_inner][vc_column_inner width=&#8221;1\/5&#8243;][elx_download_block text=&#8221;Professional cleaning detergents Selection Guide&#8221; file_picker=&#8221;35121&#8243; background_color=&#8221;electrolux-blue&#8221;][\/vc_column_inner][\/vc_row_inner][\/vc_column][\/vc_row][vc_row][vc_column][elx_menu menu_name=&#8221;Zubeh\u00f6r Food&#8221;][\/vc_column][\/vc_row][vc_row][vc_column][vc_empty_space][vc_column_text]<\/p>\n<h3>Erzielen Sie die besten Ergebnisse, indem Sie unser Original-Zubeh\u00f6r und -Verbrauchsmaterialien verwenden.<\/h3>\n<p>[\/vc_column_text][vc_empty_space][\/vc_column][\/vc_row][vc_row][vc_column width=&#8221;1\/3&#8243;][vc_single_image image=&#8221;15088&#8243; img_size=&#8221;full&#8221; css_animation=&#8221;none&#8221;][vc_empty_space height=&#8221;40px&#8221;][elx_heading font_container=&#8221;h3&#8243; font_size=&#8221;h5&#8243; text_color=&#8221;inherit&#8221;]Der Volcano Smoker[\/elx_heading][vc_column_text]Der Volcano Smoker ist das perfekte Zubeh\u00f6r, um Ihre R\u00e4ucheraroma-Rezepte direkt im Kombiofen nach traditionellen Methoden mit Hackschnitzeln oder getrockneten Gew\u00fcrzen herzustellen.[\/vc_column_text][vc_empty_space][elx_shop_now button_text=&#8221;Jetzt einkaufen&#8221; button_display_block=&#8221;display_block_on&#8221; button_alignment=&#8221;align_center&#8221; button_link=&#8221;url:https%3A%2F%2Fbuy.electroluxprofessional.com%2Fparts%3Fq%3Dsmoker&#8221;][vc_empty_space][\/vc_column][vc_column width=&#8221;1\/3&#8243;][vc_single_image image=&#8221;15089&#8243; img_size=&#8221;medium&#8221; css_animation=&#8221;none&#8221;][elx_heading font_container=&#8221;h3&#8243; font_size=&#8221;h5&#8243; text_color=&#8221;inherit&#8221;]Der Vakuumierer[\/elx_heading][vc_column_text]<\/p>\n<p id=\"tw-target-text\" class=\"tw-data-text tw-text-large tw-ta\" dir=\"ltr\" data-placeholder=\"\u00dcbersetzung\"><span class=\"Y2IQFc\" lang=\"de\">Das Vakuumverpackungszubeh\u00f6r ist f\u00fcr das Sous-Vide-Garen unverzichtbar und n\u00fctzlich, um Lebensmittel gesch\u00fctzt vor sch\u00e4dlichen Einfl\u00fcssen von Feuchtigkeit und Luft aufzubewahren.<\/span><\/p>\n<p>[\/vc_column_text][vc_empty_space][elx_shop_now button_text=&#8221;Jetzt einkaufen&#8221; button_display_block=&#8221;display_block_on&#8221; button_alignment=&#8221;align_center&#8221; button_link=&#8221;url:https%3A%2F%2Fbuy.electroluxprofessional.com%2Fde%2Fparts%3Fq%3Dvakuum&#8221;][vc_empty_space][\/vc_column][vc_column width=&#8221;1\/3&#8243;][vc_single_image image=&#8221;15090&#8243; img_size=&#8221;full&#8221; css_animation=&#8221;none&#8221;][elx_heading font_container=&#8221;h3&#8243; font_size=&#8221;h5&#8243; text_color=&#8221;inherit&#8221;]Die Sous-Vide-Sonde[\/elx_heading][vc_column_text]<\/p>\n<p id=\"tw-target-text\" class=\"tw-data-text tw-text-large tw-ta\" dir=\"ltr\" data-placeholder=\"\u00dcbersetzung\"><span class=\"Y2IQFc\" lang=\"de\">Die Sous-Vide-Sonde sorgt daf\u00fcr, dass beim Sous-Vide-Garen genau die richtige Temperatur erreicht wird. Mit einer speziellen diagonal geschnittenen Nadel k\u00f6nnen Sie vermeiden, dass die Vakuumversiegelung bricht.<\/span><\/p>\n<p>[\/vc_column_text][vc_empty_space][elx_shop_now button_text=&#8221;Jetzt einkaufen&#8221; button_display_block=&#8221;display_block_on&#8221; button_alignment=&#8221;align_center&#8221; button_link=&#8221;url:https%3A%2F%2Fbuy.electroluxprofessional.com%2Fde%2Felectrolux-professional%2Fpumps-motors%2Fparts&#8221;][vc_empty_space][\/vc_column][\/vc_row][vc_row equal_height=&#8221;yes&#8221;][vc_column][vc_empty_space height=&#8221;60px&#8221;][\/vc_column][\/vc_row][vc_row][vc_column width=&#8221;1\/3&#8243;][vc_single_image image=&#8221;15091&#8243; img_size=&#8221;full&#8221; css_animation=&#8221;none&#8221;][elx_heading font_container=&#8221;h3&#8243; font_size=&#8221;h5&#8243; text_color=&#8221;inherit&#8221;]Gitter und Tabletts[\/elx_heading][vc_column_text]Eine gro\u00dfe Auswahl an Kochl\u00f6sungen zur einfachen Erweiterung Ihres Men\u00fcs: von Universalpfannen, Bratplatten, Spie\u00dfgestellen, bis zu Frittierk\u00f6rben, Baguette-Schalen und vielem mehr.[\/vc_column_text][vc_empty_space][elx_shop_now button_text=&#8221;Jetzt einkaufen&#8221; button_display_block=&#8221;display_block_on&#8221; button_alignment=&#8221;align_center&#8221; button_link=&#8221;url:https%3A%2F%2Fbuy.electroluxprofessional.com%2Fde%2Felectrolux-professional%2Fpans-trays-wells%2Fparts&#8221;][vc_empty_space][\/vc_column][vc_column width=&#8221;1\/3&#8243;][vc_single_image image=&#8221;15092&#8243; img_size=&#8221;full&#8221; css_animation=&#8221;none&#8221;][elx_heading font_container=&#8221;h3&#8243; font_size=&#8221;h5&#8243; text_color=&#8221;inherit&#8221;]H\u00e4hnchen System[\/elx_heading][vc_column_text]Kombinieren Sie den speziellen Kochzyklus f\u00fcr knusprige und saftig gebratene H\u00e4hnchen mit dem speziellen Zubeh\u00f6r, das die Handhabung und Ergonomie verbessert.[\/vc_column_text][vc_empty_space][elx_shop_now button_text=&#8221;Jetzt einkaufen&#8221; button_display_block=&#8221;display_block_on&#8221; button_alignment=&#8221;align_center&#8221; button_link=&#8221;url:https%3A%2F%2Fbuy.electroluxprofessional.com%2Fde%2Felectrolux-professional%2Felx0s2480&#8243;][vc_empty_space][\/vc_column][vc_column width=&#8221;1\/3&#8243;][vc_single_image image=&#8221;15093&#8243; img_size=&#8221;full&#8221; css_animation=&#8221;none&#8221;][elx_heading font_container=&#8221;h3&#8243; font_size=&#8221;h5&#8243; text_color=&#8221;inherit&#8221;]Reinigen und Sp\u00fclen[\/elx_heading][vc_column_text]Unsere Reinigungsmittel entsprechen den Hygiene- und Sicherheitsstandards und sind hoch effizient f\u00fcr die Ger\u00e4te- und Produktleistung.<\/p>\n<p>Erzielen Sie\u00a0<a href=\"https:\/\/www.electroluxprofessional.com\/at\/zubehoer-verbrauchsmaterialien\/skyline-ofen-reiniger\/\" target=\"_blank\" rel=\"noopener\">Einsparungen bei den Betriebskosten von bis zu 50 %<\/a>, verbessern Sie die Nachhaltigkeit und halten Sie gleichzeitig die Hygiene- und Sicherheitsstandards ein.[\/vc_column_text][vc_empty_space][elx_shop_now button_text=&#8221;Jetzt einkaufen&#8221; button_display_block=&#8221;display_block_on&#8221; button_alignment=&#8221;align_center&#8221; button_link=&#8221;url:https%3A%2F%2Fbuy.electroluxprofessional.com%2Fde%2Felectrolux-professional%2Fcleaners-detergents%2Fparts&#8221;][vc_empty_space][\/vc_column][\/vc_row][vc_row full_width=&#8221;electroluxpro-full-width-no-padding&#8221; disable_element=&#8221;yes&#8221;][vc_column][elx_image_block background_image=&#8221;15087&#8243; minimum_height=&#8221;400px&#8221;][\/vc_column][\/vc_row][vc_row full_width=&#8221;electroluxpro-full-width-no-padding&#8221;][vc_column][elx_full_banner title=&#8221;Erfahren Sie mehr&#8221; link=&#8221;url:https%3A%2F%2Fwww.electroluxprofessional.com%2Fat%2Fskyline-ofen-reiniger%2F|title:SkyLine%20Kombid%C3%A4mpfer%20und%20Ofen%20Reinigungsmittel&#8221; background_image_media_library=&#8221;15096&#8243; background_image_media_library_mobile=&#8221;41958&#8243;][\/vc_column][\/vc_row][vc_row][vc_column width=&#8221;1\/2&#8243;][vc_empty_space][elx_simple_link_block link=&#8221;url:https%3A%2F%2Fwww.electroluxprofessional.com%2Fat%2Fcommercial-kitchen-equipment%2Fcook-and-chill%2F|title:cook%20and%20chill||&#8221; text_align=&#8221;text-left&#8221; text_color=&#8221;inherit&#8221; background_color=&#8221;inherit&#8221; background_hover_color=&#8221;darker-hover&#8221; extra_class=&#8221;&#8221; reveal_effect=&#8221;&#8221; reveal_duration=&#8221;&#8221; reveal_delay=&#8221;&#8221;][elx_heading text_color=&#8221;inherit&#8221; text_align=&#8221;text-left&#8221;]Cook&amp;Chill: integrierte Koch- und K\u00fchll\u00f6sung[\/elx_heading][vc_column_text]<\/p>\n<p class=\"tw-data-text tw-text-large tw-ta\" dir=\"ltr\" data-placeholder=\"\u00dcbersetzung\"><span class=\"Y2IQFc\" lang=\"de\">L\u00e4ngere Lebensdauer und Spitzenleistung von Skyline-\u00d6fen nur mit phosphatfreien Electrolux Professional-Chemikalien. Erhalten Sie einzigartige Flexibilit\u00e4t bei der Reinigung mit 2 verschiedenen chemischen Optionen:<\/span><\/p>\n<ul>\n<li class=\"tw-data-text tw-text-large tw-ta\" dir=\"ltr\" data-placeholder=\"\u00dcbersetzung\"><span class=\"Y2IQFc\" lang=\"de\">Feste Reiniger f\u00fcr alle Arten von Verschmutzungen und sehr anspruchsvolle Eins\u00e4tze<\/span><\/li>\n<li class=\"tw-data-text tw-text-large tw-ta\" dir=\"ltr\" data-placeholder=\"\u00dcbersetzung\"><span class=\"Y2IQFc\" lang=\"de\">Fl\u00fcssige Reiniger \u00a0f\u00fcr eine optimale Ger\u00e4tenutzung durch semi-automatische Reinigung inkl. korrekter Dosierung<\/span><\/li>\n<\/ul>\n<p><span class=\"Y2IQFc\" lang=\"de\">Planen Sie den Reinigungsprozess Ihres SkyLine Kombibackofens im Voraus nach Ihren Bed\u00fcrfnissen und steuern Sie ihn aus der Ferne. Mit der programmierbaren Reinigung k\u00f6nnen Sie den besten Zeitpunkt f\u00fcr den Beginn der Reinigung ausw\u00e4hlen. Die erzwungene Reinigung ist eine passwortgesteuerte Reinigung, die sicherstellt, dass die geplante Wartung immer durchgef\u00fchrt wird.<\/span><\/p>\n<p>*Bis zu <em>-15% in Betriebskosten: Einsparungen bei Energie, Wasser, Reinigungsmittel und Klarsp\u00fcler, berechnet mit der SkyClean-Funktion im Vergleich zu einem entsprechenden Reinigungszyklus bei fr\u00fcheren Electrolux Professional-Back\u00f6fen.<\/em>[\/vc_column_text][\/elx_simple_link_block][\/vc_column][vc_column width=&#8221;1\/2&#8243;][vc_empty_space][vc_single_image image=&#8221;15094&#8243; img_size=&#8221;full&#8221;][\/vc_column][\/vc_row][vc_row el_id=&#8221;contact&#8221;][vc_column][vc_empty_space][elx_heading text_color=&#8221;inherit&#8221; text_align=&#8221;text-center&#8221;]Sie haben noch Fragen? Kontaktieren Sie uns.[\/elx_heading][elx_o2000_contact_us s=&#8221;Informationen zu Zubeh\u00f6r Cook &amp; Chill&#8221; country=&#8221;Austria&#8221; container=&#8221;elxcontactus1484302025&#8243; r=&#8221;Ich m\u00f6chte mehr \u00fcber das Zubeh\u00f6r f\u00fcr Cook &amp; Chill erfahren. Bitte kontaktieren Sie mich.&#8221;][\/vc_column][\/vc_row]<\/p>\n","protected":false},"excerpt":{"rendered":"<p>[vc_row full_width=&#8221;electroluxpro-full-width-no-padding&#8221;][vc_column css=&#8221;.vc_custom_1618358802266{margin-top: -40px !important;border-top-width: -40px !important;padding-top: -40px !important;}&#8221;][elx_full_banner title=&#8221;Zubeh\u00f6r und Verbrauchsmaterialien f\u00fcr Cook&amp;Chill&#8221; set_as_h1=&#8221;true&#8221; background_image_media_library=&#8221;20247&#8243; background_image_media_library_mobile=&#8221;35065&#8243; link=&#8221;url:%23contact|title:Mehr%20erfahren&#8221;][vc_row_inner full_width=&#8221;electroluxpro-full-width&#8221; gap=&#8221;15&#8243;][vc_column_inner width=&#8221;1\/5&#8243;][elx_download_block text=&#8221;Accessories for protection, sanitizing and cleaning catalogue&#8221; document_type=&#8221;cat&#8221; file_picker=&#8221;24892&#8243; background_color=&#8221;electrolux-blue&#8221; background_hover_color=&#8221;lighter-hover&#8221; ca_document_number=&#8221;CAT10&#8243;][\/vc_column_inner][vc_column_inner width=&#8221;1\/5&#8243;][elx_download_block text=&#8221;Replacement Parts catalogue&#8221; document_type=&#8221;cat&#8221; file_picker=&#8221;24892&#8243; background_color=&#8221;electrolux-blue&#8221; background_hover_color=&#8221;lighter-hover&#8221; ca_document_number=&#8221;CAT7&#8243;][\/vc_column_inner][vc_column_inner width=&#8221;1\/5&#8243;][elx_download_block text=&#8221;Accessories &amp; Consumables catalogue&#8221; document_type=&#8221;cat&#8221; file_picker=&#8221;24892&#8243; background_color=&#8221;electrolux-blue&#8221; background_hover_color=&#8221;lighter-hover&#8221; ca_document_number=&#8221;CAT8&#8243;][\/vc_column_inner][vc_column_inner width=&#8221;1\/5&#8243;][elx_download_block text=&#8221;Spare Part [&hellip;]<\/p>\n","protected":false},"author":5,"featured_media":15087,"parent":4876,"menu_order":0,"comment_status":"closed","ping_status":"closed","template":"","meta":{"footnotes":""},"class_list":["post-4919","page","type-page","status-publish","has-post-thumbnail","hentry"],"acf":[],"yoast_head":"<!-- This site is optimized with the Yoast SEO plugin v23.3 - https:\/\/yoast.com\/wordpress\/plugins\/seo\/ -->\n<title>Zubeh\u00f6r Cook&amp;Chill | Electrolux Professional<\/title>\n<meta name=\"description\" content=\"Erzielen Sie die besten Ergebnisse, indem Sie unser Original-Zubeh\u00f6r und -Verbrauchsmaterialien f\u00fcr Cook&amp;Chill verwenden.\" \/>\n<meta name=\"robots\" content=\"index, follow, max-snippet:-1, max-image-preview:large, max-video-preview:-1\" \/>\n<link rel=\"canonical\" href=\"https:\/\/www.electroluxprofessional.com\/at\/zubehoer-verbrauchsmaterialien\/cook-and-chill\/\" \/>\n<meta property=\"og:locale\" content=\"de_DE\" \/>\n<meta property=\"og:type\" content=\"article\" \/>\n<meta property=\"og:title\" content=\"Zubeh\u00f6r Cook&amp;Chill | Electrolux Professional\" \/>\n<meta property=\"og:description\" content=\"Erzielen Sie die besten Ergebnisse, indem Sie unser Original-Zubeh\u00f6r und -Verbrauchsmaterialien f\u00fcr Cook&amp;Chill verwenden.\" \/>\n<meta property=\"og:url\" content=\"https:\/\/www.electroluxprofessional.com\/at\/zubehoer-verbrauchsmaterialien\/cook-and-chill\/\" \/>\n<meta property=\"og:site_name\" content=\"Electrolux Professional \u00d6sterreich\" \/>\n<meta property=\"article:modified_time\" content=\"2025-10-16T10:25:25+00:00\" \/>\n<meta property=\"og:image\" content=\"https:\/\/www.electroluxprofessional.com\/at\/wp-content\/uploads\/2022\/12\/skyline-banner-studio-1-1.jpg\" \/>\n\t<meta property=\"og:image:width\" content=\"1901\" \/>\n\t<meta property=\"og:image:height\" content=\"419\" \/>\n\t<meta property=\"og:image:type\" content=\"image\/jpeg\" \/>\n<meta name=\"twitter:card\" content=\"summary_large_image\" \/>\n<meta name=\"twitter:label1\" content=\"Gesch\u00e4tzte Lesezeit\" \/>\n\t<meta name=\"twitter:data1\" content=\"3 Minuten\" \/>\n<script type=\"application\/ld+json\" class=\"yoast-schema-graph\">{\"@context\":\"https:\/\/schema.org\",\"@graph\":[{\"@type\":\"WebPage\",\"@id\":\"https:\/\/www.electroluxprofessional.com\/at\/zubehoer-verbrauchsmaterialien\/cook-and-chill\/\",\"url\":\"https:\/\/www.electroluxprofessional.com\/at\/zubehoer-verbrauchsmaterialien\/cook-and-chill\/\",\"name\":\"Zubeh\u00f6r Cook&Chill | Electrolux Professional\",\"isPartOf\":{\"@id\":\"https:\/\/www.electroluxprofessional.com\/at\/#website\"},\"primaryImageOfPage\":{\"@id\":\"https:\/\/www.electroluxprofessional.com\/at\/zubehoer-verbrauchsmaterialien\/cook-and-chill\/#primaryimage\"},\"image\":{\"@id\":\"https:\/\/www.electroluxprofessional.com\/at\/zubehoer-verbrauchsmaterialien\/cook-and-chill\/#primaryimage\"},\"thumbnailUrl\":\"https:\/\/www.electroluxprofessional.com\/at\/wp-content\/uploads\/2022\/12\/skyline-banner-studio-1-1.jpg\",\"datePublished\":\"2017-01-13T10:23:10+00:00\",\"dateModified\":\"2025-10-16T10:25:25+00:00\",\"description\":\"Erzielen Sie die besten Ergebnisse, indem Sie unser Original-Zubeh\u00f6r und -Verbrauchsmaterialien f\u00fcr Cook&Chill verwenden.\",\"breadcrumb\":{\"@id\":\"https:\/\/www.electroluxprofessional.com\/at\/zubehoer-verbrauchsmaterialien\/cook-and-chill\/#breadcrumb\"},\"inLanguage\":\"de-AT\",\"potentialAction\":[{\"@type\":\"ReadAction\",\"target\":[\"https:\/\/www.electroluxprofessional.com\/at\/zubehoer-verbrauchsmaterialien\/cook-and-chill\/\"]}]},{\"@type\":\"ImageObject\",\"inLanguage\":\"de-AT\",\"@id\":\"https:\/\/www.electroluxprofessional.com\/at\/zubehoer-verbrauchsmaterialien\/cook-and-chill\/#primaryimage\",\"url\":\"https:\/\/www.electroluxprofessional.com\/at\/wp-content\/uploads\/2022\/12\/skyline-banner-studio-1-1.jpg\",\"contentUrl\":\"https:\/\/www.electroluxprofessional.com\/at\/wp-content\/uploads\/2022\/12\/skyline-banner-studio-1-1.jpg\",\"width\":1901,\"height\":419,\"caption\":\"Perfekte, einheitliche Kochergebnisse mit SkyLine Kombid\u00e4mpfern von Electrolux Professional\"},{\"@type\":\"BreadcrumbList\",\"@id\":\"https:\/\/www.electroluxprofessional.com\/at\/zubehoer-verbrauchsmaterialien\/cook-and-chill\/#breadcrumb\",\"itemListElement\":[{\"@type\":\"ListItem\",\"position\":1,\"name\":\"Startseite\",\"item\":\"https:\/\/www.electroluxprofessional.com\/at\/\"},{\"@type\":\"ListItem\",\"position\":2,\"name\":\"Zubeh\u00f6r und Verbrauchsmaterialien\",\"item\":\"https:\/\/www.electroluxprofessional.com\/at\/zubehoer-verbrauchsmaterialien\/\"},{\"@type\":\"ListItem\",\"position\":3,\"name\":\"Zubeh\u00f6r und Verbrauchsmaterialien &#8211; Cook and chill\"}]},{\"@type\":\"WebSite\",\"@id\":\"https:\/\/www.electroluxprofessional.com\/at\/#website\",\"url\":\"https:\/\/www.electroluxprofessional.com\/at\/\",\"name\":\"Electrolux Professional \u00d6sterreich\",\"description\":\"\",\"potentialAction\":[{\"@type\":\"SearchAction\",\"target\":{\"@type\":\"EntryPoint\",\"urlTemplate\":\"https:\/\/www.electroluxprofessional.com\/at\/?src={search_term_string}\"},\"query-input\":\"required name=search_term_string\"}],\"inLanguage\":\"de-AT\"}]}<\/script>\n<!-- \/ Yoast SEO plugin. -->","yoast_head_json":{"title":"Zubeh\u00f6r Cook&Chill | Electrolux Professional","description":"Erzielen Sie die besten Ergebnisse, indem Sie unser Original-Zubeh\u00f6r und -Verbrauchsmaterialien f\u00fcr Cook&Chill verwenden.","robots":{"index":"index","follow":"follow","max-snippet":"max-snippet:-1","max-image-preview":"max-image-preview:large","max-video-preview":"max-video-preview:-1"},"canonical":"https:\/\/www.electroluxprofessional.com\/at\/zubehoer-verbrauchsmaterialien\/cook-and-chill\/","og_locale":"de_DE","og_type":"article","og_title":"Zubeh\u00f6r Cook&Chill | Electrolux Professional","og_description":"Erzielen Sie die besten Ergebnisse, indem Sie unser Original-Zubeh\u00f6r und -Verbrauchsmaterialien f\u00fcr Cook&Chill verwenden.","og_url":"https:\/\/www.electroluxprofessional.com\/at\/zubehoer-verbrauchsmaterialien\/cook-and-chill\/","og_site_name":"Electrolux Professional \u00d6sterreich","article_modified_time":"2025-10-16T10:25:25+00:00","og_image":[{"width":1901,"height":419,"url":"https:\/\/www.electroluxprofessional.com\/at\/wp-content\/uploads\/2022\/12\/skyline-banner-studio-1-1.jpg","type":"image\/jpeg"}],"twitter_card":"summary_large_image","twitter_misc":{"Gesch\u00e4tzte Lesezeit":"3 Minuten"},"schema":{"@context":"https:\/\/schema.org","@graph":[{"@type":"WebPage","@id":"https:\/\/www.electroluxprofessional.com\/at\/zubehoer-verbrauchsmaterialien\/cook-and-chill\/","url":"https:\/\/www.electroluxprofessional.com\/at\/zubehoer-verbrauchsmaterialien\/cook-and-chill\/","name":"Zubeh\u00f6r Cook&Chill | Electrolux Professional","isPartOf":{"@id":"https:\/\/www.electroluxprofessional.com\/at\/#website"},"primaryImageOfPage":{"@id":"https:\/\/www.electroluxprofessional.com\/at\/zubehoer-verbrauchsmaterialien\/cook-and-chill\/#primaryimage"},"image":{"@id":"https:\/\/www.electroluxprofessional.com\/at\/zubehoer-verbrauchsmaterialien\/cook-and-chill\/#primaryimage"},"thumbnailUrl":"https:\/\/www.electroluxprofessional.com\/at\/wp-content\/uploads\/2022\/12\/skyline-banner-studio-1-1.jpg","datePublished":"2017-01-13T10:23:10+00:00","dateModified":"2025-10-16T10:25:25+00:00","description":"Erzielen Sie die besten Ergebnisse, indem Sie unser Original-Zubeh\u00f6r und -Verbrauchsmaterialien f\u00fcr Cook&Chill verwenden.","breadcrumb":{"@id":"https:\/\/www.electroluxprofessional.com\/at\/zubehoer-verbrauchsmaterialien\/cook-and-chill\/#breadcrumb"},"inLanguage":"de-AT","potentialAction":[{"@type":"ReadAction","target":["https:\/\/www.electroluxprofessional.com\/at\/zubehoer-verbrauchsmaterialien\/cook-and-chill\/"]}]},{"@type":"ImageObject","inLanguage":"de-AT","@id":"https:\/\/www.electroluxprofessional.com\/at\/zubehoer-verbrauchsmaterialien\/cook-and-chill\/#primaryimage","url":"https:\/\/www.electroluxprofessional.com\/at\/wp-content\/uploads\/2022\/12\/skyline-banner-studio-1-1.jpg","contentUrl":"https:\/\/www.electroluxprofessional.com\/at\/wp-content\/uploads\/2022\/12\/skyline-banner-studio-1-1.jpg","width":1901,"height":419,"caption":"Perfekte, einheitliche Kochergebnisse mit SkyLine Kombid\u00e4mpfern von Electrolux Professional"},{"@type":"BreadcrumbList","@id":"https:\/\/www.electroluxprofessional.com\/at\/zubehoer-verbrauchsmaterialien\/cook-and-chill\/#breadcrumb","itemListElement":[{"@type":"ListItem","position":1,"name":"Startseite","item":"https:\/\/www.electroluxprofessional.com\/at\/"},{"@type":"ListItem","position":2,"name":"Zubeh\u00f6r und Verbrauchsmaterialien","item":"https:\/\/www.electroluxprofessional.com\/at\/zubehoer-verbrauchsmaterialien\/"},{"@type":"ListItem","position":3,"name":"Zubeh\u00f6r und Verbrauchsmaterialien &#8211; Cook and chill"}]},{"@type":"WebSite","@id":"https:\/\/www.electroluxprofessional.com\/at\/#website","url":"https:\/\/www.electroluxprofessional.com\/at\/","name":"Electrolux Professional \u00d6sterreich","description":"","potentialAction":[{"@type":"SearchAction","target":{"@type":"EntryPoint","urlTemplate":"https:\/\/www.electroluxprofessional.com\/at\/?src={search_term_string}"},"query-input":"required name=search_term_string"}],"inLanguage":"de-AT"}]}},"_links":{"self":[{"href":"https:\/\/www.electroluxprofessional.com\/at\/wp-json\/wp\/v2\/pages\/4919"}],"collection":[{"href":"https:\/\/www.electroluxprofessional.com\/at\/wp-json\/wp\/v2\/pages"}],"about":[{"href":"https:\/\/www.electroluxprofessional.com\/at\/wp-json\/wp\/v2\/types\/page"}],"author":[{"embeddable":true,"href":"https:\/\/www.electroluxprofessional.com\/at\/wp-json\/wp\/v2\/users\/5"}],"replies":[{"embeddable":true,"href":"https:\/\/www.electroluxprofessional.com\/at\/wp-json\/wp\/v2\/comments?post=4919"}],"version-history":[{"count":18,"href":"https:\/\/www.electroluxprofessional.com\/at\/wp-json\/wp\/v2\/pages\/4919\/revisions"}],"predecessor-version":[{"id":20415,"href":"https:\/\/www.electroluxprofessional.com\/at\/wp-json\/wp\/v2\/pages\/4919\/revisions\/20415"}],"up":[{"embeddable":true,"href":"https:\/\/www.electroluxprofessional.com\/at\/wp-json\/wp\/v2\/pages\/4876"}],"wp:featuredmedia":[{"embeddable":true,"href":"https:\/\/www.electroluxprofessional.com\/at\/wp-json\/wp\/v2\/media\/15087"}],"wp:attachment":[{"href":"https:\/\/www.electroluxprofessional.com\/at\/wp-json\/wp\/v2\/media?parent=4919"}],"curies":[{"name":"wp","href":"https:\/\/api.w.org\/{rel}","templated":true}]}}