{"id":4918,"date":"2017-01-13T12:32:53","date_gmt":"2017-01-13T11:32:53","guid":{"rendered":"https:\/\/www.electroluxprofessional.com\/?page_id=8312"},"modified":"2025-10-16T11:26:26","modified_gmt":"2025-10-16T10:26:26","slug":"kuehltechnik","status":"publish","type":"page","link":"https:\/\/www.electroluxprofessional.com\/at\/zubehoer-verbrauchsmaterialien\/kuehltechnik\/","title":{"rendered":"Zubeh\u00f6r und Verbrauchsmaterialien &#8211; K\u00fchltechnik"},"content":{"rendered":"<p>[vc_row full_width=&#8221;electroluxpro-full-width-no-padding&#8221;][vc_column][elx_image_block background_image=&#8221;16060&#8243; minimum_height=&#8221;400PX&#8221;][\/vc_column][\/vc_row][vc_row][vc_column][elx_menu menu_name=&#8221;Zubeh\u00f6r Food&#8221;][elx_heading font_container=&#8221;h1&#8243; font_size=&#8221;h3&#8243; text_color=&#8221;electrolux-blue&#8221; text_align=&#8221;text-center&#8221;]Zubeh\u00f6r und Verbrauchsmaterialien<br \/>\nK\u00fchltechnik[\/elx_heading][vc_empty_space][\/vc_column][\/vc_row][vc_row][vc_column][vc_column_text]<\/p>\n<h3 id=\"tw-target-text\" class=\"tw-data-text tw-text-large tw-ta\" dir=\"ltr\" style=\"text-align: center;\" data-placeholder=\"\u00dcbersetzung\"><span class=\"Y2IQFc\" lang=\"de\">W\u00e4hlen Sie beim Konservieren von Lebensmitteln das richtige Zubeh\u00f6r f\u00fcr die K\u00fchlung, um einen korrekten und effizienten Betrieb sicherzustellen.<\/span><\/h3>\n<p>[\/vc_column_text][vc_empty_space][vc_row_inner][vc_column_inner width=&#8221;1\/3&#8243;][vc_single_image image=&#8221;16061&#8243; img_size=&#8221;full&#8221; alignment=&#8221;center&#8221;][vc_empty_space][\/vc_column_inner][vc_column_inner width=&#8221;1\/3&#8243;][vc_single_image image=&#8221;16062&#8243; img_size=&#8221;full&#8221; alignment=&#8221;center&#8221;][vc_empty_space][\/vc_column_inner][vc_column_inner width=&#8221;1\/3&#8243;][vc_single_image image=&#8221;16063&#8243; alignment=&#8221;center&#8221;][vc_empty_space][\/vc_column_inner][\/vc_row_inner][vc_row_inner][vc_column_inner width=&#8221;1\/3&#8243;][elx_heading font_container=&#8221;h3&#8243; font_size=&#8221;h2&#8243; text_color=&#8221;inherit&#8221;]Gitter-Kit[\/elx_heading][vc_column_text]<\/p>\n<p id=\"tw-target-text\" class=\"tw-data-text tw-text-large tw-ta\" dir=\"ltr\" data-placeholder=\"\u00dcbersetzung\"><span class=\"Y2IQFc\" lang=\"de\">Das graue Rilsan-Gitter mit 2 F\u00fchrungen erm\u00f6glicht ein einfaches Stapeln und Ordnen von Pfannen.<\/span><\/p>\n<p>[\/vc_column_text][vc_empty_space][\/vc_column_inner][vc_column_inner width=&#8221;1\/3&#8243;][elx_heading font_container=&#8221;h3&#8243; font_size=&#8221;h2&#8243; text_color=&#8221;inherit&#8221;]Drahtkorb[\/elx_heading][vc_column_text]<\/p>\n<p id=\"tw-target-text\" class=\"tw-data-text tw-text-large tw-ta\" dir=\"ltr\" data-placeholder=\"\u00dcbersetzung\"><span class=\"Y2IQFc\" lang=\"de\">Der Drahtkorb verbessert die Produktivit\u00e4t und stellt die Qualit\u00e4t und Sicherheit der gelagerten oder transportierten Gegenst\u00e4nde sicher.<\/span><\/p>\n<p>[\/vc_column_text][vc_empty_space][\/vc_column_inner][vc_column_inner width=&#8221;1\/3&#8243;][elx_heading font_container=&#8221;h3&#8243; font_size=&#8221;h2&#8243; text_color=&#8221;inherit&#8221;]Kunststoffbeh\u00e4lter[\/elx_heading][vc_column_text]<\/p>\n<p id=\"tw-target-text\" class=\"tw-data-text tw-text-large tw-ta\" dir=\"ltr\" data-placeholder=\"\u00dcbersetzung\"><span class=\"Y2IQFc\" lang=\"de\">Der Kunststoffbeh\u00e4lter mit falschem perforiertem Boden f\u00fcr GN 1\/1 aus transparentem Polycarbonat ist vielseitig und widerstandsf\u00e4hig.<\/span><\/p>\n<p>[\/vc_column_text][vc_empty_space][\/vc_column_inner][\/vc_row_inner][vc_row_inner][vc_column_inner width=&#8221;1\/3&#8243;][elx_shop_now button_text=&#8221;Jetzt einkaufen&#8221; button_display_block=&#8221;display_block_on&#8221; button_alignment=&#8221;align_center&#8221; button_link=&#8221;url:https%3A%2F%2Fbuy.electroluxprofessional.com%2Fde%2Felectrolux-professional%2Felx097643|target:_blank&#8221;][vc_empty_space height=&#8221;60px&#8221;][\/vc_column_inner][vc_column_inner width=&#8221;1\/3&#8243;][elx_shop_now button_text=&#8221;Jetzt einkaufen&#8221; button_display_block=&#8221;display_block_on&#8221; button_alignment=&#8221;align_center&#8221; button_link=&#8221;url:https%3A%2F%2Fbuy.electroluxprofessional.com%2Fde%2Felectrolux-professional%2Felx082794|target:_blank&#8221;][vc_empty_space height=&#8221;60px&#8221;][\/vc_column_inner][vc_column_inner width=&#8221;1\/3&#8243;][elx_shop_now button_text=&#8221;Jetzt einkaufen&#8221; button_display_block=&#8221;display_block_on&#8221; button_alignment=&#8221;align_center&#8221; button_link=&#8221;url:https%3A%2F%2Fbuy.electroluxprofessional.com%2Fde%2Felectrolux-professional%2Felx097641|target:_blank&#8221;][vc_empty_space height=&#8221;60px&#8221;][\/vc_column_inner][\/vc_row_inner][vc_row_inner][vc_column_inner width=&#8221;1\/3&#8243;][vc_single_image image=&#8221;16064&#8243; img_size=&#8221;full&#8221; alignment=&#8221;center&#8221;][vc_empty_space][\/vc_column_inner][vc_column_inner width=&#8221;1\/3&#8243;][vc_single_image image=&#8221;16065&#8243; img_size=&#8221;full&#8221; alignment=&#8221;center&#8221;][vc_empty_space][\/vc_column_inner][vc_column_inner width=&#8221;1\/3&#8243;][vc_single_image image=&#8221;16066&#8243; img_size=&#8221;full&#8221; alignment=&#8221;center&#8221;][vc_empty_space][\/vc_column_inner][\/vc_row_inner][vc_row_inner][vc_column_inner width=&#8221;1\/3&#8243;][elx_heading font_container=&#8221;h3&#8243; font_size=&#8221;h2&#8243; text_color=&#8221;inherit&#8221;]R\u00e4der[\/elx_heading][vc_column_text]<\/p>\n<p id=\"tw-target-text\" class=\"tw-data-text tw-text-large tw-ta\" dir=\"ltr\" data-placeholder=\"\u00dcbersetzung\"><span class=\"Y2IQFc\" lang=\"de\">Die 4 schwenkbaren R\u00e4der tragen zur effizienten und sicheren Bewegung von Gegenst\u00e4nden bei und verbessern die Funktionalit\u00e4t und Organisation Ihres Arbeitsplatzes oder Ihrer Umgebung.<\/span><\/p>\n<p>[\/vc_column_text][vc_empty_space][\/vc_column_inner][vc_column_inner width=&#8221;1\/3&#8243;][elx_heading font_container=&#8221;h3&#8243; font_size=&#8221;h2&#8243; text_color=&#8221;inherit&#8221;]Trolley-Tablettst\u00e4nder[\/elx_heading][vc_column_text]<\/p>\n<p id=\"tw-target-text\" class=\"tw-data-text tw-text-large tw-ta\" dir=\"ltr\" data-placeholder=\"\u00dcbersetzung\"><span class=\"Y2IQFc\" lang=\"de\">Der Trolley-Tablettst\u00e4nder 20 GN 2\/1 tr\u00e4gt zu einer gut strukturierten und produktiven K\u00fcchenumgebung bei und sorgt f\u00fcr reibungslose Abl\u00e4ufe und eine optimale Nutzung Ihres Lagerraums.<\/span><\/p>\n<p>[\/vc_column_text][vc_empty_space][\/vc_column_inner][vc_column_inner width=&#8221;1\/3&#8243;][elx_heading font_container=&#8221;h3&#8243; font_size=&#8221;h2&#8243; text_color=&#8221;inherit&#8221;]Vakuumverpackungs-<br \/>\nbeutel[\/elx_heading][vc_column_text]<\/p>\n<p id=\"tw-target-text\" class=\"tw-data-text tw-text-large tw-ta\" dir=\"ltr\" data-placeholder=\"\u00dcbersetzung\"><span class=\"Y2IQFc\" lang=\"de\">Das Vakuumverpackungszubeh\u00f6r ist f\u00fcr das Sous-Vide-Garen unerl\u00e4sslich und eignet sich zum Aufbewahren von Lebensmitteln sowie zum Schutz vor sch\u00e4dlichen Auswirkungen von Feuchtigkeit und Luft.<\/span><\/p>\n<p>[\/vc_column_text][vc_empty_space][\/vc_column_inner][\/vc_row_inner][vc_row_inner][vc_column_inner width=&#8221;1\/3&#8243;][elx_shop_now button_text=&#8221;Jetzt einkaufen&#8221; button_display_block=&#8221;display_block_on&#8221; button_alignment=&#8221;align_center&#8221; button_link=&#8221;url:https%3A%2F%2Fbuy.electroluxprofessional.com%2Fde%2Felectrolux-professional%2Felx0s2633|target:_blank&#8221;][vc_empty_space][\/vc_column_inner][vc_column_inner width=&#8221;1\/3&#8243;][elx_shop_now button_text=&#8221;Jetzt einkaufen&#8221; button_display_block=&#8221;display_block_on&#8221; button_alignment=&#8221;align_center&#8221; button_link=&#8221;url:https%3A%2F%2Fbuy.electroluxprofessional.com%2Felectrolux-professional%2Felx097642|target:_blank&#8221;][vc_empty_space][\/vc_column_inner][vc_column_inner width=&#8221;1\/3&#8243;][elx_shop_now button_text=&#8221;Jetzt einkaufen&#8221; button_display_block=&#8221;display_block_on&#8221; button_alignment=&#8221;align_center&#8221; button_link=&#8221;url:https%3A%2F%2Fbuy.electroluxprofessional.com%2Fde%2Fparts%3Fq%3Dvakuum|target:_blank&#8221;][vc_empty_space][\/vc_column_inner][\/vc_row_inner][vc_empty_space][\/vc_column][\/vc_row][vc_row][vc_column][elx_double_banner text_colors_1=&#8221;text-blue&#8221; text_colors_2=&#8221;text-blue&#8221; title_1=&#8221;K\u00fchlschr\u00e4nke&#8221; title_2=&#8221;K\u00fchltische&#8221; link_1=&#8221;url:https%3A%2F%2Fwww.electroluxprofessional.com%2Fat%2Fgrosskuechentechnik%2Fkuehlschraenke%2F|title:Entdecken|target:_blank&#8221; background_image_media_library_1=&#8221;16067&#8243; link_2=&#8221;url:https%3A%2F%2Fwww.electroluxprofessional.com%2Fat%2Fgrosskuechentechnik%2Fkuehltische%2F|title:Entdecken|target:_blank&#8221; background_image_media_library_2=&#8221;16068&#8243; background_image_media_library_mobile_2=&#8221;34923&#8243;][vc_empty_space][vc_empty_space][elx_shop_now button_text=&#8221;Jetzt einkaufen&#8221; button_display_block=&#8221;display_block_on&#8221; button_alignment=&#8221;align_center&#8221; button_link=&#8221;url:https%3A%2F%2Fbuy.electroluxprofessional.com%2Fde%2Felectrolux-professional%2Frefrigeration-parts%2Fparts|title:Entdecken|target:_blank&#8221;][vc_empty_space][\/vc_column][\/vc_row][vc_row][vc_column][vc_empty_space][elx_heading text_color=&#8221;inherit&#8221; text_align=&#8221;text-center&#8221;]Sie haben noch Fragen? Kontaktieren Sie uns.[\/elx_heading][elx_o2000_contact_us s=&#8221;Anfrage Zubeh\u00f6r und Verbrauchsmaterialien K\u00fchltechnik&#8221; country=&#8221;Austria&#8221; container=&#8221;elxcontactus1484306106&#8243; r=&#8221;Ich m\u00f6chte mehr erfahren \u00fcber Zubeh\u00f6r und Verbrauchsmaterialien f\u00fcr K\u00fchltechnik. Bitte kontaktieren Sie mich.&#8221; l=&#8221;de&#8221;][\/vc_column][\/vc_row]<\/p>\n","protected":false},"excerpt":{"rendered":"<p>[vc_row full_width=&#8221;electroluxpro-full-width-no-padding&#8221;][vc_column][elx_image_block background_image=&#8221;16060&#8243; minimum_height=&#8221;400PX&#8221;][\/vc_column][\/vc_row][vc_row][vc_column][elx_menu menu_name=&#8221;Zubeh\u00f6r Food&#8221;][elx_heading font_container=&#8221;h1&#8243; font_size=&#8221;h3&#8243; text_color=&#8221;electrolux-blue&#8221; text_align=&#8221;text-center&#8221;]Zubeh\u00f6r und Verbrauchsmaterialien K\u00fchltechnik[\/elx_heading][vc_empty_space][\/vc_column][\/vc_row][vc_row][vc_column][vc_column_text] W\u00e4hlen Sie beim Konservieren von Lebensmitteln das richtige Zubeh\u00f6r f\u00fcr die K\u00fchlung, um einen korrekten und effizienten Betrieb sicherzustellen. [\/vc_column_text][vc_empty_space][vc_row_inner][vc_column_inner width=&#8221;1\/3&#8243;][vc_single_image image=&#8221;16061&#8243; img_size=&#8221;full&#8221; alignment=&#8221;center&#8221;][vc_empty_space][\/vc_column_inner][vc_column_inner width=&#8221;1\/3&#8243;][vc_single_image image=&#8221;16062&#8243; img_size=&#8221;full&#8221; alignment=&#8221;center&#8221;][vc_empty_space][\/vc_column_inner][vc_column_inner width=&#8221;1\/3&#8243;][vc_single_image image=&#8221;16063&#8243; alignment=&#8221;center&#8221;][vc_empty_space][\/vc_column_inner][\/vc_row_inner][vc_row_inner][vc_column_inner width=&#8221;1\/3&#8243;][elx_heading font_container=&#8221;h3&#8243; font_size=&#8221;h2&#8243; text_color=&#8221;inherit&#8221;]Gitter-Kit[\/elx_heading][vc_column_text] Das graue Rilsan-Gitter mit 2 F\u00fchrungen erm\u00f6glicht [&hellip;]<\/p>\n","protected":false},"author":5,"featured_media":16059,"parent":4876,"menu_order":0,"comment_status":"closed","ping_status":"closed","template":"","meta":{"footnotes":""},"class_list":["post-4918","page","type-page","status-publish","has-post-thumbnail","hentry"],"acf":[],"yoast_head":"<!-- This site is optimized with the Yoast SEO plugin v23.3 - https:\/\/yoast.com\/wordpress\/plugins\/seo\/ -->\n<title>Zubeh\u00f6r f\u00fcr K\u00fchltechnik | Electrolux Professional<\/title>\n<meta name=\"description\" content=\"Original-Zubeh\u00f6r und Verbrauchsmaterialien erm\u00f6glichen die beste Leistung sowie Langlebigkeit und Effizienz Ihrer Ger\u00e4te.\" \/>\n<meta name=\"robots\" content=\"index, follow, max-snippet:-1, max-image-preview:large, max-video-preview:-1\" \/>\n<link rel=\"canonical\" href=\"https:\/\/www.electroluxprofessional.com\/at\/zubehoer-verbrauchsmaterialien\/kuehltechnik\/\" \/>\n<meta property=\"og:locale\" content=\"de_DE\" \/>\n<meta property=\"og:type\" content=\"article\" \/>\n<meta property=\"og:title\" content=\"Zubeh\u00f6r f\u00fcr K\u00fchltechnik | Electrolux Professional\" \/>\n<meta property=\"og:description\" content=\"Original-Zubeh\u00f6r und Verbrauchsmaterialien erm\u00f6glichen die beste Leistung sowie Langlebigkeit und Effizienz Ihrer Ger\u00e4te.\" \/>\n<meta property=\"og:url\" content=\"https:\/\/www.electroluxprofessional.com\/at\/zubehoer-verbrauchsmaterialien\/kuehltechnik\/\" \/>\n<meta property=\"og:site_name\" content=\"Electrolux Professional \u00d6sterreich\" \/>\n<meta property=\"article:modified_time\" content=\"2025-10-16T10:26:26+00:00\" \/>\n<meta property=\"og:image\" content=\"https:\/\/www.electroluxprofessional.com\/at\/wp-content\/uploads\/2023\/06\/refrigeration-kitchen-preparation-1.jpg\" \/>\n\t<meta property=\"og:image:width\" content=\"995\" \/>\n\t<meta property=\"og:image:height\" content=\"666\" \/>\n\t<meta property=\"og:image:type\" content=\"image\/jpeg\" \/>\n<meta name=\"twitter:card\" content=\"summary_large_image\" \/>\n<meta name=\"twitter:label1\" content=\"Gesch\u00e4tzte Lesezeit\" \/>\n\t<meta name=\"twitter:data1\" content=\"2 Minuten\" \/>\n<script type=\"application\/ld+json\" class=\"yoast-schema-graph\">{\"@context\":\"https:\/\/schema.org\",\"@graph\":[{\"@type\":\"WebPage\",\"@id\":\"https:\/\/www.electroluxprofessional.com\/at\/zubehoer-verbrauchsmaterialien\/kuehltechnik\/\",\"url\":\"https:\/\/www.electroluxprofessional.com\/at\/zubehoer-verbrauchsmaterialien\/kuehltechnik\/\",\"name\":\"Zubeh\u00f6r f\u00fcr K\u00fchltechnik | Electrolux Professional\",\"isPartOf\":{\"@id\":\"https:\/\/www.electroluxprofessional.com\/at\/#website\"},\"primaryImageOfPage\":{\"@id\":\"https:\/\/www.electroluxprofessional.com\/at\/zubehoer-verbrauchsmaterialien\/kuehltechnik\/#primaryimage\"},\"image\":{\"@id\":\"https:\/\/www.electroluxprofessional.com\/at\/zubehoer-verbrauchsmaterialien\/kuehltechnik\/#primaryimage\"},\"thumbnailUrl\":\"https:\/\/www.electroluxprofessional.com\/at\/wp-content\/uploads\/2023\/06\/refrigeration-kitchen-preparation-1.jpg\",\"datePublished\":\"2017-01-13T11:32:53+00:00\",\"dateModified\":\"2025-10-16T10:26:26+00:00\",\"description\":\"Original-Zubeh\u00f6r und Verbrauchsmaterialien erm\u00f6glichen die beste Leistung sowie Langlebigkeit und Effizienz Ihrer Ger\u00e4te.\",\"breadcrumb\":{\"@id\":\"https:\/\/www.electroluxprofessional.com\/at\/zubehoer-verbrauchsmaterialien\/kuehltechnik\/#breadcrumb\"},\"inLanguage\":\"de-AT\",\"potentialAction\":[{\"@type\":\"ReadAction\",\"target\":[\"https:\/\/www.electroluxprofessional.com\/at\/zubehoer-verbrauchsmaterialien\/kuehltechnik\/\"]}]},{\"@type\":\"ImageObject\",\"inLanguage\":\"de-AT\",\"@id\":\"https:\/\/www.electroluxprofessional.com\/at\/zubehoer-verbrauchsmaterialien\/kuehltechnik\/#primaryimage\",\"url\":\"https:\/\/www.electroluxprofessional.com\/at\/wp-content\/uploads\/2023\/06\/refrigeration-kitchen-preparation-1.jpg\",\"contentUrl\":\"https:\/\/www.electroluxprofessional.com\/at\/wp-content\/uploads\/2023\/06\/refrigeration-kitchen-preparation-1.jpg\",\"width\":995,\"height\":666,\"caption\":\"Zubeh\u00f6r und Verbrauchsmaterialien f\u00fcr die K\u00fchltechnik von Electrolux Professional\"},{\"@type\":\"BreadcrumbList\",\"@id\":\"https:\/\/www.electroluxprofessional.com\/at\/zubehoer-verbrauchsmaterialien\/kuehltechnik\/#breadcrumb\",\"itemListElement\":[{\"@type\":\"ListItem\",\"position\":1,\"name\":\"Startseite\",\"item\":\"https:\/\/www.electroluxprofessional.com\/at\/\"},{\"@type\":\"ListItem\",\"position\":2,\"name\":\"Zubeh\u00f6r und Verbrauchsmaterialien\",\"item\":\"https:\/\/www.electroluxprofessional.com\/at\/zubehoer-verbrauchsmaterialien\/\"},{\"@type\":\"ListItem\",\"position\":3,\"name\":\"Zubeh\u00f6r und Verbrauchsmaterialien &#8211; K\u00fchltechnik\"}]},{\"@type\":\"WebSite\",\"@id\":\"https:\/\/www.electroluxprofessional.com\/at\/#website\",\"url\":\"https:\/\/www.electroluxprofessional.com\/at\/\",\"name\":\"Electrolux Professional \u00d6sterreich\",\"description\":\"\",\"potentialAction\":[{\"@type\":\"SearchAction\",\"target\":{\"@type\":\"EntryPoint\",\"urlTemplate\":\"https:\/\/www.electroluxprofessional.com\/at\/?src={search_term_string}\"},\"query-input\":\"required name=search_term_string\"}],\"inLanguage\":\"de-AT\"}]}<\/script>\n<!-- \/ Yoast SEO plugin. -->","yoast_head_json":{"title":"Zubeh\u00f6r f\u00fcr K\u00fchltechnik | Electrolux Professional","description":"Original-Zubeh\u00f6r und Verbrauchsmaterialien erm\u00f6glichen die beste Leistung sowie Langlebigkeit und Effizienz Ihrer Ger\u00e4te.","robots":{"index":"index","follow":"follow","max-snippet":"max-snippet:-1","max-image-preview":"max-image-preview:large","max-video-preview":"max-video-preview:-1"},"canonical":"https:\/\/www.electroluxprofessional.com\/at\/zubehoer-verbrauchsmaterialien\/kuehltechnik\/","og_locale":"de_DE","og_type":"article","og_title":"Zubeh\u00f6r f\u00fcr K\u00fchltechnik | Electrolux Professional","og_description":"Original-Zubeh\u00f6r und Verbrauchsmaterialien erm\u00f6glichen die beste Leistung sowie Langlebigkeit und Effizienz Ihrer Ger\u00e4te.","og_url":"https:\/\/www.electroluxprofessional.com\/at\/zubehoer-verbrauchsmaterialien\/kuehltechnik\/","og_site_name":"Electrolux Professional \u00d6sterreich","article_modified_time":"2025-10-16T10:26:26+00:00","og_image":[{"width":995,"height":666,"url":"https:\/\/www.electroluxprofessional.com\/at\/wp-content\/uploads\/2023\/06\/refrigeration-kitchen-preparation-1.jpg","type":"image\/jpeg"}],"twitter_card":"summary_large_image","twitter_misc":{"Gesch\u00e4tzte Lesezeit":"2 Minuten"},"schema":{"@context":"https:\/\/schema.org","@graph":[{"@type":"WebPage","@id":"https:\/\/www.electroluxprofessional.com\/at\/zubehoer-verbrauchsmaterialien\/kuehltechnik\/","url":"https:\/\/www.electroluxprofessional.com\/at\/zubehoer-verbrauchsmaterialien\/kuehltechnik\/","name":"Zubeh\u00f6r f\u00fcr K\u00fchltechnik | Electrolux Professional","isPartOf":{"@id":"https:\/\/www.electroluxprofessional.com\/at\/#website"},"primaryImageOfPage":{"@id":"https:\/\/www.electroluxprofessional.com\/at\/zubehoer-verbrauchsmaterialien\/kuehltechnik\/#primaryimage"},"image":{"@id":"https:\/\/www.electroluxprofessional.com\/at\/zubehoer-verbrauchsmaterialien\/kuehltechnik\/#primaryimage"},"thumbnailUrl":"https:\/\/www.electroluxprofessional.com\/at\/wp-content\/uploads\/2023\/06\/refrigeration-kitchen-preparation-1.jpg","datePublished":"2017-01-13T11:32:53+00:00","dateModified":"2025-10-16T10:26:26+00:00","description":"Original-Zubeh\u00f6r und Verbrauchsmaterialien erm\u00f6glichen die beste Leistung sowie Langlebigkeit und Effizienz Ihrer Ger\u00e4te.","breadcrumb":{"@id":"https:\/\/www.electroluxprofessional.com\/at\/zubehoer-verbrauchsmaterialien\/kuehltechnik\/#breadcrumb"},"inLanguage":"de-AT","potentialAction":[{"@type":"ReadAction","target":["https:\/\/www.electroluxprofessional.com\/at\/zubehoer-verbrauchsmaterialien\/kuehltechnik\/"]}]},{"@type":"ImageObject","inLanguage":"de-AT","@id":"https:\/\/www.electroluxprofessional.com\/at\/zubehoer-verbrauchsmaterialien\/kuehltechnik\/#primaryimage","url":"https:\/\/www.electroluxprofessional.com\/at\/wp-content\/uploads\/2023\/06\/refrigeration-kitchen-preparation-1.jpg","contentUrl":"https:\/\/www.electroluxprofessional.com\/at\/wp-content\/uploads\/2023\/06\/refrigeration-kitchen-preparation-1.jpg","width":995,"height":666,"caption":"Zubeh\u00f6r und Verbrauchsmaterialien f\u00fcr die K\u00fchltechnik von Electrolux Professional"},{"@type":"BreadcrumbList","@id":"https:\/\/www.electroluxprofessional.com\/at\/zubehoer-verbrauchsmaterialien\/kuehltechnik\/#breadcrumb","itemListElement":[{"@type":"ListItem","position":1,"name":"Startseite","item":"https:\/\/www.electroluxprofessional.com\/at\/"},{"@type":"ListItem","position":2,"name":"Zubeh\u00f6r und Verbrauchsmaterialien","item":"https:\/\/www.electroluxprofessional.com\/at\/zubehoer-verbrauchsmaterialien\/"},{"@type":"ListItem","position":3,"name":"Zubeh\u00f6r und Verbrauchsmaterialien &#8211; K\u00fchltechnik"}]},{"@type":"WebSite","@id":"https:\/\/www.electroluxprofessional.com\/at\/#website","url":"https:\/\/www.electroluxprofessional.com\/at\/","name":"Electrolux Professional \u00d6sterreich","description":"","potentialAction":[{"@type":"SearchAction","target":{"@type":"EntryPoint","urlTemplate":"https:\/\/www.electroluxprofessional.com\/at\/?src={search_term_string}"},"query-input":"required name=search_term_string"}],"inLanguage":"de-AT"}]}},"_links":{"self":[{"href":"https:\/\/www.electroluxprofessional.com\/at\/wp-json\/wp\/v2\/pages\/4918"}],"collection":[{"href":"https:\/\/www.electroluxprofessional.com\/at\/wp-json\/wp\/v2\/pages"}],"about":[{"href":"https:\/\/www.electroluxprofessional.com\/at\/wp-json\/wp\/v2\/types\/page"}],"author":[{"embeddable":true,"href":"https:\/\/www.electroluxprofessional.com\/at\/wp-json\/wp\/v2\/users\/5"}],"replies":[{"embeddable":true,"href":"https:\/\/www.electroluxprofessional.com\/at\/wp-json\/wp\/v2\/comments?post=4918"}],"version-history":[{"count":14,"href":"https:\/\/www.electroluxprofessional.com\/at\/wp-json\/wp\/v2\/pages\/4918\/revisions"}],"predecessor-version":[{"id":20419,"href":"https:\/\/www.electroluxprofessional.com\/at\/wp-json\/wp\/v2\/pages\/4918\/revisions\/20419"}],"up":[{"embeddable":true,"href":"https:\/\/www.electroluxprofessional.com\/at\/wp-json\/wp\/v2\/pages\/4876"}],"wp:featuredmedia":[{"embeddable":true,"href":"https:\/\/www.electroluxprofessional.com\/at\/wp-json\/wp\/v2\/media\/16059"}],"wp:attachment":[{"href":"https:\/\/www.electroluxprofessional.com\/at\/wp-json\/wp\/v2\/media?parent=4918"}],"curies":[{"name":"wp","href":"https:\/\/api.w.org\/{rel}","templated":true}]}}