{"id":4898,"date":"2017-01-13T14:47:56","date_gmt":"2017-01-13T13:47:56","guid":{"rendered":"https:\/\/www.electroluxprofessional.com\/?page_id=8339"},"modified":"2026-03-26T15:12:39","modified_gmt":"2026-03-26T14:12:39","slug":"speedelight","status":"publish","type":"page","link":"https:\/\/www.electroluxprofessional.com\/at\/zubehoer-verbrauchsmaterialien\/speedelight\/","title":{"rendered":"Zubeh\u00f6r und Verbrauchsmaterialien &#8211; SpeeDelight"},"content":{"rendered":"<p>[vc_row full_width=&#8221;electroluxpro-full-width-no-padding&#8221;][vc_column][elx_image_block background_image=&#8221;14941&#8243; minimum_height=&#8221;400px&#8221;][\/vc_column][\/vc_row][vc_row][vc_column][elx_menu menu_name=&#8221;Zubeh\u00f6r Food&#8221;][vc_empty_space][elx_heading font_container=&#8221;h1&#8243; font_size=&#8221;h3&#8243; text_color=&#8221;electrolux-blue&#8221; text_align=&#8221;text-center&#8221;]Zubeh\u00f6r und Verbrauchsmaterialien f\u00fcr<br \/>\nSpeeDelight[\/elx_heading][vc_empty_space][vc_column_text]<\/p>\n<p style=\"text-align: center;\">SpeeDelight gibt Ihnen die Freiheit, Geschwindigkeit, Qualit\u00e4t und Kreativit\u00e4t zu kombinieren. Mit passendem Zubeh\u00f6r und Verbrauchsmaterialien halten Sie Ihren SpeeDelight in Topform.<\/p>\n<p>[\/vc_column_text][vc_empty_space][vc_empty_space][\/vc_column][\/vc_row][vc_row][vc_column width=&#8221;1\/3&#8243;][vc_single_image image=&#8221;15333&#8243; img_size=&#8221;medium&#8221;][vc_empty_space height=&#8221;45px&#8221;][elx_heading font_container=&#8221;h3&#8243; font_size=&#8221;h2&#8243; text_color=&#8221;inherit&#8221;]Entfetter[\/elx_heading][vc_column_text]<\/p>\n<p id=\"tw-target-text\" class=\"tw-data-text tw-text-large tw-ta\" dir=\"ltr\" data-placeholder=\"\u00dcbersetzung\"><span class=\"Y2IQFc\" lang=\"de\">Zum Reinigen und Spezialeinsatz bei hohen Temperaturen.<\/span><\/p>\n<p>[\/vc_column_text][vc_empty_space height=&#8221;58px&#8221;][\/vc_column][vc_column width=&#8221;1\/3&#8243;][vc_empty_space height=&#8221;90px&#8221;][vc_single_image image=&#8221;15328&#8243; img_size=&#8221;medium&#8221;][vc_empty_space height=&#8221;48px&#8221;][elx_heading font_container=&#8221;h3&#8243; font_size=&#8221;h2&#8243; text_color=&#8221;inherit&#8221;]Antihaft-Schale[\/elx_heading][vc_column_text]<\/p>\n<p id=\"tw-target-text\" class=\"tw-data-text tw-text-large tw-ta\" dir=\"ltr\" data-placeholder=\"\u00dcbersetzung\"><span class=\"Y2IQFc\" lang=\"de\">Die Antihaft-Schale erm\u00f6glicht es, den SpeeDelight sauberer zu halten und die Reinigungszeit zu verk\u00fcrzen.<\/span><\/p>\n<p>[\/vc_column_text][vc_empty_space height=&#8221;58px&#8221;][\/vc_column][vc_column width=&#8221;1\/3&#8243;][vc_empty_space height=&#8221;80px&#8221;][vc_single_image image=&#8221;15329&#8243; img_size=&#8221;medium&#8221;][vc_empty_space height=&#8221;50px&#8221;][elx_heading font_container=&#8221;h3&#8243; font_size=&#8221;h2&#8243; text_color=&#8221;inherit&#8221; text_align=&#8221;text-left&#8221;]Borstenb\u00fcrste aus Messing[\/elx_heading][vc_column_text]<\/p>\n<p id=\"tw-target-text\" class=\"tw-data-text tw-text-large tw-ta\" dir=\"ltr\" data-placeholder=\"\u00dcbersetzung\"><span class=\"Y2IQFc\" lang=\"de\">Verwenden Sie die kleine B\u00fcrste mit Metallborsten, um Speisereste zu entfernen. Nur f\u00fcr den Deckel verwenden.<\/span><\/p>\n<p>[\/vc_column_text][vc_empty_space height=&#8221;52px&#8221;][\/vc_column][\/vc_row][vc_row][vc_column width=&#8221;1\/3&#8243;][elx_shop_now button_text=&#8221;Jetzt einkaufen&#8221; button_display_block=&#8221;display_block_on&#8221; button_link=&#8221;url:https%3A%2F%2Fbuy.electroluxprofessional.com%2Fde%2Felectrolux-professional%2Felx0s2292&#8243;][vc_empty_space height=&#8221;58px&#8221;][\/vc_column][vc_column width=&#8221;1\/3&#8243;][elx_shop_now button_text=&#8221;Jetzt einkaufen&#8221; button_link=&#8221;url:https%3A%2F%2Fbuy.electroluxprofessional.com%2Fde%2Felectrolux-professional%2Felx0cb905&#8243;][vc_empty_space height=&#8221;58px&#8221;][vc_empty_space height=&#8221;58px&#8221;][\/vc_column][vc_column width=&#8221;1\/3&#8243;][elx_shop_now button_text=&#8221;Jetzt einkaufen&#8221; button_link=&#8221;url:https%3A%2F%2Fbuy.electroluxprofessional.com%2Fde%2Felectrolux-professional%2Felx0cb904&#8243;][vc_empty_space height=&#8221;58px&#8221;][\/vc_column][\/vc_row][vc_row][vc_column width=&#8221;1\/3&#8243;][vc_single_image image=&#8221;15330&#8243; img_size=&#8221;medium&#8221;][vc_empty_space height=&#8221;50px&#8221;][elx_heading font_container=&#8221;h3&#8243; font_size=&#8221;h2&#8243; text_color=&#8221;inherit&#8221;]Backpapierb\u00f6gen[\/elx_heading][vc_column_text]Geeignet f\u00fcr Modelle mit Back-Modus[\/vc_column_text][vc_empty_space height=&#8221;58px&#8221;][\/vc_column][vc_column width=&#8221;1\/3&#8243;][vc_empty_space height=&#8221;80px&#8221;][vc_single_image image=&#8221;15331&#8243; img_size=&#8221;LARGE&#8221;][vc_empty_space height=&#8221;90px&#8221;][elx_heading font_container=&#8221;h3&#8243; font_size=&#8221;h2&#8243; text_color=&#8221;inherit&#8221;]Silikonplatten-Spatel[\/elx_heading][vc_column_text]Vielseitig f\u00fcr mehrere Anwendungen[\/vc_column_text][vc_empty_space height=&#8221;58px&#8221;][\/vc_column][vc_column width=&#8221;1\/3&#8243;][vc_empty_space height=&#8221;80px&#8221;][vc_single_image image=&#8221;15332&#8243; img_size=&#8221;medium&#8221;][vc_empty_space height=&#8221;45px&#8221;][elx_heading font_container=&#8221;h3&#8243; font_size=&#8221;h2&#8243; text_color=&#8221;inherit&#8221;]B\u00fcrste[\/elx_heading][vc_column_text]<\/p>\n<p id=\"tw-target-text\" class=\"tw-data-text tw-text-large tw-ta\" dir=\"ltr\" data-placeholder=\"\u00dcbersetzung\"><span class=\"Y2IQFc\" lang=\"de\">Zum Entfernen von Paniermehl von der Grillplatte und den Kochfl\u00e4chen.<\/span><\/p>\n<p>[\/vc_column_text][vc_empty_space height=&#8221;58px&#8221;][\/vc_column][\/vc_row][vc_row][vc_column width=&#8221;1\/3&#8243;][elx_shop_now button_text=&#8221;Jetzt einkaufen&#8221; button_link=&#8221;url:https%3A%2F%2Fbuy.electroluxprofessional.com%2Fde%2Felectrolux-professional%2Felx0s2225&#8243;][vc_empty_space height=&#8221;58px&#8221;][\/vc_column][vc_column width=&#8221;1\/3&#8243;][elx_shop_now button_text=&#8221;Jetzt einkaufen&#8221; button_link=&#8221;url:https%3A%2F%2Fbuy.electroluxprofessional.com%2Fde%2Felectrolux-professional%2Felx0d4063&#8243;][vc_empty_space height=&#8221;58px&#8221;][\/vc_column][vc_column width=&#8221;1\/3&#8243;][elx_shop_now button_text=&#8221;Jetzt einkaufen&#8221; button_link=&#8221;url:https%3A%2F%2Fbuy.electroluxprofessional.com%2Fde%2Felectrolux-professional%2Felx0d7015%3Fprofile%3Delectrolux&#8221;][vc_empty_space height=&#8221;58px&#8221;][\/vc_column][\/vc_row][vc_row][vc_column][vc_empty_space][elx_heading text_color=&#8221;inherit&#8221; text_align=&#8221;text-center&#8221;]Kontaktieren Sie uns bei Fragen zum SpeeDelight Zubeh\u00f6r[\/elx_heading][elx_o2000_contact_us s=&#8221;Informationsanfrage zu Zubeh\u00f6r und Verbrauchsmaterialien f\u00fcr SpeeDelight&#8221; request_type=&#8221;Other&#8221; country=&#8221;Austria&#8221; b=&#8221;food&#8221; container=&#8221;elxcontactus1484315184&#8243; r=&#8221;Ich m\u00f6chte mehr \u00fcber Zubeh\u00f6r und Verbrauchsmaterialien f\u00fcr den SpeeDelight erfahren. Bitte setzen Sie sich mit mir in Verbindung.&#8221;][\/vc_column][\/vc_row]<\/p>\n","protected":false},"excerpt":{"rendered":"<p>[vc_row full_width=&#8221;electroluxpro-full-width-no-padding&#8221;][vc_column][elx_image_block background_image=&#8221;14941&#8243; minimum_height=&#8221;400px&#8221;][\/vc_column][\/vc_row][vc_row][vc_column][elx_menu menu_name=&#8221;Zubeh\u00f6r Food&#8221;][vc_empty_space][elx_heading font_container=&#8221;h1&#8243; font_size=&#8221;h3&#8243; text_color=&#8221;electrolux-blue&#8221; text_align=&#8221;text-center&#8221;]Zubeh\u00f6r und Verbrauchsmaterialien f\u00fcr SpeeDelight[\/elx_heading][vc_empty_space][vc_column_text] SpeeDelight gibt Ihnen die Freiheit, Geschwindigkeit, Qualit\u00e4t und Kreativit\u00e4t zu kombinieren. Mit passendem Zubeh\u00f6r und Verbrauchsmaterialien halten Sie Ihren SpeeDelight in Topform. [\/vc_column_text][vc_empty_space][vc_empty_space][\/vc_column][\/vc_row][vc_row][vc_column width=&#8221;1\/3&#8243;][vc_single_image image=&#8221;15333&#8243; img_size=&#8221;medium&#8221;][vc_empty_space height=&#8221;45px&#8221;][elx_heading font_container=&#8221;h3&#8243; font_size=&#8221;h2&#8243; text_color=&#8221;inherit&#8221;]Entfetter[\/elx_heading][vc_column_text] Zum Reinigen und Spezialeinsatz bei hohen Temperaturen. [\/vc_column_text][vc_empty_space height=&#8221;58px&#8221;][\/vc_column][vc_column width=&#8221;1\/3&#8243;][vc_empty_space height=&#8221;90px&#8221;][vc_single_image [&hellip;]<\/p>\n","protected":false},"author":5,"featured_media":4894,"parent":4876,"menu_order":0,"comment_status":"closed","ping_status":"closed","template":"","meta":{"footnotes":""},"class_list":["post-4898","page","type-page","status-publish","has-post-thumbnail","hentry"],"acf":[],"yoast_head":"<!-- This site is optimized with the Yoast SEO plugin v23.3 - https:\/\/yoast.com\/wordpress\/plugins\/seo\/ -->\n<title>Zubeh\u00f6r SpeeDelight | Electrolux Professional<\/title>\n<meta name=\"description\" content=\"Mit dem passendem Zubeh\u00f6r und Verbrauchsmaterial, wie z. B. B\u00fcrste, Pfannenwender, Schaber, halten Sie Ihren SpeeDelight in Topform.\" \/>\n<meta name=\"robots\" content=\"index, follow, max-snippet:-1, max-image-preview:large, max-video-preview:-1\" \/>\n<link rel=\"canonical\" href=\"https:\/\/www.electroluxprofessional.com\/at\/zubehoer-verbrauchsmaterialien\/speedelight\/\" \/>\n<meta property=\"og:locale\" content=\"de_DE\" \/>\n<meta property=\"og:type\" content=\"article\" \/>\n<meta property=\"og:title\" content=\"Zubeh\u00f6r SpeeDelight | Electrolux Professional\" \/>\n<meta property=\"og:description\" content=\"Mit dem passendem Zubeh\u00f6r und Verbrauchsmaterial, wie z. B. B\u00fcrste, Pfannenwender, Schaber, halten Sie Ihren SpeeDelight in Topform.\" \/>\n<meta property=\"og:url\" content=\"https:\/\/www.electroluxprofessional.com\/at\/zubehoer-verbrauchsmaterialien\/speedelight\/\" \/>\n<meta property=\"og:site_name\" content=\"Electrolux Professional \u00d6sterreich\" \/>\n<meta property=\"article:modified_time\" content=\"2026-03-26T14:12:39+00:00\" \/>\n<meta property=\"og:image\" content=\"https:\/\/www.electroluxprofessional.com\/at\/wp-content\/uploads\/2016\/12\/speedelight-3.jpg\" \/>\n\t<meta property=\"og:image:width\" content=\"700\" \/>\n\t<meta property=\"og:image:height\" content=\"700\" \/>\n\t<meta property=\"og:image:type\" content=\"image\/jpeg\" \/>\n<meta name=\"twitter:card\" content=\"summary_large_image\" \/>\n<meta name=\"twitter:label1\" content=\"Gesch\u00e4tzte Lesezeit\" \/>\n\t<meta name=\"twitter:data1\" content=\"2 Minuten\" \/>\n<script type=\"application\/ld+json\" class=\"yoast-schema-graph\">{\"@context\":\"https:\/\/schema.org\",\"@graph\":[{\"@type\":\"WebPage\",\"@id\":\"https:\/\/www.electroluxprofessional.com\/at\/zubehoer-verbrauchsmaterialien\/speedelight\/\",\"url\":\"https:\/\/www.electroluxprofessional.com\/at\/zubehoer-verbrauchsmaterialien\/speedelight\/\",\"name\":\"Zubeh\u00f6r SpeeDelight | Electrolux Professional\",\"isPartOf\":{\"@id\":\"https:\/\/www.electroluxprofessional.com\/at\/#website\"},\"primaryImageOfPage\":{\"@id\":\"https:\/\/www.electroluxprofessional.com\/at\/zubehoer-verbrauchsmaterialien\/speedelight\/#primaryimage\"},\"image\":{\"@id\":\"https:\/\/www.electroluxprofessional.com\/at\/zubehoer-verbrauchsmaterialien\/speedelight\/#primaryimage\"},\"thumbnailUrl\":\"https:\/\/www.electroluxprofessional.com\/at\/wp-content\/uploads\/2016\/12\/speedelight-3.jpg\",\"datePublished\":\"2017-01-13T13:47:56+00:00\",\"dateModified\":\"2026-03-26T14:12:39+00:00\",\"description\":\"Mit dem passendem Zubeh\u00f6r und Verbrauchsmaterial, wie z. B. B\u00fcrste, Pfannenwender, Schaber, halten Sie Ihren SpeeDelight in Topform.\",\"breadcrumb\":{\"@id\":\"https:\/\/www.electroluxprofessional.com\/at\/zubehoer-verbrauchsmaterialien\/speedelight\/#breadcrumb\"},\"inLanguage\":\"de-AT\",\"potentialAction\":[{\"@type\":\"ReadAction\",\"target\":[\"https:\/\/www.electroluxprofessional.com\/at\/zubehoer-verbrauchsmaterialien\/speedelight\/\"]}]},{\"@type\":\"ImageObject\",\"inLanguage\":\"de-AT\",\"@id\":\"https:\/\/www.electroluxprofessional.com\/at\/zubehoer-verbrauchsmaterialien\/speedelight\/#primaryimage\",\"url\":\"https:\/\/www.electroluxprofessional.com\/at\/wp-content\/uploads\/2016\/12\/speedelight-3.jpg\",\"contentUrl\":\"https:\/\/www.electroluxprofessional.com\/at\/wp-content\/uploads\/2016\/12\/speedelight-3.jpg\",\"width\":700,\"height\":700,\"caption\":\"SpeeDelight high speed cooking solution\"},{\"@type\":\"BreadcrumbList\",\"@id\":\"https:\/\/www.electroluxprofessional.com\/at\/zubehoer-verbrauchsmaterialien\/speedelight\/#breadcrumb\",\"itemListElement\":[{\"@type\":\"ListItem\",\"position\":1,\"name\":\"Startseite\",\"item\":\"https:\/\/www.electroluxprofessional.com\/at\/\"},{\"@type\":\"ListItem\",\"position\":2,\"name\":\"Zubeh\u00f6r und Verbrauchsmaterialien\",\"item\":\"https:\/\/www.electroluxprofessional.com\/at\/zubehoer-verbrauchsmaterialien\/\"},{\"@type\":\"ListItem\",\"position\":3,\"name\":\"Zubeh\u00f6r und Verbrauchsmaterialien &#8211; SpeeDelight\"}]},{\"@type\":\"WebSite\",\"@id\":\"https:\/\/www.electroluxprofessional.com\/at\/#website\",\"url\":\"https:\/\/www.electroluxprofessional.com\/at\/\",\"name\":\"Electrolux Professional \u00d6sterreich\",\"description\":\"\",\"potentialAction\":[{\"@type\":\"SearchAction\",\"target\":{\"@type\":\"EntryPoint\",\"urlTemplate\":\"https:\/\/www.electroluxprofessional.com\/at\/?src={search_term_string}\"},\"query-input\":\"required name=search_term_string\"}],\"inLanguage\":\"de-AT\"}]}<\/script>\n<!-- \/ Yoast SEO plugin. -->","yoast_head_json":{"title":"Zubeh\u00f6r SpeeDelight | Electrolux Professional","description":"Mit dem passendem Zubeh\u00f6r und Verbrauchsmaterial, wie z. B. B\u00fcrste, Pfannenwender, Schaber, halten Sie Ihren SpeeDelight in Topform.","robots":{"index":"index","follow":"follow","max-snippet":"max-snippet:-1","max-image-preview":"max-image-preview:large","max-video-preview":"max-video-preview:-1"},"canonical":"https:\/\/www.electroluxprofessional.com\/at\/zubehoer-verbrauchsmaterialien\/speedelight\/","og_locale":"de_DE","og_type":"article","og_title":"Zubeh\u00f6r SpeeDelight | Electrolux Professional","og_description":"Mit dem passendem Zubeh\u00f6r und Verbrauchsmaterial, wie z. B. B\u00fcrste, Pfannenwender, Schaber, halten Sie Ihren SpeeDelight in Topform.","og_url":"https:\/\/www.electroluxprofessional.com\/at\/zubehoer-verbrauchsmaterialien\/speedelight\/","og_site_name":"Electrolux Professional \u00d6sterreich","article_modified_time":"2026-03-26T14:12:39+00:00","og_image":[{"width":700,"height":700,"url":"https:\/\/www.electroluxprofessional.com\/at\/wp-content\/uploads\/2016\/12\/speedelight-3.jpg","type":"image\/jpeg"}],"twitter_card":"summary_large_image","twitter_misc":{"Gesch\u00e4tzte Lesezeit":"2 Minuten"},"schema":{"@context":"https:\/\/schema.org","@graph":[{"@type":"WebPage","@id":"https:\/\/www.electroluxprofessional.com\/at\/zubehoer-verbrauchsmaterialien\/speedelight\/","url":"https:\/\/www.electroluxprofessional.com\/at\/zubehoer-verbrauchsmaterialien\/speedelight\/","name":"Zubeh\u00f6r SpeeDelight | Electrolux Professional","isPartOf":{"@id":"https:\/\/www.electroluxprofessional.com\/at\/#website"},"primaryImageOfPage":{"@id":"https:\/\/www.electroluxprofessional.com\/at\/zubehoer-verbrauchsmaterialien\/speedelight\/#primaryimage"},"image":{"@id":"https:\/\/www.electroluxprofessional.com\/at\/zubehoer-verbrauchsmaterialien\/speedelight\/#primaryimage"},"thumbnailUrl":"https:\/\/www.electroluxprofessional.com\/at\/wp-content\/uploads\/2016\/12\/speedelight-3.jpg","datePublished":"2017-01-13T13:47:56+00:00","dateModified":"2026-03-26T14:12:39+00:00","description":"Mit dem passendem Zubeh\u00f6r und Verbrauchsmaterial, wie z. B. B\u00fcrste, Pfannenwender, Schaber, halten Sie Ihren SpeeDelight in Topform.","breadcrumb":{"@id":"https:\/\/www.electroluxprofessional.com\/at\/zubehoer-verbrauchsmaterialien\/speedelight\/#breadcrumb"},"inLanguage":"de-AT","potentialAction":[{"@type":"ReadAction","target":["https:\/\/www.electroluxprofessional.com\/at\/zubehoer-verbrauchsmaterialien\/speedelight\/"]}]},{"@type":"ImageObject","inLanguage":"de-AT","@id":"https:\/\/www.electroluxprofessional.com\/at\/zubehoer-verbrauchsmaterialien\/speedelight\/#primaryimage","url":"https:\/\/www.electroluxprofessional.com\/at\/wp-content\/uploads\/2016\/12\/speedelight-3.jpg","contentUrl":"https:\/\/www.electroluxprofessional.com\/at\/wp-content\/uploads\/2016\/12\/speedelight-3.jpg","width":700,"height":700,"caption":"SpeeDelight high speed cooking solution"},{"@type":"BreadcrumbList","@id":"https:\/\/www.electroluxprofessional.com\/at\/zubehoer-verbrauchsmaterialien\/speedelight\/#breadcrumb","itemListElement":[{"@type":"ListItem","position":1,"name":"Startseite","item":"https:\/\/www.electroluxprofessional.com\/at\/"},{"@type":"ListItem","position":2,"name":"Zubeh\u00f6r und Verbrauchsmaterialien","item":"https:\/\/www.electroluxprofessional.com\/at\/zubehoer-verbrauchsmaterialien\/"},{"@type":"ListItem","position":3,"name":"Zubeh\u00f6r und Verbrauchsmaterialien &#8211; SpeeDelight"}]},{"@type":"WebSite","@id":"https:\/\/www.electroluxprofessional.com\/at\/#website","url":"https:\/\/www.electroluxprofessional.com\/at\/","name":"Electrolux Professional \u00d6sterreich","description":"","potentialAction":[{"@type":"SearchAction","target":{"@type":"EntryPoint","urlTemplate":"https:\/\/www.electroluxprofessional.com\/at\/?src={search_term_string}"},"query-input":"required name=search_term_string"}],"inLanguage":"de-AT"}]}},"_links":{"self":[{"href":"https:\/\/www.electroluxprofessional.com\/at\/wp-json\/wp\/v2\/pages\/4898"}],"collection":[{"href":"https:\/\/www.electroluxprofessional.com\/at\/wp-json\/wp\/v2\/pages"}],"about":[{"href":"https:\/\/www.electroluxprofessional.com\/at\/wp-json\/wp\/v2\/types\/page"}],"author":[{"embeddable":true,"href":"https:\/\/www.electroluxprofessional.com\/at\/wp-json\/wp\/v2\/users\/5"}],"replies":[{"embeddable":true,"href":"https:\/\/www.electroluxprofessional.com\/at\/wp-json\/wp\/v2\/comments?post=4898"}],"version-history":[{"count":16,"href":"https:\/\/www.electroluxprofessional.com\/at\/wp-json\/wp\/v2\/pages\/4898\/revisions"}],"predecessor-version":[{"id":21746,"href":"https:\/\/www.electroluxprofessional.com\/at\/wp-json\/wp\/v2\/pages\/4898\/revisions\/21746"}],"up":[{"embeddable":true,"href":"https:\/\/www.electroluxprofessional.com\/at\/wp-json\/wp\/v2\/pages\/4876"}],"wp:featuredmedia":[{"embeddable":true,"href":"https:\/\/www.electroluxprofessional.com\/at\/wp-json\/wp\/v2\/media\/4894"}],"wp:attachment":[{"href":"https:\/\/www.electroluxprofessional.com\/at\/wp-json\/wp\/v2\/media?parent=4898"}],"curies":[{"name":"wp","href":"https:\/\/api.w.org\/{rel}","templated":true}]}}