{"id":4876,"date":"2016-08-25T08:47:14","date_gmt":"2016-08-25T08:47:14","guid":{"rendered":"https:\/\/www.electroluxprofessional.com\/?page_id=2876"},"modified":"2023-11-24T11:35:55","modified_gmt":"2023-11-24T10:35:55","slug":"zubehoer-verbrauchsmaterialien","status":"publish","type":"page","link":"https:\/\/www.electroluxprofessional.com\/at\/zubehoer-verbrauchsmaterialien\/","title":{"rendered":"Zubeh\u00f6r und Verbrauchsmaterialien"},"content":{"rendered":"<p>[vc_row full_width=&#8221;electroluxpro-full-width-no-padding&#8221;][vc_column][elx_image_block background_image=&#8221;4869&#8243; minimum_height=&#8221;400px&#8221;][\/vc_column][\/vc_row][vc_row full_width=&#8221;electroluxpro-full-width-no-padding&#8221;][vc_column][elx_menu][\/vc_column][\/vc_row][vc_row][vc_column][elx_heading font_container=&#8221;h1&#8243; font_size=&#8221;h3&#8243; text_color=&#8221;inherit&#8221;]Zubeh\u00f6r &amp; Verbrauchsmaterialien[\/elx_heading][elx_heading font_size=&#8221;h5&#8243; text_color=&#8221;electrolux-blue&#8221;]Clevere L\u00f6sungen<br \/>\nf\u00fcr den Bedarf unserer Kunden[\/elx_heading][vc_column_text]<span lang=\"de\">Von unseren Electrolux Professional-Experten streng getestet, erm\u00f6glichen unsere Original-Zubeh\u00f6r- und Verbrauchsmaterialien <strong>die beste Leistung Ihrer Ger\u00e4te<\/strong>. Ein Mehrwert f\u00fcr Ihr Unternehmen, denn Langlebigkeit und Effizienz Ihrer Maschinen sind sichergestellt. Durch die Verwendung von Originalzubeh\u00f6r und Verbrauchsmaterialien bleibt die Leistung Ihrer Ausr\u00fcstung auf h\u00f6chstem Niveau und <strong>steigert die Effizienz und Rentabilit\u00e4t<\/strong>.<\/span>[\/vc_column_text][\/vc_column][\/vc_row][vc_row][vc_column width=&#8221;1\/3&#8243;][elx_heading font_size=&#8221;h3&#8243; text_color=&#8221;inherit&#8221;]Originalzubeh\u00f6r und Verbrauchs-materialien[\/elx_heading][vc_column_text]Wegweisend in Sachen Qualit\u00e4t bieten wir Ihnen Originalzubeh\u00f6r und Verbrauchsmaterialien, um Hygiene und Leistung sicherzustellen.[\/vc_column_text][\/vc_column][vc_column width=&#8221;1\/3&#8243;][elx_heading font_size=&#8221;h3&#8243; text_color=&#8221;inherit&#8221;]Langlebigkeit,<br \/>\nQualit\u00e4t,<br \/>\nLeistung[\/elx_heading][vc_column_text]Wir legen Wert auf den Produkt-Performance-Lebenszyklus. Unsere Zubeh\u00f6r- und Verbrauchsmaterialien stellen Qualit\u00e4t und Konsistenz der Leistung sicher.[\/vc_column_text][\/vc_column][vc_column width=&#8221;1\/3&#8243;][elx_heading font_size=&#8221;h3&#8243; text_color=&#8221;inherit&#8221;]Weltweiter<br \/>\nschneller<br \/>\nVersand[\/elx_heading][vc_column_text]Unser umfassendes globales Lager- und Vertriebsnetz stellt sicher, dass Ihr Originalzubeh\u00f6r und Ihre Verbrauchsmaterialien Sie rechtzeitig erreichen.[\/vc_column_text][\/vc_column][\/vc_row][vc_row][vc_column][vc_empty_space height=&#8221;50px&#8221;][\/vc_column][\/vc_row][vc_row css=&#8221;.vc_custom_1523535531732{background-color: #f4f4f4 !important;}&#8221;][vc_column width=&#8221;1\/3&#8243;][vc_empty_space][elx_simple_link_block link=&#8221;url:https%3A%2F%2Fwww.electroluxprofessional.com%2Fat%2Fzubehoer-verbrauchsmaterialien%2Fmodulares-kochen-zubehoer%2F|title:Modulares%20Kochen&#8221; text_align=&#8221;text-left&#8221; text_color=&#8221;inherit&#8221; background_color=&#8221;inherit&#8221; background_hover_color=&#8221;darker-hover&#8221; extra_class=&#8221;&#8221; reveal_effect=&#8221;&#8221; reveal_duration=&#8221;&#8221; reveal_delay=&#8221;&#8221;][vc_single_image image=&#8221;4870&#8243; img_size=&#8221;360*120&#8243;][elx_heading font_size=&#8221;h5&#8243; text_color=&#8221;inherit&#8221;]Modulares Kochen[\/elx_heading][vc_column_text]Pastakocher, professionelle Entfetter f\u00fcr hei\u00dfe Oberfl\u00e4chen, Grills, Friteusen.[\/vc_column_text][\/elx_simple_link_block][vc_empty_space][\/vc_column][vc_column width=&#8221;1\/3&#8243;][vc_empty_space][elx_simple_link_block link=&#8221;url:https%3A%2F%2Fwww.electroluxprofessional.com%2Fat%2Fzubehoer-verbrauchsmaterialien%2Fspeedelight%2F|title:SpeeDelight&#8221; text_align=&#8221;text-left&#8221; text_color=&#8221;inherit&#8221; background_color=&#8221;inherit&#8221; background_hover_color=&#8221;darker-hover&#8221; extra_class=&#8221;&#8221; reveal_effect=&#8221;&#8221; reveal_duration=&#8221;&#8221; reveal_delay=&#8221;&#8221;][vc_single_image image=&#8221;4871&#8243; img_size=&#8221;360*120&#8243;][elx_heading font_size=&#8221;h5&#8243; text_color=&#8221;inherit&#8221;]SpeeDelight[\/elx_heading][vc_column_text]Halten Sie Ihr SpeeDelight in H\u00f6chstform, damit es das macht, was es am besten kann.[\/vc_column_text][\/elx_simple_link_block][\/vc_column][vc_column width=&#8221;1\/3&#8243;][vc_empty_space][elx_simple_link_block link=&#8221;url:https%3A%2F%2Fwww.electroluxprofessional.com%2Fat%2Fzubehoer-verbrauchsmaterialien%2Fcook-and-chill%2F|title:Cook%20%26%20Chill&#8221; text_align=&#8221;text-left&#8221; text_color=&#8221;inherit&#8221; background_color=&#8221;inherit&#8221; background_hover_color=&#8221;darker-hover&#8221; extra_class=&#8221;&#8221; reveal_effect=&#8221;&#8221; reveal_duration=&#8221;&#8221; reveal_delay=&#8221;&#8221;][vc_single_image image=&#8221;7978&#8243; img_size=&#8221;360*120&#8243;][elx_heading font_size=&#8221;h5&#8243; text_color=&#8221;inherit&#8221;]Cook and Chill[\/elx_heading][vc_column_text]Gitter, Filter, Sous-Vide-Kochen, Raucher und vieles mehr.[\/vc_column_text][\/elx_simple_link_block][\/vc_column][\/vc_row][vc_row css=&#8221;.vc_custom_1523535559178{background-color: #f4f4f4 !important;}&#8221;][vc_column width=&#8221;1\/3&#8243;][elx_simple_link_block link=&#8221;url:https%3A%2F%2Fwww.electroluxprofessional.com%2Fat%2Fzubehoer-verbrauchsmaterialien%2Fkuehltechnik%2F|title:K%C3%BChlung&#8221; text_align=&#8221;text-left&#8221; text_color=&#8221;inherit&#8221; background_color=&#8221;inherit&#8221; background_hover_color=&#8221;darker-hover&#8221; extra_class=&#8221;&#8221; reveal_effect=&#8221;&#8221; reveal_duration=&#8221;&#8221; reveal_delay=&#8221;&#8221;][vc_single_image image=&#8221;4873&#8243; img_size=&#8221;360*120&#8243;][elx_heading font_size=&#8221;h5&#8243; text_color=&#8221;inherit&#8221;]K\u00fchltechnik[\/elx_heading][vc_column_text]Um die Qualit\u00e4t des Essens aufrecht zu erhalten, sind K\u00fchlger\u00e4te das wertvollste Gut in Ihrer K\u00fcche.[\/vc_column_text][\/elx_simple_link_block][vc_empty_space][\/vc_column][vc_column width=&#8221;1\/3&#8243;][elx_simple_link_block link=&#8221;url:https%3A%2F%2Fwww.electroluxprofessional.com%2Fat%2Fzubehoer-verbrauchsmaterialien%2Fspueltechnik%2F|title:Dishwashing%20equipment&#8221; text_align=&#8221;text-left&#8221; text_color=&#8221;inherit&#8221; background_color=&#8221;inherit&#8221; background_hover_color=&#8221;darker-hover&#8221; extra_class=&#8221;&#8221; reveal_effect=&#8221;&#8221; reveal_duration=&#8221;&#8221; reveal_delay=&#8221;&#8221;][vc_single_image image=&#8221;4874&#8243; img_size=&#8221;360*120&#8243;][elx_heading font_size=&#8221;h5&#8243; text_color=&#8221;inherit&#8221;]Sp\u00fcltechnik[\/elx_heading][vc_column_text]W\u00e4hlen Sie aus einer breiten Palette an Zubeh\u00f6rteilen, die Ihren Sp\u00fclbereich erg\u00e4nzen.[\/vc_column_text][\/elx_simple_link_block][\/vc_column][vc_column width=&#8221;1\/3&#8243;][elx_simple_link_block link=&#8221;url:https%3A%2F%2Fwww.electroluxprofessional.com%2Fat%2Fzubehoer-verbrauchsmaterialien%2Fwaescherei%2F|title:Laundry&#8221; text_align=&#8221;text-left&#8221; text_color=&#8221;inherit&#8221; background_color=&#8221;inherit&#8221; background_hover_color=&#8221;darker-hover&#8221; extra_class=&#8221;&#8221; reveal_effect=&#8221;&#8221; reveal_duration=&#8221;&#8221; reveal_delay=&#8221;&#8221;][vc_single_image image=&#8221;4875&#8243; img_size=&#8221;360*120&#8243;][elx_heading font_size=&#8221;h5&#8243; text_color=&#8221;inherit&#8221;]W\u00e4scherei[\/elx_heading][vc_column_text]F\u00fcr eine erfolgreiche W\u00e4scherei ist es wichtig, dass auch die kleinen Dinge wie geplant funktionieren.[\/vc_column_text][\/elx_simple_link_block][\/vc_column][\/vc_row][vc_row][vc_column][vc_empty_space][elx_heading font_container=&#8221;h3&#8243; text_color=&#8221;inherit&#8221;]Erfahren Sie mehr \u00fcber Zubeh\u00f6r und Verbrauchsmaterialien[\/elx_heading][elx_o2000_contact_us s=&#8221;Anfrage Zubeh\u00f6r und Verbrauchsmaterialien&#8221; country=&#8221;Germany&#8221; container=&#8221;elxcontactus1484303211&#8243; r=&#8221;Ich w\u00fcrde gerne mehr \u00fcber Zubeh\u00f6r und Verbrauchsmaterialien erfahren. Bitte kontaktieren Sie mich.&#8221; l=&#8221;de&#8221;][\/vc_column][\/vc_row]<\/p>\n","protected":false},"excerpt":{"rendered":"<p>[vc_row full_width=&#8221;electroluxpro-full-width-no-padding&#8221;][vc_column][elx_image_block background_image=&#8221;4869&#8243; minimum_height=&#8221;400px&#8221;][\/vc_column][\/vc_row][vc_row full_width=&#8221;electroluxpro-full-width-no-padding&#8221;][vc_column][elx_menu][\/vc_column][\/vc_row][vc_row][vc_column][elx_heading font_container=&#8221;h1&#8243; font_size=&#8221;h3&#8243; text_color=&#8221;inherit&#8221;]Zubeh\u00f6r &amp; Verbrauchsmaterialien[\/elx_heading][elx_heading font_size=&#8221;h5&#8243; text_color=&#8221;electrolux-blue&#8221;]Clevere L\u00f6sungen f\u00fcr den Bedarf unserer Kunden[\/elx_heading][vc_column_text]Von unseren Electrolux Professional-Experten streng getestet, erm\u00f6glichen unsere Original-Zubeh\u00f6r- und Verbrauchsmaterialien die beste Leistung Ihrer Ger\u00e4te. Ein Mehrwert f\u00fcr Ihr Unternehmen, denn Langlebigkeit und Effizienz Ihrer Maschinen sind sichergestellt. Durch die Verwendung von Originalzubeh\u00f6r und Verbrauchsmaterialien bleibt die [&hellip;]<\/p>\n","protected":false},"author":5,"featured_media":15238,"parent":0,"menu_order":0,"comment_status":"closed","ping_status":"closed","template":"","meta":{"footnotes":""},"class_list":["post-4876","page","type-page","status-publish","has-post-thumbnail","hentry"],"acf":[],"yoast_head":"<!-- This site is optimized with the Yoast SEO plugin v23.3 - https:\/\/yoast.com\/wordpress\/plugins\/seo\/ -->\n<title>Zubeh\u00f6r und Verbrauchsmaterialien | Electrolux Professional<\/title>\n<meta name=\"description\" content=\"Originalzubeh\u00f6r und Verbrauchsmaterialien bieten die beste Leistung, minimieren Maschinenausfall und steigern die h\u00f6chste Rentabilit\u00e4t.\" \/>\n<meta name=\"robots\" content=\"index, follow, max-snippet:-1, max-image-preview:large, max-video-preview:-1\" \/>\n<link rel=\"canonical\" href=\"https:\/\/www.electroluxprofessional.com\/at\/zubehoer-verbrauchsmaterialien\/\" \/>\n<meta property=\"og:locale\" content=\"de_DE\" \/>\n<meta property=\"og:type\" content=\"article\" \/>\n<meta property=\"og:title\" content=\"Zubeh\u00f6r und Verbrauchsmaterialien | Electrolux Professional\" \/>\n<meta property=\"og:description\" content=\"Originalzubeh\u00f6r und Verbrauchsmaterialien bieten die beste Leistung, minimieren Maschinenausfall und steigern die h\u00f6chste Rentabilit\u00e4t.\" \/>\n<meta property=\"og:url\" content=\"https:\/\/www.electroluxprofessional.com\/at\/zubehoer-verbrauchsmaterialien\/\" \/>\n<meta property=\"og:site_name\" content=\"Electrolux Professional \u00d6sterreich\" \/>\n<meta property=\"article:modified_time\" content=\"2023-11-24T10:35:55+00:00\" \/>\n<meta property=\"og:image\" content=\"https:\/\/www.electroluxprofessional.com\/at\/wp-content\/uploads\/2023\/02\/Header_Ueber-uns-1.jpg\" \/>\n\t<meta property=\"og:image:width\" content=\"2000\" \/>\n\t<meta property=\"og:image:height\" content=\"400\" \/>\n\t<meta property=\"og:image:type\" content=\"image\/jpeg\" \/>\n<meta name=\"twitter:card\" content=\"summary_large_image\" \/>\n<meta name=\"twitter:label1\" content=\"Gesch\u00e4tzte Lesezeit\" \/>\n\t<meta name=\"twitter:data1\" content=\"2 Minuten\" \/>\n<script type=\"application\/ld+json\" class=\"yoast-schema-graph\">{\"@context\":\"https:\/\/schema.org\",\"@graph\":[{\"@type\":\"WebPage\",\"@id\":\"https:\/\/www.electroluxprofessional.com\/at\/zubehoer-verbrauchsmaterialien\/\",\"url\":\"https:\/\/www.electroluxprofessional.com\/at\/zubehoer-verbrauchsmaterialien\/\",\"name\":\"Zubeh\u00f6r und Verbrauchsmaterialien | Electrolux Professional\",\"isPartOf\":{\"@id\":\"https:\/\/www.electroluxprofessional.com\/at\/#website\"},\"primaryImageOfPage\":{\"@id\":\"https:\/\/www.electroluxprofessional.com\/at\/zubehoer-verbrauchsmaterialien\/#primaryimage\"},\"image\":{\"@id\":\"https:\/\/www.electroluxprofessional.com\/at\/zubehoer-verbrauchsmaterialien\/#primaryimage\"},\"thumbnailUrl\":\"https:\/\/www.electroluxprofessional.com\/at\/wp-content\/uploads\/2023\/02\/Header_Ueber-uns-1.jpg\",\"datePublished\":\"2016-08-25T08:47:14+00:00\",\"dateModified\":\"2023-11-24T10:35:55+00:00\",\"description\":\"Originalzubeh\u00f6r und Verbrauchsmaterialien bieten die beste Leistung, minimieren Maschinenausfall und steigern die h\u00f6chste Rentabilit\u00e4t.\",\"breadcrumb\":{\"@id\":\"https:\/\/www.electroluxprofessional.com\/at\/zubehoer-verbrauchsmaterialien\/#breadcrumb\"},\"inLanguage\":\"de-AT\",\"potentialAction\":[{\"@type\":\"ReadAction\",\"target\":[\"https:\/\/www.electroluxprofessional.com\/at\/zubehoer-verbrauchsmaterialien\/\"]}]},{\"@type\":\"ImageObject\",\"inLanguage\":\"de-AT\",\"@id\":\"https:\/\/www.electroluxprofessional.com\/at\/zubehoer-verbrauchsmaterialien\/#primaryimage\",\"url\":\"https:\/\/www.electroluxprofessional.com\/at\/wp-content\/uploads\/2023\/02\/Header_Ueber-uns-1.jpg\",\"contentUrl\":\"https:\/\/www.electroluxprofessional.com\/at\/wp-content\/uploads\/2023\/02\/Header_Ueber-uns-1.jpg\",\"width\":2000,\"height\":400,\"caption\":\"Gro\u00dfk\u00fcchentechnik und W\u00e4schereil\u00f6sungen von Electrolux Professional\"},{\"@type\":\"BreadcrumbList\",\"@id\":\"https:\/\/www.electroluxprofessional.com\/at\/zubehoer-verbrauchsmaterialien\/#breadcrumb\",\"itemListElement\":[{\"@type\":\"ListItem\",\"position\":1,\"name\":\"Startseite\",\"item\":\"https:\/\/www.electroluxprofessional.com\/at\/\"},{\"@type\":\"ListItem\",\"position\":2,\"name\":\"Zubeh\u00f6r und Verbrauchsmaterialien\"}]},{\"@type\":\"WebSite\",\"@id\":\"https:\/\/www.electroluxprofessional.com\/at\/#website\",\"url\":\"https:\/\/www.electroluxprofessional.com\/at\/\",\"name\":\"Electrolux Professional \u00d6sterreich\",\"description\":\"\",\"potentialAction\":[{\"@type\":\"SearchAction\",\"target\":{\"@type\":\"EntryPoint\",\"urlTemplate\":\"https:\/\/www.electroluxprofessional.com\/at\/?src={search_term_string}\"},\"query-input\":\"required name=search_term_string\"}],\"inLanguage\":\"de-AT\"}]}<\/script>\n<!-- \/ Yoast SEO plugin. -->","yoast_head_json":{"title":"Zubeh\u00f6r und Verbrauchsmaterialien | Electrolux Professional","description":"Originalzubeh\u00f6r und Verbrauchsmaterialien bieten die beste Leistung, minimieren Maschinenausfall und steigern die h\u00f6chste Rentabilit\u00e4t.","robots":{"index":"index","follow":"follow","max-snippet":"max-snippet:-1","max-image-preview":"max-image-preview:large","max-video-preview":"max-video-preview:-1"},"canonical":"https:\/\/www.electroluxprofessional.com\/at\/zubehoer-verbrauchsmaterialien\/","og_locale":"de_DE","og_type":"article","og_title":"Zubeh\u00f6r und Verbrauchsmaterialien | Electrolux Professional","og_description":"Originalzubeh\u00f6r und Verbrauchsmaterialien bieten die beste Leistung, minimieren Maschinenausfall und steigern die h\u00f6chste Rentabilit\u00e4t.","og_url":"https:\/\/www.electroluxprofessional.com\/at\/zubehoer-verbrauchsmaterialien\/","og_site_name":"Electrolux Professional \u00d6sterreich","article_modified_time":"2023-11-24T10:35:55+00:00","og_image":[{"width":2000,"height":400,"url":"https:\/\/www.electroluxprofessional.com\/at\/wp-content\/uploads\/2023\/02\/Header_Ueber-uns-1.jpg","type":"image\/jpeg"}],"twitter_card":"summary_large_image","twitter_misc":{"Gesch\u00e4tzte Lesezeit":"2 Minuten"},"schema":{"@context":"https:\/\/schema.org","@graph":[{"@type":"WebPage","@id":"https:\/\/www.electroluxprofessional.com\/at\/zubehoer-verbrauchsmaterialien\/","url":"https:\/\/www.electroluxprofessional.com\/at\/zubehoer-verbrauchsmaterialien\/","name":"Zubeh\u00f6r und Verbrauchsmaterialien | Electrolux Professional","isPartOf":{"@id":"https:\/\/www.electroluxprofessional.com\/at\/#website"},"primaryImageOfPage":{"@id":"https:\/\/www.electroluxprofessional.com\/at\/zubehoer-verbrauchsmaterialien\/#primaryimage"},"image":{"@id":"https:\/\/www.electroluxprofessional.com\/at\/zubehoer-verbrauchsmaterialien\/#primaryimage"},"thumbnailUrl":"https:\/\/www.electroluxprofessional.com\/at\/wp-content\/uploads\/2023\/02\/Header_Ueber-uns-1.jpg","datePublished":"2016-08-25T08:47:14+00:00","dateModified":"2023-11-24T10:35:55+00:00","description":"Originalzubeh\u00f6r und Verbrauchsmaterialien bieten die beste Leistung, minimieren Maschinenausfall und steigern die h\u00f6chste Rentabilit\u00e4t.","breadcrumb":{"@id":"https:\/\/www.electroluxprofessional.com\/at\/zubehoer-verbrauchsmaterialien\/#breadcrumb"},"inLanguage":"de-AT","potentialAction":[{"@type":"ReadAction","target":["https:\/\/www.electroluxprofessional.com\/at\/zubehoer-verbrauchsmaterialien\/"]}]},{"@type":"ImageObject","inLanguage":"de-AT","@id":"https:\/\/www.electroluxprofessional.com\/at\/zubehoer-verbrauchsmaterialien\/#primaryimage","url":"https:\/\/www.electroluxprofessional.com\/at\/wp-content\/uploads\/2023\/02\/Header_Ueber-uns-1.jpg","contentUrl":"https:\/\/www.electroluxprofessional.com\/at\/wp-content\/uploads\/2023\/02\/Header_Ueber-uns-1.jpg","width":2000,"height":400,"caption":"Gro\u00dfk\u00fcchentechnik und W\u00e4schereil\u00f6sungen von Electrolux Professional"},{"@type":"BreadcrumbList","@id":"https:\/\/www.electroluxprofessional.com\/at\/zubehoer-verbrauchsmaterialien\/#breadcrumb","itemListElement":[{"@type":"ListItem","position":1,"name":"Startseite","item":"https:\/\/www.electroluxprofessional.com\/at\/"},{"@type":"ListItem","position":2,"name":"Zubeh\u00f6r und Verbrauchsmaterialien"}]},{"@type":"WebSite","@id":"https:\/\/www.electroluxprofessional.com\/at\/#website","url":"https:\/\/www.electroluxprofessional.com\/at\/","name":"Electrolux Professional \u00d6sterreich","description":"","potentialAction":[{"@type":"SearchAction","target":{"@type":"EntryPoint","urlTemplate":"https:\/\/www.electroluxprofessional.com\/at\/?src={search_term_string}"},"query-input":"required name=search_term_string"}],"inLanguage":"de-AT"}]}},"_links":{"self":[{"href":"https:\/\/www.electroluxprofessional.com\/at\/wp-json\/wp\/v2\/pages\/4876"}],"collection":[{"href":"https:\/\/www.electroluxprofessional.com\/at\/wp-json\/wp\/v2\/pages"}],"about":[{"href":"https:\/\/www.electroluxprofessional.com\/at\/wp-json\/wp\/v2\/types\/page"}],"author":[{"embeddable":true,"href":"https:\/\/www.electroluxprofessional.com\/at\/wp-json\/wp\/v2\/users\/5"}],"replies":[{"embeddable":true,"href":"https:\/\/www.electroluxprofessional.com\/at\/wp-json\/wp\/v2\/comments?post=4876"}],"version-history":[{"count":8,"href":"https:\/\/www.electroluxprofessional.com\/at\/wp-json\/wp\/v2\/pages\/4876\/revisions"}],"predecessor-version":[{"id":16704,"href":"https:\/\/www.electroluxprofessional.com\/at\/wp-json\/wp\/v2\/pages\/4876\/revisions\/16704"}],"wp:featuredmedia":[{"embeddable":true,"href":"https:\/\/www.electroluxprofessional.com\/at\/wp-json\/wp\/v2\/media\/15238"}],"wp:attachment":[{"href":"https:\/\/www.electroluxprofessional.com\/at\/wp-json\/wp\/v2\/media?parent=4876"}],"curies":[{"name":"wp","href":"https:\/\/api.w.org\/{rel}","templated":true}]}}